{"id":4235,"date":"2024-02-02T14:57:45","date_gmt":"2024-02-02T14:57:45","guid":{"rendered":"https:\/\/fullsolutionsequip.com\/?post_type=product&#038;p=4235"},"modified":"2024-02-19T16:13:25","modified_gmt":"2024-02-19T16:13:25","slug":"medidor-de-fluxo-vortex-multivariable-8800-2","status":"publish","type":"product","link":"https:\/\/fullsolutions.info\/en\/product\/medidor-de-fluxo-vortex-multivariable-8800-2\/","title":{"rendered":"Medidor de Fluxo Vortex MultiVariable\u2122 8800"},"content":{"rendered":"<p>O medidor de vaz\u00e3o Vortex multivari\u00e1vel Rosemount 8800 combina seus dispositivos de temperatura e vaz\u00e3o em um \u00fanico instrumento altamente preciso, eliminando a dispendiosa instala\u00e7\u00e3o de dois dispositivos separados. E com o design do sensor n\u00e3o molhado, as paradas para manuten\u00e7\u00e3o ou reparos nem sequer s\u00e3o um problema.<\/p>\n<p>O MultiVariable\u2122 Vortex pode economizar at\u00e9 30% por instala\u00e7\u00e3o, eliminando a necessidade de compensa\u00e7\u00e3o externa de temperatura para aplica\u00e7\u00f5es de vapor saturado.<\/p>\n<p>Sensor de temperatura integral permite fluxo de massa com compensa\u00e7\u00e3o de temperatura para vapor saturado<\/p>\n<p>Sensor de temperatura remov\u00edvel elimina a necessidade de desligamento do processo para verifica\u00e7\u00e3o ou substitui\u00e7\u00e3o do sensor de temperatura<\/p>\n<p>Fluxo de massa e temperatura de fluxo volum\u00e9trico est\u00e3o dispon\u00edveis como sa\u00eddas configur\u00e1veis<\/p>\n<p>&nbsp;<\/p>\n<p><strong>Aplica\u00e7\u00f5es<\/strong><\/p>\n<p>O medidor de vaz\u00e3o MultiVariable Vortex Rosemount 8800 \u00e9 adequado para aplica\u00e7\u00f5es de l\u00edquidos, gases e vapor. O MultiVariable Vortex possui todos os excelentes recursos do 8800D padr\u00e3o, al\u00e9m da capacidade de fornecer sa\u00eddas m\u00faltiplas e independentes e uma sa\u00edda de fluxo de massa com compensa\u00e7\u00e3o de temperatura para vapor saturado.<\/p>\n<p>&nbsp;<\/p>\n<p><strong>Aplica\u00e7\u00f5es de Vortex MultiVari\u00e1veis<\/strong><\/p>\n<p>&nbsp;<\/p>\n<p>\u00b7 Fluxo de massa de vapor saturado com compensa\u00e7\u00e3o de temperatura<\/p>\n<p>\u00b7 Sa\u00edda de temperatura e vaz\u00e3o volum\u00e9trica como vari\u00e1veis independentes para compensa\u00e7\u00e3o em um computador de vaz\u00e3o ou sistema de controle<\/p>\n<p>\u00b7 Fluxo volum\u00e9trico como sa\u00edda prim\u00e1ria com sa\u00edda de temperatura para uso em uma aplica\u00e7\u00e3o de monitoramento (especialmente onde pode ser proibitivo em termos de custo tentar instalar um sensor de temperatura e um transmissor separados)<\/p>\n<p>\u00b7 Tecnologia MultiVariable Vortex melhora a transfer\u00eancia de cust\u00f3dia de vapor saturado<\/p>\n<p>\u00b7 We Energies reduz custos, melhora o desempenho e a confiabilidade do vapor saturado<\/p>","protected":false},"excerpt":{"rendered":"<p>O medidor de vaz\u00e3o Vortex multivari\u00e1vel Rosemount 8800 combina seus dispositivos de temperatura e vaz\u00e3o em um \u00fanico instrumento altamente preciso, eliminando a dispendiosa instala\u00e7\u00e3o de dois dispositivos separados. E com o design do sensor n\u00e3o molhado, as paradas para manuten\u00e7\u00e3o ou reparos nem sequer s\u00e3o um problema. O MultiVariable\u2122 Vortex pode economizar at\u00e9 30% por instala\u00e7\u00e3o, eliminando a necessidade de compensa\u00e7\u00e3o externa de temperatura para aplica\u00e7\u00f5es de vapor saturado. Sensor de temperatura integral permite fluxo de massa com compensa\u00e7\u00e3o de temperatura para vapor saturado Sensor de temperatura remov\u00edvel elimina a necessidade de desligamento do processo para verifica\u00e7\u00e3o ou substitui\u00e7\u00e3o do sensor de temperatura Fluxo de massa e temperatura de fluxo volum\u00e9trico est\u00e3o dispon\u00edveis como sa\u00eddas configur\u00e1veis &nbsp; Aplica\u00e7\u00f5es O medidor de vaz\u00e3o MultiVariable Vortex Rosemount 8800 \u00e9 adequado para aplica\u00e7\u00f5es de l\u00edquidos, gases e vapor. O MultiVariable Vortex possui todos os excelentes recursos do 8800D padr\u00e3o, al\u00e9m da capacidade de fornecer sa\u00eddas m\u00faltiplas e independentes e uma sa\u00edda de fluxo de massa com compensa\u00e7\u00e3o de temperatura para vapor saturado. &nbsp; Aplica\u00e7\u00f5es de Vortex MultiVari\u00e1veis &nbsp; \u00b7 Fluxo de massa de vapor saturado com compensa\u00e7\u00e3o de temperatura \u00b7 Sa\u00edda de temperatura e vaz\u00e3o volum\u00e9trica como vari\u00e1veis independentes para compensa\u00e7\u00e3o em um computador de vaz\u00e3o ou sistema de controle \u00b7 Fluxo volum\u00e9trico como sa\u00edda prim\u00e1ria com sa\u00edda de temperatura para uso em uma aplica\u00e7\u00e3o de monitoramento (especialmente onde pode ser proibitivo em termos de custo tentar instalar um sensor de temperatura e um transmissor separados) \u00b7 Tecnologia MultiVariable Vortex melhora a transfer\u00eancia de cust\u00f3dia de vapor saturado \u00b7 We Energies reduz custos, melhora o desempenho e a confiabilidade do vapor saturado<\/p>","protected":false},"featured_media":4245,"comment_status":"open","ping_status":"closed","template":"","meta":{"_joinchat":[]},"product_brand":[],"product_cat":[146],"product_tag":[],"marca":[141],"class_list":{"0":"post-4235","1":"product","2":"type-product","3":"status-publish","4":"has-post-thumbnail","6":"product_cat-medidores-de-vazao-e-tubos-de-vazao","7":"marca-rosemount","9":"first","10":"instock","11":"shipping-taxable","12":"purchasable","13":"product-type-simple"},"yoast_head":"<!-- This site is optimized with the Yoast SEO plugin v27.2 - https:\/\/yoast.com\/product\/yoast-seo-wordpress\/ -->\n<title>Medidor de Fluxo Vortex MultiVariable\u2122 8800 - Full Solutions<\/title>\n<meta name=\"robots\" content=\"index, follow, max-snippet:-1, max-image-preview:large, max-video-preview:-1\" \/>\n<link rel=\"canonical\" href=\"https:\/\/fullsolutions.info\/en\/product\/medidor-de-fluxo-vortex-multivariable-8800-2\/\" \/>\n<meta property=\"og:locale\" content=\"en_US\" \/>\n<meta property=\"og:type\" content=\"article\" \/>\n<meta property=\"og:title\" content=\"Medidor de Fluxo Vortex MultiVariable\u2122 8800 - Full Solutions\" \/>\n<meta property=\"og:description\" content=\"O medidor de vaz\u00e3o Vortex multivari\u00e1vel Rosemount 8800 combina seus dispositivos de temperatura e vaz\u00e3o em um \u00fanico instrumento altamente preciso, eliminando a dispendiosa instala\u00e7\u00e3o de dois dispositivos separados. E com o design do sensor n\u00e3o molhado, as paradas para manuten\u00e7\u00e3o ou reparos nem sequer s\u00e3o um problema. O MultiVariable\u2122 Vortex pode economizar at\u00e9 30% por instala\u00e7\u00e3o, eliminando a necessidade de compensa\u00e7\u00e3o externa de temperatura para aplica\u00e7\u00f5es de vapor saturado. Sensor de temperatura integral permite fluxo de massa com compensa\u00e7\u00e3o de temperatura para vapor saturado Sensor de temperatura remov\u00edvel elimina a necessidade de desligamento do processo para verifica\u00e7\u00e3o ou substitui\u00e7\u00e3o do sensor de temperatura Fluxo de massa e temperatura de fluxo volum\u00e9trico est\u00e3o dispon\u00edveis como sa\u00eddas configur\u00e1veis &nbsp; Aplica\u00e7\u00f5es O medidor de vaz\u00e3o MultiVariable Vortex Rosemount 8800 \u00e9 adequado para aplica\u00e7\u00f5es de l\u00edquidos, gases e vapor. O MultiVariable Vortex possui todos os excelentes recursos do 8800D padr\u00e3o, al\u00e9m da capacidade de fornecer sa\u00eddas m\u00faltiplas e independentes e uma sa\u00edda de fluxo de massa com compensa\u00e7\u00e3o de temperatura para vapor saturado. &nbsp; Aplica\u00e7\u00f5es de Vortex MultiVari\u00e1veis &nbsp; \u00b7 Fluxo de massa de vapor saturado com compensa\u00e7\u00e3o de temperatura \u00b7 Sa\u00edda de temperatura e vaz\u00e3o volum\u00e9trica como vari\u00e1veis independentes para compensa\u00e7\u00e3o em um computador de vaz\u00e3o ou sistema de controle \u00b7 Fluxo volum\u00e9trico como sa\u00edda prim\u00e1ria com sa\u00edda de temperatura para uso em uma aplica\u00e7\u00e3o de monitoramento (especialmente onde pode ser proibitivo em termos de custo tentar instalar um sensor de temperatura e um transmissor separados) \u00b7 Tecnologia MultiVariable Vortex melhora a transfer\u00eancia de cust\u00f3dia de vapor saturado \u00b7 We Energies reduz custos, melhora o desempenho e a confiabilidade do vapor saturado\" \/>\n<meta property=\"og:url\" content=\"https:\/\/fullsolutions.info\/en\/product\/medidor-de-fluxo-vortex-multivariable-8800-2\/\" \/>\n<meta property=\"og:site_name\" content=\"Full Solutions\" \/>\n<meta property=\"article:modified_time\" content=\"2024-02-19T16:13:25+00:00\" \/>\n<meta property=\"og:image\" content=\"https:\/\/mlhff0prgoxu.i.optimole.com\/cb:s0sM.767\/w:auto\/h:auto\/q:mauto\/f:best\/https:\/\/fullsolutions.info\/wp-content\/uploads\/2024\/02\/Rosemount-8800-MultiVariable-Vortex-Flowmeter-1.jpg\" \/>\n\t<meta property=\"og:image:width\" content=\"247\" \/>\n\t<meta property=\"og:image:height\" content=\"301\" \/>\n\t<meta property=\"og:image:type\" content=\"image\/jpeg\" \/>\n<meta name=\"twitter:card\" content=\"summary_large_image\" \/>\n<meta name=\"twitter:label1\" content=\"Est. reading time\" \/>\n\t<meta name=\"twitter:data1\" content=\"2 minutes\" \/>\n<script type=\"application\/ld+json\" class=\"yoast-schema-graph\">{\"@context\":\"https:\/\/schema.org\",\"@graph\":[{\"@type\":\"WebPage\",\"@id\":\"https:\/\/fullsolutions.info\/produto\/medidor-de-fluxo-vortex-multivariable-8800-2\/\",\"url\":\"https:\/\/fullsolutions.info\/produto\/medidor-de-fluxo-vortex-multivariable-8800-2\/\",\"name\":\"Medidor de Fluxo Vortex MultiVariable\u2122 8800 - Full Solutions\",\"isPartOf\":{\"@id\":\"https:\/\/fullsolutions.info\/#website\"},\"primaryImageOfPage\":{\"@id\":\"https:\/\/fullsolutions.info\/produto\/medidor-de-fluxo-vortex-multivariable-8800-2\/#primaryimage\"},\"image\":{\"@id\":\"https:\/\/fullsolutions.info\/produto\/medidor-de-fluxo-vortex-multivariable-8800-2\/#primaryimage\"},\"thumbnailUrl\":\"https:\/\/mlhff0prgoxu.i.optimole.com\/cb:s0sM.767\/w:auto\/h:auto\/q:mauto\/f:best\/https:\/\/fullsolutions.info\/wp-content\/uploads\/2024\/02\/Rosemount-8800-MultiVariable-Vortex-Flowmeter-1.jpg\",\"datePublished\":\"2024-02-02T14:57:45+00:00\",\"dateModified\":\"2024-02-19T16:13:25+00:00\",\"breadcrumb\":{\"@id\":\"https:\/\/fullsolutions.info\/produto\/medidor-de-fluxo-vortex-multivariable-8800-2\/#breadcrumb\"},\"inLanguage\":\"en-US\",\"potentialAction\":[{\"@type\":\"ReadAction\",\"target\":[\"https:\/\/fullsolutions.info\/produto\/medidor-de-fluxo-vortex-multivariable-8800-2\/\"]}]},{\"@type\":\"ImageObject\",\"inLanguage\":\"en-US\",\"@id\":\"https:\/\/fullsolutions.info\/produto\/medidor-de-fluxo-vortex-multivariable-8800-2\/#primaryimage\",\"url\":\"https:\/\/mlhff0prgoxu.i.optimole.com\/cb:s0sM.767\/w:auto\/h:auto\/q:mauto\/f:best\/https:\/\/fullsolutions.info\/wp-content\/uploads\/2024\/02\/Rosemount-8800-MultiVariable-Vortex-Flowmeter-1.jpg\",\"contentUrl\":\"https:\/\/mlhff0prgoxu.i.optimole.com\/cb:s0sM.767\/w:auto\/h:auto\/q:mauto\/f:best\/https:\/\/fullsolutions.info\/wp-content\/uploads\/2024\/02\/Rosemount-8800-MultiVariable-Vortex-Flowmeter-1.jpg\",\"width\":247,\"height\":301},{\"@type\":\"BreadcrumbList\",\"@id\":\"https:\/\/fullsolutions.info\/produto\/medidor-de-fluxo-vortex-multivariable-8800-2\/#breadcrumb\",\"itemListElement\":[{\"@type\":\"ListItem\",\"position\":1,\"name\":\"In\u00edcio\",\"item\":\"https:\/\/fullsolutions.info\/\"},{\"@type\":\"ListItem\",\"position\":2,\"name\":\"Produtos\",\"item\":\"https:\/\/fullsolutions.info\/shop\/\"},{\"@type\":\"ListItem\",\"position\":3,\"name\":\"Medidor de Fluxo Vortex MultiVariable\u2122 8800\"}]},{\"@type\":\"WebSite\",\"@id\":\"https:\/\/fullsolutions.info\/#website\",\"url\":\"https:\/\/fullsolutions.info\/\",\"name\":\"Full Solutions\",\"description\":\"Empresa na \u00c1rea de Procurement\",\"publisher\":{\"@id\":\"https:\/\/fullsolutions.info\/#organization\"},\"potentialAction\":[{\"@type\":\"SearchAction\",\"target\":{\"@type\":\"EntryPoint\",\"urlTemplate\":\"https:\/\/fullsolutions.info\/?s={search_term_string}\"},\"query-input\":{\"@type\":\"PropertyValueSpecification\",\"valueRequired\":true,\"valueName\":\"search_term_string\"}}],\"inLanguage\":\"en-US\"},{\"@type\":\"Organization\",\"@id\":\"https:\/\/fullsolutions.info\/#organization\",\"name\":\"Full Solutions\",\"url\":\"https:\/\/fullsolutions.info\/\",\"logo\":{\"@type\":\"ImageObject\",\"inLanguage\":\"en-US\",\"@id\":\"https:\/\/fullsolutions.info\/#\/schema\/logo\/image\/\",\"url\":\"https:\/\/mlhff0prgoxu.i.optimole.com\/cb:s0sM.767\/w:auto\/h:auto\/q:mauto\/f:best\/https:\/\/fullsolutions.info\/wp-content\/uploads\/2021\/07\/cropped-Design-sem-nome-300x193-1-e1627062664782.png\",\"contentUrl\":\"https:\/\/mlhff0prgoxu.i.optimole.com\/cb:s0sM.767\/w:auto\/h:auto\/q:mauto\/f:best\/https:\/\/fullsolutions.info\/wp-content\/uploads\/2021\/07\/cropped-Design-sem-nome-300x193-1-e1627062664782.png\",\"width\":202,\"height\":155,\"caption\":\"Full Solutions\"},\"image\":{\"@id\":\"https:\/\/fullsolutions.info\/#\/schema\/logo\/image\/\"},\"sameAs\":[\"https:\/\/www.linkedin.com\/company\/full-solutions-equipment\"]}]}<\/script>\n<!-- \/ Yoast SEO plugin. -->","yoast_head_json":{"title":"Medidor de Fluxo Vortex MultiVariable\u2122 8800 - Full Solutions","robots":{"index":"index","follow":"follow","max-snippet":"max-snippet:-1","max-image-preview":"max-image-preview:large","max-video-preview":"max-video-preview:-1"},"canonical":"https:\/\/fullsolutions.info\/en\/product\/medidor-de-fluxo-vortex-multivariable-8800-2\/","og_locale":"en_US","og_type":"article","og_title":"Medidor de Fluxo Vortex MultiVariable\u2122 8800 - Full Solutions","og_description":"O medidor de vaz\u00e3o Vortex multivari\u00e1vel Rosemount 8800 combina seus dispositivos de temperatura e vaz\u00e3o em um \u00fanico instrumento altamente preciso, eliminando a dispendiosa instala\u00e7\u00e3o de dois dispositivos separados. E com o design do sensor n\u00e3o molhado, as paradas para manuten\u00e7\u00e3o ou reparos nem sequer s\u00e3o um problema. O MultiVariable\u2122 Vortex pode economizar at\u00e9 30% por instala\u00e7\u00e3o, eliminando a necessidade de compensa\u00e7\u00e3o externa de temperatura para aplica\u00e7\u00f5es de vapor saturado. Sensor de temperatura integral permite fluxo de massa com compensa\u00e7\u00e3o de temperatura para vapor saturado Sensor de temperatura remov\u00edvel elimina a necessidade de desligamento do processo para verifica\u00e7\u00e3o ou substitui\u00e7\u00e3o do sensor de temperatura Fluxo de massa e temperatura de fluxo volum\u00e9trico est\u00e3o dispon\u00edveis como sa\u00eddas configur\u00e1veis &nbsp; Aplica\u00e7\u00f5es O medidor de vaz\u00e3o MultiVariable Vortex Rosemount 8800 \u00e9 adequado para aplica\u00e7\u00f5es de l\u00edquidos, gases e vapor. O MultiVariable Vortex possui todos os excelentes recursos do 8800D padr\u00e3o, al\u00e9m da capacidade de fornecer sa\u00eddas m\u00faltiplas e independentes e uma sa\u00edda de fluxo de massa com compensa\u00e7\u00e3o de temperatura para vapor saturado. &nbsp; Aplica\u00e7\u00f5es de Vortex MultiVari\u00e1veis &nbsp; \u00b7 Fluxo de massa de vapor saturado com compensa\u00e7\u00e3o de temperatura \u00b7 Sa\u00edda de temperatura e vaz\u00e3o volum\u00e9trica como vari\u00e1veis independentes para compensa\u00e7\u00e3o em um computador de vaz\u00e3o ou sistema de controle \u00b7 Fluxo volum\u00e9trico como sa\u00edda prim\u00e1ria com sa\u00edda de temperatura para uso em uma aplica\u00e7\u00e3o de monitoramento (especialmente onde pode ser proibitivo em termos de custo tentar instalar um sensor de temperatura e um transmissor separados) \u00b7 Tecnologia MultiVariable Vortex melhora a transfer\u00eancia de cust\u00f3dia de vapor saturado \u00b7 We Energies reduz custos, melhora o desempenho e a confiabilidade do vapor saturado","og_url":"https:\/\/fullsolutions.info\/en\/product\/medidor-de-fluxo-vortex-multivariable-8800-2\/","og_site_name":"Full Solutions","article_modified_time":"2024-02-19T16:13:25+00:00","og_image":[{"width":247,"height":301,"url":"https:\/\/mlhff0prgoxu.i.optimole.com\/cb:s0sM.767\/w:auto\/h:auto\/q:mauto\/f:best\/https:\/\/fullsolutions.info\/wp-content\/uploads\/2024\/02\/Rosemount-8800-MultiVariable-Vortex-Flowmeter-1.jpg","type":"image\/jpeg"}],"twitter_card":"summary_large_image","twitter_misc":{"Est. reading time":"2 minutes"},"schema":{"@context":"https:\/\/schema.org","@graph":[{"@type":"WebPage","@id":"https:\/\/fullsolutions.info\/produto\/medidor-de-fluxo-vortex-multivariable-8800-2\/","url":"https:\/\/fullsolutions.info\/produto\/medidor-de-fluxo-vortex-multivariable-8800-2\/","name":"Medidor de Fluxo Vortex MultiVariable\u2122 8800 - Full Solutions","isPartOf":{"@id":"https:\/\/fullsolutions.info\/#website"},"primaryImageOfPage":{"@id":"https:\/\/fullsolutions.info\/produto\/medidor-de-fluxo-vortex-multivariable-8800-2\/#primaryimage"},"image":{"@id":"https:\/\/fullsolutions.info\/produto\/medidor-de-fluxo-vortex-multivariable-8800-2\/#primaryimage"},"thumbnailUrl":"https:\/\/mlhff0prgoxu.i.optimole.com\/cb:s0sM.767\/w:auto\/h:auto\/q:mauto\/f:best\/https:\/\/fullsolutions.info\/wp-content\/uploads\/2024\/02\/Rosemount-8800-MultiVariable-Vortex-Flowmeter-1.jpg","datePublished":"2024-02-02T14:57:45+00:00","dateModified":"2024-02-19T16:13:25+00:00","breadcrumb":{"@id":"https:\/\/fullsolutions.info\/produto\/medidor-de-fluxo-vortex-multivariable-8800-2\/#breadcrumb"},"inLanguage":"en-US","potentialAction":[{"@type":"ReadAction","target":["https:\/\/fullsolutions.info\/produto\/medidor-de-fluxo-vortex-multivariable-8800-2\/"]}]},{"@type":"ImageObject","inLanguage":"en-US","@id":"https:\/\/fullsolutions.info\/produto\/medidor-de-fluxo-vortex-multivariable-8800-2\/#primaryimage","url":"https:\/\/mlhff0prgoxu.i.optimole.com\/cb:s0sM.767\/w:auto\/h:auto\/q:mauto\/f:best\/https:\/\/fullsolutions.info\/wp-content\/uploads\/2024\/02\/Rosemount-8800-MultiVariable-Vortex-Flowmeter-1.jpg","contentUrl":"https:\/\/mlhff0prgoxu.i.optimole.com\/cb:s0sM.767\/w:auto\/h:auto\/q:mauto\/f:best\/https:\/\/fullsolutions.info\/wp-content\/uploads\/2024\/02\/Rosemount-8800-MultiVariable-Vortex-Flowmeter-1.jpg","width":247,"height":301},{"@type":"BreadcrumbList","@id":"https:\/\/fullsolutions.info\/produto\/medidor-de-fluxo-vortex-multivariable-8800-2\/#breadcrumb","itemListElement":[{"@type":"ListItem","position":1,"name":"In\u00edcio","item":"https:\/\/fullsolutions.info\/"},{"@type":"ListItem","position":2,"name":"Produtos","item":"https:\/\/fullsolutions.info\/shop\/"},{"@type":"ListItem","position":3,"name":"Medidor de Fluxo Vortex MultiVariable\u2122 8800"}]},{"@type":"WebSite","@id":"https:\/\/fullsolutions.info\/#website","url":"https:\/\/fullsolutions.info\/","name":"Full Solutions","description":"Empresa na \u00c1rea de Procurement","publisher":{"@id":"https:\/\/fullsolutions.info\/#organization"},"potentialAction":[{"@type":"SearchAction","target":{"@type":"EntryPoint","urlTemplate":"https:\/\/fullsolutions.info\/?s={search_term_string}"},"query-input":{"@type":"PropertyValueSpecification","valueRequired":true,"valueName":"search_term_string"}}],"inLanguage":"en-US"},{"@type":"Organization","@id":"https:\/\/fullsolutions.info\/#organization","name":"Full Solutions","url":"https:\/\/fullsolutions.info\/","logo":{"@type":"ImageObject","inLanguage":"en-US","@id":"https:\/\/fullsolutions.info\/#\/schema\/logo\/image\/","url":"https:\/\/mlhff0prgoxu.i.optimole.com\/cb:s0sM.767\/w:auto\/h:auto\/q:mauto\/f:best\/https:\/\/fullsolutions.info\/wp-content\/uploads\/2021\/07\/cropped-Design-sem-nome-300x193-1-e1627062664782.png","contentUrl":"https:\/\/mlhff0prgoxu.i.optimole.com\/cb:s0sM.767\/w:auto\/h:auto\/q:mauto\/f:best\/https:\/\/fullsolutions.info\/wp-content\/uploads\/2021\/07\/cropped-Design-sem-nome-300x193-1-e1627062664782.png","width":202,"height":155,"caption":"Full Solutions"},"image":{"@id":"https:\/\/fullsolutions.info\/#\/schema\/logo\/image\/"},"sameAs":["https:\/\/www.linkedin.com\/company\/full-solutions-equipment"]}]}},"_links":{"self":[{"href":"https:\/\/fullsolutions.info\/en\/wp-json\/wp\/v2\/product\/4235","targetHints":{"allow":["GET"]}}],"collection":[{"href":"https:\/\/fullsolutions.info\/en\/wp-json\/wp\/v2\/product"}],"about":[{"href":"https:\/\/fullsolutions.info\/en\/wp-json\/wp\/v2\/types\/product"}],"replies":[{"embeddable":true,"href":"https:\/\/fullsolutions.info\/en\/wp-json\/wp\/v2\/comments?post=4235"}],"wp:featuredmedia":[{"embeddable":true,"href":"https:\/\/fullsolutions.info\/en\/wp-json\/wp\/v2\/media\/4245"}],"wp:attachment":[{"href":"https:\/\/fullsolutions.info\/en\/wp-json\/wp\/v2\/media?parent=4235"}],"wp:term":[{"taxonomy":"product_brand","embeddable":true,"href":"https:\/\/fullsolutions.info\/en\/wp-json\/wp\/v2\/product_brand?post=4235"},{"taxonomy":"product_cat","embeddable":true,"href":"https:\/\/fullsolutions.info\/en\/wp-json\/wp\/v2\/product_cat?post=4235"},{"taxonomy":"product_tag","embeddable":true,"href":"https:\/\/fullsolutions.info\/en\/wp-json\/wp\/v2\/product_tag?post=4235"},{"taxonomy":"marca","embeddable":true,"href":"https:\/\/fullsolutions.info\/en\/wp-json\/wp\/v2\/marca?post=4235"}],"curies":[{"name":"wp","href":"https:\/\/api.w.org\/{rel}","templated":true}]}}