{"id":4230,"date":"2024-02-02T14:41:19","date_gmt":"2024-02-02T14:41:19","guid":{"rendered":"https:\/\/fullsolutionsequip.com\/?post_type=product&#038;p=4230"},"modified":"2024-02-19T16:13:25","modified_gmt":"2024-02-19T16:13:25","slug":"medidor-de-fluxo-vortex-multivariable-8800","status":"publish","type":"product","link":"https:\/\/fullsolutions.info\/en\/product\/medidor-de-fluxo-vortex-multivariable-8800\/","title":{"rendered":"Medidor de Fluxo Vortex MultiVariable\u2122 8800"},"content":{"rendered":"<div class=\"w-full text-token-text-primary\" data-testid=\"conversation-turn-23\">\n<div class=\"px-4 py-2 justify-center text-base md:gap-6 m-auto\">\n<div class=\"flex flex-1 text-base mx-auto gap-3 md:px-5 lg:px-1 xl:px-5 md:max-w-3xl lg:max-w-[40rem] xl:max-w-[48rem] group\">\n<div class=\"relative flex w-full flex-col lg:w-[calc(100%-115px)] agent-turn\">\n<div class=\"flex-col gap-1 md:gap-3\">\n<div class=\"flex flex-grow flex-col max-w-full\">\n<div class=\"min-h-[20px] text-message flex flex-col items-start gap-3 whitespace-pre-wrap break-words [.text-message+&amp;]:mt-5 overflow-x-auto\" data-message-author-role=\"assistant\" data-message-id=\"28084307-2f54-4957-830d-d7989ad85cbe\">\n<div class=\"markdown prose w-full break-words dark:prose-invert dark\">\n<p>O Medidor de Fluxo Vortex MultiVariable\u2122 8800 da Rosemount combina seus dispositivos de temperatura e fluxo em um \u00fanico instrumento altamente preciso, eliminando a instala\u00e7\u00e3o dispendiosa de dois dispositivos separados. E com seu design de sensor n\u00e3o molhado, paradas para manuten\u00e7\u00e3o ou reparo nem mesmo s\u00e3o um problema.<\/p>\n<p>O MultiVariable\u2122 Vortex pode economizar at\u00e9 30% por instala\u00e7\u00e3o, eliminando a necessidade de compensa\u00e7\u00e3o de temperatura externa para aplica\u00e7\u00f5es com vapor saturado.<\/p>\n<p>O sensor de temperatura integrado permite o fluxo massivo compensado por temperatura para vapor saturado.<\/p>\n<p>O sensor de temperatura remov\u00edvel elimina a necessidade de paradas do processo para verifica\u00e7\u00e3o ou substitui\u00e7\u00e3o do sensor de temperatura.<\/p>\n<p>O fluxo massivo, o fluxo volum\u00e9trico ou a temperatura est\u00e3o dispon\u00edveis como sa\u00eddas configur\u00e1veis.<\/p>\n<\/div>\n<\/div>\n<p><strong>Aplica\u00e7\u00f5es<\/strong><\/p>\n<p>O Medidor de Fluxo Vortex MultiVariable\u2122 8800 da Rosemount \u00e9 adequado para aplica\u00e7\u00f5es com l\u00edquidos, gases e vapor. O MultiVariable Vortex possui todas as excelentes caracter\u00edsticas do modelo padr\u00e3o 8800D, al\u00e9m da capacidade de fornecer m\u00faltiplas sa\u00eddas independentes e uma sa\u00edda de fluxo massivo compensado por temperatura para vapor saturado.<\/p>\n<p><strong>Aplica\u00e7\u00f5es do MultiVariable Vortex:<\/strong><\/p>\n<ul>\n<li>Fluxo massivo compensado por temperatura de vapor saturado.<\/li>\n<li>Sa\u00edda de temperatura e fluxo volum\u00e9trico como vari\u00e1veis independentes para compensa\u00e7\u00e3o em um computador de fluxo ou sistema de controle.<\/li>\n<li>Fluxo volum\u00e9trico como sa\u00edda principal com sa\u00edda de temperatura para uso em uma aplica\u00e7\u00e3o de monitoramento (especialmente onde pode ser proibitivo instalar um sensor de temperatura e transmissor separados).<\/li>\n<\/ul>\n<\/div>\n<\/div>\n<\/div>\n<\/div>\n<\/div>\n<\/div>","protected":false},"excerpt":{"rendered":"<p>O Medidor de Fluxo Vortex MultiVariable\u2122 8800 da Rosemount combina seus dispositivos de temperatura e fluxo em um \u00fanico instrumento altamente preciso, eliminando a instala\u00e7\u00e3o dispendiosa de dois dispositivos separados. E com seu design de sensor n\u00e3o molhado, paradas para manuten\u00e7\u00e3o ou reparo nem mesmo s\u00e3o um problema. O MultiVariable\u2122 Vortex pode economizar at\u00e9 30% por instala\u00e7\u00e3o, eliminando a necessidade de compensa\u00e7\u00e3o de temperatura externa para aplica\u00e7\u00f5es com vapor saturado. O sensor de temperatura integrado permite o fluxo massivo compensado por temperatura para vapor saturado. O sensor de temperatura remov\u00edvel elimina a necessidade de paradas do processo para verifica\u00e7\u00e3o ou substitui\u00e7\u00e3o do sensor de temperatura. O fluxo massivo, o fluxo volum\u00e9trico ou a temperatura est\u00e3o dispon\u00edveis como sa\u00eddas configur\u00e1veis. Aplica\u00e7\u00f5es O Medidor de Fluxo Vortex MultiVariable\u2122 8800 da Rosemount \u00e9 adequado para aplica\u00e7\u00f5es com l\u00edquidos, gases e vapor. O MultiVariable Vortex possui todas as excelentes caracter\u00edsticas do modelo padr\u00e3o 8800D, al\u00e9m da capacidade de fornecer m\u00faltiplas sa\u00eddas independentes e uma sa\u00edda de fluxo massivo compensado por temperatura para vapor saturado. Aplica\u00e7\u00f5es do MultiVariable Vortex: Fluxo massivo compensado por temperatura de vapor saturado. Sa\u00edda de temperatura e fluxo volum\u00e9trico como vari\u00e1veis independentes para compensa\u00e7\u00e3o em um computador de fluxo ou sistema de controle. Fluxo volum\u00e9trico como sa\u00edda principal com sa\u00edda de temperatura para uso em uma aplica\u00e7\u00e3o de monitoramento (especialmente onde pode ser proibitivo instalar um sensor de temperatura e transmissor separados).<\/p>","protected":false},"featured_media":4234,"comment_status":"open","ping_status":"closed","template":"","meta":{"_joinchat":[]},"product_brand":[],"product_cat":[146],"product_tag":[],"marca":[141],"class_list":{"0":"post-4230","1":"product","2":"type-product","3":"status-publish","4":"has-post-thumbnail","6":"product_cat-medidores-de-vazao-e-tubos-de-vazao","7":"marca-rosemount","9":"first","10":"instock","11":"shipping-taxable","12":"purchasable","13":"product-type-simple"},"yoast_head":"<!-- This site is optimized with the Yoast SEO plugin v27.2 - https:\/\/yoast.com\/product\/yoast-seo-wordpress\/ -->\n<title>Medidor de Fluxo Vortex MultiVariable\u2122 8800 - Full Solutions<\/title>\n<meta name=\"robots\" content=\"index, follow, max-snippet:-1, max-image-preview:large, max-video-preview:-1\" \/>\n<link rel=\"canonical\" href=\"https:\/\/fullsolutions.info\/en\/product\/medidor-de-fluxo-vortex-multivariable-8800\/\" \/>\n<meta property=\"og:locale\" content=\"en_US\" \/>\n<meta property=\"og:type\" content=\"article\" \/>\n<meta property=\"og:title\" content=\"Medidor de Fluxo Vortex MultiVariable\u2122 8800 - Full Solutions\" \/>\n<meta property=\"og:description\" content=\"O Medidor de Fluxo Vortex MultiVariable\u2122 8800 da Rosemount combina seus dispositivos de temperatura e fluxo em um \u00fanico instrumento altamente preciso, eliminando a instala\u00e7\u00e3o dispendiosa de dois dispositivos separados. E com seu design de sensor n\u00e3o molhado, paradas para manuten\u00e7\u00e3o ou reparo nem mesmo s\u00e3o um problema. O MultiVariable\u2122 Vortex pode economizar at\u00e9 30% por instala\u00e7\u00e3o, eliminando a necessidade de compensa\u00e7\u00e3o de temperatura externa para aplica\u00e7\u00f5es com vapor saturado. O sensor de temperatura integrado permite o fluxo massivo compensado por temperatura para vapor saturado. O sensor de temperatura remov\u00edvel elimina a necessidade de paradas do processo para verifica\u00e7\u00e3o ou substitui\u00e7\u00e3o do sensor de temperatura. O fluxo massivo, o fluxo volum\u00e9trico ou a temperatura est\u00e3o dispon\u00edveis como sa\u00eddas configur\u00e1veis. Aplica\u00e7\u00f5es O Medidor de Fluxo Vortex MultiVariable\u2122 8800 da Rosemount \u00e9 adequado para aplica\u00e7\u00f5es com l\u00edquidos, gases e vapor. O MultiVariable Vortex possui todas as excelentes caracter\u00edsticas do modelo padr\u00e3o 8800D, al\u00e9m da capacidade de fornecer m\u00faltiplas sa\u00eddas independentes e uma sa\u00edda de fluxo massivo compensado por temperatura para vapor saturado. Aplica\u00e7\u00f5es do MultiVariable Vortex: Fluxo massivo compensado por temperatura de vapor saturado. Sa\u00edda de temperatura e fluxo volum\u00e9trico como vari\u00e1veis independentes para compensa\u00e7\u00e3o em um computador de fluxo ou sistema de controle. Fluxo volum\u00e9trico como sa\u00edda principal com sa\u00edda de temperatura para uso em uma aplica\u00e7\u00e3o de monitoramento (especialmente onde pode ser proibitivo instalar um sensor de temperatura e transmissor separados).\" \/>\n<meta property=\"og:url\" content=\"https:\/\/fullsolutions.info\/en\/product\/medidor-de-fluxo-vortex-multivariable-8800\/\" \/>\n<meta property=\"og:site_name\" content=\"Full Solutions\" \/>\n<meta property=\"article:modified_time\" content=\"2024-02-19T16:13:25+00:00\" \/>\n<meta property=\"og:image\" content=\"https:\/\/mlhff0prgoxu.i.optimole.com\/cb:s0sM.767\/w:auto\/h:auto\/q:mauto\/f:best\/https:\/\/fullsolutions.info\/wp-content\/uploads\/2024\/02\/Rosemount-8800-MultiVariable-Vortex-Flowmeter.jpg\" \/>\n\t<meta property=\"og:image:width\" content=\"247\" \/>\n\t<meta property=\"og:image:height\" content=\"301\" \/>\n\t<meta property=\"og:image:type\" content=\"image\/jpeg\" \/>\n<meta name=\"twitter:card\" content=\"summary_large_image\" \/>\n<meta name=\"twitter:label1\" content=\"Est. reading time\" \/>\n\t<meta name=\"twitter:data1\" content=\"1 minute\" \/>\n<script type=\"application\/ld+json\" class=\"yoast-schema-graph\">{\"@context\":\"https:\/\/schema.org\",\"@graph\":[{\"@type\":\"WebPage\",\"@id\":\"https:\/\/fullsolutions.info\/produto\/medidor-de-fluxo-vortex-multivariable-8800\/\",\"url\":\"https:\/\/fullsolutions.info\/produto\/medidor-de-fluxo-vortex-multivariable-8800\/\",\"name\":\"Medidor de Fluxo Vortex MultiVariable\u2122 8800 - Full Solutions\",\"isPartOf\":{\"@id\":\"https:\/\/fullsolutions.info\/#website\"},\"primaryImageOfPage\":{\"@id\":\"https:\/\/fullsolutions.info\/produto\/medidor-de-fluxo-vortex-multivariable-8800\/#primaryimage\"},\"image\":{\"@id\":\"https:\/\/fullsolutions.info\/produto\/medidor-de-fluxo-vortex-multivariable-8800\/#primaryimage\"},\"thumbnailUrl\":\"https:\/\/mlhff0prgoxu.i.optimole.com\/cb:s0sM.767\/w:auto\/h:auto\/q:mauto\/f:best\/https:\/\/fullsolutions.info\/wp-content\/uploads\/2024\/02\/Rosemount-8800-MultiVariable-Vortex-Flowmeter.jpg\",\"datePublished\":\"2024-02-02T14:41:19+00:00\",\"dateModified\":\"2024-02-19T16:13:25+00:00\",\"breadcrumb\":{\"@id\":\"https:\/\/fullsolutions.info\/produto\/medidor-de-fluxo-vortex-multivariable-8800\/#breadcrumb\"},\"inLanguage\":\"en-US\",\"potentialAction\":[{\"@type\":\"ReadAction\",\"target\":[\"https:\/\/fullsolutions.info\/produto\/medidor-de-fluxo-vortex-multivariable-8800\/\"]}]},{\"@type\":\"ImageObject\",\"inLanguage\":\"en-US\",\"@id\":\"https:\/\/fullsolutions.info\/produto\/medidor-de-fluxo-vortex-multivariable-8800\/#primaryimage\",\"url\":\"https:\/\/mlhff0prgoxu.i.optimole.com\/cb:s0sM.767\/w:auto\/h:auto\/q:mauto\/f:best\/https:\/\/fullsolutions.info\/wp-content\/uploads\/2024\/02\/Rosemount-8800-MultiVariable-Vortex-Flowmeter.jpg\",\"contentUrl\":\"https:\/\/mlhff0prgoxu.i.optimole.com\/cb:s0sM.767\/w:auto\/h:auto\/q:mauto\/f:best\/https:\/\/fullsolutions.info\/wp-content\/uploads\/2024\/02\/Rosemount-8800-MultiVariable-Vortex-Flowmeter.jpg\",\"width\":247,\"height\":301},{\"@type\":\"BreadcrumbList\",\"@id\":\"https:\/\/fullsolutions.info\/produto\/medidor-de-fluxo-vortex-multivariable-8800\/#breadcrumb\",\"itemListElement\":[{\"@type\":\"ListItem\",\"position\":1,\"name\":\"In\u00edcio\",\"item\":\"https:\/\/fullsolutions.info\/\"},{\"@type\":\"ListItem\",\"position\":2,\"name\":\"Produtos\",\"item\":\"https:\/\/fullsolutions.info\/shop\/\"},{\"@type\":\"ListItem\",\"position\":3,\"name\":\"Medidor de Fluxo Vortex MultiVariable\u2122 8800\"}]},{\"@type\":\"WebSite\",\"@id\":\"https:\/\/fullsolutions.info\/#website\",\"url\":\"https:\/\/fullsolutions.info\/\",\"name\":\"Full Solutions\",\"description\":\"Empresa na \u00c1rea de Procurement\",\"publisher\":{\"@id\":\"https:\/\/fullsolutions.info\/#organization\"},\"potentialAction\":[{\"@type\":\"SearchAction\",\"target\":{\"@type\":\"EntryPoint\",\"urlTemplate\":\"https:\/\/fullsolutions.info\/?s={search_term_string}\"},\"query-input\":{\"@type\":\"PropertyValueSpecification\",\"valueRequired\":true,\"valueName\":\"search_term_string\"}}],\"inLanguage\":\"en-US\"},{\"@type\":\"Organization\",\"@id\":\"https:\/\/fullsolutions.info\/#organization\",\"name\":\"Full Solutions\",\"url\":\"https:\/\/fullsolutions.info\/\",\"logo\":{\"@type\":\"ImageObject\",\"inLanguage\":\"en-US\",\"@id\":\"https:\/\/fullsolutions.info\/#\/schema\/logo\/image\/\",\"url\":\"https:\/\/mlhff0prgoxu.i.optimole.com\/cb:s0sM.767\/w:auto\/h:auto\/q:mauto\/f:best\/https:\/\/fullsolutions.info\/wp-content\/uploads\/2021\/07\/cropped-Design-sem-nome-300x193-1-e1627062664782.png\",\"contentUrl\":\"https:\/\/mlhff0prgoxu.i.optimole.com\/cb:s0sM.767\/w:auto\/h:auto\/q:mauto\/f:best\/https:\/\/fullsolutions.info\/wp-content\/uploads\/2021\/07\/cropped-Design-sem-nome-300x193-1-e1627062664782.png\",\"width\":202,\"height\":155,\"caption\":\"Full Solutions\"},\"image\":{\"@id\":\"https:\/\/fullsolutions.info\/#\/schema\/logo\/image\/\"},\"sameAs\":[\"https:\/\/www.linkedin.com\/company\/full-solutions-equipment\"]}]}<\/script>\n<!-- \/ Yoast SEO plugin. -->","yoast_head_json":{"title":"Medidor de Fluxo Vortex MultiVariable\u2122 8800 - Full Solutions","robots":{"index":"index","follow":"follow","max-snippet":"max-snippet:-1","max-image-preview":"max-image-preview:large","max-video-preview":"max-video-preview:-1"},"canonical":"https:\/\/fullsolutions.info\/en\/product\/medidor-de-fluxo-vortex-multivariable-8800\/","og_locale":"en_US","og_type":"article","og_title":"Medidor de Fluxo Vortex MultiVariable\u2122 8800 - Full Solutions","og_description":"O Medidor de Fluxo Vortex MultiVariable\u2122 8800 da Rosemount combina seus dispositivos de temperatura e fluxo em um \u00fanico instrumento altamente preciso, eliminando a instala\u00e7\u00e3o dispendiosa de dois dispositivos separados. E com seu design de sensor n\u00e3o molhado, paradas para manuten\u00e7\u00e3o ou reparo nem mesmo s\u00e3o um problema. O MultiVariable\u2122 Vortex pode economizar at\u00e9 30% por instala\u00e7\u00e3o, eliminando a necessidade de compensa\u00e7\u00e3o de temperatura externa para aplica\u00e7\u00f5es com vapor saturado. O sensor de temperatura integrado permite o fluxo massivo compensado por temperatura para vapor saturado. O sensor de temperatura remov\u00edvel elimina a necessidade de paradas do processo para verifica\u00e7\u00e3o ou substitui\u00e7\u00e3o do sensor de temperatura. O fluxo massivo, o fluxo volum\u00e9trico ou a temperatura est\u00e3o dispon\u00edveis como sa\u00eddas configur\u00e1veis. Aplica\u00e7\u00f5es O Medidor de Fluxo Vortex MultiVariable\u2122 8800 da Rosemount \u00e9 adequado para aplica\u00e7\u00f5es com l\u00edquidos, gases e vapor. O MultiVariable Vortex possui todas as excelentes caracter\u00edsticas do modelo padr\u00e3o 8800D, al\u00e9m da capacidade de fornecer m\u00faltiplas sa\u00eddas independentes e uma sa\u00edda de fluxo massivo compensado por temperatura para vapor saturado. Aplica\u00e7\u00f5es do MultiVariable Vortex: Fluxo massivo compensado por temperatura de vapor saturado. Sa\u00edda de temperatura e fluxo volum\u00e9trico como vari\u00e1veis independentes para compensa\u00e7\u00e3o em um computador de fluxo ou sistema de controle. Fluxo volum\u00e9trico como sa\u00edda principal com sa\u00edda de temperatura para uso em uma aplica\u00e7\u00e3o de monitoramento (especialmente onde pode ser proibitivo instalar um sensor de temperatura e transmissor separados).","og_url":"https:\/\/fullsolutions.info\/en\/product\/medidor-de-fluxo-vortex-multivariable-8800\/","og_site_name":"Full Solutions","article_modified_time":"2024-02-19T16:13:25+00:00","og_image":[{"width":247,"height":301,"url":"https:\/\/mlhff0prgoxu.i.optimole.com\/cb:s0sM.767\/w:auto\/h:auto\/q:mauto\/f:best\/https:\/\/fullsolutions.info\/wp-content\/uploads\/2024\/02\/Rosemount-8800-MultiVariable-Vortex-Flowmeter.jpg","type":"image\/jpeg"}],"twitter_card":"summary_large_image","twitter_misc":{"Est. reading time":"1 minute"},"schema":{"@context":"https:\/\/schema.org","@graph":[{"@type":"WebPage","@id":"https:\/\/fullsolutions.info\/produto\/medidor-de-fluxo-vortex-multivariable-8800\/","url":"https:\/\/fullsolutions.info\/produto\/medidor-de-fluxo-vortex-multivariable-8800\/","name":"Medidor de Fluxo Vortex MultiVariable\u2122 8800 - Full Solutions","isPartOf":{"@id":"https:\/\/fullsolutions.info\/#website"},"primaryImageOfPage":{"@id":"https:\/\/fullsolutions.info\/produto\/medidor-de-fluxo-vortex-multivariable-8800\/#primaryimage"},"image":{"@id":"https:\/\/fullsolutions.info\/produto\/medidor-de-fluxo-vortex-multivariable-8800\/#primaryimage"},"thumbnailUrl":"https:\/\/mlhff0prgoxu.i.optimole.com\/cb:s0sM.767\/w:auto\/h:auto\/q:mauto\/f:best\/https:\/\/fullsolutions.info\/wp-content\/uploads\/2024\/02\/Rosemount-8800-MultiVariable-Vortex-Flowmeter.jpg","datePublished":"2024-02-02T14:41:19+00:00","dateModified":"2024-02-19T16:13:25+00:00","breadcrumb":{"@id":"https:\/\/fullsolutions.info\/produto\/medidor-de-fluxo-vortex-multivariable-8800\/#breadcrumb"},"inLanguage":"en-US","potentialAction":[{"@type":"ReadAction","target":["https:\/\/fullsolutions.info\/produto\/medidor-de-fluxo-vortex-multivariable-8800\/"]}]},{"@type":"ImageObject","inLanguage":"en-US","@id":"https:\/\/fullsolutions.info\/produto\/medidor-de-fluxo-vortex-multivariable-8800\/#primaryimage","url":"https:\/\/mlhff0prgoxu.i.optimole.com\/cb:s0sM.767\/w:auto\/h:auto\/q:mauto\/f:best\/https:\/\/fullsolutions.info\/wp-content\/uploads\/2024\/02\/Rosemount-8800-MultiVariable-Vortex-Flowmeter.jpg","contentUrl":"https:\/\/mlhff0prgoxu.i.optimole.com\/cb:s0sM.767\/w:auto\/h:auto\/q:mauto\/f:best\/https:\/\/fullsolutions.info\/wp-content\/uploads\/2024\/02\/Rosemount-8800-MultiVariable-Vortex-Flowmeter.jpg","width":247,"height":301},{"@type":"BreadcrumbList","@id":"https:\/\/fullsolutions.info\/produto\/medidor-de-fluxo-vortex-multivariable-8800\/#breadcrumb","itemListElement":[{"@type":"ListItem","position":1,"name":"In\u00edcio","item":"https:\/\/fullsolutions.info\/"},{"@type":"ListItem","position":2,"name":"Produtos","item":"https:\/\/fullsolutions.info\/shop\/"},{"@type":"ListItem","position":3,"name":"Medidor de Fluxo Vortex MultiVariable\u2122 8800"}]},{"@type":"WebSite","@id":"https:\/\/fullsolutions.info\/#website","url":"https:\/\/fullsolutions.info\/","name":"Full Solutions","description":"Empresa na \u00c1rea de Procurement","publisher":{"@id":"https:\/\/fullsolutions.info\/#organization"},"potentialAction":[{"@type":"SearchAction","target":{"@type":"EntryPoint","urlTemplate":"https:\/\/fullsolutions.info\/?s={search_term_string}"},"query-input":{"@type":"PropertyValueSpecification","valueRequired":true,"valueName":"search_term_string"}}],"inLanguage":"en-US"},{"@type":"Organization","@id":"https:\/\/fullsolutions.info\/#organization","name":"Full Solutions","url":"https:\/\/fullsolutions.info\/","logo":{"@type":"ImageObject","inLanguage":"en-US","@id":"https:\/\/fullsolutions.info\/#\/schema\/logo\/image\/","url":"https:\/\/mlhff0prgoxu.i.optimole.com\/cb:s0sM.767\/w:auto\/h:auto\/q:mauto\/f:best\/https:\/\/fullsolutions.info\/wp-content\/uploads\/2021\/07\/cropped-Design-sem-nome-300x193-1-e1627062664782.png","contentUrl":"https:\/\/mlhff0prgoxu.i.optimole.com\/cb:s0sM.767\/w:auto\/h:auto\/q:mauto\/f:best\/https:\/\/fullsolutions.info\/wp-content\/uploads\/2021\/07\/cropped-Design-sem-nome-300x193-1-e1627062664782.png","width":202,"height":155,"caption":"Full Solutions"},"image":{"@id":"https:\/\/fullsolutions.info\/#\/schema\/logo\/image\/"},"sameAs":["https:\/\/www.linkedin.com\/company\/full-solutions-equipment"]}]}},"_links":{"self":[{"href":"https:\/\/fullsolutions.info\/en\/wp-json\/wp\/v2\/product\/4230","targetHints":{"allow":["GET"]}}],"collection":[{"href":"https:\/\/fullsolutions.info\/en\/wp-json\/wp\/v2\/product"}],"about":[{"href":"https:\/\/fullsolutions.info\/en\/wp-json\/wp\/v2\/types\/product"}],"replies":[{"embeddable":true,"href":"https:\/\/fullsolutions.info\/en\/wp-json\/wp\/v2\/comments?post=4230"}],"wp:featuredmedia":[{"embeddable":true,"href":"https:\/\/fullsolutions.info\/en\/wp-json\/wp\/v2\/media\/4234"}],"wp:attachment":[{"href":"https:\/\/fullsolutions.info\/en\/wp-json\/wp\/v2\/media?parent=4230"}],"wp:term":[{"taxonomy":"product_brand","embeddable":true,"href":"https:\/\/fullsolutions.info\/en\/wp-json\/wp\/v2\/product_brand?post=4230"},{"taxonomy":"product_cat","embeddable":true,"href":"https:\/\/fullsolutions.info\/en\/wp-json\/wp\/v2\/product_cat?post=4230"},{"taxonomy":"product_tag","embeddable":true,"href":"https:\/\/fullsolutions.info\/en\/wp-json\/wp\/v2\/product_tag?post=4230"},{"taxonomy":"marca","embeddable":true,"href":"https:\/\/fullsolutions.info\/en\/wp-json\/wp\/v2\/marca?post=4230"}],"curies":[{"name":"wp","href":"https:\/\/api.w.org\/{rel}","templated":true}]}}