{"id":4224,"date":"2024-02-02T14:35:47","date_gmt":"2024-02-02T14:35:47","guid":{"rendered":"https:\/\/fullsolutionsequip.com\/?post_type=product&#038;p=4224"},"modified":"2024-02-19T16:13:26","modified_gmt":"2024-02-19T16:13:26","slug":"cerabar-m-pmp55","status":"publish","type":"product","link":"https:\/\/fullsolutions.info\/en\/product\/cerabar-m-pmp55\/","title":{"rendered":"Cerabar M PMP55"},"content":{"rendered":"<p>Endress + Hauser Cerabar M PMP55<\/p>\n<p>Descri\u00e7\u00e3o do produto<br \/>\nTransmissor de press\u00e3o com sensor met\u00e1lico;<\/p>\n<p>Com eletr\u00f4nica anal\u00f3gica ou comunica\u00e7\u00e3o via HART, PROFIBUS PA ou FOUNDATION Fieldbus.<\/p>\n<p>&nbsp;<\/p>\n<p>Seus benef\u00edcios<\/p>\n<p>\u00b7 Muito boa reprodutibilidade e estabilidade de longo prazo<\/p>\n<p>\u00b7 Alta precis\u00e3o de refer\u00eancia: at\u00e9 \u00b10.15%<\/p>\n<p>\u00b7 Turn down de 100:1<\/p>\n<p>\u00b7 Modularidade de ponta a ponta para press\u00e3o diferencial, hidrost\u00e1tica e press\u00e3o (Deltabar M-Deltapilot M-Cerabar M), por exemplo,<br \/>\n&#8211; display substitu\u00edvel<br \/>\n&#8211; eletr\u00f4nica universal<\/p>\n<p>\u00b7 Comissionamento f\u00e1cil sem a necessidade de uma ferramenta de opera\u00e7\u00e3o<\/p>\n<p>\u00b7 Opera\u00e7\u00e3o f\u00e1cil e segura guiada por menu<br \/>\n\u2013 no local via m\u00f3dulo de exibi\u00e7\u00e3o<br \/>\n\u2013 via 4 a 20 mA com HART<br \/>\n\u2013 via PROFIBUS PA<br \/>\n\u2013 via FOUNDATION Fieldbus<\/p>\n<p>\u00b7 Utilizado para monitoramento de press\u00e3o de processo at\u00e9 SIL2,<\/p>\n<p>certificado conforme IEC 61508 Edi\u00e7\u00e3o 2.0 e IEC 61511 pelo T\u00dcV NORD<\/p>\n<p>Campo de aplica\u00e7\u00e3o<br \/>\nO transmissor de press\u00e3o Cerabar M \u00e9 utilizado para as seguintes tarefas de medi\u00e7\u00e3o:<\/p>\n<p>\u00b7 Medi\u00e7\u00e3o de press\u00e3o absoluta e press\u00e3o relativa em gases, vapores ou l\u00edquidos em todas as \u00e1reas de engenharia de processos e tecnologia de medi\u00e7\u00e3o de processos. Medi\u00e7\u00e3o de n\u00edvel, volume ou massa em l\u00edquidos. Temperaturas de processo de at\u00e9 400\u00b0C (752\u00b0F).<\/p>\n<p>\u00b7 Alta press\u00e3o de at\u00e9 400 bar<\/p>\n<p>\u00b7 Uso internacional gra\u00e7as a uma ampla variedade de aprova\u00e7\u00f5es.<\/p>","protected":false},"excerpt":{"rendered":"<p>Endress + Hauser Cerabar M PMP55 Descri\u00e7\u00e3o do produto Transmissor de press\u00e3o com sensor met\u00e1lico; Com eletr\u00f4nica anal\u00f3gica ou comunica\u00e7\u00e3o via HART, PROFIBUS PA ou FOUNDATION Fieldbus. &nbsp; Seus benef\u00edcios \u00b7 Muito boa reprodutibilidade e estabilidade de longo prazo \u00b7 Alta precis\u00e3o de refer\u00eancia: at\u00e9 \u00b10.15% \u00b7 Turn down de 100:1 \u00b7 Modularidade de ponta a ponta para press\u00e3o diferencial, hidrost\u00e1tica e press\u00e3o (Deltabar M-Deltapilot M-Cerabar M), por exemplo, &#8211; display substitu\u00edvel &#8211; eletr\u00f4nica universal \u00b7 Comissionamento f\u00e1cil sem a necessidade de uma ferramenta de opera\u00e7\u00e3o \u00b7 Opera\u00e7\u00e3o f\u00e1cil e segura guiada por menu \u2013 no local via m\u00f3dulo de exibi\u00e7\u00e3o \u2013 via 4 a 20 mA com HART \u2013 via PROFIBUS PA \u2013 via FOUNDATION Fieldbus \u00b7 Utilizado para monitoramento de press\u00e3o de processo at\u00e9 SIL2, certificado conforme IEC 61508 Edi\u00e7\u00e3o 2.0 e IEC 61511 pelo T\u00dcV NORD Campo de aplica\u00e7\u00e3o O transmissor de press\u00e3o Cerabar M \u00e9 utilizado para as seguintes tarefas de medi\u00e7\u00e3o: \u00b7 Medi\u00e7\u00e3o de press\u00e3o absoluta e press\u00e3o relativa em gases, vapores ou l\u00edquidos em todas as \u00e1reas de engenharia de processos e tecnologia de medi\u00e7\u00e3o de processos. Medi\u00e7\u00e3o de n\u00edvel, volume ou massa em l\u00edquidos. Temperaturas de processo de at\u00e9 400\u00b0C (752\u00b0F). \u00b7 Alta press\u00e3o de at\u00e9 400 bar \u00b7 Uso internacional gra\u00e7as a uma ampla variedade de aprova\u00e7\u00f5es.<\/p>","protected":false},"featured_media":4225,"comment_status":"open","ping_status":"closed","template":"","meta":{"_joinchat":[]},"product_brand":[],"product_cat":[140],"product_tag":[],"marca":[147],"class_list":{"0":"post-4224","1":"product","2":"type-product","3":"status-publish","4":"has-post-thumbnail","6":"product_cat-transmissores","7":"marca-endresshauser","9":"first","10":"instock","11":"shipping-taxable","12":"purchasable","13":"product-type-simple"},"yoast_head":"<!-- This site is optimized with the Yoast SEO plugin v27.2 - https:\/\/yoast.com\/product\/yoast-seo-wordpress\/ -->\n<title>Cerabar M PMP55 - Full Solutions<\/title>\n<meta name=\"robots\" content=\"index, follow, max-snippet:-1, max-image-preview:large, max-video-preview:-1\" \/>\n<link rel=\"canonical\" href=\"https:\/\/fullsolutions.info\/en\/product\/cerabar-m-pmp55\/\" \/>\n<meta property=\"og:locale\" content=\"en_US\" \/>\n<meta property=\"og:type\" content=\"article\" \/>\n<meta property=\"og:title\" content=\"Cerabar M PMP55 - Full Solutions\" \/>\n<meta property=\"og:description\" content=\"Endress + Hauser Cerabar M PMP55 Descri\u00e7\u00e3o do produto Transmissor de press\u00e3o com sensor met\u00e1lico; Com eletr\u00f4nica anal\u00f3gica ou comunica\u00e7\u00e3o via HART, PROFIBUS PA ou FOUNDATION Fieldbus. &nbsp; Seus benef\u00edcios \u00b7 Muito boa reprodutibilidade e estabilidade de longo prazo \u00b7 Alta precis\u00e3o de refer\u00eancia: at\u00e9 \u00b10.15% \u00b7 Turn down de 100:1 \u00b7 Modularidade de ponta a ponta para press\u00e3o diferencial, hidrost\u00e1tica e press\u00e3o (Deltabar M-Deltapilot M-Cerabar M), por exemplo, &#8211; display substitu\u00edvel &#8211; eletr\u00f4nica universal \u00b7 Comissionamento f\u00e1cil sem a necessidade de uma ferramenta de opera\u00e7\u00e3o \u00b7 Opera\u00e7\u00e3o f\u00e1cil e segura guiada por menu \u2013 no local via m\u00f3dulo de exibi\u00e7\u00e3o \u2013 via 4 a 20 mA com HART \u2013 via PROFIBUS PA \u2013 via FOUNDATION Fieldbus \u00b7 Utilizado para monitoramento de press\u00e3o de processo at\u00e9 SIL2, certificado conforme IEC 61508 Edi\u00e7\u00e3o 2.0 e IEC 61511 pelo T\u00dcV NORD Campo de aplica\u00e7\u00e3o O transmissor de press\u00e3o Cerabar M \u00e9 utilizado para as seguintes tarefas de medi\u00e7\u00e3o: \u00b7 Medi\u00e7\u00e3o de press\u00e3o absoluta e press\u00e3o relativa em gases, vapores ou l\u00edquidos em todas as \u00e1reas de engenharia de processos e tecnologia de medi\u00e7\u00e3o de processos. Medi\u00e7\u00e3o de n\u00edvel, volume ou massa em l\u00edquidos. Temperaturas de processo de at\u00e9 400\u00b0C (752\u00b0F). \u00b7 Alta press\u00e3o de at\u00e9 400 bar \u00b7 Uso internacional gra\u00e7as a uma ampla variedade de aprova\u00e7\u00f5es.\" \/>\n<meta property=\"og:url\" content=\"https:\/\/fullsolutions.info\/en\/product\/cerabar-m-pmp55\/\" \/>\n<meta property=\"og:site_name\" content=\"Full Solutions\" \/>\n<meta property=\"article:modified_time\" content=\"2024-02-19T16:13:26+00:00\" \/>\n<meta property=\"og:image\" content=\"https:\/\/mlhff0prgoxu.i.optimole.com\/cb:s0sM.767\/w:auto\/h:auto\/q:mauto\/f:best\/https:\/\/fullsolutions.info\/wp-content\/uploads\/2024\/02\/Cerabar-M-PMP55.jpeg\" \/>\n\t<meta property=\"og:image:width\" content=\"500\" \/>\n\t<meta property=\"og:image:height\" content=\"500\" \/>\n\t<meta property=\"og:image:type\" content=\"image\/jpeg\" \/>\n<meta name=\"twitter:card\" content=\"summary_large_image\" \/>\n<meta name=\"twitter:label1\" content=\"Est. reading time\" \/>\n\t<meta name=\"twitter:data1\" content=\"1 minute\" \/>\n<script type=\"application\/ld+json\" class=\"yoast-schema-graph\">{\"@context\":\"https:\/\/schema.org\",\"@graph\":[{\"@type\":\"WebPage\",\"@id\":\"https:\/\/fullsolutions.info\/produto\/cerabar-m-pmp55\/\",\"url\":\"https:\/\/fullsolutions.info\/produto\/cerabar-m-pmp55\/\",\"name\":\"Cerabar M PMP55 - Full Solutions\",\"isPartOf\":{\"@id\":\"https:\/\/fullsolutions.info\/#website\"},\"primaryImageOfPage\":{\"@id\":\"https:\/\/fullsolutions.info\/produto\/cerabar-m-pmp55\/#primaryimage\"},\"image\":{\"@id\":\"https:\/\/fullsolutions.info\/produto\/cerabar-m-pmp55\/#primaryimage\"},\"thumbnailUrl\":\"https:\/\/mlhff0prgoxu.i.optimole.com\/cb:s0sM.767\/w:auto\/h:auto\/q:mauto\/f:best\/https:\/\/fullsolutions.info\/wp-content\/uploads\/2024\/02\/Cerabar-M-PMP55.jpeg\",\"datePublished\":\"2024-02-02T14:35:47+00:00\",\"dateModified\":\"2024-02-19T16:13:26+00:00\",\"breadcrumb\":{\"@id\":\"https:\/\/fullsolutions.info\/produto\/cerabar-m-pmp55\/#breadcrumb\"},\"inLanguage\":\"en-US\",\"potentialAction\":[{\"@type\":\"ReadAction\",\"target\":[\"https:\/\/fullsolutions.info\/produto\/cerabar-m-pmp55\/\"]}]},{\"@type\":\"ImageObject\",\"inLanguage\":\"en-US\",\"@id\":\"https:\/\/fullsolutions.info\/produto\/cerabar-m-pmp55\/#primaryimage\",\"url\":\"https:\/\/mlhff0prgoxu.i.optimole.com\/cb:s0sM.767\/w:auto\/h:auto\/q:mauto\/f:best\/https:\/\/fullsolutions.info\/wp-content\/uploads\/2024\/02\/Cerabar-M-PMP55.jpeg\",\"contentUrl\":\"https:\/\/mlhff0prgoxu.i.optimole.com\/cb:s0sM.767\/w:auto\/h:auto\/q:mauto\/f:best\/https:\/\/fullsolutions.info\/wp-content\/uploads\/2024\/02\/Cerabar-M-PMP55.jpeg\",\"width\":500,\"height\":500},{\"@type\":\"BreadcrumbList\",\"@id\":\"https:\/\/fullsolutions.info\/produto\/cerabar-m-pmp55\/#breadcrumb\",\"itemListElement\":[{\"@type\":\"ListItem\",\"position\":1,\"name\":\"In\u00edcio\",\"item\":\"https:\/\/fullsolutions.info\/\"},{\"@type\":\"ListItem\",\"position\":2,\"name\":\"Produtos\",\"item\":\"https:\/\/fullsolutions.info\/shop\/\"},{\"@type\":\"ListItem\",\"position\":3,\"name\":\"Cerabar M PMP55\"}]},{\"@type\":\"WebSite\",\"@id\":\"https:\/\/fullsolutions.info\/#website\",\"url\":\"https:\/\/fullsolutions.info\/\",\"name\":\"Full Solutions\",\"description\":\"Empresa na \u00c1rea de Procurement\",\"publisher\":{\"@id\":\"https:\/\/fullsolutions.info\/#organization\"},\"potentialAction\":[{\"@type\":\"SearchAction\",\"target\":{\"@type\":\"EntryPoint\",\"urlTemplate\":\"https:\/\/fullsolutions.info\/?s={search_term_string}\"},\"query-input\":{\"@type\":\"PropertyValueSpecification\",\"valueRequired\":true,\"valueName\":\"search_term_string\"}}],\"inLanguage\":\"en-US\"},{\"@type\":\"Organization\",\"@id\":\"https:\/\/fullsolutions.info\/#organization\",\"name\":\"Full Solutions\",\"url\":\"https:\/\/fullsolutions.info\/\",\"logo\":{\"@type\":\"ImageObject\",\"inLanguage\":\"en-US\",\"@id\":\"https:\/\/fullsolutions.info\/#\/schema\/logo\/image\/\",\"url\":\"https:\/\/mlhff0prgoxu.i.optimole.com\/cb:s0sM.767\/w:auto\/h:auto\/q:mauto\/f:best\/https:\/\/fullsolutions.info\/wp-content\/uploads\/2021\/07\/cropped-Design-sem-nome-300x193-1-e1627062664782.png\",\"contentUrl\":\"https:\/\/mlhff0prgoxu.i.optimole.com\/cb:s0sM.767\/w:auto\/h:auto\/q:mauto\/f:best\/https:\/\/fullsolutions.info\/wp-content\/uploads\/2021\/07\/cropped-Design-sem-nome-300x193-1-e1627062664782.png\",\"width\":202,\"height\":155,\"caption\":\"Full Solutions\"},\"image\":{\"@id\":\"https:\/\/fullsolutions.info\/#\/schema\/logo\/image\/\"},\"sameAs\":[\"https:\/\/www.linkedin.com\/company\/full-solutions-equipment\"]}]}<\/script>\n<!-- \/ Yoast SEO plugin. -->","yoast_head_json":{"title":"Cerabar M PMP55 - Full Solutions","robots":{"index":"index","follow":"follow","max-snippet":"max-snippet:-1","max-image-preview":"max-image-preview:large","max-video-preview":"max-video-preview:-1"},"canonical":"https:\/\/fullsolutions.info\/en\/product\/cerabar-m-pmp55\/","og_locale":"en_US","og_type":"article","og_title":"Cerabar M PMP55 - Full Solutions","og_description":"Endress + Hauser Cerabar M PMP55 Descri\u00e7\u00e3o do produto Transmissor de press\u00e3o com sensor met\u00e1lico; Com eletr\u00f4nica anal\u00f3gica ou comunica\u00e7\u00e3o via HART, PROFIBUS PA ou FOUNDATION Fieldbus. &nbsp; Seus benef\u00edcios \u00b7 Muito boa reprodutibilidade e estabilidade de longo prazo \u00b7 Alta precis\u00e3o de refer\u00eancia: at\u00e9 \u00b10.15% \u00b7 Turn down de 100:1 \u00b7 Modularidade de ponta a ponta para press\u00e3o diferencial, hidrost\u00e1tica e press\u00e3o (Deltabar M-Deltapilot M-Cerabar M), por exemplo, &#8211; display substitu\u00edvel &#8211; eletr\u00f4nica universal \u00b7 Comissionamento f\u00e1cil sem a necessidade de uma ferramenta de opera\u00e7\u00e3o \u00b7 Opera\u00e7\u00e3o f\u00e1cil e segura guiada por menu \u2013 no local via m\u00f3dulo de exibi\u00e7\u00e3o \u2013 via 4 a 20 mA com HART \u2013 via PROFIBUS PA \u2013 via FOUNDATION Fieldbus \u00b7 Utilizado para monitoramento de press\u00e3o de processo at\u00e9 SIL2, certificado conforme IEC 61508 Edi\u00e7\u00e3o 2.0 e IEC 61511 pelo T\u00dcV NORD Campo de aplica\u00e7\u00e3o O transmissor de press\u00e3o Cerabar M \u00e9 utilizado para as seguintes tarefas de medi\u00e7\u00e3o: \u00b7 Medi\u00e7\u00e3o de press\u00e3o absoluta e press\u00e3o relativa em gases, vapores ou l\u00edquidos em todas as \u00e1reas de engenharia de processos e tecnologia de medi\u00e7\u00e3o de processos. Medi\u00e7\u00e3o de n\u00edvel, volume ou massa em l\u00edquidos. Temperaturas de processo de at\u00e9 400\u00b0C (752\u00b0F). \u00b7 Alta press\u00e3o de at\u00e9 400 bar \u00b7 Uso internacional gra\u00e7as a uma ampla variedade de aprova\u00e7\u00f5es.","og_url":"https:\/\/fullsolutions.info\/en\/product\/cerabar-m-pmp55\/","og_site_name":"Full Solutions","article_modified_time":"2024-02-19T16:13:26+00:00","og_image":[{"width":500,"height":500,"url":"https:\/\/mlhff0prgoxu.i.optimole.com\/cb:s0sM.767\/w:auto\/h:auto\/q:mauto\/f:best\/https:\/\/fullsolutions.info\/wp-content\/uploads\/2024\/02\/Cerabar-M-PMP55.jpeg","type":"image\/jpeg"}],"twitter_card":"summary_large_image","twitter_misc":{"Est. reading time":"1 minute"},"schema":{"@context":"https:\/\/schema.org","@graph":[{"@type":"WebPage","@id":"https:\/\/fullsolutions.info\/produto\/cerabar-m-pmp55\/","url":"https:\/\/fullsolutions.info\/produto\/cerabar-m-pmp55\/","name":"Cerabar M PMP55 - Full Solutions","isPartOf":{"@id":"https:\/\/fullsolutions.info\/#website"},"primaryImageOfPage":{"@id":"https:\/\/fullsolutions.info\/produto\/cerabar-m-pmp55\/#primaryimage"},"image":{"@id":"https:\/\/fullsolutions.info\/produto\/cerabar-m-pmp55\/#primaryimage"},"thumbnailUrl":"https:\/\/mlhff0prgoxu.i.optimole.com\/cb:s0sM.767\/w:auto\/h:auto\/q:mauto\/f:best\/https:\/\/fullsolutions.info\/wp-content\/uploads\/2024\/02\/Cerabar-M-PMP55.jpeg","datePublished":"2024-02-02T14:35:47+00:00","dateModified":"2024-02-19T16:13:26+00:00","breadcrumb":{"@id":"https:\/\/fullsolutions.info\/produto\/cerabar-m-pmp55\/#breadcrumb"},"inLanguage":"en-US","potentialAction":[{"@type":"ReadAction","target":["https:\/\/fullsolutions.info\/produto\/cerabar-m-pmp55\/"]}]},{"@type":"ImageObject","inLanguage":"en-US","@id":"https:\/\/fullsolutions.info\/produto\/cerabar-m-pmp55\/#primaryimage","url":"https:\/\/mlhff0prgoxu.i.optimole.com\/cb:s0sM.767\/w:auto\/h:auto\/q:mauto\/f:best\/https:\/\/fullsolutions.info\/wp-content\/uploads\/2024\/02\/Cerabar-M-PMP55.jpeg","contentUrl":"https:\/\/mlhff0prgoxu.i.optimole.com\/cb:s0sM.767\/w:auto\/h:auto\/q:mauto\/f:best\/https:\/\/fullsolutions.info\/wp-content\/uploads\/2024\/02\/Cerabar-M-PMP55.jpeg","width":500,"height":500},{"@type":"BreadcrumbList","@id":"https:\/\/fullsolutions.info\/produto\/cerabar-m-pmp55\/#breadcrumb","itemListElement":[{"@type":"ListItem","position":1,"name":"In\u00edcio","item":"https:\/\/fullsolutions.info\/"},{"@type":"ListItem","position":2,"name":"Produtos","item":"https:\/\/fullsolutions.info\/shop\/"},{"@type":"ListItem","position":3,"name":"Cerabar M PMP55"}]},{"@type":"WebSite","@id":"https:\/\/fullsolutions.info\/#website","url":"https:\/\/fullsolutions.info\/","name":"Full Solutions","description":"Empresa na \u00c1rea de Procurement","publisher":{"@id":"https:\/\/fullsolutions.info\/#organization"},"potentialAction":[{"@type":"SearchAction","target":{"@type":"EntryPoint","urlTemplate":"https:\/\/fullsolutions.info\/?s={search_term_string}"},"query-input":{"@type":"PropertyValueSpecification","valueRequired":true,"valueName":"search_term_string"}}],"inLanguage":"en-US"},{"@type":"Organization","@id":"https:\/\/fullsolutions.info\/#organization","name":"Full Solutions","url":"https:\/\/fullsolutions.info\/","logo":{"@type":"ImageObject","inLanguage":"en-US","@id":"https:\/\/fullsolutions.info\/#\/schema\/logo\/image\/","url":"https:\/\/mlhff0prgoxu.i.optimole.com\/cb:s0sM.767\/w:auto\/h:auto\/q:mauto\/f:best\/https:\/\/fullsolutions.info\/wp-content\/uploads\/2021\/07\/cropped-Design-sem-nome-300x193-1-e1627062664782.png","contentUrl":"https:\/\/mlhff0prgoxu.i.optimole.com\/cb:s0sM.767\/w:auto\/h:auto\/q:mauto\/f:best\/https:\/\/fullsolutions.info\/wp-content\/uploads\/2021\/07\/cropped-Design-sem-nome-300x193-1-e1627062664782.png","width":202,"height":155,"caption":"Full Solutions"},"image":{"@id":"https:\/\/fullsolutions.info\/#\/schema\/logo\/image\/"},"sameAs":["https:\/\/www.linkedin.com\/company\/full-solutions-equipment"]}]}},"_links":{"self":[{"href":"https:\/\/fullsolutions.info\/en\/wp-json\/wp\/v2\/product\/4224","targetHints":{"allow":["GET"]}}],"collection":[{"href":"https:\/\/fullsolutions.info\/en\/wp-json\/wp\/v2\/product"}],"about":[{"href":"https:\/\/fullsolutions.info\/en\/wp-json\/wp\/v2\/types\/product"}],"replies":[{"embeddable":true,"href":"https:\/\/fullsolutions.info\/en\/wp-json\/wp\/v2\/comments?post=4224"}],"wp:featuredmedia":[{"embeddable":true,"href":"https:\/\/fullsolutions.info\/en\/wp-json\/wp\/v2\/media\/4225"}],"wp:attachment":[{"href":"https:\/\/fullsolutions.info\/en\/wp-json\/wp\/v2\/media?parent=4224"}],"wp:term":[{"taxonomy":"product_brand","embeddable":true,"href":"https:\/\/fullsolutions.info\/en\/wp-json\/wp\/v2\/product_brand?post=4224"},{"taxonomy":"product_cat","embeddable":true,"href":"https:\/\/fullsolutions.info\/en\/wp-json\/wp\/v2\/product_cat?post=4224"},{"taxonomy":"product_tag","embeddable":true,"href":"https:\/\/fullsolutions.info\/en\/wp-json\/wp\/v2\/product_tag?post=4224"},{"taxonomy":"marca","embeddable":true,"href":"https:\/\/fullsolutions.info\/en\/wp-json\/wp\/v2\/marca?post=4224"}],"curies":[{"name":"wp","href":"https:\/\/api.w.org\/{rel}","templated":true}]}}