{"id":4220,"date":"2024-02-02T14:38:45","date_gmt":"2024-02-02T14:38:45","guid":{"rendered":"https:\/\/fullsolutionsequip.com\/?post_type=product&#038;p=4220"},"modified":"2024-02-19T16:13:26","modified_gmt":"2024-02-19T16:13:26","slug":"medidor-de-vazao-vortex-redutor-8800-para-baixo-volume-de-fluxo","status":"publish","type":"product","link":"https:\/\/fullsolutions.info\/en\/product\/medidor-de-vazao-vortex-redutor-8800-para-baixo-volume-de-fluxo\/","title":{"rendered":"Medidor de Vaz\u00e3o Vortex Redutor 8800 para Baixo Volume de Fluxo"},"content":{"rendered":"<p>Os Medidores de Fluxo Vortex Rosemount permitem que voc\u00ea alcance pr\u00e1ticas de medi\u00e7\u00e3o aprimoradas em suas aplica\u00e7\u00f5es, eliminando pontos potenciais de vazamento, incorporando designs de corpo de medidor sem gaxeta imunes a vibra\u00e7\u00f5es e possibilitando as melhores pr\u00e1ticas de instala\u00e7\u00e3o com o Redutor\u2122 Vortex.<\/p>\n<p>Ao integrar os redutores ao medidor, o Redutor Vortex pode medir fluxos mais baixos do que qualquer outro medidor Vortex. O benef\u00edcio \u00e9 instala\u00e7\u00f5es simplificadas, o que reduz o risco do projeto e minimiza os custos de instala\u00e7\u00e3o.<\/p>\n<p>As dimens\u00f5es face a face do Redutor Vortex 8800 coincidem com as do Vortex Tradicional 8800. Conforme as condi\u00e7\u00f5es estimadas do processo mudam durante os projetos, \u00e9 poss\u00edvel alternar entre o Redutor Vortex e o Vortex Tradicional 8800 sem realizar altera\u00e7\u00f5es na tubula\u00e7\u00e3o.<\/p>","protected":false},"excerpt":{"rendered":"<p>Os Medidores de Fluxo Vortex Rosemount permitem que voc\u00ea alcance pr\u00e1ticas de medi\u00e7\u00e3o aprimoradas em suas aplica\u00e7\u00f5es, eliminando pontos potenciais de vazamento, incorporando designs de corpo de medidor sem gaxeta imunes a vibra\u00e7\u00f5es e possibilitando as melhores pr\u00e1ticas de instala\u00e7\u00e3o com o Redutor\u2122 Vortex. Ao integrar os redutores ao medidor, o Redutor Vortex pode medir fluxos mais baixos do que qualquer outro medidor Vortex. O benef\u00edcio \u00e9 instala\u00e7\u00f5es simplificadas, o que reduz o risco do projeto e minimiza os custos de instala\u00e7\u00e3o. As dimens\u00f5es face a face do Redutor Vortex 8800 coincidem com as do Vortex Tradicional 8800. Conforme as condi\u00e7\u00f5es estimadas do processo mudam durante os projetos, \u00e9 poss\u00edvel alternar entre o Redutor Vortex e o Vortex Tradicional 8800 sem realizar altera\u00e7\u00f5es na tubula\u00e7\u00e3o.<\/p>","protected":false},"featured_media":4229,"comment_status":"open","ping_status":"closed","template":"","meta":{"_joinchat":[]},"product_brand":[],"product_cat":[146],"product_tag":[],"marca":[141],"class_list":{"0":"post-4220","1":"product","2":"type-product","3":"status-publish","4":"has-post-thumbnail","6":"product_cat-medidores-de-vazao-e-tubos-de-vazao","7":"marca-rosemount","9":"first","10":"instock","11":"shipping-taxable","12":"purchasable","13":"product-type-simple"},"yoast_head":"<!-- This site is optimized with the Yoast SEO plugin v27.2 - https:\/\/yoast.com\/product\/yoast-seo-wordpress\/ -->\n<title>Medidor de Vaz\u00e3o Vortex Redutor 8800 para Baixo Volume de Fluxo - Full Solutions<\/title>\n<meta name=\"robots\" content=\"index, follow, max-snippet:-1, max-image-preview:large, max-video-preview:-1\" \/>\n<link rel=\"canonical\" href=\"https:\/\/fullsolutions.info\/en\/product\/medidor-de-vazao-vortex-redutor-8800-para-baixo-volume-de-fluxo\/\" \/>\n<meta property=\"og:locale\" content=\"en_US\" \/>\n<meta property=\"og:type\" content=\"article\" \/>\n<meta property=\"og:title\" content=\"Medidor de Vaz\u00e3o Vortex Redutor 8800 para Baixo Volume de Fluxo - Full Solutions\" \/>\n<meta property=\"og:description\" content=\"Os Medidores de Fluxo Vortex Rosemount permitem que voc\u00ea alcance pr\u00e1ticas de medi\u00e7\u00e3o aprimoradas em suas aplica\u00e7\u00f5es, eliminando pontos potenciais de vazamento, incorporando designs de corpo de medidor sem gaxeta imunes a vibra\u00e7\u00f5es e possibilitando as melhores pr\u00e1ticas de instala\u00e7\u00e3o com o Redutor\u2122 Vortex. Ao integrar os redutores ao medidor, o Redutor Vortex pode medir fluxos mais baixos do que qualquer outro medidor Vortex. O benef\u00edcio \u00e9 instala\u00e7\u00f5es simplificadas, o que reduz o risco do projeto e minimiza os custos de instala\u00e7\u00e3o. As dimens\u00f5es face a face do Redutor Vortex 8800 coincidem com as do Vortex Tradicional 8800. Conforme as condi\u00e7\u00f5es estimadas do processo mudam durante os projetos, \u00e9 poss\u00edvel alternar entre o Redutor Vortex e o Vortex Tradicional 8800 sem realizar altera\u00e7\u00f5es na tubula\u00e7\u00e3o.\" \/>\n<meta property=\"og:url\" content=\"https:\/\/fullsolutions.info\/en\/product\/medidor-de-vazao-vortex-redutor-8800-para-baixo-volume-de-fluxo\/\" \/>\n<meta property=\"og:site_name\" content=\"Full Solutions\" \/>\n<meta property=\"article:modified_time\" content=\"2024-02-19T16:13:26+00:00\" \/>\n<meta property=\"og:image\" content=\"https:\/\/mlhff0prgoxu.i.optimole.com\/cb:s0sM.767\/w:auto\/h:auto\/q:mauto\/f:best\/https:\/\/fullsolutions.info\/wp-content\/uploads\/2024\/02\/Rosemount-8800-Reducer-Vortex-Flowmeter-for-Low-Volume-Flow-2.jpg\" \/>\n\t<meta property=\"og:image:width\" content=\"300\" \/>\n\t<meta property=\"og:image:height\" content=\"300\" \/>\n\t<meta property=\"og:image:type\" content=\"image\/jpeg\" \/>\n<meta name=\"twitter:card\" content=\"summary_large_image\" \/>\n<meta name=\"twitter:label1\" content=\"Est. reading time\" \/>\n\t<meta name=\"twitter:data1\" content=\"1 minute\" \/>\n<script type=\"application\/ld+json\" class=\"yoast-schema-graph\">{\"@context\":\"https:\/\/schema.org\",\"@graph\":[{\"@type\":\"WebPage\",\"@id\":\"https:\/\/fullsolutions.info\/produto\/medidor-de-vazao-vortex-redutor-8800-para-baixo-volume-de-fluxo\/\",\"url\":\"https:\/\/fullsolutions.info\/produto\/medidor-de-vazao-vortex-redutor-8800-para-baixo-volume-de-fluxo\/\",\"name\":\"Medidor de Vaz\u00e3o Vortex Redutor 8800 para Baixo Volume de Fluxo - Full Solutions\",\"isPartOf\":{\"@id\":\"https:\/\/fullsolutions.info\/#website\"},\"primaryImageOfPage\":{\"@id\":\"https:\/\/fullsolutions.info\/produto\/medidor-de-vazao-vortex-redutor-8800-para-baixo-volume-de-fluxo\/#primaryimage\"},\"image\":{\"@id\":\"https:\/\/fullsolutions.info\/produto\/medidor-de-vazao-vortex-redutor-8800-para-baixo-volume-de-fluxo\/#primaryimage\"},\"thumbnailUrl\":\"https:\/\/mlhff0prgoxu.i.optimole.com\/cb:s0sM.767\/w:auto\/h:auto\/q:mauto\/f:best\/https:\/\/fullsolutions.info\/wp-content\/uploads\/2024\/02\/Rosemount-8800-Reducer-Vortex-Flowmeter-for-Low-Volume-Flow-2.jpg\",\"datePublished\":\"2024-02-02T14:38:45+00:00\",\"dateModified\":\"2024-02-19T16:13:26+00:00\",\"breadcrumb\":{\"@id\":\"https:\/\/fullsolutions.info\/produto\/medidor-de-vazao-vortex-redutor-8800-para-baixo-volume-de-fluxo\/#breadcrumb\"},\"inLanguage\":\"en-US\",\"potentialAction\":[{\"@type\":\"ReadAction\",\"target\":[\"https:\/\/fullsolutions.info\/produto\/medidor-de-vazao-vortex-redutor-8800-para-baixo-volume-de-fluxo\/\"]}]},{\"@type\":\"ImageObject\",\"inLanguage\":\"en-US\",\"@id\":\"https:\/\/fullsolutions.info\/produto\/medidor-de-vazao-vortex-redutor-8800-para-baixo-volume-de-fluxo\/#primaryimage\",\"url\":\"https:\/\/mlhff0prgoxu.i.optimole.com\/cb:s0sM.767\/w:auto\/h:auto\/q:mauto\/f:best\/https:\/\/fullsolutions.info\/wp-content\/uploads\/2024\/02\/Rosemount-8800-Reducer-Vortex-Flowmeter-for-Low-Volume-Flow-2.jpg\",\"contentUrl\":\"https:\/\/mlhff0prgoxu.i.optimole.com\/cb:s0sM.767\/w:auto\/h:auto\/q:mauto\/f:best\/https:\/\/fullsolutions.info\/wp-content\/uploads\/2024\/02\/Rosemount-8800-Reducer-Vortex-Flowmeter-for-Low-Volume-Flow-2.jpg\",\"width\":300,\"height\":300},{\"@type\":\"BreadcrumbList\",\"@id\":\"https:\/\/fullsolutions.info\/produto\/medidor-de-vazao-vortex-redutor-8800-para-baixo-volume-de-fluxo\/#breadcrumb\",\"itemListElement\":[{\"@type\":\"ListItem\",\"position\":1,\"name\":\"In\u00edcio\",\"item\":\"https:\/\/fullsolutions.info\/\"},{\"@type\":\"ListItem\",\"position\":2,\"name\":\"Produtos\",\"item\":\"https:\/\/fullsolutions.info\/shop\/\"},{\"@type\":\"ListItem\",\"position\":3,\"name\":\"Medidor de Vaz\u00e3o Vortex Redutor 8800 para Baixo Volume de Fluxo\"}]},{\"@type\":\"WebSite\",\"@id\":\"https:\/\/fullsolutions.info\/#website\",\"url\":\"https:\/\/fullsolutions.info\/\",\"name\":\"Full Solutions\",\"description\":\"Empresa na \u00c1rea de Procurement\",\"publisher\":{\"@id\":\"https:\/\/fullsolutions.info\/#organization\"},\"potentialAction\":[{\"@type\":\"SearchAction\",\"target\":{\"@type\":\"EntryPoint\",\"urlTemplate\":\"https:\/\/fullsolutions.info\/?s={search_term_string}\"},\"query-input\":{\"@type\":\"PropertyValueSpecification\",\"valueRequired\":true,\"valueName\":\"search_term_string\"}}],\"inLanguage\":\"en-US\"},{\"@type\":\"Organization\",\"@id\":\"https:\/\/fullsolutions.info\/#organization\",\"name\":\"Full Solutions\",\"url\":\"https:\/\/fullsolutions.info\/\",\"logo\":{\"@type\":\"ImageObject\",\"inLanguage\":\"en-US\",\"@id\":\"https:\/\/fullsolutions.info\/#\/schema\/logo\/image\/\",\"url\":\"https:\/\/mlhff0prgoxu.i.optimole.com\/cb:s0sM.767\/w:auto\/h:auto\/q:mauto\/f:best\/https:\/\/fullsolutions.info\/wp-content\/uploads\/2021\/07\/cropped-Design-sem-nome-300x193-1-e1627062664782.png\",\"contentUrl\":\"https:\/\/mlhff0prgoxu.i.optimole.com\/cb:s0sM.767\/w:auto\/h:auto\/q:mauto\/f:best\/https:\/\/fullsolutions.info\/wp-content\/uploads\/2021\/07\/cropped-Design-sem-nome-300x193-1-e1627062664782.png\",\"width\":202,\"height\":155,\"caption\":\"Full Solutions\"},\"image\":{\"@id\":\"https:\/\/fullsolutions.info\/#\/schema\/logo\/image\/\"},\"sameAs\":[\"https:\/\/www.linkedin.com\/company\/full-solutions-equipment\"]}]}<\/script>\n<!-- \/ Yoast SEO plugin. -->","yoast_head_json":{"title":"Medidor de Vaz\u00e3o Vortex Redutor 8800 para Baixo Volume de Fluxo - Full Solutions","robots":{"index":"index","follow":"follow","max-snippet":"max-snippet:-1","max-image-preview":"max-image-preview:large","max-video-preview":"max-video-preview:-1"},"canonical":"https:\/\/fullsolutions.info\/en\/product\/medidor-de-vazao-vortex-redutor-8800-para-baixo-volume-de-fluxo\/","og_locale":"en_US","og_type":"article","og_title":"Medidor de Vaz\u00e3o Vortex Redutor 8800 para Baixo Volume de Fluxo - Full Solutions","og_description":"Os Medidores de Fluxo Vortex Rosemount permitem que voc\u00ea alcance pr\u00e1ticas de medi\u00e7\u00e3o aprimoradas em suas aplica\u00e7\u00f5es, eliminando pontos potenciais de vazamento, incorporando designs de corpo de medidor sem gaxeta imunes a vibra\u00e7\u00f5es e possibilitando as melhores pr\u00e1ticas de instala\u00e7\u00e3o com o Redutor\u2122 Vortex. Ao integrar os redutores ao medidor, o Redutor Vortex pode medir fluxos mais baixos do que qualquer outro medidor Vortex. O benef\u00edcio \u00e9 instala\u00e7\u00f5es simplificadas, o que reduz o risco do projeto e minimiza os custos de instala\u00e7\u00e3o. As dimens\u00f5es face a face do Redutor Vortex 8800 coincidem com as do Vortex Tradicional 8800. Conforme as condi\u00e7\u00f5es estimadas do processo mudam durante os projetos, \u00e9 poss\u00edvel alternar entre o Redutor Vortex e o Vortex Tradicional 8800 sem realizar altera\u00e7\u00f5es na tubula\u00e7\u00e3o.","og_url":"https:\/\/fullsolutions.info\/en\/product\/medidor-de-vazao-vortex-redutor-8800-para-baixo-volume-de-fluxo\/","og_site_name":"Full Solutions","article_modified_time":"2024-02-19T16:13:26+00:00","og_image":[{"width":300,"height":300,"url":"https:\/\/mlhff0prgoxu.i.optimole.com\/cb:s0sM.767\/w:auto\/h:auto\/q:mauto\/f:best\/https:\/\/fullsolutions.info\/wp-content\/uploads\/2024\/02\/Rosemount-8800-Reducer-Vortex-Flowmeter-for-Low-Volume-Flow-2.jpg","type":"image\/jpeg"}],"twitter_card":"summary_large_image","twitter_misc":{"Est. reading time":"1 minute"},"schema":{"@context":"https:\/\/schema.org","@graph":[{"@type":"WebPage","@id":"https:\/\/fullsolutions.info\/produto\/medidor-de-vazao-vortex-redutor-8800-para-baixo-volume-de-fluxo\/","url":"https:\/\/fullsolutions.info\/produto\/medidor-de-vazao-vortex-redutor-8800-para-baixo-volume-de-fluxo\/","name":"Medidor de Vaz\u00e3o Vortex Redutor 8800 para Baixo Volume de Fluxo - Full Solutions","isPartOf":{"@id":"https:\/\/fullsolutions.info\/#website"},"primaryImageOfPage":{"@id":"https:\/\/fullsolutions.info\/produto\/medidor-de-vazao-vortex-redutor-8800-para-baixo-volume-de-fluxo\/#primaryimage"},"image":{"@id":"https:\/\/fullsolutions.info\/produto\/medidor-de-vazao-vortex-redutor-8800-para-baixo-volume-de-fluxo\/#primaryimage"},"thumbnailUrl":"https:\/\/mlhff0prgoxu.i.optimole.com\/cb:s0sM.767\/w:auto\/h:auto\/q:mauto\/f:best\/https:\/\/fullsolutions.info\/wp-content\/uploads\/2024\/02\/Rosemount-8800-Reducer-Vortex-Flowmeter-for-Low-Volume-Flow-2.jpg","datePublished":"2024-02-02T14:38:45+00:00","dateModified":"2024-02-19T16:13:26+00:00","breadcrumb":{"@id":"https:\/\/fullsolutions.info\/produto\/medidor-de-vazao-vortex-redutor-8800-para-baixo-volume-de-fluxo\/#breadcrumb"},"inLanguage":"en-US","potentialAction":[{"@type":"ReadAction","target":["https:\/\/fullsolutions.info\/produto\/medidor-de-vazao-vortex-redutor-8800-para-baixo-volume-de-fluxo\/"]}]},{"@type":"ImageObject","inLanguage":"en-US","@id":"https:\/\/fullsolutions.info\/produto\/medidor-de-vazao-vortex-redutor-8800-para-baixo-volume-de-fluxo\/#primaryimage","url":"https:\/\/mlhff0prgoxu.i.optimole.com\/cb:s0sM.767\/w:auto\/h:auto\/q:mauto\/f:best\/https:\/\/fullsolutions.info\/wp-content\/uploads\/2024\/02\/Rosemount-8800-Reducer-Vortex-Flowmeter-for-Low-Volume-Flow-2.jpg","contentUrl":"https:\/\/mlhff0prgoxu.i.optimole.com\/cb:s0sM.767\/w:auto\/h:auto\/q:mauto\/f:best\/https:\/\/fullsolutions.info\/wp-content\/uploads\/2024\/02\/Rosemount-8800-Reducer-Vortex-Flowmeter-for-Low-Volume-Flow-2.jpg","width":300,"height":300},{"@type":"BreadcrumbList","@id":"https:\/\/fullsolutions.info\/produto\/medidor-de-vazao-vortex-redutor-8800-para-baixo-volume-de-fluxo\/#breadcrumb","itemListElement":[{"@type":"ListItem","position":1,"name":"In\u00edcio","item":"https:\/\/fullsolutions.info\/"},{"@type":"ListItem","position":2,"name":"Produtos","item":"https:\/\/fullsolutions.info\/shop\/"},{"@type":"ListItem","position":3,"name":"Medidor de Vaz\u00e3o Vortex Redutor 8800 para Baixo Volume de Fluxo"}]},{"@type":"WebSite","@id":"https:\/\/fullsolutions.info\/#website","url":"https:\/\/fullsolutions.info\/","name":"Full Solutions","description":"Empresa na \u00c1rea de Procurement","publisher":{"@id":"https:\/\/fullsolutions.info\/#organization"},"potentialAction":[{"@type":"SearchAction","target":{"@type":"EntryPoint","urlTemplate":"https:\/\/fullsolutions.info\/?s={search_term_string}"},"query-input":{"@type":"PropertyValueSpecification","valueRequired":true,"valueName":"search_term_string"}}],"inLanguage":"en-US"},{"@type":"Organization","@id":"https:\/\/fullsolutions.info\/#organization","name":"Full Solutions","url":"https:\/\/fullsolutions.info\/","logo":{"@type":"ImageObject","inLanguage":"en-US","@id":"https:\/\/fullsolutions.info\/#\/schema\/logo\/image\/","url":"https:\/\/mlhff0prgoxu.i.optimole.com\/cb:s0sM.767\/w:auto\/h:auto\/q:mauto\/f:best\/https:\/\/fullsolutions.info\/wp-content\/uploads\/2021\/07\/cropped-Design-sem-nome-300x193-1-e1627062664782.png","contentUrl":"https:\/\/mlhff0prgoxu.i.optimole.com\/cb:s0sM.767\/w:auto\/h:auto\/q:mauto\/f:best\/https:\/\/fullsolutions.info\/wp-content\/uploads\/2021\/07\/cropped-Design-sem-nome-300x193-1-e1627062664782.png","width":202,"height":155,"caption":"Full Solutions"},"image":{"@id":"https:\/\/fullsolutions.info\/#\/schema\/logo\/image\/"},"sameAs":["https:\/\/www.linkedin.com\/company\/full-solutions-equipment"]}]}},"_links":{"self":[{"href":"https:\/\/fullsolutions.info\/en\/wp-json\/wp\/v2\/product\/4220","targetHints":{"allow":["GET"]}}],"collection":[{"href":"https:\/\/fullsolutions.info\/en\/wp-json\/wp\/v2\/product"}],"about":[{"href":"https:\/\/fullsolutions.info\/en\/wp-json\/wp\/v2\/types\/product"}],"replies":[{"embeddable":true,"href":"https:\/\/fullsolutions.info\/en\/wp-json\/wp\/v2\/comments?post=4220"}],"wp:featuredmedia":[{"embeddable":true,"href":"https:\/\/fullsolutions.info\/en\/wp-json\/wp\/v2\/media\/4229"}],"wp:attachment":[{"href":"https:\/\/fullsolutions.info\/en\/wp-json\/wp\/v2\/media?parent=4220"}],"wp:term":[{"taxonomy":"product_brand","embeddable":true,"href":"https:\/\/fullsolutions.info\/en\/wp-json\/wp\/v2\/product_brand?post=4220"},{"taxonomy":"product_cat","embeddable":true,"href":"https:\/\/fullsolutions.info\/en\/wp-json\/wp\/v2\/product_cat?post=4220"},{"taxonomy":"product_tag","embeddable":true,"href":"https:\/\/fullsolutions.info\/en\/wp-json\/wp\/v2\/product_tag?post=4220"},{"taxonomy":"marca","embeddable":true,"href":"https:\/\/fullsolutions.info\/en\/wp-json\/wp\/v2\/marca?post=4220"}],"curies":[{"name":"wp","href":"https:\/\/api.w.org\/{rel}","templated":true}]}}