{"id":4210,"date":"2024-02-02T14:30:39","date_gmt":"2024-02-02T14:30:39","guid":{"rendered":"https:\/\/fullsolutionsequip.com\/?post_type=product&#038;p=4210"},"modified":"2024-02-19T16:13:26","modified_gmt":"2024-02-19T16:13:26","slug":"medidor-de-fluxo-vortex-criticalprocess-8800","status":"publish","type":"product","link":"https:\/\/fullsolutions.info\/en\/product\/medidor-de-fluxo-vortex-criticalprocess-8800\/","title":{"rendered":"Medidor de Fluxo Vortex CriticalProcess\u2122 8800"},"content":{"rendered":"<p>O Medidor de Fluxo Vortex CriticalProcess\u2122 da Rosemount foi projetado para aumentar a disponibilidade da planta e aprimorar a seguran\u00e7a geral. Essa caracter\u00edstica permite que os usu\u00e1rios verifiquem o desempenho do sensor Vortex, proporcionando um n\u00edvel adicional de seguran\u00e7a em aplica\u00e7\u00f5es cr\u00edticas.<\/p>\n<p>O CriticalProcess\u2122 Vortex oferece:<\/p>\n<ul>\n<li>Um design exclusivo que isola o sensor Vortex do processo.<\/li>\n<li>Capacidade de manuten\u00e7\u00e3o online do sensor Vortex.<\/li>\n<li>Uma maneira de eliminar paradas desnecess\u00e1rias do processo, aumentando a disponibilidade sem a necessidade de tubula\u00e7\u00f5es de desvio.<\/li>\n<\/ul>\n<p>O sensor Vortex no Medidor de Fluxo Vortex Rosemount 8800D \u00e9 isolado do processo, tornando poss\u00edvel manter o desempenho do sensor online, aumentando significativamente a disponibilidade do processo. A manuten\u00e7\u00e3o do sensor pode ser dispendiosa em medidores de fluxo Vortex tradicionais. Ao contr\u00e1rio do 8800D, os designs de sensores Vortex molhados requerem que o processo seja interrompido ou que o medidor seja desviado para realizar a manuten\u00e7\u00e3o do sensor Vortex. O CriticalProcess\u2122 Vortex elimina essa exig\u00eancia, aumentando a disponibilidade e aprimorando a seguran\u00e7a geral.<\/p>\n<p>Recursos e Benef\u00edcios:<\/p>\n<ul>\n<li>Capacidade de Manuten\u00e7\u00e3o Online do Medidor de Fluxo.<\/li>\n<li>Aumento da Disponibilidade.<\/li>\n<\/ul>\n<p>O CriticalProcess\u2122 Vortex aprimora a seguran\u00e7a, fornecendo um m\u00e9todo para verificar que o pessoal da planta n\u00e3o ser\u00e1 exposto a fluidos do processo ao realizar manuten\u00e7\u00e3o online e solucionar problemas no Medidor de Fluxo Vortex Rosemount 8800D.<\/p>","protected":false},"excerpt":{"rendered":"<p>O Medidor de Fluxo Vortex CriticalProcess\u2122 da Rosemount foi projetado para aumentar a disponibilidade da planta e aprimorar a seguran\u00e7a geral. Essa caracter\u00edstica permite que os usu\u00e1rios verifiquem o desempenho do sensor Vortex, proporcionando um n\u00edvel adicional de seguran\u00e7a em aplica\u00e7\u00f5es cr\u00edticas. O CriticalProcess\u2122 Vortex oferece: Um design exclusivo que isola o sensor Vortex do processo. Capacidade de manuten\u00e7\u00e3o online do sensor Vortex. Uma maneira de eliminar paradas desnecess\u00e1rias do processo, aumentando a disponibilidade sem a necessidade de tubula\u00e7\u00f5es de desvio. O sensor Vortex no Medidor de Fluxo Vortex Rosemount 8800D \u00e9 isolado do processo, tornando poss\u00edvel manter o desempenho do sensor online, aumentando significativamente a disponibilidade do processo. A manuten\u00e7\u00e3o do sensor pode ser dispendiosa em medidores de fluxo Vortex tradicionais. Ao contr\u00e1rio do 8800D, os designs de sensores Vortex molhados requerem que o processo seja interrompido ou que o medidor seja desviado para realizar a manuten\u00e7\u00e3o do sensor Vortex. O CriticalProcess\u2122 Vortex elimina essa exig\u00eancia, aumentando a disponibilidade e aprimorando a seguran\u00e7a geral. Recursos e Benef\u00edcios: Capacidade de Manuten\u00e7\u00e3o Online do Medidor de Fluxo. Aumento da Disponibilidade. O CriticalProcess\u2122 Vortex aprimora a seguran\u00e7a, fornecendo um m\u00e9todo para verificar que o pessoal da planta n\u00e3o ser\u00e1 exposto a fluidos do processo ao realizar manuten\u00e7\u00e3o online e solucionar problemas no Medidor de Fluxo Vortex Rosemount 8800D.<\/p>","protected":false},"featured_media":4217,"comment_status":"open","ping_status":"closed","template":"","meta":{"_joinchat":[]},"product_brand":[],"product_cat":[146],"product_tag":[],"marca":[141],"class_list":{"0":"post-4210","1":"product","2":"type-product","3":"status-publish","4":"has-post-thumbnail","6":"product_cat-medidores-de-vazao-e-tubos-de-vazao","7":"marca-rosemount","9":"first","10":"instock","11":"shipping-taxable","12":"purchasable","13":"product-type-simple"},"yoast_head":"<!-- This site is optimized with the Yoast SEO plugin v27.2 - https:\/\/yoast.com\/product\/yoast-seo-wordpress\/ -->\n<title>Medidor de Fluxo Vortex CriticalProcess\u2122 8800 - Full Solutions<\/title>\n<meta name=\"robots\" content=\"index, follow, max-snippet:-1, max-image-preview:large, max-video-preview:-1\" \/>\n<link rel=\"canonical\" href=\"https:\/\/fullsolutions.info\/en\/product\/medidor-de-fluxo-vortex-criticalprocess-8800\/\" \/>\n<meta property=\"og:locale\" content=\"en_US\" \/>\n<meta property=\"og:type\" content=\"article\" \/>\n<meta property=\"og:title\" content=\"Medidor de Fluxo Vortex CriticalProcess\u2122 8800 - Full Solutions\" \/>\n<meta property=\"og:description\" content=\"O Medidor de Fluxo Vortex CriticalProcess\u2122 da Rosemount foi projetado para aumentar a disponibilidade da planta e aprimorar a seguran\u00e7a geral. Essa caracter\u00edstica permite que os usu\u00e1rios verifiquem o desempenho do sensor Vortex, proporcionando um n\u00edvel adicional de seguran\u00e7a em aplica\u00e7\u00f5es cr\u00edticas. O CriticalProcess\u2122 Vortex oferece: Um design exclusivo que isola o sensor Vortex do processo. Capacidade de manuten\u00e7\u00e3o online do sensor Vortex. Uma maneira de eliminar paradas desnecess\u00e1rias do processo, aumentando a disponibilidade sem a necessidade de tubula\u00e7\u00f5es de desvio. O sensor Vortex no Medidor de Fluxo Vortex Rosemount 8800D \u00e9 isolado do processo, tornando poss\u00edvel manter o desempenho do sensor online, aumentando significativamente a disponibilidade do processo. A manuten\u00e7\u00e3o do sensor pode ser dispendiosa em medidores de fluxo Vortex tradicionais. Ao contr\u00e1rio do 8800D, os designs de sensores Vortex molhados requerem que o processo seja interrompido ou que o medidor seja desviado para realizar a manuten\u00e7\u00e3o do sensor Vortex. O CriticalProcess\u2122 Vortex elimina essa exig\u00eancia, aumentando a disponibilidade e aprimorando a seguran\u00e7a geral. Recursos e Benef\u00edcios: Capacidade de Manuten\u00e7\u00e3o Online do Medidor de Fluxo. Aumento da Disponibilidade. O CriticalProcess\u2122 Vortex aprimora a seguran\u00e7a, fornecendo um m\u00e9todo para verificar que o pessoal da planta n\u00e3o ser\u00e1 exposto a fluidos do processo ao realizar manuten\u00e7\u00e3o online e solucionar problemas no Medidor de Fluxo Vortex Rosemount 8800D.\" \/>\n<meta property=\"og:url\" content=\"https:\/\/fullsolutions.info\/en\/product\/medidor-de-fluxo-vortex-criticalprocess-8800\/\" \/>\n<meta property=\"og:site_name\" content=\"Full Solutions\" \/>\n<meta property=\"article:modified_time\" content=\"2024-02-19T16:13:26+00:00\" \/>\n<meta property=\"og:image\" content=\"https:\/\/mlhff0prgoxu.i.optimole.com\/cb:s0sM.767\/w:auto\/h:auto\/q:mauto\/f:best\/https:\/\/fullsolutions.info\/wp-content\/uploads\/2024\/02\/8800-CriticalProcess-Vortex-Flowmeter.jpg\" \/>\n\t<meta property=\"og:image:width\" content=\"493\" \/>\n\t<meta property=\"og:image:height\" content=\"360\" \/>\n\t<meta property=\"og:image:type\" content=\"image\/jpeg\" \/>\n<meta name=\"twitter:card\" content=\"summary_large_image\" \/>\n<meta name=\"twitter:label1\" content=\"Est. reading time\" \/>\n\t<meta name=\"twitter:data1\" content=\"1 minute\" \/>\n<script type=\"application\/ld+json\" class=\"yoast-schema-graph\">{\"@context\":\"https:\/\/schema.org\",\"@graph\":[{\"@type\":\"WebPage\",\"@id\":\"https:\/\/fullsolutions.info\/produto\/medidor-de-fluxo-vortex-criticalprocess-8800\/\",\"url\":\"https:\/\/fullsolutions.info\/produto\/medidor-de-fluxo-vortex-criticalprocess-8800\/\",\"name\":\"Medidor de Fluxo Vortex CriticalProcess\u2122 8800 - Full Solutions\",\"isPartOf\":{\"@id\":\"https:\/\/fullsolutions.info\/#website\"},\"primaryImageOfPage\":{\"@id\":\"https:\/\/fullsolutions.info\/produto\/medidor-de-fluxo-vortex-criticalprocess-8800\/#primaryimage\"},\"image\":{\"@id\":\"https:\/\/fullsolutions.info\/produto\/medidor-de-fluxo-vortex-criticalprocess-8800\/#primaryimage\"},\"thumbnailUrl\":\"https:\/\/mlhff0prgoxu.i.optimole.com\/cb:s0sM.767\/w:auto\/h:auto\/q:mauto\/f:best\/https:\/\/fullsolutions.info\/wp-content\/uploads\/2024\/02\/8800-CriticalProcess-Vortex-Flowmeter.jpg\",\"datePublished\":\"2024-02-02T14:30:39+00:00\",\"dateModified\":\"2024-02-19T16:13:26+00:00\",\"breadcrumb\":{\"@id\":\"https:\/\/fullsolutions.info\/produto\/medidor-de-fluxo-vortex-criticalprocess-8800\/#breadcrumb\"},\"inLanguage\":\"en-US\",\"potentialAction\":[{\"@type\":\"ReadAction\",\"target\":[\"https:\/\/fullsolutions.info\/produto\/medidor-de-fluxo-vortex-criticalprocess-8800\/\"]}]},{\"@type\":\"ImageObject\",\"inLanguage\":\"en-US\",\"@id\":\"https:\/\/fullsolutions.info\/produto\/medidor-de-fluxo-vortex-criticalprocess-8800\/#primaryimage\",\"url\":\"https:\/\/mlhff0prgoxu.i.optimole.com\/cb:s0sM.767\/w:auto\/h:auto\/q:mauto\/f:best\/https:\/\/fullsolutions.info\/wp-content\/uploads\/2024\/02\/8800-CriticalProcess-Vortex-Flowmeter.jpg\",\"contentUrl\":\"https:\/\/mlhff0prgoxu.i.optimole.com\/cb:s0sM.767\/w:auto\/h:auto\/q:mauto\/f:best\/https:\/\/fullsolutions.info\/wp-content\/uploads\/2024\/02\/8800-CriticalProcess-Vortex-Flowmeter.jpg\",\"width\":493,\"height\":360},{\"@type\":\"BreadcrumbList\",\"@id\":\"https:\/\/fullsolutions.info\/produto\/medidor-de-fluxo-vortex-criticalprocess-8800\/#breadcrumb\",\"itemListElement\":[{\"@type\":\"ListItem\",\"position\":1,\"name\":\"In\u00edcio\",\"item\":\"https:\/\/fullsolutions.info\/\"},{\"@type\":\"ListItem\",\"position\":2,\"name\":\"Produtos\",\"item\":\"https:\/\/fullsolutions.info\/shop\/\"},{\"@type\":\"ListItem\",\"position\":3,\"name\":\"Medidor de Fluxo Vortex CriticalProcess\u2122 8800\"}]},{\"@type\":\"WebSite\",\"@id\":\"https:\/\/fullsolutions.info\/#website\",\"url\":\"https:\/\/fullsolutions.info\/\",\"name\":\"Full Solutions\",\"description\":\"Empresa na \u00c1rea de Procurement\",\"publisher\":{\"@id\":\"https:\/\/fullsolutions.info\/#organization\"},\"potentialAction\":[{\"@type\":\"SearchAction\",\"target\":{\"@type\":\"EntryPoint\",\"urlTemplate\":\"https:\/\/fullsolutions.info\/?s={search_term_string}\"},\"query-input\":{\"@type\":\"PropertyValueSpecification\",\"valueRequired\":true,\"valueName\":\"search_term_string\"}}],\"inLanguage\":\"en-US\"},{\"@type\":\"Organization\",\"@id\":\"https:\/\/fullsolutions.info\/#organization\",\"name\":\"Full Solutions\",\"url\":\"https:\/\/fullsolutions.info\/\",\"logo\":{\"@type\":\"ImageObject\",\"inLanguage\":\"en-US\",\"@id\":\"https:\/\/fullsolutions.info\/#\/schema\/logo\/image\/\",\"url\":\"https:\/\/mlhff0prgoxu.i.optimole.com\/cb:s0sM.767\/w:auto\/h:auto\/q:mauto\/f:best\/https:\/\/fullsolutions.info\/wp-content\/uploads\/2021\/07\/cropped-Design-sem-nome-300x193-1-e1627062664782.png\",\"contentUrl\":\"https:\/\/mlhff0prgoxu.i.optimole.com\/cb:s0sM.767\/w:auto\/h:auto\/q:mauto\/f:best\/https:\/\/fullsolutions.info\/wp-content\/uploads\/2021\/07\/cropped-Design-sem-nome-300x193-1-e1627062664782.png\",\"width\":202,\"height\":155,\"caption\":\"Full Solutions\"},\"image\":{\"@id\":\"https:\/\/fullsolutions.info\/#\/schema\/logo\/image\/\"},\"sameAs\":[\"https:\/\/www.linkedin.com\/company\/full-solutions-equipment\"]}]}<\/script>\n<!-- \/ Yoast SEO plugin. -->","yoast_head_json":{"title":"Medidor de Fluxo Vortex CriticalProcess\u2122 8800 - Full Solutions","robots":{"index":"index","follow":"follow","max-snippet":"max-snippet:-1","max-image-preview":"max-image-preview:large","max-video-preview":"max-video-preview:-1"},"canonical":"https:\/\/fullsolutions.info\/en\/product\/medidor-de-fluxo-vortex-criticalprocess-8800\/","og_locale":"en_US","og_type":"article","og_title":"Medidor de Fluxo Vortex CriticalProcess\u2122 8800 - Full Solutions","og_description":"O Medidor de Fluxo Vortex CriticalProcess\u2122 da Rosemount foi projetado para aumentar a disponibilidade da planta e aprimorar a seguran\u00e7a geral. Essa caracter\u00edstica permite que os usu\u00e1rios verifiquem o desempenho do sensor Vortex, proporcionando um n\u00edvel adicional de seguran\u00e7a em aplica\u00e7\u00f5es cr\u00edticas. O CriticalProcess\u2122 Vortex oferece: Um design exclusivo que isola o sensor Vortex do processo. Capacidade de manuten\u00e7\u00e3o online do sensor Vortex. Uma maneira de eliminar paradas desnecess\u00e1rias do processo, aumentando a disponibilidade sem a necessidade de tubula\u00e7\u00f5es de desvio. O sensor Vortex no Medidor de Fluxo Vortex Rosemount 8800D \u00e9 isolado do processo, tornando poss\u00edvel manter o desempenho do sensor online, aumentando significativamente a disponibilidade do processo. A manuten\u00e7\u00e3o do sensor pode ser dispendiosa em medidores de fluxo Vortex tradicionais. Ao contr\u00e1rio do 8800D, os designs de sensores Vortex molhados requerem que o processo seja interrompido ou que o medidor seja desviado para realizar a manuten\u00e7\u00e3o do sensor Vortex. O CriticalProcess\u2122 Vortex elimina essa exig\u00eancia, aumentando a disponibilidade e aprimorando a seguran\u00e7a geral. Recursos e Benef\u00edcios: Capacidade de Manuten\u00e7\u00e3o Online do Medidor de Fluxo. Aumento da Disponibilidade. O CriticalProcess\u2122 Vortex aprimora a seguran\u00e7a, fornecendo um m\u00e9todo para verificar que o pessoal da planta n\u00e3o ser\u00e1 exposto a fluidos do processo ao realizar manuten\u00e7\u00e3o online e solucionar problemas no Medidor de Fluxo Vortex Rosemount 8800D.","og_url":"https:\/\/fullsolutions.info\/en\/product\/medidor-de-fluxo-vortex-criticalprocess-8800\/","og_site_name":"Full Solutions","article_modified_time":"2024-02-19T16:13:26+00:00","og_image":[{"width":493,"height":360,"url":"https:\/\/mlhff0prgoxu.i.optimole.com\/cb:s0sM.767\/w:auto\/h:auto\/q:mauto\/f:best\/https:\/\/fullsolutions.info\/wp-content\/uploads\/2024\/02\/8800-CriticalProcess-Vortex-Flowmeter.jpg","type":"image\/jpeg"}],"twitter_card":"summary_large_image","twitter_misc":{"Est. reading time":"1 minute"},"schema":{"@context":"https:\/\/schema.org","@graph":[{"@type":"WebPage","@id":"https:\/\/fullsolutions.info\/produto\/medidor-de-fluxo-vortex-criticalprocess-8800\/","url":"https:\/\/fullsolutions.info\/produto\/medidor-de-fluxo-vortex-criticalprocess-8800\/","name":"Medidor de Fluxo Vortex CriticalProcess\u2122 8800 - Full Solutions","isPartOf":{"@id":"https:\/\/fullsolutions.info\/#website"},"primaryImageOfPage":{"@id":"https:\/\/fullsolutions.info\/produto\/medidor-de-fluxo-vortex-criticalprocess-8800\/#primaryimage"},"image":{"@id":"https:\/\/fullsolutions.info\/produto\/medidor-de-fluxo-vortex-criticalprocess-8800\/#primaryimage"},"thumbnailUrl":"https:\/\/mlhff0prgoxu.i.optimole.com\/cb:s0sM.767\/w:auto\/h:auto\/q:mauto\/f:best\/https:\/\/fullsolutions.info\/wp-content\/uploads\/2024\/02\/8800-CriticalProcess-Vortex-Flowmeter.jpg","datePublished":"2024-02-02T14:30:39+00:00","dateModified":"2024-02-19T16:13:26+00:00","breadcrumb":{"@id":"https:\/\/fullsolutions.info\/produto\/medidor-de-fluxo-vortex-criticalprocess-8800\/#breadcrumb"},"inLanguage":"en-US","potentialAction":[{"@type":"ReadAction","target":["https:\/\/fullsolutions.info\/produto\/medidor-de-fluxo-vortex-criticalprocess-8800\/"]}]},{"@type":"ImageObject","inLanguage":"en-US","@id":"https:\/\/fullsolutions.info\/produto\/medidor-de-fluxo-vortex-criticalprocess-8800\/#primaryimage","url":"https:\/\/mlhff0prgoxu.i.optimole.com\/cb:s0sM.767\/w:auto\/h:auto\/q:mauto\/f:best\/https:\/\/fullsolutions.info\/wp-content\/uploads\/2024\/02\/8800-CriticalProcess-Vortex-Flowmeter.jpg","contentUrl":"https:\/\/mlhff0prgoxu.i.optimole.com\/cb:s0sM.767\/w:auto\/h:auto\/q:mauto\/f:best\/https:\/\/fullsolutions.info\/wp-content\/uploads\/2024\/02\/8800-CriticalProcess-Vortex-Flowmeter.jpg","width":493,"height":360},{"@type":"BreadcrumbList","@id":"https:\/\/fullsolutions.info\/produto\/medidor-de-fluxo-vortex-criticalprocess-8800\/#breadcrumb","itemListElement":[{"@type":"ListItem","position":1,"name":"In\u00edcio","item":"https:\/\/fullsolutions.info\/"},{"@type":"ListItem","position":2,"name":"Produtos","item":"https:\/\/fullsolutions.info\/shop\/"},{"@type":"ListItem","position":3,"name":"Medidor de Fluxo Vortex CriticalProcess\u2122 8800"}]},{"@type":"WebSite","@id":"https:\/\/fullsolutions.info\/#website","url":"https:\/\/fullsolutions.info\/","name":"Full Solutions","description":"Empresa na \u00c1rea de Procurement","publisher":{"@id":"https:\/\/fullsolutions.info\/#organization"},"potentialAction":[{"@type":"SearchAction","target":{"@type":"EntryPoint","urlTemplate":"https:\/\/fullsolutions.info\/?s={search_term_string}"},"query-input":{"@type":"PropertyValueSpecification","valueRequired":true,"valueName":"search_term_string"}}],"inLanguage":"en-US"},{"@type":"Organization","@id":"https:\/\/fullsolutions.info\/#organization","name":"Full Solutions","url":"https:\/\/fullsolutions.info\/","logo":{"@type":"ImageObject","inLanguage":"en-US","@id":"https:\/\/fullsolutions.info\/#\/schema\/logo\/image\/","url":"https:\/\/mlhff0prgoxu.i.optimole.com\/cb:s0sM.767\/w:auto\/h:auto\/q:mauto\/f:best\/https:\/\/fullsolutions.info\/wp-content\/uploads\/2021\/07\/cropped-Design-sem-nome-300x193-1-e1627062664782.png","contentUrl":"https:\/\/mlhff0prgoxu.i.optimole.com\/cb:s0sM.767\/w:auto\/h:auto\/q:mauto\/f:best\/https:\/\/fullsolutions.info\/wp-content\/uploads\/2021\/07\/cropped-Design-sem-nome-300x193-1-e1627062664782.png","width":202,"height":155,"caption":"Full Solutions"},"image":{"@id":"https:\/\/fullsolutions.info\/#\/schema\/logo\/image\/"},"sameAs":["https:\/\/www.linkedin.com\/company\/full-solutions-equipment"]}]}},"_links":{"self":[{"href":"https:\/\/fullsolutions.info\/en\/wp-json\/wp\/v2\/product\/4210","targetHints":{"allow":["GET"]}}],"collection":[{"href":"https:\/\/fullsolutions.info\/en\/wp-json\/wp\/v2\/product"}],"about":[{"href":"https:\/\/fullsolutions.info\/en\/wp-json\/wp\/v2\/types\/product"}],"replies":[{"embeddable":true,"href":"https:\/\/fullsolutions.info\/en\/wp-json\/wp\/v2\/comments?post=4210"}],"wp:featuredmedia":[{"embeddable":true,"href":"https:\/\/fullsolutions.info\/en\/wp-json\/wp\/v2\/media\/4217"}],"wp:attachment":[{"href":"https:\/\/fullsolutions.info\/en\/wp-json\/wp\/v2\/media?parent=4210"}],"wp:term":[{"taxonomy":"product_brand","embeddable":true,"href":"https:\/\/fullsolutions.info\/en\/wp-json\/wp\/v2\/product_brand?post=4210"},{"taxonomy":"product_cat","embeddable":true,"href":"https:\/\/fullsolutions.info\/en\/wp-json\/wp\/v2\/product_cat?post=4210"},{"taxonomy":"product_tag","embeddable":true,"href":"https:\/\/fullsolutions.info\/en\/wp-json\/wp\/v2\/product_tag?post=4210"},{"taxonomy":"marca","embeddable":true,"href":"https:\/\/fullsolutions.info\/en\/wp-json\/wp\/v2\/marca?post=4210"}],"curies":[{"name":"wp","href":"https:\/\/api.w.org\/{rel}","templated":true}]}}