{"id":4193,"date":"2024-02-02T14:10:32","date_gmt":"2024-02-02T14:10:32","guid":{"rendered":"https:\/\/fullsolutionsequip.com\/?post_type=product&#038;p=4193"},"modified":"2024-02-19T16:13:27","modified_gmt":"2024-02-19T16:13:27","slug":"siemens-sitrans-th100","status":"publish","type":"product","link":"https:\/\/fullsolutions.info\/en\/product\/siemens-sitrans-th100\/","title":{"rendered":"SIEMENS SITRANS TH100"},"content":{"rendered":"<p>Medi\u00e7\u00e3o de temperatura SIEMENS SITRANS TH100 | Transmissor principal<br \/>\nO SITRANS TH100 \u00e9 r\u00edgido e projetado para uso econ\u00f4mico. Por exemplo, com economia do isolamento galv\u00e2nico, que n\u00e3o \u00e9 necess\u00e1rio para o PT100. Portanto, o TH100 oferece opera\u00e7\u00e3o econ\u00f4mica da planta e medi\u00e7\u00f5es confi\u00e1veis. \u00c9 um substituto ideal para transmissores anal\u00f3gicos PT100 mais antigos. A configura\u00e7\u00e3o \u00e9 r\u00e1pida e f\u00e1cil com o modem-transmissor e SIPROM T. Esta ferramenta de configura\u00e7\u00e3o pode ser baixada gratuitamente.<\/p>\n<p>&nbsp;<\/p>\n<p>Benef\u00edcios<\/p>\n<p>Mede a temperatura com um sinal de sa\u00edda linear<br \/>\nAlta precis\u00e3o em toda a faixa de temperatura ambiente<br \/>\nReduz o ru\u00eddo da planta<br \/>\nSinal de alarme para sensor quebrado ou curto-circuito conforme NAMUR 43<br \/>\nExecu\u00e7\u00f5es protegidas contra explos\u00e3o nos EUA, Canad\u00e1 e Europa<br \/>\nDesign fino, ideal para atualiza\u00e7\u00e3o de sondas PT100 instaladas com sinal de 4~20mA<br \/>\nDesign robusto, eletr\u00f4nico totalmente encapsulado<\/p>","protected":false},"excerpt":{"rendered":"<p>Medi\u00e7\u00e3o de temperatura SIEMENS SITRANS TH100 | Transmissor principal O SITRANS TH100 \u00e9 r\u00edgido e projetado para uso econ\u00f4mico. Por exemplo, com economia do isolamento galv\u00e2nico, que n\u00e3o \u00e9 necess\u00e1rio para o PT100. Portanto, o TH100 oferece opera\u00e7\u00e3o econ\u00f4mica da planta e medi\u00e7\u00f5es confi\u00e1veis. \u00c9 um substituto ideal para transmissores anal\u00f3gicos PT100 mais antigos. A configura\u00e7\u00e3o \u00e9 r\u00e1pida e f\u00e1cil com o modem-transmissor e SIPROM T. Esta ferramenta de configura\u00e7\u00e3o pode ser baixada gratuitamente. &nbsp; Benef\u00edcios Mede a temperatura com um sinal de sa\u00edda linear Alta precis\u00e3o em toda a faixa de temperatura ambiente Reduz o ru\u00eddo da planta Sinal de alarme para sensor quebrado ou curto-circuito conforme NAMUR 43 Execu\u00e7\u00f5es protegidas contra explos\u00e3o nos EUA, Canad\u00e1 e Europa Design fino, ideal para atualiza\u00e7\u00e3o de sondas PT100 instaladas com sinal de 4~20mA Design robusto, eletr\u00f4nico totalmente encapsulado<\/p>","protected":false},"featured_media":4195,"comment_status":"open","ping_status":"closed","template":"","meta":{"_joinchat":[]},"product_brand":[],"product_cat":[140],"product_tag":[],"marca":[144],"class_list":{"0":"post-4193","1":"product","2":"type-product","3":"status-publish","4":"has-post-thumbnail","6":"product_cat-transmissores","7":"marca-siemens","9":"first","10":"instock","11":"shipping-taxable","12":"purchasable","13":"product-type-simple"},"yoast_head":"<!-- This site is optimized with the Yoast SEO plugin v27.2 - https:\/\/yoast.com\/product\/yoast-seo-wordpress\/ -->\n<title>SIEMENS SITRANS TH100 - Full Solutions<\/title>\n<meta name=\"robots\" content=\"index, follow, max-snippet:-1, max-image-preview:large, max-video-preview:-1\" \/>\n<link rel=\"canonical\" href=\"https:\/\/fullsolutions.info\/en\/product\/siemens-sitrans-th100\/\" \/>\n<meta property=\"og:locale\" content=\"en_US\" \/>\n<meta property=\"og:type\" content=\"article\" \/>\n<meta property=\"og:title\" content=\"SIEMENS SITRANS TH100 - Full Solutions\" \/>\n<meta property=\"og:description\" content=\"Medi\u00e7\u00e3o de temperatura SIEMENS SITRANS TH100 | Transmissor principal O SITRANS TH100 \u00e9 r\u00edgido e projetado para uso econ\u00f4mico. Por exemplo, com economia do isolamento galv\u00e2nico, que n\u00e3o \u00e9 necess\u00e1rio para o PT100. Portanto, o TH100 oferece opera\u00e7\u00e3o econ\u00f4mica da planta e medi\u00e7\u00f5es confi\u00e1veis. \u00c9 um substituto ideal para transmissores anal\u00f3gicos PT100 mais antigos. A configura\u00e7\u00e3o \u00e9 r\u00e1pida e f\u00e1cil com o modem-transmissor e SIPROM T. Esta ferramenta de configura\u00e7\u00e3o pode ser baixada gratuitamente. &nbsp; Benef\u00edcios Mede a temperatura com um sinal de sa\u00edda linear Alta precis\u00e3o em toda a faixa de temperatura ambiente Reduz o ru\u00eddo da planta Sinal de alarme para sensor quebrado ou curto-circuito conforme NAMUR 43 Execu\u00e7\u00f5es protegidas contra explos\u00e3o nos EUA, Canad\u00e1 e Europa Design fino, ideal para atualiza\u00e7\u00e3o de sondas PT100 instaladas com sinal de 4~20mA Design robusto, eletr\u00f4nico totalmente encapsulado\" \/>\n<meta property=\"og:url\" content=\"https:\/\/fullsolutions.info\/en\/product\/siemens-sitrans-th100\/\" \/>\n<meta property=\"og:site_name\" content=\"Full Solutions\" \/>\n<meta property=\"article:modified_time\" content=\"2024-02-19T16:13:27+00:00\" \/>\n<meta property=\"og:image\" content=\"https:\/\/mlhff0prgoxu.i.optimole.com\/cb:s0sM.767\/w:auto\/h:auto\/q:mauto\/f:best\/https:\/\/fullsolutions.info\/wp-content\/uploads\/2024\/02\/SIEMENS-SITRANS-TH400-1.jpeg\" \/>\n\t<meta property=\"og:image:width\" content=\"576\" \/>\n\t<meta property=\"og:image:height\" content=\"576\" \/>\n\t<meta property=\"og:image:type\" content=\"image\/jpeg\" \/>\n<meta name=\"twitter:card\" content=\"summary_large_image\" \/>\n<meta name=\"twitter:label1\" content=\"Est. reading time\" \/>\n\t<meta name=\"twitter:data1\" content=\"1 minute\" \/>\n<script type=\"application\/ld+json\" class=\"yoast-schema-graph\">{\"@context\":\"https:\/\/schema.org\",\"@graph\":[{\"@type\":\"WebPage\",\"@id\":\"https:\/\/fullsolutions.info\/produto\/siemens-sitrans-th100\/\",\"url\":\"https:\/\/fullsolutions.info\/produto\/siemens-sitrans-th100\/\",\"name\":\"SIEMENS SITRANS TH100 - Full Solutions\",\"isPartOf\":{\"@id\":\"https:\/\/fullsolutions.info\/#website\"},\"primaryImageOfPage\":{\"@id\":\"https:\/\/fullsolutions.info\/produto\/siemens-sitrans-th100\/#primaryimage\"},\"image\":{\"@id\":\"https:\/\/fullsolutions.info\/produto\/siemens-sitrans-th100\/#primaryimage\"},\"thumbnailUrl\":\"https:\/\/mlhff0prgoxu.i.optimole.com\/cb:s0sM.767\/w:auto\/h:auto\/q:mauto\/f:best\/https:\/\/fullsolutions.info\/wp-content\/uploads\/2024\/02\/SIEMENS-SITRANS-TH400-1.jpeg\",\"datePublished\":\"2024-02-02T14:10:32+00:00\",\"dateModified\":\"2024-02-19T16:13:27+00:00\",\"breadcrumb\":{\"@id\":\"https:\/\/fullsolutions.info\/produto\/siemens-sitrans-th100\/#breadcrumb\"},\"inLanguage\":\"en-US\",\"potentialAction\":[{\"@type\":\"ReadAction\",\"target\":[\"https:\/\/fullsolutions.info\/produto\/siemens-sitrans-th100\/\"]}]},{\"@type\":\"ImageObject\",\"inLanguage\":\"en-US\",\"@id\":\"https:\/\/fullsolutions.info\/produto\/siemens-sitrans-th100\/#primaryimage\",\"url\":\"https:\/\/mlhff0prgoxu.i.optimole.com\/cb:s0sM.767\/w:auto\/h:auto\/q:mauto\/f:best\/https:\/\/fullsolutions.info\/wp-content\/uploads\/2024\/02\/SIEMENS-SITRANS-TH400-1.jpeg\",\"contentUrl\":\"https:\/\/mlhff0prgoxu.i.optimole.com\/cb:s0sM.767\/w:auto\/h:auto\/q:mauto\/f:best\/https:\/\/fullsolutions.info\/wp-content\/uploads\/2024\/02\/SIEMENS-SITRANS-TH400-1.jpeg\",\"width\":576,\"height\":576},{\"@type\":\"BreadcrumbList\",\"@id\":\"https:\/\/fullsolutions.info\/produto\/siemens-sitrans-th100\/#breadcrumb\",\"itemListElement\":[{\"@type\":\"ListItem\",\"position\":1,\"name\":\"In\u00edcio\",\"item\":\"https:\/\/fullsolutions.info\/\"},{\"@type\":\"ListItem\",\"position\":2,\"name\":\"Produtos\",\"item\":\"https:\/\/fullsolutions.info\/shop\/\"},{\"@type\":\"ListItem\",\"position\":3,\"name\":\"SIEMENS SITRANS TH100\"}]},{\"@type\":\"WebSite\",\"@id\":\"https:\/\/fullsolutions.info\/#website\",\"url\":\"https:\/\/fullsolutions.info\/\",\"name\":\"Full Solutions\",\"description\":\"Empresa na \u00c1rea de Procurement\",\"publisher\":{\"@id\":\"https:\/\/fullsolutions.info\/#organization\"},\"potentialAction\":[{\"@type\":\"SearchAction\",\"target\":{\"@type\":\"EntryPoint\",\"urlTemplate\":\"https:\/\/fullsolutions.info\/?s={search_term_string}\"},\"query-input\":{\"@type\":\"PropertyValueSpecification\",\"valueRequired\":true,\"valueName\":\"search_term_string\"}}],\"inLanguage\":\"en-US\"},{\"@type\":\"Organization\",\"@id\":\"https:\/\/fullsolutions.info\/#organization\",\"name\":\"Full Solutions\",\"url\":\"https:\/\/fullsolutions.info\/\",\"logo\":{\"@type\":\"ImageObject\",\"inLanguage\":\"en-US\",\"@id\":\"https:\/\/fullsolutions.info\/#\/schema\/logo\/image\/\",\"url\":\"https:\/\/mlhff0prgoxu.i.optimole.com\/cb:s0sM.767\/w:auto\/h:auto\/q:mauto\/f:best\/https:\/\/fullsolutions.info\/wp-content\/uploads\/2021\/07\/cropped-Design-sem-nome-300x193-1-e1627062664782.png\",\"contentUrl\":\"https:\/\/mlhff0prgoxu.i.optimole.com\/cb:s0sM.767\/w:auto\/h:auto\/q:mauto\/f:best\/https:\/\/fullsolutions.info\/wp-content\/uploads\/2021\/07\/cropped-Design-sem-nome-300x193-1-e1627062664782.png\",\"width\":202,\"height\":155,\"caption\":\"Full Solutions\"},\"image\":{\"@id\":\"https:\/\/fullsolutions.info\/#\/schema\/logo\/image\/\"},\"sameAs\":[\"https:\/\/www.linkedin.com\/company\/full-solutions-equipment\"]}]}<\/script>\n<!-- \/ Yoast SEO plugin. -->","yoast_head_json":{"title":"SIEMENS SITRANS TH100 - Full Solutions","robots":{"index":"index","follow":"follow","max-snippet":"max-snippet:-1","max-image-preview":"max-image-preview:large","max-video-preview":"max-video-preview:-1"},"canonical":"https:\/\/fullsolutions.info\/en\/product\/siemens-sitrans-th100\/","og_locale":"en_US","og_type":"article","og_title":"SIEMENS SITRANS TH100 - Full Solutions","og_description":"Medi\u00e7\u00e3o de temperatura SIEMENS SITRANS TH100 | Transmissor principal O SITRANS TH100 \u00e9 r\u00edgido e projetado para uso econ\u00f4mico. Por exemplo, com economia do isolamento galv\u00e2nico, que n\u00e3o \u00e9 necess\u00e1rio para o PT100. Portanto, o TH100 oferece opera\u00e7\u00e3o econ\u00f4mica da planta e medi\u00e7\u00f5es confi\u00e1veis. \u00c9 um substituto ideal para transmissores anal\u00f3gicos PT100 mais antigos. A configura\u00e7\u00e3o \u00e9 r\u00e1pida e f\u00e1cil com o modem-transmissor e SIPROM T. Esta ferramenta de configura\u00e7\u00e3o pode ser baixada gratuitamente. &nbsp; Benef\u00edcios Mede a temperatura com um sinal de sa\u00edda linear Alta precis\u00e3o em toda a faixa de temperatura ambiente Reduz o ru\u00eddo da planta Sinal de alarme para sensor quebrado ou curto-circuito conforme NAMUR 43 Execu\u00e7\u00f5es protegidas contra explos\u00e3o nos EUA, Canad\u00e1 e Europa Design fino, ideal para atualiza\u00e7\u00e3o de sondas PT100 instaladas com sinal de 4~20mA Design robusto, eletr\u00f4nico totalmente encapsulado","og_url":"https:\/\/fullsolutions.info\/en\/product\/siemens-sitrans-th100\/","og_site_name":"Full Solutions","article_modified_time":"2024-02-19T16:13:27+00:00","og_image":[{"width":576,"height":576,"url":"https:\/\/mlhff0prgoxu.i.optimole.com\/cb:s0sM.767\/w:auto\/h:auto\/q:mauto\/f:best\/https:\/\/fullsolutions.info\/wp-content\/uploads\/2024\/02\/SIEMENS-SITRANS-TH400-1.jpeg","type":"image\/jpeg"}],"twitter_card":"summary_large_image","twitter_misc":{"Est. reading time":"1 minute"},"schema":{"@context":"https:\/\/schema.org","@graph":[{"@type":"WebPage","@id":"https:\/\/fullsolutions.info\/produto\/siemens-sitrans-th100\/","url":"https:\/\/fullsolutions.info\/produto\/siemens-sitrans-th100\/","name":"SIEMENS SITRANS TH100 - Full Solutions","isPartOf":{"@id":"https:\/\/fullsolutions.info\/#website"},"primaryImageOfPage":{"@id":"https:\/\/fullsolutions.info\/produto\/siemens-sitrans-th100\/#primaryimage"},"image":{"@id":"https:\/\/fullsolutions.info\/produto\/siemens-sitrans-th100\/#primaryimage"},"thumbnailUrl":"https:\/\/mlhff0prgoxu.i.optimole.com\/cb:s0sM.767\/w:auto\/h:auto\/q:mauto\/f:best\/https:\/\/fullsolutions.info\/wp-content\/uploads\/2024\/02\/SIEMENS-SITRANS-TH400-1.jpeg","datePublished":"2024-02-02T14:10:32+00:00","dateModified":"2024-02-19T16:13:27+00:00","breadcrumb":{"@id":"https:\/\/fullsolutions.info\/produto\/siemens-sitrans-th100\/#breadcrumb"},"inLanguage":"en-US","potentialAction":[{"@type":"ReadAction","target":["https:\/\/fullsolutions.info\/produto\/siemens-sitrans-th100\/"]}]},{"@type":"ImageObject","inLanguage":"en-US","@id":"https:\/\/fullsolutions.info\/produto\/siemens-sitrans-th100\/#primaryimage","url":"https:\/\/mlhff0prgoxu.i.optimole.com\/cb:s0sM.767\/w:auto\/h:auto\/q:mauto\/f:best\/https:\/\/fullsolutions.info\/wp-content\/uploads\/2024\/02\/SIEMENS-SITRANS-TH400-1.jpeg","contentUrl":"https:\/\/mlhff0prgoxu.i.optimole.com\/cb:s0sM.767\/w:auto\/h:auto\/q:mauto\/f:best\/https:\/\/fullsolutions.info\/wp-content\/uploads\/2024\/02\/SIEMENS-SITRANS-TH400-1.jpeg","width":576,"height":576},{"@type":"BreadcrumbList","@id":"https:\/\/fullsolutions.info\/produto\/siemens-sitrans-th100\/#breadcrumb","itemListElement":[{"@type":"ListItem","position":1,"name":"In\u00edcio","item":"https:\/\/fullsolutions.info\/"},{"@type":"ListItem","position":2,"name":"Produtos","item":"https:\/\/fullsolutions.info\/shop\/"},{"@type":"ListItem","position":3,"name":"SIEMENS SITRANS TH100"}]},{"@type":"WebSite","@id":"https:\/\/fullsolutions.info\/#website","url":"https:\/\/fullsolutions.info\/","name":"Full Solutions","description":"Empresa na \u00c1rea de Procurement","publisher":{"@id":"https:\/\/fullsolutions.info\/#organization"},"potentialAction":[{"@type":"SearchAction","target":{"@type":"EntryPoint","urlTemplate":"https:\/\/fullsolutions.info\/?s={search_term_string}"},"query-input":{"@type":"PropertyValueSpecification","valueRequired":true,"valueName":"search_term_string"}}],"inLanguage":"en-US"},{"@type":"Organization","@id":"https:\/\/fullsolutions.info\/#organization","name":"Full Solutions","url":"https:\/\/fullsolutions.info\/","logo":{"@type":"ImageObject","inLanguage":"en-US","@id":"https:\/\/fullsolutions.info\/#\/schema\/logo\/image\/","url":"https:\/\/mlhff0prgoxu.i.optimole.com\/cb:s0sM.767\/w:auto\/h:auto\/q:mauto\/f:best\/https:\/\/fullsolutions.info\/wp-content\/uploads\/2021\/07\/cropped-Design-sem-nome-300x193-1-e1627062664782.png","contentUrl":"https:\/\/mlhff0prgoxu.i.optimole.com\/cb:s0sM.767\/w:auto\/h:auto\/q:mauto\/f:best\/https:\/\/fullsolutions.info\/wp-content\/uploads\/2021\/07\/cropped-Design-sem-nome-300x193-1-e1627062664782.png","width":202,"height":155,"caption":"Full Solutions"},"image":{"@id":"https:\/\/fullsolutions.info\/#\/schema\/logo\/image\/"},"sameAs":["https:\/\/www.linkedin.com\/company\/full-solutions-equipment"]}]}},"_links":{"self":[{"href":"https:\/\/fullsolutions.info\/en\/wp-json\/wp\/v2\/product\/4193","targetHints":{"allow":["GET"]}}],"collection":[{"href":"https:\/\/fullsolutions.info\/en\/wp-json\/wp\/v2\/product"}],"about":[{"href":"https:\/\/fullsolutions.info\/en\/wp-json\/wp\/v2\/types\/product"}],"replies":[{"embeddable":true,"href":"https:\/\/fullsolutions.info\/en\/wp-json\/wp\/v2\/comments?post=4193"}],"wp:featuredmedia":[{"embeddable":true,"href":"https:\/\/fullsolutions.info\/en\/wp-json\/wp\/v2\/media\/4195"}],"wp:attachment":[{"href":"https:\/\/fullsolutions.info\/en\/wp-json\/wp\/v2\/media?parent=4193"}],"wp:term":[{"taxonomy":"product_brand","embeddable":true,"href":"https:\/\/fullsolutions.info\/en\/wp-json\/wp\/v2\/product_brand?post=4193"},{"taxonomy":"product_cat","embeddable":true,"href":"https:\/\/fullsolutions.info\/en\/wp-json\/wp\/v2\/product_cat?post=4193"},{"taxonomy":"product_tag","embeddable":true,"href":"https:\/\/fullsolutions.info\/en\/wp-json\/wp\/v2\/product_tag?post=4193"},{"taxonomy":"marca","embeddable":true,"href":"https:\/\/fullsolutions.info\/en\/wp-json\/wp\/v2\/marca?post=4193"}],"curies":[{"name":"wp","href":"https:\/\/api.w.org\/{rel}","templated":true}]}}