{"id":4185,"date":"2024-02-02T14:04:51","date_gmt":"2024-02-02T14:04:51","guid":{"rendered":"https:\/\/fullsolutionsequip.com\/?post_type=product&#038;p=4185"},"modified":"2024-02-19T16:13:28","modified_gmt":"2024-02-19T16:13:28","slug":"siemens-sitrans-thr300","status":"publish","type":"product","link":"https:\/\/fullsolutions.info\/en\/product\/siemens-sitrans-thr300\/","title":{"rendered":"SIEMENS SITRANS THR300"},"content":{"rendered":"<p>Medi\u00e7\u00e3o de temperatura SIEMENS SITRANS TR300 | Transmissor ferrovi\u00e1rio<br \/>\nO SITRANS TR300 com protocolo HART foi projetado para suportar todos os sensores comuns, termopares, resist\u00eancia e milivolts. A configura\u00e7\u00e3o \u00e9 r\u00e1pida e f\u00e1cil com SIMATIC PDM ou comunicador port\u00e1til. Detalhes exclusivos e f\u00e1ceis de usar s\u00e3o implementados: Sem abrir o circuito de 4-20 mA, a corrente de sa\u00edda pode ser lida diretamente com um mult\u00edmetro. Um LED vermelho\/verde mostra rapidamente o status ao t\u00e9cnico.<\/p>\n<p>&nbsp;<\/p>\n<p>Benef\u00edcios<\/p>\n<p>Mede a temperatura com um sinal de sa\u00edda linear<br \/>\nAlta precis\u00e3o em toda a faixa de temperatura ambiente<br \/>\nReduz o ru\u00eddo da planta<br \/>\nSinal de alarme para ruptura ou curto-circuito do sensor conforme NAMUR 43<br \/>\nCompatibilidade eletromagn\u00e9tica (EMC) de acordo com DIN EN 61326 e NE21<br \/>\nIsolamento galv\u00e2nico para precis\u00e3o e seguran\u00e7a em aplica\u00e7\u00f5es de termopares<br \/>\nCorte de ponto \u00fanico ou duplo<br \/>\nCurva caracter\u00edstica personalizada para aplica\u00e7\u00e3o de sensores n\u00e3o padronizados<br \/>\nMedi\u00e7\u00e3o de diferen\u00e7a e m\u00e9dia<br \/>\nDiagn\u00f3stico extenso: por ex. indicador de arrasto e medidor de tempo<br \/>\nConjunto de corrente de sa\u00edda para simula\u00e7\u00e3o<br \/>\nVers\u00f5es protegidas contra explos\u00e3o para a Europa<br \/>\nDesign robusto, componentes eletr\u00f4nicos em vasos<\/p>","protected":false},"excerpt":{"rendered":"<p>Medi\u00e7\u00e3o de temperatura SIEMENS SITRANS TR300 | Transmissor ferrovi\u00e1rio O SITRANS TR300 com protocolo HART foi projetado para suportar todos os sensores comuns, termopares, resist\u00eancia e milivolts. A configura\u00e7\u00e3o \u00e9 r\u00e1pida e f\u00e1cil com SIMATIC PDM ou comunicador port\u00e1til. Detalhes exclusivos e f\u00e1ceis de usar s\u00e3o implementados: Sem abrir o circuito de 4-20 mA, a corrente de sa\u00edda pode ser lida diretamente com um mult\u00edmetro. Um LED vermelho\/verde mostra rapidamente o status ao t\u00e9cnico. &nbsp; Benef\u00edcios Mede a temperatura com um sinal de sa\u00edda linear Alta precis\u00e3o em toda a faixa de temperatura ambiente Reduz o ru\u00eddo da planta Sinal de alarme para ruptura ou curto-circuito do sensor conforme NAMUR 43 Compatibilidade eletromagn\u00e9tica (EMC) de acordo com DIN EN 61326 e NE21 Isolamento galv\u00e2nico para precis\u00e3o e seguran\u00e7a em aplica\u00e7\u00f5es de termopares Corte de ponto \u00fanico ou duplo Curva caracter\u00edstica personalizada para aplica\u00e7\u00e3o de sensores n\u00e3o padronizados Medi\u00e7\u00e3o de diferen\u00e7a e m\u00e9dia Diagn\u00f3stico extenso: por ex. indicador de arrasto e medidor de tempo Conjunto de corrente de sa\u00edda para simula\u00e7\u00e3o Vers\u00f5es protegidas contra explos\u00e3o para a Europa Design robusto, componentes eletr\u00f4nicos em vasos<\/p>","protected":false},"featured_media":4188,"comment_status":"open","ping_status":"closed","template":"","meta":{"_joinchat":[]},"product_brand":[],"product_cat":[140],"product_tag":[],"marca":[144],"class_list":{"0":"post-4185","1":"product","2":"type-product","3":"status-publish","4":"has-post-thumbnail","6":"product_cat-transmissores","7":"marca-siemens","9":"first","10":"instock","11":"shipping-taxable","12":"purchasable","13":"product-type-simple"},"yoast_head":"<!-- This site is optimized with the Yoast SEO plugin v27.2 - https:\/\/yoast.com\/product\/yoast-seo-wordpress\/ -->\n<title>SIEMENS SITRANS THR300 - Full Solutions<\/title>\n<meta name=\"robots\" content=\"index, follow, max-snippet:-1, max-image-preview:large, max-video-preview:-1\" \/>\n<link rel=\"canonical\" href=\"https:\/\/fullsolutions.info\/en\/product\/siemens-sitrans-thr300\/\" \/>\n<meta property=\"og:locale\" content=\"en_US\" \/>\n<meta property=\"og:type\" content=\"article\" \/>\n<meta property=\"og:title\" content=\"SIEMENS SITRANS THR300 - Full Solutions\" \/>\n<meta property=\"og:description\" content=\"Medi\u00e7\u00e3o de temperatura SIEMENS SITRANS TR300 | Transmissor ferrovi\u00e1rio O SITRANS TR300 com protocolo HART foi projetado para suportar todos os sensores comuns, termopares, resist\u00eancia e milivolts. A configura\u00e7\u00e3o \u00e9 r\u00e1pida e f\u00e1cil com SIMATIC PDM ou comunicador port\u00e1til. Detalhes exclusivos e f\u00e1ceis de usar s\u00e3o implementados: Sem abrir o circuito de 4-20 mA, a corrente de sa\u00edda pode ser lida diretamente com um mult\u00edmetro. Um LED vermelho\/verde mostra rapidamente o status ao t\u00e9cnico. &nbsp; Benef\u00edcios Mede a temperatura com um sinal de sa\u00edda linear Alta precis\u00e3o em toda a faixa de temperatura ambiente Reduz o ru\u00eddo da planta Sinal de alarme para ruptura ou curto-circuito do sensor conforme NAMUR 43 Compatibilidade eletromagn\u00e9tica (EMC) de acordo com DIN EN 61326 e NE21 Isolamento galv\u00e2nico para precis\u00e3o e seguran\u00e7a em aplica\u00e7\u00f5es de termopares Corte de ponto \u00fanico ou duplo Curva caracter\u00edstica personalizada para aplica\u00e7\u00e3o de sensores n\u00e3o padronizados Medi\u00e7\u00e3o de diferen\u00e7a e m\u00e9dia Diagn\u00f3stico extenso: por ex. indicador de arrasto e medidor de tempo Conjunto de corrente de sa\u00edda para simula\u00e7\u00e3o Vers\u00f5es protegidas contra explos\u00e3o para a Europa Design robusto, componentes eletr\u00f4nicos em vasos\" \/>\n<meta property=\"og:url\" content=\"https:\/\/fullsolutions.info\/en\/product\/siemens-sitrans-thr300\/\" \/>\n<meta property=\"og:site_name\" content=\"Full Solutions\" \/>\n<meta property=\"article:modified_time\" content=\"2024-02-19T16:13:28+00:00\" \/>\n<meta property=\"og:image\" content=\"https:\/\/mlhff0prgoxu.i.optimole.com\/cb:s0sM.767\/w:auto\/h:auto\/q:mauto\/f:best\/https:\/\/fullsolutions.info\/wp-content\/uploads\/2024\/02\/SIEMENS-SITRANS-THR300.jpeg\" \/>\n\t<meta property=\"og:image:width\" content=\"576\" \/>\n\t<meta property=\"og:image:height\" content=\"576\" \/>\n\t<meta property=\"og:image:type\" content=\"image\/jpeg\" \/>\n<meta name=\"twitter:card\" content=\"summary_large_image\" \/>\n<meta name=\"twitter:label1\" content=\"Est. reading time\" \/>\n\t<meta name=\"twitter:data1\" content=\"1 minute\" \/>\n<script type=\"application\/ld+json\" class=\"yoast-schema-graph\">{\"@context\":\"https:\/\/schema.org\",\"@graph\":[{\"@type\":\"WebPage\",\"@id\":\"https:\/\/fullsolutions.info\/produto\/siemens-sitrans-thr300\/\",\"url\":\"https:\/\/fullsolutions.info\/produto\/siemens-sitrans-thr300\/\",\"name\":\"SIEMENS SITRANS THR300 - Full Solutions\",\"isPartOf\":{\"@id\":\"https:\/\/fullsolutions.info\/#website\"},\"primaryImageOfPage\":{\"@id\":\"https:\/\/fullsolutions.info\/produto\/siemens-sitrans-thr300\/#primaryimage\"},\"image\":{\"@id\":\"https:\/\/fullsolutions.info\/produto\/siemens-sitrans-thr300\/#primaryimage\"},\"thumbnailUrl\":\"https:\/\/mlhff0prgoxu.i.optimole.com\/cb:s0sM.767\/w:auto\/h:auto\/q:mauto\/f:best\/https:\/\/fullsolutions.info\/wp-content\/uploads\/2024\/02\/SIEMENS-SITRANS-THR300.jpeg\",\"datePublished\":\"2024-02-02T14:04:51+00:00\",\"dateModified\":\"2024-02-19T16:13:28+00:00\",\"breadcrumb\":{\"@id\":\"https:\/\/fullsolutions.info\/produto\/siemens-sitrans-thr300\/#breadcrumb\"},\"inLanguage\":\"en-US\",\"potentialAction\":[{\"@type\":\"ReadAction\",\"target\":[\"https:\/\/fullsolutions.info\/produto\/siemens-sitrans-thr300\/\"]}]},{\"@type\":\"ImageObject\",\"inLanguage\":\"en-US\",\"@id\":\"https:\/\/fullsolutions.info\/produto\/siemens-sitrans-thr300\/#primaryimage\",\"url\":\"https:\/\/mlhff0prgoxu.i.optimole.com\/cb:s0sM.767\/w:auto\/h:auto\/q:mauto\/f:best\/https:\/\/fullsolutions.info\/wp-content\/uploads\/2024\/02\/SIEMENS-SITRANS-THR300.jpeg\",\"contentUrl\":\"https:\/\/mlhff0prgoxu.i.optimole.com\/cb:s0sM.767\/w:auto\/h:auto\/q:mauto\/f:best\/https:\/\/fullsolutions.info\/wp-content\/uploads\/2024\/02\/SIEMENS-SITRANS-THR300.jpeg\",\"width\":576,\"height\":576},{\"@type\":\"BreadcrumbList\",\"@id\":\"https:\/\/fullsolutions.info\/produto\/siemens-sitrans-thr300\/#breadcrumb\",\"itemListElement\":[{\"@type\":\"ListItem\",\"position\":1,\"name\":\"In\u00edcio\",\"item\":\"https:\/\/fullsolutions.info\/\"},{\"@type\":\"ListItem\",\"position\":2,\"name\":\"Produtos\",\"item\":\"https:\/\/fullsolutions.info\/shop\/\"},{\"@type\":\"ListItem\",\"position\":3,\"name\":\"SIEMENS SITRANS THR300\"}]},{\"@type\":\"WebSite\",\"@id\":\"https:\/\/fullsolutions.info\/#website\",\"url\":\"https:\/\/fullsolutions.info\/\",\"name\":\"Full Solutions\",\"description\":\"Empresa na \u00c1rea de Procurement\",\"publisher\":{\"@id\":\"https:\/\/fullsolutions.info\/#organization\"},\"potentialAction\":[{\"@type\":\"SearchAction\",\"target\":{\"@type\":\"EntryPoint\",\"urlTemplate\":\"https:\/\/fullsolutions.info\/?s={search_term_string}\"},\"query-input\":{\"@type\":\"PropertyValueSpecification\",\"valueRequired\":true,\"valueName\":\"search_term_string\"}}],\"inLanguage\":\"en-US\"},{\"@type\":\"Organization\",\"@id\":\"https:\/\/fullsolutions.info\/#organization\",\"name\":\"Full Solutions\",\"url\":\"https:\/\/fullsolutions.info\/\",\"logo\":{\"@type\":\"ImageObject\",\"inLanguage\":\"en-US\",\"@id\":\"https:\/\/fullsolutions.info\/#\/schema\/logo\/image\/\",\"url\":\"https:\/\/mlhff0prgoxu.i.optimole.com\/cb:s0sM.767\/w:auto\/h:auto\/q:mauto\/f:best\/https:\/\/fullsolutions.info\/wp-content\/uploads\/2021\/07\/cropped-Design-sem-nome-300x193-1-e1627062664782.png\",\"contentUrl\":\"https:\/\/mlhff0prgoxu.i.optimole.com\/cb:s0sM.767\/w:auto\/h:auto\/q:mauto\/f:best\/https:\/\/fullsolutions.info\/wp-content\/uploads\/2021\/07\/cropped-Design-sem-nome-300x193-1-e1627062664782.png\",\"width\":202,\"height\":155,\"caption\":\"Full Solutions\"},\"image\":{\"@id\":\"https:\/\/fullsolutions.info\/#\/schema\/logo\/image\/\"},\"sameAs\":[\"https:\/\/www.linkedin.com\/company\/full-solutions-equipment\"]}]}<\/script>\n<!-- \/ Yoast SEO plugin. -->","yoast_head_json":{"title":"SIEMENS SITRANS THR300 - Full Solutions","robots":{"index":"index","follow":"follow","max-snippet":"max-snippet:-1","max-image-preview":"max-image-preview:large","max-video-preview":"max-video-preview:-1"},"canonical":"https:\/\/fullsolutions.info\/en\/product\/siemens-sitrans-thr300\/","og_locale":"en_US","og_type":"article","og_title":"SIEMENS SITRANS THR300 - Full Solutions","og_description":"Medi\u00e7\u00e3o de temperatura SIEMENS SITRANS TR300 | Transmissor ferrovi\u00e1rio O SITRANS TR300 com protocolo HART foi projetado para suportar todos os sensores comuns, termopares, resist\u00eancia e milivolts. A configura\u00e7\u00e3o \u00e9 r\u00e1pida e f\u00e1cil com SIMATIC PDM ou comunicador port\u00e1til. Detalhes exclusivos e f\u00e1ceis de usar s\u00e3o implementados: Sem abrir o circuito de 4-20 mA, a corrente de sa\u00edda pode ser lida diretamente com um mult\u00edmetro. Um LED vermelho\/verde mostra rapidamente o status ao t\u00e9cnico. &nbsp; Benef\u00edcios Mede a temperatura com um sinal de sa\u00edda linear Alta precis\u00e3o em toda a faixa de temperatura ambiente Reduz o ru\u00eddo da planta Sinal de alarme para ruptura ou curto-circuito do sensor conforme NAMUR 43 Compatibilidade eletromagn\u00e9tica (EMC) de acordo com DIN EN 61326 e NE21 Isolamento galv\u00e2nico para precis\u00e3o e seguran\u00e7a em aplica\u00e7\u00f5es de termopares Corte de ponto \u00fanico ou duplo Curva caracter\u00edstica personalizada para aplica\u00e7\u00e3o de sensores n\u00e3o padronizados Medi\u00e7\u00e3o de diferen\u00e7a e m\u00e9dia Diagn\u00f3stico extenso: por ex. indicador de arrasto e medidor de tempo Conjunto de corrente de sa\u00edda para simula\u00e7\u00e3o Vers\u00f5es protegidas contra explos\u00e3o para a Europa Design robusto, componentes eletr\u00f4nicos em vasos","og_url":"https:\/\/fullsolutions.info\/en\/product\/siemens-sitrans-thr300\/","og_site_name":"Full Solutions","article_modified_time":"2024-02-19T16:13:28+00:00","og_image":[{"width":576,"height":576,"url":"https:\/\/mlhff0prgoxu.i.optimole.com\/cb:s0sM.767\/w:auto\/h:auto\/q:mauto\/f:best\/https:\/\/fullsolutions.info\/wp-content\/uploads\/2024\/02\/SIEMENS-SITRANS-THR300.jpeg","type":"image\/jpeg"}],"twitter_card":"summary_large_image","twitter_misc":{"Est. reading time":"1 minute"},"schema":{"@context":"https:\/\/schema.org","@graph":[{"@type":"WebPage","@id":"https:\/\/fullsolutions.info\/produto\/siemens-sitrans-thr300\/","url":"https:\/\/fullsolutions.info\/produto\/siemens-sitrans-thr300\/","name":"SIEMENS SITRANS THR300 - Full Solutions","isPartOf":{"@id":"https:\/\/fullsolutions.info\/#website"},"primaryImageOfPage":{"@id":"https:\/\/fullsolutions.info\/produto\/siemens-sitrans-thr300\/#primaryimage"},"image":{"@id":"https:\/\/fullsolutions.info\/produto\/siemens-sitrans-thr300\/#primaryimage"},"thumbnailUrl":"https:\/\/mlhff0prgoxu.i.optimole.com\/cb:s0sM.767\/w:auto\/h:auto\/q:mauto\/f:best\/https:\/\/fullsolutions.info\/wp-content\/uploads\/2024\/02\/SIEMENS-SITRANS-THR300.jpeg","datePublished":"2024-02-02T14:04:51+00:00","dateModified":"2024-02-19T16:13:28+00:00","breadcrumb":{"@id":"https:\/\/fullsolutions.info\/produto\/siemens-sitrans-thr300\/#breadcrumb"},"inLanguage":"en-US","potentialAction":[{"@type":"ReadAction","target":["https:\/\/fullsolutions.info\/produto\/siemens-sitrans-thr300\/"]}]},{"@type":"ImageObject","inLanguage":"en-US","@id":"https:\/\/fullsolutions.info\/produto\/siemens-sitrans-thr300\/#primaryimage","url":"https:\/\/mlhff0prgoxu.i.optimole.com\/cb:s0sM.767\/w:auto\/h:auto\/q:mauto\/f:best\/https:\/\/fullsolutions.info\/wp-content\/uploads\/2024\/02\/SIEMENS-SITRANS-THR300.jpeg","contentUrl":"https:\/\/mlhff0prgoxu.i.optimole.com\/cb:s0sM.767\/w:auto\/h:auto\/q:mauto\/f:best\/https:\/\/fullsolutions.info\/wp-content\/uploads\/2024\/02\/SIEMENS-SITRANS-THR300.jpeg","width":576,"height":576},{"@type":"BreadcrumbList","@id":"https:\/\/fullsolutions.info\/produto\/siemens-sitrans-thr300\/#breadcrumb","itemListElement":[{"@type":"ListItem","position":1,"name":"In\u00edcio","item":"https:\/\/fullsolutions.info\/"},{"@type":"ListItem","position":2,"name":"Produtos","item":"https:\/\/fullsolutions.info\/shop\/"},{"@type":"ListItem","position":3,"name":"SIEMENS SITRANS THR300"}]},{"@type":"WebSite","@id":"https:\/\/fullsolutions.info\/#website","url":"https:\/\/fullsolutions.info\/","name":"Full Solutions","description":"Empresa na \u00c1rea de Procurement","publisher":{"@id":"https:\/\/fullsolutions.info\/#organization"},"potentialAction":[{"@type":"SearchAction","target":{"@type":"EntryPoint","urlTemplate":"https:\/\/fullsolutions.info\/?s={search_term_string}"},"query-input":{"@type":"PropertyValueSpecification","valueRequired":true,"valueName":"search_term_string"}}],"inLanguage":"en-US"},{"@type":"Organization","@id":"https:\/\/fullsolutions.info\/#organization","name":"Full Solutions","url":"https:\/\/fullsolutions.info\/","logo":{"@type":"ImageObject","inLanguage":"en-US","@id":"https:\/\/fullsolutions.info\/#\/schema\/logo\/image\/","url":"https:\/\/mlhff0prgoxu.i.optimole.com\/cb:s0sM.767\/w:auto\/h:auto\/q:mauto\/f:best\/https:\/\/fullsolutions.info\/wp-content\/uploads\/2021\/07\/cropped-Design-sem-nome-300x193-1-e1627062664782.png","contentUrl":"https:\/\/mlhff0prgoxu.i.optimole.com\/cb:s0sM.767\/w:auto\/h:auto\/q:mauto\/f:best\/https:\/\/fullsolutions.info\/wp-content\/uploads\/2021\/07\/cropped-Design-sem-nome-300x193-1-e1627062664782.png","width":202,"height":155,"caption":"Full Solutions"},"image":{"@id":"https:\/\/fullsolutions.info\/#\/schema\/logo\/image\/"},"sameAs":["https:\/\/www.linkedin.com\/company\/full-solutions-equipment"]}]}},"_links":{"self":[{"href":"https:\/\/fullsolutions.info\/en\/wp-json\/wp\/v2\/product\/4185","targetHints":{"allow":["GET"]}}],"collection":[{"href":"https:\/\/fullsolutions.info\/en\/wp-json\/wp\/v2\/product"}],"about":[{"href":"https:\/\/fullsolutions.info\/en\/wp-json\/wp\/v2\/types\/product"}],"replies":[{"embeddable":true,"href":"https:\/\/fullsolutions.info\/en\/wp-json\/wp\/v2\/comments?post=4185"}],"wp:featuredmedia":[{"embeddable":true,"href":"https:\/\/fullsolutions.info\/en\/wp-json\/wp\/v2\/media\/4188"}],"wp:attachment":[{"href":"https:\/\/fullsolutions.info\/en\/wp-json\/wp\/v2\/media?parent=4185"}],"wp:term":[{"taxonomy":"product_brand","embeddable":true,"href":"https:\/\/fullsolutions.info\/en\/wp-json\/wp\/v2\/product_brand?post=4185"},{"taxonomy":"product_cat","embeddable":true,"href":"https:\/\/fullsolutions.info\/en\/wp-json\/wp\/v2\/product_cat?post=4185"},{"taxonomy":"product_tag","embeddable":true,"href":"https:\/\/fullsolutions.info\/en\/wp-json\/wp\/v2\/product_tag?post=4185"},{"taxonomy":"marca","embeddable":true,"href":"https:\/\/fullsolutions.info\/en\/wp-json\/wp\/v2\/marca?post=4185"}],"curies":[{"name":"wp","href":"https:\/\/api.w.org\/{rel}","templated":true}]}}