{"id":4178,"date":"2024-02-02T13:57:57","date_gmt":"2024-02-02T13:57:57","guid":{"rendered":"https:\/\/fullsolutionsequip.com\/?post_type=product&#038;p=4178"},"modified":"2024-02-19T16:13:28","modified_gmt":"2024-02-19T16:13:28","slug":"siemens-sitrans-tf","status":"publish","type":"product","link":"https:\/\/fullsolutions.info\/en\/product\/siemens-sitrans-tf\/","title":{"rendered":"SIEMENS SITRANS TF"},"content":{"rendered":"<p>Medi\u00e7\u00e3o de temperatura SIEMENS SITRANS TF | Transmissor de campo<br \/>\nO SITRANS TF \u00e9 usado onde outros transmissores n\u00e3o conseguem lidar. Um ponto principal \u00e9 a classifica\u00e7\u00e3o IP67.<\/p>\n<p>SITRANS TF \u00e9 feito de alum\u00ednio fundido resistente ou a\u00e7o inoxid\u00e1vel de longa dura\u00e7\u00e3o. Ele transforma term\u00f4metros de resist\u00eancia, termopares, sinais Ohm e mV em uma corrente CC independente da carga correspondente \u00e0 caracter\u00edstica do sensor ou em um sinal digital conforme padr\u00e3o Fieldbus Profibus PA ou Foundation Fieldbus. O sensor montado remotamente evita que o transmissor aque\u00e7a em altas temperaturas; n\u00e3o h\u00e1 vibra\u00e7\u00f5es e oscila\u00e7\u00f5es devido aos tubos de pesco\u00e7o longo e tubos de prote\u00e7\u00e3o com SITRANS TF.<br \/>\nPara tags de dif\u00edcil acesso voc\u00ea pode montar seu SITRANS TF remotamente em locais de f\u00e1cil acesso e exibir o valor medido no display digital livremente program\u00e1vel (com vers\u00e3o 4 a 20 mA).<br \/>\nVoc\u00ea pode at\u00e9 usar o SITRANS TF em uma vers\u00e3o sem transmissor como uma unidade de exibi\u00e7\u00e3o de campo confort\u00e1vel para todos os sinais de 4 a 20 mA.<br \/>\nTodos os SITRANS TF est\u00e3o dispon\u00edveis em vers\u00e3o intrinsecamente segura ou \u00e0 prova de explos\u00e3o<\/p>\n<p>&nbsp;<\/p>\n<p>Benef\u00edcios<\/p>\n<p>Detec\u00e7\u00e3o local de valores medidos em display digital<br \/>\nGabinete robusto de duas c\u00e2maras em alum\u00ednio fundido ou a\u00e7o inoxid\u00e1vel<br \/>\nTerminais de teste para leitura direta do sinal de sa\u00edda sem interromper o circuito de corrente<\/p>","protected":false},"excerpt":{"rendered":"<p>Medi\u00e7\u00e3o de temperatura SIEMENS SITRANS TF | Transmissor de campo O SITRANS TF \u00e9 usado onde outros transmissores n\u00e3o conseguem lidar. Um ponto principal \u00e9 a classifica\u00e7\u00e3o IP67. SITRANS TF \u00e9 feito de alum\u00ednio fundido resistente ou a\u00e7o inoxid\u00e1vel de longa dura\u00e7\u00e3o. Ele transforma term\u00f4metros de resist\u00eancia, termopares, sinais Ohm e mV em uma corrente CC independente da carga correspondente \u00e0 caracter\u00edstica do sensor ou em um sinal digital conforme padr\u00e3o Fieldbus Profibus PA ou Foundation Fieldbus. O sensor montado remotamente evita que o transmissor aque\u00e7a em altas temperaturas; n\u00e3o h\u00e1 vibra\u00e7\u00f5es e oscila\u00e7\u00f5es devido aos tubos de pesco\u00e7o longo e tubos de prote\u00e7\u00e3o com SITRANS TF. Para tags de dif\u00edcil acesso voc\u00ea pode montar seu SITRANS TF remotamente em locais de f\u00e1cil acesso e exibir o valor medido no display digital livremente program\u00e1vel (com vers\u00e3o 4 a 20 mA). Voc\u00ea pode at\u00e9 usar o SITRANS TF em uma vers\u00e3o sem transmissor como uma unidade de exibi\u00e7\u00e3o de campo confort\u00e1vel para todos os sinais de 4 a 20 mA. Todos os SITRANS TF est\u00e3o dispon\u00edveis em vers\u00e3o intrinsecamente segura ou \u00e0 prova de explos\u00e3o &nbsp; Benef\u00edcios Detec\u00e7\u00e3o local de valores medidos em display digital Gabinete robusto de duas c\u00e2maras em alum\u00ednio fundido ou a\u00e7o inoxid\u00e1vel Terminais de teste para leitura direta do sinal de sa\u00edda sem interromper o circuito de corrente<\/p>","protected":false},"featured_media":4179,"comment_status":"open","ping_status":"closed","template":"","meta":{"_joinchat":[]},"product_brand":[],"product_cat":[140],"product_tag":[],"marca":[144],"class_list":{"0":"post-4178","1":"product","2":"type-product","3":"status-publish","4":"has-post-thumbnail","6":"product_cat-transmissores","7":"marca-siemens","9":"first","10":"instock","11":"shipping-taxable","12":"purchasable","13":"product-type-simple"},"yoast_head":"<!-- This site is optimized with the Yoast SEO plugin v27.2 - https:\/\/yoast.com\/product\/yoast-seo-wordpress\/ -->\n<title>SIEMENS SITRANS TF - Full Solutions<\/title>\n<meta name=\"robots\" content=\"index, follow, max-snippet:-1, max-image-preview:large, max-video-preview:-1\" \/>\n<link rel=\"canonical\" href=\"https:\/\/fullsolutions.info\/en\/product\/siemens-sitrans-tf\/\" \/>\n<meta property=\"og:locale\" content=\"en_US\" \/>\n<meta property=\"og:type\" content=\"article\" \/>\n<meta property=\"og:title\" content=\"SIEMENS SITRANS TF - Full Solutions\" \/>\n<meta property=\"og:description\" content=\"Medi\u00e7\u00e3o de temperatura SIEMENS SITRANS TF | Transmissor de campo O SITRANS TF \u00e9 usado onde outros transmissores n\u00e3o conseguem lidar. Um ponto principal \u00e9 a classifica\u00e7\u00e3o IP67. SITRANS TF \u00e9 feito de alum\u00ednio fundido resistente ou a\u00e7o inoxid\u00e1vel de longa dura\u00e7\u00e3o. Ele transforma term\u00f4metros de resist\u00eancia, termopares, sinais Ohm e mV em uma corrente CC independente da carga correspondente \u00e0 caracter\u00edstica do sensor ou em um sinal digital conforme padr\u00e3o Fieldbus Profibus PA ou Foundation Fieldbus. O sensor montado remotamente evita que o transmissor aque\u00e7a em altas temperaturas; n\u00e3o h\u00e1 vibra\u00e7\u00f5es e oscila\u00e7\u00f5es devido aos tubos de pesco\u00e7o longo e tubos de prote\u00e7\u00e3o com SITRANS TF. Para tags de dif\u00edcil acesso voc\u00ea pode montar seu SITRANS TF remotamente em locais de f\u00e1cil acesso e exibir o valor medido no display digital livremente program\u00e1vel (com vers\u00e3o 4 a 20 mA). Voc\u00ea pode at\u00e9 usar o SITRANS TF em uma vers\u00e3o sem transmissor como uma unidade de exibi\u00e7\u00e3o de campo confort\u00e1vel para todos os sinais de 4 a 20 mA. Todos os SITRANS TF est\u00e3o dispon\u00edveis em vers\u00e3o intrinsecamente segura ou \u00e0 prova de explos\u00e3o &nbsp; Benef\u00edcios Detec\u00e7\u00e3o local de valores medidos em display digital Gabinete robusto de duas c\u00e2maras em alum\u00ednio fundido ou a\u00e7o inoxid\u00e1vel Terminais de teste para leitura direta do sinal de sa\u00edda sem interromper o circuito de corrente\" \/>\n<meta property=\"og:url\" content=\"https:\/\/fullsolutions.info\/en\/product\/siemens-sitrans-tf\/\" \/>\n<meta property=\"og:site_name\" content=\"Full Solutions\" \/>\n<meta property=\"article:modified_time\" content=\"2024-02-19T16:13:28+00:00\" \/>\n<meta property=\"og:image\" content=\"https:\/\/mlhff0prgoxu.i.optimole.com\/cb:s0sM.767\/w:auto\/h:auto\/q:mauto\/f:best\/https:\/\/fullsolutions.info\/wp-content\/uploads\/2024\/02\/SIEMENS-SITRANS-TF.jpeg\" \/>\n\t<meta property=\"og:image:width\" content=\"576\" \/>\n\t<meta property=\"og:image:height\" content=\"576\" \/>\n\t<meta property=\"og:image:type\" content=\"image\/jpeg\" \/>\n<meta name=\"twitter:card\" content=\"summary_large_image\" \/>\n<meta name=\"twitter:label1\" content=\"Est. reading time\" \/>\n\t<meta name=\"twitter:data1\" content=\"1 minute\" \/>\n<script type=\"application\/ld+json\" class=\"yoast-schema-graph\">{\"@context\":\"https:\/\/schema.org\",\"@graph\":[{\"@type\":\"WebPage\",\"@id\":\"https:\/\/fullsolutions.info\/produto\/siemens-sitrans-tf\/\",\"url\":\"https:\/\/fullsolutions.info\/produto\/siemens-sitrans-tf\/\",\"name\":\"SIEMENS SITRANS TF - Full Solutions\",\"isPartOf\":{\"@id\":\"https:\/\/fullsolutions.info\/#website\"},\"primaryImageOfPage\":{\"@id\":\"https:\/\/fullsolutions.info\/produto\/siemens-sitrans-tf\/#primaryimage\"},\"image\":{\"@id\":\"https:\/\/fullsolutions.info\/produto\/siemens-sitrans-tf\/#primaryimage\"},\"thumbnailUrl\":\"https:\/\/mlhff0prgoxu.i.optimole.com\/cb:s0sM.767\/w:auto\/h:auto\/q:mauto\/f:best\/https:\/\/fullsolutions.info\/wp-content\/uploads\/2024\/02\/SIEMENS-SITRANS-TF.jpeg\",\"datePublished\":\"2024-02-02T13:57:57+00:00\",\"dateModified\":\"2024-02-19T16:13:28+00:00\",\"breadcrumb\":{\"@id\":\"https:\/\/fullsolutions.info\/produto\/siemens-sitrans-tf\/#breadcrumb\"},\"inLanguage\":\"en-US\",\"potentialAction\":[{\"@type\":\"ReadAction\",\"target\":[\"https:\/\/fullsolutions.info\/produto\/siemens-sitrans-tf\/\"]}]},{\"@type\":\"ImageObject\",\"inLanguage\":\"en-US\",\"@id\":\"https:\/\/fullsolutions.info\/produto\/siemens-sitrans-tf\/#primaryimage\",\"url\":\"https:\/\/mlhff0prgoxu.i.optimole.com\/cb:s0sM.767\/w:auto\/h:auto\/q:mauto\/f:best\/https:\/\/fullsolutions.info\/wp-content\/uploads\/2024\/02\/SIEMENS-SITRANS-TF.jpeg\",\"contentUrl\":\"https:\/\/mlhff0prgoxu.i.optimole.com\/cb:s0sM.767\/w:auto\/h:auto\/q:mauto\/f:best\/https:\/\/fullsolutions.info\/wp-content\/uploads\/2024\/02\/SIEMENS-SITRANS-TF.jpeg\",\"width\":576,\"height\":576},{\"@type\":\"BreadcrumbList\",\"@id\":\"https:\/\/fullsolutions.info\/produto\/siemens-sitrans-tf\/#breadcrumb\",\"itemListElement\":[{\"@type\":\"ListItem\",\"position\":1,\"name\":\"In\u00edcio\",\"item\":\"https:\/\/fullsolutions.info\/\"},{\"@type\":\"ListItem\",\"position\":2,\"name\":\"Produtos\",\"item\":\"https:\/\/fullsolutions.info\/shop\/\"},{\"@type\":\"ListItem\",\"position\":3,\"name\":\"SIEMENS SITRANS TF\"}]},{\"@type\":\"WebSite\",\"@id\":\"https:\/\/fullsolutions.info\/#website\",\"url\":\"https:\/\/fullsolutions.info\/\",\"name\":\"Full Solutions\",\"description\":\"Empresa na \u00c1rea de Procurement\",\"publisher\":{\"@id\":\"https:\/\/fullsolutions.info\/#organization\"},\"potentialAction\":[{\"@type\":\"SearchAction\",\"target\":{\"@type\":\"EntryPoint\",\"urlTemplate\":\"https:\/\/fullsolutions.info\/?s={search_term_string}\"},\"query-input\":{\"@type\":\"PropertyValueSpecification\",\"valueRequired\":true,\"valueName\":\"search_term_string\"}}],\"inLanguage\":\"en-US\"},{\"@type\":\"Organization\",\"@id\":\"https:\/\/fullsolutions.info\/#organization\",\"name\":\"Full Solutions\",\"url\":\"https:\/\/fullsolutions.info\/\",\"logo\":{\"@type\":\"ImageObject\",\"inLanguage\":\"en-US\",\"@id\":\"https:\/\/fullsolutions.info\/#\/schema\/logo\/image\/\",\"url\":\"https:\/\/mlhff0prgoxu.i.optimole.com\/cb:s0sM.767\/w:auto\/h:auto\/q:mauto\/f:best\/https:\/\/fullsolutions.info\/wp-content\/uploads\/2021\/07\/cropped-Design-sem-nome-300x193-1-e1627062664782.png\",\"contentUrl\":\"https:\/\/mlhff0prgoxu.i.optimole.com\/cb:s0sM.767\/w:auto\/h:auto\/q:mauto\/f:best\/https:\/\/fullsolutions.info\/wp-content\/uploads\/2021\/07\/cropped-Design-sem-nome-300x193-1-e1627062664782.png\",\"width\":202,\"height\":155,\"caption\":\"Full Solutions\"},\"image\":{\"@id\":\"https:\/\/fullsolutions.info\/#\/schema\/logo\/image\/\"},\"sameAs\":[\"https:\/\/www.linkedin.com\/company\/full-solutions-equipment\"]}]}<\/script>\n<!-- \/ Yoast SEO plugin. -->","yoast_head_json":{"title":"SIEMENS SITRANS TF - Full Solutions","robots":{"index":"index","follow":"follow","max-snippet":"max-snippet:-1","max-image-preview":"max-image-preview:large","max-video-preview":"max-video-preview:-1"},"canonical":"https:\/\/fullsolutions.info\/en\/product\/siemens-sitrans-tf\/","og_locale":"en_US","og_type":"article","og_title":"SIEMENS SITRANS TF - Full Solutions","og_description":"Medi\u00e7\u00e3o de temperatura SIEMENS SITRANS TF | Transmissor de campo O SITRANS TF \u00e9 usado onde outros transmissores n\u00e3o conseguem lidar. Um ponto principal \u00e9 a classifica\u00e7\u00e3o IP67. SITRANS TF \u00e9 feito de alum\u00ednio fundido resistente ou a\u00e7o inoxid\u00e1vel de longa dura\u00e7\u00e3o. Ele transforma term\u00f4metros de resist\u00eancia, termopares, sinais Ohm e mV em uma corrente CC independente da carga correspondente \u00e0 caracter\u00edstica do sensor ou em um sinal digital conforme padr\u00e3o Fieldbus Profibus PA ou Foundation Fieldbus. O sensor montado remotamente evita que o transmissor aque\u00e7a em altas temperaturas; n\u00e3o h\u00e1 vibra\u00e7\u00f5es e oscila\u00e7\u00f5es devido aos tubos de pesco\u00e7o longo e tubos de prote\u00e7\u00e3o com SITRANS TF. Para tags de dif\u00edcil acesso voc\u00ea pode montar seu SITRANS TF remotamente em locais de f\u00e1cil acesso e exibir o valor medido no display digital livremente program\u00e1vel (com vers\u00e3o 4 a 20 mA). Voc\u00ea pode at\u00e9 usar o SITRANS TF em uma vers\u00e3o sem transmissor como uma unidade de exibi\u00e7\u00e3o de campo confort\u00e1vel para todos os sinais de 4 a 20 mA. Todos os SITRANS TF est\u00e3o dispon\u00edveis em vers\u00e3o intrinsecamente segura ou \u00e0 prova de explos\u00e3o &nbsp; Benef\u00edcios Detec\u00e7\u00e3o local de valores medidos em display digital Gabinete robusto de duas c\u00e2maras em alum\u00ednio fundido ou a\u00e7o inoxid\u00e1vel Terminais de teste para leitura direta do sinal de sa\u00edda sem interromper o circuito de corrente","og_url":"https:\/\/fullsolutions.info\/en\/product\/siemens-sitrans-tf\/","og_site_name":"Full Solutions","article_modified_time":"2024-02-19T16:13:28+00:00","og_image":[{"width":576,"height":576,"url":"https:\/\/mlhff0prgoxu.i.optimole.com\/cb:s0sM.767\/w:auto\/h:auto\/q:mauto\/f:best\/https:\/\/fullsolutions.info\/wp-content\/uploads\/2024\/02\/SIEMENS-SITRANS-TF.jpeg","type":"image\/jpeg"}],"twitter_card":"summary_large_image","twitter_misc":{"Est. reading time":"1 minute"},"schema":{"@context":"https:\/\/schema.org","@graph":[{"@type":"WebPage","@id":"https:\/\/fullsolutions.info\/produto\/siemens-sitrans-tf\/","url":"https:\/\/fullsolutions.info\/produto\/siemens-sitrans-tf\/","name":"SIEMENS SITRANS TF - Full Solutions","isPartOf":{"@id":"https:\/\/fullsolutions.info\/#website"},"primaryImageOfPage":{"@id":"https:\/\/fullsolutions.info\/produto\/siemens-sitrans-tf\/#primaryimage"},"image":{"@id":"https:\/\/fullsolutions.info\/produto\/siemens-sitrans-tf\/#primaryimage"},"thumbnailUrl":"https:\/\/mlhff0prgoxu.i.optimole.com\/cb:s0sM.767\/w:auto\/h:auto\/q:mauto\/f:best\/https:\/\/fullsolutions.info\/wp-content\/uploads\/2024\/02\/SIEMENS-SITRANS-TF.jpeg","datePublished":"2024-02-02T13:57:57+00:00","dateModified":"2024-02-19T16:13:28+00:00","breadcrumb":{"@id":"https:\/\/fullsolutions.info\/produto\/siemens-sitrans-tf\/#breadcrumb"},"inLanguage":"en-US","potentialAction":[{"@type":"ReadAction","target":["https:\/\/fullsolutions.info\/produto\/siemens-sitrans-tf\/"]}]},{"@type":"ImageObject","inLanguage":"en-US","@id":"https:\/\/fullsolutions.info\/produto\/siemens-sitrans-tf\/#primaryimage","url":"https:\/\/mlhff0prgoxu.i.optimole.com\/cb:s0sM.767\/w:auto\/h:auto\/q:mauto\/f:best\/https:\/\/fullsolutions.info\/wp-content\/uploads\/2024\/02\/SIEMENS-SITRANS-TF.jpeg","contentUrl":"https:\/\/mlhff0prgoxu.i.optimole.com\/cb:s0sM.767\/w:auto\/h:auto\/q:mauto\/f:best\/https:\/\/fullsolutions.info\/wp-content\/uploads\/2024\/02\/SIEMENS-SITRANS-TF.jpeg","width":576,"height":576},{"@type":"BreadcrumbList","@id":"https:\/\/fullsolutions.info\/produto\/siemens-sitrans-tf\/#breadcrumb","itemListElement":[{"@type":"ListItem","position":1,"name":"In\u00edcio","item":"https:\/\/fullsolutions.info\/"},{"@type":"ListItem","position":2,"name":"Produtos","item":"https:\/\/fullsolutions.info\/shop\/"},{"@type":"ListItem","position":3,"name":"SIEMENS SITRANS TF"}]},{"@type":"WebSite","@id":"https:\/\/fullsolutions.info\/#website","url":"https:\/\/fullsolutions.info\/","name":"Full Solutions","description":"Empresa na \u00c1rea de Procurement","publisher":{"@id":"https:\/\/fullsolutions.info\/#organization"},"potentialAction":[{"@type":"SearchAction","target":{"@type":"EntryPoint","urlTemplate":"https:\/\/fullsolutions.info\/?s={search_term_string}"},"query-input":{"@type":"PropertyValueSpecification","valueRequired":true,"valueName":"search_term_string"}}],"inLanguage":"en-US"},{"@type":"Organization","@id":"https:\/\/fullsolutions.info\/#organization","name":"Full Solutions","url":"https:\/\/fullsolutions.info\/","logo":{"@type":"ImageObject","inLanguage":"en-US","@id":"https:\/\/fullsolutions.info\/#\/schema\/logo\/image\/","url":"https:\/\/mlhff0prgoxu.i.optimole.com\/cb:s0sM.767\/w:auto\/h:auto\/q:mauto\/f:best\/https:\/\/fullsolutions.info\/wp-content\/uploads\/2021\/07\/cropped-Design-sem-nome-300x193-1-e1627062664782.png","contentUrl":"https:\/\/mlhff0prgoxu.i.optimole.com\/cb:s0sM.767\/w:auto\/h:auto\/q:mauto\/f:best\/https:\/\/fullsolutions.info\/wp-content\/uploads\/2021\/07\/cropped-Design-sem-nome-300x193-1-e1627062664782.png","width":202,"height":155,"caption":"Full Solutions"},"image":{"@id":"https:\/\/fullsolutions.info\/#\/schema\/logo\/image\/"},"sameAs":["https:\/\/www.linkedin.com\/company\/full-solutions-equipment"]}]}},"_links":{"self":[{"href":"https:\/\/fullsolutions.info\/en\/wp-json\/wp\/v2\/product\/4178","targetHints":{"allow":["GET"]}}],"collection":[{"href":"https:\/\/fullsolutions.info\/en\/wp-json\/wp\/v2\/product"}],"about":[{"href":"https:\/\/fullsolutions.info\/en\/wp-json\/wp\/v2\/types\/product"}],"replies":[{"embeddable":true,"href":"https:\/\/fullsolutions.info\/en\/wp-json\/wp\/v2\/comments?post=4178"}],"wp:featuredmedia":[{"embeddable":true,"href":"https:\/\/fullsolutions.info\/en\/wp-json\/wp\/v2\/media\/4179"}],"wp:attachment":[{"href":"https:\/\/fullsolutions.info\/en\/wp-json\/wp\/v2\/media?parent=4178"}],"wp:term":[{"taxonomy":"product_brand","embeddable":true,"href":"https:\/\/fullsolutions.info\/en\/wp-json\/wp\/v2\/product_brand?post=4178"},{"taxonomy":"product_cat","embeddable":true,"href":"https:\/\/fullsolutions.info\/en\/wp-json\/wp\/v2\/product_cat?post=4178"},{"taxonomy":"product_tag","embeddable":true,"href":"https:\/\/fullsolutions.info\/en\/wp-json\/wp\/v2\/product_tag?post=4178"},{"taxonomy":"marca","embeddable":true,"href":"https:\/\/fullsolutions.info\/en\/wp-json\/wp\/v2\/marca?post=4178"}],"curies":[{"name":"wp","href":"https:\/\/api.w.org\/{rel}","templated":true}]}}