{"id":4176,"date":"2024-02-02T13:58:52","date_gmt":"2024-02-02T13:58:52","guid":{"rendered":"https:\/\/fullsolutionsequip.com\/?post_type=product&#038;p=4176"},"modified":"2024-02-19T16:13:28","modified_gmt":"2024-02-19T16:13:28","slug":"medidor-de-vazao-8705-8712","status":"publish","type":"product","link":"https:\/\/fullsolutions.info\/en\/product\/medidor-de-vazao-8705-8712\/","title":{"rendered":"Medidor de Vaz\u00e3o 8705\/8712"},"content":{"rendered":"<p>O sistema de medidor de vaz\u00e3o magn\u00e9tico da s\u00e9rie 8700, que consiste em um tubo de vaz\u00e3o magn\u00e9tico 8705, cabo de sinal e um transmissor da s\u00e9rie 8712, mede a vaz\u00e3o de l\u00edquidos condutores e transmite um sinal el\u00e9trico proporcional.<\/p>\n<p>Especifica\u00e7\u00f5es:<br \/>\nFaixa<\/p>\n<p>30 p\u00e9s\/s (10m\/s)<br \/>\nPrecis\u00e3o<\/p>\n<p>+ \u2013 0,5% da taxa de 1 a 30 p\u00e9s\/s (0,3 a 10 m\/s)<br \/>\nInclui efeitos combinados de linearidade, histerese, repetibilidade e incerteza de calibra\u00e7\u00e3o<br \/>\nA precis\u00e3o \u00e9 de + \u2013 0,005 p\u00e9s\/s(+ \u2013 0,0015 m\/s) do corte de baixo fluxo a 1,0 p\u00e9s\/s (0,3 m\/s)<br \/>\nMateriais<\/p>\n<p>N\u00e3o molhado: Tubo de fluxo soldado com carca\u00e7a, a\u00e7o inoxid\u00e1vel AISI tipo 304 ou a\u00e7o inoxid\u00e1vel tipo 316L<br \/>\nFlanges &#8211; a\u00e7o carbono, AISI tipo 304 SST ou tipo 316L SST<br \/>\nMolhado: Forro &#8211; Teflon (PTFE), Tefzel (ETFE), poliuretano, neoprene, Linato<br \/>\nEletrodos \u2013 SST 316L, Hastelloy C-276, t\u00e2ntalo, 90% platina-10% ir\u00eddio, tit\u00e2nio<br \/>\nTamanho<\/p>\n<p>1\/2-36 polegadas (15-900mm)<\/p>","protected":false},"excerpt":{"rendered":"<p>O sistema de medidor de vaz\u00e3o magn\u00e9tico da s\u00e9rie 8700, que consiste em um tubo de vaz\u00e3o magn\u00e9tico 8705, cabo de sinal e um transmissor da s\u00e9rie 8712, mede a vaz\u00e3o de l\u00edquidos condutores e transmite um sinal el\u00e9trico proporcional. Especifica\u00e7\u00f5es: Faixa 30 p\u00e9s\/s (10m\/s) Precis\u00e3o + \u2013 0,5% da taxa de 1 a 30 p\u00e9s\/s (0,3 a 10 m\/s) Inclui efeitos combinados de linearidade, histerese, repetibilidade e incerteza de calibra\u00e7\u00e3o A precis\u00e3o \u00e9 de + \u2013 0,005 p\u00e9s\/s(+ \u2013 0,0015 m\/s) do corte de baixo fluxo a 1,0 p\u00e9s\/s (0,3 m\/s) Materiais N\u00e3o molhado: Tubo de fluxo soldado com carca\u00e7a, a\u00e7o inoxid\u00e1vel AISI tipo 304 ou a\u00e7o inoxid\u00e1vel tipo 316L Flanges &#8211; a\u00e7o carbono, AISI tipo 304 SST ou tipo 316L SST Molhado: Forro &#8211; Teflon (PTFE), Tefzel (ETFE), poliuretano, neoprene, Linato Eletrodos \u2013 SST 316L, Hastelloy C-276, t\u00e2ntalo, 90% platina-10% ir\u00eddio, tit\u00e2nio Tamanho 1\/2-36 polegadas (15-900mm)<\/p>","protected":false},"featured_media":4181,"comment_status":"open","ping_status":"closed","template":"","meta":{"_joinchat":[]},"product_brand":[],"product_cat":[146],"product_tag":[],"marca":[141],"class_list":{"0":"post-4176","1":"product","2":"type-product","3":"status-publish","4":"has-post-thumbnail","6":"product_cat-medidores-de-vazao-e-tubos-de-vazao","7":"marca-rosemount","9":"first","10":"instock","11":"shipping-taxable","12":"purchasable","13":"product-type-simple"},"yoast_head":"<!-- This site is optimized with the Yoast SEO plugin v27.2 - https:\/\/yoast.com\/product\/yoast-seo-wordpress\/ -->\n<title>Medidor de Vaz\u00e3o 8705\/8712 - Full Solutions<\/title>\n<meta name=\"robots\" content=\"index, follow, max-snippet:-1, max-image-preview:large, max-video-preview:-1\" \/>\n<link rel=\"canonical\" href=\"https:\/\/fullsolutions.info\/en\/product\/medidor-de-vazao-8705-8712\/\" \/>\n<meta property=\"og:locale\" content=\"en_US\" \/>\n<meta property=\"og:type\" content=\"article\" \/>\n<meta property=\"og:title\" content=\"Medidor de Vaz\u00e3o 8705\/8712 - Full Solutions\" \/>\n<meta property=\"og:description\" content=\"O sistema de medidor de vaz\u00e3o magn\u00e9tico da s\u00e9rie 8700, que consiste em um tubo de vaz\u00e3o magn\u00e9tico 8705, cabo de sinal e um transmissor da s\u00e9rie 8712, mede a vaz\u00e3o de l\u00edquidos condutores e transmite um sinal el\u00e9trico proporcional. Especifica\u00e7\u00f5es: Faixa 30 p\u00e9s\/s (10m\/s) Precis\u00e3o + \u2013 0,5% da taxa de 1 a 30 p\u00e9s\/s (0,3 a 10 m\/s) Inclui efeitos combinados de linearidade, histerese, repetibilidade e incerteza de calibra\u00e7\u00e3o A precis\u00e3o \u00e9 de + \u2013 0,005 p\u00e9s\/s(+ \u2013 0,0015 m\/s) do corte de baixo fluxo a 1,0 p\u00e9s\/s (0,3 m\/s) Materiais N\u00e3o molhado: Tubo de fluxo soldado com carca\u00e7a, a\u00e7o inoxid\u00e1vel AISI tipo 304 ou a\u00e7o inoxid\u00e1vel tipo 316L Flanges &#8211; a\u00e7o carbono, AISI tipo 304 SST ou tipo 316L SST Molhado: Forro &#8211; Teflon (PTFE), Tefzel (ETFE), poliuretano, neoprene, Linato Eletrodos \u2013 SST 316L, Hastelloy C-276, t\u00e2ntalo, 90% platina-10% ir\u00eddio, tit\u00e2nio Tamanho 1\/2-36 polegadas (15-900mm)\" \/>\n<meta property=\"og:url\" content=\"https:\/\/fullsolutions.info\/en\/product\/medidor-de-vazao-8705-8712\/\" \/>\n<meta property=\"og:site_name\" content=\"Full Solutions\" \/>\n<meta property=\"article:modified_time\" content=\"2024-02-19T16:13:28+00:00\" \/>\n<meta property=\"og:image\" content=\"https:\/\/mlhff0prgoxu.i.optimole.com\/cb:s0sM.767\/w:auto\/h:auto\/q:mauto\/f:best\/https:\/\/fullsolutions.info\/wp-content\/uploads\/2024\/02\/Rosemount-8705_8712C-1.jpg\" \/>\n\t<meta property=\"og:image:width\" content=\"600\" \/>\n\t<meta property=\"og:image:height\" content=\"600\" \/>\n\t<meta property=\"og:image:type\" content=\"image\/jpeg\" \/>\n<meta name=\"twitter:card\" content=\"summary_large_image\" \/>\n<meta name=\"twitter:label1\" content=\"Est. reading time\" \/>\n\t<meta name=\"twitter:data1\" content=\"1 minute\" \/>\n<script type=\"application\/ld+json\" class=\"yoast-schema-graph\">{\"@context\":\"https:\/\/schema.org\",\"@graph\":[{\"@type\":\"WebPage\",\"@id\":\"https:\/\/fullsolutions.info\/produto\/medidor-de-vazao-8705-8712\/\",\"url\":\"https:\/\/fullsolutions.info\/produto\/medidor-de-vazao-8705-8712\/\",\"name\":\"Medidor de Vaz\u00e3o 8705\/8712 - Full Solutions\",\"isPartOf\":{\"@id\":\"https:\/\/fullsolutions.info\/#website\"},\"primaryImageOfPage\":{\"@id\":\"https:\/\/fullsolutions.info\/produto\/medidor-de-vazao-8705-8712\/#primaryimage\"},\"image\":{\"@id\":\"https:\/\/fullsolutions.info\/produto\/medidor-de-vazao-8705-8712\/#primaryimage\"},\"thumbnailUrl\":\"https:\/\/mlhff0prgoxu.i.optimole.com\/cb:s0sM.767\/w:auto\/h:auto\/q:mauto\/f:best\/https:\/\/fullsolutions.info\/wp-content\/uploads\/2024\/02\/Rosemount-8705_8712C-1.jpg\",\"datePublished\":\"2024-02-02T13:58:52+00:00\",\"dateModified\":\"2024-02-19T16:13:28+00:00\",\"breadcrumb\":{\"@id\":\"https:\/\/fullsolutions.info\/produto\/medidor-de-vazao-8705-8712\/#breadcrumb\"},\"inLanguage\":\"en-US\",\"potentialAction\":[{\"@type\":\"ReadAction\",\"target\":[\"https:\/\/fullsolutions.info\/produto\/medidor-de-vazao-8705-8712\/\"]}]},{\"@type\":\"ImageObject\",\"inLanguage\":\"en-US\",\"@id\":\"https:\/\/fullsolutions.info\/produto\/medidor-de-vazao-8705-8712\/#primaryimage\",\"url\":\"https:\/\/mlhff0prgoxu.i.optimole.com\/cb:s0sM.767\/w:auto\/h:auto\/q:mauto\/f:best\/https:\/\/fullsolutions.info\/wp-content\/uploads\/2024\/02\/Rosemount-8705_8712C-1.jpg\",\"contentUrl\":\"https:\/\/mlhff0prgoxu.i.optimole.com\/cb:s0sM.767\/w:auto\/h:auto\/q:mauto\/f:best\/https:\/\/fullsolutions.info\/wp-content\/uploads\/2024\/02\/Rosemount-8705_8712C-1.jpg\",\"width\":600,\"height\":600},{\"@type\":\"BreadcrumbList\",\"@id\":\"https:\/\/fullsolutions.info\/produto\/medidor-de-vazao-8705-8712\/#breadcrumb\",\"itemListElement\":[{\"@type\":\"ListItem\",\"position\":1,\"name\":\"In\u00edcio\",\"item\":\"https:\/\/fullsolutions.info\/\"},{\"@type\":\"ListItem\",\"position\":2,\"name\":\"Produtos\",\"item\":\"https:\/\/fullsolutions.info\/shop\/\"},{\"@type\":\"ListItem\",\"position\":3,\"name\":\"Medidor de Vaz\u00e3o 8705\/8712\"}]},{\"@type\":\"WebSite\",\"@id\":\"https:\/\/fullsolutions.info\/#website\",\"url\":\"https:\/\/fullsolutions.info\/\",\"name\":\"Full Solutions\",\"description\":\"Empresa na \u00c1rea de Procurement\",\"publisher\":{\"@id\":\"https:\/\/fullsolutions.info\/#organization\"},\"potentialAction\":[{\"@type\":\"SearchAction\",\"target\":{\"@type\":\"EntryPoint\",\"urlTemplate\":\"https:\/\/fullsolutions.info\/?s={search_term_string}\"},\"query-input\":{\"@type\":\"PropertyValueSpecification\",\"valueRequired\":true,\"valueName\":\"search_term_string\"}}],\"inLanguage\":\"en-US\"},{\"@type\":\"Organization\",\"@id\":\"https:\/\/fullsolutions.info\/#organization\",\"name\":\"Full Solutions\",\"url\":\"https:\/\/fullsolutions.info\/\",\"logo\":{\"@type\":\"ImageObject\",\"inLanguage\":\"en-US\",\"@id\":\"https:\/\/fullsolutions.info\/#\/schema\/logo\/image\/\",\"url\":\"https:\/\/mlhff0prgoxu.i.optimole.com\/cb:s0sM.767\/w:auto\/h:auto\/q:mauto\/f:best\/https:\/\/fullsolutions.info\/wp-content\/uploads\/2021\/07\/cropped-Design-sem-nome-300x193-1-e1627062664782.png\",\"contentUrl\":\"https:\/\/mlhff0prgoxu.i.optimole.com\/cb:s0sM.767\/w:auto\/h:auto\/q:mauto\/f:best\/https:\/\/fullsolutions.info\/wp-content\/uploads\/2021\/07\/cropped-Design-sem-nome-300x193-1-e1627062664782.png\",\"width\":202,\"height\":155,\"caption\":\"Full Solutions\"},\"image\":{\"@id\":\"https:\/\/fullsolutions.info\/#\/schema\/logo\/image\/\"},\"sameAs\":[\"https:\/\/www.linkedin.com\/company\/full-solutions-equipment\"]}]}<\/script>\n<!-- \/ Yoast SEO plugin. -->","yoast_head_json":{"title":"Medidor de Vaz\u00e3o 8705\/8712 - Full Solutions","robots":{"index":"index","follow":"follow","max-snippet":"max-snippet:-1","max-image-preview":"max-image-preview:large","max-video-preview":"max-video-preview:-1"},"canonical":"https:\/\/fullsolutions.info\/en\/product\/medidor-de-vazao-8705-8712\/","og_locale":"en_US","og_type":"article","og_title":"Medidor de Vaz\u00e3o 8705\/8712 - Full Solutions","og_description":"O sistema de medidor de vaz\u00e3o magn\u00e9tico da s\u00e9rie 8700, que consiste em um tubo de vaz\u00e3o magn\u00e9tico 8705, cabo de sinal e um transmissor da s\u00e9rie 8712, mede a vaz\u00e3o de l\u00edquidos condutores e transmite um sinal el\u00e9trico proporcional. Especifica\u00e7\u00f5es: Faixa 30 p\u00e9s\/s (10m\/s) Precis\u00e3o + \u2013 0,5% da taxa de 1 a 30 p\u00e9s\/s (0,3 a 10 m\/s) Inclui efeitos combinados de linearidade, histerese, repetibilidade e incerteza de calibra\u00e7\u00e3o A precis\u00e3o \u00e9 de + \u2013 0,005 p\u00e9s\/s(+ \u2013 0,0015 m\/s) do corte de baixo fluxo a 1,0 p\u00e9s\/s (0,3 m\/s) Materiais N\u00e3o molhado: Tubo de fluxo soldado com carca\u00e7a, a\u00e7o inoxid\u00e1vel AISI tipo 304 ou a\u00e7o inoxid\u00e1vel tipo 316L Flanges &#8211; a\u00e7o carbono, AISI tipo 304 SST ou tipo 316L SST Molhado: Forro &#8211; Teflon (PTFE), Tefzel (ETFE), poliuretano, neoprene, Linato Eletrodos \u2013 SST 316L, Hastelloy C-276, t\u00e2ntalo, 90% platina-10% ir\u00eddio, tit\u00e2nio Tamanho 1\/2-36 polegadas (15-900mm)","og_url":"https:\/\/fullsolutions.info\/en\/product\/medidor-de-vazao-8705-8712\/","og_site_name":"Full Solutions","article_modified_time":"2024-02-19T16:13:28+00:00","og_image":[{"width":600,"height":600,"url":"https:\/\/mlhff0prgoxu.i.optimole.com\/cb:s0sM.767\/w:auto\/h:auto\/q:mauto\/f:best\/https:\/\/fullsolutions.info\/wp-content\/uploads\/2024\/02\/Rosemount-8705_8712C-1.jpg","type":"image\/jpeg"}],"twitter_card":"summary_large_image","twitter_misc":{"Est. reading time":"1 minute"},"schema":{"@context":"https:\/\/schema.org","@graph":[{"@type":"WebPage","@id":"https:\/\/fullsolutions.info\/produto\/medidor-de-vazao-8705-8712\/","url":"https:\/\/fullsolutions.info\/produto\/medidor-de-vazao-8705-8712\/","name":"Medidor de Vaz\u00e3o 8705\/8712 - Full Solutions","isPartOf":{"@id":"https:\/\/fullsolutions.info\/#website"},"primaryImageOfPage":{"@id":"https:\/\/fullsolutions.info\/produto\/medidor-de-vazao-8705-8712\/#primaryimage"},"image":{"@id":"https:\/\/fullsolutions.info\/produto\/medidor-de-vazao-8705-8712\/#primaryimage"},"thumbnailUrl":"https:\/\/mlhff0prgoxu.i.optimole.com\/cb:s0sM.767\/w:auto\/h:auto\/q:mauto\/f:best\/https:\/\/fullsolutions.info\/wp-content\/uploads\/2024\/02\/Rosemount-8705_8712C-1.jpg","datePublished":"2024-02-02T13:58:52+00:00","dateModified":"2024-02-19T16:13:28+00:00","breadcrumb":{"@id":"https:\/\/fullsolutions.info\/produto\/medidor-de-vazao-8705-8712\/#breadcrumb"},"inLanguage":"en-US","potentialAction":[{"@type":"ReadAction","target":["https:\/\/fullsolutions.info\/produto\/medidor-de-vazao-8705-8712\/"]}]},{"@type":"ImageObject","inLanguage":"en-US","@id":"https:\/\/fullsolutions.info\/produto\/medidor-de-vazao-8705-8712\/#primaryimage","url":"https:\/\/mlhff0prgoxu.i.optimole.com\/cb:s0sM.767\/w:auto\/h:auto\/q:mauto\/f:best\/https:\/\/fullsolutions.info\/wp-content\/uploads\/2024\/02\/Rosemount-8705_8712C-1.jpg","contentUrl":"https:\/\/mlhff0prgoxu.i.optimole.com\/cb:s0sM.767\/w:auto\/h:auto\/q:mauto\/f:best\/https:\/\/fullsolutions.info\/wp-content\/uploads\/2024\/02\/Rosemount-8705_8712C-1.jpg","width":600,"height":600},{"@type":"BreadcrumbList","@id":"https:\/\/fullsolutions.info\/produto\/medidor-de-vazao-8705-8712\/#breadcrumb","itemListElement":[{"@type":"ListItem","position":1,"name":"In\u00edcio","item":"https:\/\/fullsolutions.info\/"},{"@type":"ListItem","position":2,"name":"Produtos","item":"https:\/\/fullsolutions.info\/shop\/"},{"@type":"ListItem","position":3,"name":"Medidor de Vaz\u00e3o 8705\/8712"}]},{"@type":"WebSite","@id":"https:\/\/fullsolutions.info\/#website","url":"https:\/\/fullsolutions.info\/","name":"Full Solutions","description":"Empresa na \u00c1rea de Procurement","publisher":{"@id":"https:\/\/fullsolutions.info\/#organization"},"potentialAction":[{"@type":"SearchAction","target":{"@type":"EntryPoint","urlTemplate":"https:\/\/fullsolutions.info\/?s={search_term_string}"},"query-input":{"@type":"PropertyValueSpecification","valueRequired":true,"valueName":"search_term_string"}}],"inLanguage":"en-US"},{"@type":"Organization","@id":"https:\/\/fullsolutions.info\/#organization","name":"Full Solutions","url":"https:\/\/fullsolutions.info\/","logo":{"@type":"ImageObject","inLanguage":"en-US","@id":"https:\/\/fullsolutions.info\/#\/schema\/logo\/image\/","url":"https:\/\/mlhff0prgoxu.i.optimole.com\/cb:s0sM.767\/w:auto\/h:auto\/q:mauto\/f:best\/https:\/\/fullsolutions.info\/wp-content\/uploads\/2021\/07\/cropped-Design-sem-nome-300x193-1-e1627062664782.png","contentUrl":"https:\/\/mlhff0prgoxu.i.optimole.com\/cb:s0sM.767\/w:auto\/h:auto\/q:mauto\/f:best\/https:\/\/fullsolutions.info\/wp-content\/uploads\/2021\/07\/cropped-Design-sem-nome-300x193-1-e1627062664782.png","width":202,"height":155,"caption":"Full Solutions"},"image":{"@id":"https:\/\/fullsolutions.info\/#\/schema\/logo\/image\/"},"sameAs":["https:\/\/www.linkedin.com\/company\/full-solutions-equipment"]}]}},"_links":{"self":[{"href":"https:\/\/fullsolutions.info\/en\/wp-json\/wp\/v2\/product\/4176","targetHints":{"allow":["GET"]}}],"collection":[{"href":"https:\/\/fullsolutions.info\/en\/wp-json\/wp\/v2\/product"}],"about":[{"href":"https:\/\/fullsolutions.info\/en\/wp-json\/wp\/v2\/types\/product"}],"replies":[{"embeddable":true,"href":"https:\/\/fullsolutions.info\/en\/wp-json\/wp\/v2\/comments?post=4176"}],"wp:featuredmedia":[{"embeddable":true,"href":"https:\/\/fullsolutions.info\/en\/wp-json\/wp\/v2\/media\/4181"}],"wp:attachment":[{"href":"https:\/\/fullsolutions.info\/en\/wp-json\/wp\/v2\/media?parent=4176"}],"wp:term":[{"taxonomy":"product_brand","embeddable":true,"href":"https:\/\/fullsolutions.info\/en\/wp-json\/wp\/v2\/product_brand?post=4176"},{"taxonomy":"product_cat","embeddable":true,"href":"https:\/\/fullsolutions.info\/en\/wp-json\/wp\/v2\/product_cat?post=4176"},{"taxonomy":"product_tag","embeddable":true,"href":"https:\/\/fullsolutions.info\/en\/wp-json\/wp\/v2\/product_tag?post=4176"},{"taxonomy":"marca","embeddable":true,"href":"https:\/\/fullsolutions.info\/en\/wp-json\/wp\/v2\/marca?post=4176"}],"curies":[{"name":"wp","href":"https:\/\/api.w.org\/{rel}","templated":true}]}}