{"id":4175,"date":"2024-02-02T13:56:17","date_gmt":"2024-02-02T13:56:17","guid":{"rendered":"https:\/\/fullsolutionsequip.com\/?post_type=product&#038;p=4175"},"modified":"2024-02-19T16:13:28","modified_gmt":"2024-02-19T16:13:28","slug":"siemens-sitrans-tf280","status":"publish","type":"product","link":"https:\/\/fullsolutions.info\/en\/product\/siemens-sitrans-tf280\/","title":{"rendered":"SIEMENS SITRANS TF280"},"content":{"rendered":"<p>Medi\u00e7\u00e3o de temperatura SIEMENS SITRANS TF280 | Transmissor de campo<br \/>\nO SITRANS TF280 \u00e9 um transmissor de temperatura WirelessHART que fornece todos os valores de processo medidos, bem como informa\u00e7\u00f5es de diagn\u00f3stico, par\u00e2metros e fun\u00e7\u00f5es via r\u00e1dio. O dispositivo \u00e9 alimentado por uma bateria interna e projetado para um consumo de energia ultrabaixo. Seu design compacto e robusto o torna especialmente adequado para montagem direta em tanques e tubula\u00e7\u00f5es em partes remotas de plantas e em equipamentos m\u00f3veis ou rotativos para monitoramento de processos ou aplica\u00e7\u00f5es de gerenciamento de ativos.<\/p>\n<p>&nbsp;<\/p>\n<p>Benef\u00edcios<\/p>\n<p>Display LCD com itens e \u00edcones funcionais, display selecion\u00e1vel em ingl\u00eas e alem\u00e3o<br \/>\nBot\u00f5es pr\u00e1ticos: Tr\u00eas bot\u00f5es para m\u00e1xima efici\u00eancia para configura\u00e7\u00e3o, diagn\u00f3stico, comunica\u00e7\u00e3o e configura\u00e7\u00f5es de seguran\u00e7a sem dispositivos ou ferramentas adicionais<br \/>\nFun\u00e7\u00e3o de retroilumina\u00e7\u00e3o de f\u00e1cil manuten\u00e7\u00e3o<br \/>\nModo de suspens\u00e3o para gerenciamento eficiente da vida \u00fatil da bateria<br \/>\nExibi\u00e7\u00e3o do status da bateria no LCD e na vis\u00e3o geral da rede<br \/>\nPrecis\u00e3o de medi\u00e7\u00e3o precisa para maior produtividade<br \/>\nVisor girat\u00f3rio de 90 e 180 graus<br \/>\nConfigur\u00e1vel com ferramentas padr\u00e3o que suportam EDD \u2013 e. g. com SIMATIC PDM<br \/>\nCabo de extens\u00e3o para instala\u00e7\u00e3o separada do sensor<br \/>\nPorta f\u00edsica de manuten\u00e7\u00e3o HART para comissionamento<\/p>","protected":false},"excerpt":{"rendered":"<p>Medi\u00e7\u00e3o de temperatura SIEMENS SITRANS TF280 | Transmissor de campo O SITRANS TF280 \u00e9 um transmissor de temperatura WirelessHART que fornece todos os valores de processo medidos, bem como informa\u00e7\u00f5es de diagn\u00f3stico, par\u00e2metros e fun\u00e7\u00f5es via r\u00e1dio. O dispositivo \u00e9 alimentado por uma bateria interna e projetado para um consumo de energia ultrabaixo. Seu design compacto e robusto o torna especialmente adequado para montagem direta em tanques e tubula\u00e7\u00f5es em partes remotas de plantas e em equipamentos m\u00f3veis ou rotativos para monitoramento de processos ou aplica\u00e7\u00f5es de gerenciamento de ativos. &nbsp; Benef\u00edcios Display LCD com itens e \u00edcones funcionais, display selecion\u00e1vel em ingl\u00eas e alem\u00e3o Bot\u00f5es pr\u00e1ticos: Tr\u00eas bot\u00f5es para m\u00e1xima efici\u00eancia para configura\u00e7\u00e3o, diagn\u00f3stico, comunica\u00e7\u00e3o e configura\u00e7\u00f5es de seguran\u00e7a sem dispositivos ou ferramentas adicionais Fun\u00e7\u00e3o de retroilumina\u00e7\u00e3o de f\u00e1cil manuten\u00e7\u00e3o Modo de suspens\u00e3o para gerenciamento eficiente da vida \u00fatil da bateria Exibi\u00e7\u00e3o do status da bateria no LCD e na vis\u00e3o geral da rede Precis\u00e3o de medi\u00e7\u00e3o precisa para maior produtividade Visor girat\u00f3rio de 90 e 180 graus Configur\u00e1vel com ferramentas padr\u00e3o que suportam EDD \u2013 e. g. com SIMATIC PDM Cabo de extens\u00e3o para instala\u00e7\u00e3o separada do sensor Porta f\u00edsica de manuten\u00e7\u00e3o HART para comissionamento<\/p>","protected":false},"featured_media":4177,"comment_status":"open","ping_status":"closed","template":"","meta":{"_joinchat":[]},"product_brand":[],"product_cat":[140],"product_tag":[],"marca":[144],"class_list":{"0":"post-4175","1":"product","2":"type-product","3":"status-publish","4":"has-post-thumbnail","6":"product_cat-transmissores","7":"marca-siemens","9":"first","10":"instock","11":"shipping-taxable","12":"purchasable","13":"product-type-simple"},"yoast_head":"<!-- This site is optimized with the Yoast SEO plugin v27.2 - https:\/\/yoast.com\/product\/yoast-seo-wordpress\/ -->\n<title>SIEMENS SITRANS TF280 - Full Solutions<\/title>\n<meta name=\"robots\" content=\"index, follow, max-snippet:-1, max-image-preview:large, max-video-preview:-1\" \/>\n<link rel=\"canonical\" href=\"https:\/\/fullsolutions.info\/en\/product\/siemens-sitrans-tf280\/\" \/>\n<meta property=\"og:locale\" content=\"en_US\" \/>\n<meta property=\"og:type\" content=\"article\" \/>\n<meta property=\"og:title\" content=\"SIEMENS SITRANS TF280 - Full Solutions\" \/>\n<meta property=\"og:description\" content=\"Medi\u00e7\u00e3o de temperatura SIEMENS SITRANS TF280 | Transmissor de campo O SITRANS TF280 \u00e9 um transmissor de temperatura WirelessHART que fornece todos os valores de processo medidos, bem como informa\u00e7\u00f5es de diagn\u00f3stico, par\u00e2metros e fun\u00e7\u00f5es via r\u00e1dio. O dispositivo \u00e9 alimentado por uma bateria interna e projetado para um consumo de energia ultrabaixo. Seu design compacto e robusto o torna especialmente adequado para montagem direta em tanques e tubula\u00e7\u00f5es em partes remotas de plantas e em equipamentos m\u00f3veis ou rotativos para monitoramento de processos ou aplica\u00e7\u00f5es de gerenciamento de ativos. &nbsp; Benef\u00edcios Display LCD com itens e \u00edcones funcionais, display selecion\u00e1vel em ingl\u00eas e alem\u00e3o Bot\u00f5es pr\u00e1ticos: Tr\u00eas bot\u00f5es para m\u00e1xima efici\u00eancia para configura\u00e7\u00e3o, diagn\u00f3stico, comunica\u00e7\u00e3o e configura\u00e7\u00f5es de seguran\u00e7a sem dispositivos ou ferramentas adicionais Fun\u00e7\u00e3o de retroilumina\u00e7\u00e3o de f\u00e1cil manuten\u00e7\u00e3o Modo de suspens\u00e3o para gerenciamento eficiente da vida \u00fatil da bateria Exibi\u00e7\u00e3o do status da bateria no LCD e na vis\u00e3o geral da rede Precis\u00e3o de medi\u00e7\u00e3o precisa para maior produtividade Visor girat\u00f3rio de 90 e 180 graus Configur\u00e1vel com ferramentas padr\u00e3o que suportam EDD \u2013 e. g. com SIMATIC PDM Cabo de extens\u00e3o para instala\u00e7\u00e3o separada do sensor Porta f\u00edsica de manuten\u00e7\u00e3o HART para comissionamento\" \/>\n<meta property=\"og:url\" content=\"https:\/\/fullsolutions.info\/en\/product\/siemens-sitrans-tf280\/\" \/>\n<meta property=\"og:site_name\" content=\"Full Solutions\" \/>\n<meta property=\"article:modified_time\" content=\"2024-02-19T16:13:28+00:00\" \/>\n<meta property=\"og:image\" content=\"https:\/\/mlhff0prgoxu.i.optimole.com\/cb:s0sM.767\/w:auto\/h:auto\/q:mauto\/f:best\/https:\/\/fullsolutions.info\/wp-content\/uploads\/2024\/02\/SIEMENS-SITRANS-TF280.jpeg\" \/>\n\t<meta property=\"og:image:width\" content=\"576\" \/>\n\t<meta property=\"og:image:height\" content=\"576\" \/>\n\t<meta property=\"og:image:type\" content=\"image\/jpeg\" \/>\n<meta name=\"twitter:card\" content=\"summary_large_image\" \/>\n<meta name=\"twitter:label1\" content=\"Est. reading time\" \/>\n\t<meta name=\"twitter:data1\" content=\"1 minute\" \/>\n<script type=\"application\/ld+json\" class=\"yoast-schema-graph\">{\"@context\":\"https:\/\/schema.org\",\"@graph\":[{\"@type\":\"WebPage\",\"@id\":\"https:\/\/fullsolutions.info\/produto\/siemens-sitrans-tf280\/\",\"url\":\"https:\/\/fullsolutions.info\/produto\/siemens-sitrans-tf280\/\",\"name\":\"SIEMENS SITRANS TF280 - Full Solutions\",\"isPartOf\":{\"@id\":\"https:\/\/fullsolutions.info\/#website\"},\"primaryImageOfPage\":{\"@id\":\"https:\/\/fullsolutions.info\/produto\/siemens-sitrans-tf280\/#primaryimage\"},\"image\":{\"@id\":\"https:\/\/fullsolutions.info\/produto\/siemens-sitrans-tf280\/#primaryimage\"},\"thumbnailUrl\":\"https:\/\/mlhff0prgoxu.i.optimole.com\/cb:s0sM.767\/w:auto\/h:auto\/q:mauto\/f:best\/https:\/\/fullsolutions.info\/wp-content\/uploads\/2024\/02\/SIEMENS-SITRANS-TF280.jpeg\",\"datePublished\":\"2024-02-02T13:56:17+00:00\",\"dateModified\":\"2024-02-19T16:13:28+00:00\",\"breadcrumb\":{\"@id\":\"https:\/\/fullsolutions.info\/produto\/siemens-sitrans-tf280\/#breadcrumb\"},\"inLanguage\":\"en-US\",\"potentialAction\":[{\"@type\":\"ReadAction\",\"target\":[\"https:\/\/fullsolutions.info\/produto\/siemens-sitrans-tf280\/\"]}]},{\"@type\":\"ImageObject\",\"inLanguage\":\"en-US\",\"@id\":\"https:\/\/fullsolutions.info\/produto\/siemens-sitrans-tf280\/#primaryimage\",\"url\":\"https:\/\/mlhff0prgoxu.i.optimole.com\/cb:s0sM.767\/w:auto\/h:auto\/q:mauto\/f:best\/https:\/\/fullsolutions.info\/wp-content\/uploads\/2024\/02\/SIEMENS-SITRANS-TF280.jpeg\",\"contentUrl\":\"https:\/\/mlhff0prgoxu.i.optimole.com\/cb:s0sM.767\/w:auto\/h:auto\/q:mauto\/f:best\/https:\/\/fullsolutions.info\/wp-content\/uploads\/2024\/02\/SIEMENS-SITRANS-TF280.jpeg\",\"width\":576,\"height\":576},{\"@type\":\"BreadcrumbList\",\"@id\":\"https:\/\/fullsolutions.info\/produto\/siemens-sitrans-tf280\/#breadcrumb\",\"itemListElement\":[{\"@type\":\"ListItem\",\"position\":1,\"name\":\"In\u00edcio\",\"item\":\"https:\/\/fullsolutions.info\/\"},{\"@type\":\"ListItem\",\"position\":2,\"name\":\"Produtos\",\"item\":\"https:\/\/fullsolutions.info\/shop\/\"},{\"@type\":\"ListItem\",\"position\":3,\"name\":\"SIEMENS SITRANS TF280\"}]},{\"@type\":\"WebSite\",\"@id\":\"https:\/\/fullsolutions.info\/#website\",\"url\":\"https:\/\/fullsolutions.info\/\",\"name\":\"Full Solutions\",\"description\":\"Empresa na \u00c1rea de Procurement\",\"publisher\":{\"@id\":\"https:\/\/fullsolutions.info\/#organization\"},\"potentialAction\":[{\"@type\":\"SearchAction\",\"target\":{\"@type\":\"EntryPoint\",\"urlTemplate\":\"https:\/\/fullsolutions.info\/?s={search_term_string}\"},\"query-input\":{\"@type\":\"PropertyValueSpecification\",\"valueRequired\":true,\"valueName\":\"search_term_string\"}}],\"inLanguage\":\"en-US\"},{\"@type\":\"Organization\",\"@id\":\"https:\/\/fullsolutions.info\/#organization\",\"name\":\"Full Solutions\",\"url\":\"https:\/\/fullsolutions.info\/\",\"logo\":{\"@type\":\"ImageObject\",\"inLanguage\":\"en-US\",\"@id\":\"https:\/\/fullsolutions.info\/#\/schema\/logo\/image\/\",\"url\":\"https:\/\/mlhff0prgoxu.i.optimole.com\/cb:s0sM.767\/w:auto\/h:auto\/q:mauto\/f:best\/https:\/\/fullsolutions.info\/wp-content\/uploads\/2021\/07\/cropped-Design-sem-nome-300x193-1-e1627062664782.png\",\"contentUrl\":\"https:\/\/mlhff0prgoxu.i.optimole.com\/cb:s0sM.767\/w:auto\/h:auto\/q:mauto\/f:best\/https:\/\/fullsolutions.info\/wp-content\/uploads\/2021\/07\/cropped-Design-sem-nome-300x193-1-e1627062664782.png\",\"width\":202,\"height\":155,\"caption\":\"Full Solutions\"},\"image\":{\"@id\":\"https:\/\/fullsolutions.info\/#\/schema\/logo\/image\/\"},\"sameAs\":[\"https:\/\/www.linkedin.com\/company\/full-solutions-equipment\"]}]}<\/script>\n<!-- \/ Yoast SEO plugin. -->","yoast_head_json":{"title":"SIEMENS SITRANS TF280 - Full Solutions","robots":{"index":"index","follow":"follow","max-snippet":"max-snippet:-1","max-image-preview":"max-image-preview:large","max-video-preview":"max-video-preview:-1"},"canonical":"https:\/\/fullsolutions.info\/en\/product\/siemens-sitrans-tf280\/","og_locale":"en_US","og_type":"article","og_title":"SIEMENS SITRANS TF280 - Full Solutions","og_description":"Medi\u00e7\u00e3o de temperatura SIEMENS SITRANS TF280 | Transmissor de campo O SITRANS TF280 \u00e9 um transmissor de temperatura WirelessHART que fornece todos os valores de processo medidos, bem como informa\u00e7\u00f5es de diagn\u00f3stico, par\u00e2metros e fun\u00e7\u00f5es via r\u00e1dio. O dispositivo \u00e9 alimentado por uma bateria interna e projetado para um consumo de energia ultrabaixo. Seu design compacto e robusto o torna especialmente adequado para montagem direta em tanques e tubula\u00e7\u00f5es em partes remotas de plantas e em equipamentos m\u00f3veis ou rotativos para monitoramento de processos ou aplica\u00e7\u00f5es de gerenciamento de ativos. &nbsp; Benef\u00edcios Display LCD com itens e \u00edcones funcionais, display selecion\u00e1vel em ingl\u00eas e alem\u00e3o Bot\u00f5es pr\u00e1ticos: Tr\u00eas bot\u00f5es para m\u00e1xima efici\u00eancia para configura\u00e7\u00e3o, diagn\u00f3stico, comunica\u00e7\u00e3o e configura\u00e7\u00f5es de seguran\u00e7a sem dispositivos ou ferramentas adicionais Fun\u00e7\u00e3o de retroilumina\u00e7\u00e3o de f\u00e1cil manuten\u00e7\u00e3o Modo de suspens\u00e3o para gerenciamento eficiente da vida \u00fatil da bateria Exibi\u00e7\u00e3o do status da bateria no LCD e na vis\u00e3o geral da rede Precis\u00e3o de medi\u00e7\u00e3o precisa para maior produtividade Visor girat\u00f3rio de 90 e 180 graus Configur\u00e1vel com ferramentas padr\u00e3o que suportam EDD \u2013 e. g. com SIMATIC PDM Cabo de extens\u00e3o para instala\u00e7\u00e3o separada do sensor Porta f\u00edsica de manuten\u00e7\u00e3o HART para comissionamento","og_url":"https:\/\/fullsolutions.info\/en\/product\/siemens-sitrans-tf280\/","og_site_name":"Full Solutions","article_modified_time":"2024-02-19T16:13:28+00:00","og_image":[{"width":576,"height":576,"url":"https:\/\/mlhff0prgoxu.i.optimole.com\/cb:s0sM.767\/w:auto\/h:auto\/q:mauto\/f:best\/https:\/\/fullsolutions.info\/wp-content\/uploads\/2024\/02\/SIEMENS-SITRANS-TF280.jpeg","type":"image\/jpeg"}],"twitter_card":"summary_large_image","twitter_misc":{"Est. reading time":"1 minute"},"schema":{"@context":"https:\/\/schema.org","@graph":[{"@type":"WebPage","@id":"https:\/\/fullsolutions.info\/produto\/siemens-sitrans-tf280\/","url":"https:\/\/fullsolutions.info\/produto\/siemens-sitrans-tf280\/","name":"SIEMENS SITRANS TF280 - Full Solutions","isPartOf":{"@id":"https:\/\/fullsolutions.info\/#website"},"primaryImageOfPage":{"@id":"https:\/\/fullsolutions.info\/produto\/siemens-sitrans-tf280\/#primaryimage"},"image":{"@id":"https:\/\/fullsolutions.info\/produto\/siemens-sitrans-tf280\/#primaryimage"},"thumbnailUrl":"https:\/\/mlhff0prgoxu.i.optimole.com\/cb:s0sM.767\/w:auto\/h:auto\/q:mauto\/f:best\/https:\/\/fullsolutions.info\/wp-content\/uploads\/2024\/02\/SIEMENS-SITRANS-TF280.jpeg","datePublished":"2024-02-02T13:56:17+00:00","dateModified":"2024-02-19T16:13:28+00:00","breadcrumb":{"@id":"https:\/\/fullsolutions.info\/produto\/siemens-sitrans-tf280\/#breadcrumb"},"inLanguage":"en-US","potentialAction":[{"@type":"ReadAction","target":["https:\/\/fullsolutions.info\/produto\/siemens-sitrans-tf280\/"]}]},{"@type":"ImageObject","inLanguage":"en-US","@id":"https:\/\/fullsolutions.info\/produto\/siemens-sitrans-tf280\/#primaryimage","url":"https:\/\/mlhff0prgoxu.i.optimole.com\/cb:s0sM.767\/w:auto\/h:auto\/q:mauto\/f:best\/https:\/\/fullsolutions.info\/wp-content\/uploads\/2024\/02\/SIEMENS-SITRANS-TF280.jpeg","contentUrl":"https:\/\/mlhff0prgoxu.i.optimole.com\/cb:s0sM.767\/w:auto\/h:auto\/q:mauto\/f:best\/https:\/\/fullsolutions.info\/wp-content\/uploads\/2024\/02\/SIEMENS-SITRANS-TF280.jpeg","width":576,"height":576},{"@type":"BreadcrumbList","@id":"https:\/\/fullsolutions.info\/produto\/siemens-sitrans-tf280\/#breadcrumb","itemListElement":[{"@type":"ListItem","position":1,"name":"In\u00edcio","item":"https:\/\/fullsolutions.info\/"},{"@type":"ListItem","position":2,"name":"Produtos","item":"https:\/\/fullsolutions.info\/shop\/"},{"@type":"ListItem","position":3,"name":"SIEMENS SITRANS TF280"}]},{"@type":"WebSite","@id":"https:\/\/fullsolutions.info\/#website","url":"https:\/\/fullsolutions.info\/","name":"Full Solutions","description":"Empresa na \u00c1rea de Procurement","publisher":{"@id":"https:\/\/fullsolutions.info\/#organization"},"potentialAction":[{"@type":"SearchAction","target":{"@type":"EntryPoint","urlTemplate":"https:\/\/fullsolutions.info\/?s={search_term_string}"},"query-input":{"@type":"PropertyValueSpecification","valueRequired":true,"valueName":"search_term_string"}}],"inLanguage":"en-US"},{"@type":"Organization","@id":"https:\/\/fullsolutions.info\/#organization","name":"Full Solutions","url":"https:\/\/fullsolutions.info\/","logo":{"@type":"ImageObject","inLanguage":"en-US","@id":"https:\/\/fullsolutions.info\/#\/schema\/logo\/image\/","url":"https:\/\/mlhff0prgoxu.i.optimole.com\/cb:s0sM.767\/w:auto\/h:auto\/q:mauto\/f:best\/https:\/\/fullsolutions.info\/wp-content\/uploads\/2021\/07\/cropped-Design-sem-nome-300x193-1-e1627062664782.png","contentUrl":"https:\/\/mlhff0prgoxu.i.optimole.com\/cb:s0sM.767\/w:auto\/h:auto\/q:mauto\/f:best\/https:\/\/fullsolutions.info\/wp-content\/uploads\/2021\/07\/cropped-Design-sem-nome-300x193-1-e1627062664782.png","width":202,"height":155,"caption":"Full Solutions"},"image":{"@id":"https:\/\/fullsolutions.info\/#\/schema\/logo\/image\/"},"sameAs":["https:\/\/www.linkedin.com\/company\/full-solutions-equipment"]}]}},"_links":{"self":[{"href":"https:\/\/fullsolutions.info\/en\/wp-json\/wp\/v2\/product\/4175","targetHints":{"allow":["GET"]}}],"collection":[{"href":"https:\/\/fullsolutions.info\/en\/wp-json\/wp\/v2\/product"}],"about":[{"href":"https:\/\/fullsolutions.info\/en\/wp-json\/wp\/v2\/types\/product"}],"replies":[{"embeddable":true,"href":"https:\/\/fullsolutions.info\/en\/wp-json\/wp\/v2\/comments?post=4175"}],"wp:featuredmedia":[{"embeddable":true,"href":"https:\/\/fullsolutions.info\/en\/wp-json\/wp\/v2\/media\/4177"}],"wp:attachment":[{"href":"https:\/\/fullsolutions.info\/en\/wp-json\/wp\/v2\/media?parent=4175"}],"wp:term":[{"taxonomy":"product_brand","embeddable":true,"href":"https:\/\/fullsolutions.info\/en\/wp-json\/wp\/v2\/product_brand?post=4175"},{"taxonomy":"product_cat","embeddable":true,"href":"https:\/\/fullsolutions.info\/en\/wp-json\/wp\/v2\/product_cat?post=4175"},{"taxonomy":"product_tag","embeddable":true,"href":"https:\/\/fullsolutions.info\/en\/wp-json\/wp\/v2\/product_tag?post=4175"},{"taxonomy":"marca","embeddable":true,"href":"https:\/\/fullsolutions.info\/en\/wp-json\/wp\/v2\/marca?post=4175"}],"curies":[{"name":"wp","href":"https:\/\/api.w.org\/{rel}","templated":true}]}}