{"id":4165,"date":"2024-02-01T17:33:36","date_gmt":"2024-02-01T17:33:36","guid":{"rendered":"https:\/\/fullsolutionsequip.com\/?post_type=product&#038;p=4165"},"modified":"2024-02-19T16:13:28","modified_gmt":"2024-02-19T16:13:28","slug":"sitrans-p500","status":"publish","type":"product","link":"https:\/\/fullsolutions.info\/en\/product\/sitrans-p500\/","title":{"rendered":"SITRANS P500"},"content":{"rendered":"<p>Transmissores de press\u00e3o SIEMENS-SITRANS P500<\/p>\n<p>O SITRANS P500 foi desenvolvido para atender \u00e0s mais altas expectativas de precis\u00e3o de medi\u00e7\u00e3o, robustez e facilidade de uso, e se integra perfeitamente \u00e0 fam\u00edlia SITRANS P. Com o SITRANS P500, voc\u00ea pode esperar medi\u00e7\u00f5es de press\u00e3o no mais alto n\u00edvel.<\/p>\n<p>&nbsp;<\/p>\n<p>Garante uma precis\u00e3o de \u2264 0,03%, bem como valores excelentes para a influ\u00eancia da press\u00e3o est\u00e1tica e da temperatura no resultado medido. Desta forma, garante um desempenho total \u2264 0,14% at\u00e9 um turndown de 10:1. Como esse recurso significa que apenas uma c\u00e9lula de medi\u00e7\u00e3o pode ser usada para diferentes faixas de medi\u00e7\u00e3o, os custos de estoque podem ser reduzidos significativamente sem a necessidade de perdas na qualidade do resultado medido. A alta estabilidade a longo prazo do sensor tamb\u00e9m reduz os custos de manuten\u00e7\u00e3o gra\u00e7as aos intervalos de calibra\u00e7\u00e3o estendidos e garante que voc\u00ea sempre possa confiar nos resultados medidos a longo prazo.<\/p>\n<p>Um conjunto de sensor inovador permite o uso conectado diretamente em temperaturas de processo<br \/>\nde at\u00e9 125 \u00b0C (257 \u00b0F), mesmo sem um sistema de veda\u00e7\u00e3o remota. Com um conceito aprimorado de entrada do operador com 3 bot\u00f5es para configurar o dispositivo, o conjunto de op\u00e7\u00f5es de diagn\u00f3stico do SITRANS P500 pode ser usado convenientemente sem software.<\/p>\n<p>At\u00e9 mesmo exibi\u00e7\u00f5es de curvas e diagramas de tend\u00eancias podem ser representados no display para um monitoramento de processo f\u00e1cil de usar.<\/p>\n<p>&nbsp;<\/p>\n<p>Detalhe<br \/>\nPrecis\u00e3o \u2264 0,03% (para um TurnDown at\u00e9 10)<br \/>\nEstabilidade a longo prazo 0,05% \/ 5 anos<br \/>\nFaixa de medi\u00e7\u00e3o 0 &#8211; 1,25 mbar at\u00e9 0 &#8211; 1250 mbar<\/p>\n<p>Benef\u00edcios<br \/>\nMaior precis\u00e3o de medi\u00e7\u00e3o<br \/>\nResposta de passo extremamente curta<br \/>\nValores excepcionais para a estabilidade a longo prazo<br \/>\nEntrada otimizada do operador: Pode ser configurada com alto grau de facilidade de uso por meio de um display retroiluminado com texto completo e 3 bot\u00f5es. O transmissor tamb\u00e9m pode ser configurado e operado convenientemente a partir do sistema de controle usando o protocolo HART<br \/>\nConfigura\u00e7\u00e3o f\u00e1cil via HART com EDD* aprimorado, incluindo um novo assistente de in\u00edcio r\u00e1pido<br \/>\nDiagn\u00f3sticos extensivos, como ponteiros de 8 min\/m\u00e1x para valores de processo, mostrando tamb\u00e9m a hora do evento<br \/>\nTemperatura de processo de at\u00e9 125 \u00b0C (257 \u00b0F) poss\u00edvel sem selos remotos<br \/>\nTela retroiluminada com recursos gr\u00e1ficos<br \/>\nEconomia de espa\u00e7o gra\u00e7as aos flanges de processo de apenas 86 mm (3,4\u201c) de comprimento<\/p>","protected":false},"excerpt":{"rendered":"<p>Transmissores de press\u00e3o SIEMENS-SITRANS P500 O SITRANS P500 foi desenvolvido para atender \u00e0s mais altas expectativas de precis\u00e3o de medi\u00e7\u00e3o, robustez e facilidade de uso, e se integra perfeitamente \u00e0 fam\u00edlia SITRANS P. Com o SITRANS P500, voc\u00ea pode esperar medi\u00e7\u00f5es de press\u00e3o no mais alto n\u00edvel. &nbsp; Garante uma precis\u00e3o de \u2264 0,03%, bem como valores excelentes para a influ\u00eancia da press\u00e3o est\u00e1tica e da temperatura no resultado medido. Desta forma, garante um desempenho total \u2264 0,14% at\u00e9 um turndown de 10:1. Como esse recurso significa que apenas uma c\u00e9lula de medi\u00e7\u00e3o pode ser usada para diferentes faixas de medi\u00e7\u00e3o, os custos de estoque podem ser reduzidos significativamente sem a necessidade de perdas na qualidade do resultado medido. A alta estabilidade a longo prazo do sensor tamb\u00e9m reduz os custos de manuten\u00e7\u00e3o gra\u00e7as aos intervalos de calibra\u00e7\u00e3o estendidos e garante que voc\u00ea sempre possa confiar nos resultados medidos a longo prazo. Um conjunto de sensor inovador permite o uso conectado diretamente em temperaturas de processo de at\u00e9 125 \u00b0C (257 \u00b0F), mesmo sem um sistema de veda\u00e7\u00e3o remota. Com um conceito aprimorado de entrada do operador com 3 bot\u00f5es para configurar o dispositivo, o conjunto de op\u00e7\u00f5es de diagn\u00f3stico do SITRANS P500 pode ser usado convenientemente sem software. At\u00e9 mesmo exibi\u00e7\u00f5es de curvas e diagramas de tend\u00eancias podem ser representados no display para um monitoramento de processo f\u00e1cil de usar. &nbsp; Detalhe Precis\u00e3o \u2264 0,03% (para um TurnDown at\u00e9 10) Estabilidade a longo prazo 0,05% \/ 5 anos Faixa de medi\u00e7\u00e3o 0 &#8211; 1,25 mbar at\u00e9 0 &#8211; 1250 mbar Benef\u00edcios Maior precis\u00e3o de medi\u00e7\u00e3o Resposta de passo extremamente curta Valores excepcionais para a estabilidade a longo prazo Entrada otimizada do operador: Pode ser configurada com alto grau de facilidade de uso por meio de um display retroiluminado com texto completo e 3 bot\u00f5es. O transmissor tamb\u00e9m pode ser configurado e operado convenientemente a partir do sistema de controle usando o protocolo HART Configura\u00e7\u00e3o f\u00e1cil via HART com EDD* aprimorado, incluindo um novo assistente de in\u00edcio r\u00e1pido Diagn\u00f3sticos extensivos, como ponteiros de 8 min\/m\u00e1x para valores de processo, mostrando tamb\u00e9m a hora do evento Temperatura de processo de at\u00e9 125 \u00b0C (257 \u00b0F) poss\u00edvel sem selos remotos Tela retroiluminada com recursos gr\u00e1ficos Economia de espa\u00e7o gra\u00e7as aos flanges de processo de apenas 86 mm (3,4\u201c) de comprimento<\/p>","protected":false},"featured_media":4166,"comment_status":"open","ping_status":"closed","template":"","meta":{"_joinchat":[]},"product_brand":[],"product_cat":[140],"product_tag":[],"marca":[144],"class_list":{"0":"post-4165","1":"product","2":"type-product","3":"status-publish","4":"has-post-thumbnail","6":"product_cat-transmissores","7":"marca-siemens","9":"first","10":"instock","11":"shipping-taxable","12":"purchasable","13":"product-type-simple"},"yoast_head":"<!-- This site is optimized with the Yoast SEO plugin v27.2 - https:\/\/yoast.com\/product\/yoast-seo-wordpress\/ -->\n<title>SITRANS P500 - Full Solutions<\/title>\n<meta name=\"robots\" content=\"index, follow, max-snippet:-1, max-image-preview:large, max-video-preview:-1\" \/>\n<link rel=\"canonical\" href=\"https:\/\/fullsolutions.info\/en\/product\/sitrans-p500\/\" \/>\n<meta property=\"og:locale\" content=\"en_US\" \/>\n<meta property=\"og:type\" content=\"article\" \/>\n<meta property=\"og:title\" content=\"SITRANS P500 - Full Solutions\" \/>\n<meta property=\"og:description\" content=\"Transmissores de press\u00e3o SIEMENS-SITRANS P500 O SITRANS P500 foi desenvolvido para atender \u00e0s mais altas expectativas de precis\u00e3o de medi\u00e7\u00e3o, robustez e facilidade de uso, e se integra perfeitamente \u00e0 fam\u00edlia SITRANS P. Com o SITRANS P500, voc\u00ea pode esperar medi\u00e7\u00f5es de press\u00e3o no mais alto n\u00edvel. &nbsp; Garante uma precis\u00e3o de \u2264 0,03%, bem como valores excelentes para a influ\u00eancia da press\u00e3o est\u00e1tica e da temperatura no resultado medido. Desta forma, garante um desempenho total \u2264 0,14% at\u00e9 um turndown de 10:1. Como esse recurso significa que apenas uma c\u00e9lula de medi\u00e7\u00e3o pode ser usada para diferentes faixas de medi\u00e7\u00e3o, os custos de estoque podem ser reduzidos significativamente sem a necessidade de perdas na qualidade do resultado medido. A alta estabilidade a longo prazo do sensor tamb\u00e9m reduz os custos de manuten\u00e7\u00e3o gra\u00e7as aos intervalos de calibra\u00e7\u00e3o estendidos e garante que voc\u00ea sempre possa confiar nos resultados medidos a longo prazo. Um conjunto de sensor inovador permite o uso conectado diretamente em temperaturas de processo de at\u00e9 125 \u00b0C (257 \u00b0F), mesmo sem um sistema de veda\u00e7\u00e3o remota. Com um conceito aprimorado de entrada do operador com 3 bot\u00f5es para configurar o dispositivo, o conjunto de op\u00e7\u00f5es de diagn\u00f3stico do SITRANS P500 pode ser usado convenientemente sem software. At\u00e9 mesmo exibi\u00e7\u00f5es de curvas e diagramas de tend\u00eancias podem ser representados no display para um monitoramento de processo f\u00e1cil de usar. &nbsp; Detalhe Precis\u00e3o \u2264 0,03% (para um TurnDown at\u00e9 10) Estabilidade a longo prazo 0,05% \/ 5 anos Faixa de medi\u00e7\u00e3o 0 &#8211; 1,25 mbar at\u00e9 0 &#8211; 1250 mbar Benef\u00edcios Maior precis\u00e3o de medi\u00e7\u00e3o Resposta de passo extremamente curta Valores excepcionais para a estabilidade a longo prazo Entrada otimizada do operador: Pode ser configurada com alto grau de facilidade de uso por meio de um display retroiluminado com texto completo e 3 bot\u00f5es. O transmissor tamb\u00e9m pode ser configurado e operado convenientemente a partir do sistema de controle usando o protocolo HART Configura\u00e7\u00e3o f\u00e1cil via HART com EDD* aprimorado, incluindo um novo assistente de in\u00edcio r\u00e1pido Diagn\u00f3sticos extensivos, como ponteiros de 8 min\/m\u00e1x para valores de processo, mostrando tamb\u00e9m a hora do evento Temperatura de processo de at\u00e9 125 \u00b0C (257 \u00b0F) poss\u00edvel sem selos remotos Tela retroiluminada com recursos gr\u00e1ficos Economia de espa\u00e7o gra\u00e7as aos flanges de processo de apenas 86 mm (3,4\u201c) de comprimento\" \/>\n<meta property=\"og:url\" content=\"https:\/\/fullsolutions.info\/en\/product\/sitrans-p500\/\" \/>\n<meta property=\"og:site_name\" content=\"Full Solutions\" \/>\n<meta property=\"article:modified_time\" content=\"2024-02-19T16:13:28+00:00\" \/>\n<meta property=\"og:image\" content=\"https:\/\/mlhff0prgoxu.i.optimole.com\/cb:s0sM.767\/w:auto\/h:auto\/q:mauto\/f:best\/https:\/\/fullsolutions.info\/wp-content\/uploads\/2024\/02\/SITRANS-P500.jpeg\" \/>\n\t<meta property=\"og:image:width\" content=\"576\" \/>\n\t<meta property=\"og:image:height\" content=\"576\" \/>\n\t<meta property=\"og:image:type\" content=\"image\/jpeg\" \/>\n<meta name=\"twitter:card\" content=\"summary_large_image\" \/>\n<meta name=\"twitter:label1\" content=\"Est. reading time\" \/>\n\t<meta name=\"twitter:data1\" content=\"2 minutes\" \/>\n<script type=\"application\/ld+json\" class=\"yoast-schema-graph\">{\"@context\":\"https:\/\/schema.org\",\"@graph\":[{\"@type\":\"WebPage\",\"@id\":\"https:\/\/fullsolutions.info\/produto\/sitrans-p500\/\",\"url\":\"https:\/\/fullsolutions.info\/produto\/sitrans-p500\/\",\"name\":\"SITRANS P500 - Full Solutions\",\"isPartOf\":{\"@id\":\"https:\/\/fullsolutions.info\/#website\"},\"primaryImageOfPage\":{\"@id\":\"https:\/\/fullsolutions.info\/produto\/sitrans-p500\/#primaryimage\"},\"image\":{\"@id\":\"https:\/\/fullsolutions.info\/produto\/sitrans-p500\/#primaryimage\"},\"thumbnailUrl\":\"https:\/\/mlhff0prgoxu.i.optimole.com\/cb:s0sM.767\/w:auto\/h:auto\/q:mauto\/f:best\/https:\/\/fullsolutions.info\/wp-content\/uploads\/2024\/02\/SITRANS-P500.jpeg\",\"datePublished\":\"2024-02-01T17:33:36+00:00\",\"dateModified\":\"2024-02-19T16:13:28+00:00\",\"breadcrumb\":{\"@id\":\"https:\/\/fullsolutions.info\/produto\/sitrans-p500\/#breadcrumb\"},\"inLanguage\":\"en-US\",\"potentialAction\":[{\"@type\":\"ReadAction\",\"target\":[\"https:\/\/fullsolutions.info\/produto\/sitrans-p500\/\"]}]},{\"@type\":\"ImageObject\",\"inLanguage\":\"en-US\",\"@id\":\"https:\/\/fullsolutions.info\/produto\/sitrans-p500\/#primaryimage\",\"url\":\"https:\/\/mlhff0prgoxu.i.optimole.com\/cb:s0sM.767\/w:auto\/h:auto\/q:mauto\/f:best\/https:\/\/fullsolutions.info\/wp-content\/uploads\/2024\/02\/SITRANS-P500.jpeg\",\"contentUrl\":\"https:\/\/mlhff0prgoxu.i.optimole.com\/cb:s0sM.767\/w:auto\/h:auto\/q:mauto\/f:best\/https:\/\/fullsolutions.info\/wp-content\/uploads\/2024\/02\/SITRANS-P500.jpeg\",\"width\":576,\"height\":576},{\"@type\":\"BreadcrumbList\",\"@id\":\"https:\/\/fullsolutions.info\/produto\/sitrans-p500\/#breadcrumb\",\"itemListElement\":[{\"@type\":\"ListItem\",\"position\":1,\"name\":\"In\u00edcio\",\"item\":\"https:\/\/fullsolutions.info\/\"},{\"@type\":\"ListItem\",\"position\":2,\"name\":\"Produtos\",\"item\":\"https:\/\/fullsolutions.info\/shop\/\"},{\"@type\":\"ListItem\",\"position\":3,\"name\":\"SITRANS P500\"}]},{\"@type\":\"WebSite\",\"@id\":\"https:\/\/fullsolutions.info\/#website\",\"url\":\"https:\/\/fullsolutions.info\/\",\"name\":\"Full Solutions\",\"description\":\"Empresa na \u00c1rea de Procurement\",\"publisher\":{\"@id\":\"https:\/\/fullsolutions.info\/#organization\"},\"potentialAction\":[{\"@type\":\"SearchAction\",\"target\":{\"@type\":\"EntryPoint\",\"urlTemplate\":\"https:\/\/fullsolutions.info\/?s={search_term_string}\"},\"query-input\":{\"@type\":\"PropertyValueSpecification\",\"valueRequired\":true,\"valueName\":\"search_term_string\"}}],\"inLanguage\":\"en-US\"},{\"@type\":\"Organization\",\"@id\":\"https:\/\/fullsolutions.info\/#organization\",\"name\":\"Full Solutions\",\"url\":\"https:\/\/fullsolutions.info\/\",\"logo\":{\"@type\":\"ImageObject\",\"inLanguage\":\"en-US\",\"@id\":\"https:\/\/fullsolutions.info\/#\/schema\/logo\/image\/\",\"url\":\"https:\/\/mlhff0prgoxu.i.optimole.com\/cb:s0sM.767\/w:auto\/h:auto\/q:mauto\/f:best\/https:\/\/fullsolutions.info\/wp-content\/uploads\/2021\/07\/cropped-Design-sem-nome-300x193-1-e1627062664782.png\",\"contentUrl\":\"https:\/\/mlhff0prgoxu.i.optimole.com\/cb:s0sM.767\/w:auto\/h:auto\/q:mauto\/f:best\/https:\/\/fullsolutions.info\/wp-content\/uploads\/2021\/07\/cropped-Design-sem-nome-300x193-1-e1627062664782.png\",\"width\":202,\"height\":155,\"caption\":\"Full Solutions\"},\"image\":{\"@id\":\"https:\/\/fullsolutions.info\/#\/schema\/logo\/image\/\"},\"sameAs\":[\"https:\/\/www.linkedin.com\/company\/full-solutions-equipment\"]}]}<\/script>\n<!-- \/ Yoast SEO plugin. -->","yoast_head_json":{"title":"SITRANS P500 - Full Solutions","robots":{"index":"index","follow":"follow","max-snippet":"max-snippet:-1","max-image-preview":"max-image-preview:large","max-video-preview":"max-video-preview:-1"},"canonical":"https:\/\/fullsolutions.info\/en\/product\/sitrans-p500\/","og_locale":"en_US","og_type":"article","og_title":"SITRANS P500 - Full Solutions","og_description":"Transmissores de press\u00e3o SIEMENS-SITRANS P500 O SITRANS P500 foi desenvolvido para atender \u00e0s mais altas expectativas de precis\u00e3o de medi\u00e7\u00e3o, robustez e facilidade de uso, e se integra perfeitamente \u00e0 fam\u00edlia SITRANS P. Com o SITRANS P500, voc\u00ea pode esperar medi\u00e7\u00f5es de press\u00e3o no mais alto n\u00edvel. &nbsp; Garante uma precis\u00e3o de \u2264 0,03%, bem como valores excelentes para a influ\u00eancia da press\u00e3o est\u00e1tica e da temperatura no resultado medido. Desta forma, garante um desempenho total \u2264 0,14% at\u00e9 um turndown de 10:1. Como esse recurso significa que apenas uma c\u00e9lula de medi\u00e7\u00e3o pode ser usada para diferentes faixas de medi\u00e7\u00e3o, os custos de estoque podem ser reduzidos significativamente sem a necessidade de perdas na qualidade do resultado medido. A alta estabilidade a longo prazo do sensor tamb\u00e9m reduz os custos de manuten\u00e7\u00e3o gra\u00e7as aos intervalos de calibra\u00e7\u00e3o estendidos e garante que voc\u00ea sempre possa confiar nos resultados medidos a longo prazo. Um conjunto de sensor inovador permite o uso conectado diretamente em temperaturas de processo de at\u00e9 125 \u00b0C (257 \u00b0F), mesmo sem um sistema de veda\u00e7\u00e3o remota. Com um conceito aprimorado de entrada do operador com 3 bot\u00f5es para configurar o dispositivo, o conjunto de op\u00e7\u00f5es de diagn\u00f3stico do SITRANS P500 pode ser usado convenientemente sem software. At\u00e9 mesmo exibi\u00e7\u00f5es de curvas e diagramas de tend\u00eancias podem ser representados no display para um monitoramento de processo f\u00e1cil de usar. &nbsp; Detalhe Precis\u00e3o \u2264 0,03% (para um TurnDown at\u00e9 10) Estabilidade a longo prazo 0,05% \/ 5 anos Faixa de medi\u00e7\u00e3o 0 &#8211; 1,25 mbar at\u00e9 0 &#8211; 1250 mbar Benef\u00edcios Maior precis\u00e3o de medi\u00e7\u00e3o Resposta de passo extremamente curta Valores excepcionais para a estabilidade a longo prazo Entrada otimizada do operador: Pode ser configurada com alto grau de facilidade de uso por meio de um display retroiluminado com texto completo e 3 bot\u00f5es. O transmissor tamb\u00e9m pode ser configurado e operado convenientemente a partir do sistema de controle usando o protocolo HART Configura\u00e7\u00e3o f\u00e1cil via HART com EDD* aprimorado, incluindo um novo assistente de in\u00edcio r\u00e1pido Diagn\u00f3sticos extensivos, como ponteiros de 8 min\/m\u00e1x para valores de processo, mostrando tamb\u00e9m a hora do evento Temperatura de processo de at\u00e9 125 \u00b0C (257 \u00b0F) poss\u00edvel sem selos remotos Tela retroiluminada com recursos gr\u00e1ficos Economia de espa\u00e7o gra\u00e7as aos flanges de processo de apenas 86 mm (3,4\u201c) de comprimento","og_url":"https:\/\/fullsolutions.info\/en\/product\/sitrans-p500\/","og_site_name":"Full Solutions","article_modified_time":"2024-02-19T16:13:28+00:00","og_image":[{"width":576,"height":576,"url":"https:\/\/mlhff0prgoxu.i.optimole.com\/cb:s0sM.767\/w:auto\/h:auto\/q:mauto\/f:best\/https:\/\/fullsolutions.info\/wp-content\/uploads\/2024\/02\/SITRANS-P500.jpeg","type":"image\/jpeg"}],"twitter_card":"summary_large_image","twitter_misc":{"Est. reading time":"2 minutes"},"schema":{"@context":"https:\/\/schema.org","@graph":[{"@type":"WebPage","@id":"https:\/\/fullsolutions.info\/produto\/sitrans-p500\/","url":"https:\/\/fullsolutions.info\/produto\/sitrans-p500\/","name":"SITRANS P500 - Full Solutions","isPartOf":{"@id":"https:\/\/fullsolutions.info\/#website"},"primaryImageOfPage":{"@id":"https:\/\/fullsolutions.info\/produto\/sitrans-p500\/#primaryimage"},"image":{"@id":"https:\/\/fullsolutions.info\/produto\/sitrans-p500\/#primaryimage"},"thumbnailUrl":"https:\/\/mlhff0prgoxu.i.optimole.com\/cb:s0sM.767\/w:auto\/h:auto\/q:mauto\/f:best\/https:\/\/fullsolutions.info\/wp-content\/uploads\/2024\/02\/SITRANS-P500.jpeg","datePublished":"2024-02-01T17:33:36+00:00","dateModified":"2024-02-19T16:13:28+00:00","breadcrumb":{"@id":"https:\/\/fullsolutions.info\/produto\/sitrans-p500\/#breadcrumb"},"inLanguage":"en-US","potentialAction":[{"@type":"ReadAction","target":["https:\/\/fullsolutions.info\/produto\/sitrans-p500\/"]}]},{"@type":"ImageObject","inLanguage":"en-US","@id":"https:\/\/fullsolutions.info\/produto\/sitrans-p500\/#primaryimage","url":"https:\/\/mlhff0prgoxu.i.optimole.com\/cb:s0sM.767\/w:auto\/h:auto\/q:mauto\/f:best\/https:\/\/fullsolutions.info\/wp-content\/uploads\/2024\/02\/SITRANS-P500.jpeg","contentUrl":"https:\/\/mlhff0prgoxu.i.optimole.com\/cb:s0sM.767\/w:auto\/h:auto\/q:mauto\/f:best\/https:\/\/fullsolutions.info\/wp-content\/uploads\/2024\/02\/SITRANS-P500.jpeg","width":576,"height":576},{"@type":"BreadcrumbList","@id":"https:\/\/fullsolutions.info\/produto\/sitrans-p500\/#breadcrumb","itemListElement":[{"@type":"ListItem","position":1,"name":"In\u00edcio","item":"https:\/\/fullsolutions.info\/"},{"@type":"ListItem","position":2,"name":"Produtos","item":"https:\/\/fullsolutions.info\/shop\/"},{"@type":"ListItem","position":3,"name":"SITRANS P500"}]},{"@type":"WebSite","@id":"https:\/\/fullsolutions.info\/#website","url":"https:\/\/fullsolutions.info\/","name":"Full Solutions","description":"Empresa na \u00c1rea de Procurement","publisher":{"@id":"https:\/\/fullsolutions.info\/#organization"},"potentialAction":[{"@type":"SearchAction","target":{"@type":"EntryPoint","urlTemplate":"https:\/\/fullsolutions.info\/?s={search_term_string}"},"query-input":{"@type":"PropertyValueSpecification","valueRequired":true,"valueName":"search_term_string"}}],"inLanguage":"en-US"},{"@type":"Organization","@id":"https:\/\/fullsolutions.info\/#organization","name":"Full Solutions","url":"https:\/\/fullsolutions.info\/","logo":{"@type":"ImageObject","inLanguage":"en-US","@id":"https:\/\/fullsolutions.info\/#\/schema\/logo\/image\/","url":"https:\/\/mlhff0prgoxu.i.optimole.com\/cb:s0sM.767\/w:auto\/h:auto\/q:mauto\/f:best\/https:\/\/fullsolutions.info\/wp-content\/uploads\/2021\/07\/cropped-Design-sem-nome-300x193-1-e1627062664782.png","contentUrl":"https:\/\/mlhff0prgoxu.i.optimole.com\/cb:s0sM.767\/w:auto\/h:auto\/q:mauto\/f:best\/https:\/\/fullsolutions.info\/wp-content\/uploads\/2021\/07\/cropped-Design-sem-nome-300x193-1-e1627062664782.png","width":202,"height":155,"caption":"Full Solutions"},"image":{"@id":"https:\/\/fullsolutions.info\/#\/schema\/logo\/image\/"},"sameAs":["https:\/\/www.linkedin.com\/company\/full-solutions-equipment"]}]}},"_links":{"self":[{"href":"https:\/\/fullsolutions.info\/en\/wp-json\/wp\/v2\/product\/4165","targetHints":{"allow":["GET"]}}],"collection":[{"href":"https:\/\/fullsolutions.info\/en\/wp-json\/wp\/v2\/product"}],"about":[{"href":"https:\/\/fullsolutions.info\/en\/wp-json\/wp\/v2\/types\/product"}],"replies":[{"embeddable":true,"href":"https:\/\/fullsolutions.info\/en\/wp-json\/wp\/v2\/comments?post=4165"}],"wp:featuredmedia":[{"embeddable":true,"href":"https:\/\/fullsolutions.info\/en\/wp-json\/wp\/v2\/media\/4166"}],"wp:attachment":[{"href":"https:\/\/fullsolutions.info\/en\/wp-json\/wp\/v2\/media?parent=4165"}],"wp:term":[{"taxonomy":"product_brand","embeddable":true,"href":"https:\/\/fullsolutions.info\/en\/wp-json\/wp\/v2\/product_brand?post=4165"},{"taxonomy":"product_cat","embeddable":true,"href":"https:\/\/fullsolutions.info\/en\/wp-json\/wp\/v2\/product_cat?post=4165"},{"taxonomy":"product_tag","embeddable":true,"href":"https:\/\/fullsolutions.info\/en\/wp-json\/wp\/v2\/product_tag?post=4165"},{"taxonomy":"marca","embeddable":true,"href":"https:\/\/fullsolutions.info\/en\/wp-json\/wp\/v2\/marca?post=4165"}],"curies":[{"name":"wp","href":"https:\/\/api.w.org\/{rel}","templated":true}]}}