{"id":4163,"date":"2024-02-01T17:30:40","date_gmt":"2024-02-01T17:30:40","guid":{"rendered":"https:\/\/fullsolutionsequip.com\/?post_type=product&#038;p=4163"},"modified":"2024-02-19T16:13:28","modified_gmt":"2024-02-19T16:13:28","slug":"serie-sitrans-p-dsiii","status":"publish","type":"product","link":"https:\/\/fullsolutions.info\/en\/product\/serie-sitrans-p-dsiii\/","title":{"rendered":"S\u00e9rie SITRANS P DSIII"},"content":{"rendered":"<p>Transmissor de press\u00e3o SIEMENS-s\u00e9rie SITRANS P DSIII<\/p>\n<p>A s\u00e9rie SITRANS P DSIII inclui transmissores de press\u00e3o digitais para medi\u00e7\u00e3o de press\u00e3o manom\u00e9trica, press\u00e3o absoluta, press\u00e3o diferencial, vaz\u00e3o e n\u00edvel.<br \/>\nAt\u00e9 mesmo os dispositivos padr\u00e3o oferecem fun\u00e7\u00f5es abrangentes de diagn\u00f3stico e simula\u00e7\u00e3o com alta confiabilidade. A adequa\u00e7\u00e3o para uso em circuitos SIL2 foi certificada por institutos de teste externos.<br \/>\nNos transmissores Profibus, a nova tecnologia PROFISAFE garante seguran\u00e7a uniforme desde o sistema de controle at\u00e9 o transmissor.<\/p>\n<p>&nbsp;<\/p>\n<p>topo da p\u00e1gina<br \/>\nDetalhe<br \/>\nPrecis\u00e3o \u2264 0,075%<br \/>\nEstabilidade a longo prazo \u2264 0,25% \/ 60 meses<br \/>\nFaixa de medi\u00e7\u00e3o 0 &#8211; 10 mbar (0 &#8211; 0,4 polegadasH2O) a<br \/>\n0 &#8211; 400 bar (0 &#8211; 5.800 psi)<br \/>\ntopo da p\u00e1gina<br \/>\nBenef\u00edcios<br \/>\nExtensas fun\u00e7\u00f5es de diagn\u00f3stico e simula\u00e7\u00e3o<br \/>\nAdequado para instala\u00e7\u00e3o em aplica\u00e7\u00f5es SIL 2 de acordo com IEC 61508 \/IEC 61511. Na vers\u00e3o PROFIsafe garante m\u00e1xima seguran\u00e7a de comunica\u00e7\u00e3o at\u00e9 o n\u00edvel do sistema de controle<br \/>\nAmpla gama de certifica\u00e7\u00e3o e aprova\u00e7\u00e3o, por ex. ATEX EEx ia, EEx ib, Prote\u00e7\u00e3o contra poeira, FM, CS<br \/>\nOp\u00e7\u00e3o de usar uma fun\u00e7\u00e3o de simula\u00e7\u00e3o para fun\u00e7\u00f5es de verifica\u00e7\u00e3o de loop<br \/>\nAbre uma s\u00e9rie de diferentes op\u00e7\u00f5es de comunica\u00e7\u00e3o de barramento para voc\u00ea: HART, PROFIBUS PA, PROFIsafe ou FF<\/p>","protected":false},"excerpt":{"rendered":"<p>Transmissor de press\u00e3o SIEMENS-s\u00e9rie SITRANS P DSIII A s\u00e9rie SITRANS P DSIII inclui transmissores de press\u00e3o digitais para medi\u00e7\u00e3o de press\u00e3o manom\u00e9trica, press\u00e3o absoluta, press\u00e3o diferencial, vaz\u00e3o e n\u00edvel. At\u00e9 mesmo os dispositivos padr\u00e3o oferecem fun\u00e7\u00f5es abrangentes de diagn\u00f3stico e simula\u00e7\u00e3o com alta confiabilidade. A adequa\u00e7\u00e3o para uso em circuitos SIL2 foi certificada por institutos de teste externos. Nos transmissores Profibus, a nova tecnologia PROFISAFE garante seguran\u00e7a uniforme desde o sistema de controle at\u00e9 o transmissor. &nbsp; topo da p\u00e1gina Detalhe Precis\u00e3o \u2264 0,075% Estabilidade a longo prazo \u2264 0,25% \/ 60 meses Faixa de medi\u00e7\u00e3o 0 &#8211; 10 mbar (0 &#8211; 0,4 polegadasH2O) a 0 &#8211; 400 bar (0 &#8211; 5.800 psi) topo da p\u00e1gina Benef\u00edcios Extensas fun\u00e7\u00f5es de diagn\u00f3stico e simula\u00e7\u00e3o Adequado para instala\u00e7\u00e3o em aplica\u00e7\u00f5es SIL 2 de acordo com IEC 61508 \/IEC 61511. Na vers\u00e3o PROFIsafe garante m\u00e1xima seguran\u00e7a de comunica\u00e7\u00e3o at\u00e9 o n\u00edvel do sistema de controle Ampla gama de certifica\u00e7\u00e3o e aprova\u00e7\u00e3o, por ex. ATEX EEx ia, EEx ib, Prote\u00e7\u00e3o contra poeira, FM, CS Op\u00e7\u00e3o de usar uma fun\u00e7\u00e3o de simula\u00e7\u00e3o para fun\u00e7\u00f5es de verifica\u00e7\u00e3o de loop Abre uma s\u00e9rie de diferentes op\u00e7\u00f5es de comunica\u00e7\u00e3o de barramento para voc\u00ea: HART, PROFIBUS PA, PROFIsafe ou FF<\/p>","protected":false},"featured_media":4164,"comment_status":"open","ping_status":"closed","template":"","meta":{"_joinchat":[]},"product_brand":[],"product_cat":[140],"product_tag":[],"marca":[144],"class_list":{"0":"post-4163","1":"product","2":"type-product","3":"status-publish","4":"has-post-thumbnail","6":"product_cat-transmissores","7":"marca-siemens","9":"first","10":"instock","11":"shipping-taxable","12":"purchasable","13":"product-type-simple"},"yoast_head":"<!-- This site is optimized with the Yoast SEO plugin v27.2 - https:\/\/yoast.com\/product\/yoast-seo-wordpress\/ -->\n<title>S\u00e9rie SITRANS P DSIII - Full Solutions<\/title>\n<meta name=\"robots\" content=\"index, follow, max-snippet:-1, max-image-preview:large, max-video-preview:-1\" \/>\n<link rel=\"canonical\" href=\"https:\/\/fullsolutions.info\/en\/product\/serie-sitrans-p-dsiii\/\" \/>\n<meta property=\"og:locale\" content=\"en_US\" \/>\n<meta property=\"og:type\" content=\"article\" \/>\n<meta property=\"og:title\" content=\"S\u00e9rie SITRANS P DSIII - Full Solutions\" \/>\n<meta property=\"og:description\" content=\"Transmissor de press\u00e3o SIEMENS-s\u00e9rie SITRANS P DSIII A s\u00e9rie SITRANS P DSIII inclui transmissores de press\u00e3o digitais para medi\u00e7\u00e3o de press\u00e3o manom\u00e9trica, press\u00e3o absoluta, press\u00e3o diferencial, vaz\u00e3o e n\u00edvel. At\u00e9 mesmo os dispositivos padr\u00e3o oferecem fun\u00e7\u00f5es abrangentes de diagn\u00f3stico e simula\u00e7\u00e3o com alta confiabilidade. A adequa\u00e7\u00e3o para uso em circuitos SIL2 foi certificada por institutos de teste externos. Nos transmissores Profibus, a nova tecnologia PROFISAFE garante seguran\u00e7a uniforme desde o sistema de controle at\u00e9 o transmissor. &nbsp; topo da p\u00e1gina Detalhe Precis\u00e3o \u2264 0,075% Estabilidade a longo prazo \u2264 0,25% \/ 60 meses Faixa de medi\u00e7\u00e3o 0 &#8211; 10 mbar (0 &#8211; 0,4 polegadasH2O) a 0 &#8211; 400 bar (0 &#8211; 5.800 psi) topo da p\u00e1gina Benef\u00edcios Extensas fun\u00e7\u00f5es de diagn\u00f3stico e simula\u00e7\u00e3o Adequado para instala\u00e7\u00e3o em aplica\u00e7\u00f5es SIL 2 de acordo com IEC 61508 \/IEC 61511. Na vers\u00e3o PROFIsafe garante m\u00e1xima seguran\u00e7a de comunica\u00e7\u00e3o at\u00e9 o n\u00edvel do sistema de controle Ampla gama de certifica\u00e7\u00e3o e aprova\u00e7\u00e3o, por ex. ATEX EEx ia, EEx ib, Prote\u00e7\u00e3o contra poeira, FM, CS Op\u00e7\u00e3o de usar uma fun\u00e7\u00e3o de simula\u00e7\u00e3o para fun\u00e7\u00f5es de verifica\u00e7\u00e3o de loop Abre uma s\u00e9rie de diferentes op\u00e7\u00f5es de comunica\u00e7\u00e3o de barramento para voc\u00ea: HART, PROFIBUS PA, PROFIsafe ou FF\" \/>\n<meta property=\"og:url\" content=\"https:\/\/fullsolutions.info\/en\/product\/serie-sitrans-p-dsiii\/\" \/>\n<meta property=\"og:site_name\" content=\"Full Solutions\" \/>\n<meta property=\"article:modified_time\" content=\"2024-02-19T16:13:28+00:00\" \/>\n<meta property=\"og:image\" content=\"https:\/\/mlhff0prgoxu.i.optimole.com\/cb:s0sM.767\/w:auto\/h:auto\/q:mauto\/f:best\/https:\/\/fullsolutions.info\/wp-content\/uploads\/2024\/02\/SITRANS-P-DSIII-series.jpeg\" \/>\n\t<meta property=\"og:image:width\" content=\"576\" \/>\n\t<meta property=\"og:image:height\" content=\"576\" \/>\n\t<meta property=\"og:image:type\" content=\"image\/jpeg\" \/>\n<meta name=\"twitter:card\" content=\"summary_large_image\" \/>\n<meta name=\"twitter:label1\" content=\"Est. reading time\" \/>\n\t<meta name=\"twitter:data1\" content=\"1 minute\" \/>\n<script type=\"application\/ld+json\" class=\"yoast-schema-graph\">{\"@context\":\"https:\/\/schema.org\",\"@graph\":[{\"@type\":\"WebPage\",\"@id\":\"https:\/\/fullsolutions.info\/produto\/serie-sitrans-p-dsiii\/\",\"url\":\"https:\/\/fullsolutions.info\/produto\/serie-sitrans-p-dsiii\/\",\"name\":\"S\u00e9rie SITRANS P DSIII - Full Solutions\",\"isPartOf\":{\"@id\":\"https:\/\/fullsolutions.info\/#website\"},\"primaryImageOfPage\":{\"@id\":\"https:\/\/fullsolutions.info\/produto\/serie-sitrans-p-dsiii\/#primaryimage\"},\"image\":{\"@id\":\"https:\/\/fullsolutions.info\/produto\/serie-sitrans-p-dsiii\/#primaryimage\"},\"thumbnailUrl\":\"https:\/\/mlhff0prgoxu.i.optimole.com\/cb:s0sM.767\/w:auto\/h:auto\/q:mauto\/f:best\/https:\/\/fullsolutions.info\/wp-content\/uploads\/2024\/02\/SITRANS-P-DSIII-series.jpeg\",\"datePublished\":\"2024-02-01T17:30:40+00:00\",\"dateModified\":\"2024-02-19T16:13:28+00:00\",\"breadcrumb\":{\"@id\":\"https:\/\/fullsolutions.info\/produto\/serie-sitrans-p-dsiii\/#breadcrumb\"},\"inLanguage\":\"en-US\",\"potentialAction\":[{\"@type\":\"ReadAction\",\"target\":[\"https:\/\/fullsolutions.info\/produto\/serie-sitrans-p-dsiii\/\"]}]},{\"@type\":\"ImageObject\",\"inLanguage\":\"en-US\",\"@id\":\"https:\/\/fullsolutions.info\/produto\/serie-sitrans-p-dsiii\/#primaryimage\",\"url\":\"https:\/\/mlhff0prgoxu.i.optimole.com\/cb:s0sM.767\/w:auto\/h:auto\/q:mauto\/f:best\/https:\/\/fullsolutions.info\/wp-content\/uploads\/2024\/02\/SITRANS-P-DSIII-series.jpeg\",\"contentUrl\":\"https:\/\/mlhff0prgoxu.i.optimole.com\/cb:s0sM.767\/w:auto\/h:auto\/q:mauto\/f:best\/https:\/\/fullsolutions.info\/wp-content\/uploads\/2024\/02\/SITRANS-P-DSIII-series.jpeg\",\"width\":576,\"height\":576},{\"@type\":\"BreadcrumbList\",\"@id\":\"https:\/\/fullsolutions.info\/produto\/serie-sitrans-p-dsiii\/#breadcrumb\",\"itemListElement\":[{\"@type\":\"ListItem\",\"position\":1,\"name\":\"In\u00edcio\",\"item\":\"https:\/\/fullsolutions.info\/\"},{\"@type\":\"ListItem\",\"position\":2,\"name\":\"Produtos\",\"item\":\"https:\/\/fullsolutions.info\/shop\/\"},{\"@type\":\"ListItem\",\"position\":3,\"name\":\"S\u00e9rie SITRANS P DSIII\"}]},{\"@type\":\"WebSite\",\"@id\":\"https:\/\/fullsolutions.info\/#website\",\"url\":\"https:\/\/fullsolutions.info\/\",\"name\":\"Full Solutions\",\"description\":\"Empresa na \u00c1rea de Procurement\",\"publisher\":{\"@id\":\"https:\/\/fullsolutions.info\/#organization\"},\"potentialAction\":[{\"@type\":\"SearchAction\",\"target\":{\"@type\":\"EntryPoint\",\"urlTemplate\":\"https:\/\/fullsolutions.info\/?s={search_term_string}\"},\"query-input\":{\"@type\":\"PropertyValueSpecification\",\"valueRequired\":true,\"valueName\":\"search_term_string\"}}],\"inLanguage\":\"en-US\"},{\"@type\":\"Organization\",\"@id\":\"https:\/\/fullsolutions.info\/#organization\",\"name\":\"Full Solutions\",\"url\":\"https:\/\/fullsolutions.info\/\",\"logo\":{\"@type\":\"ImageObject\",\"inLanguage\":\"en-US\",\"@id\":\"https:\/\/fullsolutions.info\/#\/schema\/logo\/image\/\",\"url\":\"https:\/\/mlhff0prgoxu.i.optimole.com\/cb:s0sM.767\/w:auto\/h:auto\/q:mauto\/f:best\/https:\/\/fullsolutions.info\/wp-content\/uploads\/2021\/07\/cropped-Design-sem-nome-300x193-1-e1627062664782.png\",\"contentUrl\":\"https:\/\/mlhff0prgoxu.i.optimole.com\/cb:s0sM.767\/w:auto\/h:auto\/q:mauto\/f:best\/https:\/\/fullsolutions.info\/wp-content\/uploads\/2021\/07\/cropped-Design-sem-nome-300x193-1-e1627062664782.png\",\"width\":202,\"height\":155,\"caption\":\"Full Solutions\"},\"image\":{\"@id\":\"https:\/\/fullsolutions.info\/#\/schema\/logo\/image\/\"},\"sameAs\":[\"https:\/\/www.linkedin.com\/company\/full-solutions-equipment\"]}]}<\/script>\n<!-- \/ Yoast SEO plugin. -->","yoast_head_json":{"title":"S\u00e9rie SITRANS P DSIII - Full Solutions","robots":{"index":"index","follow":"follow","max-snippet":"max-snippet:-1","max-image-preview":"max-image-preview:large","max-video-preview":"max-video-preview:-1"},"canonical":"https:\/\/fullsolutions.info\/en\/product\/serie-sitrans-p-dsiii\/","og_locale":"en_US","og_type":"article","og_title":"S\u00e9rie SITRANS P DSIII - Full Solutions","og_description":"Transmissor de press\u00e3o SIEMENS-s\u00e9rie SITRANS P DSIII A s\u00e9rie SITRANS P DSIII inclui transmissores de press\u00e3o digitais para medi\u00e7\u00e3o de press\u00e3o manom\u00e9trica, press\u00e3o absoluta, press\u00e3o diferencial, vaz\u00e3o e n\u00edvel. At\u00e9 mesmo os dispositivos padr\u00e3o oferecem fun\u00e7\u00f5es abrangentes de diagn\u00f3stico e simula\u00e7\u00e3o com alta confiabilidade. A adequa\u00e7\u00e3o para uso em circuitos SIL2 foi certificada por institutos de teste externos. Nos transmissores Profibus, a nova tecnologia PROFISAFE garante seguran\u00e7a uniforme desde o sistema de controle at\u00e9 o transmissor. &nbsp; topo da p\u00e1gina Detalhe Precis\u00e3o \u2264 0,075% Estabilidade a longo prazo \u2264 0,25% \/ 60 meses Faixa de medi\u00e7\u00e3o 0 &#8211; 10 mbar (0 &#8211; 0,4 polegadasH2O) a 0 &#8211; 400 bar (0 &#8211; 5.800 psi) topo da p\u00e1gina Benef\u00edcios Extensas fun\u00e7\u00f5es de diagn\u00f3stico e simula\u00e7\u00e3o Adequado para instala\u00e7\u00e3o em aplica\u00e7\u00f5es SIL 2 de acordo com IEC 61508 \/IEC 61511. Na vers\u00e3o PROFIsafe garante m\u00e1xima seguran\u00e7a de comunica\u00e7\u00e3o at\u00e9 o n\u00edvel do sistema de controle Ampla gama de certifica\u00e7\u00e3o e aprova\u00e7\u00e3o, por ex. ATEX EEx ia, EEx ib, Prote\u00e7\u00e3o contra poeira, FM, CS Op\u00e7\u00e3o de usar uma fun\u00e7\u00e3o de simula\u00e7\u00e3o para fun\u00e7\u00f5es de verifica\u00e7\u00e3o de loop Abre uma s\u00e9rie de diferentes op\u00e7\u00f5es de comunica\u00e7\u00e3o de barramento para voc\u00ea: HART, PROFIBUS PA, PROFIsafe ou FF","og_url":"https:\/\/fullsolutions.info\/en\/product\/serie-sitrans-p-dsiii\/","og_site_name":"Full Solutions","article_modified_time":"2024-02-19T16:13:28+00:00","og_image":[{"width":576,"height":576,"url":"https:\/\/mlhff0prgoxu.i.optimole.com\/cb:s0sM.767\/w:auto\/h:auto\/q:mauto\/f:best\/https:\/\/fullsolutions.info\/wp-content\/uploads\/2024\/02\/SITRANS-P-DSIII-series.jpeg","type":"image\/jpeg"}],"twitter_card":"summary_large_image","twitter_misc":{"Est. reading time":"1 minute"},"schema":{"@context":"https:\/\/schema.org","@graph":[{"@type":"WebPage","@id":"https:\/\/fullsolutions.info\/produto\/serie-sitrans-p-dsiii\/","url":"https:\/\/fullsolutions.info\/produto\/serie-sitrans-p-dsiii\/","name":"S\u00e9rie SITRANS P DSIII - Full Solutions","isPartOf":{"@id":"https:\/\/fullsolutions.info\/#website"},"primaryImageOfPage":{"@id":"https:\/\/fullsolutions.info\/produto\/serie-sitrans-p-dsiii\/#primaryimage"},"image":{"@id":"https:\/\/fullsolutions.info\/produto\/serie-sitrans-p-dsiii\/#primaryimage"},"thumbnailUrl":"https:\/\/mlhff0prgoxu.i.optimole.com\/cb:s0sM.767\/w:auto\/h:auto\/q:mauto\/f:best\/https:\/\/fullsolutions.info\/wp-content\/uploads\/2024\/02\/SITRANS-P-DSIII-series.jpeg","datePublished":"2024-02-01T17:30:40+00:00","dateModified":"2024-02-19T16:13:28+00:00","breadcrumb":{"@id":"https:\/\/fullsolutions.info\/produto\/serie-sitrans-p-dsiii\/#breadcrumb"},"inLanguage":"en-US","potentialAction":[{"@type":"ReadAction","target":["https:\/\/fullsolutions.info\/produto\/serie-sitrans-p-dsiii\/"]}]},{"@type":"ImageObject","inLanguage":"en-US","@id":"https:\/\/fullsolutions.info\/produto\/serie-sitrans-p-dsiii\/#primaryimage","url":"https:\/\/mlhff0prgoxu.i.optimole.com\/cb:s0sM.767\/w:auto\/h:auto\/q:mauto\/f:best\/https:\/\/fullsolutions.info\/wp-content\/uploads\/2024\/02\/SITRANS-P-DSIII-series.jpeg","contentUrl":"https:\/\/mlhff0prgoxu.i.optimole.com\/cb:s0sM.767\/w:auto\/h:auto\/q:mauto\/f:best\/https:\/\/fullsolutions.info\/wp-content\/uploads\/2024\/02\/SITRANS-P-DSIII-series.jpeg","width":576,"height":576},{"@type":"BreadcrumbList","@id":"https:\/\/fullsolutions.info\/produto\/serie-sitrans-p-dsiii\/#breadcrumb","itemListElement":[{"@type":"ListItem","position":1,"name":"In\u00edcio","item":"https:\/\/fullsolutions.info\/"},{"@type":"ListItem","position":2,"name":"Produtos","item":"https:\/\/fullsolutions.info\/shop\/"},{"@type":"ListItem","position":3,"name":"S\u00e9rie SITRANS P DSIII"}]},{"@type":"WebSite","@id":"https:\/\/fullsolutions.info\/#website","url":"https:\/\/fullsolutions.info\/","name":"Full Solutions","description":"Empresa na \u00c1rea de Procurement","publisher":{"@id":"https:\/\/fullsolutions.info\/#organization"},"potentialAction":[{"@type":"SearchAction","target":{"@type":"EntryPoint","urlTemplate":"https:\/\/fullsolutions.info\/?s={search_term_string}"},"query-input":{"@type":"PropertyValueSpecification","valueRequired":true,"valueName":"search_term_string"}}],"inLanguage":"en-US"},{"@type":"Organization","@id":"https:\/\/fullsolutions.info\/#organization","name":"Full Solutions","url":"https:\/\/fullsolutions.info\/","logo":{"@type":"ImageObject","inLanguage":"en-US","@id":"https:\/\/fullsolutions.info\/#\/schema\/logo\/image\/","url":"https:\/\/mlhff0prgoxu.i.optimole.com\/cb:s0sM.767\/w:auto\/h:auto\/q:mauto\/f:best\/https:\/\/fullsolutions.info\/wp-content\/uploads\/2021\/07\/cropped-Design-sem-nome-300x193-1-e1627062664782.png","contentUrl":"https:\/\/mlhff0prgoxu.i.optimole.com\/cb:s0sM.767\/w:auto\/h:auto\/q:mauto\/f:best\/https:\/\/fullsolutions.info\/wp-content\/uploads\/2021\/07\/cropped-Design-sem-nome-300x193-1-e1627062664782.png","width":202,"height":155,"caption":"Full Solutions"},"image":{"@id":"https:\/\/fullsolutions.info\/#\/schema\/logo\/image\/"},"sameAs":["https:\/\/www.linkedin.com\/company\/full-solutions-equipment"]}]}},"_links":{"self":[{"href":"https:\/\/fullsolutions.info\/en\/wp-json\/wp\/v2\/product\/4163","targetHints":{"allow":["GET"]}}],"collection":[{"href":"https:\/\/fullsolutions.info\/en\/wp-json\/wp\/v2\/product"}],"about":[{"href":"https:\/\/fullsolutions.info\/en\/wp-json\/wp\/v2\/types\/product"}],"replies":[{"embeddable":true,"href":"https:\/\/fullsolutions.info\/en\/wp-json\/wp\/v2\/comments?post=4163"}],"wp:featuredmedia":[{"embeddable":true,"href":"https:\/\/fullsolutions.info\/en\/wp-json\/wp\/v2\/media\/4164"}],"wp:attachment":[{"href":"https:\/\/fullsolutions.info\/en\/wp-json\/wp\/v2\/media?parent=4163"}],"wp:term":[{"taxonomy":"product_brand","embeddable":true,"href":"https:\/\/fullsolutions.info\/en\/wp-json\/wp\/v2\/product_brand?post=4163"},{"taxonomy":"product_cat","embeddable":true,"href":"https:\/\/fullsolutions.info\/en\/wp-json\/wp\/v2\/product_cat?post=4163"},{"taxonomy":"product_tag","embeddable":true,"href":"https:\/\/fullsolutions.info\/en\/wp-json\/wp\/v2\/product_tag?post=4163"},{"taxonomy":"marca","embeddable":true,"href":"https:\/\/fullsolutions.info\/en\/wp-json\/wp\/v2\/marca?post=4163"}],"curies":[{"name":"wp","href":"https:\/\/api.w.org\/{rel}","templated":true}]}}