{"id":4161,"date":"2024-02-01T17:29:02","date_gmt":"2024-02-01T17:29:02","guid":{"rendered":"https:\/\/fullsolutionsequip.com\/?post_type=product&#038;p=4161"},"modified":"2024-02-19T16:13:49","modified_gmt":"2024-02-19T16:13:49","slug":"transmissores-sitrans-p200-p210-e-p220","status":"publish","type":"product","link":"https:\/\/fullsolutions.info\/en\/product\/transmissores-sitrans-p200-p210-e-p220\/","title":{"rendered":"Transmissores SITRANS P200, P210 e P220"},"content":{"rendered":"<p>Transmissores de press\u00e3o SIEMENS-transmissores SITRANS P200, P210 e P220<\/p>\n<p>Os transmissores SITRANS P200, P210 e P220 s\u00e3o transmissores compactos de faixa \u00fanica para medi\u00e7\u00e3o de press\u00e3o absoluta e manom\u00e9trica.<\/p>\n<p>Nesta s\u00e9rie utilizamos dois tipos diferentes de sensores de press\u00e3o: dois sensores de a\u00e7o inoxid\u00e1vel e um sensor de cer\u00e2mica. Portanto, a medi\u00e7\u00e3o da press\u00e3o do processo, press\u00e3o absoluta e press\u00e3o hidrost\u00e1tica \u00e9 f\u00e1cil. A press\u00e3o medida ser\u00e1 transformada com esses sensores em 4\u202620 mA- resp. um sinal de 0 a 10 V.<\/p>\n<p>&nbsp;<\/p>\n<p>topo da p\u00e1gina<br \/>\nDetalhe<br \/>\nN\u00e3o linearidade \u2264 0,25%<br \/>\nEstabilidade a longo prazo \u2264 0,25% \/ 12 meses<br \/>\nFaixa de medi\u00e7\u00e3o SITRANS P200: 1 bar a 60 bar medidor 0,6 bar a 16 bar absoluto<br \/>\nSITRANS P210: medidor de 100 mbar a 600 mbar<br \/>\nSITRANS P220: medidor de 2,5 bar a 600 bar<br \/>\ntopo da p\u00e1gina<br \/>\nBenef\u00edcios<br \/>\nAlta precis\u00e3o de medi\u00e7\u00e3o<br \/>\nGabinete robusto de a\u00e7o inoxid\u00e1vel<br \/>\nAlta capacidade de suportar sobrecarga<br \/>\nPara meios de comunica\u00e7\u00e3o agressivos e n\u00e3o agressivos<br \/>\nPara medir a press\u00e3o de l\u00edquidos, gases e vapores<br \/>\nDesign compacto<\/p>","protected":false},"excerpt":{"rendered":"<p>Transmissores de press\u00e3o SIEMENS-transmissores SITRANS P200, P210 e P220 Os transmissores SITRANS P200, P210 e P220 s\u00e3o transmissores compactos de faixa \u00fanica para medi\u00e7\u00e3o de press\u00e3o absoluta e manom\u00e9trica. Nesta s\u00e9rie utilizamos dois tipos diferentes de sensores de press\u00e3o: dois sensores de a\u00e7o inoxid\u00e1vel e um sensor de cer\u00e2mica. Portanto, a medi\u00e7\u00e3o da press\u00e3o do processo, press\u00e3o absoluta e press\u00e3o hidrost\u00e1tica \u00e9 f\u00e1cil. A press\u00e3o medida ser\u00e1 transformada com esses sensores em 4\u202620 mA- resp. um sinal de 0 a 10 V. &nbsp; topo da p\u00e1gina Detalhe N\u00e3o linearidade \u2264 0,25% Estabilidade a longo prazo \u2264 0,25% \/ 12 meses Faixa de medi\u00e7\u00e3o SITRANS P200: 1 bar a 60 bar medidor 0,6 bar a 16 bar absoluto SITRANS P210: medidor de 100 mbar a 600 mbar SITRANS P220: medidor de 2,5 bar a 600 bar topo da p\u00e1gina Benef\u00edcios Alta precis\u00e3o de medi\u00e7\u00e3o Gabinete robusto de a\u00e7o inoxid\u00e1vel Alta capacidade de suportar sobrecarga Para meios de comunica\u00e7\u00e3o agressivos e n\u00e3o agressivos Para medir a press\u00e3o de l\u00edquidos, gases e vapores Design compacto<\/p>","protected":false},"featured_media":4162,"comment_status":"open","ping_status":"closed","template":"","meta":{"_joinchat":[]},"product_brand":[],"product_cat":[140],"product_tag":[],"marca":[144],"class_list":{"0":"post-4161","1":"product","2":"type-product","3":"status-publish","4":"has-post-thumbnail","6":"product_cat-transmissores","7":"marca-siemens","9":"first","10":"instock","11":"shipping-taxable","12":"purchasable","13":"product-type-simple"},"yoast_head":"<!-- This site is optimized with the Yoast SEO plugin v27.2 - https:\/\/yoast.com\/product\/yoast-seo-wordpress\/ -->\n<title>Transmissores SITRANS P200, P210 e P220 - Full Solutions<\/title>\n<meta name=\"robots\" content=\"index, follow, max-snippet:-1, max-image-preview:large, max-video-preview:-1\" \/>\n<link rel=\"canonical\" href=\"https:\/\/fullsolutions.info\/en\/product\/transmissores-sitrans-p200-p210-e-p220\/\" \/>\n<meta property=\"og:locale\" content=\"en_US\" \/>\n<meta property=\"og:type\" content=\"article\" \/>\n<meta property=\"og:title\" content=\"Transmissores SITRANS P200, P210 e P220 - Full Solutions\" \/>\n<meta property=\"og:description\" content=\"Transmissores de press\u00e3o SIEMENS-transmissores SITRANS P200, P210 e P220 Os transmissores SITRANS P200, P210 e P220 s\u00e3o transmissores compactos de faixa \u00fanica para medi\u00e7\u00e3o de press\u00e3o absoluta e manom\u00e9trica. Nesta s\u00e9rie utilizamos dois tipos diferentes de sensores de press\u00e3o: dois sensores de a\u00e7o inoxid\u00e1vel e um sensor de cer\u00e2mica. Portanto, a medi\u00e7\u00e3o da press\u00e3o do processo, press\u00e3o absoluta e press\u00e3o hidrost\u00e1tica \u00e9 f\u00e1cil. A press\u00e3o medida ser\u00e1 transformada com esses sensores em 4\u202620 mA- resp. um sinal de 0 a 10 V. &nbsp; topo da p\u00e1gina Detalhe N\u00e3o linearidade \u2264 0,25% Estabilidade a longo prazo \u2264 0,25% \/ 12 meses Faixa de medi\u00e7\u00e3o SITRANS P200: 1 bar a 60 bar medidor 0,6 bar a 16 bar absoluto SITRANS P210: medidor de 100 mbar a 600 mbar SITRANS P220: medidor de 2,5 bar a 600 bar topo da p\u00e1gina Benef\u00edcios Alta precis\u00e3o de medi\u00e7\u00e3o Gabinete robusto de a\u00e7o inoxid\u00e1vel Alta capacidade de suportar sobrecarga Para meios de comunica\u00e7\u00e3o agressivos e n\u00e3o agressivos Para medir a press\u00e3o de l\u00edquidos, gases e vapores Design compacto\" \/>\n<meta property=\"og:url\" content=\"https:\/\/fullsolutions.info\/en\/product\/transmissores-sitrans-p200-p210-e-p220\/\" \/>\n<meta property=\"og:site_name\" content=\"Full Solutions\" \/>\n<meta property=\"article:modified_time\" content=\"2024-02-19T16:13:49+00:00\" \/>\n<meta property=\"og:image\" content=\"https:\/\/mlhff0prgoxu.i.optimole.com\/cb:s0sM.767\/w:auto\/h:auto\/q:mauto\/f:best\/https:\/\/fullsolutions.info\/wp-content\/uploads\/2024\/02\/SITRANS-transmitters-P200-P210-and-P220.jpeg\" \/>\n\t<meta property=\"og:image:width\" content=\"576\" \/>\n\t<meta property=\"og:image:height\" content=\"576\" \/>\n\t<meta property=\"og:image:type\" content=\"image\/jpeg\" \/>\n<meta name=\"twitter:card\" content=\"summary_large_image\" \/>\n<meta name=\"twitter:label1\" content=\"Est. reading time\" \/>\n\t<meta name=\"twitter:data1\" content=\"1 minute\" \/>\n<script type=\"application\/ld+json\" class=\"yoast-schema-graph\">{\"@context\":\"https:\/\/schema.org\",\"@graph\":[{\"@type\":\"WebPage\",\"@id\":\"https:\/\/fullsolutions.info\/produto\/transmissores-sitrans-p200-p210-e-p220\/\",\"url\":\"https:\/\/fullsolutions.info\/produto\/transmissores-sitrans-p200-p210-e-p220\/\",\"name\":\"Transmissores SITRANS P200, P210 e P220 - Full Solutions\",\"isPartOf\":{\"@id\":\"https:\/\/fullsolutions.info\/#website\"},\"primaryImageOfPage\":{\"@id\":\"https:\/\/fullsolutions.info\/produto\/transmissores-sitrans-p200-p210-e-p220\/#primaryimage\"},\"image\":{\"@id\":\"https:\/\/fullsolutions.info\/produto\/transmissores-sitrans-p200-p210-e-p220\/#primaryimage\"},\"thumbnailUrl\":\"https:\/\/mlhff0prgoxu.i.optimole.com\/cb:s0sM.767\/w:auto\/h:auto\/q:mauto\/f:best\/https:\/\/fullsolutions.info\/wp-content\/uploads\/2024\/02\/SITRANS-transmitters-P200-P210-and-P220.jpeg\",\"datePublished\":\"2024-02-01T17:29:02+00:00\",\"dateModified\":\"2024-02-19T16:13:49+00:00\",\"breadcrumb\":{\"@id\":\"https:\/\/fullsolutions.info\/produto\/transmissores-sitrans-p200-p210-e-p220\/#breadcrumb\"},\"inLanguage\":\"en-US\",\"potentialAction\":[{\"@type\":\"ReadAction\",\"target\":[\"https:\/\/fullsolutions.info\/produto\/transmissores-sitrans-p200-p210-e-p220\/\"]}]},{\"@type\":\"ImageObject\",\"inLanguage\":\"en-US\",\"@id\":\"https:\/\/fullsolutions.info\/produto\/transmissores-sitrans-p200-p210-e-p220\/#primaryimage\",\"url\":\"https:\/\/mlhff0prgoxu.i.optimole.com\/cb:s0sM.767\/w:auto\/h:auto\/q:mauto\/f:best\/https:\/\/fullsolutions.info\/wp-content\/uploads\/2024\/02\/SITRANS-transmitters-P200-P210-and-P220.jpeg\",\"contentUrl\":\"https:\/\/mlhff0prgoxu.i.optimole.com\/cb:s0sM.767\/w:auto\/h:auto\/q:mauto\/f:best\/https:\/\/fullsolutions.info\/wp-content\/uploads\/2024\/02\/SITRANS-transmitters-P200-P210-and-P220.jpeg\",\"width\":576,\"height\":576},{\"@type\":\"BreadcrumbList\",\"@id\":\"https:\/\/fullsolutions.info\/produto\/transmissores-sitrans-p200-p210-e-p220\/#breadcrumb\",\"itemListElement\":[{\"@type\":\"ListItem\",\"position\":1,\"name\":\"In\u00edcio\",\"item\":\"https:\/\/fullsolutions.info\/\"},{\"@type\":\"ListItem\",\"position\":2,\"name\":\"Produtos\",\"item\":\"https:\/\/fullsolutions.info\/shop\/\"},{\"@type\":\"ListItem\",\"position\":3,\"name\":\"Transmissores SITRANS P200, P210 e P220\"}]},{\"@type\":\"WebSite\",\"@id\":\"https:\/\/fullsolutions.info\/#website\",\"url\":\"https:\/\/fullsolutions.info\/\",\"name\":\"Full Solutions\",\"description\":\"Empresa na \u00c1rea de Procurement\",\"publisher\":{\"@id\":\"https:\/\/fullsolutions.info\/#organization\"},\"potentialAction\":[{\"@type\":\"SearchAction\",\"target\":{\"@type\":\"EntryPoint\",\"urlTemplate\":\"https:\/\/fullsolutions.info\/?s={search_term_string}\"},\"query-input\":{\"@type\":\"PropertyValueSpecification\",\"valueRequired\":true,\"valueName\":\"search_term_string\"}}],\"inLanguage\":\"en-US\"},{\"@type\":\"Organization\",\"@id\":\"https:\/\/fullsolutions.info\/#organization\",\"name\":\"Full Solutions\",\"url\":\"https:\/\/fullsolutions.info\/\",\"logo\":{\"@type\":\"ImageObject\",\"inLanguage\":\"en-US\",\"@id\":\"https:\/\/fullsolutions.info\/#\/schema\/logo\/image\/\",\"url\":\"https:\/\/mlhff0prgoxu.i.optimole.com\/cb:s0sM.767\/w:auto\/h:auto\/q:mauto\/f:best\/https:\/\/fullsolutions.info\/wp-content\/uploads\/2021\/07\/cropped-Design-sem-nome-300x193-1-e1627062664782.png\",\"contentUrl\":\"https:\/\/mlhff0prgoxu.i.optimole.com\/cb:s0sM.767\/w:auto\/h:auto\/q:mauto\/f:best\/https:\/\/fullsolutions.info\/wp-content\/uploads\/2021\/07\/cropped-Design-sem-nome-300x193-1-e1627062664782.png\",\"width\":202,\"height\":155,\"caption\":\"Full Solutions\"},\"image\":{\"@id\":\"https:\/\/fullsolutions.info\/#\/schema\/logo\/image\/\"},\"sameAs\":[\"https:\/\/www.linkedin.com\/company\/full-solutions-equipment\"]}]}<\/script>\n<!-- \/ Yoast SEO plugin. -->","yoast_head_json":{"title":"Transmissores SITRANS P200, P210 e P220 - Full Solutions","robots":{"index":"index","follow":"follow","max-snippet":"max-snippet:-1","max-image-preview":"max-image-preview:large","max-video-preview":"max-video-preview:-1"},"canonical":"https:\/\/fullsolutions.info\/en\/product\/transmissores-sitrans-p200-p210-e-p220\/","og_locale":"en_US","og_type":"article","og_title":"Transmissores SITRANS P200, P210 e P220 - Full Solutions","og_description":"Transmissores de press\u00e3o SIEMENS-transmissores SITRANS P200, P210 e P220 Os transmissores SITRANS P200, P210 e P220 s\u00e3o transmissores compactos de faixa \u00fanica para medi\u00e7\u00e3o de press\u00e3o absoluta e manom\u00e9trica. Nesta s\u00e9rie utilizamos dois tipos diferentes de sensores de press\u00e3o: dois sensores de a\u00e7o inoxid\u00e1vel e um sensor de cer\u00e2mica. Portanto, a medi\u00e7\u00e3o da press\u00e3o do processo, press\u00e3o absoluta e press\u00e3o hidrost\u00e1tica \u00e9 f\u00e1cil. A press\u00e3o medida ser\u00e1 transformada com esses sensores em 4\u202620 mA- resp. um sinal de 0 a 10 V. &nbsp; topo da p\u00e1gina Detalhe N\u00e3o linearidade \u2264 0,25% Estabilidade a longo prazo \u2264 0,25% \/ 12 meses Faixa de medi\u00e7\u00e3o SITRANS P200: 1 bar a 60 bar medidor 0,6 bar a 16 bar absoluto SITRANS P210: medidor de 100 mbar a 600 mbar SITRANS P220: medidor de 2,5 bar a 600 bar topo da p\u00e1gina Benef\u00edcios Alta precis\u00e3o de medi\u00e7\u00e3o Gabinete robusto de a\u00e7o inoxid\u00e1vel Alta capacidade de suportar sobrecarga Para meios de comunica\u00e7\u00e3o agressivos e n\u00e3o agressivos Para medir a press\u00e3o de l\u00edquidos, gases e vapores Design compacto","og_url":"https:\/\/fullsolutions.info\/en\/product\/transmissores-sitrans-p200-p210-e-p220\/","og_site_name":"Full Solutions","article_modified_time":"2024-02-19T16:13:49+00:00","og_image":[{"width":576,"height":576,"url":"https:\/\/mlhff0prgoxu.i.optimole.com\/cb:s0sM.767\/w:auto\/h:auto\/q:mauto\/f:best\/https:\/\/fullsolutions.info\/wp-content\/uploads\/2024\/02\/SITRANS-transmitters-P200-P210-and-P220.jpeg","type":"image\/jpeg"}],"twitter_card":"summary_large_image","twitter_misc":{"Est. reading time":"1 minute"},"schema":{"@context":"https:\/\/schema.org","@graph":[{"@type":"WebPage","@id":"https:\/\/fullsolutions.info\/produto\/transmissores-sitrans-p200-p210-e-p220\/","url":"https:\/\/fullsolutions.info\/produto\/transmissores-sitrans-p200-p210-e-p220\/","name":"Transmissores SITRANS P200, P210 e P220 - Full Solutions","isPartOf":{"@id":"https:\/\/fullsolutions.info\/#website"},"primaryImageOfPage":{"@id":"https:\/\/fullsolutions.info\/produto\/transmissores-sitrans-p200-p210-e-p220\/#primaryimage"},"image":{"@id":"https:\/\/fullsolutions.info\/produto\/transmissores-sitrans-p200-p210-e-p220\/#primaryimage"},"thumbnailUrl":"https:\/\/mlhff0prgoxu.i.optimole.com\/cb:s0sM.767\/w:auto\/h:auto\/q:mauto\/f:best\/https:\/\/fullsolutions.info\/wp-content\/uploads\/2024\/02\/SITRANS-transmitters-P200-P210-and-P220.jpeg","datePublished":"2024-02-01T17:29:02+00:00","dateModified":"2024-02-19T16:13:49+00:00","breadcrumb":{"@id":"https:\/\/fullsolutions.info\/produto\/transmissores-sitrans-p200-p210-e-p220\/#breadcrumb"},"inLanguage":"en-US","potentialAction":[{"@type":"ReadAction","target":["https:\/\/fullsolutions.info\/produto\/transmissores-sitrans-p200-p210-e-p220\/"]}]},{"@type":"ImageObject","inLanguage":"en-US","@id":"https:\/\/fullsolutions.info\/produto\/transmissores-sitrans-p200-p210-e-p220\/#primaryimage","url":"https:\/\/mlhff0prgoxu.i.optimole.com\/cb:s0sM.767\/w:auto\/h:auto\/q:mauto\/f:best\/https:\/\/fullsolutions.info\/wp-content\/uploads\/2024\/02\/SITRANS-transmitters-P200-P210-and-P220.jpeg","contentUrl":"https:\/\/mlhff0prgoxu.i.optimole.com\/cb:s0sM.767\/w:auto\/h:auto\/q:mauto\/f:best\/https:\/\/fullsolutions.info\/wp-content\/uploads\/2024\/02\/SITRANS-transmitters-P200-P210-and-P220.jpeg","width":576,"height":576},{"@type":"BreadcrumbList","@id":"https:\/\/fullsolutions.info\/produto\/transmissores-sitrans-p200-p210-e-p220\/#breadcrumb","itemListElement":[{"@type":"ListItem","position":1,"name":"In\u00edcio","item":"https:\/\/fullsolutions.info\/"},{"@type":"ListItem","position":2,"name":"Produtos","item":"https:\/\/fullsolutions.info\/shop\/"},{"@type":"ListItem","position":3,"name":"Transmissores SITRANS P200, P210 e P220"}]},{"@type":"WebSite","@id":"https:\/\/fullsolutions.info\/#website","url":"https:\/\/fullsolutions.info\/","name":"Full Solutions","description":"Empresa na \u00c1rea de Procurement","publisher":{"@id":"https:\/\/fullsolutions.info\/#organization"},"potentialAction":[{"@type":"SearchAction","target":{"@type":"EntryPoint","urlTemplate":"https:\/\/fullsolutions.info\/?s={search_term_string}"},"query-input":{"@type":"PropertyValueSpecification","valueRequired":true,"valueName":"search_term_string"}}],"inLanguage":"en-US"},{"@type":"Organization","@id":"https:\/\/fullsolutions.info\/#organization","name":"Full Solutions","url":"https:\/\/fullsolutions.info\/","logo":{"@type":"ImageObject","inLanguage":"en-US","@id":"https:\/\/fullsolutions.info\/#\/schema\/logo\/image\/","url":"https:\/\/mlhff0prgoxu.i.optimole.com\/cb:s0sM.767\/w:auto\/h:auto\/q:mauto\/f:best\/https:\/\/fullsolutions.info\/wp-content\/uploads\/2021\/07\/cropped-Design-sem-nome-300x193-1-e1627062664782.png","contentUrl":"https:\/\/mlhff0prgoxu.i.optimole.com\/cb:s0sM.767\/w:auto\/h:auto\/q:mauto\/f:best\/https:\/\/fullsolutions.info\/wp-content\/uploads\/2021\/07\/cropped-Design-sem-nome-300x193-1-e1627062664782.png","width":202,"height":155,"caption":"Full Solutions"},"image":{"@id":"https:\/\/fullsolutions.info\/#\/schema\/logo\/image\/"},"sameAs":["https:\/\/www.linkedin.com\/company\/full-solutions-equipment"]}]}},"_links":{"self":[{"href":"https:\/\/fullsolutions.info\/en\/wp-json\/wp\/v2\/product\/4161","targetHints":{"allow":["GET"]}}],"collection":[{"href":"https:\/\/fullsolutions.info\/en\/wp-json\/wp\/v2\/product"}],"about":[{"href":"https:\/\/fullsolutions.info\/en\/wp-json\/wp\/v2\/types\/product"}],"replies":[{"embeddable":true,"href":"https:\/\/fullsolutions.info\/en\/wp-json\/wp\/v2\/comments?post=4161"}],"wp:featuredmedia":[{"embeddable":true,"href":"https:\/\/fullsolutions.info\/en\/wp-json\/wp\/v2\/media\/4162"}],"wp:attachment":[{"href":"https:\/\/fullsolutions.info\/en\/wp-json\/wp\/v2\/media?parent=4161"}],"wp:term":[{"taxonomy":"product_brand","embeddable":true,"href":"https:\/\/fullsolutions.info\/en\/wp-json\/wp\/v2\/product_brand?post=4161"},{"taxonomy":"product_cat","embeddable":true,"href":"https:\/\/fullsolutions.info\/en\/wp-json\/wp\/v2\/product_cat?post=4161"},{"taxonomy":"product_tag","embeddable":true,"href":"https:\/\/fullsolutions.info\/en\/wp-json\/wp\/v2\/product_tag?post=4161"},{"taxonomy":"marca","embeddable":true,"href":"https:\/\/fullsolutions.info\/en\/wp-json\/wp\/v2\/marca?post=4161"}],"curies":[{"name":"wp","href":"https:\/\/api.w.org\/{rel}","templated":true}]}}