{"id":4159,"date":"2024-02-01T17:27:19","date_gmt":"2024-02-01T17:27:19","guid":{"rendered":"https:\/\/fullsolutionsequip.com\/?post_type=product&#038;p=4159"},"modified":"2024-02-19T16:13:49","modified_gmt":"2024-02-19T16:13:49","slug":"transmissor-de-temperatura-inteligente-stt170","status":"publish","type":"product","link":"https:\/\/fullsolutions.info\/en\/product\/transmissor-de-temperatura-inteligente-stt170\/","title":{"rendered":"Transmissor de temperatura inteligente STT170"},"content":{"rendered":"<p>Transmissor inteligente de temperatura Honeywell STT170<br \/>\nSTT170 \u00e9 uma solu\u00e7\u00e3o de medi\u00e7\u00e3o para aplica\u00e7\u00f5es de monitoramento de temperatura. Ele ajuda os usu\u00e1rios finais e os fabricantes de equipamentos originais (OEMs) a obter medi\u00e7\u00f5es de temperatura confi\u00e1veis \u200b\u200be precisas de maneira econ\u00f4mica.<\/p>\n<p>&nbsp;<\/p>\n<p>O STT170 \u00e9 a fam\u00edlia de transmissores de temperatura de n\u00edvel econ\u00f4mico da Honeywell para flanquear os transmissores de temperatura STT250 de n\u00edvel intermedi\u00e1rio e STT350 de n\u00edvel superior existentes. Ele ajuda a converter sinais de baixo n\u00edvel de sensores de temperatura, como RTDs e TCs, em sinais de corrente e \u00e9 capaz de transmitir longas dist\u00e2ncias em ambientes ruidosos de f\u00e1brica. A linha STT170 \u00e9 composta por quatro transmissores de temperatura e uma ferramenta de configura\u00e7\u00e3o:<\/p>\n<p>STT171 \u2013 Sa\u00edda anal\u00f3gica, entrada de sensor somente RTD<br \/>\nSTT173 \u2013 Sa\u00edda anal\u00f3gica, entrada de sensor RTD ou termopar<br \/>\nSTT17H \u2013 Sa\u00edda HART, RTD e entrada de sensor termopar<br \/>\nSTT17F \u2013 Protocolo FOUNDATION Fieldbus, entrada de sensor RTD e termopar<br \/>\nSTT17C \u2013 ferramenta de configura\u00e7\u00e3o baseada em PC para configurar os transmissores STT171, STT173 e STT17H<\/p>","protected":false},"excerpt":{"rendered":"<p>Transmissor inteligente de temperatura Honeywell STT170 STT170 \u00e9 uma solu\u00e7\u00e3o de medi\u00e7\u00e3o para aplica\u00e7\u00f5es de monitoramento de temperatura. Ele ajuda os usu\u00e1rios finais e os fabricantes de equipamentos originais (OEMs) a obter medi\u00e7\u00f5es de temperatura confi\u00e1veis \u200b\u200be precisas de maneira econ\u00f4mica. &nbsp; O STT170 \u00e9 a fam\u00edlia de transmissores de temperatura de n\u00edvel econ\u00f4mico da Honeywell para flanquear os transmissores de temperatura STT250 de n\u00edvel intermedi\u00e1rio e STT350 de n\u00edvel superior existentes. Ele ajuda a converter sinais de baixo n\u00edvel de sensores de temperatura, como RTDs e TCs, em sinais de corrente e \u00e9 capaz de transmitir longas dist\u00e2ncias em ambientes ruidosos de f\u00e1brica. A linha STT170 \u00e9 composta por quatro transmissores de temperatura e uma ferramenta de configura\u00e7\u00e3o: STT171 \u2013 Sa\u00edda anal\u00f3gica, entrada de sensor somente RTD STT173 \u2013 Sa\u00edda anal\u00f3gica, entrada de sensor RTD ou termopar STT17H \u2013 Sa\u00edda HART, RTD e entrada de sensor termopar STT17F \u2013 Protocolo FOUNDATION Fieldbus, entrada de sensor RTD e termopar STT17C \u2013 ferramenta de configura\u00e7\u00e3o baseada em PC para configurar os transmissores STT171, STT173 e STT17H<\/p>","protected":false},"featured_media":4160,"comment_status":"open","ping_status":"closed","template":"","meta":{"_joinchat":[]},"product_brand":[],"product_cat":[140],"product_tag":[],"marca":[142],"class_list":{"0":"post-4159","1":"product","2":"type-product","3":"status-publish","4":"has-post-thumbnail","6":"product_cat-transmissores","7":"marca-honeywell","9":"first","10":"instock","11":"shipping-taxable","12":"purchasable","13":"product-type-simple"},"yoast_head":"<!-- This site is optimized with the Yoast SEO plugin v27.2 - https:\/\/yoast.com\/product\/yoast-seo-wordpress\/ -->\n<title>Transmissor de temperatura inteligente STT170 - Full Solutions<\/title>\n<meta name=\"robots\" content=\"index, follow, max-snippet:-1, max-image-preview:large, max-video-preview:-1\" \/>\n<link rel=\"canonical\" href=\"https:\/\/fullsolutions.info\/en\/product\/transmissor-de-temperatura-inteligente-stt170\/\" \/>\n<meta property=\"og:locale\" content=\"en_US\" \/>\n<meta property=\"og:type\" content=\"article\" \/>\n<meta property=\"og:title\" content=\"Transmissor de temperatura inteligente STT170 - Full Solutions\" \/>\n<meta property=\"og:description\" content=\"Transmissor inteligente de temperatura Honeywell STT170 STT170 \u00e9 uma solu\u00e7\u00e3o de medi\u00e7\u00e3o para aplica\u00e7\u00f5es de monitoramento de temperatura. Ele ajuda os usu\u00e1rios finais e os fabricantes de equipamentos originais (OEMs) a obter medi\u00e7\u00f5es de temperatura confi\u00e1veis \u200b\u200be precisas de maneira econ\u00f4mica. &nbsp; O STT170 \u00e9 a fam\u00edlia de transmissores de temperatura de n\u00edvel econ\u00f4mico da Honeywell para flanquear os transmissores de temperatura STT250 de n\u00edvel intermedi\u00e1rio e STT350 de n\u00edvel superior existentes. Ele ajuda a converter sinais de baixo n\u00edvel de sensores de temperatura, como RTDs e TCs, em sinais de corrente e \u00e9 capaz de transmitir longas dist\u00e2ncias em ambientes ruidosos de f\u00e1brica. A linha STT170 \u00e9 composta por quatro transmissores de temperatura e uma ferramenta de configura\u00e7\u00e3o: STT171 \u2013 Sa\u00edda anal\u00f3gica, entrada de sensor somente RTD STT173 \u2013 Sa\u00edda anal\u00f3gica, entrada de sensor RTD ou termopar STT17H \u2013 Sa\u00edda HART, RTD e entrada de sensor termopar STT17F \u2013 Protocolo FOUNDATION Fieldbus, entrada de sensor RTD e termopar STT17C \u2013 ferramenta de configura\u00e7\u00e3o baseada em PC para configurar os transmissores STT171, STT173 e STT17H\" \/>\n<meta property=\"og:url\" content=\"https:\/\/fullsolutions.info\/en\/product\/transmissor-de-temperatura-inteligente-stt170\/\" \/>\n<meta property=\"og:site_name\" content=\"Full Solutions\" \/>\n<meta property=\"article:modified_time\" content=\"2024-02-19T16:13:49+00:00\" \/>\n<meta property=\"og:image\" content=\"https:\/\/mlhff0prgoxu.i.optimole.com\/cb:s0sM.767\/w:auto\/h:auto\/q:mauto\/f:best\/https:\/\/fullsolutions.info\/wp-content\/uploads\/2024\/02\/STT170-Smart-Temperature-Transmitter.jpeg\" \/>\n\t<meta property=\"og:image:width\" content=\"250\" \/>\n\t<meta property=\"og:image:height\" content=\"250\" \/>\n\t<meta property=\"og:image:type\" content=\"image\/jpeg\" \/>\n<meta name=\"twitter:card\" content=\"summary_large_image\" \/>\n<meta name=\"twitter:label1\" content=\"Est. reading time\" \/>\n\t<meta name=\"twitter:data1\" content=\"1 minute\" \/>\n<script type=\"application\/ld+json\" class=\"yoast-schema-graph\">{\"@context\":\"https:\/\/schema.org\",\"@graph\":[{\"@type\":\"WebPage\",\"@id\":\"https:\/\/fullsolutions.info\/produto\/transmissor-de-temperatura-inteligente-stt170\/\",\"url\":\"https:\/\/fullsolutions.info\/produto\/transmissor-de-temperatura-inteligente-stt170\/\",\"name\":\"Transmissor de temperatura inteligente STT170 - Full Solutions\",\"isPartOf\":{\"@id\":\"https:\/\/fullsolutions.info\/#website\"},\"primaryImageOfPage\":{\"@id\":\"https:\/\/fullsolutions.info\/produto\/transmissor-de-temperatura-inteligente-stt170\/#primaryimage\"},\"image\":{\"@id\":\"https:\/\/fullsolutions.info\/produto\/transmissor-de-temperatura-inteligente-stt170\/#primaryimage\"},\"thumbnailUrl\":\"https:\/\/mlhff0prgoxu.i.optimole.com\/cb:s0sM.767\/w:auto\/h:auto\/q:mauto\/f:best\/https:\/\/fullsolutions.info\/wp-content\/uploads\/2024\/02\/STT170-Smart-Temperature-Transmitter.jpeg\",\"datePublished\":\"2024-02-01T17:27:19+00:00\",\"dateModified\":\"2024-02-19T16:13:49+00:00\",\"breadcrumb\":{\"@id\":\"https:\/\/fullsolutions.info\/produto\/transmissor-de-temperatura-inteligente-stt170\/#breadcrumb\"},\"inLanguage\":\"en-US\",\"potentialAction\":[{\"@type\":\"ReadAction\",\"target\":[\"https:\/\/fullsolutions.info\/produto\/transmissor-de-temperatura-inteligente-stt170\/\"]}]},{\"@type\":\"ImageObject\",\"inLanguage\":\"en-US\",\"@id\":\"https:\/\/fullsolutions.info\/produto\/transmissor-de-temperatura-inteligente-stt170\/#primaryimage\",\"url\":\"https:\/\/mlhff0prgoxu.i.optimole.com\/cb:s0sM.767\/w:auto\/h:auto\/q:mauto\/f:best\/https:\/\/fullsolutions.info\/wp-content\/uploads\/2024\/02\/STT170-Smart-Temperature-Transmitter.jpeg\",\"contentUrl\":\"https:\/\/mlhff0prgoxu.i.optimole.com\/cb:s0sM.767\/w:auto\/h:auto\/q:mauto\/f:best\/https:\/\/fullsolutions.info\/wp-content\/uploads\/2024\/02\/STT170-Smart-Temperature-Transmitter.jpeg\",\"width\":250,\"height\":250},{\"@type\":\"BreadcrumbList\",\"@id\":\"https:\/\/fullsolutions.info\/produto\/transmissor-de-temperatura-inteligente-stt170\/#breadcrumb\",\"itemListElement\":[{\"@type\":\"ListItem\",\"position\":1,\"name\":\"In\u00edcio\",\"item\":\"https:\/\/fullsolutions.info\/\"},{\"@type\":\"ListItem\",\"position\":2,\"name\":\"Produtos\",\"item\":\"https:\/\/fullsolutions.info\/shop\/\"},{\"@type\":\"ListItem\",\"position\":3,\"name\":\"Transmissor de temperatura inteligente STT170\"}]},{\"@type\":\"WebSite\",\"@id\":\"https:\/\/fullsolutions.info\/#website\",\"url\":\"https:\/\/fullsolutions.info\/\",\"name\":\"Full Solutions\",\"description\":\"Empresa na \u00c1rea de Procurement\",\"publisher\":{\"@id\":\"https:\/\/fullsolutions.info\/#organization\"},\"potentialAction\":[{\"@type\":\"SearchAction\",\"target\":{\"@type\":\"EntryPoint\",\"urlTemplate\":\"https:\/\/fullsolutions.info\/?s={search_term_string}\"},\"query-input\":{\"@type\":\"PropertyValueSpecification\",\"valueRequired\":true,\"valueName\":\"search_term_string\"}}],\"inLanguage\":\"en-US\"},{\"@type\":\"Organization\",\"@id\":\"https:\/\/fullsolutions.info\/#organization\",\"name\":\"Full Solutions\",\"url\":\"https:\/\/fullsolutions.info\/\",\"logo\":{\"@type\":\"ImageObject\",\"inLanguage\":\"en-US\",\"@id\":\"https:\/\/fullsolutions.info\/#\/schema\/logo\/image\/\",\"url\":\"https:\/\/mlhff0prgoxu.i.optimole.com\/cb:s0sM.767\/w:auto\/h:auto\/q:mauto\/f:best\/https:\/\/fullsolutions.info\/wp-content\/uploads\/2021\/07\/cropped-Design-sem-nome-300x193-1-e1627062664782.png\",\"contentUrl\":\"https:\/\/mlhff0prgoxu.i.optimole.com\/cb:s0sM.767\/w:auto\/h:auto\/q:mauto\/f:best\/https:\/\/fullsolutions.info\/wp-content\/uploads\/2021\/07\/cropped-Design-sem-nome-300x193-1-e1627062664782.png\",\"width\":202,\"height\":155,\"caption\":\"Full Solutions\"},\"image\":{\"@id\":\"https:\/\/fullsolutions.info\/#\/schema\/logo\/image\/\"},\"sameAs\":[\"https:\/\/www.linkedin.com\/company\/full-solutions-equipment\"]}]}<\/script>\n<!-- \/ Yoast SEO plugin. -->","yoast_head_json":{"title":"Transmissor de temperatura inteligente STT170 - Full Solutions","robots":{"index":"index","follow":"follow","max-snippet":"max-snippet:-1","max-image-preview":"max-image-preview:large","max-video-preview":"max-video-preview:-1"},"canonical":"https:\/\/fullsolutions.info\/en\/product\/transmissor-de-temperatura-inteligente-stt170\/","og_locale":"en_US","og_type":"article","og_title":"Transmissor de temperatura inteligente STT170 - Full Solutions","og_description":"Transmissor inteligente de temperatura Honeywell STT170 STT170 \u00e9 uma solu\u00e7\u00e3o de medi\u00e7\u00e3o para aplica\u00e7\u00f5es de monitoramento de temperatura. Ele ajuda os usu\u00e1rios finais e os fabricantes de equipamentos originais (OEMs) a obter medi\u00e7\u00f5es de temperatura confi\u00e1veis \u200b\u200be precisas de maneira econ\u00f4mica. &nbsp; O STT170 \u00e9 a fam\u00edlia de transmissores de temperatura de n\u00edvel econ\u00f4mico da Honeywell para flanquear os transmissores de temperatura STT250 de n\u00edvel intermedi\u00e1rio e STT350 de n\u00edvel superior existentes. Ele ajuda a converter sinais de baixo n\u00edvel de sensores de temperatura, como RTDs e TCs, em sinais de corrente e \u00e9 capaz de transmitir longas dist\u00e2ncias em ambientes ruidosos de f\u00e1brica. A linha STT170 \u00e9 composta por quatro transmissores de temperatura e uma ferramenta de configura\u00e7\u00e3o: STT171 \u2013 Sa\u00edda anal\u00f3gica, entrada de sensor somente RTD STT173 \u2013 Sa\u00edda anal\u00f3gica, entrada de sensor RTD ou termopar STT17H \u2013 Sa\u00edda HART, RTD e entrada de sensor termopar STT17F \u2013 Protocolo FOUNDATION Fieldbus, entrada de sensor RTD e termopar STT17C \u2013 ferramenta de configura\u00e7\u00e3o baseada em PC para configurar os transmissores STT171, STT173 e STT17H","og_url":"https:\/\/fullsolutions.info\/en\/product\/transmissor-de-temperatura-inteligente-stt170\/","og_site_name":"Full Solutions","article_modified_time":"2024-02-19T16:13:49+00:00","og_image":[{"width":250,"height":250,"url":"https:\/\/mlhff0prgoxu.i.optimole.com\/cb:s0sM.767\/w:auto\/h:auto\/q:mauto\/f:best\/https:\/\/fullsolutions.info\/wp-content\/uploads\/2024\/02\/STT170-Smart-Temperature-Transmitter.jpeg","type":"image\/jpeg"}],"twitter_card":"summary_large_image","twitter_misc":{"Est. reading time":"1 minute"},"schema":{"@context":"https:\/\/schema.org","@graph":[{"@type":"WebPage","@id":"https:\/\/fullsolutions.info\/produto\/transmissor-de-temperatura-inteligente-stt170\/","url":"https:\/\/fullsolutions.info\/produto\/transmissor-de-temperatura-inteligente-stt170\/","name":"Transmissor de temperatura inteligente STT170 - Full Solutions","isPartOf":{"@id":"https:\/\/fullsolutions.info\/#website"},"primaryImageOfPage":{"@id":"https:\/\/fullsolutions.info\/produto\/transmissor-de-temperatura-inteligente-stt170\/#primaryimage"},"image":{"@id":"https:\/\/fullsolutions.info\/produto\/transmissor-de-temperatura-inteligente-stt170\/#primaryimage"},"thumbnailUrl":"https:\/\/mlhff0prgoxu.i.optimole.com\/cb:s0sM.767\/w:auto\/h:auto\/q:mauto\/f:best\/https:\/\/fullsolutions.info\/wp-content\/uploads\/2024\/02\/STT170-Smart-Temperature-Transmitter.jpeg","datePublished":"2024-02-01T17:27:19+00:00","dateModified":"2024-02-19T16:13:49+00:00","breadcrumb":{"@id":"https:\/\/fullsolutions.info\/produto\/transmissor-de-temperatura-inteligente-stt170\/#breadcrumb"},"inLanguage":"en-US","potentialAction":[{"@type":"ReadAction","target":["https:\/\/fullsolutions.info\/produto\/transmissor-de-temperatura-inteligente-stt170\/"]}]},{"@type":"ImageObject","inLanguage":"en-US","@id":"https:\/\/fullsolutions.info\/produto\/transmissor-de-temperatura-inteligente-stt170\/#primaryimage","url":"https:\/\/mlhff0prgoxu.i.optimole.com\/cb:s0sM.767\/w:auto\/h:auto\/q:mauto\/f:best\/https:\/\/fullsolutions.info\/wp-content\/uploads\/2024\/02\/STT170-Smart-Temperature-Transmitter.jpeg","contentUrl":"https:\/\/mlhff0prgoxu.i.optimole.com\/cb:s0sM.767\/w:auto\/h:auto\/q:mauto\/f:best\/https:\/\/fullsolutions.info\/wp-content\/uploads\/2024\/02\/STT170-Smart-Temperature-Transmitter.jpeg","width":250,"height":250},{"@type":"BreadcrumbList","@id":"https:\/\/fullsolutions.info\/produto\/transmissor-de-temperatura-inteligente-stt170\/#breadcrumb","itemListElement":[{"@type":"ListItem","position":1,"name":"In\u00edcio","item":"https:\/\/fullsolutions.info\/"},{"@type":"ListItem","position":2,"name":"Produtos","item":"https:\/\/fullsolutions.info\/shop\/"},{"@type":"ListItem","position":3,"name":"Transmissor de temperatura inteligente STT170"}]},{"@type":"WebSite","@id":"https:\/\/fullsolutions.info\/#website","url":"https:\/\/fullsolutions.info\/","name":"Full Solutions","description":"Empresa na \u00c1rea de Procurement","publisher":{"@id":"https:\/\/fullsolutions.info\/#organization"},"potentialAction":[{"@type":"SearchAction","target":{"@type":"EntryPoint","urlTemplate":"https:\/\/fullsolutions.info\/?s={search_term_string}"},"query-input":{"@type":"PropertyValueSpecification","valueRequired":true,"valueName":"search_term_string"}}],"inLanguage":"en-US"},{"@type":"Organization","@id":"https:\/\/fullsolutions.info\/#organization","name":"Full Solutions","url":"https:\/\/fullsolutions.info\/","logo":{"@type":"ImageObject","inLanguage":"en-US","@id":"https:\/\/fullsolutions.info\/#\/schema\/logo\/image\/","url":"https:\/\/mlhff0prgoxu.i.optimole.com\/cb:s0sM.767\/w:auto\/h:auto\/q:mauto\/f:best\/https:\/\/fullsolutions.info\/wp-content\/uploads\/2021\/07\/cropped-Design-sem-nome-300x193-1-e1627062664782.png","contentUrl":"https:\/\/mlhff0prgoxu.i.optimole.com\/cb:s0sM.767\/w:auto\/h:auto\/q:mauto\/f:best\/https:\/\/fullsolutions.info\/wp-content\/uploads\/2021\/07\/cropped-Design-sem-nome-300x193-1-e1627062664782.png","width":202,"height":155,"caption":"Full Solutions"},"image":{"@id":"https:\/\/fullsolutions.info\/#\/schema\/logo\/image\/"},"sameAs":["https:\/\/www.linkedin.com\/company\/full-solutions-equipment"]}]}},"_links":{"self":[{"href":"https:\/\/fullsolutions.info\/en\/wp-json\/wp\/v2\/product\/4159","targetHints":{"allow":["GET"]}}],"collection":[{"href":"https:\/\/fullsolutions.info\/en\/wp-json\/wp\/v2\/product"}],"about":[{"href":"https:\/\/fullsolutions.info\/en\/wp-json\/wp\/v2\/types\/product"}],"replies":[{"embeddable":true,"href":"https:\/\/fullsolutions.info\/en\/wp-json\/wp\/v2\/comments?post=4159"}],"wp:featuredmedia":[{"embeddable":true,"href":"https:\/\/fullsolutions.info\/en\/wp-json\/wp\/v2\/media\/4160"}],"wp:attachment":[{"href":"https:\/\/fullsolutions.info\/en\/wp-json\/wp\/v2\/media?parent=4159"}],"wp:term":[{"taxonomy":"product_brand","embeddable":true,"href":"https:\/\/fullsolutions.info\/en\/wp-json\/wp\/v2\/product_brand?post=4159"},{"taxonomy":"product_cat","embeddable":true,"href":"https:\/\/fullsolutions.info\/en\/wp-json\/wp\/v2\/product_cat?post=4159"},{"taxonomy":"product_tag","embeddable":true,"href":"https:\/\/fullsolutions.info\/en\/wp-json\/wp\/v2\/product_tag?post=4159"},{"taxonomy":"marca","embeddable":true,"href":"https:\/\/fullsolutions.info\/en\/wp-json\/wp\/v2\/marca?post=4159"}],"curies":[{"name":"wp","href":"https:\/\/api.w.org\/{rel}","templated":true}]}}