{"id":4157,"date":"2024-02-01T17:25:50","date_gmt":"2024-02-01T17:25:50","guid":{"rendered":"https:\/\/fullsolutionsequip.com\/?post_type=product&#038;p=4157"},"modified":"2024-02-19T16:13:49","modified_gmt":"2024-02-19T16:13:49","slug":"transmissor-de-temperatura-inteligente-stt250","status":"publish","type":"product","link":"https:\/\/fullsolutions.info\/en\/product\/transmissor-de-temperatura-inteligente-stt250\/","title":{"rendered":"Transmissor de temperatura inteligente STT250"},"content":{"rendered":"<p>Transmissor inteligente de temperatura Honeywell STT250<br \/>\nO STT250 da Honeywell \u00e9 ideal para medi\u00e7\u00e3o de temperatura em uma ampla gama de aplica\u00e7\u00f5es de controle e seguran\u00e7a. Ele \u00e9 direcionado ao mercado intermedi\u00e1rio de medi\u00e7\u00e3o de temperatura, oferecendo excelente desempenho e recursos com baixo custo de instala\u00e7\u00e3o.<\/p>\n<p>&nbsp;<\/p>\n<p>Os transmissores de temperatura inteligentes STT250 s\u00e3o usados \u200b\u200bpara monitorar e controlar a temperatura de ativos cr\u00edticos rotativos e est\u00e1ticos, melhorando assim a integridade e o desempenho do equipamento. Em diversas aplica\u00e7\u00f5es de aquecimento de processo, estes s\u00e3o empregados para controlar as temperaturas do processo, levando \u00e0 efici\u00eancia energ\u00e9tica e \u00e0 qualidade do produto.<\/p>\n<p>O STT250 converte entradas de baixo n\u00edvel de uma variedade de sensores de temperatura, como RTDs\/TCs, em sa\u00edda de corrente e \u00e9 capaz de transmitir por longas dist\u00e2ncias em ambientes ruidosos de f\u00e1brica. O STT250 est\u00e1 dispon\u00edvel em diferentes formatos &#8211; como um m\u00f3dulo, capaz de entrar na cabe\u00e7a do sensor de temperatura ou montado no painel em trilho DIN ou montado em campo em um tubo de duas polegadas. Essas unidades v\u00eam com diversas op\u00e7\u00f5es de comunica\u00e7\u00e3o que incluem sa\u00edda anal\u00f3gica de 4 a 20ma, protocolo HART vers\u00e3o 5\/6 e protocolo DE.<\/p>","protected":false},"excerpt":{"rendered":"<p>Transmissor inteligente de temperatura Honeywell STT250 O STT250 da Honeywell \u00e9 ideal para medi\u00e7\u00e3o de temperatura em uma ampla gama de aplica\u00e7\u00f5es de controle e seguran\u00e7a. Ele \u00e9 direcionado ao mercado intermedi\u00e1rio de medi\u00e7\u00e3o de temperatura, oferecendo excelente desempenho e recursos com baixo custo de instala\u00e7\u00e3o. &nbsp; Os transmissores de temperatura inteligentes STT250 s\u00e3o usados \u200b\u200bpara monitorar e controlar a temperatura de ativos cr\u00edticos rotativos e est\u00e1ticos, melhorando assim a integridade e o desempenho do equipamento. Em diversas aplica\u00e7\u00f5es de aquecimento de processo, estes s\u00e3o empregados para controlar as temperaturas do processo, levando \u00e0 efici\u00eancia energ\u00e9tica e \u00e0 qualidade do produto. O STT250 converte entradas de baixo n\u00edvel de uma variedade de sensores de temperatura, como RTDs\/TCs, em sa\u00edda de corrente e \u00e9 capaz de transmitir por longas dist\u00e2ncias em ambientes ruidosos de f\u00e1brica. O STT250 est\u00e1 dispon\u00edvel em diferentes formatos &#8211; como um m\u00f3dulo, capaz de entrar na cabe\u00e7a do sensor de temperatura ou montado no painel em trilho DIN ou montado em campo em um tubo de duas polegadas. Essas unidades v\u00eam com diversas op\u00e7\u00f5es de comunica\u00e7\u00e3o que incluem sa\u00edda anal\u00f3gica de 4 a 20ma, protocolo HART vers\u00e3o 5\/6 e protocolo DE.<\/p>","protected":false},"featured_media":4158,"comment_status":"open","ping_status":"closed","template":"","meta":{"_joinchat":[]},"product_brand":[],"product_cat":[140],"product_tag":[],"marca":[142],"class_list":{"0":"post-4157","1":"product","2":"type-product","3":"status-publish","4":"has-post-thumbnail","6":"product_cat-transmissores","7":"marca-honeywell","9":"first","10":"instock","11":"shipping-taxable","12":"purchasable","13":"product-type-simple"},"yoast_head":"<!-- This site is optimized with the Yoast SEO plugin v27.2 - https:\/\/yoast.com\/product\/yoast-seo-wordpress\/ -->\n<title>Transmissor de temperatura inteligente STT250 - Full Solutions<\/title>\n<meta name=\"robots\" content=\"index, follow, max-snippet:-1, max-image-preview:large, max-video-preview:-1\" \/>\n<link rel=\"canonical\" href=\"https:\/\/fullsolutions.info\/en\/product\/transmissor-de-temperatura-inteligente-stt250\/\" \/>\n<meta property=\"og:locale\" content=\"en_US\" \/>\n<meta property=\"og:type\" content=\"article\" \/>\n<meta property=\"og:title\" content=\"Transmissor de temperatura inteligente STT250 - Full Solutions\" \/>\n<meta property=\"og:description\" content=\"Transmissor inteligente de temperatura Honeywell STT250 O STT250 da Honeywell \u00e9 ideal para medi\u00e7\u00e3o de temperatura em uma ampla gama de aplica\u00e7\u00f5es de controle e seguran\u00e7a. Ele \u00e9 direcionado ao mercado intermedi\u00e1rio de medi\u00e7\u00e3o de temperatura, oferecendo excelente desempenho e recursos com baixo custo de instala\u00e7\u00e3o. &nbsp; Os transmissores de temperatura inteligentes STT250 s\u00e3o usados \u200b\u200bpara monitorar e controlar a temperatura de ativos cr\u00edticos rotativos e est\u00e1ticos, melhorando assim a integridade e o desempenho do equipamento. Em diversas aplica\u00e7\u00f5es de aquecimento de processo, estes s\u00e3o empregados para controlar as temperaturas do processo, levando \u00e0 efici\u00eancia energ\u00e9tica e \u00e0 qualidade do produto. O STT250 converte entradas de baixo n\u00edvel de uma variedade de sensores de temperatura, como RTDs\/TCs, em sa\u00edda de corrente e \u00e9 capaz de transmitir por longas dist\u00e2ncias em ambientes ruidosos de f\u00e1brica. O STT250 est\u00e1 dispon\u00edvel em diferentes formatos &#8211; como um m\u00f3dulo, capaz de entrar na cabe\u00e7a do sensor de temperatura ou montado no painel em trilho DIN ou montado em campo em um tubo de duas polegadas. Essas unidades v\u00eam com diversas op\u00e7\u00f5es de comunica\u00e7\u00e3o que incluem sa\u00edda anal\u00f3gica de 4 a 20ma, protocolo HART vers\u00e3o 5\/6 e protocolo DE.\" \/>\n<meta property=\"og:url\" content=\"https:\/\/fullsolutions.info\/en\/product\/transmissor-de-temperatura-inteligente-stt250\/\" \/>\n<meta property=\"og:site_name\" content=\"Full Solutions\" \/>\n<meta property=\"article:modified_time\" content=\"2024-02-19T16:13:49+00:00\" \/>\n<meta property=\"og:image\" content=\"https:\/\/mlhff0prgoxu.i.optimole.com\/cb:s0sM.767\/w:auto\/h:auto\/q:mauto\/f:best\/https:\/\/fullsolutions.info\/wp-content\/uploads\/2024\/02\/STT250-Smart-Temperature-Transmitter.jpeg\" \/>\n\t<meta property=\"og:image:width\" content=\"178\" \/>\n\t<meta property=\"og:image:height\" content=\"159\" \/>\n\t<meta property=\"og:image:type\" content=\"image\/jpeg\" \/>\n<meta name=\"twitter:card\" content=\"summary_large_image\" \/>\n<meta name=\"twitter:label1\" content=\"Est. reading time\" \/>\n\t<meta name=\"twitter:data1\" content=\"1 minute\" \/>\n<script type=\"application\/ld+json\" class=\"yoast-schema-graph\">{\"@context\":\"https:\/\/schema.org\",\"@graph\":[{\"@type\":\"WebPage\",\"@id\":\"https:\/\/fullsolutions.info\/produto\/transmissor-de-temperatura-inteligente-stt250\/\",\"url\":\"https:\/\/fullsolutions.info\/produto\/transmissor-de-temperatura-inteligente-stt250\/\",\"name\":\"Transmissor de temperatura inteligente STT250 - Full Solutions\",\"isPartOf\":{\"@id\":\"https:\/\/fullsolutions.info\/#website\"},\"primaryImageOfPage\":{\"@id\":\"https:\/\/fullsolutions.info\/produto\/transmissor-de-temperatura-inteligente-stt250\/#primaryimage\"},\"image\":{\"@id\":\"https:\/\/fullsolutions.info\/produto\/transmissor-de-temperatura-inteligente-stt250\/#primaryimage\"},\"thumbnailUrl\":\"https:\/\/mlhff0prgoxu.i.optimole.com\/cb:s0sM.767\/w:auto\/h:auto\/q:mauto\/f:best\/https:\/\/fullsolutions.info\/wp-content\/uploads\/2024\/02\/STT250-Smart-Temperature-Transmitter.jpeg\",\"datePublished\":\"2024-02-01T17:25:50+00:00\",\"dateModified\":\"2024-02-19T16:13:49+00:00\",\"breadcrumb\":{\"@id\":\"https:\/\/fullsolutions.info\/produto\/transmissor-de-temperatura-inteligente-stt250\/#breadcrumb\"},\"inLanguage\":\"en-US\",\"potentialAction\":[{\"@type\":\"ReadAction\",\"target\":[\"https:\/\/fullsolutions.info\/produto\/transmissor-de-temperatura-inteligente-stt250\/\"]}]},{\"@type\":\"ImageObject\",\"inLanguage\":\"en-US\",\"@id\":\"https:\/\/fullsolutions.info\/produto\/transmissor-de-temperatura-inteligente-stt250\/#primaryimage\",\"url\":\"https:\/\/mlhff0prgoxu.i.optimole.com\/cb:s0sM.767\/w:auto\/h:auto\/q:mauto\/f:best\/https:\/\/fullsolutions.info\/wp-content\/uploads\/2024\/02\/STT250-Smart-Temperature-Transmitter.jpeg\",\"contentUrl\":\"https:\/\/mlhff0prgoxu.i.optimole.com\/cb:s0sM.767\/w:auto\/h:auto\/q:mauto\/f:best\/https:\/\/fullsolutions.info\/wp-content\/uploads\/2024\/02\/STT250-Smart-Temperature-Transmitter.jpeg\",\"width\":178,\"height\":159},{\"@type\":\"BreadcrumbList\",\"@id\":\"https:\/\/fullsolutions.info\/produto\/transmissor-de-temperatura-inteligente-stt250\/#breadcrumb\",\"itemListElement\":[{\"@type\":\"ListItem\",\"position\":1,\"name\":\"In\u00edcio\",\"item\":\"https:\/\/fullsolutions.info\/\"},{\"@type\":\"ListItem\",\"position\":2,\"name\":\"Produtos\",\"item\":\"https:\/\/fullsolutions.info\/shop\/\"},{\"@type\":\"ListItem\",\"position\":3,\"name\":\"Transmissor de temperatura inteligente STT250\"}]},{\"@type\":\"WebSite\",\"@id\":\"https:\/\/fullsolutions.info\/#website\",\"url\":\"https:\/\/fullsolutions.info\/\",\"name\":\"Full Solutions\",\"description\":\"Empresa na \u00c1rea de Procurement\",\"publisher\":{\"@id\":\"https:\/\/fullsolutions.info\/#organization\"},\"potentialAction\":[{\"@type\":\"SearchAction\",\"target\":{\"@type\":\"EntryPoint\",\"urlTemplate\":\"https:\/\/fullsolutions.info\/?s={search_term_string}\"},\"query-input\":{\"@type\":\"PropertyValueSpecification\",\"valueRequired\":true,\"valueName\":\"search_term_string\"}}],\"inLanguage\":\"en-US\"},{\"@type\":\"Organization\",\"@id\":\"https:\/\/fullsolutions.info\/#organization\",\"name\":\"Full Solutions\",\"url\":\"https:\/\/fullsolutions.info\/\",\"logo\":{\"@type\":\"ImageObject\",\"inLanguage\":\"en-US\",\"@id\":\"https:\/\/fullsolutions.info\/#\/schema\/logo\/image\/\",\"url\":\"https:\/\/mlhff0prgoxu.i.optimole.com\/cb:s0sM.767\/w:auto\/h:auto\/q:mauto\/f:best\/https:\/\/fullsolutions.info\/wp-content\/uploads\/2021\/07\/cropped-Design-sem-nome-300x193-1-e1627062664782.png\",\"contentUrl\":\"https:\/\/mlhff0prgoxu.i.optimole.com\/cb:s0sM.767\/w:auto\/h:auto\/q:mauto\/f:best\/https:\/\/fullsolutions.info\/wp-content\/uploads\/2021\/07\/cropped-Design-sem-nome-300x193-1-e1627062664782.png\",\"width\":202,\"height\":155,\"caption\":\"Full Solutions\"},\"image\":{\"@id\":\"https:\/\/fullsolutions.info\/#\/schema\/logo\/image\/\"},\"sameAs\":[\"https:\/\/www.linkedin.com\/company\/full-solutions-equipment\"]}]}<\/script>\n<!-- \/ Yoast SEO plugin. -->","yoast_head_json":{"title":"Transmissor de temperatura inteligente STT250 - Full Solutions","robots":{"index":"index","follow":"follow","max-snippet":"max-snippet:-1","max-image-preview":"max-image-preview:large","max-video-preview":"max-video-preview:-1"},"canonical":"https:\/\/fullsolutions.info\/en\/product\/transmissor-de-temperatura-inteligente-stt250\/","og_locale":"en_US","og_type":"article","og_title":"Transmissor de temperatura inteligente STT250 - Full Solutions","og_description":"Transmissor inteligente de temperatura Honeywell STT250 O STT250 da Honeywell \u00e9 ideal para medi\u00e7\u00e3o de temperatura em uma ampla gama de aplica\u00e7\u00f5es de controle e seguran\u00e7a. Ele \u00e9 direcionado ao mercado intermedi\u00e1rio de medi\u00e7\u00e3o de temperatura, oferecendo excelente desempenho e recursos com baixo custo de instala\u00e7\u00e3o. &nbsp; Os transmissores de temperatura inteligentes STT250 s\u00e3o usados \u200b\u200bpara monitorar e controlar a temperatura de ativos cr\u00edticos rotativos e est\u00e1ticos, melhorando assim a integridade e o desempenho do equipamento. Em diversas aplica\u00e7\u00f5es de aquecimento de processo, estes s\u00e3o empregados para controlar as temperaturas do processo, levando \u00e0 efici\u00eancia energ\u00e9tica e \u00e0 qualidade do produto. O STT250 converte entradas de baixo n\u00edvel de uma variedade de sensores de temperatura, como RTDs\/TCs, em sa\u00edda de corrente e \u00e9 capaz de transmitir por longas dist\u00e2ncias em ambientes ruidosos de f\u00e1brica. O STT250 est\u00e1 dispon\u00edvel em diferentes formatos &#8211; como um m\u00f3dulo, capaz de entrar na cabe\u00e7a do sensor de temperatura ou montado no painel em trilho DIN ou montado em campo em um tubo de duas polegadas. Essas unidades v\u00eam com diversas op\u00e7\u00f5es de comunica\u00e7\u00e3o que incluem sa\u00edda anal\u00f3gica de 4 a 20ma, protocolo HART vers\u00e3o 5\/6 e protocolo DE.","og_url":"https:\/\/fullsolutions.info\/en\/product\/transmissor-de-temperatura-inteligente-stt250\/","og_site_name":"Full Solutions","article_modified_time":"2024-02-19T16:13:49+00:00","og_image":[{"width":178,"height":159,"url":"https:\/\/mlhff0prgoxu.i.optimole.com\/cb:s0sM.767\/w:auto\/h:auto\/q:mauto\/f:best\/https:\/\/fullsolutions.info\/wp-content\/uploads\/2024\/02\/STT250-Smart-Temperature-Transmitter.jpeg","type":"image\/jpeg"}],"twitter_card":"summary_large_image","twitter_misc":{"Est. reading time":"1 minute"},"schema":{"@context":"https:\/\/schema.org","@graph":[{"@type":"WebPage","@id":"https:\/\/fullsolutions.info\/produto\/transmissor-de-temperatura-inteligente-stt250\/","url":"https:\/\/fullsolutions.info\/produto\/transmissor-de-temperatura-inteligente-stt250\/","name":"Transmissor de temperatura inteligente STT250 - Full Solutions","isPartOf":{"@id":"https:\/\/fullsolutions.info\/#website"},"primaryImageOfPage":{"@id":"https:\/\/fullsolutions.info\/produto\/transmissor-de-temperatura-inteligente-stt250\/#primaryimage"},"image":{"@id":"https:\/\/fullsolutions.info\/produto\/transmissor-de-temperatura-inteligente-stt250\/#primaryimage"},"thumbnailUrl":"https:\/\/mlhff0prgoxu.i.optimole.com\/cb:s0sM.767\/w:auto\/h:auto\/q:mauto\/f:best\/https:\/\/fullsolutions.info\/wp-content\/uploads\/2024\/02\/STT250-Smart-Temperature-Transmitter.jpeg","datePublished":"2024-02-01T17:25:50+00:00","dateModified":"2024-02-19T16:13:49+00:00","breadcrumb":{"@id":"https:\/\/fullsolutions.info\/produto\/transmissor-de-temperatura-inteligente-stt250\/#breadcrumb"},"inLanguage":"en-US","potentialAction":[{"@type":"ReadAction","target":["https:\/\/fullsolutions.info\/produto\/transmissor-de-temperatura-inteligente-stt250\/"]}]},{"@type":"ImageObject","inLanguage":"en-US","@id":"https:\/\/fullsolutions.info\/produto\/transmissor-de-temperatura-inteligente-stt250\/#primaryimage","url":"https:\/\/mlhff0prgoxu.i.optimole.com\/cb:s0sM.767\/w:auto\/h:auto\/q:mauto\/f:best\/https:\/\/fullsolutions.info\/wp-content\/uploads\/2024\/02\/STT250-Smart-Temperature-Transmitter.jpeg","contentUrl":"https:\/\/mlhff0prgoxu.i.optimole.com\/cb:s0sM.767\/w:auto\/h:auto\/q:mauto\/f:best\/https:\/\/fullsolutions.info\/wp-content\/uploads\/2024\/02\/STT250-Smart-Temperature-Transmitter.jpeg","width":178,"height":159},{"@type":"BreadcrumbList","@id":"https:\/\/fullsolutions.info\/produto\/transmissor-de-temperatura-inteligente-stt250\/#breadcrumb","itemListElement":[{"@type":"ListItem","position":1,"name":"In\u00edcio","item":"https:\/\/fullsolutions.info\/"},{"@type":"ListItem","position":2,"name":"Produtos","item":"https:\/\/fullsolutions.info\/shop\/"},{"@type":"ListItem","position":3,"name":"Transmissor de temperatura inteligente STT250"}]},{"@type":"WebSite","@id":"https:\/\/fullsolutions.info\/#website","url":"https:\/\/fullsolutions.info\/","name":"Full Solutions","description":"Empresa na \u00c1rea de Procurement","publisher":{"@id":"https:\/\/fullsolutions.info\/#organization"},"potentialAction":[{"@type":"SearchAction","target":{"@type":"EntryPoint","urlTemplate":"https:\/\/fullsolutions.info\/?s={search_term_string}"},"query-input":{"@type":"PropertyValueSpecification","valueRequired":true,"valueName":"search_term_string"}}],"inLanguage":"en-US"},{"@type":"Organization","@id":"https:\/\/fullsolutions.info\/#organization","name":"Full Solutions","url":"https:\/\/fullsolutions.info\/","logo":{"@type":"ImageObject","inLanguage":"en-US","@id":"https:\/\/fullsolutions.info\/#\/schema\/logo\/image\/","url":"https:\/\/mlhff0prgoxu.i.optimole.com\/cb:s0sM.767\/w:auto\/h:auto\/q:mauto\/f:best\/https:\/\/fullsolutions.info\/wp-content\/uploads\/2021\/07\/cropped-Design-sem-nome-300x193-1-e1627062664782.png","contentUrl":"https:\/\/mlhff0prgoxu.i.optimole.com\/cb:s0sM.767\/w:auto\/h:auto\/q:mauto\/f:best\/https:\/\/fullsolutions.info\/wp-content\/uploads\/2021\/07\/cropped-Design-sem-nome-300x193-1-e1627062664782.png","width":202,"height":155,"caption":"Full Solutions"},"image":{"@id":"https:\/\/fullsolutions.info\/#\/schema\/logo\/image\/"},"sameAs":["https:\/\/www.linkedin.com\/company\/full-solutions-equipment"]}]}},"_links":{"self":[{"href":"https:\/\/fullsolutions.info\/en\/wp-json\/wp\/v2\/product\/4157","targetHints":{"allow":["GET"]}}],"collection":[{"href":"https:\/\/fullsolutions.info\/en\/wp-json\/wp\/v2\/product"}],"about":[{"href":"https:\/\/fullsolutions.info\/en\/wp-json\/wp\/v2\/types\/product"}],"replies":[{"embeddable":true,"href":"https:\/\/fullsolutions.info\/en\/wp-json\/wp\/v2\/comments?post=4157"}],"wp:featuredmedia":[{"embeddable":true,"href":"https:\/\/fullsolutions.info\/en\/wp-json\/wp\/v2\/media\/4158"}],"wp:attachment":[{"href":"https:\/\/fullsolutions.info\/en\/wp-json\/wp\/v2\/media?parent=4157"}],"wp:term":[{"taxonomy":"product_brand","embeddable":true,"href":"https:\/\/fullsolutions.info\/en\/wp-json\/wp\/v2\/product_brand?post=4157"},{"taxonomy":"product_cat","embeddable":true,"href":"https:\/\/fullsolutions.info\/en\/wp-json\/wp\/v2\/product_cat?post=4157"},{"taxonomy":"product_tag","embeddable":true,"href":"https:\/\/fullsolutions.info\/en\/wp-json\/wp\/v2\/product_tag?post=4157"},{"taxonomy":"marca","embeddable":true,"href":"https:\/\/fullsolutions.info\/en\/wp-json\/wp\/v2\/marca?post=4157"}],"curies":[{"name":"wp","href":"https:\/\/api.w.org\/{rel}","templated":true}]}}