{"id":4155,"date":"2024-02-01T17:23:57","date_gmt":"2024-02-01T17:23:57","guid":{"rendered":"https:\/\/fullsolutionsequip.com\/?post_type=product&#038;p=4155"},"modified":"2024-02-19T16:13:49","modified_gmt":"2024-02-19T16:13:49","slug":"transmissor-de-temperatura-inteligente-stt350","status":"publish","type":"product","link":"https:\/\/fullsolutions.info\/en\/product\/transmissor-de-temperatura-inteligente-stt350\/","title":{"rendered":"Transmissor de temperatura inteligente STT350"},"content":{"rendered":"<p>Transmissor inteligente de temperatura Honeywell STT350<br \/>\nO Transmissor Inteligente de Temperatura STT350 \u00e9 a oferta de alto desempenho da Honeywell para controle cr\u00edtico e aplica\u00e7\u00f5es de medi\u00e7\u00e3o de temperatura de alta precis\u00e3o que envolvem medi\u00e7\u00e3o fiscal. Ele garante alta estabilidade e medi\u00e7\u00e3o precisa de temperatura em aplica\u00e7\u00f5es de fluxo, oferecendo assim economias significativas de custos para fornecedores e consumidores de energia.<\/p>\n<p>&nbsp;<\/p>\n<p>O Transmissor de Temperatura STT350 converte sinais de baixo n\u00edvel de sensores de temperatura em sinais de corrente capazes de transmiss\u00e3o de longa dist\u00e2ncia. Devido ao seu design exclusivo e isolamento galv\u00e2nico robusto, a medi\u00e7\u00e3o de temperatura \u00e9 imune a interfer\u00eancias eletromagn\u00e9ticas e de RF, ajudando os usu\u00e1rios a medir a temperatura em ambientes industriais barulhentos, como visto nas ind\u00fastrias mineral e met\u00e1lica. Al\u00e9m disso, ajuda os usu\u00e1rios a medir a temperatura com precis\u00e3o, levando a uma melhor efici\u00eancia energ\u00e9tica e qualidade do produto.<\/p>\n<p>STT350 \u00e9 baseado no protocolo Honeywell DE<br \/>\nSTT35F \u00e9 baseado no protocolo Foundation Fieldbus<br \/>\nEst\u00e1 dispon\u00edvel nas vers\u00f5es montada em campo, montada na parede e montada em trilho DIN.<\/p>","protected":false},"excerpt":{"rendered":"<p>Transmissor inteligente de temperatura Honeywell STT350 O Transmissor Inteligente de Temperatura STT350 \u00e9 a oferta de alto desempenho da Honeywell para controle cr\u00edtico e aplica\u00e7\u00f5es de medi\u00e7\u00e3o de temperatura de alta precis\u00e3o que envolvem medi\u00e7\u00e3o fiscal. Ele garante alta estabilidade e medi\u00e7\u00e3o precisa de temperatura em aplica\u00e7\u00f5es de fluxo, oferecendo assim economias significativas de custos para fornecedores e consumidores de energia. &nbsp; O Transmissor de Temperatura STT350 converte sinais de baixo n\u00edvel de sensores de temperatura em sinais de corrente capazes de transmiss\u00e3o de longa dist\u00e2ncia. Devido ao seu design exclusivo e isolamento galv\u00e2nico robusto, a medi\u00e7\u00e3o de temperatura \u00e9 imune a interfer\u00eancias eletromagn\u00e9ticas e de RF, ajudando os usu\u00e1rios a medir a temperatura em ambientes industriais barulhentos, como visto nas ind\u00fastrias mineral e met\u00e1lica. Al\u00e9m disso, ajuda os usu\u00e1rios a medir a temperatura com precis\u00e3o, levando a uma melhor efici\u00eancia energ\u00e9tica e qualidade do produto. STT350 \u00e9 baseado no protocolo Honeywell DE STT35F \u00e9 baseado no protocolo Foundation Fieldbus Est\u00e1 dispon\u00edvel nas vers\u00f5es montada em campo, montada na parede e montada em trilho DIN.<\/p>","protected":false},"featured_media":4156,"comment_status":"open","ping_status":"closed","template":"","meta":{"_joinchat":[]},"product_brand":[],"product_cat":[140],"product_tag":[],"marca":[142],"class_list":{"0":"post-4155","1":"product","2":"type-product","3":"status-publish","4":"has-post-thumbnail","6":"product_cat-transmissores","7":"marca-honeywell","9":"first","10":"instock","11":"shipping-taxable","12":"purchasable","13":"product-type-simple"},"yoast_head":"<!-- This site is optimized with the Yoast SEO plugin v27.2 - https:\/\/yoast.com\/product\/yoast-seo-wordpress\/ -->\n<title>Transmissor de temperatura inteligente STT350 - Full Solutions<\/title>\n<meta name=\"robots\" content=\"index, follow, max-snippet:-1, max-image-preview:large, max-video-preview:-1\" \/>\n<link rel=\"canonical\" href=\"https:\/\/fullsolutions.info\/en\/product\/transmissor-de-temperatura-inteligente-stt350\/\" \/>\n<meta property=\"og:locale\" content=\"en_US\" \/>\n<meta property=\"og:type\" content=\"article\" \/>\n<meta property=\"og:title\" content=\"Transmissor de temperatura inteligente STT350 - Full Solutions\" \/>\n<meta property=\"og:description\" content=\"Transmissor inteligente de temperatura Honeywell STT350 O Transmissor Inteligente de Temperatura STT350 \u00e9 a oferta de alto desempenho da Honeywell para controle cr\u00edtico e aplica\u00e7\u00f5es de medi\u00e7\u00e3o de temperatura de alta precis\u00e3o que envolvem medi\u00e7\u00e3o fiscal. Ele garante alta estabilidade e medi\u00e7\u00e3o precisa de temperatura em aplica\u00e7\u00f5es de fluxo, oferecendo assim economias significativas de custos para fornecedores e consumidores de energia. &nbsp; O Transmissor de Temperatura STT350 converte sinais de baixo n\u00edvel de sensores de temperatura em sinais de corrente capazes de transmiss\u00e3o de longa dist\u00e2ncia. Devido ao seu design exclusivo e isolamento galv\u00e2nico robusto, a medi\u00e7\u00e3o de temperatura \u00e9 imune a interfer\u00eancias eletromagn\u00e9ticas e de RF, ajudando os usu\u00e1rios a medir a temperatura em ambientes industriais barulhentos, como visto nas ind\u00fastrias mineral e met\u00e1lica. Al\u00e9m disso, ajuda os usu\u00e1rios a medir a temperatura com precis\u00e3o, levando a uma melhor efici\u00eancia energ\u00e9tica e qualidade do produto. STT350 \u00e9 baseado no protocolo Honeywell DE STT35F \u00e9 baseado no protocolo Foundation Fieldbus Est\u00e1 dispon\u00edvel nas vers\u00f5es montada em campo, montada na parede e montada em trilho DIN.\" \/>\n<meta property=\"og:url\" content=\"https:\/\/fullsolutions.info\/en\/product\/transmissor-de-temperatura-inteligente-stt350\/\" \/>\n<meta property=\"og:site_name\" content=\"Full Solutions\" \/>\n<meta property=\"article:modified_time\" content=\"2024-02-19T16:13:49+00:00\" \/>\n<meta property=\"og:image\" content=\"https:\/\/mlhff0prgoxu.i.optimole.com\/cb:s0sM.767\/w:auto\/h:auto\/q:mauto\/f:best\/https:\/\/fullsolutions.info\/wp-content\/uploads\/2024\/02\/STT350-Smart-Temperature-Transmitter.jpeg\" \/>\n\t<meta property=\"og:image:width\" content=\"156\" \/>\n\t<meta property=\"og:image:height\" content=\"150\" \/>\n\t<meta property=\"og:image:type\" content=\"image\/jpeg\" \/>\n<meta name=\"twitter:card\" content=\"summary_large_image\" \/>\n<meta name=\"twitter:label1\" content=\"Est. reading time\" \/>\n\t<meta name=\"twitter:data1\" content=\"1 minute\" \/>\n<script type=\"application\/ld+json\" class=\"yoast-schema-graph\">{\"@context\":\"https:\/\/schema.org\",\"@graph\":[{\"@type\":\"WebPage\",\"@id\":\"https:\/\/fullsolutions.info\/produto\/transmissor-de-temperatura-inteligente-stt350\/\",\"url\":\"https:\/\/fullsolutions.info\/produto\/transmissor-de-temperatura-inteligente-stt350\/\",\"name\":\"Transmissor de temperatura inteligente STT350 - Full Solutions\",\"isPartOf\":{\"@id\":\"https:\/\/fullsolutions.info\/#website\"},\"primaryImageOfPage\":{\"@id\":\"https:\/\/fullsolutions.info\/produto\/transmissor-de-temperatura-inteligente-stt350\/#primaryimage\"},\"image\":{\"@id\":\"https:\/\/fullsolutions.info\/produto\/transmissor-de-temperatura-inteligente-stt350\/#primaryimage\"},\"thumbnailUrl\":\"https:\/\/mlhff0prgoxu.i.optimole.com\/cb:s0sM.767\/w:auto\/h:auto\/q:mauto\/f:best\/https:\/\/fullsolutions.info\/wp-content\/uploads\/2024\/02\/STT350-Smart-Temperature-Transmitter.jpeg\",\"datePublished\":\"2024-02-01T17:23:57+00:00\",\"dateModified\":\"2024-02-19T16:13:49+00:00\",\"breadcrumb\":{\"@id\":\"https:\/\/fullsolutions.info\/produto\/transmissor-de-temperatura-inteligente-stt350\/#breadcrumb\"},\"inLanguage\":\"en-US\",\"potentialAction\":[{\"@type\":\"ReadAction\",\"target\":[\"https:\/\/fullsolutions.info\/produto\/transmissor-de-temperatura-inteligente-stt350\/\"]}]},{\"@type\":\"ImageObject\",\"inLanguage\":\"en-US\",\"@id\":\"https:\/\/fullsolutions.info\/produto\/transmissor-de-temperatura-inteligente-stt350\/#primaryimage\",\"url\":\"https:\/\/mlhff0prgoxu.i.optimole.com\/cb:s0sM.767\/w:auto\/h:auto\/q:mauto\/f:best\/https:\/\/fullsolutions.info\/wp-content\/uploads\/2024\/02\/STT350-Smart-Temperature-Transmitter.jpeg\",\"contentUrl\":\"https:\/\/mlhff0prgoxu.i.optimole.com\/cb:s0sM.767\/w:auto\/h:auto\/q:mauto\/f:best\/https:\/\/fullsolutions.info\/wp-content\/uploads\/2024\/02\/STT350-Smart-Temperature-Transmitter.jpeg\",\"width\":156,\"height\":150},{\"@type\":\"BreadcrumbList\",\"@id\":\"https:\/\/fullsolutions.info\/produto\/transmissor-de-temperatura-inteligente-stt350\/#breadcrumb\",\"itemListElement\":[{\"@type\":\"ListItem\",\"position\":1,\"name\":\"In\u00edcio\",\"item\":\"https:\/\/fullsolutions.info\/\"},{\"@type\":\"ListItem\",\"position\":2,\"name\":\"Produtos\",\"item\":\"https:\/\/fullsolutions.info\/shop\/\"},{\"@type\":\"ListItem\",\"position\":3,\"name\":\"Transmissor de temperatura inteligente STT350\"}]},{\"@type\":\"WebSite\",\"@id\":\"https:\/\/fullsolutions.info\/#website\",\"url\":\"https:\/\/fullsolutions.info\/\",\"name\":\"Full Solutions\",\"description\":\"Empresa na \u00c1rea de Procurement\",\"publisher\":{\"@id\":\"https:\/\/fullsolutions.info\/#organization\"},\"potentialAction\":[{\"@type\":\"SearchAction\",\"target\":{\"@type\":\"EntryPoint\",\"urlTemplate\":\"https:\/\/fullsolutions.info\/?s={search_term_string}\"},\"query-input\":{\"@type\":\"PropertyValueSpecification\",\"valueRequired\":true,\"valueName\":\"search_term_string\"}}],\"inLanguage\":\"en-US\"},{\"@type\":\"Organization\",\"@id\":\"https:\/\/fullsolutions.info\/#organization\",\"name\":\"Full Solutions\",\"url\":\"https:\/\/fullsolutions.info\/\",\"logo\":{\"@type\":\"ImageObject\",\"inLanguage\":\"en-US\",\"@id\":\"https:\/\/fullsolutions.info\/#\/schema\/logo\/image\/\",\"url\":\"https:\/\/mlhff0prgoxu.i.optimole.com\/cb:s0sM.767\/w:auto\/h:auto\/q:mauto\/f:best\/https:\/\/fullsolutions.info\/wp-content\/uploads\/2021\/07\/cropped-Design-sem-nome-300x193-1-e1627062664782.png\",\"contentUrl\":\"https:\/\/mlhff0prgoxu.i.optimole.com\/cb:s0sM.767\/w:auto\/h:auto\/q:mauto\/f:best\/https:\/\/fullsolutions.info\/wp-content\/uploads\/2021\/07\/cropped-Design-sem-nome-300x193-1-e1627062664782.png\",\"width\":202,\"height\":155,\"caption\":\"Full Solutions\"},\"image\":{\"@id\":\"https:\/\/fullsolutions.info\/#\/schema\/logo\/image\/\"},\"sameAs\":[\"https:\/\/www.linkedin.com\/company\/full-solutions-equipment\"]}]}<\/script>\n<!-- \/ Yoast SEO plugin. -->","yoast_head_json":{"title":"Transmissor de temperatura inteligente STT350 - Full Solutions","robots":{"index":"index","follow":"follow","max-snippet":"max-snippet:-1","max-image-preview":"max-image-preview:large","max-video-preview":"max-video-preview:-1"},"canonical":"https:\/\/fullsolutions.info\/en\/product\/transmissor-de-temperatura-inteligente-stt350\/","og_locale":"en_US","og_type":"article","og_title":"Transmissor de temperatura inteligente STT350 - Full Solutions","og_description":"Transmissor inteligente de temperatura Honeywell STT350 O Transmissor Inteligente de Temperatura STT350 \u00e9 a oferta de alto desempenho da Honeywell para controle cr\u00edtico e aplica\u00e7\u00f5es de medi\u00e7\u00e3o de temperatura de alta precis\u00e3o que envolvem medi\u00e7\u00e3o fiscal. Ele garante alta estabilidade e medi\u00e7\u00e3o precisa de temperatura em aplica\u00e7\u00f5es de fluxo, oferecendo assim economias significativas de custos para fornecedores e consumidores de energia. &nbsp; O Transmissor de Temperatura STT350 converte sinais de baixo n\u00edvel de sensores de temperatura em sinais de corrente capazes de transmiss\u00e3o de longa dist\u00e2ncia. Devido ao seu design exclusivo e isolamento galv\u00e2nico robusto, a medi\u00e7\u00e3o de temperatura \u00e9 imune a interfer\u00eancias eletromagn\u00e9ticas e de RF, ajudando os usu\u00e1rios a medir a temperatura em ambientes industriais barulhentos, como visto nas ind\u00fastrias mineral e met\u00e1lica. Al\u00e9m disso, ajuda os usu\u00e1rios a medir a temperatura com precis\u00e3o, levando a uma melhor efici\u00eancia energ\u00e9tica e qualidade do produto. STT350 \u00e9 baseado no protocolo Honeywell DE STT35F \u00e9 baseado no protocolo Foundation Fieldbus Est\u00e1 dispon\u00edvel nas vers\u00f5es montada em campo, montada na parede e montada em trilho DIN.","og_url":"https:\/\/fullsolutions.info\/en\/product\/transmissor-de-temperatura-inteligente-stt350\/","og_site_name":"Full Solutions","article_modified_time":"2024-02-19T16:13:49+00:00","og_image":[{"width":156,"height":150,"url":"https:\/\/mlhff0prgoxu.i.optimole.com\/cb:s0sM.767\/w:auto\/h:auto\/q:mauto\/f:best\/https:\/\/fullsolutions.info\/wp-content\/uploads\/2024\/02\/STT350-Smart-Temperature-Transmitter.jpeg","type":"image\/jpeg"}],"twitter_card":"summary_large_image","twitter_misc":{"Est. reading time":"1 minute"},"schema":{"@context":"https:\/\/schema.org","@graph":[{"@type":"WebPage","@id":"https:\/\/fullsolutions.info\/produto\/transmissor-de-temperatura-inteligente-stt350\/","url":"https:\/\/fullsolutions.info\/produto\/transmissor-de-temperatura-inteligente-stt350\/","name":"Transmissor de temperatura inteligente STT350 - Full Solutions","isPartOf":{"@id":"https:\/\/fullsolutions.info\/#website"},"primaryImageOfPage":{"@id":"https:\/\/fullsolutions.info\/produto\/transmissor-de-temperatura-inteligente-stt350\/#primaryimage"},"image":{"@id":"https:\/\/fullsolutions.info\/produto\/transmissor-de-temperatura-inteligente-stt350\/#primaryimage"},"thumbnailUrl":"https:\/\/mlhff0prgoxu.i.optimole.com\/cb:s0sM.767\/w:auto\/h:auto\/q:mauto\/f:best\/https:\/\/fullsolutions.info\/wp-content\/uploads\/2024\/02\/STT350-Smart-Temperature-Transmitter.jpeg","datePublished":"2024-02-01T17:23:57+00:00","dateModified":"2024-02-19T16:13:49+00:00","breadcrumb":{"@id":"https:\/\/fullsolutions.info\/produto\/transmissor-de-temperatura-inteligente-stt350\/#breadcrumb"},"inLanguage":"en-US","potentialAction":[{"@type":"ReadAction","target":["https:\/\/fullsolutions.info\/produto\/transmissor-de-temperatura-inteligente-stt350\/"]}]},{"@type":"ImageObject","inLanguage":"en-US","@id":"https:\/\/fullsolutions.info\/produto\/transmissor-de-temperatura-inteligente-stt350\/#primaryimage","url":"https:\/\/mlhff0prgoxu.i.optimole.com\/cb:s0sM.767\/w:auto\/h:auto\/q:mauto\/f:best\/https:\/\/fullsolutions.info\/wp-content\/uploads\/2024\/02\/STT350-Smart-Temperature-Transmitter.jpeg","contentUrl":"https:\/\/mlhff0prgoxu.i.optimole.com\/cb:s0sM.767\/w:auto\/h:auto\/q:mauto\/f:best\/https:\/\/fullsolutions.info\/wp-content\/uploads\/2024\/02\/STT350-Smart-Temperature-Transmitter.jpeg","width":156,"height":150},{"@type":"BreadcrumbList","@id":"https:\/\/fullsolutions.info\/produto\/transmissor-de-temperatura-inteligente-stt350\/#breadcrumb","itemListElement":[{"@type":"ListItem","position":1,"name":"In\u00edcio","item":"https:\/\/fullsolutions.info\/"},{"@type":"ListItem","position":2,"name":"Produtos","item":"https:\/\/fullsolutions.info\/shop\/"},{"@type":"ListItem","position":3,"name":"Transmissor de temperatura inteligente STT350"}]},{"@type":"WebSite","@id":"https:\/\/fullsolutions.info\/#website","url":"https:\/\/fullsolutions.info\/","name":"Full Solutions","description":"Empresa na \u00c1rea de Procurement","publisher":{"@id":"https:\/\/fullsolutions.info\/#organization"},"potentialAction":[{"@type":"SearchAction","target":{"@type":"EntryPoint","urlTemplate":"https:\/\/fullsolutions.info\/?s={search_term_string}"},"query-input":{"@type":"PropertyValueSpecification","valueRequired":true,"valueName":"search_term_string"}}],"inLanguage":"en-US"},{"@type":"Organization","@id":"https:\/\/fullsolutions.info\/#organization","name":"Full Solutions","url":"https:\/\/fullsolutions.info\/","logo":{"@type":"ImageObject","inLanguage":"en-US","@id":"https:\/\/fullsolutions.info\/#\/schema\/logo\/image\/","url":"https:\/\/mlhff0prgoxu.i.optimole.com\/cb:s0sM.767\/w:auto\/h:auto\/q:mauto\/f:best\/https:\/\/fullsolutions.info\/wp-content\/uploads\/2021\/07\/cropped-Design-sem-nome-300x193-1-e1627062664782.png","contentUrl":"https:\/\/mlhff0prgoxu.i.optimole.com\/cb:s0sM.767\/w:auto\/h:auto\/q:mauto\/f:best\/https:\/\/fullsolutions.info\/wp-content\/uploads\/2021\/07\/cropped-Design-sem-nome-300x193-1-e1627062664782.png","width":202,"height":155,"caption":"Full Solutions"},"image":{"@id":"https:\/\/fullsolutions.info\/#\/schema\/logo\/image\/"},"sameAs":["https:\/\/www.linkedin.com\/company\/full-solutions-equipment"]}]}},"_links":{"self":[{"href":"https:\/\/fullsolutions.info\/en\/wp-json\/wp\/v2\/product\/4155","targetHints":{"allow":["GET"]}}],"collection":[{"href":"https:\/\/fullsolutions.info\/en\/wp-json\/wp\/v2\/product"}],"about":[{"href":"https:\/\/fullsolutions.info\/en\/wp-json\/wp\/v2\/types\/product"}],"replies":[{"embeddable":true,"href":"https:\/\/fullsolutions.info\/en\/wp-json\/wp\/v2\/comments?post=4155"}],"wp:featuredmedia":[{"embeddable":true,"href":"https:\/\/fullsolutions.info\/en\/wp-json\/wp\/v2\/media\/4156"}],"wp:attachment":[{"href":"https:\/\/fullsolutions.info\/en\/wp-json\/wp\/v2\/media?parent=4155"}],"wp:term":[{"taxonomy":"product_brand","embeddable":true,"href":"https:\/\/fullsolutions.info\/en\/wp-json\/wp\/v2\/product_brand?post=4155"},{"taxonomy":"product_cat","embeddable":true,"href":"https:\/\/fullsolutions.info\/en\/wp-json\/wp\/v2\/product_cat?post=4155"},{"taxonomy":"product_tag","embeddable":true,"href":"https:\/\/fullsolutions.info\/en\/wp-json\/wp\/v2\/product_tag?post=4155"},{"taxonomy":"marca","embeddable":true,"href":"https:\/\/fullsolutions.info\/en\/wp-json\/wp\/v2\/marca?post=4155"}],"curies":[{"name":"wp","href":"https:\/\/api.w.org\/{rel}","templated":true}]}}