{"id":4143,"date":"2024-02-01T15:00:26","date_gmt":"2024-02-01T15:00:26","guid":{"rendered":"https:\/\/fullsolutionsequip.com\/?post_type=product&#038;p=4143"},"modified":"2024-02-19T16:13:50","modified_gmt":"2024-02-19T16:13:50","slug":"honeywell-smartline-smartline-st-800-transmissores-de-pressao-absoluta","status":"publish","type":"product","link":"https:\/\/fullsolutions.info\/en\/product\/honeywell-smartline-smartline-st-800-transmissores-de-pressao-absoluta\/","title":{"rendered":"Honeywell SmartLine SmartLine ST 800 Transmissores de press\u00e3o absoluta"},"content":{"rendered":"<p>Honeywell SmartLine SmartLine ST 800 Transmissores de press\u00e3o absoluta<br \/>\nOs Transmissores de Press\u00e3o Absoluta SmartLine ST 800 s\u00e3o usados \u200b\u200bem aplica\u00e7\u00f5es que exigem alta precis\u00e3o na faixa de press\u00e3o do v\u00e1cuo. Os transmissores s\u00e3o ideais para medi\u00e7\u00e3o de baixa press\u00e3o em colunas de destila\u00e7\u00e3o a v\u00e1cuo, onde a economia de energia \u00e9 diretamente proporcional ao v\u00e1cuo na coluna.<\/p>\n<p>&nbsp;<\/p>\n<p>O que \u00e9?<br \/>\nOs Transmissores de Press\u00e3o Absoluta SmartLine ST 800 est\u00e3o dispon\u00edveis em duas variantes \u2013 Em linha (STA8XL) e Cabe\u00e7a \u00fanica (STA8XX) nas seguintes faixas:<\/p>\n<p>\u2022 STA822\/STA82L 0 a 780 mmHgA (0 a 1.040 mbarA)<\/p>\n<p>\u2022 STA840\/STA84L 0 a 500 psia (0 a 35 barA)<\/p>\n<p>\u2022 STA87L 0 a 3000psia (0-207 barA)<\/p>\n<p>Os transmissores oferecem os seguintes recursos atraentes:<\/p>\n<p>\u2022 Precis\u00e3o de at\u00e9 0,025%<br \/>\n\u2022 Estabilidade de 0,01% ao ano<br \/>\n\u2022 Tempo de resposta de 90 ms<br \/>\n\u2022 Conex\u00f5es el\u00e9tricas insens\u00edveis \u00e0 polaridade<br \/>\n\u2022 Garantia de 15 anos<br \/>\n\u2022 Forte integra\u00e7\u00e3o com sistemas Experion\u00ae.<\/p>","protected":false},"excerpt":{"rendered":"<p>Honeywell SmartLine SmartLine ST 800 Transmissores de press\u00e3o absoluta Os Transmissores de Press\u00e3o Absoluta SmartLine ST 800 s\u00e3o usados \u200b\u200bem aplica\u00e7\u00f5es que exigem alta precis\u00e3o na faixa de press\u00e3o do v\u00e1cuo. Os transmissores s\u00e3o ideais para medi\u00e7\u00e3o de baixa press\u00e3o em colunas de destila\u00e7\u00e3o a v\u00e1cuo, onde a economia de energia \u00e9 diretamente proporcional ao v\u00e1cuo na coluna. &nbsp; O que \u00e9? Os Transmissores de Press\u00e3o Absoluta SmartLine ST 800 est\u00e3o dispon\u00edveis em duas variantes \u2013 Em linha (STA8XL) e Cabe\u00e7a \u00fanica (STA8XX) nas seguintes faixas: \u2022 STA822\/STA82L 0 a 780 mmHgA (0 a 1.040 mbarA) \u2022 STA840\/STA84L 0 a 500 psia (0 a 35 barA) \u2022 STA87L 0 a 3000psia (0-207 barA) Os transmissores oferecem os seguintes recursos atraentes: \u2022 Precis\u00e3o de at\u00e9 0,025% \u2022 Estabilidade de 0,01% ao ano \u2022 Tempo de resposta de 90 ms \u2022 Conex\u00f5es el\u00e9tricas insens\u00edveis \u00e0 polaridade \u2022 Garantia de 15 anos \u2022 Forte integra\u00e7\u00e3o com sistemas Experion\u00ae.<\/p>","protected":false},"featured_media":4144,"comment_status":"open","ping_status":"closed","template":"","meta":{"_joinchat":[]},"product_brand":[],"product_cat":[140],"product_tag":[],"marca":[142],"class_list":{"0":"post-4143","1":"product","2":"type-product","3":"status-publish","4":"has-post-thumbnail","6":"product_cat-transmissores","7":"marca-honeywell","9":"first","10":"instock","11":"shipping-taxable","12":"purchasable","13":"product-type-simple"},"yoast_head":"<!-- This site is optimized with the Yoast SEO plugin v27.2 - https:\/\/yoast.com\/product\/yoast-seo-wordpress\/ -->\n<title>Honeywell SmartLine SmartLine ST 800 Transmissores de press\u00e3o absoluta - Full Solutions<\/title>\n<meta name=\"robots\" content=\"index, follow, max-snippet:-1, max-image-preview:large, max-video-preview:-1\" \/>\n<link rel=\"canonical\" href=\"https:\/\/fullsolutions.info\/en\/product\/honeywell-smartline-smartline-st-800-transmissores-de-pressao-absoluta\/\" \/>\n<meta property=\"og:locale\" content=\"en_US\" \/>\n<meta property=\"og:type\" content=\"article\" \/>\n<meta property=\"og:title\" content=\"Honeywell SmartLine SmartLine ST 800 Transmissores de press\u00e3o absoluta - Full Solutions\" \/>\n<meta property=\"og:description\" content=\"Honeywell SmartLine SmartLine ST 800 Transmissores de press\u00e3o absoluta Os Transmissores de Press\u00e3o Absoluta SmartLine ST 800 s\u00e3o usados \u200b\u200bem aplica\u00e7\u00f5es que exigem alta precis\u00e3o na faixa de press\u00e3o do v\u00e1cuo. Os transmissores s\u00e3o ideais para medi\u00e7\u00e3o de baixa press\u00e3o em colunas de destila\u00e7\u00e3o a v\u00e1cuo, onde a economia de energia \u00e9 diretamente proporcional ao v\u00e1cuo na coluna. &nbsp; O que \u00e9? Os Transmissores de Press\u00e3o Absoluta SmartLine ST 800 est\u00e3o dispon\u00edveis em duas variantes \u2013 Em linha (STA8XL) e Cabe\u00e7a \u00fanica (STA8XX) nas seguintes faixas: \u2022 STA822\/STA82L 0 a 780 mmHgA (0 a 1.040 mbarA) \u2022 STA840\/STA84L 0 a 500 psia (0 a 35 barA) \u2022 STA87L 0 a 3000psia (0-207 barA) Os transmissores oferecem os seguintes recursos atraentes: \u2022 Precis\u00e3o de at\u00e9 0,025% \u2022 Estabilidade de 0,01% ao ano \u2022 Tempo de resposta de 90 ms \u2022 Conex\u00f5es el\u00e9tricas insens\u00edveis \u00e0 polaridade \u2022 Garantia de 15 anos \u2022 Forte integra\u00e7\u00e3o com sistemas Experion\u00ae.\" \/>\n<meta property=\"og:url\" content=\"https:\/\/fullsolutions.info\/en\/product\/honeywell-smartline-smartline-st-800-transmissores-de-pressao-absoluta\/\" \/>\n<meta property=\"og:site_name\" content=\"Full Solutions\" \/>\n<meta property=\"article:modified_time\" content=\"2024-02-19T16:13:50+00:00\" \/>\n<meta property=\"og:image\" content=\"https:\/\/mlhff0prgoxu.i.optimole.com\/cb:s0sM.767\/w:auto\/h:auto\/q:mauto\/f:best\/https:\/\/fullsolutions.info\/wp-content\/uploads\/2024\/02\/Honeywell-SmartLine-SmartLine-ST-800-Absolute-Pressure-Transmitters.jpeg\" \/>\n\t<meta property=\"og:image:width\" content=\"250\" \/>\n\t<meta property=\"og:image:height\" content=\"250\" \/>\n\t<meta property=\"og:image:type\" content=\"image\/jpeg\" \/>\n<meta name=\"twitter:card\" content=\"summary_large_image\" \/>\n<meta name=\"twitter:label1\" content=\"Est. reading time\" \/>\n\t<meta name=\"twitter:data1\" content=\"1 minute\" \/>\n<script type=\"application\/ld+json\" class=\"yoast-schema-graph\">{\"@context\":\"https:\/\/schema.org\",\"@graph\":[{\"@type\":\"WebPage\",\"@id\":\"https:\/\/fullsolutions.info\/produto\/honeywell-smartline-smartline-st-800-transmissores-de-pressao-absoluta\/\",\"url\":\"https:\/\/fullsolutions.info\/produto\/honeywell-smartline-smartline-st-800-transmissores-de-pressao-absoluta\/\",\"name\":\"Honeywell SmartLine SmartLine ST 800 Transmissores de press\u00e3o absoluta - Full Solutions\",\"isPartOf\":{\"@id\":\"https:\/\/fullsolutions.info\/#website\"},\"primaryImageOfPage\":{\"@id\":\"https:\/\/fullsolutions.info\/produto\/honeywell-smartline-smartline-st-800-transmissores-de-pressao-absoluta\/#primaryimage\"},\"image\":{\"@id\":\"https:\/\/fullsolutions.info\/produto\/honeywell-smartline-smartline-st-800-transmissores-de-pressao-absoluta\/#primaryimage\"},\"thumbnailUrl\":\"https:\/\/mlhff0prgoxu.i.optimole.com\/cb:s0sM.767\/w:auto\/h:auto\/q:mauto\/f:best\/https:\/\/fullsolutions.info\/wp-content\/uploads\/2024\/02\/Honeywell-SmartLine-SmartLine-ST-800-Absolute-Pressure-Transmitters.jpeg\",\"datePublished\":\"2024-02-01T15:00:26+00:00\",\"dateModified\":\"2024-02-19T16:13:50+00:00\",\"breadcrumb\":{\"@id\":\"https:\/\/fullsolutions.info\/produto\/honeywell-smartline-smartline-st-800-transmissores-de-pressao-absoluta\/#breadcrumb\"},\"inLanguage\":\"en-US\",\"potentialAction\":[{\"@type\":\"ReadAction\",\"target\":[\"https:\/\/fullsolutions.info\/produto\/honeywell-smartline-smartline-st-800-transmissores-de-pressao-absoluta\/\"]}]},{\"@type\":\"ImageObject\",\"inLanguage\":\"en-US\",\"@id\":\"https:\/\/fullsolutions.info\/produto\/honeywell-smartline-smartline-st-800-transmissores-de-pressao-absoluta\/#primaryimage\",\"url\":\"https:\/\/mlhff0prgoxu.i.optimole.com\/cb:s0sM.767\/w:auto\/h:auto\/q:mauto\/f:best\/https:\/\/fullsolutions.info\/wp-content\/uploads\/2024\/02\/Honeywell-SmartLine-SmartLine-ST-800-Absolute-Pressure-Transmitters.jpeg\",\"contentUrl\":\"https:\/\/mlhff0prgoxu.i.optimole.com\/cb:s0sM.767\/w:auto\/h:auto\/q:mauto\/f:best\/https:\/\/fullsolutions.info\/wp-content\/uploads\/2024\/02\/Honeywell-SmartLine-SmartLine-ST-800-Absolute-Pressure-Transmitters.jpeg\",\"width\":250,\"height\":250},{\"@type\":\"BreadcrumbList\",\"@id\":\"https:\/\/fullsolutions.info\/produto\/honeywell-smartline-smartline-st-800-transmissores-de-pressao-absoluta\/#breadcrumb\",\"itemListElement\":[{\"@type\":\"ListItem\",\"position\":1,\"name\":\"In\u00edcio\",\"item\":\"https:\/\/fullsolutions.info\/\"},{\"@type\":\"ListItem\",\"position\":2,\"name\":\"Produtos\",\"item\":\"https:\/\/fullsolutions.info\/shop\/\"},{\"@type\":\"ListItem\",\"position\":3,\"name\":\"Honeywell SmartLine SmartLine ST 800 Transmissores de press\u00e3o absoluta\"}]},{\"@type\":\"WebSite\",\"@id\":\"https:\/\/fullsolutions.info\/#website\",\"url\":\"https:\/\/fullsolutions.info\/\",\"name\":\"Full Solutions\",\"description\":\"Empresa na \u00c1rea de Procurement\",\"publisher\":{\"@id\":\"https:\/\/fullsolutions.info\/#organization\"},\"potentialAction\":[{\"@type\":\"SearchAction\",\"target\":{\"@type\":\"EntryPoint\",\"urlTemplate\":\"https:\/\/fullsolutions.info\/?s={search_term_string}\"},\"query-input\":{\"@type\":\"PropertyValueSpecification\",\"valueRequired\":true,\"valueName\":\"search_term_string\"}}],\"inLanguage\":\"en-US\"},{\"@type\":\"Organization\",\"@id\":\"https:\/\/fullsolutions.info\/#organization\",\"name\":\"Full Solutions\",\"url\":\"https:\/\/fullsolutions.info\/\",\"logo\":{\"@type\":\"ImageObject\",\"inLanguage\":\"en-US\",\"@id\":\"https:\/\/fullsolutions.info\/#\/schema\/logo\/image\/\",\"url\":\"https:\/\/mlhff0prgoxu.i.optimole.com\/cb:s0sM.767\/w:auto\/h:auto\/q:mauto\/f:best\/https:\/\/fullsolutions.info\/wp-content\/uploads\/2021\/07\/cropped-Design-sem-nome-300x193-1-e1627062664782.png\",\"contentUrl\":\"https:\/\/mlhff0prgoxu.i.optimole.com\/cb:s0sM.767\/w:auto\/h:auto\/q:mauto\/f:best\/https:\/\/fullsolutions.info\/wp-content\/uploads\/2021\/07\/cropped-Design-sem-nome-300x193-1-e1627062664782.png\",\"width\":202,\"height\":155,\"caption\":\"Full Solutions\"},\"image\":{\"@id\":\"https:\/\/fullsolutions.info\/#\/schema\/logo\/image\/\"},\"sameAs\":[\"https:\/\/www.linkedin.com\/company\/full-solutions-equipment\"]}]}<\/script>\n<!-- \/ Yoast SEO plugin. -->","yoast_head_json":{"title":"Honeywell SmartLine SmartLine ST 800 Transmissores de press\u00e3o absoluta - Full Solutions","robots":{"index":"index","follow":"follow","max-snippet":"max-snippet:-1","max-image-preview":"max-image-preview:large","max-video-preview":"max-video-preview:-1"},"canonical":"https:\/\/fullsolutions.info\/en\/product\/honeywell-smartline-smartline-st-800-transmissores-de-pressao-absoluta\/","og_locale":"en_US","og_type":"article","og_title":"Honeywell SmartLine SmartLine ST 800 Transmissores de press\u00e3o absoluta - Full Solutions","og_description":"Honeywell SmartLine SmartLine ST 800 Transmissores de press\u00e3o absoluta Os Transmissores de Press\u00e3o Absoluta SmartLine ST 800 s\u00e3o usados \u200b\u200bem aplica\u00e7\u00f5es que exigem alta precis\u00e3o na faixa de press\u00e3o do v\u00e1cuo. Os transmissores s\u00e3o ideais para medi\u00e7\u00e3o de baixa press\u00e3o em colunas de destila\u00e7\u00e3o a v\u00e1cuo, onde a economia de energia \u00e9 diretamente proporcional ao v\u00e1cuo na coluna. &nbsp; O que \u00e9? Os Transmissores de Press\u00e3o Absoluta SmartLine ST 800 est\u00e3o dispon\u00edveis em duas variantes \u2013 Em linha (STA8XL) e Cabe\u00e7a \u00fanica (STA8XX) nas seguintes faixas: \u2022 STA822\/STA82L 0 a 780 mmHgA (0 a 1.040 mbarA) \u2022 STA840\/STA84L 0 a 500 psia (0 a 35 barA) \u2022 STA87L 0 a 3000psia (0-207 barA) Os transmissores oferecem os seguintes recursos atraentes: \u2022 Precis\u00e3o de at\u00e9 0,025% \u2022 Estabilidade de 0,01% ao ano \u2022 Tempo de resposta de 90 ms \u2022 Conex\u00f5es el\u00e9tricas insens\u00edveis \u00e0 polaridade \u2022 Garantia de 15 anos \u2022 Forte integra\u00e7\u00e3o com sistemas Experion\u00ae.","og_url":"https:\/\/fullsolutions.info\/en\/product\/honeywell-smartline-smartline-st-800-transmissores-de-pressao-absoluta\/","og_site_name":"Full Solutions","article_modified_time":"2024-02-19T16:13:50+00:00","og_image":[{"width":250,"height":250,"url":"https:\/\/mlhff0prgoxu.i.optimole.com\/cb:s0sM.767\/w:auto\/h:auto\/q:mauto\/f:best\/https:\/\/fullsolutions.info\/wp-content\/uploads\/2024\/02\/Honeywell-SmartLine-SmartLine-ST-800-Absolute-Pressure-Transmitters.jpeg","type":"image\/jpeg"}],"twitter_card":"summary_large_image","twitter_misc":{"Est. reading time":"1 minute"},"schema":{"@context":"https:\/\/schema.org","@graph":[{"@type":"WebPage","@id":"https:\/\/fullsolutions.info\/produto\/honeywell-smartline-smartline-st-800-transmissores-de-pressao-absoluta\/","url":"https:\/\/fullsolutions.info\/produto\/honeywell-smartline-smartline-st-800-transmissores-de-pressao-absoluta\/","name":"Honeywell SmartLine SmartLine ST 800 Transmissores de press\u00e3o absoluta - Full Solutions","isPartOf":{"@id":"https:\/\/fullsolutions.info\/#website"},"primaryImageOfPage":{"@id":"https:\/\/fullsolutions.info\/produto\/honeywell-smartline-smartline-st-800-transmissores-de-pressao-absoluta\/#primaryimage"},"image":{"@id":"https:\/\/fullsolutions.info\/produto\/honeywell-smartline-smartline-st-800-transmissores-de-pressao-absoluta\/#primaryimage"},"thumbnailUrl":"https:\/\/mlhff0prgoxu.i.optimole.com\/cb:s0sM.767\/w:auto\/h:auto\/q:mauto\/f:best\/https:\/\/fullsolutions.info\/wp-content\/uploads\/2024\/02\/Honeywell-SmartLine-SmartLine-ST-800-Absolute-Pressure-Transmitters.jpeg","datePublished":"2024-02-01T15:00:26+00:00","dateModified":"2024-02-19T16:13:50+00:00","breadcrumb":{"@id":"https:\/\/fullsolutions.info\/produto\/honeywell-smartline-smartline-st-800-transmissores-de-pressao-absoluta\/#breadcrumb"},"inLanguage":"en-US","potentialAction":[{"@type":"ReadAction","target":["https:\/\/fullsolutions.info\/produto\/honeywell-smartline-smartline-st-800-transmissores-de-pressao-absoluta\/"]}]},{"@type":"ImageObject","inLanguage":"en-US","@id":"https:\/\/fullsolutions.info\/produto\/honeywell-smartline-smartline-st-800-transmissores-de-pressao-absoluta\/#primaryimage","url":"https:\/\/mlhff0prgoxu.i.optimole.com\/cb:s0sM.767\/w:auto\/h:auto\/q:mauto\/f:best\/https:\/\/fullsolutions.info\/wp-content\/uploads\/2024\/02\/Honeywell-SmartLine-SmartLine-ST-800-Absolute-Pressure-Transmitters.jpeg","contentUrl":"https:\/\/mlhff0prgoxu.i.optimole.com\/cb:s0sM.767\/w:auto\/h:auto\/q:mauto\/f:best\/https:\/\/fullsolutions.info\/wp-content\/uploads\/2024\/02\/Honeywell-SmartLine-SmartLine-ST-800-Absolute-Pressure-Transmitters.jpeg","width":250,"height":250},{"@type":"BreadcrumbList","@id":"https:\/\/fullsolutions.info\/produto\/honeywell-smartline-smartline-st-800-transmissores-de-pressao-absoluta\/#breadcrumb","itemListElement":[{"@type":"ListItem","position":1,"name":"In\u00edcio","item":"https:\/\/fullsolutions.info\/"},{"@type":"ListItem","position":2,"name":"Produtos","item":"https:\/\/fullsolutions.info\/shop\/"},{"@type":"ListItem","position":3,"name":"Honeywell SmartLine SmartLine ST 800 Transmissores de press\u00e3o absoluta"}]},{"@type":"WebSite","@id":"https:\/\/fullsolutions.info\/#website","url":"https:\/\/fullsolutions.info\/","name":"Full Solutions","description":"Empresa na \u00c1rea de Procurement","publisher":{"@id":"https:\/\/fullsolutions.info\/#organization"},"potentialAction":[{"@type":"SearchAction","target":{"@type":"EntryPoint","urlTemplate":"https:\/\/fullsolutions.info\/?s={search_term_string}"},"query-input":{"@type":"PropertyValueSpecification","valueRequired":true,"valueName":"search_term_string"}}],"inLanguage":"en-US"},{"@type":"Organization","@id":"https:\/\/fullsolutions.info\/#organization","name":"Full Solutions","url":"https:\/\/fullsolutions.info\/","logo":{"@type":"ImageObject","inLanguage":"en-US","@id":"https:\/\/fullsolutions.info\/#\/schema\/logo\/image\/","url":"https:\/\/mlhff0prgoxu.i.optimole.com\/cb:s0sM.767\/w:auto\/h:auto\/q:mauto\/f:best\/https:\/\/fullsolutions.info\/wp-content\/uploads\/2021\/07\/cropped-Design-sem-nome-300x193-1-e1627062664782.png","contentUrl":"https:\/\/mlhff0prgoxu.i.optimole.com\/cb:s0sM.767\/w:auto\/h:auto\/q:mauto\/f:best\/https:\/\/fullsolutions.info\/wp-content\/uploads\/2021\/07\/cropped-Design-sem-nome-300x193-1-e1627062664782.png","width":202,"height":155,"caption":"Full Solutions"},"image":{"@id":"https:\/\/fullsolutions.info\/#\/schema\/logo\/image\/"},"sameAs":["https:\/\/www.linkedin.com\/company\/full-solutions-equipment"]}]}},"_links":{"self":[{"href":"https:\/\/fullsolutions.info\/en\/wp-json\/wp\/v2\/product\/4143","targetHints":{"allow":["GET"]}}],"collection":[{"href":"https:\/\/fullsolutions.info\/en\/wp-json\/wp\/v2\/product"}],"about":[{"href":"https:\/\/fullsolutions.info\/en\/wp-json\/wp\/v2\/types\/product"}],"replies":[{"embeddable":true,"href":"https:\/\/fullsolutions.info\/en\/wp-json\/wp\/v2\/comments?post=4143"}],"wp:featuredmedia":[{"embeddable":true,"href":"https:\/\/fullsolutions.info\/en\/wp-json\/wp\/v2\/media\/4144"}],"wp:attachment":[{"href":"https:\/\/fullsolutions.info\/en\/wp-json\/wp\/v2\/media?parent=4143"}],"wp:term":[{"taxonomy":"product_brand","embeddable":true,"href":"https:\/\/fullsolutions.info\/en\/wp-json\/wp\/v2\/product_brand?post=4143"},{"taxonomy":"product_cat","embeddable":true,"href":"https:\/\/fullsolutions.info\/en\/wp-json\/wp\/v2\/product_cat?post=4143"},{"taxonomy":"product_tag","embeddable":true,"href":"https:\/\/fullsolutions.info\/en\/wp-json\/wp\/v2\/product_tag?post=4143"},{"taxonomy":"marca","embeddable":true,"href":"https:\/\/fullsolutions.info\/en\/wp-json\/wp\/v2\/marca?post=4143"}],"curies":[{"name":"wp","href":"https:\/\/api.w.org\/{rel}","templated":true}]}}