{"id":4140,"date":"2024-02-01T14:57:24","date_gmt":"2024-02-01T14:57:24","guid":{"rendered":"https:\/\/fullsolutionsequip.com\/?post_type=product&#038;p=4140"},"modified":"2024-02-19T16:13:50","modified_gmt":"2024-02-19T16:13:50","slug":"transmissores-de-pressao-com-montagem-em-flange-honeywell-smartline-st-800","status":"publish","type":"product","link":"https:\/\/fullsolutions.info\/en\/product\/transmissores-de-pressao-com-montagem-em-flange-honeywell-smartline-st-800\/","title":{"rendered":"Transmissores de press\u00e3o com montagem em flange Honeywell SmartLine ST 800"},"content":{"rendered":"<p>Transmissores de press\u00e3o com montagem em flange Honeywell SmartLine ST 800<br \/>\nOs transmissores de press\u00e3o montados em flange SmartLine ST 800 podem ser instalados diretamente em um flange de tanque e s\u00e3o oferecidos com uma variedade de conex\u00f5es de tanque. As aplica\u00e7\u00f5es t\u00edpicas incluem medi\u00e7\u00e3o de n\u00edvel de alta precis\u00e3o em vasos pressurizados e n\u00e3o pressurizados nas ind\u00fastrias qu\u00edmica e de hidrocarbonetos.<\/p>\n<p>&nbsp;<\/p>\n<p>O que \u00e9?<br \/>\nOs transmissores de press\u00e3o montados em flange ST 800 s\u00e3o ideais para aplica\u00e7\u00f5es cr\u00edticas, como transfer\u00eancia de cust\u00f3dia de g\u00e1s natural e balan\u00e7os de energia e materiais, onde a precis\u00e3o e a estabilidade s\u00e3o de extrema import\u00e2ncia. Quatro faixas de transmissores est\u00e3o dispon\u00edveis com a seguinte faixa e amplitude:<\/p>\n<p>STF828 -400 a 400 polH2O (-1000 a 1000 mbar) 4 a 400 polH2O (10 a 1000 mbar)<\/p>\n<p>STF832 -100 a 100 psi (-7 a 7 bar) 1 a 100 psi (0,07 a 7 bar)<\/p>\n<p>STF82F -400 a 400 polH2O (-1000 a 1000 mbar) 1 a 400 polH2O (2,5 a 1000 mbar)<\/p>\n<p>STF83F -100 a 100 psi (-7 a 7 bar) 1 a 100 psi (0,07 a 7 bar)<\/p>\n<p>Os transmissores oferecem os seguintes recursos:<\/p>\n<p>\u2022Press\u00e3o est\u00e1tica autom\u00e1tica e compensa\u00e7\u00e3o de temperatura<br \/>\n\u2022 Alcance de at\u00e9 100:1<br \/>\n\u2022Recursos de exibi\u00e7\u00e3o local<br \/>\n\u2022Zero externo, span e capacidade de configura\u00e7\u00e3o<br \/>\n\u2022Conex\u00f5es el\u00e9tricas insens\u00edveis \u00e0 polaridade<br \/>\n\u2022Capacidades abrangentes de diagn\u00f3stico a bordo<br \/>\n\u2022Projeto de veda\u00e7\u00e3o dupla integral para maior seguran\u00e7a com base em ANSI\/NFPA 70-202 e ANSI\/ISA 12.27.0<br \/>\n\u2022Prote\u00e7\u00e3o contra sobrepress\u00e3o de classe mundial<br \/>\n\u2022Conformidade total com os requisitos SIL 2\/3<br \/>\n\u2022Design modular<br \/>\n\u2022Garantia de 15 anos.<\/p>","protected":false},"excerpt":{"rendered":"<p>Transmissores de press\u00e3o com montagem em flange Honeywell SmartLine ST 800 Os transmissores de press\u00e3o montados em flange SmartLine ST 800 podem ser instalados diretamente em um flange de tanque e s\u00e3o oferecidos com uma variedade de conex\u00f5es de tanque. As aplica\u00e7\u00f5es t\u00edpicas incluem medi\u00e7\u00e3o de n\u00edvel de alta precis\u00e3o em vasos pressurizados e n\u00e3o pressurizados nas ind\u00fastrias qu\u00edmica e de hidrocarbonetos. &nbsp; O que \u00e9? Os transmissores de press\u00e3o montados em flange ST 800 s\u00e3o ideais para aplica\u00e7\u00f5es cr\u00edticas, como transfer\u00eancia de cust\u00f3dia de g\u00e1s natural e balan\u00e7os de energia e materiais, onde a precis\u00e3o e a estabilidade s\u00e3o de extrema import\u00e2ncia. Quatro faixas de transmissores est\u00e3o dispon\u00edveis com a seguinte faixa e amplitude: STF828 -400 a 400 polH2O (-1000 a 1000 mbar) 4 a 400 polH2O (10 a 1000 mbar) STF832 -100 a 100 psi (-7 a 7 bar) 1 a 100 psi (0,07 a 7 bar) STF82F -400 a 400 polH2O (-1000 a 1000 mbar) 1 a 400 polH2O (2,5 a 1000 mbar) STF83F -100 a 100 psi (-7 a 7 bar) 1 a 100 psi (0,07 a 7 bar) Os transmissores oferecem os seguintes recursos: \u2022Press\u00e3o est\u00e1tica autom\u00e1tica e compensa\u00e7\u00e3o de temperatura \u2022 Alcance de at\u00e9 100:1 \u2022Recursos de exibi\u00e7\u00e3o local \u2022Zero externo, span e capacidade de configura\u00e7\u00e3o \u2022Conex\u00f5es el\u00e9tricas insens\u00edveis \u00e0 polaridade \u2022Capacidades abrangentes de diagn\u00f3stico a bordo \u2022Projeto de veda\u00e7\u00e3o dupla integral para maior seguran\u00e7a com base em ANSI\/NFPA 70-202 e ANSI\/ISA 12.27.0 \u2022Prote\u00e7\u00e3o contra sobrepress\u00e3o de classe mundial \u2022Conformidade total com os requisitos SIL 2\/3 \u2022Design modular \u2022Garantia de 15 anos.<\/p>","protected":false},"featured_media":4141,"comment_status":"open","ping_status":"closed","template":"","meta":{"_joinchat":[]},"product_brand":[],"product_cat":[140],"product_tag":[],"marca":[142],"class_list":{"0":"post-4140","1":"product","2":"type-product","3":"status-publish","4":"has-post-thumbnail","6":"product_cat-transmissores","7":"marca-honeywell","9":"first","10":"instock","11":"shipping-taxable","12":"purchasable","13":"product-type-simple"},"yoast_head":"<!-- This site is optimized with the Yoast SEO plugin v27.2 - https:\/\/yoast.com\/product\/yoast-seo-wordpress\/ -->\n<title>Transmissores de press\u00e3o com montagem em flange Honeywell SmartLine ST 800 - Full Solutions<\/title>\n<meta name=\"robots\" content=\"index, follow, max-snippet:-1, max-image-preview:large, max-video-preview:-1\" \/>\n<link rel=\"canonical\" href=\"https:\/\/fullsolutions.info\/en\/product\/transmissores-de-pressao-com-montagem-em-flange-honeywell-smartline-st-800\/\" \/>\n<meta property=\"og:locale\" content=\"en_US\" \/>\n<meta property=\"og:type\" content=\"article\" \/>\n<meta property=\"og:title\" content=\"Transmissores de press\u00e3o com montagem em flange Honeywell SmartLine ST 800 - Full Solutions\" \/>\n<meta property=\"og:description\" content=\"Transmissores de press\u00e3o com montagem em flange Honeywell SmartLine ST 800 Os transmissores de press\u00e3o montados em flange SmartLine ST 800 podem ser instalados diretamente em um flange de tanque e s\u00e3o oferecidos com uma variedade de conex\u00f5es de tanque. As aplica\u00e7\u00f5es t\u00edpicas incluem medi\u00e7\u00e3o de n\u00edvel de alta precis\u00e3o em vasos pressurizados e n\u00e3o pressurizados nas ind\u00fastrias qu\u00edmica e de hidrocarbonetos. &nbsp; O que \u00e9? Os transmissores de press\u00e3o montados em flange ST 800 s\u00e3o ideais para aplica\u00e7\u00f5es cr\u00edticas, como transfer\u00eancia de cust\u00f3dia de g\u00e1s natural e balan\u00e7os de energia e materiais, onde a precis\u00e3o e a estabilidade s\u00e3o de extrema import\u00e2ncia. Quatro faixas de transmissores est\u00e3o dispon\u00edveis com a seguinte faixa e amplitude: STF828 -400 a 400 polH2O (-1000 a 1000 mbar) 4 a 400 polH2O (10 a 1000 mbar) STF832 -100 a 100 psi (-7 a 7 bar) 1 a 100 psi (0,07 a 7 bar) STF82F -400 a 400 polH2O (-1000 a 1000 mbar) 1 a 400 polH2O (2,5 a 1000 mbar) STF83F -100 a 100 psi (-7 a 7 bar) 1 a 100 psi (0,07 a 7 bar) Os transmissores oferecem os seguintes recursos: \u2022Press\u00e3o est\u00e1tica autom\u00e1tica e compensa\u00e7\u00e3o de temperatura \u2022 Alcance de at\u00e9 100:1 \u2022Recursos de exibi\u00e7\u00e3o local \u2022Zero externo, span e capacidade de configura\u00e7\u00e3o \u2022Conex\u00f5es el\u00e9tricas insens\u00edveis \u00e0 polaridade \u2022Capacidades abrangentes de diagn\u00f3stico a bordo \u2022Projeto de veda\u00e7\u00e3o dupla integral para maior seguran\u00e7a com base em ANSI\/NFPA 70-202 e ANSI\/ISA 12.27.0 \u2022Prote\u00e7\u00e3o contra sobrepress\u00e3o de classe mundial \u2022Conformidade total com os requisitos SIL 2\/3 \u2022Design modular \u2022Garantia de 15 anos.\" \/>\n<meta property=\"og:url\" content=\"https:\/\/fullsolutions.info\/en\/product\/transmissores-de-pressao-com-montagem-em-flange-honeywell-smartline-st-800\/\" \/>\n<meta property=\"og:site_name\" content=\"Full Solutions\" \/>\n<meta property=\"article:modified_time\" content=\"2024-02-19T16:13:50+00:00\" \/>\n<meta property=\"og:image\" content=\"https:\/\/mlhff0prgoxu.i.optimole.com\/cb:s0sM.767\/w:auto\/h:auto\/q:mauto\/f:best\/https:\/\/fullsolutions.info\/wp-content\/uploads\/2024\/02\/Honeywell-SmartLine-ST-800-Flange-Mount-Pressure-Transmitters.jpeg\" \/>\n\t<meta property=\"og:image:width\" content=\"250\" \/>\n\t<meta property=\"og:image:height\" content=\"250\" \/>\n\t<meta property=\"og:image:type\" content=\"image\/jpeg\" \/>\n<meta name=\"twitter:card\" content=\"summary_large_image\" \/>\n<meta name=\"twitter:label1\" content=\"Est. reading time\" \/>\n\t<meta name=\"twitter:data1\" content=\"1 minute\" \/>\n<script type=\"application\/ld+json\" class=\"yoast-schema-graph\">{\"@context\":\"https:\/\/schema.org\",\"@graph\":[{\"@type\":\"WebPage\",\"@id\":\"https:\/\/fullsolutions.info\/produto\/transmissores-de-pressao-com-montagem-em-flange-honeywell-smartline-st-800\/\",\"url\":\"https:\/\/fullsolutions.info\/produto\/transmissores-de-pressao-com-montagem-em-flange-honeywell-smartline-st-800\/\",\"name\":\"Transmissores de press\u00e3o com montagem em flange Honeywell SmartLine ST 800 - Full Solutions\",\"isPartOf\":{\"@id\":\"https:\/\/fullsolutions.info\/#website\"},\"primaryImageOfPage\":{\"@id\":\"https:\/\/fullsolutions.info\/produto\/transmissores-de-pressao-com-montagem-em-flange-honeywell-smartline-st-800\/#primaryimage\"},\"image\":{\"@id\":\"https:\/\/fullsolutions.info\/produto\/transmissores-de-pressao-com-montagem-em-flange-honeywell-smartline-st-800\/#primaryimage\"},\"thumbnailUrl\":\"https:\/\/mlhff0prgoxu.i.optimole.com\/cb:s0sM.767\/w:auto\/h:auto\/q:mauto\/f:best\/https:\/\/fullsolutions.info\/wp-content\/uploads\/2024\/02\/Honeywell-SmartLine-ST-800-Flange-Mount-Pressure-Transmitters.jpeg\",\"datePublished\":\"2024-02-01T14:57:24+00:00\",\"dateModified\":\"2024-02-19T16:13:50+00:00\",\"breadcrumb\":{\"@id\":\"https:\/\/fullsolutions.info\/produto\/transmissores-de-pressao-com-montagem-em-flange-honeywell-smartline-st-800\/#breadcrumb\"},\"inLanguage\":\"en-US\",\"potentialAction\":[{\"@type\":\"ReadAction\",\"target\":[\"https:\/\/fullsolutions.info\/produto\/transmissores-de-pressao-com-montagem-em-flange-honeywell-smartline-st-800\/\"]}]},{\"@type\":\"ImageObject\",\"inLanguage\":\"en-US\",\"@id\":\"https:\/\/fullsolutions.info\/produto\/transmissores-de-pressao-com-montagem-em-flange-honeywell-smartline-st-800\/#primaryimage\",\"url\":\"https:\/\/mlhff0prgoxu.i.optimole.com\/cb:s0sM.767\/w:auto\/h:auto\/q:mauto\/f:best\/https:\/\/fullsolutions.info\/wp-content\/uploads\/2024\/02\/Honeywell-SmartLine-ST-800-Flange-Mount-Pressure-Transmitters.jpeg\",\"contentUrl\":\"https:\/\/mlhff0prgoxu.i.optimole.com\/cb:s0sM.767\/w:auto\/h:auto\/q:mauto\/f:best\/https:\/\/fullsolutions.info\/wp-content\/uploads\/2024\/02\/Honeywell-SmartLine-ST-800-Flange-Mount-Pressure-Transmitters.jpeg\",\"width\":250,\"height\":250},{\"@type\":\"BreadcrumbList\",\"@id\":\"https:\/\/fullsolutions.info\/produto\/transmissores-de-pressao-com-montagem-em-flange-honeywell-smartline-st-800\/#breadcrumb\",\"itemListElement\":[{\"@type\":\"ListItem\",\"position\":1,\"name\":\"In\u00edcio\",\"item\":\"https:\/\/fullsolutions.info\/\"},{\"@type\":\"ListItem\",\"position\":2,\"name\":\"Produtos\",\"item\":\"https:\/\/fullsolutions.info\/shop\/\"},{\"@type\":\"ListItem\",\"position\":3,\"name\":\"Transmissores de press\u00e3o com montagem em flange Honeywell SmartLine ST 800\"}]},{\"@type\":\"WebSite\",\"@id\":\"https:\/\/fullsolutions.info\/#website\",\"url\":\"https:\/\/fullsolutions.info\/\",\"name\":\"Full Solutions\",\"description\":\"Empresa na \u00c1rea de Procurement\",\"publisher\":{\"@id\":\"https:\/\/fullsolutions.info\/#organization\"},\"potentialAction\":[{\"@type\":\"SearchAction\",\"target\":{\"@type\":\"EntryPoint\",\"urlTemplate\":\"https:\/\/fullsolutions.info\/?s={search_term_string}\"},\"query-input\":{\"@type\":\"PropertyValueSpecification\",\"valueRequired\":true,\"valueName\":\"search_term_string\"}}],\"inLanguage\":\"en-US\"},{\"@type\":\"Organization\",\"@id\":\"https:\/\/fullsolutions.info\/#organization\",\"name\":\"Full Solutions\",\"url\":\"https:\/\/fullsolutions.info\/\",\"logo\":{\"@type\":\"ImageObject\",\"inLanguage\":\"en-US\",\"@id\":\"https:\/\/fullsolutions.info\/#\/schema\/logo\/image\/\",\"url\":\"https:\/\/mlhff0prgoxu.i.optimole.com\/cb:s0sM.767\/w:auto\/h:auto\/q:mauto\/f:best\/https:\/\/fullsolutions.info\/wp-content\/uploads\/2021\/07\/cropped-Design-sem-nome-300x193-1-e1627062664782.png\",\"contentUrl\":\"https:\/\/mlhff0prgoxu.i.optimole.com\/cb:s0sM.767\/w:auto\/h:auto\/q:mauto\/f:best\/https:\/\/fullsolutions.info\/wp-content\/uploads\/2021\/07\/cropped-Design-sem-nome-300x193-1-e1627062664782.png\",\"width\":202,\"height\":155,\"caption\":\"Full Solutions\"},\"image\":{\"@id\":\"https:\/\/fullsolutions.info\/#\/schema\/logo\/image\/\"},\"sameAs\":[\"https:\/\/www.linkedin.com\/company\/full-solutions-equipment\"]}]}<\/script>\n<!-- \/ Yoast SEO plugin. -->","yoast_head_json":{"title":"Transmissores de press\u00e3o com montagem em flange Honeywell SmartLine ST 800 - Full Solutions","robots":{"index":"index","follow":"follow","max-snippet":"max-snippet:-1","max-image-preview":"max-image-preview:large","max-video-preview":"max-video-preview:-1"},"canonical":"https:\/\/fullsolutions.info\/en\/product\/transmissores-de-pressao-com-montagem-em-flange-honeywell-smartline-st-800\/","og_locale":"en_US","og_type":"article","og_title":"Transmissores de press\u00e3o com montagem em flange Honeywell SmartLine ST 800 - Full Solutions","og_description":"Transmissores de press\u00e3o com montagem em flange Honeywell SmartLine ST 800 Os transmissores de press\u00e3o montados em flange SmartLine ST 800 podem ser instalados diretamente em um flange de tanque e s\u00e3o oferecidos com uma variedade de conex\u00f5es de tanque. As aplica\u00e7\u00f5es t\u00edpicas incluem medi\u00e7\u00e3o de n\u00edvel de alta precis\u00e3o em vasos pressurizados e n\u00e3o pressurizados nas ind\u00fastrias qu\u00edmica e de hidrocarbonetos. &nbsp; O que \u00e9? Os transmissores de press\u00e3o montados em flange ST 800 s\u00e3o ideais para aplica\u00e7\u00f5es cr\u00edticas, como transfer\u00eancia de cust\u00f3dia de g\u00e1s natural e balan\u00e7os de energia e materiais, onde a precis\u00e3o e a estabilidade s\u00e3o de extrema import\u00e2ncia. Quatro faixas de transmissores est\u00e3o dispon\u00edveis com a seguinte faixa e amplitude: STF828 -400 a 400 polH2O (-1000 a 1000 mbar) 4 a 400 polH2O (10 a 1000 mbar) STF832 -100 a 100 psi (-7 a 7 bar) 1 a 100 psi (0,07 a 7 bar) STF82F -400 a 400 polH2O (-1000 a 1000 mbar) 1 a 400 polH2O (2,5 a 1000 mbar) STF83F -100 a 100 psi (-7 a 7 bar) 1 a 100 psi (0,07 a 7 bar) Os transmissores oferecem os seguintes recursos: \u2022Press\u00e3o est\u00e1tica autom\u00e1tica e compensa\u00e7\u00e3o de temperatura \u2022 Alcance de at\u00e9 100:1 \u2022Recursos de exibi\u00e7\u00e3o local \u2022Zero externo, span e capacidade de configura\u00e7\u00e3o \u2022Conex\u00f5es el\u00e9tricas insens\u00edveis \u00e0 polaridade \u2022Capacidades abrangentes de diagn\u00f3stico a bordo \u2022Projeto de veda\u00e7\u00e3o dupla integral para maior seguran\u00e7a com base em ANSI\/NFPA 70-202 e ANSI\/ISA 12.27.0 \u2022Prote\u00e7\u00e3o contra sobrepress\u00e3o de classe mundial \u2022Conformidade total com os requisitos SIL 2\/3 \u2022Design modular \u2022Garantia de 15 anos.","og_url":"https:\/\/fullsolutions.info\/en\/product\/transmissores-de-pressao-com-montagem-em-flange-honeywell-smartline-st-800\/","og_site_name":"Full Solutions","article_modified_time":"2024-02-19T16:13:50+00:00","og_image":[{"width":250,"height":250,"url":"https:\/\/mlhff0prgoxu.i.optimole.com\/cb:s0sM.767\/w:auto\/h:auto\/q:mauto\/f:best\/https:\/\/fullsolutions.info\/wp-content\/uploads\/2024\/02\/Honeywell-SmartLine-ST-800-Flange-Mount-Pressure-Transmitters.jpeg","type":"image\/jpeg"}],"twitter_card":"summary_large_image","twitter_misc":{"Est. reading time":"1 minute"},"schema":{"@context":"https:\/\/schema.org","@graph":[{"@type":"WebPage","@id":"https:\/\/fullsolutions.info\/produto\/transmissores-de-pressao-com-montagem-em-flange-honeywell-smartline-st-800\/","url":"https:\/\/fullsolutions.info\/produto\/transmissores-de-pressao-com-montagem-em-flange-honeywell-smartline-st-800\/","name":"Transmissores de press\u00e3o com montagem em flange Honeywell SmartLine ST 800 - Full Solutions","isPartOf":{"@id":"https:\/\/fullsolutions.info\/#website"},"primaryImageOfPage":{"@id":"https:\/\/fullsolutions.info\/produto\/transmissores-de-pressao-com-montagem-em-flange-honeywell-smartline-st-800\/#primaryimage"},"image":{"@id":"https:\/\/fullsolutions.info\/produto\/transmissores-de-pressao-com-montagem-em-flange-honeywell-smartline-st-800\/#primaryimage"},"thumbnailUrl":"https:\/\/mlhff0prgoxu.i.optimole.com\/cb:s0sM.767\/w:auto\/h:auto\/q:mauto\/f:best\/https:\/\/fullsolutions.info\/wp-content\/uploads\/2024\/02\/Honeywell-SmartLine-ST-800-Flange-Mount-Pressure-Transmitters.jpeg","datePublished":"2024-02-01T14:57:24+00:00","dateModified":"2024-02-19T16:13:50+00:00","breadcrumb":{"@id":"https:\/\/fullsolutions.info\/produto\/transmissores-de-pressao-com-montagem-em-flange-honeywell-smartline-st-800\/#breadcrumb"},"inLanguage":"en-US","potentialAction":[{"@type":"ReadAction","target":["https:\/\/fullsolutions.info\/produto\/transmissores-de-pressao-com-montagem-em-flange-honeywell-smartline-st-800\/"]}]},{"@type":"ImageObject","inLanguage":"en-US","@id":"https:\/\/fullsolutions.info\/produto\/transmissores-de-pressao-com-montagem-em-flange-honeywell-smartline-st-800\/#primaryimage","url":"https:\/\/mlhff0prgoxu.i.optimole.com\/cb:s0sM.767\/w:auto\/h:auto\/q:mauto\/f:best\/https:\/\/fullsolutions.info\/wp-content\/uploads\/2024\/02\/Honeywell-SmartLine-ST-800-Flange-Mount-Pressure-Transmitters.jpeg","contentUrl":"https:\/\/mlhff0prgoxu.i.optimole.com\/cb:s0sM.767\/w:auto\/h:auto\/q:mauto\/f:best\/https:\/\/fullsolutions.info\/wp-content\/uploads\/2024\/02\/Honeywell-SmartLine-ST-800-Flange-Mount-Pressure-Transmitters.jpeg","width":250,"height":250},{"@type":"BreadcrumbList","@id":"https:\/\/fullsolutions.info\/produto\/transmissores-de-pressao-com-montagem-em-flange-honeywell-smartline-st-800\/#breadcrumb","itemListElement":[{"@type":"ListItem","position":1,"name":"In\u00edcio","item":"https:\/\/fullsolutions.info\/"},{"@type":"ListItem","position":2,"name":"Produtos","item":"https:\/\/fullsolutions.info\/shop\/"},{"@type":"ListItem","position":3,"name":"Transmissores de press\u00e3o com montagem em flange Honeywell SmartLine ST 800"}]},{"@type":"WebSite","@id":"https:\/\/fullsolutions.info\/#website","url":"https:\/\/fullsolutions.info\/","name":"Full Solutions","description":"Empresa na \u00c1rea de Procurement","publisher":{"@id":"https:\/\/fullsolutions.info\/#organization"},"potentialAction":[{"@type":"SearchAction","target":{"@type":"EntryPoint","urlTemplate":"https:\/\/fullsolutions.info\/?s={search_term_string}"},"query-input":{"@type":"PropertyValueSpecification","valueRequired":true,"valueName":"search_term_string"}}],"inLanguage":"en-US"},{"@type":"Organization","@id":"https:\/\/fullsolutions.info\/#organization","name":"Full Solutions","url":"https:\/\/fullsolutions.info\/","logo":{"@type":"ImageObject","inLanguage":"en-US","@id":"https:\/\/fullsolutions.info\/#\/schema\/logo\/image\/","url":"https:\/\/mlhff0prgoxu.i.optimole.com\/cb:s0sM.767\/w:auto\/h:auto\/q:mauto\/f:best\/https:\/\/fullsolutions.info\/wp-content\/uploads\/2021\/07\/cropped-Design-sem-nome-300x193-1-e1627062664782.png","contentUrl":"https:\/\/mlhff0prgoxu.i.optimole.com\/cb:s0sM.767\/w:auto\/h:auto\/q:mauto\/f:best\/https:\/\/fullsolutions.info\/wp-content\/uploads\/2021\/07\/cropped-Design-sem-nome-300x193-1-e1627062664782.png","width":202,"height":155,"caption":"Full Solutions"},"image":{"@id":"https:\/\/fullsolutions.info\/#\/schema\/logo\/image\/"},"sameAs":["https:\/\/www.linkedin.com\/company\/full-solutions-equipment"]}]}},"_links":{"self":[{"href":"https:\/\/fullsolutions.info\/en\/wp-json\/wp\/v2\/product\/4140","targetHints":{"allow":["GET"]}}],"collection":[{"href":"https:\/\/fullsolutions.info\/en\/wp-json\/wp\/v2\/product"}],"about":[{"href":"https:\/\/fullsolutions.info\/en\/wp-json\/wp\/v2\/types\/product"}],"replies":[{"embeddable":true,"href":"https:\/\/fullsolutions.info\/en\/wp-json\/wp\/v2\/comments?post=4140"}],"wp:featuredmedia":[{"embeddable":true,"href":"https:\/\/fullsolutions.info\/en\/wp-json\/wp\/v2\/media\/4141"}],"wp:attachment":[{"href":"https:\/\/fullsolutions.info\/en\/wp-json\/wp\/v2\/media?parent=4140"}],"wp:term":[{"taxonomy":"product_brand","embeddable":true,"href":"https:\/\/fullsolutions.info\/en\/wp-json\/wp\/v2\/product_brand?post=4140"},{"taxonomy":"product_cat","embeddable":true,"href":"https:\/\/fullsolutions.info\/en\/wp-json\/wp\/v2\/product_cat?post=4140"},{"taxonomy":"product_tag","embeddable":true,"href":"https:\/\/fullsolutions.info\/en\/wp-json\/wp\/v2\/product_tag?post=4140"},{"taxonomy":"marca","embeddable":true,"href":"https:\/\/fullsolutions.info\/en\/wp-json\/wp\/v2\/marca?post=4140"}],"curies":[{"name":"wp","href":"https:\/\/api.w.org\/{rel}","templated":true}]}}