{"id":4138,"date":"2024-02-01T14:55:58","date_gmt":"2024-02-01T14:55:58","guid":{"rendered":"https:\/\/fullsolutionsequip.com\/?post_type=product&#038;p=4138"},"modified":"2024-02-19T16:13:50","modified_gmt":"2024-02-19T16:13:50","slug":"transmissores-de-pressao-manometrica-honeywell-smartline-st-800","status":"publish","type":"product","link":"https:\/\/fullsolutions.info\/en\/product\/transmissores-de-pressao-manometrica-honeywell-smartline-st-800\/","title":{"rendered":"Transmissores de press\u00e3o manom\u00e9trica Honeywell SmartLine ST 800"},"content":{"rendered":"<p>Transmissores de press\u00e3o manom\u00e9trica Honeywell SmartLine ST 800<br \/>\nOs transmissores de press\u00e3o manom\u00e9trica SmartLine ST 800 oferecem desempenho excepcional e s\u00e3o ideais para medi\u00e7\u00f5es de alta press\u00e3o em caldeiras e alimenta\u00e7\u00f5es de combust\u00edvel, al\u00e9m de aplica\u00e7\u00f5es de medi\u00e7\u00e3o de n\u00edvel de tanques com uma temperatura de processo relativamente alta. Modelos de cabe\u00e7ote duplo e em linha est\u00e3o dispon\u00edveis para atender aos requisitos de interface de processo dos usu\u00e1rios.<\/p>\n<p>&nbsp;<\/p>\n<p>O que \u00e9?<br \/>\nOs transmissores de press\u00e3o manom\u00e9trica de cabe\u00e7ote duplo ST 800 s\u00e3o adequados para aplica\u00e7\u00f5es que exigem flanges pequenos ou conex\u00f5es NPT de 1\/2\u201d. As aplica\u00e7\u00f5es t\u00edpicas incluem medi\u00e7\u00e3o de press\u00e3o manom\u00e9trica de vasos de rea\u00e7\u00e3o na ind\u00fastria qu\u00edmica e aplica\u00e7\u00f5es de n\u00edvel com temperaturas de processo de at\u00e9 302\u00b0F\/150\u00b0C.<\/p>\n<p>Os transmissores em linha s\u00e3o parafusados \u200b\u200bdiretamente em um niple NPT macho de 1\/2\u201d e podem ser instalados em ambientes perigosos para medi\u00e7\u00e3o de press\u00e3o precisa e repet\u00edvel. As aplica\u00e7\u00f5es t\u00edpicas incluem medi\u00e7\u00e3o de alta press\u00e3o em caldeiras, alimenta\u00e7\u00f5es de combust\u00edvel e vasos de rea\u00e7\u00e3o de alta press\u00e3o nas ind\u00fastrias petroqu\u00edmica e de recupera\u00e7\u00e3o de hidrocarbonetos.<\/p>\n<p>Os seguintes modelos est\u00e3o dispon\u00edveis para implanta\u00e7\u00e3o:<\/p>\n<p>\u2022 STG840\/STG84L 0-500 psi 0-35 bar<br \/>\n\u2022 STG870\/STG87L 0-3.000 psi 0-210 bar<br \/>\n\u2022 STG88L 0-6.000 psi 0-415 bar<br \/>\n\u2022 STG89L 0-10.000 psi 0-690 bar<\/p>","protected":false},"excerpt":{"rendered":"<p>Transmissores de press\u00e3o manom\u00e9trica Honeywell SmartLine ST 800 Os transmissores de press\u00e3o manom\u00e9trica SmartLine ST 800 oferecem desempenho excepcional e s\u00e3o ideais para medi\u00e7\u00f5es de alta press\u00e3o em caldeiras e alimenta\u00e7\u00f5es de combust\u00edvel, al\u00e9m de aplica\u00e7\u00f5es de medi\u00e7\u00e3o de n\u00edvel de tanques com uma temperatura de processo relativamente alta. Modelos de cabe\u00e7ote duplo e em linha est\u00e3o dispon\u00edveis para atender aos requisitos de interface de processo dos usu\u00e1rios. &nbsp; O que \u00e9? Os transmissores de press\u00e3o manom\u00e9trica de cabe\u00e7ote duplo ST 800 s\u00e3o adequados para aplica\u00e7\u00f5es que exigem flanges pequenos ou conex\u00f5es NPT de 1\/2\u201d. As aplica\u00e7\u00f5es t\u00edpicas incluem medi\u00e7\u00e3o de press\u00e3o manom\u00e9trica de vasos de rea\u00e7\u00e3o na ind\u00fastria qu\u00edmica e aplica\u00e7\u00f5es de n\u00edvel com temperaturas de processo de at\u00e9 302\u00b0F\/150\u00b0C. Os transmissores em linha s\u00e3o parafusados \u200b\u200bdiretamente em um niple NPT macho de 1\/2\u201d e podem ser instalados em ambientes perigosos para medi\u00e7\u00e3o de press\u00e3o precisa e repet\u00edvel. As aplica\u00e7\u00f5es t\u00edpicas incluem medi\u00e7\u00e3o de alta press\u00e3o em caldeiras, alimenta\u00e7\u00f5es de combust\u00edvel e vasos de rea\u00e7\u00e3o de alta press\u00e3o nas ind\u00fastrias petroqu\u00edmica e de recupera\u00e7\u00e3o de hidrocarbonetos. Os seguintes modelos est\u00e3o dispon\u00edveis para implanta\u00e7\u00e3o: \u2022 STG840\/STG84L 0-500 psi 0-35 bar \u2022 STG870\/STG87L 0-3.000 psi 0-210 bar \u2022 STG88L 0-6.000 psi 0-415 bar \u2022 STG89L 0-10.000 psi 0-690 bar<\/p>","protected":false},"featured_media":4139,"comment_status":"open","ping_status":"closed","template":"","meta":{"_joinchat":[]},"product_brand":[],"product_cat":[140],"product_tag":[],"marca":[142],"class_list":{"0":"post-4138","1":"product","2":"type-product","3":"status-publish","4":"has-post-thumbnail","6":"product_cat-transmissores","7":"marca-honeywell","9":"first","10":"instock","11":"shipping-taxable","12":"purchasable","13":"product-type-simple"},"yoast_head":"<!-- This site is optimized with the Yoast SEO plugin v27.2 - https:\/\/yoast.com\/product\/yoast-seo-wordpress\/ -->\n<title>Transmissores de press\u00e3o manom\u00e9trica Honeywell SmartLine ST 800 - Full Solutions<\/title>\n<meta name=\"robots\" content=\"index, follow, max-snippet:-1, max-image-preview:large, max-video-preview:-1\" \/>\n<link rel=\"canonical\" href=\"https:\/\/fullsolutions.info\/en\/product\/transmissores-de-pressao-manometrica-honeywell-smartline-st-800\/\" \/>\n<meta property=\"og:locale\" content=\"en_US\" \/>\n<meta property=\"og:type\" content=\"article\" \/>\n<meta property=\"og:title\" content=\"Transmissores de press\u00e3o manom\u00e9trica Honeywell SmartLine ST 800 - Full Solutions\" \/>\n<meta property=\"og:description\" content=\"Transmissores de press\u00e3o manom\u00e9trica Honeywell SmartLine ST 800 Os transmissores de press\u00e3o manom\u00e9trica SmartLine ST 800 oferecem desempenho excepcional e s\u00e3o ideais para medi\u00e7\u00f5es de alta press\u00e3o em caldeiras e alimenta\u00e7\u00f5es de combust\u00edvel, al\u00e9m de aplica\u00e7\u00f5es de medi\u00e7\u00e3o de n\u00edvel de tanques com uma temperatura de processo relativamente alta. Modelos de cabe\u00e7ote duplo e em linha est\u00e3o dispon\u00edveis para atender aos requisitos de interface de processo dos usu\u00e1rios. &nbsp; O que \u00e9? Os transmissores de press\u00e3o manom\u00e9trica de cabe\u00e7ote duplo ST 800 s\u00e3o adequados para aplica\u00e7\u00f5es que exigem flanges pequenos ou conex\u00f5es NPT de 1\/2\u201d. As aplica\u00e7\u00f5es t\u00edpicas incluem medi\u00e7\u00e3o de press\u00e3o manom\u00e9trica de vasos de rea\u00e7\u00e3o na ind\u00fastria qu\u00edmica e aplica\u00e7\u00f5es de n\u00edvel com temperaturas de processo de at\u00e9 302\u00b0F\/150\u00b0C. Os transmissores em linha s\u00e3o parafusados \u200b\u200bdiretamente em um niple NPT macho de 1\/2\u201d e podem ser instalados em ambientes perigosos para medi\u00e7\u00e3o de press\u00e3o precisa e repet\u00edvel. As aplica\u00e7\u00f5es t\u00edpicas incluem medi\u00e7\u00e3o de alta press\u00e3o em caldeiras, alimenta\u00e7\u00f5es de combust\u00edvel e vasos de rea\u00e7\u00e3o de alta press\u00e3o nas ind\u00fastrias petroqu\u00edmica e de recupera\u00e7\u00e3o de hidrocarbonetos. Os seguintes modelos est\u00e3o dispon\u00edveis para implanta\u00e7\u00e3o: \u2022 STG840\/STG84L 0-500 psi 0-35 bar \u2022 STG870\/STG87L 0-3.000 psi 0-210 bar \u2022 STG88L 0-6.000 psi 0-415 bar \u2022 STG89L 0-10.000 psi 0-690 bar\" \/>\n<meta property=\"og:url\" content=\"https:\/\/fullsolutions.info\/en\/product\/transmissores-de-pressao-manometrica-honeywell-smartline-st-800\/\" \/>\n<meta property=\"og:site_name\" content=\"Full Solutions\" \/>\n<meta property=\"article:modified_time\" content=\"2024-02-19T16:13:50+00:00\" \/>\n<meta property=\"og:image\" content=\"https:\/\/mlhff0prgoxu.i.optimole.com\/cb:s0sM.767\/w:auto\/h:auto\/q:mauto\/f:best\/https:\/\/fullsolutions.info\/wp-content\/uploads\/2024\/02\/Honeywell-SmartLine-ST-800-Gauge-Pressure-Transmitters.jpeg\" \/>\n\t<meta property=\"og:image:width\" content=\"250\" \/>\n\t<meta property=\"og:image:height\" content=\"250\" \/>\n\t<meta property=\"og:image:type\" content=\"image\/jpeg\" \/>\n<meta name=\"twitter:card\" content=\"summary_large_image\" \/>\n<meta name=\"twitter:label1\" content=\"Est. reading time\" \/>\n\t<meta name=\"twitter:data1\" content=\"1 minute\" \/>\n<script type=\"application\/ld+json\" class=\"yoast-schema-graph\">{\"@context\":\"https:\/\/schema.org\",\"@graph\":[{\"@type\":\"WebPage\",\"@id\":\"https:\/\/fullsolutions.info\/produto\/transmissores-de-pressao-manometrica-honeywell-smartline-st-800\/\",\"url\":\"https:\/\/fullsolutions.info\/produto\/transmissores-de-pressao-manometrica-honeywell-smartline-st-800\/\",\"name\":\"Transmissores de press\u00e3o manom\u00e9trica Honeywell SmartLine ST 800 - Full Solutions\",\"isPartOf\":{\"@id\":\"https:\/\/fullsolutions.info\/#website\"},\"primaryImageOfPage\":{\"@id\":\"https:\/\/fullsolutions.info\/produto\/transmissores-de-pressao-manometrica-honeywell-smartline-st-800\/#primaryimage\"},\"image\":{\"@id\":\"https:\/\/fullsolutions.info\/produto\/transmissores-de-pressao-manometrica-honeywell-smartline-st-800\/#primaryimage\"},\"thumbnailUrl\":\"https:\/\/mlhff0prgoxu.i.optimole.com\/cb:s0sM.767\/w:auto\/h:auto\/q:mauto\/f:best\/https:\/\/fullsolutions.info\/wp-content\/uploads\/2024\/02\/Honeywell-SmartLine-ST-800-Gauge-Pressure-Transmitters.jpeg\",\"datePublished\":\"2024-02-01T14:55:58+00:00\",\"dateModified\":\"2024-02-19T16:13:50+00:00\",\"breadcrumb\":{\"@id\":\"https:\/\/fullsolutions.info\/produto\/transmissores-de-pressao-manometrica-honeywell-smartline-st-800\/#breadcrumb\"},\"inLanguage\":\"en-US\",\"potentialAction\":[{\"@type\":\"ReadAction\",\"target\":[\"https:\/\/fullsolutions.info\/produto\/transmissores-de-pressao-manometrica-honeywell-smartline-st-800\/\"]}]},{\"@type\":\"ImageObject\",\"inLanguage\":\"en-US\",\"@id\":\"https:\/\/fullsolutions.info\/produto\/transmissores-de-pressao-manometrica-honeywell-smartline-st-800\/#primaryimage\",\"url\":\"https:\/\/mlhff0prgoxu.i.optimole.com\/cb:s0sM.767\/w:auto\/h:auto\/q:mauto\/f:best\/https:\/\/fullsolutions.info\/wp-content\/uploads\/2024\/02\/Honeywell-SmartLine-ST-800-Gauge-Pressure-Transmitters.jpeg\",\"contentUrl\":\"https:\/\/mlhff0prgoxu.i.optimole.com\/cb:s0sM.767\/w:auto\/h:auto\/q:mauto\/f:best\/https:\/\/fullsolutions.info\/wp-content\/uploads\/2024\/02\/Honeywell-SmartLine-ST-800-Gauge-Pressure-Transmitters.jpeg\",\"width\":250,\"height\":250},{\"@type\":\"BreadcrumbList\",\"@id\":\"https:\/\/fullsolutions.info\/produto\/transmissores-de-pressao-manometrica-honeywell-smartline-st-800\/#breadcrumb\",\"itemListElement\":[{\"@type\":\"ListItem\",\"position\":1,\"name\":\"In\u00edcio\",\"item\":\"https:\/\/fullsolutions.info\/\"},{\"@type\":\"ListItem\",\"position\":2,\"name\":\"Produtos\",\"item\":\"https:\/\/fullsolutions.info\/shop\/\"},{\"@type\":\"ListItem\",\"position\":3,\"name\":\"Transmissores de press\u00e3o manom\u00e9trica Honeywell SmartLine ST 800\"}]},{\"@type\":\"WebSite\",\"@id\":\"https:\/\/fullsolutions.info\/#website\",\"url\":\"https:\/\/fullsolutions.info\/\",\"name\":\"Full Solutions\",\"description\":\"Empresa na \u00c1rea de Procurement\",\"publisher\":{\"@id\":\"https:\/\/fullsolutions.info\/#organization\"},\"potentialAction\":[{\"@type\":\"SearchAction\",\"target\":{\"@type\":\"EntryPoint\",\"urlTemplate\":\"https:\/\/fullsolutions.info\/?s={search_term_string}\"},\"query-input\":{\"@type\":\"PropertyValueSpecification\",\"valueRequired\":true,\"valueName\":\"search_term_string\"}}],\"inLanguage\":\"en-US\"},{\"@type\":\"Organization\",\"@id\":\"https:\/\/fullsolutions.info\/#organization\",\"name\":\"Full Solutions\",\"url\":\"https:\/\/fullsolutions.info\/\",\"logo\":{\"@type\":\"ImageObject\",\"inLanguage\":\"en-US\",\"@id\":\"https:\/\/fullsolutions.info\/#\/schema\/logo\/image\/\",\"url\":\"https:\/\/mlhff0prgoxu.i.optimole.com\/cb:s0sM.767\/w:auto\/h:auto\/q:mauto\/f:best\/https:\/\/fullsolutions.info\/wp-content\/uploads\/2021\/07\/cropped-Design-sem-nome-300x193-1-e1627062664782.png\",\"contentUrl\":\"https:\/\/mlhff0prgoxu.i.optimole.com\/cb:s0sM.767\/w:auto\/h:auto\/q:mauto\/f:best\/https:\/\/fullsolutions.info\/wp-content\/uploads\/2021\/07\/cropped-Design-sem-nome-300x193-1-e1627062664782.png\",\"width\":202,\"height\":155,\"caption\":\"Full Solutions\"},\"image\":{\"@id\":\"https:\/\/fullsolutions.info\/#\/schema\/logo\/image\/\"},\"sameAs\":[\"https:\/\/www.linkedin.com\/company\/full-solutions-equipment\"]}]}<\/script>\n<!-- \/ Yoast SEO plugin. -->","yoast_head_json":{"title":"Transmissores de press\u00e3o manom\u00e9trica Honeywell SmartLine ST 800 - Full Solutions","robots":{"index":"index","follow":"follow","max-snippet":"max-snippet:-1","max-image-preview":"max-image-preview:large","max-video-preview":"max-video-preview:-1"},"canonical":"https:\/\/fullsolutions.info\/en\/product\/transmissores-de-pressao-manometrica-honeywell-smartline-st-800\/","og_locale":"en_US","og_type":"article","og_title":"Transmissores de press\u00e3o manom\u00e9trica Honeywell SmartLine ST 800 - Full Solutions","og_description":"Transmissores de press\u00e3o manom\u00e9trica Honeywell SmartLine ST 800 Os transmissores de press\u00e3o manom\u00e9trica SmartLine ST 800 oferecem desempenho excepcional e s\u00e3o ideais para medi\u00e7\u00f5es de alta press\u00e3o em caldeiras e alimenta\u00e7\u00f5es de combust\u00edvel, al\u00e9m de aplica\u00e7\u00f5es de medi\u00e7\u00e3o de n\u00edvel de tanques com uma temperatura de processo relativamente alta. Modelos de cabe\u00e7ote duplo e em linha est\u00e3o dispon\u00edveis para atender aos requisitos de interface de processo dos usu\u00e1rios. &nbsp; O que \u00e9? Os transmissores de press\u00e3o manom\u00e9trica de cabe\u00e7ote duplo ST 800 s\u00e3o adequados para aplica\u00e7\u00f5es que exigem flanges pequenos ou conex\u00f5es NPT de 1\/2\u201d. As aplica\u00e7\u00f5es t\u00edpicas incluem medi\u00e7\u00e3o de press\u00e3o manom\u00e9trica de vasos de rea\u00e7\u00e3o na ind\u00fastria qu\u00edmica e aplica\u00e7\u00f5es de n\u00edvel com temperaturas de processo de at\u00e9 302\u00b0F\/150\u00b0C. Os transmissores em linha s\u00e3o parafusados \u200b\u200bdiretamente em um niple NPT macho de 1\/2\u201d e podem ser instalados em ambientes perigosos para medi\u00e7\u00e3o de press\u00e3o precisa e repet\u00edvel. As aplica\u00e7\u00f5es t\u00edpicas incluem medi\u00e7\u00e3o de alta press\u00e3o em caldeiras, alimenta\u00e7\u00f5es de combust\u00edvel e vasos de rea\u00e7\u00e3o de alta press\u00e3o nas ind\u00fastrias petroqu\u00edmica e de recupera\u00e7\u00e3o de hidrocarbonetos. Os seguintes modelos est\u00e3o dispon\u00edveis para implanta\u00e7\u00e3o: \u2022 STG840\/STG84L 0-500 psi 0-35 bar \u2022 STG870\/STG87L 0-3.000 psi 0-210 bar \u2022 STG88L 0-6.000 psi 0-415 bar \u2022 STG89L 0-10.000 psi 0-690 bar","og_url":"https:\/\/fullsolutions.info\/en\/product\/transmissores-de-pressao-manometrica-honeywell-smartline-st-800\/","og_site_name":"Full Solutions","article_modified_time":"2024-02-19T16:13:50+00:00","og_image":[{"width":250,"height":250,"url":"https:\/\/mlhff0prgoxu.i.optimole.com\/cb:s0sM.767\/w:auto\/h:auto\/q:mauto\/f:best\/https:\/\/fullsolutions.info\/wp-content\/uploads\/2024\/02\/Honeywell-SmartLine-ST-800-Gauge-Pressure-Transmitters.jpeg","type":"image\/jpeg"}],"twitter_card":"summary_large_image","twitter_misc":{"Est. reading time":"1 minute"},"schema":{"@context":"https:\/\/schema.org","@graph":[{"@type":"WebPage","@id":"https:\/\/fullsolutions.info\/produto\/transmissores-de-pressao-manometrica-honeywell-smartline-st-800\/","url":"https:\/\/fullsolutions.info\/produto\/transmissores-de-pressao-manometrica-honeywell-smartline-st-800\/","name":"Transmissores de press\u00e3o manom\u00e9trica Honeywell SmartLine ST 800 - Full Solutions","isPartOf":{"@id":"https:\/\/fullsolutions.info\/#website"},"primaryImageOfPage":{"@id":"https:\/\/fullsolutions.info\/produto\/transmissores-de-pressao-manometrica-honeywell-smartline-st-800\/#primaryimage"},"image":{"@id":"https:\/\/fullsolutions.info\/produto\/transmissores-de-pressao-manometrica-honeywell-smartline-st-800\/#primaryimage"},"thumbnailUrl":"https:\/\/mlhff0prgoxu.i.optimole.com\/cb:s0sM.767\/w:auto\/h:auto\/q:mauto\/f:best\/https:\/\/fullsolutions.info\/wp-content\/uploads\/2024\/02\/Honeywell-SmartLine-ST-800-Gauge-Pressure-Transmitters.jpeg","datePublished":"2024-02-01T14:55:58+00:00","dateModified":"2024-02-19T16:13:50+00:00","breadcrumb":{"@id":"https:\/\/fullsolutions.info\/produto\/transmissores-de-pressao-manometrica-honeywell-smartline-st-800\/#breadcrumb"},"inLanguage":"en-US","potentialAction":[{"@type":"ReadAction","target":["https:\/\/fullsolutions.info\/produto\/transmissores-de-pressao-manometrica-honeywell-smartline-st-800\/"]}]},{"@type":"ImageObject","inLanguage":"en-US","@id":"https:\/\/fullsolutions.info\/produto\/transmissores-de-pressao-manometrica-honeywell-smartline-st-800\/#primaryimage","url":"https:\/\/mlhff0prgoxu.i.optimole.com\/cb:s0sM.767\/w:auto\/h:auto\/q:mauto\/f:best\/https:\/\/fullsolutions.info\/wp-content\/uploads\/2024\/02\/Honeywell-SmartLine-ST-800-Gauge-Pressure-Transmitters.jpeg","contentUrl":"https:\/\/mlhff0prgoxu.i.optimole.com\/cb:s0sM.767\/w:auto\/h:auto\/q:mauto\/f:best\/https:\/\/fullsolutions.info\/wp-content\/uploads\/2024\/02\/Honeywell-SmartLine-ST-800-Gauge-Pressure-Transmitters.jpeg","width":250,"height":250},{"@type":"BreadcrumbList","@id":"https:\/\/fullsolutions.info\/produto\/transmissores-de-pressao-manometrica-honeywell-smartline-st-800\/#breadcrumb","itemListElement":[{"@type":"ListItem","position":1,"name":"In\u00edcio","item":"https:\/\/fullsolutions.info\/"},{"@type":"ListItem","position":2,"name":"Produtos","item":"https:\/\/fullsolutions.info\/shop\/"},{"@type":"ListItem","position":3,"name":"Transmissores de press\u00e3o manom\u00e9trica Honeywell SmartLine ST 800"}]},{"@type":"WebSite","@id":"https:\/\/fullsolutions.info\/#website","url":"https:\/\/fullsolutions.info\/","name":"Full Solutions","description":"Empresa na \u00c1rea de Procurement","publisher":{"@id":"https:\/\/fullsolutions.info\/#organization"},"potentialAction":[{"@type":"SearchAction","target":{"@type":"EntryPoint","urlTemplate":"https:\/\/fullsolutions.info\/?s={search_term_string}"},"query-input":{"@type":"PropertyValueSpecification","valueRequired":true,"valueName":"search_term_string"}}],"inLanguage":"en-US"},{"@type":"Organization","@id":"https:\/\/fullsolutions.info\/#organization","name":"Full Solutions","url":"https:\/\/fullsolutions.info\/","logo":{"@type":"ImageObject","inLanguage":"en-US","@id":"https:\/\/fullsolutions.info\/#\/schema\/logo\/image\/","url":"https:\/\/mlhff0prgoxu.i.optimole.com\/cb:s0sM.767\/w:auto\/h:auto\/q:mauto\/f:best\/https:\/\/fullsolutions.info\/wp-content\/uploads\/2021\/07\/cropped-Design-sem-nome-300x193-1-e1627062664782.png","contentUrl":"https:\/\/mlhff0prgoxu.i.optimole.com\/cb:s0sM.767\/w:auto\/h:auto\/q:mauto\/f:best\/https:\/\/fullsolutions.info\/wp-content\/uploads\/2021\/07\/cropped-Design-sem-nome-300x193-1-e1627062664782.png","width":202,"height":155,"caption":"Full Solutions"},"image":{"@id":"https:\/\/fullsolutions.info\/#\/schema\/logo\/image\/"},"sameAs":["https:\/\/www.linkedin.com\/company\/full-solutions-equipment"]}]}},"_links":{"self":[{"href":"https:\/\/fullsolutions.info\/en\/wp-json\/wp\/v2\/product\/4138","targetHints":{"allow":["GET"]}}],"collection":[{"href":"https:\/\/fullsolutions.info\/en\/wp-json\/wp\/v2\/product"}],"about":[{"href":"https:\/\/fullsolutions.info\/en\/wp-json\/wp\/v2\/types\/product"}],"replies":[{"embeddable":true,"href":"https:\/\/fullsolutions.info\/en\/wp-json\/wp\/v2\/comments?post=4138"}],"wp:featuredmedia":[{"embeddable":true,"href":"https:\/\/fullsolutions.info\/en\/wp-json\/wp\/v2\/media\/4139"}],"wp:attachment":[{"href":"https:\/\/fullsolutions.info\/en\/wp-json\/wp\/v2\/media?parent=4138"}],"wp:term":[{"taxonomy":"product_brand","embeddable":true,"href":"https:\/\/fullsolutions.info\/en\/wp-json\/wp\/v2\/product_brand?post=4138"},{"taxonomy":"product_cat","embeddable":true,"href":"https:\/\/fullsolutions.info\/en\/wp-json\/wp\/v2\/product_cat?post=4138"},{"taxonomy":"product_tag","embeddable":true,"href":"https:\/\/fullsolutions.info\/en\/wp-json\/wp\/v2\/product_tag?post=4138"},{"taxonomy":"marca","embeddable":true,"href":"https:\/\/fullsolutions.info\/en\/wp-json\/wp\/v2\/marca?post=4138"}],"curies":[{"name":"wp","href":"https:\/\/api.w.org\/{rel}","templated":true}]}}