{"id":4136,"date":"2024-02-01T14:52:17","date_gmt":"2024-02-01T14:52:17","guid":{"rendered":"https:\/\/fullsolutionsequip.com\/?post_type=product&#038;p=4136"},"modified":"2024-02-19T16:13:50","modified_gmt":"2024-02-19T16:13:50","slug":"transmissores-remotos-de-selo-de-diafragma-smartline-st-800","status":"publish","type":"product","link":"https:\/\/fullsolutions.info\/en\/product\/transmissores-remotos-de-selo-de-diafragma-smartline-st-800\/","title":{"rendered":"Transmissores remotos de selo de diafragma SmartLine ST 800"},"content":{"rendered":"<p>Transmissores de selo de diafragma remoto Honeywell SmartLine ST 800<br \/>\nOs transmissores de selo de diafragma remoto SmartLine ST 800 fornecem medi\u00e7\u00f5es precisas para uma ampla variedade de aplica\u00e7\u00f5es que envolvem fluidos de processo corrosivos ou de alta temperatura. As aplica\u00e7\u00f5es t\u00edpicas incluem medi\u00e7\u00e3o de n\u00edvel de alta precis\u00e3o em vasos pressurizados no processamento de hidrocarbonetos e medi\u00e7\u00e3o de vaz\u00e3o de polpas e fluidos de processo de alta viscosidade em f\u00e1bricas de produtos qu\u00edmicos.<\/p>\n<p>O que \u00e9?<br \/>\nA Honeywell oferece os seguintes transmissores de selo de diafragma remoto ST 800:<\/p>\n<p>\u2022 Veda\u00e7\u00f5es de flange niveladas<br \/>\n\u2022 Veda\u00e7\u00e3o de flange com diafragma estendido<br \/>\n\u2022 Selos de panqueca<br \/>\n\u2022 Selos sanit\u00e1rios<br \/>\n\u2022 Cunha \u201ctaylor\u201d do tee qu\u00edmico<br \/>\n\u2022 Veda\u00e7\u00f5es com conex\u00f5es de processo rosqueadas<br \/>\n\u2022 Veda\u00e7\u00f5es de sela<br \/>\n\u2022 An\u00e9is de calibra\u00e7\u00e3o<br \/>\n\u2022 Armadura de a\u00e7o inoxid\u00e1vel e capilares de armadura de a\u00e7o inoxid\u00e1vel revestidos de pvc<br \/>\n\u2022 Niples de a\u00e7o inoxid\u00e1vel de 2\u201d<br \/>\n\u2022 Corpo do medidor soldado<\/p>\n<p>Cinco s\u00e9ries de transmissores est\u00e3o dispon\u00edveis:<\/p>\n<p>STR82D: 0-10 a 0-400 polH2O 0-25 a 0-1000 mbar<br \/>\nSTR83D: 0-5 a 0-100 psid 0-0,35 a 0-7 bar<br \/>\nSTR84G: 0-5 a 0-500 psig 0-0,35 a 0-35 bar<br \/>\nSTR87G: 0-100 a 0-3000 psig 0-7 a 0-210 bar<br \/>\nSTR84A: 0-5 a 0-500 psia 0-0,35 a 0-35 barA<\/p>","protected":false},"excerpt":{"rendered":"<p>Transmissores de selo de diafragma remoto Honeywell SmartLine ST 800 Os transmissores de selo de diafragma remoto SmartLine ST 800 fornecem medi\u00e7\u00f5es precisas para uma ampla variedade de aplica\u00e7\u00f5es que envolvem fluidos de processo corrosivos ou de alta temperatura. As aplica\u00e7\u00f5es t\u00edpicas incluem medi\u00e7\u00e3o de n\u00edvel de alta precis\u00e3o em vasos pressurizados no processamento de hidrocarbonetos e medi\u00e7\u00e3o de vaz\u00e3o de polpas e fluidos de processo de alta viscosidade em f\u00e1bricas de produtos qu\u00edmicos. O que \u00e9? A Honeywell oferece os seguintes transmissores de selo de diafragma remoto ST 800: \u2022 Veda\u00e7\u00f5es de flange niveladas \u2022 Veda\u00e7\u00e3o de flange com diafragma estendido \u2022 Selos de panqueca \u2022 Selos sanit\u00e1rios \u2022 Cunha \u201ctaylor\u201d do tee qu\u00edmico \u2022 Veda\u00e7\u00f5es com conex\u00f5es de processo rosqueadas \u2022 Veda\u00e7\u00f5es de sela \u2022 An\u00e9is de calibra\u00e7\u00e3o \u2022 Armadura de a\u00e7o inoxid\u00e1vel e capilares de armadura de a\u00e7o inoxid\u00e1vel revestidos de pvc \u2022 Niples de a\u00e7o inoxid\u00e1vel de 2\u201d \u2022 Corpo do medidor soldado Cinco s\u00e9ries de transmissores est\u00e3o dispon\u00edveis: STR82D: 0-10 a 0-400 polH2O 0-25 a 0-1000 mbar STR83D: 0-5 a 0-100 psid 0-0,35 a 0-7 bar STR84G: 0-5 a 0-500 psig 0-0,35 a 0-35 bar STR87G: 0-100 a 0-3000 psig 0-7 a 0-210 bar STR84A: 0-5 a 0-500 psia 0-0,35 a 0-35 barA<\/p>","protected":false},"featured_media":4137,"comment_status":"open","ping_status":"closed","template":"","meta":{"_joinchat":[]},"product_brand":[],"product_cat":[140],"product_tag":[],"marca":[142],"class_list":{"0":"post-4136","1":"product","2":"type-product","3":"status-publish","4":"has-post-thumbnail","6":"product_cat-transmissores","7":"marca-honeywell","9":"first","10":"instock","11":"shipping-taxable","12":"purchasable","13":"product-type-simple"},"yoast_head":"<!-- This site is optimized with the Yoast SEO plugin v27.2 - https:\/\/yoast.com\/product\/yoast-seo-wordpress\/ -->\n<title>Transmissores remotos de selo de diafragma SmartLine ST 800 - Full Solutions<\/title>\n<meta name=\"robots\" content=\"index, follow, max-snippet:-1, max-image-preview:large, max-video-preview:-1\" \/>\n<link rel=\"canonical\" href=\"https:\/\/fullsolutions.info\/en\/product\/transmissores-remotos-de-selo-de-diafragma-smartline-st-800\/\" \/>\n<meta property=\"og:locale\" content=\"en_US\" \/>\n<meta property=\"og:type\" content=\"article\" \/>\n<meta property=\"og:title\" content=\"Transmissores remotos de selo de diafragma SmartLine ST 800 - Full Solutions\" \/>\n<meta property=\"og:description\" content=\"Transmissores de selo de diafragma remoto Honeywell SmartLine ST 800 Os transmissores de selo de diafragma remoto SmartLine ST 800 fornecem medi\u00e7\u00f5es precisas para uma ampla variedade de aplica\u00e7\u00f5es que envolvem fluidos de processo corrosivos ou de alta temperatura. As aplica\u00e7\u00f5es t\u00edpicas incluem medi\u00e7\u00e3o de n\u00edvel de alta precis\u00e3o em vasos pressurizados no processamento de hidrocarbonetos e medi\u00e7\u00e3o de vaz\u00e3o de polpas e fluidos de processo de alta viscosidade em f\u00e1bricas de produtos qu\u00edmicos. O que \u00e9? A Honeywell oferece os seguintes transmissores de selo de diafragma remoto ST 800: \u2022 Veda\u00e7\u00f5es de flange niveladas \u2022 Veda\u00e7\u00e3o de flange com diafragma estendido \u2022 Selos de panqueca \u2022 Selos sanit\u00e1rios \u2022 Cunha \u201ctaylor\u201d do tee qu\u00edmico \u2022 Veda\u00e7\u00f5es com conex\u00f5es de processo rosqueadas \u2022 Veda\u00e7\u00f5es de sela \u2022 An\u00e9is de calibra\u00e7\u00e3o \u2022 Armadura de a\u00e7o inoxid\u00e1vel e capilares de armadura de a\u00e7o inoxid\u00e1vel revestidos de pvc \u2022 Niples de a\u00e7o inoxid\u00e1vel de 2\u201d \u2022 Corpo do medidor soldado Cinco s\u00e9ries de transmissores est\u00e3o dispon\u00edveis: STR82D: 0-10 a 0-400 polH2O 0-25 a 0-1000 mbar STR83D: 0-5 a 0-100 psid 0-0,35 a 0-7 bar STR84G: 0-5 a 0-500 psig 0-0,35 a 0-35 bar STR87G: 0-100 a 0-3000 psig 0-7 a 0-210 bar STR84A: 0-5 a 0-500 psia 0-0,35 a 0-35 barA\" \/>\n<meta property=\"og:url\" content=\"https:\/\/fullsolutions.info\/en\/product\/transmissores-remotos-de-selo-de-diafragma-smartline-st-800\/\" \/>\n<meta property=\"og:site_name\" content=\"Full Solutions\" \/>\n<meta property=\"article:modified_time\" content=\"2024-02-19T16:13:50+00:00\" \/>\n<meta property=\"og:image\" content=\"https:\/\/mlhff0prgoxu.i.optimole.com\/cb:s0sM.767\/w:auto\/h:auto\/q:mauto\/f:best\/https:\/\/fullsolutions.info\/wp-content\/uploads\/2024\/02\/Honeywell-SmartLine-ST-800-Remote-Diaphragm-Seal-Transmitters.jpeg\" \/>\n\t<meta property=\"og:image:width\" content=\"250\" \/>\n\t<meta property=\"og:image:height\" content=\"250\" \/>\n\t<meta property=\"og:image:type\" content=\"image\/jpeg\" \/>\n<meta name=\"twitter:card\" content=\"summary_large_image\" \/>\n<meta name=\"twitter:label1\" content=\"Est. reading time\" \/>\n\t<meta name=\"twitter:data1\" content=\"1 minute\" \/>\n<script type=\"application\/ld+json\" class=\"yoast-schema-graph\">{\"@context\":\"https:\/\/schema.org\",\"@graph\":[{\"@type\":\"WebPage\",\"@id\":\"https:\/\/fullsolutions.info\/produto\/transmissores-remotos-de-selo-de-diafragma-smartline-st-800\/\",\"url\":\"https:\/\/fullsolutions.info\/produto\/transmissores-remotos-de-selo-de-diafragma-smartline-st-800\/\",\"name\":\"Transmissores remotos de selo de diafragma SmartLine ST 800 - Full Solutions\",\"isPartOf\":{\"@id\":\"https:\/\/fullsolutions.info\/#website\"},\"primaryImageOfPage\":{\"@id\":\"https:\/\/fullsolutions.info\/produto\/transmissores-remotos-de-selo-de-diafragma-smartline-st-800\/#primaryimage\"},\"image\":{\"@id\":\"https:\/\/fullsolutions.info\/produto\/transmissores-remotos-de-selo-de-diafragma-smartline-st-800\/#primaryimage\"},\"thumbnailUrl\":\"https:\/\/mlhff0prgoxu.i.optimole.com\/cb:s0sM.767\/w:auto\/h:auto\/q:mauto\/f:best\/https:\/\/fullsolutions.info\/wp-content\/uploads\/2024\/02\/Honeywell-SmartLine-ST-800-Remote-Diaphragm-Seal-Transmitters.jpeg\",\"datePublished\":\"2024-02-01T14:52:17+00:00\",\"dateModified\":\"2024-02-19T16:13:50+00:00\",\"breadcrumb\":{\"@id\":\"https:\/\/fullsolutions.info\/produto\/transmissores-remotos-de-selo-de-diafragma-smartline-st-800\/#breadcrumb\"},\"inLanguage\":\"en-US\",\"potentialAction\":[{\"@type\":\"ReadAction\",\"target\":[\"https:\/\/fullsolutions.info\/produto\/transmissores-remotos-de-selo-de-diafragma-smartline-st-800\/\"]}]},{\"@type\":\"ImageObject\",\"inLanguage\":\"en-US\",\"@id\":\"https:\/\/fullsolutions.info\/produto\/transmissores-remotos-de-selo-de-diafragma-smartline-st-800\/#primaryimage\",\"url\":\"https:\/\/mlhff0prgoxu.i.optimole.com\/cb:s0sM.767\/w:auto\/h:auto\/q:mauto\/f:best\/https:\/\/fullsolutions.info\/wp-content\/uploads\/2024\/02\/Honeywell-SmartLine-ST-800-Remote-Diaphragm-Seal-Transmitters.jpeg\",\"contentUrl\":\"https:\/\/mlhff0prgoxu.i.optimole.com\/cb:s0sM.767\/w:auto\/h:auto\/q:mauto\/f:best\/https:\/\/fullsolutions.info\/wp-content\/uploads\/2024\/02\/Honeywell-SmartLine-ST-800-Remote-Diaphragm-Seal-Transmitters.jpeg\",\"width\":250,\"height\":250},{\"@type\":\"BreadcrumbList\",\"@id\":\"https:\/\/fullsolutions.info\/produto\/transmissores-remotos-de-selo-de-diafragma-smartline-st-800\/#breadcrumb\",\"itemListElement\":[{\"@type\":\"ListItem\",\"position\":1,\"name\":\"In\u00edcio\",\"item\":\"https:\/\/fullsolutions.info\/\"},{\"@type\":\"ListItem\",\"position\":2,\"name\":\"Produtos\",\"item\":\"https:\/\/fullsolutions.info\/shop\/\"},{\"@type\":\"ListItem\",\"position\":3,\"name\":\"Transmissores remotos de selo de diafragma SmartLine ST 800\"}]},{\"@type\":\"WebSite\",\"@id\":\"https:\/\/fullsolutions.info\/#website\",\"url\":\"https:\/\/fullsolutions.info\/\",\"name\":\"Full Solutions\",\"description\":\"Empresa na \u00c1rea de Procurement\",\"publisher\":{\"@id\":\"https:\/\/fullsolutions.info\/#organization\"},\"potentialAction\":[{\"@type\":\"SearchAction\",\"target\":{\"@type\":\"EntryPoint\",\"urlTemplate\":\"https:\/\/fullsolutions.info\/?s={search_term_string}\"},\"query-input\":{\"@type\":\"PropertyValueSpecification\",\"valueRequired\":true,\"valueName\":\"search_term_string\"}}],\"inLanguage\":\"en-US\"},{\"@type\":\"Organization\",\"@id\":\"https:\/\/fullsolutions.info\/#organization\",\"name\":\"Full Solutions\",\"url\":\"https:\/\/fullsolutions.info\/\",\"logo\":{\"@type\":\"ImageObject\",\"inLanguage\":\"en-US\",\"@id\":\"https:\/\/fullsolutions.info\/#\/schema\/logo\/image\/\",\"url\":\"https:\/\/mlhff0prgoxu.i.optimole.com\/cb:s0sM.767\/w:auto\/h:auto\/q:mauto\/f:best\/https:\/\/fullsolutions.info\/wp-content\/uploads\/2021\/07\/cropped-Design-sem-nome-300x193-1-e1627062664782.png\",\"contentUrl\":\"https:\/\/mlhff0prgoxu.i.optimole.com\/cb:s0sM.767\/w:auto\/h:auto\/q:mauto\/f:best\/https:\/\/fullsolutions.info\/wp-content\/uploads\/2021\/07\/cropped-Design-sem-nome-300x193-1-e1627062664782.png\",\"width\":202,\"height\":155,\"caption\":\"Full Solutions\"},\"image\":{\"@id\":\"https:\/\/fullsolutions.info\/#\/schema\/logo\/image\/\"},\"sameAs\":[\"https:\/\/www.linkedin.com\/company\/full-solutions-equipment\"]}]}<\/script>\n<!-- \/ Yoast SEO plugin. -->","yoast_head_json":{"title":"Transmissores remotos de selo de diafragma SmartLine ST 800 - Full Solutions","robots":{"index":"index","follow":"follow","max-snippet":"max-snippet:-1","max-image-preview":"max-image-preview:large","max-video-preview":"max-video-preview:-1"},"canonical":"https:\/\/fullsolutions.info\/en\/product\/transmissores-remotos-de-selo-de-diafragma-smartline-st-800\/","og_locale":"en_US","og_type":"article","og_title":"Transmissores remotos de selo de diafragma SmartLine ST 800 - Full Solutions","og_description":"Transmissores de selo de diafragma remoto Honeywell SmartLine ST 800 Os transmissores de selo de diafragma remoto SmartLine ST 800 fornecem medi\u00e7\u00f5es precisas para uma ampla variedade de aplica\u00e7\u00f5es que envolvem fluidos de processo corrosivos ou de alta temperatura. As aplica\u00e7\u00f5es t\u00edpicas incluem medi\u00e7\u00e3o de n\u00edvel de alta precis\u00e3o em vasos pressurizados no processamento de hidrocarbonetos e medi\u00e7\u00e3o de vaz\u00e3o de polpas e fluidos de processo de alta viscosidade em f\u00e1bricas de produtos qu\u00edmicos. O que \u00e9? A Honeywell oferece os seguintes transmissores de selo de diafragma remoto ST 800: \u2022 Veda\u00e7\u00f5es de flange niveladas \u2022 Veda\u00e7\u00e3o de flange com diafragma estendido \u2022 Selos de panqueca \u2022 Selos sanit\u00e1rios \u2022 Cunha \u201ctaylor\u201d do tee qu\u00edmico \u2022 Veda\u00e7\u00f5es com conex\u00f5es de processo rosqueadas \u2022 Veda\u00e7\u00f5es de sela \u2022 An\u00e9is de calibra\u00e7\u00e3o \u2022 Armadura de a\u00e7o inoxid\u00e1vel e capilares de armadura de a\u00e7o inoxid\u00e1vel revestidos de pvc \u2022 Niples de a\u00e7o inoxid\u00e1vel de 2\u201d \u2022 Corpo do medidor soldado Cinco s\u00e9ries de transmissores est\u00e3o dispon\u00edveis: STR82D: 0-10 a 0-400 polH2O 0-25 a 0-1000 mbar STR83D: 0-5 a 0-100 psid 0-0,35 a 0-7 bar STR84G: 0-5 a 0-500 psig 0-0,35 a 0-35 bar STR87G: 0-100 a 0-3000 psig 0-7 a 0-210 bar STR84A: 0-5 a 0-500 psia 0-0,35 a 0-35 barA","og_url":"https:\/\/fullsolutions.info\/en\/product\/transmissores-remotos-de-selo-de-diafragma-smartline-st-800\/","og_site_name":"Full Solutions","article_modified_time":"2024-02-19T16:13:50+00:00","og_image":[{"width":250,"height":250,"url":"https:\/\/mlhff0prgoxu.i.optimole.com\/cb:s0sM.767\/w:auto\/h:auto\/q:mauto\/f:best\/https:\/\/fullsolutions.info\/wp-content\/uploads\/2024\/02\/Honeywell-SmartLine-ST-800-Remote-Diaphragm-Seal-Transmitters.jpeg","type":"image\/jpeg"}],"twitter_card":"summary_large_image","twitter_misc":{"Est. reading time":"1 minute"},"schema":{"@context":"https:\/\/schema.org","@graph":[{"@type":"WebPage","@id":"https:\/\/fullsolutions.info\/produto\/transmissores-remotos-de-selo-de-diafragma-smartline-st-800\/","url":"https:\/\/fullsolutions.info\/produto\/transmissores-remotos-de-selo-de-diafragma-smartline-st-800\/","name":"Transmissores remotos de selo de diafragma SmartLine ST 800 - Full Solutions","isPartOf":{"@id":"https:\/\/fullsolutions.info\/#website"},"primaryImageOfPage":{"@id":"https:\/\/fullsolutions.info\/produto\/transmissores-remotos-de-selo-de-diafragma-smartline-st-800\/#primaryimage"},"image":{"@id":"https:\/\/fullsolutions.info\/produto\/transmissores-remotos-de-selo-de-diafragma-smartline-st-800\/#primaryimage"},"thumbnailUrl":"https:\/\/mlhff0prgoxu.i.optimole.com\/cb:s0sM.767\/w:auto\/h:auto\/q:mauto\/f:best\/https:\/\/fullsolutions.info\/wp-content\/uploads\/2024\/02\/Honeywell-SmartLine-ST-800-Remote-Diaphragm-Seal-Transmitters.jpeg","datePublished":"2024-02-01T14:52:17+00:00","dateModified":"2024-02-19T16:13:50+00:00","breadcrumb":{"@id":"https:\/\/fullsolutions.info\/produto\/transmissores-remotos-de-selo-de-diafragma-smartline-st-800\/#breadcrumb"},"inLanguage":"en-US","potentialAction":[{"@type":"ReadAction","target":["https:\/\/fullsolutions.info\/produto\/transmissores-remotos-de-selo-de-diafragma-smartline-st-800\/"]}]},{"@type":"ImageObject","inLanguage":"en-US","@id":"https:\/\/fullsolutions.info\/produto\/transmissores-remotos-de-selo-de-diafragma-smartline-st-800\/#primaryimage","url":"https:\/\/mlhff0prgoxu.i.optimole.com\/cb:s0sM.767\/w:auto\/h:auto\/q:mauto\/f:best\/https:\/\/fullsolutions.info\/wp-content\/uploads\/2024\/02\/Honeywell-SmartLine-ST-800-Remote-Diaphragm-Seal-Transmitters.jpeg","contentUrl":"https:\/\/mlhff0prgoxu.i.optimole.com\/cb:s0sM.767\/w:auto\/h:auto\/q:mauto\/f:best\/https:\/\/fullsolutions.info\/wp-content\/uploads\/2024\/02\/Honeywell-SmartLine-ST-800-Remote-Diaphragm-Seal-Transmitters.jpeg","width":250,"height":250},{"@type":"BreadcrumbList","@id":"https:\/\/fullsolutions.info\/produto\/transmissores-remotos-de-selo-de-diafragma-smartline-st-800\/#breadcrumb","itemListElement":[{"@type":"ListItem","position":1,"name":"In\u00edcio","item":"https:\/\/fullsolutions.info\/"},{"@type":"ListItem","position":2,"name":"Produtos","item":"https:\/\/fullsolutions.info\/shop\/"},{"@type":"ListItem","position":3,"name":"Transmissores remotos de selo de diafragma SmartLine ST 800"}]},{"@type":"WebSite","@id":"https:\/\/fullsolutions.info\/#website","url":"https:\/\/fullsolutions.info\/","name":"Full Solutions","description":"Empresa na \u00c1rea de Procurement","publisher":{"@id":"https:\/\/fullsolutions.info\/#organization"},"potentialAction":[{"@type":"SearchAction","target":{"@type":"EntryPoint","urlTemplate":"https:\/\/fullsolutions.info\/?s={search_term_string}"},"query-input":{"@type":"PropertyValueSpecification","valueRequired":true,"valueName":"search_term_string"}}],"inLanguage":"en-US"},{"@type":"Organization","@id":"https:\/\/fullsolutions.info\/#organization","name":"Full Solutions","url":"https:\/\/fullsolutions.info\/","logo":{"@type":"ImageObject","inLanguage":"en-US","@id":"https:\/\/fullsolutions.info\/#\/schema\/logo\/image\/","url":"https:\/\/mlhff0prgoxu.i.optimole.com\/cb:s0sM.767\/w:auto\/h:auto\/q:mauto\/f:best\/https:\/\/fullsolutions.info\/wp-content\/uploads\/2021\/07\/cropped-Design-sem-nome-300x193-1-e1627062664782.png","contentUrl":"https:\/\/mlhff0prgoxu.i.optimole.com\/cb:s0sM.767\/w:auto\/h:auto\/q:mauto\/f:best\/https:\/\/fullsolutions.info\/wp-content\/uploads\/2021\/07\/cropped-Design-sem-nome-300x193-1-e1627062664782.png","width":202,"height":155,"caption":"Full Solutions"},"image":{"@id":"https:\/\/fullsolutions.info\/#\/schema\/logo\/image\/"},"sameAs":["https:\/\/www.linkedin.com\/company\/full-solutions-equipment"]}]}},"_links":{"self":[{"href":"https:\/\/fullsolutions.info\/en\/wp-json\/wp\/v2\/product\/4136","targetHints":{"allow":["GET"]}}],"collection":[{"href":"https:\/\/fullsolutions.info\/en\/wp-json\/wp\/v2\/product"}],"about":[{"href":"https:\/\/fullsolutions.info\/en\/wp-json\/wp\/v2\/types\/product"}],"replies":[{"embeddable":true,"href":"https:\/\/fullsolutions.info\/en\/wp-json\/wp\/v2\/comments?post=4136"}],"wp:featuredmedia":[{"embeddable":true,"href":"https:\/\/fullsolutions.info\/en\/wp-json\/wp\/v2\/media\/4137"}],"wp:attachment":[{"href":"https:\/\/fullsolutions.info\/en\/wp-json\/wp\/v2\/media?parent=4136"}],"wp:term":[{"taxonomy":"product_brand","embeddable":true,"href":"https:\/\/fullsolutions.info\/en\/wp-json\/wp\/v2\/product_brand?post=4136"},{"taxonomy":"product_cat","embeddable":true,"href":"https:\/\/fullsolutions.info\/en\/wp-json\/wp\/v2\/product_cat?post=4136"},{"taxonomy":"product_tag","embeddable":true,"href":"https:\/\/fullsolutions.info\/en\/wp-json\/wp\/v2\/product_tag?post=4136"},{"taxonomy":"marca","embeddable":true,"href":"https:\/\/fullsolutions.info\/en\/wp-json\/wp\/v2\/marca?post=4136"}],"curies":[{"name":"wp","href":"https:\/\/api.w.org\/{rel}","templated":true}]}}