{"id":4128,"date":"2024-02-01T14:41:24","date_gmt":"2024-02-01T14:41:24","guid":{"rendered":"https:\/\/fullsolutionsequip.com\/?post_type=product&#038;p=4128"},"modified":"2024-02-19T16:13:51","modified_gmt":"2024-02-19T16:13:51","slug":"transmissores-remotos-de-diafragma-serie-100","status":"publish","type":"product","link":"https:\/\/fullsolutions.info\/en\/product\/transmissores-remotos-de-diafragma-serie-100\/","title":{"rendered":"Transmissores Remotos de Diafragma &#8211; S\u00e9rie 100"},"content":{"rendered":"<p>Transmissores de selo de diafragma remoto Honeywell ST 3000 S\u00e9rie 100<br \/>\nOs transmissores de selo de diafragma remoto ST 3000 S\u00e9rie 100 da Honeywell demonstram confiabilidade comprovada em aplica\u00e7\u00f5es com uma ampla variedade de fluidos de enchimento secund\u00e1rio para fluidos de processo corrosivos ou de alta temperatura. As aplica\u00e7\u00f5es t\u00edpicas incluem medi\u00e7\u00e3o de n\u00edvel de alta precis\u00e3o em vasos pressurizados no processamento de hidrocarbonetos e medi\u00e7\u00e3o de vaz\u00e3o de polpas e fluidos de processo de alta viscosidade em f\u00e1bricas de produtos qu\u00edmicos.<\/p>\n<p>&nbsp;<\/p>\n<p>A Honeywell oferece os seguintes transmissores de selo de diafragma remoto ST 3000 S\u00e9rie 100:<\/p>\n<p>Veda\u00e7\u00f5es de flange niveladas<br \/>\nVeda\u00e7\u00e3o de flange com diafragma estendido<br \/>\nSelos de panqueca<br \/>\nSelos Sanit\u00e1rios<br \/>\nCamiseta Qu\u00edmica \u201cTaylor\u201d Cunha<br \/>\nVeda\u00e7\u00f5es com conex\u00f5es de processo rosqueadas<br \/>\nSelos de sela<br \/>\nAn\u00e9is de calibra\u00e7\u00e3o<br \/>\nArmadura de a\u00e7o inoxid\u00e1vel e capilares de armadura de a\u00e7o inoxid\u00e1vel revestidos de PVC<br \/>\nMamilos de a\u00e7o inoxid\u00e1vel de 2\u201d<br \/>\nCorpo soldado do medidor<br \/>\nCinco s\u00e9ries de transmissores est\u00e3o dispon\u00edveis:<\/p>\n<p>STR12D: 0-10 a 0-400 polH2O 0-25 a 0-1000 mbar<br \/>\nSTR13D: 0-5 a 0-100 psid 0-0,35 a 0-7 bar<br \/>\nSTR14G: 0-5 a 0-500 psig 0-0,35 a 0-35 bar<br \/>\nSTR17G: 0-100 a 0-3000 psig 0-7 a 0-210 bar<br \/>\nSTR14A: 0-5 a 0-500 psia 0-0,35 a 0-35 bar<\/p>","protected":false},"excerpt":{"rendered":"<p>Transmissores de selo de diafragma remoto Honeywell ST 3000 S\u00e9rie 100 Os transmissores de selo de diafragma remoto ST 3000 S\u00e9rie 100 da Honeywell demonstram confiabilidade comprovada em aplica\u00e7\u00f5es com uma ampla variedade de fluidos de enchimento secund\u00e1rio para fluidos de processo corrosivos ou de alta temperatura. As aplica\u00e7\u00f5es t\u00edpicas incluem medi\u00e7\u00e3o de n\u00edvel de alta precis\u00e3o em vasos pressurizados no processamento de hidrocarbonetos e medi\u00e7\u00e3o de vaz\u00e3o de polpas e fluidos de processo de alta viscosidade em f\u00e1bricas de produtos qu\u00edmicos. &nbsp; A Honeywell oferece os seguintes transmissores de selo de diafragma remoto ST 3000 S\u00e9rie 100: Veda\u00e7\u00f5es de flange niveladas Veda\u00e7\u00e3o de flange com diafragma estendido Selos de panqueca Selos Sanit\u00e1rios Camiseta Qu\u00edmica \u201cTaylor\u201d Cunha Veda\u00e7\u00f5es com conex\u00f5es de processo rosqueadas Selos de sela An\u00e9is de calibra\u00e7\u00e3o Armadura de a\u00e7o inoxid\u00e1vel e capilares de armadura de a\u00e7o inoxid\u00e1vel revestidos de PVC Mamilos de a\u00e7o inoxid\u00e1vel de 2\u201d Corpo soldado do medidor Cinco s\u00e9ries de transmissores est\u00e3o dispon\u00edveis: STR12D: 0-10 a 0-400 polH2O 0-25 a 0-1000 mbar STR13D: 0-5 a 0-100 psid 0-0,35 a 0-7 bar STR14G: 0-5 a 0-500 psig 0-0,35 a 0-35 bar STR17G: 0-100 a 0-3000 psig 0-7 a 0-210 bar STR14A: 0-5 a 0-500 psia 0-0,35 a 0-35 bar<\/p>","protected":false},"featured_media":4129,"comment_status":"open","ping_status":"closed","template":"","meta":{"_joinchat":[]},"product_brand":[],"product_cat":[140],"product_tag":[],"marca":[142],"class_list":{"0":"post-4128","1":"product","2":"type-product","3":"status-publish","4":"has-post-thumbnail","6":"product_cat-transmissores","7":"marca-honeywell","9":"first","10":"instock","11":"shipping-taxable","12":"purchasable","13":"product-type-simple"},"yoast_head":"<!-- This site is optimized with the Yoast SEO plugin v27.2 - https:\/\/yoast.com\/product\/yoast-seo-wordpress\/ -->\n<title>Transmissores Remotos de Diafragma - S\u00e9rie 100 - Full Solutions<\/title>\n<meta name=\"robots\" content=\"index, follow, max-snippet:-1, max-image-preview:large, max-video-preview:-1\" \/>\n<link rel=\"canonical\" href=\"https:\/\/fullsolutions.info\/en\/product\/transmissores-remotos-de-diafragma-serie-100\/\" \/>\n<meta property=\"og:locale\" content=\"en_US\" \/>\n<meta property=\"og:type\" content=\"article\" \/>\n<meta property=\"og:title\" content=\"Transmissores Remotos de Diafragma - S\u00e9rie 100 - Full Solutions\" \/>\n<meta property=\"og:description\" content=\"Transmissores de selo de diafragma remoto Honeywell ST 3000 S\u00e9rie 100 Os transmissores de selo de diafragma remoto ST 3000 S\u00e9rie 100 da Honeywell demonstram confiabilidade comprovada em aplica\u00e7\u00f5es com uma ampla variedade de fluidos de enchimento secund\u00e1rio para fluidos de processo corrosivos ou de alta temperatura. As aplica\u00e7\u00f5es t\u00edpicas incluem medi\u00e7\u00e3o de n\u00edvel de alta precis\u00e3o em vasos pressurizados no processamento de hidrocarbonetos e medi\u00e7\u00e3o de vaz\u00e3o de polpas e fluidos de processo de alta viscosidade em f\u00e1bricas de produtos qu\u00edmicos. &nbsp; A Honeywell oferece os seguintes transmissores de selo de diafragma remoto ST 3000 S\u00e9rie 100: Veda\u00e7\u00f5es de flange niveladas Veda\u00e7\u00e3o de flange com diafragma estendido Selos de panqueca Selos Sanit\u00e1rios Camiseta Qu\u00edmica \u201cTaylor\u201d Cunha Veda\u00e7\u00f5es com conex\u00f5es de processo rosqueadas Selos de sela An\u00e9is de calibra\u00e7\u00e3o Armadura de a\u00e7o inoxid\u00e1vel e capilares de armadura de a\u00e7o inoxid\u00e1vel revestidos de PVC Mamilos de a\u00e7o inoxid\u00e1vel de 2\u201d Corpo soldado do medidor Cinco s\u00e9ries de transmissores est\u00e3o dispon\u00edveis: STR12D: 0-10 a 0-400 polH2O 0-25 a 0-1000 mbar STR13D: 0-5 a 0-100 psid 0-0,35 a 0-7 bar STR14G: 0-5 a 0-500 psig 0-0,35 a 0-35 bar STR17G: 0-100 a 0-3000 psig 0-7 a 0-210 bar STR14A: 0-5 a 0-500 psia 0-0,35 a 0-35 bar\" \/>\n<meta property=\"og:url\" content=\"https:\/\/fullsolutions.info\/en\/product\/transmissores-remotos-de-diafragma-serie-100\/\" \/>\n<meta property=\"og:site_name\" content=\"Full Solutions\" \/>\n<meta property=\"article:modified_time\" content=\"2024-02-19T16:13:51+00:00\" \/>\n<meta property=\"og:image\" content=\"https:\/\/mlhff0prgoxu.i.optimole.com\/cb:s0sM.767\/w:auto\/h:auto\/q:mauto\/f:best\/https:\/\/fullsolutions.info\/wp-content\/uploads\/2024\/02\/Remote-Diaphragm-Transmitters-Series-100.jpeg\" \/>\n\t<meta property=\"og:image:width\" content=\"155\" \/>\n\t<meta property=\"og:image:height\" content=\"149\" \/>\n\t<meta property=\"og:image:type\" content=\"image\/jpeg\" \/>\n<meta name=\"twitter:card\" content=\"summary_large_image\" \/>\n<meta name=\"twitter:label1\" content=\"Est. reading time\" \/>\n\t<meta name=\"twitter:data1\" content=\"1 minute\" \/>\n<script type=\"application\/ld+json\" class=\"yoast-schema-graph\">{\"@context\":\"https:\/\/schema.org\",\"@graph\":[{\"@type\":\"WebPage\",\"@id\":\"https:\/\/fullsolutions.info\/produto\/transmissores-remotos-de-diafragma-serie-100\/\",\"url\":\"https:\/\/fullsolutions.info\/produto\/transmissores-remotos-de-diafragma-serie-100\/\",\"name\":\"Transmissores Remotos de Diafragma - S\u00e9rie 100 - Full Solutions\",\"isPartOf\":{\"@id\":\"https:\/\/fullsolutions.info\/#website\"},\"primaryImageOfPage\":{\"@id\":\"https:\/\/fullsolutions.info\/produto\/transmissores-remotos-de-diafragma-serie-100\/#primaryimage\"},\"image\":{\"@id\":\"https:\/\/fullsolutions.info\/produto\/transmissores-remotos-de-diafragma-serie-100\/#primaryimage\"},\"thumbnailUrl\":\"https:\/\/mlhff0prgoxu.i.optimole.com\/cb:s0sM.767\/w:auto\/h:auto\/q:mauto\/f:best\/https:\/\/fullsolutions.info\/wp-content\/uploads\/2024\/02\/Remote-Diaphragm-Transmitters-Series-100.jpeg\",\"datePublished\":\"2024-02-01T14:41:24+00:00\",\"dateModified\":\"2024-02-19T16:13:51+00:00\",\"breadcrumb\":{\"@id\":\"https:\/\/fullsolutions.info\/produto\/transmissores-remotos-de-diafragma-serie-100\/#breadcrumb\"},\"inLanguage\":\"en-US\",\"potentialAction\":[{\"@type\":\"ReadAction\",\"target\":[\"https:\/\/fullsolutions.info\/produto\/transmissores-remotos-de-diafragma-serie-100\/\"]}]},{\"@type\":\"ImageObject\",\"inLanguage\":\"en-US\",\"@id\":\"https:\/\/fullsolutions.info\/produto\/transmissores-remotos-de-diafragma-serie-100\/#primaryimage\",\"url\":\"https:\/\/mlhff0prgoxu.i.optimole.com\/cb:s0sM.767\/w:auto\/h:auto\/q:mauto\/f:best\/https:\/\/fullsolutions.info\/wp-content\/uploads\/2024\/02\/Remote-Diaphragm-Transmitters-Series-100.jpeg\",\"contentUrl\":\"https:\/\/mlhff0prgoxu.i.optimole.com\/cb:s0sM.767\/w:auto\/h:auto\/q:mauto\/f:best\/https:\/\/fullsolutions.info\/wp-content\/uploads\/2024\/02\/Remote-Diaphragm-Transmitters-Series-100.jpeg\",\"width\":155,\"height\":149},{\"@type\":\"BreadcrumbList\",\"@id\":\"https:\/\/fullsolutions.info\/produto\/transmissores-remotos-de-diafragma-serie-100\/#breadcrumb\",\"itemListElement\":[{\"@type\":\"ListItem\",\"position\":1,\"name\":\"In\u00edcio\",\"item\":\"https:\/\/fullsolutions.info\/\"},{\"@type\":\"ListItem\",\"position\":2,\"name\":\"Produtos\",\"item\":\"https:\/\/fullsolutions.info\/shop\/\"},{\"@type\":\"ListItem\",\"position\":3,\"name\":\"Transmissores Remotos de Diafragma &#8211; S\u00e9rie 100\"}]},{\"@type\":\"WebSite\",\"@id\":\"https:\/\/fullsolutions.info\/#website\",\"url\":\"https:\/\/fullsolutions.info\/\",\"name\":\"Full Solutions\",\"description\":\"Empresa na \u00c1rea de Procurement\",\"publisher\":{\"@id\":\"https:\/\/fullsolutions.info\/#organization\"},\"potentialAction\":[{\"@type\":\"SearchAction\",\"target\":{\"@type\":\"EntryPoint\",\"urlTemplate\":\"https:\/\/fullsolutions.info\/?s={search_term_string}\"},\"query-input\":{\"@type\":\"PropertyValueSpecification\",\"valueRequired\":true,\"valueName\":\"search_term_string\"}}],\"inLanguage\":\"en-US\"},{\"@type\":\"Organization\",\"@id\":\"https:\/\/fullsolutions.info\/#organization\",\"name\":\"Full Solutions\",\"url\":\"https:\/\/fullsolutions.info\/\",\"logo\":{\"@type\":\"ImageObject\",\"inLanguage\":\"en-US\",\"@id\":\"https:\/\/fullsolutions.info\/#\/schema\/logo\/image\/\",\"url\":\"https:\/\/mlhff0prgoxu.i.optimole.com\/cb:s0sM.767\/w:auto\/h:auto\/q:mauto\/f:best\/https:\/\/fullsolutions.info\/wp-content\/uploads\/2021\/07\/cropped-Design-sem-nome-300x193-1-e1627062664782.png\",\"contentUrl\":\"https:\/\/mlhff0prgoxu.i.optimole.com\/cb:s0sM.767\/w:auto\/h:auto\/q:mauto\/f:best\/https:\/\/fullsolutions.info\/wp-content\/uploads\/2021\/07\/cropped-Design-sem-nome-300x193-1-e1627062664782.png\",\"width\":202,\"height\":155,\"caption\":\"Full Solutions\"},\"image\":{\"@id\":\"https:\/\/fullsolutions.info\/#\/schema\/logo\/image\/\"},\"sameAs\":[\"https:\/\/www.linkedin.com\/company\/full-solutions-equipment\"]}]}<\/script>\n<!-- \/ Yoast SEO plugin. -->","yoast_head_json":{"title":"Transmissores Remotos de Diafragma - S\u00e9rie 100 - Full Solutions","robots":{"index":"index","follow":"follow","max-snippet":"max-snippet:-1","max-image-preview":"max-image-preview:large","max-video-preview":"max-video-preview:-1"},"canonical":"https:\/\/fullsolutions.info\/en\/product\/transmissores-remotos-de-diafragma-serie-100\/","og_locale":"en_US","og_type":"article","og_title":"Transmissores Remotos de Diafragma - S\u00e9rie 100 - Full Solutions","og_description":"Transmissores de selo de diafragma remoto Honeywell ST 3000 S\u00e9rie 100 Os transmissores de selo de diafragma remoto ST 3000 S\u00e9rie 100 da Honeywell demonstram confiabilidade comprovada em aplica\u00e7\u00f5es com uma ampla variedade de fluidos de enchimento secund\u00e1rio para fluidos de processo corrosivos ou de alta temperatura. As aplica\u00e7\u00f5es t\u00edpicas incluem medi\u00e7\u00e3o de n\u00edvel de alta precis\u00e3o em vasos pressurizados no processamento de hidrocarbonetos e medi\u00e7\u00e3o de vaz\u00e3o de polpas e fluidos de processo de alta viscosidade em f\u00e1bricas de produtos qu\u00edmicos. &nbsp; A Honeywell oferece os seguintes transmissores de selo de diafragma remoto ST 3000 S\u00e9rie 100: Veda\u00e7\u00f5es de flange niveladas Veda\u00e7\u00e3o de flange com diafragma estendido Selos de panqueca Selos Sanit\u00e1rios Camiseta Qu\u00edmica \u201cTaylor\u201d Cunha Veda\u00e7\u00f5es com conex\u00f5es de processo rosqueadas Selos de sela An\u00e9is de calibra\u00e7\u00e3o Armadura de a\u00e7o inoxid\u00e1vel e capilares de armadura de a\u00e7o inoxid\u00e1vel revestidos de PVC Mamilos de a\u00e7o inoxid\u00e1vel de 2\u201d Corpo soldado do medidor Cinco s\u00e9ries de transmissores est\u00e3o dispon\u00edveis: STR12D: 0-10 a 0-400 polH2O 0-25 a 0-1000 mbar STR13D: 0-5 a 0-100 psid 0-0,35 a 0-7 bar STR14G: 0-5 a 0-500 psig 0-0,35 a 0-35 bar STR17G: 0-100 a 0-3000 psig 0-7 a 0-210 bar STR14A: 0-5 a 0-500 psia 0-0,35 a 0-35 bar","og_url":"https:\/\/fullsolutions.info\/en\/product\/transmissores-remotos-de-diafragma-serie-100\/","og_site_name":"Full Solutions","article_modified_time":"2024-02-19T16:13:51+00:00","og_image":[{"width":155,"height":149,"url":"https:\/\/mlhff0prgoxu.i.optimole.com\/cb:s0sM.767\/w:auto\/h:auto\/q:mauto\/f:best\/https:\/\/fullsolutions.info\/wp-content\/uploads\/2024\/02\/Remote-Diaphragm-Transmitters-Series-100.jpeg","type":"image\/jpeg"}],"twitter_card":"summary_large_image","twitter_misc":{"Est. reading time":"1 minute"},"schema":{"@context":"https:\/\/schema.org","@graph":[{"@type":"WebPage","@id":"https:\/\/fullsolutions.info\/produto\/transmissores-remotos-de-diafragma-serie-100\/","url":"https:\/\/fullsolutions.info\/produto\/transmissores-remotos-de-diafragma-serie-100\/","name":"Transmissores Remotos de Diafragma - S\u00e9rie 100 - Full Solutions","isPartOf":{"@id":"https:\/\/fullsolutions.info\/#website"},"primaryImageOfPage":{"@id":"https:\/\/fullsolutions.info\/produto\/transmissores-remotos-de-diafragma-serie-100\/#primaryimage"},"image":{"@id":"https:\/\/fullsolutions.info\/produto\/transmissores-remotos-de-diafragma-serie-100\/#primaryimage"},"thumbnailUrl":"https:\/\/mlhff0prgoxu.i.optimole.com\/cb:s0sM.767\/w:auto\/h:auto\/q:mauto\/f:best\/https:\/\/fullsolutions.info\/wp-content\/uploads\/2024\/02\/Remote-Diaphragm-Transmitters-Series-100.jpeg","datePublished":"2024-02-01T14:41:24+00:00","dateModified":"2024-02-19T16:13:51+00:00","breadcrumb":{"@id":"https:\/\/fullsolutions.info\/produto\/transmissores-remotos-de-diafragma-serie-100\/#breadcrumb"},"inLanguage":"en-US","potentialAction":[{"@type":"ReadAction","target":["https:\/\/fullsolutions.info\/produto\/transmissores-remotos-de-diafragma-serie-100\/"]}]},{"@type":"ImageObject","inLanguage":"en-US","@id":"https:\/\/fullsolutions.info\/produto\/transmissores-remotos-de-diafragma-serie-100\/#primaryimage","url":"https:\/\/mlhff0prgoxu.i.optimole.com\/cb:s0sM.767\/w:auto\/h:auto\/q:mauto\/f:best\/https:\/\/fullsolutions.info\/wp-content\/uploads\/2024\/02\/Remote-Diaphragm-Transmitters-Series-100.jpeg","contentUrl":"https:\/\/mlhff0prgoxu.i.optimole.com\/cb:s0sM.767\/w:auto\/h:auto\/q:mauto\/f:best\/https:\/\/fullsolutions.info\/wp-content\/uploads\/2024\/02\/Remote-Diaphragm-Transmitters-Series-100.jpeg","width":155,"height":149},{"@type":"BreadcrumbList","@id":"https:\/\/fullsolutions.info\/produto\/transmissores-remotos-de-diafragma-serie-100\/#breadcrumb","itemListElement":[{"@type":"ListItem","position":1,"name":"In\u00edcio","item":"https:\/\/fullsolutions.info\/"},{"@type":"ListItem","position":2,"name":"Produtos","item":"https:\/\/fullsolutions.info\/shop\/"},{"@type":"ListItem","position":3,"name":"Transmissores Remotos de Diafragma &#8211; S\u00e9rie 100"}]},{"@type":"WebSite","@id":"https:\/\/fullsolutions.info\/#website","url":"https:\/\/fullsolutions.info\/","name":"Full Solutions","description":"Empresa na \u00c1rea de Procurement","publisher":{"@id":"https:\/\/fullsolutions.info\/#organization"},"potentialAction":[{"@type":"SearchAction","target":{"@type":"EntryPoint","urlTemplate":"https:\/\/fullsolutions.info\/?s={search_term_string}"},"query-input":{"@type":"PropertyValueSpecification","valueRequired":true,"valueName":"search_term_string"}}],"inLanguage":"en-US"},{"@type":"Organization","@id":"https:\/\/fullsolutions.info\/#organization","name":"Full Solutions","url":"https:\/\/fullsolutions.info\/","logo":{"@type":"ImageObject","inLanguage":"en-US","@id":"https:\/\/fullsolutions.info\/#\/schema\/logo\/image\/","url":"https:\/\/mlhff0prgoxu.i.optimole.com\/cb:s0sM.767\/w:auto\/h:auto\/q:mauto\/f:best\/https:\/\/fullsolutions.info\/wp-content\/uploads\/2021\/07\/cropped-Design-sem-nome-300x193-1-e1627062664782.png","contentUrl":"https:\/\/mlhff0prgoxu.i.optimole.com\/cb:s0sM.767\/w:auto\/h:auto\/q:mauto\/f:best\/https:\/\/fullsolutions.info\/wp-content\/uploads\/2021\/07\/cropped-Design-sem-nome-300x193-1-e1627062664782.png","width":202,"height":155,"caption":"Full Solutions"},"image":{"@id":"https:\/\/fullsolutions.info\/#\/schema\/logo\/image\/"},"sameAs":["https:\/\/www.linkedin.com\/company\/full-solutions-equipment"]}]}},"_links":{"self":[{"href":"https:\/\/fullsolutions.info\/en\/wp-json\/wp\/v2\/product\/4128","targetHints":{"allow":["GET"]}}],"collection":[{"href":"https:\/\/fullsolutions.info\/en\/wp-json\/wp\/v2\/product"}],"about":[{"href":"https:\/\/fullsolutions.info\/en\/wp-json\/wp\/v2\/types\/product"}],"replies":[{"embeddable":true,"href":"https:\/\/fullsolutions.info\/en\/wp-json\/wp\/v2\/comments?post=4128"}],"wp:featuredmedia":[{"embeddable":true,"href":"https:\/\/fullsolutions.info\/en\/wp-json\/wp\/v2\/media\/4129"}],"wp:attachment":[{"href":"https:\/\/fullsolutions.info\/en\/wp-json\/wp\/v2\/media?parent=4128"}],"wp:term":[{"taxonomy":"product_brand","embeddable":true,"href":"https:\/\/fullsolutions.info\/en\/wp-json\/wp\/v2\/product_brand?post=4128"},{"taxonomy":"product_cat","embeddable":true,"href":"https:\/\/fullsolutions.info\/en\/wp-json\/wp\/v2\/product_cat?post=4128"},{"taxonomy":"product_tag","embeddable":true,"href":"https:\/\/fullsolutions.info\/en\/wp-json\/wp\/v2\/product_tag?post=4128"},{"taxonomy":"marca","embeddable":true,"href":"https:\/\/fullsolutions.info\/en\/wp-json\/wp\/v2\/marca?post=4128"}],"curies":[{"name":"wp","href":"https:\/\/api.w.org\/{rel}","templated":true}]}}