{"id":4126,"date":"2024-02-01T14:39:28","date_gmt":"2024-02-01T14:39:28","guid":{"rendered":"https:\/\/fullsolutionsequip.com\/?post_type=product&#038;p=4126"},"modified":"2024-02-19T16:13:51","modified_gmt":"2024-02-19T16:13:51","slug":"transmissores-de-pressao-absoluta-serie-900","status":"publish","type":"product","link":"https:\/\/fullsolutions.info\/en\/product\/transmissores-de-pressao-absoluta-serie-900\/","title":{"rendered":"Transmissores de Press\u00e3o Absoluta &#8211; S\u00e9rie 900"},"content":{"rendered":"<p>Transmissores de press\u00e3o absoluta Honeywell-ST 3000 S\u00e9rie 900<br \/>\nOs Transmissores de Press\u00e3o Absoluta ST 3000 S\u00e9rie 900 s\u00e3o usados \u200b\u200bem aplica\u00e7\u00f5es nas quais \u00e9 necess\u00e1ria alta precis\u00e3o na faixa de press\u00e3o do v\u00e1cuo. As aplica\u00e7\u00f5es t\u00edpicas incluem medi\u00e7\u00e3o de baixa press\u00e3o em colunas de destila\u00e7\u00e3o a v\u00e1cuo, onde a economia de energia \u00e9 diretamente proporcional ao v\u00e1cuo na coluna.<\/p>\n<p>&nbsp;<\/p>\n<p>Os econ\u00f4micos transmissores de press\u00e3o absoluta ST 3000 S\u00e9rie 900 est\u00e3o dispon\u00edveis em duas variantes \u2013 em linha (STA92L\/STA94L) e de cabe\u00e7a \u00fanica (STA922\/STA940).<\/p>\n<p>STA922: 0 a 780 mmHgA; 0 a 1.040 mbarA<br \/>\nSTA92L: 0 a 780 mmHgA; 0 a 1.040 mbarA<br \/>\nSTA940: 0 a 500 psia; 0 a 35barA<br \/>\nSTA94L: 0 a 500 psia; 0 a 35barA<br \/>\nOs transmissores lideram a ind\u00fastria em confiabilidade e estabilidade:<\/p>\n<p>Estabilidade = +\/-0,01% ao ano<br \/>\nConfiabilidade = 470 anos MTBF<br \/>\nAutodiagn\u00f3sticos abrangentes e tr\u00eas n\u00edveis de relat\u00f3rios de falhas ajudam os usu\u00e1rios a evitar paralisa\u00e7\u00f5es dispendiosas, atender aos requisitos regulamentares e atingir altos padr\u00f5es de qualidade. Os transmissores de press\u00e3o podem ser usados \u200b\u200bem uma ampla gama de ambientes perigosos com perfeita seguran\u00e7a para fornecer medi\u00e7\u00f5es de press\u00e3o comprovadas e repet\u00edveis.<\/p>","protected":false},"excerpt":{"rendered":"<p>Transmissores de press\u00e3o absoluta Honeywell-ST 3000 S\u00e9rie 900 Os Transmissores de Press\u00e3o Absoluta ST 3000 S\u00e9rie 900 s\u00e3o usados \u200b\u200bem aplica\u00e7\u00f5es nas quais \u00e9 necess\u00e1ria alta precis\u00e3o na faixa de press\u00e3o do v\u00e1cuo. As aplica\u00e7\u00f5es t\u00edpicas incluem medi\u00e7\u00e3o de baixa press\u00e3o em colunas de destila\u00e7\u00e3o a v\u00e1cuo, onde a economia de energia \u00e9 diretamente proporcional ao v\u00e1cuo na coluna. &nbsp; Os econ\u00f4micos transmissores de press\u00e3o absoluta ST 3000 S\u00e9rie 900 est\u00e3o dispon\u00edveis em duas variantes \u2013 em linha (STA92L\/STA94L) e de cabe\u00e7a \u00fanica (STA922\/STA940). STA922: 0 a 780 mmHgA; 0 a 1.040 mbarA STA92L: 0 a 780 mmHgA; 0 a 1.040 mbarA STA940: 0 a 500 psia; 0 a 35barA STA94L: 0 a 500 psia; 0 a 35barA Os transmissores lideram a ind\u00fastria em confiabilidade e estabilidade: Estabilidade = +\/-0,01% ao ano Confiabilidade = 470 anos MTBF Autodiagn\u00f3sticos abrangentes e tr\u00eas n\u00edveis de relat\u00f3rios de falhas ajudam os usu\u00e1rios a evitar paralisa\u00e7\u00f5es dispendiosas, atender aos requisitos regulamentares e atingir altos padr\u00f5es de qualidade. Os transmissores de press\u00e3o podem ser usados \u200b\u200bem uma ampla gama de ambientes perigosos com perfeita seguran\u00e7a para fornecer medi\u00e7\u00f5es de press\u00e3o comprovadas e repet\u00edveis.<\/p>","protected":false},"featured_media":4127,"comment_status":"open","ping_status":"closed","template":"","meta":{"_joinchat":[]},"product_brand":[],"product_cat":[140],"product_tag":[],"marca":[142],"class_list":{"0":"post-4126","1":"product","2":"type-product","3":"status-publish","4":"has-post-thumbnail","6":"product_cat-transmissores","7":"marca-honeywell","9":"first","10":"instock","11":"shipping-taxable","12":"purchasable","13":"product-type-simple"},"yoast_head":"<!-- This site is optimized with the Yoast SEO plugin v27.2 - https:\/\/yoast.com\/product\/yoast-seo-wordpress\/ -->\n<title>Transmissores de Press\u00e3o Absoluta - S\u00e9rie 900 - Full Solutions<\/title>\n<meta name=\"robots\" content=\"index, follow, max-snippet:-1, max-image-preview:large, max-video-preview:-1\" \/>\n<link rel=\"canonical\" href=\"https:\/\/fullsolutions.info\/en\/product\/transmissores-de-pressao-absoluta-serie-900\/\" \/>\n<meta property=\"og:locale\" content=\"en_US\" \/>\n<meta property=\"og:type\" content=\"article\" \/>\n<meta property=\"og:title\" content=\"Transmissores de Press\u00e3o Absoluta - S\u00e9rie 900 - Full Solutions\" \/>\n<meta property=\"og:description\" content=\"Transmissores de press\u00e3o absoluta Honeywell-ST 3000 S\u00e9rie 900 Os Transmissores de Press\u00e3o Absoluta ST 3000 S\u00e9rie 900 s\u00e3o usados \u200b\u200bem aplica\u00e7\u00f5es nas quais \u00e9 necess\u00e1ria alta precis\u00e3o na faixa de press\u00e3o do v\u00e1cuo. As aplica\u00e7\u00f5es t\u00edpicas incluem medi\u00e7\u00e3o de baixa press\u00e3o em colunas de destila\u00e7\u00e3o a v\u00e1cuo, onde a economia de energia \u00e9 diretamente proporcional ao v\u00e1cuo na coluna. &nbsp; Os econ\u00f4micos transmissores de press\u00e3o absoluta ST 3000 S\u00e9rie 900 est\u00e3o dispon\u00edveis em duas variantes \u2013 em linha (STA92L\/STA94L) e de cabe\u00e7a \u00fanica (STA922\/STA940). STA922: 0 a 780 mmHgA; 0 a 1.040 mbarA STA92L: 0 a 780 mmHgA; 0 a 1.040 mbarA STA940: 0 a 500 psia; 0 a 35barA STA94L: 0 a 500 psia; 0 a 35barA Os transmissores lideram a ind\u00fastria em confiabilidade e estabilidade: Estabilidade = +\/-0,01% ao ano Confiabilidade = 470 anos MTBF Autodiagn\u00f3sticos abrangentes e tr\u00eas n\u00edveis de relat\u00f3rios de falhas ajudam os usu\u00e1rios a evitar paralisa\u00e7\u00f5es dispendiosas, atender aos requisitos regulamentares e atingir altos padr\u00f5es de qualidade. Os transmissores de press\u00e3o podem ser usados \u200b\u200bem uma ampla gama de ambientes perigosos com perfeita seguran\u00e7a para fornecer medi\u00e7\u00f5es de press\u00e3o comprovadas e repet\u00edveis.\" \/>\n<meta property=\"og:url\" content=\"https:\/\/fullsolutions.info\/en\/product\/transmissores-de-pressao-absoluta-serie-900\/\" \/>\n<meta property=\"og:site_name\" content=\"Full Solutions\" \/>\n<meta property=\"article:modified_time\" content=\"2024-02-19T16:13:51+00:00\" \/>\n<meta property=\"og:image\" content=\"https:\/\/mlhff0prgoxu.i.optimole.com\/cb:s0sM.767\/w:auto\/h:auto\/q:mauto\/f:best\/https:\/\/fullsolutions.info\/wp-content\/uploads\/2024\/02\/Absolute-Pressure-Transmitters-Series-900.jpeg\" \/>\n\t<meta property=\"og:image:width\" content=\"154\" \/>\n\t<meta property=\"og:image:height\" content=\"147\" \/>\n\t<meta property=\"og:image:type\" content=\"image\/jpeg\" \/>\n<meta name=\"twitter:card\" content=\"summary_large_image\" \/>\n<meta name=\"twitter:label1\" content=\"Est. reading time\" \/>\n\t<meta name=\"twitter:data1\" content=\"1 minute\" \/>\n<script type=\"application\/ld+json\" class=\"yoast-schema-graph\">{\"@context\":\"https:\/\/schema.org\",\"@graph\":[{\"@type\":\"WebPage\",\"@id\":\"https:\/\/fullsolutions.info\/produto\/transmissores-de-pressao-absoluta-serie-900\/\",\"url\":\"https:\/\/fullsolutions.info\/produto\/transmissores-de-pressao-absoluta-serie-900\/\",\"name\":\"Transmissores de Press\u00e3o Absoluta - S\u00e9rie 900 - Full Solutions\",\"isPartOf\":{\"@id\":\"https:\/\/fullsolutions.info\/#website\"},\"primaryImageOfPage\":{\"@id\":\"https:\/\/fullsolutions.info\/produto\/transmissores-de-pressao-absoluta-serie-900\/#primaryimage\"},\"image\":{\"@id\":\"https:\/\/fullsolutions.info\/produto\/transmissores-de-pressao-absoluta-serie-900\/#primaryimage\"},\"thumbnailUrl\":\"https:\/\/mlhff0prgoxu.i.optimole.com\/cb:s0sM.767\/w:auto\/h:auto\/q:mauto\/f:best\/https:\/\/fullsolutions.info\/wp-content\/uploads\/2024\/02\/Absolute-Pressure-Transmitters-Series-900.jpeg\",\"datePublished\":\"2024-02-01T14:39:28+00:00\",\"dateModified\":\"2024-02-19T16:13:51+00:00\",\"breadcrumb\":{\"@id\":\"https:\/\/fullsolutions.info\/produto\/transmissores-de-pressao-absoluta-serie-900\/#breadcrumb\"},\"inLanguage\":\"en-US\",\"potentialAction\":[{\"@type\":\"ReadAction\",\"target\":[\"https:\/\/fullsolutions.info\/produto\/transmissores-de-pressao-absoluta-serie-900\/\"]}]},{\"@type\":\"ImageObject\",\"inLanguage\":\"en-US\",\"@id\":\"https:\/\/fullsolutions.info\/produto\/transmissores-de-pressao-absoluta-serie-900\/#primaryimage\",\"url\":\"https:\/\/mlhff0prgoxu.i.optimole.com\/cb:s0sM.767\/w:auto\/h:auto\/q:mauto\/f:best\/https:\/\/fullsolutions.info\/wp-content\/uploads\/2024\/02\/Absolute-Pressure-Transmitters-Series-900.jpeg\",\"contentUrl\":\"https:\/\/mlhff0prgoxu.i.optimole.com\/cb:s0sM.767\/w:auto\/h:auto\/q:mauto\/f:best\/https:\/\/fullsolutions.info\/wp-content\/uploads\/2024\/02\/Absolute-Pressure-Transmitters-Series-900.jpeg\",\"width\":154,\"height\":147},{\"@type\":\"BreadcrumbList\",\"@id\":\"https:\/\/fullsolutions.info\/produto\/transmissores-de-pressao-absoluta-serie-900\/#breadcrumb\",\"itemListElement\":[{\"@type\":\"ListItem\",\"position\":1,\"name\":\"In\u00edcio\",\"item\":\"https:\/\/fullsolutions.info\/\"},{\"@type\":\"ListItem\",\"position\":2,\"name\":\"Produtos\",\"item\":\"https:\/\/fullsolutions.info\/shop\/\"},{\"@type\":\"ListItem\",\"position\":3,\"name\":\"Transmissores de Press\u00e3o Absoluta &#8211; S\u00e9rie 900\"}]},{\"@type\":\"WebSite\",\"@id\":\"https:\/\/fullsolutions.info\/#website\",\"url\":\"https:\/\/fullsolutions.info\/\",\"name\":\"Full Solutions\",\"description\":\"Empresa na \u00c1rea de Procurement\",\"publisher\":{\"@id\":\"https:\/\/fullsolutions.info\/#organization\"},\"potentialAction\":[{\"@type\":\"SearchAction\",\"target\":{\"@type\":\"EntryPoint\",\"urlTemplate\":\"https:\/\/fullsolutions.info\/?s={search_term_string}\"},\"query-input\":{\"@type\":\"PropertyValueSpecification\",\"valueRequired\":true,\"valueName\":\"search_term_string\"}}],\"inLanguage\":\"en-US\"},{\"@type\":\"Organization\",\"@id\":\"https:\/\/fullsolutions.info\/#organization\",\"name\":\"Full Solutions\",\"url\":\"https:\/\/fullsolutions.info\/\",\"logo\":{\"@type\":\"ImageObject\",\"inLanguage\":\"en-US\",\"@id\":\"https:\/\/fullsolutions.info\/#\/schema\/logo\/image\/\",\"url\":\"https:\/\/mlhff0prgoxu.i.optimole.com\/cb:s0sM.767\/w:auto\/h:auto\/q:mauto\/f:best\/https:\/\/fullsolutions.info\/wp-content\/uploads\/2021\/07\/cropped-Design-sem-nome-300x193-1-e1627062664782.png\",\"contentUrl\":\"https:\/\/mlhff0prgoxu.i.optimole.com\/cb:s0sM.767\/w:auto\/h:auto\/q:mauto\/f:best\/https:\/\/fullsolutions.info\/wp-content\/uploads\/2021\/07\/cropped-Design-sem-nome-300x193-1-e1627062664782.png\",\"width\":202,\"height\":155,\"caption\":\"Full Solutions\"},\"image\":{\"@id\":\"https:\/\/fullsolutions.info\/#\/schema\/logo\/image\/\"},\"sameAs\":[\"https:\/\/www.linkedin.com\/company\/full-solutions-equipment\"]}]}<\/script>\n<!-- \/ Yoast SEO plugin. -->","yoast_head_json":{"title":"Transmissores de Press\u00e3o Absoluta - S\u00e9rie 900 - Full Solutions","robots":{"index":"index","follow":"follow","max-snippet":"max-snippet:-1","max-image-preview":"max-image-preview:large","max-video-preview":"max-video-preview:-1"},"canonical":"https:\/\/fullsolutions.info\/en\/product\/transmissores-de-pressao-absoluta-serie-900\/","og_locale":"en_US","og_type":"article","og_title":"Transmissores de Press\u00e3o Absoluta - S\u00e9rie 900 - Full Solutions","og_description":"Transmissores de press\u00e3o absoluta Honeywell-ST 3000 S\u00e9rie 900 Os Transmissores de Press\u00e3o Absoluta ST 3000 S\u00e9rie 900 s\u00e3o usados \u200b\u200bem aplica\u00e7\u00f5es nas quais \u00e9 necess\u00e1ria alta precis\u00e3o na faixa de press\u00e3o do v\u00e1cuo. As aplica\u00e7\u00f5es t\u00edpicas incluem medi\u00e7\u00e3o de baixa press\u00e3o em colunas de destila\u00e7\u00e3o a v\u00e1cuo, onde a economia de energia \u00e9 diretamente proporcional ao v\u00e1cuo na coluna. &nbsp; Os econ\u00f4micos transmissores de press\u00e3o absoluta ST 3000 S\u00e9rie 900 est\u00e3o dispon\u00edveis em duas variantes \u2013 em linha (STA92L\/STA94L) e de cabe\u00e7a \u00fanica (STA922\/STA940). STA922: 0 a 780 mmHgA; 0 a 1.040 mbarA STA92L: 0 a 780 mmHgA; 0 a 1.040 mbarA STA940: 0 a 500 psia; 0 a 35barA STA94L: 0 a 500 psia; 0 a 35barA Os transmissores lideram a ind\u00fastria em confiabilidade e estabilidade: Estabilidade = +\/-0,01% ao ano Confiabilidade = 470 anos MTBF Autodiagn\u00f3sticos abrangentes e tr\u00eas n\u00edveis de relat\u00f3rios de falhas ajudam os usu\u00e1rios a evitar paralisa\u00e7\u00f5es dispendiosas, atender aos requisitos regulamentares e atingir altos padr\u00f5es de qualidade. Os transmissores de press\u00e3o podem ser usados \u200b\u200bem uma ampla gama de ambientes perigosos com perfeita seguran\u00e7a para fornecer medi\u00e7\u00f5es de press\u00e3o comprovadas e repet\u00edveis.","og_url":"https:\/\/fullsolutions.info\/en\/product\/transmissores-de-pressao-absoluta-serie-900\/","og_site_name":"Full Solutions","article_modified_time":"2024-02-19T16:13:51+00:00","og_image":[{"width":154,"height":147,"url":"https:\/\/mlhff0prgoxu.i.optimole.com\/cb:s0sM.767\/w:auto\/h:auto\/q:mauto\/f:best\/https:\/\/fullsolutions.info\/wp-content\/uploads\/2024\/02\/Absolute-Pressure-Transmitters-Series-900.jpeg","type":"image\/jpeg"}],"twitter_card":"summary_large_image","twitter_misc":{"Est. reading time":"1 minute"},"schema":{"@context":"https:\/\/schema.org","@graph":[{"@type":"WebPage","@id":"https:\/\/fullsolutions.info\/produto\/transmissores-de-pressao-absoluta-serie-900\/","url":"https:\/\/fullsolutions.info\/produto\/transmissores-de-pressao-absoluta-serie-900\/","name":"Transmissores de Press\u00e3o Absoluta - S\u00e9rie 900 - Full Solutions","isPartOf":{"@id":"https:\/\/fullsolutions.info\/#website"},"primaryImageOfPage":{"@id":"https:\/\/fullsolutions.info\/produto\/transmissores-de-pressao-absoluta-serie-900\/#primaryimage"},"image":{"@id":"https:\/\/fullsolutions.info\/produto\/transmissores-de-pressao-absoluta-serie-900\/#primaryimage"},"thumbnailUrl":"https:\/\/mlhff0prgoxu.i.optimole.com\/cb:s0sM.767\/w:auto\/h:auto\/q:mauto\/f:best\/https:\/\/fullsolutions.info\/wp-content\/uploads\/2024\/02\/Absolute-Pressure-Transmitters-Series-900.jpeg","datePublished":"2024-02-01T14:39:28+00:00","dateModified":"2024-02-19T16:13:51+00:00","breadcrumb":{"@id":"https:\/\/fullsolutions.info\/produto\/transmissores-de-pressao-absoluta-serie-900\/#breadcrumb"},"inLanguage":"en-US","potentialAction":[{"@type":"ReadAction","target":["https:\/\/fullsolutions.info\/produto\/transmissores-de-pressao-absoluta-serie-900\/"]}]},{"@type":"ImageObject","inLanguage":"en-US","@id":"https:\/\/fullsolutions.info\/produto\/transmissores-de-pressao-absoluta-serie-900\/#primaryimage","url":"https:\/\/mlhff0prgoxu.i.optimole.com\/cb:s0sM.767\/w:auto\/h:auto\/q:mauto\/f:best\/https:\/\/fullsolutions.info\/wp-content\/uploads\/2024\/02\/Absolute-Pressure-Transmitters-Series-900.jpeg","contentUrl":"https:\/\/mlhff0prgoxu.i.optimole.com\/cb:s0sM.767\/w:auto\/h:auto\/q:mauto\/f:best\/https:\/\/fullsolutions.info\/wp-content\/uploads\/2024\/02\/Absolute-Pressure-Transmitters-Series-900.jpeg","width":154,"height":147},{"@type":"BreadcrumbList","@id":"https:\/\/fullsolutions.info\/produto\/transmissores-de-pressao-absoluta-serie-900\/#breadcrumb","itemListElement":[{"@type":"ListItem","position":1,"name":"In\u00edcio","item":"https:\/\/fullsolutions.info\/"},{"@type":"ListItem","position":2,"name":"Produtos","item":"https:\/\/fullsolutions.info\/shop\/"},{"@type":"ListItem","position":3,"name":"Transmissores de Press\u00e3o Absoluta &#8211; S\u00e9rie 900"}]},{"@type":"WebSite","@id":"https:\/\/fullsolutions.info\/#website","url":"https:\/\/fullsolutions.info\/","name":"Full Solutions","description":"Empresa na \u00c1rea de Procurement","publisher":{"@id":"https:\/\/fullsolutions.info\/#organization"},"potentialAction":[{"@type":"SearchAction","target":{"@type":"EntryPoint","urlTemplate":"https:\/\/fullsolutions.info\/?s={search_term_string}"},"query-input":{"@type":"PropertyValueSpecification","valueRequired":true,"valueName":"search_term_string"}}],"inLanguage":"en-US"},{"@type":"Organization","@id":"https:\/\/fullsolutions.info\/#organization","name":"Full Solutions","url":"https:\/\/fullsolutions.info\/","logo":{"@type":"ImageObject","inLanguage":"en-US","@id":"https:\/\/fullsolutions.info\/#\/schema\/logo\/image\/","url":"https:\/\/mlhff0prgoxu.i.optimole.com\/cb:s0sM.767\/w:auto\/h:auto\/q:mauto\/f:best\/https:\/\/fullsolutions.info\/wp-content\/uploads\/2021\/07\/cropped-Design-sem-nome-300x193-1-e1627062664782.png","contentUrl":"https:\/\/mlhff0prgoxu.i.optimole.com\/cb:s0sM.767\/w:auto\/h:auto\/q:mauto\/f:best\/https:\/\/fullsolutions.info\/wp-content\/uploads\/2021\/07\/cropped-Design-sem-nome-300x193-1-e1627062664782.png","width":202,"height":155,"caption":"Full Solutions"},"image":{"@id":"https:\/\/fullsolutions.info\/#\/schema\/logo\/image\/"},"sameAs":["https:\/\/www.linkedin.com\/company\/full-solutions-equipment"]}]}},"_links":{"self":[{"href":"https:\/\/fullsolutions.info\/en\/wp-json\/wp\/v2\/product\/4126","targetHints":{"allow":["GET"]}}],"collection":[{"href":"https:\/\/fullsolutions.info\/en\/wp-json\/wp\/v2\/product"}],"about":[{"href":"https:\/\/fullsolutions.info\/en\/wp-json\/wp\/v2\/types\/product"}],"replies":[{"embeddable":true,"href":"https:\/\/fullsolutions.info\/en\/wp-json\/wp\/v2\/comments?post=4126"}],"wp:featuredmedia":[{"embeddable":true,"href":"https:\/\/fullsolutions.info\/en\/wp-json\/wp\/v2\/media\/4127"}],"wp:attachment":[{"href":"https:\/\/fullsolutions.info\/en\/wp-json\/wp\/v2\/media?parent=4126"}],"wp:term":[{"taxonomy":"product_brand","embeddable":true,"href":"https:\/\/fullsolutions.info\/en\/wp-json\/wp\/v2\/product_brand?post=4126"},{"taxonomy":"product_cat","embeddable":true,"href":"https:\/\/fullsolutions.info\/en\/wp-json\/wp\/v2\/product_cat?post=4126"},{"taxonomy":"product_tag","embeddable":true,"href":"https:\/\/fullsolutions.info\/en\/wp-json\/wp\/v2\/product_tag?post=4126"},{"taxonomy":"marca","embeddable":true,"href":"https:\/\/fullsolutions.info\/en\/wp-json\/wp\/v2\/marca?post=4126"}],"curies":[{"name":"wp","href":"https:\/\/api.w.org\/{rel}","templated":true}]}}