{"id":4124,"date":"2024-02-01T14:36:56","date_gmt":"2024-02-01T14:36:56","guid":{"rendered":"https:\/\/fullsolutionsequip.com\/?post_type=product&#038;p=4124"},"modified":"2024-02-19T16:13:51","modified_gmt":"2024-02-19T16:13:51","slug":"transmissores-de-pressao-diferencial-serie-900","status":"publish","type":"product","link":"https:\/\/fullsolutions.info\/en\/product\/transmissores-de-pressao-diferencial-serie-900\/","title":{"rendered":"Transmissores de Press\u00e3o Diferencial S\u00e9rie 900"},"content":{"rendered":"<p>Transmissores de press\u00e3o diferencial Honeywell ST 3000 S\u00e9rie 900<br \/>\nOs Transmissores de Press\u00e3o Diferencial ST 3000 S\u00e9rie 900 trazem tecnologia inteligente comprovada para um amplo espectro de aplica\u00e7\u00f5es de medi\u00e7\u00e3o de press\u00e3o, desde taxa de fluxo de ar de combust\u00e3o de forno at\u00e9 medi\u00e7\u00e3o hidrost\u00e1tica de tanques. Os transmissores podem ser usados \u200b\u200bcom qualquer elemento de vaz\u00e3o prim\u00e1rio para fornecer medi\u00e7\u00f5es de vaz\u00e3o comprovadas e repet\u00edveis.<br \/>\nTr\u00eas faixas mais comuns de Transmissores de Press\u00e3o Diferencial ST 3000 S\u00e9rie 900 de 400\u201d H2O a 3000 psi est\u00e3o dispon\u00edveis para aplica\u00e7\u00e3o:<\/p>\n<p>STD924 0 a 400 polH2O 0 a 1.000 mbar<br \/>\nSTD930 0 a 100 psi 0 a 7.000 mbar<br \/>\nSTD974 0 a 3.000 psi 0 a 210.000 mbar<br \/>\nOs transmissores fornecem autodiagn\u00f3stico abrangente para ajudar os usu\u00e1rios a manter um alto tempo de atividade, atender aos requisitos regulamentares e atingir altos padr\u00f5es de qualidade. Precisos, confi\u00e1veis \u200b\u200be est\u00e1veis, os transmissores oferecem maior taxa de abertura do que os transmissores convencionais.<\/p>\n<p>Al\u00e9m disso, os transmissores podem ser usados \u200b\u200bem uma ampla gama de ambientes perigosos com perfeita seguran\u00e7a para fornecer medi\u00e7\u00f5es de press\u00e3o comprovadas e repet\u00edveis.<\/p>","protected":false},"excerpt":{"rendered":"<p>Transmissores de press\u00e3o diferencial Honeywell ST 3000 S\u00e9rie 900 Os Transmissores de Press\u00e3o Diferencial ST 3000 S\u00e9rie 900 trazem tecnologia inteligente comprovada para um amplo espectro de aplica\u00e7\u00f5es de medi\u00e7\u00e3o de press\u00e3o, desde taxa de fluxo de ar de combust\u00e3o de forno at\u00e9 medi\u00e7\u00e3o hidrost\u00e1tica de tanques. Os transmissores podem ser usados \u200b\u200bcom qualquer elemento de vaz\u00e3o prim\u00e1rio para fornecer medi\u00e7\u00f5es de vaz\u00e3o comprovadas e repet\u00edveis. Tr\u00eas faixas mais comuns de Transmissores de Press\u00e3o Diferencial ST 3000 S\u00e9rie 900 de 400\u201d H2O a 3000 psi est\u00e3o dispon\u00edveis para aplica\u00e7\u00e3o: STD924 0 a 400 polH2O 0 a 1.000 mbar STD930 0 a 100 psi 0 a 7.000 mbar STD974 0 a 3.000 psi 0 a 210.000 mbar Os transmissores fornecem autodiagn\u00f3stico abrangente para ajudar os usu\u00e1rios a manter um alto tempo de atividade, atender aos requisitos regulamentares e atingir altos padr\u00f5es de qualidade. Precisos, confi\u00e1veis \u200b\u200be est\u00e1veis, os transmissores oferecem maior taxa de abertura do que os transmissores convencionais. Al\u00e9m disso, os transmissores podem ser usados \u200b\u200bem uma ampla gama de ambientes perigosos com perfeita seguran\u00e7a para fornecer medi\u00e7\u00f5es de press\u00e3o comprovadas e repet\u00edveis.<\/p>","protected":false},"featured_media":4125,"comment_status":"open","ping_status":"closed","template":"","meta":{"_joinchat":[]},"product_brand":[],"product_cat":[140],"product_tag":[],"marca":[142],"class_list":{"0":"post-4124","1":"product","2":"type-product","3":"status-publish","4":"has-post-thumbnail","6":"product_cat-transmissores","7":"marca-honeywell","9":"first","10":"instock","11":"shipping-taxable","12":"purchasable","13":"product-type-simple"},"yoast_head":"<!-- This site is optimized with the Yoast SEO plugin v27.2 - https:\/\/yoast.com\/product\/yoast-seo-wordpress\/ -->\n<title>Transmissores de Press\u00e3o Diferencial S\u00e9rie 900 - Full Solutions<\/title>\n<meta name=\"robots\" content=\"index, follow, max-snippet:-1, max-image-preview:large, max-video-preview:-1\" \/>\n<link rel=\"canonical\" href=\"https:\/\/fullsolutions.info\/en\/product\/transmissores-de-pressao-diferencial-serie-900\/\" \/>\n<meta property=\"og:locale\" content=\"en_US\" \/>\n<meta property=\"og:type\" content=\"article\" \/>\n<meta property=\"og:title\" content=\"Transmissores de Press\u00e3o Diferencial S\u00e9rie 900 - Full Solutions\" \/>\n<meta property=\"og:description\" content=\"Transmissores de press\u00e3o diferencial Honeywell ST 3000 S\u00e9rie 900 Os Transmissores de Press\u00e3o Diferencial ST 3000 S\u00e9rie 900 trazem tecnologia inteligente comprovada para um amplo espectro de aplica\u00e7\u00f5es de medi\u00e7\u00e3o de press\u00e3o, desde taxa de fluxo de ar de combust\u00e3o de forno at\u00e9 medi\u00e7\u00e3o hidrost\u00e1tica de tanques. Os transmissores podem ser usados \u200b\u200bcom qualquer elemento de vaz\u00e3o prim\u00e1rio para fornecer medi\u00e7\u00f5es de vaz\u00e3o comprovadas e repet\u00edveis. Tr\u00eas faixas mais comuns de Transmissores de Press\u00e3o Diferencial ST 3000 S\u00e9rie 900 de 400\u201d H2O a 3000 psi est\u00e3o dispon\u00edveis para aplica\u00e7\u00e3o: STD924 0 a 400 polH2O 0 a 1.000 mbar STD930 0 a 100 psi 0 a 7.000 mbar STD974 0 a 3.000 psi 0 a 210.000 mbar Os transmissores fornecem autodiagn\u00f3stico abrangente para ajudar os usu\u00e1rios a manter um alto tempo de atividade, atender aos requisitos regulamentares e atingir altos padr\u00f5es de qualidade. Precisos, confi\u00e1veis \u200b\u200be est\u00e1veis, os transmissores oferecem maior taxa de abertura do que os transmissores convencionais. Al\u00e9m disso, os transmissores podem ser usados \u200b\u200bem uma ampla gama de ambientes perigosos com perfeita seguran\u00e7a para fornecer medi\u00e7\u00f5es de press\u00e3o comprovadas e repet\u00edveis.\" \/>\n<meta property=\"og:url\" content=\"https:\/\/fullsolutions.info\/en\/product\/transmissores-de-pressao-diferencial-serie-900\/\" \/>\n<meta property=\"og:site_name\" content=\"Full Solutions\" \/>\n<meta property=\"article:modified_time\" content=\"2024-02-19T16:13:51+00:00\" \/>\n<meta property=\"og:image\" content=\"https:\/\/mlhff0prgoxu.i.optimole.com\/cb:s0sM.767\/w:auto\/h:auto\/q:mauto\/f:best\/https:\/\/fullsolutions.info\/wp-content\/uploads\/2024\/02\/Differential-Pressure-Transmitters-Series-900.jpeg\" \/>\n\t<meta property=\"og:image:width\" content=\"252\" \/>\n\t<meta property=\"og:image:height\" content=\"362\" \/>\n\t<meta property=\"og:image:type\" content=\"image\/jpeg\" \/>\n<meta name=\"twitter:card\" content=\"summary_large_image\" \/>\n<meta name=\"twitter:label1\" content=\"Est. reading time\" \/>\n\t<meta name=\"twitter:data1\" content=\"1 minute\" \/>\n<script type=\"application\/ld+json\" class=\"yoast-schema-graph\">{\"@context\":\"https:\/\/schema.org\",\"@graph\":[{\"@type\":\"WebPage\",\"@id\":\"https:\/\/fullsolutions.info\/produto\/transmissores-de-pressao-diferencial-serie-900\/\",\"url\":\"https:\/\/fullsolutions.info\/produto\/transmissores-de-pressao-diferencial-serie-900\/\",\"name\":\"Transmissores de Press\u00e3o Diferencial S\u00e9rie 900 - Full Solutions\",\"isPartOf\":{\"@id\":\"https:\/\/fullsolutions.info\/#website\"},\"primaryImageOfPage\":{\"@id\":\"https:\/\/fullsolutions.info\/produto\/transmissores-de-pressao-diferencial-serie-900\/#primaryimage\"},\"image\":{\"@id\":\"https:\/\/fullsolutions.info\/produto\/transmissores-de-pressao-diferencial-serie-900\/#primaryimage\"},\"thumbnailUrl\":\"https:\/\/mlhff0prgoxu.i.optimole.com\/cb:s0sM.767\/w:auto\/h:auto\/q:mauto\/f:best\/https:\/\/fullsolutions.info\/wp-content\/uploads\/2024\/02\/Differential-Pressure-Transmitters-Series-900.jpeg\",\"datePublished\":\"2024-02-01T14:36:56+00:00\",\"dateModified\":\"2024-02-19T16:13:51+00:00\",\"breadcrumb\":{\"@id\":\"https:\/\/fullsolutions.info\/produto\/transmissores-de-pressao-diferencial-serie-900\/#breadcrumb\"},\"inLanguage\":\"en-US\",\"potentialAction\":[{\"@type\":\"ReadAction\",\"target\":[\"https:\/\/fullsolutions.info\/produto\/transmissores-de-pressao-diferencial-serie-900\/\"]}]},{\"@type\":\"ImageObject\",\"inLanguage\":\"en-US\",\"@id\":\"https:\/\/fullsolutions.info\/produto\/transmissores-de-pressao-diferencial-serie-900\/#primaryimage\",\"url\":\"https:\/\/mlhff0prgoxu.i.optimole.com\/cb:s0sM.767\/w:auto\/h:auto\/q:mauto\/f:best\/https:\/\/fullsolutions.info\/wp-content\/uploads\/2024\/02\/Differential-Pressure-Transmitters-Series-900.jpeg\",\"contentUrl\":\"https:\/\/mlhff0prgoxu.i.optimole.com\/cb:s0sM.767\/w:auto\/h:auto\/q:mauto\/f:best\/https:\/\/fullsolutions.info\/wp-content\/uploads\/2024\/02\/Differential-Pressure-Transmitters-Series-900.jpeg\",\"width\":252,\"height\":362},{\"@type\":\"BreadcrumbList\",\"@id\":\"https:\/\/fullsolutions.info\/produto\/transmissores-de-pressao-diferencial-serie-900\/#breadcrumb\",\"itemListElement\":[{\"@type\":\"ListItem\",\"position\":1,\"name\":\"In\u00edcio\",\"item\":\"https:\/\/fullsolutions.info\/\"},{\"@type\":\"ListItem\",\"position\":2,\"name\":\"Produtos\",\"item\":\"https:\/\/fullsolutions.info\/shop\/\"},{\"@type\":\"ListItem\",\"position\":3,\"name\":\"Transmissores de Press\u00e3o Diferencial S\u00e9rie 900\"}]},{\"@type\":\"WebSite\",\"@id\":\"https:\/\/fullsolutions.info\/#website\",\"url\":\"https:\/\/fullsolutions.info\/\",\"name\":\"Full Solutions\",\"description\":\"Empresa na \u00c1rea de Procurement\",\"publisher\":{\"@id\":\"https:\/\/fullsolutions.info\/#organization\"},\"potentialAction\":[{\"@type\":\"SearchAction\",\"target\":{\"@type\":\"EntryPoint\",\"urlTemplate\":\"https:\/\/fullsolutions.info\/?s={search_term_string}\"},\"query-input\":{\"@type\":\"PropertyValueSpecification\",\"valueRequired\":true,\"valueName\":\"search_term_string\"}}],\"inLanguage\":\"en-US\"},{\"@type\":\"Organization\",\"@id\":\"https:\/\/fullsolutions.info\/#organization\",\"name\":\"Full Solutions\",\"url\":\"https:\/\/fullsolutions.info\/\",\"logo\":{\"@type\":\"ImageObject\",\"inLanguage\":\"en-US\",\"@id\":\"https:\/\/fullsolutions.info\/#\/schema\/logo\/image\/\",\"url\":\"https:\/\/mlhff0prgoxu.i.optimole.com\/cb:s0sM.767\/w:auto\/h:auto\/q:mauto\/f:best\/https:\/\/fullsolutions.info\/wp-content\/uploads\/2021\/07\/cropped-Design-sem-nome-300x193-1-e1627062664782.png\",\"contentUrl\":\"https:\/\/mlhff0prgoxu.i.optimole.com\/cb:s0sM.767\/w:auto\/h:auto\/q:mauto\/f:best\/https:\/\/fullsolutions.info\/wp-content\/uploads\/2021\/07\/cropped-Design-sem-nome-300x193-1-e1627062664782.png\",\"width\":202,\"height\":155,\"caption\":\"Full Solutions\"},\"image\":{\"@id\":\"https:\/\/fullsolutions.info\/#\/schema\/logo\/image\/\"},\"sameAs\":[\"https:\/\/www.linkedin.com\/company\/full-solutions-equipment\"]}]}<\/script>\n<!-- \/ Yoast SEO plugin. -->","yoast_head_json":{"title":"Transmissores de Press\u00e3o Diferencial S\u00e9rie 900 - Full Solutions","robots":{"index":"index","follow":"follow","max-snippet":"max-snippet:-1","max-image-preview":"max-image-preview:large","max-video-preview":"max-video-preview:-1"},"canonical":"https:\/\/fullsolutions.info\/en\/product\/transmissores-de-pressao-diferencial-serie-900\/","og_locale":"en_US","og_type":"article","og_title":"Transmissores de Press\u00e3o Diferencial S\u00e9rie 900 - Full Solutions","og_description":"Transmissores de press\u00e3o diferencial Honeywell ST 3000 S\u00e9rie 900 Os Transmissores de Press\u00e3o Diferencial ST 3000 S\u00e9rie 900 trazem tecnologia inteligente comprovada para um amplo espectro de aplica\u00e7\u00f5es de medi\u00e7\u00e3o de press\u00e3o, desde taxa de fluxo de ar de combust\u00e3o de forno at\u00e9 medi\u00e7\u00e3o hidrost\u00e1tica de tanques. Os transmissores podem ser usados \u200b\u200bcom qualquer elemento de vaz\u00e3o prim\u00e1rio para fornecer medi\u00e7\u00f5es de vaz\u00e3o comprovadas e repet\u00edveis. Tr\u00eas faixas mais comuns de Transmissores de Press\u00e3o Diferencial ST 3000 S\u00e9rie 900 de 400\u201d H2O a 3000 psi est\u00e3o dispon\u00edveis para aplica\u00e7\u00e3o: STD924 0 a 400 polH2O 0 a 1.000 mbar STD930 0 a 100 psi 0 a 7.000 mbar STD974 0 a 3.000 psi 0 a 210.000 mbar Os transmissores fornecem autodiagn\u00f3stico abrangente para ajudar os usu\u00e1rios a manter um alto tempo de atividade, atender aos requisitos regulamentares e atingir altos padr\u00f5es de qualidade. Precisos, confi\u00e1veis \u200b\u200be est\u00e1veis, os transmissores oferecem maior taxa de abertura do que os transmissores convencionais. Al\u00e9m disso, os transmissores podem ser usados \u200b\u200bem uma ampla gama de ambientes perigosos com perfeita seguran\u00e7a para fornecer medi\u00e7\u00f5es de press\u00e3o comprovadas e repet\u00edveis.","og_url":"https:\/\/fullsolutions.info\/en\/product\/transmissores-de-pressao-diferencial-serie-900\/","og_site_name":"Full Solutions","article_modified_time":"2024-02-19T16:13:51+00:00","og_image":[{"width":252,"height":362,"url":"https:\/\/mlhff0prgoxu.i.optimole.com\/cb:s0sM.767\/w:auto\/h:auto\/q:mauto\/f:best\/https:\/\/fullsolutions.info\/wp-content\/uploads\/2024\/02\/Differential-Pressure-Transmitters-Series-900.jpeg","type":"image\/jpeg"}],"twitter_card":"summary_large_image","twitter_misc":{"Est. reading time":"1 minute"},"schema":{"@context":"https:\/\/schema.org","@graph":[{"@type":"WebPage","@id":"https:\/\/fullsolutions.info\/produto\/transmissores-de-pressao-diferencial-serie-900\/","url":"https:\/\/fullsolutions.info\/produto\/transmissores-de-pressao-diferencial-serie-900\/","name":"Transmissores de Press\u00e3o Diferencial S\u00e9rie 900 - Full Solutions","isPartOf":{"@id":"https:\/\/fullsolutions.info\/#website"},"primaryImageOfPage":{"@id":"https:\/\/fullsolutions.info\/produto\/transmissores-de-pressao-diferencial-serie-900\/#primaryimage"},"image":{"@id":"https:\/\/fullsolutions.info\/produto\/transmissores-de-pressao-diferencial-serie-900\/#primaryimage"},"thumbnailUrl":"https:\/\/mlhff0prgoxu.i.optimole.com\/cb:s0sM.767\/w:auto\/h:auto\/q:mauto\/f:best\/https:\/\/fullsolutions.info\/wp-content\/uploads\/2024\/02\/Differential-Pressure-Transmitters-Series-900.jpeg","datePublished":"2024-02-01T14:36:56+00:00","dateModified":"2024-02-19T16:13:51+00:00","breadcrumb":{"@id":"https:\/\/fullsolutions.info\/produto\/transmissores-de-pressao-diferencial-serie-900\/#breadcrumb"},"inLanguage":"en-US","potentialAction":[{"@type":"ReadAction","target":["https:\/\/fullsolutions.info\/produto\/transmissores-de-pressao-diferencial-serie-900\/"]}]},{"@type":"ImageObject","inLanguage":"en-US","@id":"https:\/\/fullsolutions.info\/produto\/transmissores-de-pressao-diferencial-serie-900\/#primaryimage","url":"https:\/\/mlhff0prgoxu.i.optimole.com\/cb:s0sM.767\/w:auto\/h:auto\/q:mauto\/f:best\/https:\/\/fullsolutions.info\/wp-content\/uploads\/2024\/02\/Differential-Pressure-Transmitters-Series-900.jpeg","contentUrl":"https:\/\/mlhff0prgoxu.i.optimole.com\/cb:s0sM.767\/w:auto\/h:auto\/q:mauto\/f:best\/https:\/\/fullsolutions.info\/wp-content\/uploads\/2024\/02\/Differential-Pressure-Transmitters-Series-900.jpeg","width":252,"height":362},{"@type":"BreadcrumbList","@id":"https:\/\/fullsolutions.info\/produto\/transmissores-de-pressao-diferencial-serie-900\/#breadcrumb","itemListElement":[{"@type":"ListItem","position":1,"name":"In\u00edcio","item":"https:\/\/fullsolutions.info\/"},{"@type":"ListItem","position":2,"name":"Produtos","item":"https:\/\/fullsolutions.info\/shop\/"},{"@type":"ListItem","position":3,"name":"Transmissores de Press\u00e3o Diferencial S\u00e9rie 900"}]},{"@type":"WebSite","@id":"https:\/\/fullsolutions.info\/#website","url":"https:\/\/fullsolutions.info\/","name":"Full Solutions","description":"Empresa na \u00c1rea de Procurement","publisher":{"@id":"https:\/\/fullsolutions.info\/#organization"},"potentialAction":[{"@type":"SearchAction","target":{"@type":"EntryPoint","urlTemplate":"https:\/\/fullsolutions.info\/?s={search_term_string}"},"query-input":{"@type":"PropertyValueSpecification","valueRequired":true,"valueName":"search_term_string"}}],"inLanguage":"en-US"},{"@type":"Organization","@id":"https:\/\/fullsolutions.info\/#organization","name":"Full Solutions","url":"https:\/\/fullsolutions.info\/","logo":{"@type":"ImageObject","inLanguage":"en-US","@id":"https:\/\/fullsolutions.info\/#\/schema\/logo\/image\/","url":"https:\/\/mlhff0prgoxu.i.optimole.com\/cb:s0sM.767\/w:auto\/h:auto\/q:mauto\/f:best\/https:\/\/fullsolutions.info\/wp-content\/uploads\/2021\/07\/cropped-Design-sem-nome-300x193-1-e1627062664782.png","contentUrl":"https:\/\/mlhff0prgoxu.i.optimole.com\/cb:s0sM.767\/w:auto\/h:auto\/q:mauto\/f:best\/https:\/\/fullsolutions.info\/wp-content\/uploads\/2021\/07\/cropped-Design-sem-nome-300x193-1-e1627062664782.png","width":202,"height":155,"caption":"Full Solutions"},"image":{"@id":"https:\/\/fullsolutions.info\/#\/schema\/logo\/image\/"},"sameAs":["https:\/\/www.linkedin.com\/company\/full-solutions-equipment"]}]}},"_links":{"self":[{"href":"https:\/\/fullsolutions.info\/en\/wp-json\/wp\/v2\/product\/4124","targetHints":{"allow":["GET"]}}],"collection":[{"href":"https:\/\/fullsolutions.info\/en\/wp-json\/wp\/v2\/product"}],"about":[{"href":"https:\/\/fullsolutions.info\/en\/wp-json\/wp\/v2\/types\/product"}],"replies":[{"embeddable":true,"href":"https:\/\/fullsolutions.info\/en\/wp-json\/wp\/v2\/comments?post=4124"}],"wp:featuredmedia":[{"embeddable":true,"href":"https:\/\/fullsolutions.info\/en\/wp-json\/wp\/v2\/media\/4125"}],"wp:attachment":[{"href":"https:\/\/fullsolutions.info\/en\/wp-json\/wp\/v2\/media?parent=4124"}],"wp:term":[{"taxonomy":"product_brand","embeddable":true,"href":"https:\/\/fullsolutions.info\/en\/wp-json\/wp\/v2\/product_brand?post=4124"},{"taxonomy":"product_cat","embeddable":true,"href":"https:\/\/fullsolutions.info\/en\/wp-json\/wp\/v2\/product_cat?post=4124"},{"taxonomy":"product_tag","embeddable":true,"href":"https:\/\/fullsolutions.info\/en\/wp-json\/wp\/v2\/product_tag?post=4124"},{"taxonomy":"marca","embeddable":true,"href":"https:\/\/fullsolutions.info\/en\/wp-json\/wp\/v2\/marca?post=4124"}],"curies":[{"name":"wp","href":"https:\/\/api.w.org\/{rel}","templated":true}]}}