{"id":4122,"date":"2024-02-01T14:34:05","date_gmt":"2024-02-01T14:34:05","guid":{"rendered":"https:\/\/fullsolutionsequip.com\/?post_type=product&#038;p=4122"},"modified":"2024-02-19T16:13:51","modified_gmt":"2024-02-19T16:13:51","slug":"transmissores-de-pressao-manometrica-serie-900","status":"publish","type":"product","link":"https:\/\/fullsolutions.info\/en\/product\/transmissores-de-pressao-manometrica-serie-900\/","title":{"rendered":"Transmissores de Press\u00e3o Manom\u00e9trica &#8211; S\u00e9rie 900"},"content":{"rendered":"<p>Transmissores de press\u00e3o manom\u00e9trica Honeywell ST 3000 S\u00e9rie 900<br \/>\nOs transmissores de press\u00e3o manom\u00e9trica ST 3000 S\u00e9rie 900 da Honeywell s\u00e3o ideais para aplica\u00e7\u00f5es como medi\u00e7\u00e3o de alta press\u00e3o em caldeiras, alimenta\u00e7\u00f5es de combust\u00edvel e vasos de rea\u00e7\u00e3o de alta press\u00e3o nas ind\u00fastrias petroqu\u00edmica e de recupera\u00e7\u00e3o de hidrocarbonetos ou em qualquer local onde precis\u00e3o e confiabilidade s\u00e3o cruciais para seguran\u00e7a e economia opera\u00e7\u00f5es.<\/p>\n<p>&nbsp;<\/p>\n<p>Os transmissores de press\u00e3o manom\u00e9trica ST 3000 S\u00e9rie 900 oferecem aos usu\u00e1rios a op\u00e7\u00e3o de escolher entre modelos de cabe\u00e7ote duplo e em linha para atender aos requisitos de interface do processo. Seis modelos comuns de transmissores variando de 500 psi a 10.000 psi est\u00e3o dispon\u00edveis para aplica\u00e7\u00e3o:<\/p>\n<p>STG944: 0 a 500 psi; 0 a 35 barras<br \/>\nSTG94L: 0 a 500 psi; 0 a 35 barras<br \/>\nSTG974: 0 a 3000 psi; 0 a 210 barras<br \/>\nSTG97L: 0 a 3000 psi; 0 a 210 barras<br \/>\nSTG98L: 0 a 6000 psi; 0 a 415 barras<br \/>\nSTG99L: 0 a 10.000 psi; 0 a 690 barras<br \/>\nEsses transmissores econ\u00f4micos oferecem:<\/p>\n<p>Estabilidade = +\/-0,01% ao ano<br \/>\nConfiabilidade = 470 anos MTBF<\/p>","protected":false},"excerpt":{"rendered":"<p>Transmissores de press\u00e3o manom\u00e9trica Honeywell ST 3000 S\u00e9rie 900 Os transmissores de press\u00e3o manom\u00e9trica ST 3000 S\u00e9rie 900 da Honeywell s\u00e3o ideais para aplica\u00e7\u00f5es como medi\u00e7\u00e3o de alta press\u00e3o em caldeiras, alimenta\u00e7\u00f5es de combust\u00edvel e vasos de rea\u00e7\u00e3o de alta press\u00e3o nas ind\u00fastrias petroqu\u00edmica e de recupera\u00e7\u00e3o de hidrocarbonetos ou em qualquer local onde precis\u00e3o e confiabilidade s\u00e3o cruciais para seguran\u00e7a e economia opera\u00e7\u00f5es. &nbsp; Os transmissores de press\u00e3o manom\u00e9trica ST 3000 S\u00e9rie 900 oferecem aos usu\u00e1rios a op\u00e7\u00e3o de escolher entre modelos de cabe\u00e7ote duplo e em linha para atender aos requisitos de interface do processo. Seis modelos comuns de transmissores variando de 500 psi a 10.000 psi est\u00e3o dispon\u00edveis para aplica\u00e7\u00e3o: STG944: 0 a 500 psi; 0 a 35 barras STG94L: 0 a 500 psi; 0 a 35 barras STG974: 0 a 3000 psi; 0 a 210 barras STG97L: 0 a 3000 psi; 0 a 210 barras STG98L: 0 a 6000 psi; 0 a 415 barras STG99L: 0 a 10.000 psi; 0 a 690 barras Esses transmissores econ\u00f4micos oferecem: Estabilidade = +\/-0,01% ao ano Confiabilidade = 470 anos MTBF<\/p>","protected":false},"featured_media":4123,"comment_status":"open","ping_status":"closed","template":"","meta":{"_joinchat":[]},"product_brand":[],"product_cat":[140],"product_tag":[],"marca":[142],"class_list":{"0":"post-4122","1":"product","2":"type-product","3":"status-publish","4":"has-post-thumbnail","6":"product_cat-transmissores","7":"marca-honeywell","9":"first","10":"instock","11":"shipping-taxable","12":"purchasable","13":"product-type-simple"},"yoast_head":"<!-- This site is optimized with the Yoast SEO plugin v27.2 - https:\/\/yoast.com\/product\/yoast-seo-wordpress\/ -->\n<title>Transmissores de Press\u00e3o Manom\u00e9trica - S\u00e9rie 900 - Full Solutions<\/title>\n<meta name=\"robots\" content=\"index, follow, max-snippet:-1, max-image-preview:large, max-video-preview:-1\" \/>\n<link rel=\"canonical\" href=\"https:\/\/fullsolutions.info\/en\/product\/transmissores-de-pressao-manometrica-serie-900\/\" \/>\n<meta property=\"og:locale\" content=\"en_US\" \/>\n<meta property=\"og:type\" content=\"article\" \/>\n<meta property=\"og:title\" content=\"Transmissores de Press\u00e3o Manom\u00e9trica - S\u00e9rie 900 - Full Solutions\" \/>\n<meta property=\"og:description\" content=\"Transmissores de press\u00e3o manom\u00e9trica Honeywell ST 3000 S\u00e9rie 900 Os transmissores de press\u00e3o manom\u00e9trica ST 3000 S\u00e9rie 900 da Honeywell s\u00e3o ideais para aplica\u00e7\u00f5es como medi\u00e7\u00e3o de alta press\u00e3o em caldeiras, alimenta\u00e7\u00f5es de combust\u00edvel e vasos de rea\u00e7\u00e3o de alta press\u00e3o nas ind\u00fastrias petroqu\u00edmica e de recupera\u00e7\u00e3o de hidrocarbonetos ou em qualquer local onde precis\u00e3o e confiabilidade s\u00e3o cruciais para seguran\u00e7a e economia opera\u00e7\u00f5es. &nbsp; Os transmissores de press\u00e3o manom\u00e9trica ST 3000 S\u00e9rie 900 oferecem aos usu\u00e1rios a op\u00e7\u00e3o de escolher entre modelos de cabe\u00e7ote duplo e em linha para atender aos requisitos de interface do processo. Seis modelos comuns de transmissores variando de 500 psi a 10.000 psi est\u00e3o dispon\u00edveis para aplica\u00e7\u00e3o: STG944: 0 a 500 psi; 0 a 35 barras STG94L: 0 a 500 psi; 0 a 35 barras STG974: 0 a 3000 psi; 0 a 210 barras STG97L: 0 a 3000 psi; 0 a 210 barras STG98L: 0 a 6000 psi; 0 a 415 barras STG99L: 0 a 10.000 psi; 0 a 690 barras Esses transmissores econ\u00f4micos oferecem: Estabilidade = +\/-0,01% ao ano Confiabilidade = 470 anos MTBF\" \/>\n<meta property=\"og:url\" content=\"https:\/\/fullsolutions.info\/en\/product\/transmissores-de-pressao-manometrica-serie-900\/\" \/>\n<meta property=\"og:site_name\" content=\"Full Solutions\" \/>\n<meta property=\"article:modified_time\" content=\"2024-02-19T16:13:51+00:00\" \/>\n<meta property=\"og:image\" content=\"https:\/\/mlhff0prgoxu.i.optimole.com\/cb:s0sM.767\/w:auto\/h:auto\/q:mauto\/f:best\/https:\/\/fullsolutions.info\/wp-content\/uploads\/2024\/02\/Gauge-Pressure-Transmitters-Series-900.jpeg\" \/>\n\t<meta property=\"og:image:width\" content=\"154\" \/>\n\t<meta property=\"og:image:height\" content=\"148\" \/>\n\t<meta property=\"og:image:type\" content=\"image\/jpeg\" \/>\n<meta name=\"twitter:card\" content=\"summary_large_image\" \/>\n<meta name=\"twitter:label1\" content=\"Est. reading time\" \/>\n\t<meta name=\"twitter:data1\" content=\"1 minute\" \/>\n<script type=\"application\/ld+json\" class=\"yoast-schema-graph\">{\"@context\":\"https:\/\/schema.org\",\"@graph\":[{\"@type\":\"WebPage\",\"@id\":\"https:\/\/fullsolutions.info\/produto\/transmissores-de-pressao-manometrica-serie-900\/\",\"url\":\"https:\/\/fullsolutions.info\/produto\/transmissores-de-pressao-manometrica-serie-900\/\",\"name\":\"Transmissores de Press\u00e3o Manom\u00e9trica - S\u00e9rie 900 - Full Solutions\",\"isPartOf\":{\"@id\":\"https:\/\/fullsolutions.info\/#website\"},\"primaryImageOfPage\":{\"@id\":\"https:\/\/fullsolutions.info\/produto\/transmissores-de-pressao-manometrica-serie-900\/#primaryimage\"},\"image\":{\"@id\":\"https:\/\/fullsolutions.info\/produto\/transmissores-de-pressao-manometrica-serie-900\/#primaryimage\"},\"thumbnailUrl\":\"https:\/\/mlhff0prgoxu.i.optimole.com\/cb:s0sM.767\/w:auto\/h:auto\/q:mauto\/f:best\/https:\/\/fullsolutions.info\/wp-content\/uploads\/2024\/02\/Gauge-Pressure-Transmitters-Series-900.jpeg\",\"datePublished\":\"2024-02-01T14:34:05+00:00\",\"dateModified\":\"2024-02-19T16:13:51+00:00\",\"breadcrumb\":{\"@id\":\"https:\/\/fullsolutions.info\/produto\/transmissores-de-pressao-manometrica-serie-900\/#breadcrumb\"},\"inLanguage\":\"en-US\",\"potentialAction\":[{\"@type\":\"ReadAction\",\"target\":[\"https:\/\/fullsolutions.info\/produto\/transmissores-de-pressao-manometrica-serie-900\/\"]}]},{\"@type\":\"ImageObject\",\"inLanguage\":\"en-US\",\"@id\":\"https:\/\/fullsolutions.info\/produto\/transmissores-de-pressao-manometrica-serie-900\/#primaryimage\",\"url\":\"https:\/\/mlhff0prgoxu.i.optimole.com\/cb:s0sM.767\/w:auto\/h:auto\/q:mauto\/f:best\/https:\/\/fullsolutions.info\/wp-content\/uploads\/2024\/02\/Gauge-Pressure-Transmitters-Series-900.jpeg\",\"contentUrl\":\"https:\/\/mlhff0prgoxu.i.optimole.com\/cb:s0sM.767\/w:auto\/h:auto\/q:mauto\/f:best\/https:\/\/fullsolutions.info\/wp-content\/uploads\/2024\/02\/Gauge-Pressure-Transmitters-Series-900.jpeg\",\"width\":154,\"height\":148},{\"@type\":\"BreadcrumbList\",\"@id\":\"https:\/\/fullsolutions.info\/produto\/transmissores-de-pressao-manometrica-serie-900\/#breadcrumb\",\"itemListElement\":[{\"@type\":\"ListItem\",\"position\":1,\"name\":\"In\u00edcio\",\"item\":\"https:\/\/fullsolutions.info\/\"},{\"@type\":\"ListItem\",\"position\":2,\"name\":\"Produtos\",\"item\":\"https:\/\/fullsolutions.info\/shop\/\"},{\"@type\":\"ListItem\",\"position\":3,\"name\":\"Transmissores de Press\u00e3o Manom\u00e9trica &#8211; S\u00e9rie 900\"}]},{\"@type\":\"WebSite\",\"@id\":\"https:\/\/fullsolutions.info\/#website\",\"url\":\"https:\/\/fullsolutions.info\/\",\"name\":\"Full Solutions\",\"description\":\"Empresa na \u00c1rea de Procurement\",\"publisher\":{\"@id\":\"https:\/\/fullsolutions.info\/#organization\"},\"potentialAction\":[{\"@type\":\"SearchAction\",\"target\":{\"@type\":\"EntryPoint\",\"urlTemplate\":\"https:\/\/fullsolutions.info\/?s={search_term_string}\"},\"query-input\":{\"@type\":\"PropertyValueSpecification\",\"valueRequired\":true,\"valueName\":\"search_term_string\"}}],\"inLanguage\":\"en-US\"},{\"@type\":\"Organization\",\"@id\":\"https:\/\/fullsolutions.info\/#organization\",\"name\":\"Full Solutions\",\"url\":\"https:\/\/fullsolutions.info\/\",\"logo\":{\"@type\":\"ImageObject\",\"inLanguage\":\"en-US\",\"@id\":\"https:\/\/fullsolutions.info\/#\/schema\/logo\/image\/\",\"url\":\"https:\/\/mlhff0prgoxu.i.optimole.com\/cb:s0sM.767\/w:auto\/h:auto\/q:mauto\/f:best\/https:\/\/fullsolutions.info\/wp-content\/uploads\/2021\/07\/cropped-Design-sem-nome-300x193-1-e1627062664782.png\",\"contentUrl\":\"https:\/\/mlhff0prgoxu.i.optimole.com\/cb:s0sM.767\/w:auto\/h:auto\/q:mauto\/f:best\/https:\/\/fullsolutions.info\/wp-content\/uploads\/2021\/07\/cropped-Design-sem-nome-300x193-1-e1627062664782.png\",\"width\":202,\"height\":155,\"caption\":\"Full Solutions\"},\"image\":{\"@id\":\"https:\/\/fullsolutions.info\/#\/schema\/logo\/image\/\"},\"sameAs\":[\"https:\/\/www.linkedin.com\/company\/full-solutions-equipment\"]}]}<\/script>\n<!-- \/ Yoast SEO plugin. -->","yoast_head_json":{"title":"Transmissores de Press\u00e3o Manom\u00e9trica - S\u00e9rie 900 - Full Solutions","robots":{"index":"index","follow":"follow","max-snippet":"max-snippet:-1","max-image-preview":"max-image-preview:large","max-video-preview":"max-video-preview:-1"},"canonical":"https:\/\/fullsolutions.info\/en\/product\/transmissores-de-pressao-manometrica-serie-900\/","og_locale":"en_US","og_type":"article","og_title":"Transmissores de Press\u00e3o Manom\u00e9trica - S\u00e9rie 900 - Full Solutions","og_description":"Transmissores de press\u00e3o manom\u00e9trica Honeywell ST 3000 S\u00e9rie 900 Os transmissores de press\u00e3o manom\u00e9trica ST 3000 S\u00e9rie 900 da Honeywell s\u00e3o ideais para aplica\u00e7\u00f5es como medi\u00e7\u00e3o de alta press\u00e3o em caldeiras, alimenta\u00e7\u00f5es de combust\u00edvel e vasos de rea\u00e7\u00e3o de alta press\u00e3o nas ind\u00fastrias petroqu\u00edmica e de recupera\u00e7\u00e3o de hidrocarbonetos ou em qualquer local onde precis\u00e3o e confiabilidade s\u00e3o cruciais para seguran\u00e7a e economia opera\u00e7\u00f5es. &nbsp; Os transmissores de press\u00e3o manom\u00e9trica ST 3000 S\u00e9rie 900 oferecem aos usu\u00e1rios a op\u00e7\u00e3o de escolher entre modelos de cabe\u00e7ote duplo e em linha para atender aos requisitos de interface do processo. Seis modelos comuns de transmissores variando de 500 psi a 10.000 psi est\u00e3o dispon\u00edveis para aplica\u00e7\u00e3o: STG944: 0 a 500 psi; 0 a 35 barras STG94L: 0 a 500 psi; 0 a 35 barras STG974: 0 a 3000 psi; 0 a 210 barras STG97L: 0 a 3000 psi; 0 a 210 barras STG98L: 0 a 6000 psi; 0 a 415 barras STG99L: 0 a 10.000 psi; 0 a 690 barras Esses transmissores econ\u00f4micos oferecem: Estabilidade = +\/-0,01% ao ano Confiabilidade = 470 anos MTBF","og_url":"https:\/\/fullsolutions.info\/en\/product\/transmissores-de-pressao-manometrica-serie-900\/","og_site_name":"Full Solutions","article_modified_time":"2024-02-19T16:13:51+00:00","og_image":[{"width":154,"height":148,"url":"https:\/\/mlhff0prgoxu.i.optimole.com\/cb:s0sM.767\/w:auto\/h:auto\/q:mauto\/f:best\/https:\/\/fullsolutions.info\/wp-content\/uploads\/2024\/02\/Gauge-Pressure-Transmitters-Series-900.jpeg","type":"image\/jpeg"}],"twitter_card":"summary_large_image","twitter_misc":{"Est. reading time":"1 minute"},"schema":{"@context":"https:\/\/schema.org","@graph":[{"@type":"WebPage","@id":"https:\/\/fullsolutions.info\/produto\/transmissores-de-pressao-manometrica-serie-900\/","url":"https:\/\/fullsolutions.info\/produto\/transmissores-de-pressao-manometrica-serie-900\/","name":"Transmissores de Press\u00e3o Manom\u00e9trica - S\u00e9rie 900 - Full Solutions","isPartOf":{"@id":"https:\/\/fullsolutions.info\/#website"},"primaryImageOfPage":{"@id":"https:\/\/fullsolutions.info\/produto\/transmissores-de-pressao-manometrica-serie-900\/#primaryimage"},"image":{"@id":"https:\/\/fullsolutions.info\/produto\/transmissores-de-pressao-manometrica-serie-900\/#primaryimage"},"thumbnailUrl":"https:\/\/mlhff0prgoxu.i.optimole.com\/cb:s0sM.767\/w:auto\/h:auto\/q:mauto\/f:best\/https:\/\/fullsolutions.info\/wp-content\/uploads\/2024\/02\/Gauge-Pressure-Transmitters-Series-900.jpeg","datePublished":"2024-02-01T14:34:05+00:00","dateModified":"2024-02-19T16:13:51+00:00","breadcrumb":{"@id":"https:\/\/fullsolutions.info\/produto\/transmissores-de-pressao-manometrica-serie-900\/#breadcrumb"},"inLanguage":"en-US","potentialAction":[{"@type":"ReadAction","target":["https:\/\/fullsolutions.info\/produto\/transmissores-de-pressao-manometrica-serie-900\/"]}]},{"@type":"ImageObject","inLanguage":"en-US","@id":"https:\/\/fullsolutions.info\/produto\/transmissores-de-pressao-manometrica-serie-900\/#primaryimage","url":"https:\/\/mlhff0prgoxu.i.optimole.com\/cb:s0sM.767\/w:auto\/h:auto\/q:mauto\/f:best\/https:\/\/fullsolutions.info\/wp-content\/uploads\/2024\/02\/Gauge-Pressure-Transmitters-Series-900.jpeg","contentUrl":"https:\/\/mlhff0prgoxu.i.optimole.com\/cb:s0sM.767\/w:auto\/h:auto\/q:mauto\/f:best\/https:\/\/fullsolutions.info\/wp-content\/uploads\/2024\/02\/Gauge-Pressure-Transmitters-Series-900.jpeg","width":154,"height":148},{"@type":"BreadcrumbList","@id":"https:\/\/fullsolutions.info\/produto\/transmissores-de-pressao-manometrica-serie-900\/#breadcrumb","itemListElement":[{"@type":"ListItem","position":1,"name":"In\u00edcio","item":"https:\/\/fullsolutions.info\/"},{"@type":"ListItem","position":2,"name":"Produtos","item":"https:\/\/fullsolutions.info\/shop\/"},{"@type":"ListItem","position":3,"name":"Transmissores de Press\u00e3o Manom\u00e9trica &#8211; S\u00e9rie 900"}]},{"@type":"WebSite","@id":"https:\/\/fullsolutions.info\/#website","url":"https:\/\/fullsolutions.info\/","name":"Full Solutions","description":"Empresa na \u00c1rea de Procurement","publisher":{"@id":"https:\/\/fullsolutions.info\/#organization"},"potentialAction":[{"@type":"SearchAction","target":{"@type":"EntryPoint","urlTemplate":"https:\/\/fullsolutions.info\/?s={search_term_string}"},"query-input":{"@type":"PropertyValueSpecification","valueRequired":true,"valueName":"search_term_string"}}],"inLanguage":"en-US"},{"@type":"Organization","@id":"https:\/\/fullsolutions.info\/#organization","name":"Full Solutions","url":"https:\/\/fullsolutions.info\/","logo":{"@type":"ImageObject","inLanguage":"en-US","@id":"https:\/\/fullsolutions.info\/#\/schema\/logo\/image\/","url":"https:\/\/mlhff0prgoxu.i.optimole.com\/cb:s0sM.767\/w:auto\/h:auto\/q:mauto\/f:best\/https:\/\/fullsolutions.info\/wp-content\/uploads\/2021\/07\/cropped-Design-sem-nome-300x193-1-e1627062664782.png","contentUrl":"https:\/\/mlhff0prgoxu.i.optimole.com\/cb:s0sM.767\/w:auto\/h:auto\/q:mauto\/f:best\/https:\/\/fullsolutions.info\/wp-content\/uploads\/2021\/07\/cropped-Design-sem-nome-300x193-1-e1627062664782.png","width":202,"height":155,"caption":"Full Solutions"},"image":{"@id":"https:\/\/fullsolutions.info\/#\/schema\/logo\/image\/"},"sameAs":["https:\/\/www.linkedin.com\/company\/full-solutions-equipment"]}]}},"_links":{"self":[{"href":"https:\/\/fullsolutions.info\/en\/wp-json\/wp\/v2\/product\/4122","targetHints":{"allow":["GET"]}}],"collection":[{"href":"https:\/\/fullsolutions.info\/en\/wp-json\/wp\/v2\/product"}],"about":[{"href":"https:\/\/fullsolutions.info\/en\/wp-json\/wp\/v2\/types\/product"}],"replies":[{"embeddable":true,"href":"https:\/\/fullsolutions.info\/en\/wp-json\/wp\/v2\/comments?post=4122"}],"wp:featuredmedia":[{"embeddable":true,"href":"https:\/\/fullsolutions.info\/en\/wp-json\/wp\/v2\/media\/4123"}],"wp:attachment":[{"href":"https:\/\/fullsolutions.info\/en\/wp-json\/wp\/v2\/media?parent=4122"}],"wp:term":[{"taxonomy":"product_brand","embeddable":true,"href":"https:\/\/fullsolutions.info\/en\/wp-json\/wp\/v2\/product_brand?post=4122"},{"taxonomy":"product_cat","embeddable":true,"href":"https:\/\/fullsolutions.info\/en\/wp-json\/wp\/v2\/product_cat?post=4122"},{"taxonomy":"product_tag","embeddable":true,"href":"https:\/\/fullsolutions.info\/en\/wp-json\/wp\/v2\/product_tag?post=4122"},{"taxonomy":"marca","embeddable":true,"href":"https:\/\/fullsolutions.info\/en\/wp-json\/wp\/v2\/marca?post=4122"}],"curies":[{"name":"wp","href":"https:\/\/api.w.org\/{rel}","templated":true}]}}