{"id":4120,"date":"2024-02-01T14:30:38","date_gmt":"2024-02-01T14:30:38","guid":{"rendered":"https:\/\/fullsolutionsequip.com\/?post_type=product&#038;p=4120"},"modified":"2024-02-19T16:13:51","modified_gmt":"2024-02-19T16:13:51","slug":"transmissores-de-pressao-remotos-st-3000-serie-900","status":"publish","type":"product","link":"https:\/\/fullsolutions.info\/en\/product\/transmissores-de-pressao-remotos-st-3000-serie-900\/","title":{"rendered":"Transmissores de Press\u00e3o Remotos &#8211; ST 3000 S\u00e9rie 900"},"content":{"rendered":"<p>Transmissores de press\u00e3o remotos Honeywell-ST 3000 S\u00e9rie 900<br \/>\nA Honeywell oferece os transmissores de press\u00e3o de veda\u00e7\u00e3o remota ST 3000 S\u00e9rie 900 para aplica\u00e7\u00f5es nas quais o transmissor deve ser montado remotamente do processo. Os transmissores s\u00e3o ideais para aplica\u00e7\u00f5es como medi\u00e7\u00e3o de n\u00edvel em vasos pressurizados nas ind\u00fastrias qu\u00edmica e de processamento de hidrocarbonetos, bem como medi\u00e7\u00e3o de vaz\u00e3o para polpas e fluidos de alta viscosidade na ind\u00fastria qu\u00edmica.<\/p>\n<p>&nbsp;<\/p>\n<p>Os transmissores de press\u00e3o de veda\u00e7\u00e3o remota ST 3000 S\u00e9rie 900 incluem transmissores de press\u00e3o manom\u00e9trica, absoluta e diferencial. Esta linha de transmissores com veda\u00e7\u00e3o remota demonstra confiabilidade comprovada em aplica\u00e7\u00f5es com uma ampla variedade de fluidos de enchimento secund\u00e1rio para fluidos de processo corrosivos ou de alta temperatura.<\/p>\n<p>Dois modelos de transmissores est\u00e3o dispon\u00edveis para aplica\u00e7\u00e3o:<\/p>\n<p>STR93D 0 a 100 psid 0 a 7 bar<br \/>\nSTR94G 0 a 500 psig 0 a 35 bar<br \/>\nEsses transmissores econ\u00f4micos oferecem:<\/p>\n<p>Estabilidade = +\/-0,01% ao ano<br \/>\nConfiabilidade = 470 anos MTBF<br \/>\nAutodiagn\u00f3sticos abrangentes e tr\u00eas n\u00edveis de relat\u00f3rios de falhas ajudam os usu\u00e1rios a evitar paralisa\u00e7\u00f5es dispendiosas, atender aos requisitos regulamentares e atingir altos padr\u00f5es de qualidade.<\/p>","protected":false},"excerpt":{"rendered":"<p>Transmissores de press\u00e3o remotos Honeywell-ST 3000 S\u00e9rie 900 A Honeywell oferece os transmissores de press\u00e3o de veda\u00e7\u00e3o remota ST 3000 S\u00e9rie 900 para aplica\u00e7\u00f5es nas quais o transmissor deve ser montado remotamente do processo. Os transmissores s\u00e3o ideais para aplica\u00e7\u00f5es como medi\u00e7\u00e3o de n\u00edvel em vasos pressurizados nas ind\u00fastrias qu\u00edmica e de processamento de hidrocarbonetos, bem como medi\u00e7\u00e3o de vaz\u00e3o para polpas e fluidos de alta viscosidade na ind\u00fastria qu\u00edmica. &nbsp; Os transmissores de press\u00e3o de veda\u00e7\u00e3o remota ST 3000 S\u00e9rie 900 incluem transmissores de press\u00e3o manom\u00e9trica, absoluta e diferencial. Esta linha de transmissores com veda\u00e7\u00e3o remota demonstra confiabilidade comprovada em aplica\u00e7\u00f5es com uma ampla variedade de fluidos de enchimento secund\u00e1rio para fluidos de processo corrosivos ou de alta temperatura. Dois modelos de transmissores est\u00e3o dispon\u00edveis para aplica\u00e7\u00e3o: STR93D 0 a 100 psid 0 a 7 bar STR94G 0 a 500 psig 0 a 35 bar Esses transmissores econ\u00f4micos oferecem: Estabilidade = +\/-0,01% ao ano Confiabilidade = 470 anos MTBF Autodiagn\u00f3sticos abrangentes e tr\u00eas n\u00edveis de relat\u00f3rios de falhas ajudam os usu\u00e1rios a evitar paralisa\u00e7\u00f5es dispendiosas, atender aos requisitos regulamentares e atingir altos padr\u00f5es de qualidade.<\/p>","protected":false},"featured_media":4121,"comment_status":"open","ping_status":"closed","template":"","meta":{"_joinchat":[]},"product_brand":[],"product_cat":[140],"product_tag":[],"marca":[142],"class_list":{"0":"post-4120","1":"product","2":"type-product","3":"status-publish","4":"has-post-thumbnail","6":"product_cat-transmissores","7":"marca-honeywell","9":"first","10":"instock","11":"shipping-taxable","12":"purchasable","13":"product-type-simple"},"yoast_head":"<!-- This site is optimized with the Yoast SEO plugin v27.2 - https:\/\/yoast.com\/product\/yoast-seo-wordpress\/ -->\n<title>Transmissores de Press\u00e3o Remotos - ST 3000 S\u00e9rie 900 - Full Solutions<\/title>\n<meta name=\"robots\" content=\"index, follow, max-snippet:-1, max-image-preview:large, max-video-preview:-1\" \/>\n<link rel=\"canonical\" href=\"https:\/\/fullsolutions.info\/en\/product\/transmissores-de-pressao-remotos-st-3000-serie-900\/\" \/>\n<meta property=\"og:locale\" content=\"en_US\" \/>\n<meta property=\"og:type\" content=\"article\" \/>\n<meta property=\"og:title\" content=\"Transmissores de Press\u00e3o Remotos - ST 3000 S\u00e9rie 900 - Full Solutions\" \/>\n<meta property=\"og:description\" content=\"Transmissores de press\u00e3o remotos Honeywell-ST 3000 S\u00e9rie 900 A Honeywell oferece os transmissores de press\u00e3o de veda\u00e7\u00e3o remota ST 3000 S\u00e9rie 900 para aplica\u00e7\u00f5es nas quais o transmissor deve ser montado remotamente do processo. Os transmissores s\u00e3o ideais para aplica\u00e7\u00f5es como medi\u00e7\u00e3o de n\u00edvel em vasos pressurizados nas ind\u00fastrias qu\u00edmica e de processamento de hidrocarbonetos, bem como medi\u00e7\u00e3o de vaz\u00e3o para polpas e fluidos de alta viscosidade na ind\u00fastria qu\u00edmica. &nbsp; Os transmissores de press\u00e3o de veda\u00e7\u00e3o remota ST 3000 S\u00e9rie 900 incluem transmissores de press\u00e3o manom\u00e9trica, absoluta e diferencial. Esta linha de transmissores com veda\u00e7\u00e3o remota demonstra confiabilidade comprovada em aplica\u00e7\u00f5es com uma ampla variedade de fluidos de enchimento secund\u00e1rio para fluidos de processo corrosivos ou de alta temperatura. Dois modelos de transmissores est\u00e3o dispon\u00edveis para aplica\u00e7\u00e3o: STR93D 0 a 100 psid 0 a 7 bar STR94G 0 a 500 psig 0 a 35 bar Esses transmissores econ\u00f4micos oferecem: Estabilidade = +\/-0,01% ao ano Confiabilidade = 470 anos MTBF Autodiagn\u00f3sticos abrangentes e tr\u00eas n\u00edveis de relat\u00f3rios de falhas ajudam os usu\u00e1rios a evitar paralisa\u00e7\u00f5es dispendiosas, atender aos requisitos regulamentares e atingir altos padr\u00f5es de qualidade.\" \/>\n<meta property=\"og:url\" content=\"https:\/\/fullsolutions.info\/en\/product\/transmissores-de-pressao-remotos-st-3000-serie-900\/\" \/>\n<meta property=\"og:site_name\" content=\"Full Solutions\" \/>\n<meta property=\"article:modified_time\" content=\"2024-02-19T16:13:51+00:00\" \/>\n<meta property=\"og:image\" content=\"https:\/\/mlhff0prgoxu.i.optimole.com\/cb:s0sM.767\/w:auto\/h:auto\/q:mauto\/f:best\/https:\/\/fullsolutions.info\/wp-content\/uploads\/2024\/02\/Honeywell-Remote-Pressure-Transmitters-ST-3000-Series-900.jpeg\" \/>\n\t<meta property=\"og:image:width\" content=\"169\" \/>\n\t<meta property=\"og:image:height\" content=\"160\" \/>\n\t<meta property=\"og:image:type\" content=\"image\/jpeg\" \/>\n<meta name=\"twitter:card\" content=\"summary_large_image\" \/>\n<meta name=\"twitter:label1\" content=\"Est. reading time\" \/>\n\t<meta name=\"twitter:data1\" content=\"1 minute\" \/>\n<script type=\"application\/ld+json\" class=\"yoast-schema-graph\">{\"@context\":\"https:\/\/schema.org\",\"@graph\":[{\"@type\":\"WebPage\",\"@id\":\"https:\/\/fullsolutions.info\/produto\/transmissores-de-pressao-remotos-st-3000-serie-900\/\",\"url\":\"https:\/\/fullsolutions.info\/produto\/transmissores-de-pressao-remotos-st-3000-serie-900\/\",\"name\":\"Transmissores de Press\u00e3o Remotos - ST 3000 S\u00e9rie 900 - Full Solutions\",\"isPartOf\":{\"@id\":\"https:\/\/fullsolutions.info\/#website\"},\"primaryImageOfPage\":{\"@id\":\"https:\/\/fullsolutions.info\/produto\/transmissores-de-pressao-remotos-st-3000-serie-900\/#primaryimage\"},\"image\":{\"@id\":\"https:\/\/fullsolutions.info\/produto\/transmissores-de-pressao-remotos-st-3000-serie-900\/#primaryimage\"},\"thumbnailUrl\":\"https:\/\/mlhff0prgoxu.i.optimole.com\/cb:s0sM.767\/w:auto\/h:auto\/q:mauto\/f:best\/https:\/\/fullsolutions.info\/wp-content\/uploads\/2024\/02\/Honeywell-Remote-Pressure-Transmitters-ST-3000-Series-900.jpeg\",\"datePublished\":\"2024-02-01T14:30:38+00:00\",\"dateModified\":\"2024-02-19T16:13:51+00:00\",\"breadcrumb\":{\"@id\":\"https:\/\/fullsolutions.info\/produto\/transmissores-de-pressao-remotos-st-3000-serie-900\/#breadcrumb\"},\"inLanguage\":\"en-US\",\"potentialAction\":[{\"@type\":\"ReadAction\",\"target\":[\"https:\/\/fullsolutions.info\/produto\/transmissores-de-pressao-remotos-st-3000-serie-900\/\"]}]},{\"@type\":\"ImageObject\",\"inLanguage\":\"en-US\",\"@id\":\"https:\/\/fullsolutions.info\/produto\/transmissores-de-pressao-remotos-st-3000-serie-900\/#primaryimage\",\"url\":\"https:\/\/mlhff0prgoxu.i.optimole.com\/cb:s0sM.767\/w:auto\/h:auto\/q:mauto\/f:best\/https:\/\/fullsolutions.info\/wp-content\/uploads\/2024\/02\/Honeywell-Remote-Pressure-Transmitters-ST-3000-Series-900.jpeg\",\"contentUrl\":\"https:\/\/mlhff0prgoxu.i.optimole.com\/cb:s0sM.767\/w:auto\/h:auto\/q:mauto\/f:best\/https:\/\/fullsolutions.info\/wp-content\/uploads\/2024\/02\/Honeywell-Remote-Pressure-Transmitters-ST-3000-Series-900.jpeg\",\"width\":169,\"height\":160},{\"@type\":\"BreadcrumbList\",\"@id\":\"https:\/\/fullsolutions.info\/produto\/transmissores-de-pressao-remotos-st-3000-serie-900\/#breadcrumb\",\"itemListElement\":[{\"@type\":\"ListItem\",\"position\":1,\"name\":\"In\u00edcio\",\"item\":\"https:\/\/fullsolutions.info\/\"},{\"@type\":\"ListItem\",\"position\":2,\"name\":\"Produtos\",\"item\":\"https:\/\/fullsolutions.info\/shop\/\"},{\"@type\":\"ListItem\",\"position\":3,\"name\":\"Transmissores de Press\u00e3o Remotos &#8211; ST 3000 S\u00e9rie 900\"}]},{\"@type\":\"WebSite\",\"@id\":\"https:\/\/fullsolutions.info\/#website\",\"url\":\"https:\/\/fullsolutions.info\/\",\"name\":\"Full Solutions\",\"description\":\"Empresa na \u00c1rea de Procurement\",\"publisher\":{\"@id\":\"https:\/\/fullsolutions.info\/#organization\"},\"potentialAction\":[{\"@type\":\"SearchAction\",\"target\":{\"@type\":\"EntryPoint\",\"urlTemplate\":\"https:\/\/fullsolutions.info\/?s={search_term_string}\"},\"query-input\":{\"@type\":\"PropertyValueSpecification\",\"valueRequired\":true,\"valueName\":\"search_term_string\"}}],\"inLanguage\":\"en-US\"},{\"@type\":\"Organization\",\"@id\":\"https:\/\/fullsolutions.info\/#organization\",\"name\":\"Full Solutions\",\"url\":\"https:\/\/fullsolutions.info\/\",\"logo\":{\"@type\":\"ImageObject\",\"inLanguage\":\"en-US\",\"@id\":\"https:\/\/fullsolutions.info\/#\/schema\/logo\/image\/\",\"url\":\"https:\/\/mlhff0prgoxu.i.optimole.com\/cb:s0sM.767\/w:auto\/h:auto\/q:mauto\/f:best\/https:\/\/fullsolutions.info\/wp-content\/uploads\/2021\/07\/cropped-Design-sem-nome-300x193-1-e1627062664782.png\",\"contentUrl\":\"https:\/\/mlhff0prgoxu.i.optimole.com\/cb:s0sM.767\/w:auto\/h:auto\/q:mauto\/f:best\/https:\/\/fullsolutions.info\/wp-content\/uploads\/2021\/07\/cropped-Design-sem-nome-300x193-1-e1627062664782.png\",\"width\":202,\"height\":155,\"caption\":\"Full Solutions\"},\"image\":{\"@id\":\"https:\/\/fullsolutions.info\/#\/schema\/logo\/image\/\"},\"sameAs\":[\"https:\/\/www.linkedin.com\/company\/full-solutions-equipment\"]}]}<\/script>\n<!-- \/ Yoast SEO plugin. -->","yoast_head_json":{"title":"Transmissores de Press\u00e3o Remotos - ST 3000 S\u00e9rie 900 - Full Solutions","robots":{"index":"index","follow":"follow","max-snippet":"max-snippet:-1","max-image-preview":"max-image-preview:large","max-video-preview":"max-video-preview:-1"},"canonical":"https:\/\/fullsolutions.info\/en\/product\/transmissores-de-pressao-remotos-st-3000-serie-900\/","og_locale":"en_US","og_type":"article","og_title":"Transmissores de Press\u00e3o Remotos - ST 3000 S\u00e9rie 900 - Full Solutions","og_description":"Transmissores de press\u00e3o remotos Honeywell-ST 3000 S\u00e9rie 900 A Honeywell oferece os transmissores de press\u00e3o de veda\u00e7\u00e3o remota ST 3000 S\u00e9rie 900 para aplica\u00e7\u00f5es nas quais o transmissor deve ser montado remotamente do processo. Os transmissores s\u00e3o ideais para aplica\u00e7\u00f5es como medi\u00e7\u00e3o de n\u00edvel em vasos pressurizados nas ind\u00fastrias qu\u00edmica e de processamento de hidrocarbonetos, bem como medi\u00e7\u00e3o de vaz\u00e3o para polpas e fluidos de alta viscosidade na ind\u00fastria qu\u00edmica. &nbsp; Os transmissores de press\u00e3o de veda\u00e7\u00e3o remota ST 3000 S\u00e9rie 900 incluem transmissores de press\u00e3o manom\u00e9trica, absoluta e diferencial. Esta linha de transmissores com veda\u00e7\u00e3o remota demonstra confiabilidade comprovada em aplica\u00e7\u00f5es com uma ampla variedade de fluidos de enchimento secund\u00e1rio para fluidos de processo corrosivos ou de alta temperatura. Dois modelos de transmissores est\u00e3o dispon\u00edveis para aplica\u00e7\u00e3o: STR93D 0 a 100 psid 0 a 7 bar STR94G 0 a 500 psig 0 a 35 bar Esses transmissores econ\u00f4micos oferecem: Estabilidade = +\/-0,01% ao ano Confiabilidade = 470 anos MTBF Autodiagn\u00f3sticos abrangentes e tr\u00eas n\u00edveis de relat\u00f3rios de falhas ajudam os usu\u00e1rios a evitar paralisa\u00e7\u00f5es dispendiosas, atender aos requisitos regulamentares e atingir altos padr\u00f5es de qualidade.","og_url":"https:\/\/fullsolutions.info\/en\/product\/transmissores-de-pressao-remotos-st-3000-serie-900\/","og_site_name":"Full Solutions","article_modified_time":"2024-02-19T16:13:51+00:00","og_image":[{"width":169,"height":160,"url":"https:\/\/mlhff0prgoxu.i.optimole.com\/cb:s0sM.767\/w:auto\/h:auto\/q:mauto\/f:best\/https:\/\/fullsolutions.info\/wp-content\/uploads\/2024\/02\/Honeywell-Remote-Pressure-Transmitters-ST-3000-Series-900.jpeg","type":"image\/jpeg"}],"twitter_card":"summary_large_image","twitter_misc":{"Est. reading time":"1 minute"},"schema":{"@context":"https:\/\/schema.org","@graph":[{"@type":"WebPage","@id":"https:\/\/fullsolutions.info\/produto\/transmissores-de-pressao-remotos-st-3000-serie-900\/","url":"https:\/\/fullsolutions.info\/produto\/transmissores-de-pressao-remotos-st-3000-serie-900\/","name":"Transmissores de Press\u00e3o Remotos - ST 3000 S\u00e9rie 900 - Full Solutions","isPartOf":{"@id":"https:\/\/fullsolutions.info\/#website"},"primaryImageOfPage":{"@id":"https:\/\/fullsolutions.info\/produto\/transmissores-de-pressao-remotos-st-3000-serie-900\/#primaryimage"},"image":{"@id":"https:\/\/fullsolutions.info\/produto\/transmissores-de-pressao-remotos-st-3000-serie-900\/#primaryimage"},"thumbnailUrl":"https:\/\/mlhff0prgoxu.i.optimole.com\/cb:s0sM.767\/w:auto\/h:auto\/q:mauto\/f:best\/https:\/\/fullsolutions.info\/wp-content\/uploads\/2024\/02\/Honeywell-Remote-Pressure-Transmitters-ST-3000-Series-900.jpeg","datePublished":"2024-02-01T14:30:38+00:00","dateModified":"2024-02-19T16:13:51+00:00","breadcrumb":{"@id":"https:\/\/fullsolutions.info\/produto\/transmissores-de-pressao-remotos-st-3000-serie-900\/#breadcrumb"},"inLanguage":"en-US","potentialAction":[{"@type":"ReadAction","target":["https:\/\/fullsolutions.info\/produto\/transmissores-de-pressao-remotos-st-3000-serie-900\/"]}]},{"@type":"ImageObject","inLanguage":"en-US","@id":"https:\/\/fullsolutions.info\/produto\/transmissores-de-pressao-remotos-st-3000-serie-900\/#primaryimage","url":"https:\/\/mlhff0prgoxu.i.optimole.com\/cb:s0sM.767\/w:auto\/h:auto\/q:mauto\/f:best\/https:\/\/fullsolutions.info\/wp-content\/uploads\/2024\/02\/Honeywell-Remote-Pressure-Transmitters-ST-3000-Series-900.jpeg","contentUrl":"https:\/\/mlhff0prgoxu.i.optimole.com\/cb:s0sM.767\/w:auto\/h:auto\/q:mauto\/f:best\/https:\/\/fullsolutions.info\/wp-content\/uploads\/2024\/02\/Honeywell-Remote-Pressure-Transmitters-ST-3000-Series-900.jpeg","width":169,"height":160},{"@type":"BreadcrumbList","@id":"https:\/\/fullsolutions.info\/produto\/transmissores-de-pressao-remotos-st-3000-serie-900\/#breadcrumb","itemListElement":[{"@type":"ListItem","position":1,"name":"In\u00edcio","item":"https:\/\/fullsolutions.info\/"},{"@type":"ListItem","position":2,"name":"Produtos","item":"https:\/\/fullsolutions.info\/shop\/"},{"@type":"ListItem","position":3,"name":"Transmissores de Press\u00e3o Remotos &#8211; ST 3000 S\u00e9rie 900"}]},{"@type":"WebSite","@id":"https:\/\/fullsolutions.info\/#website","url":"https:\/\/fullsolutions.info\/","name":"Full Solutions","description":"Empresa na \u00c1rea de Procurement","publisher":{"@id":"https:\/\/fullsolutions.info\/#organization"},"potentialAction":[{"@type":"SearchAction","target":{"@type":"EntryPoint","urlTemplate":"https:\/\/fullsolutions.info\/?s={search_term_string}"},"query-input":{"@type":"PropertyValueSpecification","valueRequired":true,"valueName":"search_term_string"}}],"inLanguage":"en-US"},{"@type":"Organization","@id":"https:\/\/fullsolutions.info\/#organization","name":"Full Solutions","url":"https:\/\/fullsolutions.info\/","logo":{"@type":"ImageObject","inLanguage":"en-US","@id":"https:\/\/fullsolutions.info\/#\/schema\/logo\/image\/","url":"https:\/\/mlhff0prgoxu.i.optimole.com\/cb:s0sM.767\/w:auto\/h:auto\/q:mauto\/f:best\/https:\/\/fullsolutions.info\/wp-content\/uploads\/2021\/07\/cropped-Design-sem-nome-300x193-1-e1627062664782.png","contentUrl":"https:\/\/mlhff0prgoxu.i.optimole.com\/cb:s0sM.767\/w:auto\/h:auto\/q:mauto\/f:best\/https:\/\/fullsolutions.info\/wp-content\/uploads\/2021\/07\/cropped-Design-sem-nome-300x193-1-e1627062664782.png","width":202,"height":155,"caption":"Full Solutions"},"image":{"@id":"https:\/\/fullsolutions.info\/#\/schema\/logo\/image\/"},"sameAs":["https:\/\/www.linkedin.com\/company\/full-solutions-equipment"]}]}},"_links":{"self":[{"href":"https:\/\/fullsolutions.info\/en\/wp-json\/wp\/v2\/product\/4120","targetHints":{"allow":["GET"]}}],"collection":[{"href":"https:\/\/fullsolutions.info\/en\/wp-json\/wp\/v2\/product"}],"about":[{"href":"https:\/\/fullsolutions.info\/en\/wp-json\/wp\/v2\/types\/product"}],"replies":[{"embeddable":true,"href":"https:\/\/fullsolutions.info\/en\/wp-json\/wp\/v2\/comments?post=4120"}],"wp:featuredmedia":[{"embeddable":true,"href":"https:\/\/fullsolutions.info\/en\/wp-json\/wp\/v2\/media\/4121"}],"wp:attachment":[{"href":"https:\/\/fullsolutions.info\/en\/wp-json\/wp\/v2\/media?parent=4120"}],"wp:term":[{"taxonomy":"product_brand","embeddable":true,"href":"https:\/\/fullsolutions.info\/en\/wp-json\/wp\/v2\/product_brand?post=4120"},{"taxonomy":"product_cat","embeddable":true,"href":"https:\/\/fullsolutions.info\/en\/wp-json\/wp\/v2\/product_cat?post=4120"},{"taxonomy":"product_tag","embeddable":true,"href":"https:\/\/fullsolutions.info\/en\/wp-json\/wp\/v2\/product_tag?post=4120"},{"taxonomy":"marca","embeddable":true,"href":"https:\/\/fullsolutions.info\/en\/wp-json\/wp\/v2\/marca?post=4120"}],"curies":[{"name":"wp","href":"https:\/\/api.w.org\/{rel}","templated":true}]}}