{"id":4116,"date":"2024-02-01T14:24:55","date_gmt":"2024-02-01T14:24:55","guid":{"rendered":"https:\/\/fullsolutionsequip.com\/?post_type=product&#038;p=4116"},"modified":"2024-02-19T16:13:51","modified_gmt":"2024-02-19T16:13:51","slug":"transmissores-de-pressao-diferencial-st-3000-serie-100","status":"publish","type":"product","link":"https:\/\/fullsolutions.info\/en\/product\/transmissores-de-pressao-diferencial-st-3000-serie-100\/","title":{"rendered":"Transmissores de Press\u00e3o Diferencial ST 3000 S\u00e9rie 100"},"content":{"rendered":"<p>Transmissor Inteligente ST 3000 S\u00e9rie 100 Transmissores de Press\u00e3o Diferencial<br \/>\nOs Transmissores de Press\u00e3o Diferencial ST 3000 S\u00e9rie 100 trazem tecnologia inteligente para um amplo espectro de aplica\u00e7\u00f5es de medi\u00e7\u00e3o, desde taxa de fluxo de ar de combust\u00e3o de forno at\u00e9 medi\u00e7\u00e3o hidrost\u00e1tica de tanques. Os transmissores de press\u00e3o diferencial podem ser usados \u200b\u200bcom qualquer elemento de vaz\u00e3o prim\u00e1rio para fornecer medi\u00e7\u00f5es de vaz\u00e3o comprovadas e repet\u00edveis.<\/p>\n<p>&nbsp;<\/p>\n<p>Os Transmissores de Press\u00e3o Diferencial ST 3000 S\u00e9rie 100 s\u00e3o ideais para loops de processos cr\u00edticos e aplica\u00e7\u00f5es de alto valor, como transfer\u00eancia de cust\u00f3dia e balan\u00e7os de energia e materiais.<\/p>\n<p>Cinco modelos de transmissores est\u00e3o dispon\u00edveis para implanta\u00e7\u00e3o:<br \/>\nSTD110 0 a 10 polH2O 0 a 25 mbar<br \/>\nSTD120 0 a 400 polH2O 0 a 1.000 mbar<br \/>\nSTD125 0 a 600 polH2O 0 a 1.500 mbar<br \/>\nSTD130 0 a 100 psi 0 a 7 bar<br \/>\nSTD170 0 a 3.000 psi 0 a 210 bar<br \/>\nTodos os modelos oferecem:<br \/>\nPrecis\u00e3o de \u00b1 0,0375%<br \/>\nEstabilidade de \u00b1 0,01% ao ano<br \/>\nConfiabilidade de 470 anos de MTBF<br \/>\nTaxa de abertura de 400:1<br \/>\nGarantia vital\u00edcia de 15 anos.<\/p>","protected":false},"excerpt":{"rendered":"<p>Transmissor Inteligente ST 3000 S\u00e9rie 100 Transmissores de Press\u00e3o Diferencial Os Transmissores de Press\u00e3o Diferencial ST 3000 S\u00e9rie 100 trazem tecnologia inteligente para um amplo espectro de aplica\u00e7\u00f5es de medi\u00e7\u00e3o, desde taxa de fluxo de ar de combust\u00e3o de forno at\u00e9 medi\u00e7\u00e3o hidrost\u00e1tica de tanques. Os transmissores de press\u00e3o diferencial podem ser usados \u200b\u200bcom qualquer elemento de vaz\u00e3o prim\u00e1rio para fornecer medi\u00e7\u00f5es de vaz\u00e3o comprovadas e repet\u00edveis. &nbsp; Os Transmissores de Press\u00e3o Diferencial ST 3000 S\u00e9rie 100 s\u00e3o ideais para loops de processos cr\u00edticos e aplica\u00e7\u00f5es de alto valor, como transfer\u00eancia de cust\u00f3dia e balan\u00e7os de energia e materiais. Cinco modelos de transmissores est\u00e3o dispon\u00edveis para implanta\u00e7\u00e3o: STD110 0 a 10 polH2O 0 a 25 mbar STD120 0 a 400 polH2O 0 a 1.000 mbar STD125 0 a 600 polH2O 0 a 1.500 mbar STD130 0 a 100 psi 0 a 7 bar STD170 0 a 3.000 psi 0 a 210 bar Todos os modelos oferecem: Precis\u00e3o de \u00b1 0,0375% Estabilidade de \u00b1 0,01% ao ano Confiabilidade de 470 anos de MTBF Taxa de abertura de 400:1 Garantia vital\u00edcia de 15 anos.<\/p>","protected":false},"featured_media":4117,"comment_status":"open","ping_status":"closed","template":"","meta":{"_joinchat":[]},"product_brand":[],"product_cat":[140],"product_tag":[],"marca":[142],"class_list":{"0":"post-4116","1":"product","2":"type-product","3":"status-publish","4":"has-post-thumbnail","6":"product_cat-transmissores","7":"marca-honeywell","9":"first","10":"instock","11":"shipping-taxable","12":"purchasable","13":"product-type-simple"},"yoast_head":"<!-- This site is optimized with the Yoast SEO plugin v27.2 - https:\/\/yoast.com\/product\/yoast-seo-wordpress\/ -->\n<title>Transmissores de Press\u00e3o Diferencial ST 3000 S\u00e9rie 100 - Full Solutions<\/title>\n<meta name=\"robots\" content=\"index, follow, max-snippet:-1, max-image-preview:large, max-video-preview:-1\" \/>\n<link rel=\"canonical\" href=\"https:\/\/fullsolutions.info\/en\/product\/transmissores-de-pressao-diferencial-st-3000-serie-100\/\" \/>\n<meta property=\"og:locale\" content=\"en_US\" \/>\n<meta property=\"og:type\" content=\"article\" \/>\n<meta property=\"og:title\" content=\"Transmissores de Press\u00e3o Diferencial ST 3000 S\u00e9rie 100 - Full Solutions\" \/>\n<meta property=\"og:description\" content=\"Transmissor Inteligente ST 3000 S\u00e9rie 100 Transmissores de Press\u00e3o Diferencial Os Transmissores de Press\u00e3o Diferencial ST 3000 S\u00e9rie 100 trazem tecnologia inteligente para um amplo espectro de aplica\u00e7\u00f5es de medi\u00e7\u00e3o, desde taxa de fluxo de ar de combust\u00e3o de forno at\u00e9 medi\u00e7\u00e3o hidrost\u00e1tica de tanques. Os transmissores de press\u00e3o diferencial podem ser usados \u200b\u200bcom qualquer elemento de vaz\u00e3o prim\u00e1rio para fornecer medi\u00e7\u00f5es de vaz\u00e3o comprovadas e repet\u00edveis. &nbsp; Os Transmissores de Press\u00e3o Diferencial ST 3000 S\u00e9rie 100 s\u00e3o ideais para loops de processos cr\u00edticos e aplica\u00e7\u00f5es de alto valor, como transfer\u00eancia de cust\u00f3dia e balan\u00e7os de energia e materiais. Cinco modelos de transmissores est\u00e3o dispon\u00edveis para implanta\u00e7\u00e3o: STD110 0 a 10 polH2O 0 a 25 mbar STD120 0 a 400 polH2O 0 a 1.000 mbar STD125 0 a 600 polH2O 0 a 1.500 mbar STD130 0 a 100 psi 0 a 7 bar STD170 0 a 3.000 psi 0 a 210 bar Todos os modelos oferecem: Precis\u00e3o de \u00b1 0,0375% Estabilidade de \u00b1 0,01% ao ano Confiabilidade de 470 anos de MTBF Taxa de abertura de 400:1 Garantia vital\u00edcia de 15 anos.\" \/>\n<meta property=\"og:url\" content=\"https:\/\/fullsolutions.info\/en\/product\/transmissores-de-pressao-diferencial-st-3000-serie-100\/\" \/>\n<meta property=\"og:site_name\" content=\"Full Solutions\" \/>\n<meta property=\"article:modified_time\" content=\"2024-02-19T16:13:51+00:00\" \/>\n<meta property=\"og:image\" content=\"https:\/\/mlhff0prgoxu.i.optimole.com\/cb:s0sM.767\/w:auto\/h:auto\/q:mauto\/f:best\/https:\/\/fullsolutions.info\/wp-content\/uploads\/2024\/02\/ST-3000-Series-100-Differential-Pressure-Transmitters.jpeg\" \/>\n\t<meta property=\"og:image:width\" content=\"252\" \/>\n\t<meta property=\"og:image:height\" content=\"362\" \/>\n\t<meta property=\"og:image:type\" content=\"image\/jpeg\" \/>\n<meta name=\"twitter:card\" content=\"summary_large_image\" \/>\n<meta name=\"twitter:label1\" content=\"Est. reading time\" \/>\n\t<meta name=\"twitter:data1\" content=\"1 minute\" \/>\n<script type=\"application\/ld+json\" class=\"yoast-schema-graph\">{\"@context\":\"https:\/\/schema.org\",\"@graph\":[{\"@type\":\"WebPage\",\"@id\":\"https:\/\/fullsolutions.info\/produto\/transmissores-de-pressao-diferencial-st-3000-serie-100\/\",\"url\":\"https:\/\/fullsolutions.info\/produto\/transmissores-de-pressao-diferencial-st-3000-serie-100\/\",\"name\":\"Transmissores de Press\u00e3o Diferencial ST 3000 S\u00e9rie 100 - Full Solutions\",\"isPartOf\":{\"@id\":\"https:\/\/fullsolutions.info\/#website\"},\"primaryImageOfPage\":{\"@id\":\"https:\/\/fullsolutions.info\/produto\/transmissores-de-pressao-diferencial-st-3000-serie-100\/#primaryimage\"},\"image\":{\"@id\":\"https:\/\/fullsolutions.info\/produto\/transmissores-de-pressao-diferencial-st-3000-serie-100\/#primaryimage\"},\"thumbnailUrl\":\"https:\/\/mlhff0prgoxu.i.optimole.com\/cb:s0sM.767\/w:auto\/h:auto\/q:mauto\/f:best\/https:\/\/fullsolutions.info\/wp-content\/uploads\/2024\/02\/ST-3000-Series-100-Differential-Pressure-Transmitters.jpeg\",\"datePublished\":\"2024-02-01T14:24:55+00:00\",\"dateModified\":\"2024-02-19T16:13:51+00:00\",\"breadcrumb\":{\"@id\":\"https:\/\/fullsolutions.info\/produto\/transmissores-de-pressao-diferencial-st-3000-serie-100\/#breadcrumb\"},\"inLanguage\":\"en-US\",\"potentialAction\":[{\"@type\":\"ReadAction\",\"target\":[\"https:\/\/fullsolutions.info\/produto\/transmissores-de-pressao-diferencial-st-3000-serie-100\/\"]}]},{\"@type\":\"ImageObject\",\"inLanguage\":\"en-US\",\"@id\":\"https:\/\/fullsolutions.info\/produto\/transmissores-de-pressao-diferencial-st-3000-serie-100\/#primaryimage\",\"url\":\"https:\/\/mlhff0prgoxu.i.optimole.com\/cb:s0sM.767\/w:auto\/h:auto\/q:mauto\/f:best\/https:\/\/fullsolutions.info\/wp-content\/uploads\/2024\/02\/ST-3000-Series-100-Differential-Pressure-Transmitters.jpeg\",\"contentUrl\":\"https:\/\/mlhff0prgoxu.i.optimole.com\/cb:s0sM.767\/w:auto\/h:auto\/q:mauto\/f:best\/https:\/\/fullsolutions.info\/wp-content\/uploads\/2024\/02\/ST-3000-Series-100-Differential-Pressure-Transmitters.jpeg\",\"width\":252,\"height\":362},{\"@type\":\"BreadcrumbList\",\"@id\":\"https:\/\/fullsolutions.info\/produto\/transmissores-de-pressao-diferencial-st-3000-serie-100\/#breadcrumb\",\"itemListElement\":[{\"@type\":\"ListItem\",\"position\":1,\"name\":\"In\u00edcio\",\"item\":\"https:\/\/fullsolutions.info\/\"},{\"@type\":\"ListItem\",\"position\":2,\"name\":\"Produtos\",\"item\":\"https:\/\/fullsolutions.info\/shop\/\"},{\"@type\":\"ListItem\",\"position\":3,\"name\":\"Transmissores de Press\u00e3o Diferencial ST 3000 S\u00e9rie 100\"}]},{\"@type\":\"WebSite\",\"@id\":\"https:\/\/fullsolutions.info\/#website\",\"url\":\"https:\/\/fullsolutions.info\/\",\"name\":\"Full Solutions\",\"description\":\"Empresa na \u00c1rea de Procurement\",\"publisher\":{\"@id\":\"https:\/\/fullsolutions.info\/#organization\"},\"potentialAction\":[{\"@type\":\"SearchAction\",\"target\":{\"@type\":\"EntryPoint\",\"urlTemplate\":\"https:\/\/fullsolutions.info\/?s={search_term_string}\"},\"query-input\":{\"@type\":\"PropertyValueSpecification\",\"valueRequired\":true,\"valueName\":\"search_term_string\"}}],\"inLanguage\":\"en-US\"},{\"@type\":\"Organization\",\"@id\":\"https:\/\/fullsolutions.info\/#organization\",\"name\":\"Full Solutions\",\"url\":\"https:\/\/fullsolutions.info\/\",\"logo\":{\"@type\":\"ImageObject\",\"inLanguage\":\"en-US\",\"@id\":\"https:\/\/fullsolutions.info\/#\/schema\/logo\/image\/\",\"url\":\"https:\/\/mlhff0prgoxu.i.optimole.com\/cb:s0sM.767\/w:auto\/h:auto\/q:mauto\/f:best\/https:\/\/fullsolutions.info\/wp-content\/uploads\/2021\/07\/cropped-Design-sem-nome-300x193-1-e1627062664782.png\",\"contentUrl\":\"https:\/\/mlhff0prgoxu.i.optimole.com\/cb:s0sM.767\/w:auto\/h:auto\/q:mauto\/f:best\/https:\/\/fullsolutions.info\/wp-content\/uploads\/2021\/07\/cropped-Design-sem-nome-300x193-1-e1627062664782.png\",\"width\":202,\"height\":155,\"caption\":\"Full Solutions\"},\"image\":{\"@id\":\"https:\/\/fullsolutions.info\/#\/schema\/logo\/image\/\"},\"sameAs\":[\"https:\/\/www.linkedin.com\/company\/full-solutions-equipment\"]}]}<\/script>\n<!-- \/ Yoast SEO plugin. -->","yoast_head_json":{"title":"Transmissores de Press\u00e3o Diferencial ST 3000 S\u00e9rie 100 - Full Solutions","robots":{"index":"index","follow":"follow","max-snippet":"max-snippet:-1","max-image-preview":"max-image-preview:large","max-video-preview":"max-video-preview:-1"},"canonical":"https:\/\/fullsolutions.info\/en\/product\/transmissores-de-pressao-diferencial-st-3000-serie-100\/","og_locale":"en_US","og_type":"article","og_title":"Transmissores de Press\u00e3o Diferencial ST 3000 S\u00e9rie 100 - Full Solutions","og_description":"Transmissor Inteligente ST 3000 S\u00e9rie 100 Transmissores de Press\u00e3o Diferencial Os Transmissores de Press\u00e3o Diferencial ST 3000 S\u00e9rie 100 trazem tecnologia inteligente para um amplo espectro de aplica\u00e7\u00f5es de medi\u00e7\u00e3o, desde taxa de fluxo de ar de combust\u00e3o de forno at\u00e9 medi\u00e7\u00e3o hidrost\u00e1tica de tanques. Os transmissores de press\u00e3o diferencial podem ser usados \u200b\u200bcom qualquer elemento de vaz\u00e3o prim\u00e1rio para fornecer medi\u00e7\u00f5es de vaz\u00e3o comprovadas e repet\u00edveis. &nbsp; Os Transmissores de Press\u00e3o Diferencial ST 3000 S\u00e9rie 100 s\u00e3o ideais para loops de processos cr\u00edticos e aplica\u00e7\u00f5es de alto valor, como transfer\u00eancia de cust\u00f3dia e balan\u00e7os de energia e materiais. Cinco modelos de transmissores est\u00e3o dispon\u00edveis para implanta\u00e7\u00e3o: STD110 0 a 10 polH2O 0 a 25 mbar STD120 0 a 400 polH2O 0 a 1.000 mbar STD125 0 a 600 polH2O 0 a 1.500 mbar STD130 0 a 100 psi 0 a 7 bar STD170 0 a 3.000 psi 0 a 210 bar Todos os modelos oferecem: Precis\u00e3o de \u00b1 0,0375% Estabilidade de \u00b1 0,01% ao ano Confiabilidade de 470 anos de MTBF Taxa de abertura de 400:1 Garantia vital\u00edcia de 15 anos.","og_url":"https:\/\/fullsolutions.info\/en\/product\/transmissores-de-pressao-diferencial-st-3000-serie-100\/","og_site_name":"Full Solutions","article_modified_time":"2024-02-19T16:13:51+00:00","og_image":[{"width":252,"height":362,"url":"https:\/\/mlhff0prgoxu.i.optimole.com\/cb:s0sM.767\/w:auto\/h:auto\/q:mauto\/f:best\/https:\/\/fullsolutions.info\/wp-content\/uploads\/2024\/02\/ST-3000-Series-100-Differential-Pressure-Transmitters.jpeg","type":"image\/jpeg"}],"twitter_card":"summary_large_image","twitter_misc":{"Est. reading time":"1 minute"},"schema":{"@context":"https:\/\/schema.org","@graph":[{"@type":"WebPage","@id":"https:\/\/fullsolutions.info\/produto\/transmissores-de-pressao-diferencial-st-3000-serie-100\/","url":"https:\/\/fullsolutions.info\/produto\/transmissores-de-pressao-diferencial-st-3000-serie-100\/","name":"Transmissores de Press\u00e3o Diferencial ST 3000 S\u00e9rie 100 - Full Solutions","isPartOf":{"@id":"https:\/\/fullsolutions.info\/#website"},"primaryImageOfPage":{"@id":"https:\/\/fullsolutions.info\/produto\/transmissores-de-pressao-diferencial-st-3000-serie-100\/#primaryimage"},"image":{"@id":"https:\/\/fullsolutions.info\/produto\/transmissores-de-pressao-diferencial-st-3000-serie-100\/#primaryimage"},"thumbnailUrl":"https:\/\/mlhff0prgoxu.i.optimole.com\/cb:s0sM.767\/w:auto\/h:auto\/q:mauto\/f:best\/https:\/\/fullsolutions.info\/wp-content\/uploads\/2024\/02\/ST-3000-Series-100-Differential-Pressure-Transmitters.jpeg","datePublished":"2024-02-01T14:24:55+00:00","dateModified":"2024-02-19T16:13:51+00:00","breadcrumb":{"@id":"https:\/\/fullsolutions.info\/produto\/transmissores-de-pressao-diferencial-st-3000-serie-100\/#breadcrumb"},"inLanguage":"en-US","potentialAction":[{"@type":"ReadAction","target":["https:\/\/fullsolutions.info\/produto\/transmissores-de-pressao-diferencial-st-3000-serie-100\/"]}]},{"@type":"ImageObject","inLanguage":"en-US","@id":"https:\/\/fullsolutions.info\/produto\/transmissores-de-pressao-diferencial-st-3000-serie-100\/#primaryimage","url":"https:\/\/mlhff0prgoxu.i.optimole.com\/cb:s0sM.767\/w:auto\/h:auto\/q:mauto\/f:best\/https:\/\/fullsolutions.info\/wp-content\/uploads\/2024\/02\/ST-3000-Series-100-Differential-Pressure-Transmitters.jpeg","contentUrl":"https:\/\/mlhff0prgoxu.i.optimole.com\/cb:s0sM.767\/w:auto\/h:auto\/q:mauto\/f:best\/https:\/\/fullsolutions.info\/wp-content\/uploads\/2024\/02\/ST-3000-Series-100-Differential-Pressure-Transmitters.jpeg","width":252,"height":362},{"@type":"BreadcrumbList","@id":"https:\/\/fullsolutions.info\/produto\/transmissores-de-pressao-diferencial-st-3000-serie-100\/#breadcrumb","itemListElement":[{"@type":"ListItem","position":1,"name":"In\u00edcio","item":"https:\/\/fullsolutions.info\/"},{"@type":"ListItem","position":2,"name":"Produtos","item":"https:\/\/fullsolutions.info\/shop\/"},{"@type":"ListItem","position":3,"name":"Transmissores de Press\u00e3o Diferencial ST 3000 S\u00e9rie 100"}]},{"@type":"WebSite","@id":"https:\/\/fullsolutions.info\/#website","url":"https:\/\/fullsolutions.info\/","name":"Full Solutions","description":"Empresa na \u00c1rea de Procurement","publisher":{"@id":"https:\/\/fullsolutions.info\/#organization"},"potentialAction":[{"@type":"SearchAction","target":{"@type":"EntryPoint","urlTemplate":"https:\/\/fullsolutions.info\/?s={search_term_string}"},"query-input":{"@type":"PropertyValueSpecification","valueRequired":true,"valueName":"search_term_string"}}],"inLanguage":"en-US"},{"@type":"Organization","@id":"https:\/\/fullsolutions.info\/#organization","name":"Full Solutions","url":"https:\/\/fullsolutions.info\/","logo":{"@type":"ImageObject","inLanguage":"en-US","@id":"https:\/\/fullsolutions.info\/#\/schema\/logo\/image\/","url":"https:\/\/mlhff0prgoxu.i.optimole.com\/cb:s0sM.767\/w:auto\/h:auto\/q:mauto\/f:best\/https:\/\/fullsolutions.info\/wp-content\/uploads\/2021\/07\/cropped-Design-sem-nome-300x193-1-e1627062664782.png","contentUrl":"https:\/\/mlhff0prgoxu.i.optimole.com\/cb:s0sM.767\/w:auto\/h:auto\/q:mauto\/f:best\/https:\/\/fullsolutions.info\/wp-content\/uploads\/2021\/07\/cropped-Design-sem-nome-300x193-1-e1627062664782.png","width":202,"height":155,"caption":"Full Solutions"},"image":{"@id":"https:\/\/fullsolutions.info\/#\/schema\/logo\/image\/"},"sameAs":["https:\/\/www.linkedin.com\/company\/full-solutions-equipment"]}]}},"_links":{"self":[{"href":"https:\/\/fullsolutions.info\/en\/wp-json\/wp\/v2\/product\/4116","targetHints":{"allow":["GET"]}}],"collection":[{"href":"https:\/\/fullsolutions.info\/en\/wp-json\/wp\/v2\/product"}],"about":[{"href":"https:\/\/fullsolutions.info\/en\/wp-json\/wp\/v2\/types\/product"}],"replies":[{"embeddable":true,"href":"https:\/\/fullsolutions.info\/en\/wp-json\/wp\/v2\/comments?post=4116"}],"wp:featuredmedia":[{"embeddable":true,"href":"https:\/\/fullsolutions.info\/en\/wp-json\/wp\/v2\/media\/4117"}],"wp:attachment":[{"href":"https:\/\/fullsolutions.info\/en\/wp-json\/wp\/v2\/media?parent=4116"}],"wp:term":[{"taxonomy":"product_brand","embeddable":true,"href":"https:\/\/fullsolutions.info\/en\/wp-json\/wp\/v2\/product_brand?post=4116"},{"taxonomy":"product_cat","embeddable":true,"href":"https:\/\/fullsolutions.info\/en\/wp-json\/wp\/v2\/product_cat?post=4116"},{"taxonomy":"product_tag","embeddable":true,"href":"https:\/\/fullsolutions.info\/en\/wp-json\/wp\/v2\/product_tag?post=4116"},{"taxonomy":"marca","embeddable":true,"href":"https:\/\/fullsolutions.info\/en\/wp-json\/wp\/v2\/marca?post=4116"}],"curies":[{"name":"wp","href":"https:\/\/api.w.org\/{rel}","templated":true}]}}