{"id":4114,"date":"2024-02-01T14:22:54","date_gmt":"2024-02-01T14:22:54","guid":{"rendered":"https:\/\/fullsolutionsequip.com\/?post_type=product&#038;p=4114"},"modified":"2024-02-19T16:13:51","modified_gmt":"2024-02-19T16:13:51","slug":"transmissores-de-pressao-absoluta-serie-st-3000-100","status":"publish","type":"product","link":"https:\/\/fullsolutions.info\/en\/product\/transmissores-de-pressao-absoluta-serie-st-3000-100\/","title":{"rendered":"Transmissores de Press\u00e3o Absoluta S\u00e9rie ST 3000 100"},"content":{"rendered":"<p>ST 3000 Smart Transmitter Transmissores de Press\u00e3o Absoluta S\u00e9rie 100<br \/>\nOs Transmissores de Press\u00e3o Absoluta ST 3000 S\u00e9rie 100 s\u00e3o usados \u200b\u200bem aplica\u00e7\u00f5es nas quais \u00e9 necess\u00e1ria alta precis\u00e3o na faixa de press\u00e3o do v\u00e1cuo. Isto inclui medi\u00e7\u00e3o de baixa press\u00e3o em colunas de destila\u00e7\u00e3o a v\u00e1cuo, onde a economia de energia \u00e9 diretamente proporcional ao v\u00e1cuo na coluna.<\/p>\n<p>&nbsp;<\/p>\n<p>Os Transmissores de Press\u00e3o Absoluta ST 3000 S\u00e9rie 100 est\u00e3o dispon\u00edveis em duas variantes \u2013 Em linha (STA12L e STA14L) e Cabe\u00e7a \u00fanica (STA122 e STA140).<br \/>\nSTA122\/STA12L 0 a 780 mmHgA 0 a 1.040 mbarA<br \/>\nSTA140\/STA14L 0 a 500 psia 0 a 35 barA<br \/>\nOs transmissores oferecem benef\u00edcios atraentes, incluindo:<br \/>\nPrecis\u00e3o Total = \u00b10,0375%<br \/>\nEstabilidade = \u00b10,01% ao ano<br \/>\nConfiabilidade = 470 anos MTBF<br \/>\nRangeabilidade = 400 para 1<br \/>\nGarantia vital\u00edcia = 15 anos<br \/>\nAl\u00e9m disso, o transmissor de press\u00e3o pode ser usado em uma ampla gama de ambientes perigosos com perfeita seguran\u00e7a para fornecer medi\u00e7\u00f5es de press\u00e3o comprovadas e repet\u00edveis.<br \/>\nOs usu\u00e1rios podem escolher entre uma variedade de op\u00e7\u00f5es de comunica\u00e7\u00e3o de sa\u00edda, incluindo 4-20 mA, Honeywell Digitally Enhanced (DE), HART (vers\u00f5es 5.x ou 6.x) e FOUNDATION fieldbus.<\/p>","protected":false},"excerpt":{"rendered":"<p>ST 3000 Smart Transmitter Transmissores de Press\u00e3o Absoluta S\u00e9rie 100 Os Transmissores de Press\u00e3o Absoluta ST 3000 S\u00e9rie 100 s\u00e3o usados \u200b\u200bem aplica\u00e7\u00f5es nas quais \u00e9 necess\u00e1ria alta precis\u00e3o na faixa de press\u00e3o do v\u00e1cuo. Isto inclui medi\u00e7\u00e3o de baixa press\u00e3o em colunas de destila\u00e7\u00e3o a v\u00e1cuo, onde a economia de energia \u00e9 diretamente proporcional ao v\u00e1cuo na coluna. &nbsp; Os Transmissores de Press\u00e3o Absoluta ST 3000 S\u00e9rie 100 est\u00e3o dispon\u00edveis em duas variantes \u2013 Em linha (STA12L e STA14L) e Cabe\u00e7a \u00fanica (STA122 e STA140). STA122\/STA12L 0 a 780 mmHgA 0 a 1.040 mbarA STA140\/STA14L 0 a 500 psia 0 a 35 barA Os transmissores oferecem benef\u00edcios atraentes, incluindo: Precis\u00e3o Total = \u00b10,0375% Estabilidade = \u00b10,01% ao ano Confiabilidade = 470 anos MTBF Rangeabilidade = 400 para 1 Garantia vital\u00edcia = 15 anos Al\u00e9m disso, o transmissor de press\u00e3o pode ser usado em uma ampla gama de ambientes perigosos com perfeita seguran\u00e7a para fornecer medi\u00e7\u00f5es de press\u00e3o comprovadas e repet\u00edveis. Os usu\u00e1rios podem escolher entre uma variedade de op\u00e7\u00f5es de comunica\u00e7\u00e3o de sa\u00edda, incluindo 4-20 mA, Honeywell Digitally Enhanced (DE), HART (vers\u00f5es 5.x ou 6.x) e FOUNDATION fieldbus.<\/p>","protected":false},"featured_media":4115,"comment_status":"open","ping_status":"closed","template":"","meta":{"_joinchat":[]},"product_brand":[],"product_cat":[140],"product_tag":[],"marca":[142],"class_list":{"0":"post-4114","1":"product","2":"type-product","3":"status-publish","4":"has-post-thumbnail","6":"product_cat-transmissores","7":"marca-honeywell","9":"first","10":"instock","11":"shipping-taxable","12":"purchasable","13":"product-type-simple"},"yoast_head":"<!-- This site is optimized with the Yoast SEO plugin v27.2 - https:\/\/yoast.com\/product\/yoast-seo-wordpress\/ -->\n<title>Transmissores de Press\u00e3o Absoluta S\u00e9rie ST 3000 100 - Full Solutions<\/title>\n<meta name=\"robots\" content=\"index, follow, max-snippet:-1, max-image-preview:large, max-video-preview:-1\" \/>\n<link rel=\"canonical\" href=\"https:\/\/fullsolutions.info\/en\/product\/transmissores-de-pressao-absoluta-serie-st-3000-100\/\" \/>\n<meta property=\"og:locale\" content=\"en_US\" \/>\n<meta property=\"og:type\" content=\"article\" \/>\n<meta property=\"og:title\" content=\"Transmissores de Press\u00e3o Absoluta S\u00e9rie ST 3000 100 - Full Solutions\" \/>\n<meta property=\"og:description\" content=\"ST 3000 Smart Transmitter Transmissores de Press\u00e3o Absoluta S\u00e9rie 100 Os Transmissores de Press\u00e3o Absoluta ST 3000 S\u00e9rie 100 s\u00e3o usados \u200b\u200bem aplica\u00e7\u00f5es nas quais \u00e9 necess\u00e1ria alta precis\u00e3o na faixa de press\u00e3o do v\u00e1cuo. Isto inclui medi\u00e7\u00e3o de baixa press\u00e3o em colunas de destila\u00e7\u00e3o a v\u00e1cuo, onde a economia de energia \u00e9 diretamente proporcional ao v\u00e1cuo na coluna. &nbsp; Os Transmissores de Press\u00e3o Absoluta ST 3000 S\u00e9rie 100 est\u00e3o dispon\u00edveis em duas variantes \u2013 Em linha (STA12L e STA14L) e Cabe\u00e7a \u00fanica (STA122 e STA140). STA122\/STA12L 0 a 780 mmHgA 0 a 1.040 mbarA STA140\/STA14L 0 a 500 psia 0 a 35 barA Os transmissores oferecem benef\u00edcios atraentes, incluindo: Precis\u00e3o Total = \u00b10,0375% Estabilidade = \u00b10,01% ao ano Confiabilidade = 470 anos MTBF Rangeabilidade = 400 para 1 Garantia vital\u00edcia = 15 anos Al\u00e9m disso, o transmissor de press\u00e3o pode ser usado em uma ampla gama de ambientes perigosos com perfeita seguran\u00e7a para fornecer medi\u00e7\u00f5es de press\u00e3o comprovadas e repet\u00edveis. Os usu\u00e1rios podem escolher entre uma variedade de op\u00e7\u00f5es de comunica\u00e7\u00e3o de sa\u00edda, incluindo 4-20 mA, Honeywell Digitally Enhanced (DE), HART (vers\u00f5es 5.x ou 6.x) e FOUNDATION fieldbus.\" \/>\n<meta property=\"og:url\" content=\"https:\/\/fullsolutions.info\/en\/product\/transmissores-de-pressao-absoluta-serie-st-3000-100\/\" \/>\n<meta property=\"og:site_name\" content=\"Full Solutions\" \/>\n<meta property=\"article:modified_time\" content=\"2024-02-19T16:13:51+00:00\" \/>\n<meta property=\"og:image\" content=\"https:\/\/mlhff0prgoxu.i.optimole.com\/cb:s0sM.767\/w:auto\/h:auto\/q:mauto\/f:best\/https:\/\/fullsolutions.info\/wp-content\/uploads\/2024\/02\/ST-3000-Series-100-Absolute-Pressure-Transmitters.jpeg\" \/>\n\t<meta property=\"og:image:width\" content=\"550\" \/>\n\t<meta property=\"og:image:height\" content=\"550\" \/>\n\t<meta property=\"og:image:type\" content=\"image\/jpeg\" \/>\n<meta name=\"twitter:card\" content=\"summary_large_image\" \/>\n<meta name=\"twitter:label1\" content=\"Est. reading time\" \/>\n\t<meta name=\"twitter:data1\" content=\"1 minute\" \/>\n<script type=\"application\/ld+json\" class=\"yoast-schema-graph\">{\"@context\":\"https:\/\/schema.org\",\"@graph\":[{\"@type\":\"WebPage\",\"@id\":\"https:\/\/fullsolutions.info\/produto\/transmissores-de-pressao-absoluta-serie-st-3000-100\/\",\"url\":\"https:\/\/fullsolutions.info\/produto\/transmissores-de-pressao-absoluta-serie-st-3000-100\/\",\"name\":\"Transmissores de Press\u00e3o Absoluta S\u00e9rie ST 3000 100 - Full Solutions\",\"isPartOf\":{\"@id\":\"https:\/\/fullsolutions.info\/#website\"},\"primaryImageOfPage\":{\"@id\":\"https:\/\/fullsolutions.info\/produto\/transmissores-de-pressao-absoluta-serie-st-3000-100\/#primaryimage\"},\"image\":{\"@id\":\"https:\/\/fullsolutions.info\/produto\/transmissores-de-pressao-absoluta-serie-st-3000-100\/#primaryimage\"},\"thumbnailUrl\":\"https:\/\/mlhff0prgoxu.i.optimole.com\/cb:s0sM.767\/w:auto\/h:auto\/q:mauto\/f:best\/https:\/\/fullsolutions.info\/wp-content\/uploads\/2024\/02\/ST-3000-Series-100-Absolute-Pressure-Transmitters.jpeg\",\"datePublished\":\"2024-02-01T14:22:54+00:00\",\"dateModified\":\"2024-02-19T16:13:51+00:00\",\"breadcrumb\":{\"@id\":\"https:\/\/fullsolutions.info\/produto\/transmissores-de-pressao-absoluta-serie-st-3000-100\/#breadcrumb\"},\"inLanguage\":\"en-US\",\"potentialAction\":[{\"@type\":\"ReadAction\",\"target\":[\"https:\/\/fullsolutions.info\/produto\/transmissores-de-pressao-absoluta-serie-st-3000-100\/\"]}]},{\"@type\":\"ImageObject\",\"inLanguage\":\"en-US\",\"@id\":\"https:\/\/fullsolutions.info\/produto\/transmissores-de-pressao-absoluta-serie-st-3000-100\/#primaryimage\",\"url\":\"https:\/\/mlhff0prgoxu.i.optimole.com\/cb:s0sM.767\/w:auto\/h:auto\/q:mauto\/f:best\/https:\/\/fullsolutions.info\/wp-content\/uploads\/2024\/02\/ST-3000-Series-100-Absolute-Pressure-Transmitters.jpeg\",\"contentUrl\":\"https:\/\/mlhff0prgoxu.i.optimole.com\/cb:s0sM.767\/w:auto\/h:auto\/q:mauto\/f:best\/https:\/\/fullsolutions.info\/wp-content\/uploads\/2024\/02\/ST-3000-Series-100-Absolute-Pressure-Transmitters.jpeg\",\"width\":550,\"height\":550},{\"@type\":\"BreadcrumbList\",\"@id\":\"https:\/\/fullsolutions.info\/produto\/transmissores-de-pressao-absoluta-serie-st-3000-100\/#breadcrumb\",\"itemListElement\":[{\"@type\":\"ListItem\",\"position\":1,\"name\":\"In\u00edcio\",\"item\":\"https:\/\/fullsolutions.info\/\"},{\"@type\":\"ListItem\",\"position\":2,\"name\":\"Produtos\",\"item\":\"https:\/\/fullsolutions.info\/shop\/\"},{\"@type\":\"ListItem\",\"position\":3,\"name\":\"Transmissores de Press\u00e3o Absoluta S\u00e9rie ST 3000 100\"}]},{\"@type\":\"WebSite\",\"@id\":\"https:\/\/fullsolutions.info\/#website\",\"url\":\"https:\/\/fullsolutions.info\/\",\"name\":\"Full Solutions\",\"description\":\"Empresa na \u00c1rea de Procurement\",\"publisher\":{\"@id\":\"https:\/\/fullsolutions.info\/#organization\"},\"potentialAction\":[{\"@type\":\"SearchAction\",\"target\":{\"@type\":\"EntryPoint\",\"urlTemplate\":\"https:\/\/fullsolutions.info\/?s={search_term_string}\"},\"query-input\":{\"@type\":\"PropertyValueSpecification\",\"valueRequired\":true,\"valueName\":\"search_term_string\"}}],\"inLanguage\":\"en-US\"},{\"@type\":\"Organization\",\"@id\":\"https:\/\/fullsolutions.info\/#organization\",\"name\":\"Full Solutions\",\"url\":\"https:\/\/fullsolutions.info\/\",\"logo\":{\"@type\":\"ImageObject\",\"inLanguage\":\"en-US\",\"@id\":\"https:\/\/fullsolutions.info\/#\/schema\/logo\/image\/\",\"url\":\"https:\/\/mlhff0prgoxu.i.optimole.com\/cb:s0sM.767\/w:auto\/h:auto\/q:mauto\/f:best\/https:\/\/fullsolutions.info\/wp-content\/uploads\/2021\/07\/cropped-Design-sem-nome-300x193-1-e1627062664782.png\",\"contentUrl\":\"https:\/\/mlhff0prgoxu.i.optimole.com\/cb:s0sM.767\/w:auto\/h:auto\/q:mauto\/f:best\/https:\/\/fullsolutions.info\/wp-content\/uploads\/2021\/07\/cropped-Design-sem-nome-300x193-1-e1627062664782.png\",\"width\":202,\"height\":155,\"caption\":\"Full Solutions\"},\"image\":{\"@id\":\"https:\/\/fullsolutions.info\/#\/schema\/logo\/image\/\"},\"sameAs\":[\"https:\/\/www.linkedin.com\/company\/full-solutions-equipment\"]}]}<\/script>\n<!-- \/ Yoast SEO plugin. -->","yoast_head_json":{"title":"Transmissores de Press\u00e3o Absoluta S\u00e9rie ST 3000 100 - Full Solutions","robots":{"index":"index","follow":"follow","max-snippet":"max-snippet:-1","max-image-preview":"max-image-preview:large","max-video-preview":"max-video-preview:-1"},"canonical":"https:\/\/fullsolutions.info\/en\/product\/transmissores-de-pressao-absoluta-serie-st-3000-100\/","og_locale":"en_US","og_type":"article","og_title":"Transmissores de Press\u00e3o Absoluta S\u00e9rie ST 3000 100 - Full Solutions","og_description":"ST 3000 Smart Transmitter Transmissores de Press\u00e3o Absoluta S\u00e9rie 100 Os Transmissores de Press\u00e3o Absoluta ST 3000 S\u00e9rie 100 s\u00e3o usados \u200b\u200bem aplica\u00e7\u00f5es nas quais \u00e9 necess\u00e1ria alta precis\u00e3o na faixa de press\u00e3o do v\u00e1cuo. Isto inclui medi\u00e7\u00e3o de baixa press\u00e3o em colunas de destila\u00e7\u00e3o a v\u00e1cuo, onde a economia de energia \u00e9 diretamente proporcional ao v\u00e1cuo na coluna. &nbsp; Os Transmissores de Press\u00e3o Absoluta ST 3000 S\u00e9rie 100 est\u00e3o dispon\u00edveis em duas variantes \u2013 Em linha (STA12L e STA14L) e Cabe\u00e7a \u00fanica (STA122 e STA140). STA122\/STA12L 0 a 780 mmHgA 0 a 1.040 mbarA STA140\/STA14L 0 a 500 psia 0 a 35 barA Os transmissores oferecem benef\u00edcios atraentes, incluindo: Precis\u00e3o Total = \u00b10,0375% Estabilidade = \u00b10,01% ao ano Confiabilidade = 470 anos MTBF Rangeabilidade = 400 para 1 Garantia vital\u00edcia = 15 anos Al\u00e9m disso, o transmissor de press\u00e3o pode ser usado em uma ampla gama de ambientes perigosos com perfeita seguran\u00e7a para fornecer medi\u00e7\u00f5es de press\u00e3o comprovadas e repet\u00edveis. Os usu\u00e1rios podem escolher entre uma variedade de op\u00e7\u00f5es de comunica\u00e7\u00e3o de sa\u00edda, incluindo 4-20 mA, Honeywell Digitally Enhanced (DE), HART (vers\u00f5es 5.x ou 6.x) e FOUNDATION fieldbus.","og_url":"https:\/\/fullsolutions.info\/en\/product\/transmissores-de-pressao-absoluta-serie-st-3000-100\/","og_site_name":"Full Solutions","article_modified_time":"2024-02-19T16:13:51+00:00","og_image":[{"width":550,"height":550,"url":"https:\/\/mlhff0prgoxu.i.optimole.com\/cb:s0sM.767\/w:auto\/h:auto\/q:mauto\/f:best\/https:\/\/fullsolutions.info\/wp-content\/uploads\/2024\/02\/ST-3000-Series-100-Absolute-Pressure-Transmitters.jpeg","type":"image\/jpeg"}],"twitter_card":"summary_large_image","twitter_misc":{"Est. reading time":"1 minute"},"schema":{"@context":"https:\/\/schema.org","@graph":[{"@type":"WebPage","@id":"https:\/\/fullsolutions.info\/produto\/transmissores-de-pressao-absoluta-serie-st-3000-100\/","url":"https:\/\/fullsolutions.info\/produto\/transmissores-de-pressao-absoluta-serie-st-3000-100\/","name":"Transmissores de Press\u00e3o Absoluta S\u00e9rie ST 3000 100 - Full Solutions","isPartOf":{"@id":"https:\/\/fullsolutions.info\/#website"},"primaryImageOfPage":{"@id":"https:\/\/fullsolutions.info\/produto\/transmissores-de-pressao-absoluta-serie-st-3000-100\/#primaryimage"},"image":{"@id":"https:\/\/fullsolutions.info\/produto\/transmissores-de-pressao-absoluta-serie-st-3000-100\/#primaryimage"},"thumbnailUrl":"https:\/\/mlhff0prgoxu.i.optimole.com\/cb:s0sM.767\/w:auto\/h:auto\/q:mauto\/f:best\/https:\/\/fullsolutions.info\/wp-content\/uploads\/2024\/02\/ST-3000-Series-100-Absolute-Pressure-Transmitters.jpeg","datePublished":"2024-02-01T14:22:54+00:00","dateModified":"2024-02-19T16:13:51+00:00","breadcrumb":{"@id":"https:\/\/fullsolutions.info\/produto\/transmissores-de-pressao-absoluta-serie-st-3000-100\/#breadcrumb"},"inLanguage":"en-US","potentialAction":[{"@type":"ReadAction","target":["https:\/\/fullsolutions.info\/produto\/transmissores-de-pressao-absoluta-serie-st-3000-100\/"]}]},{"@type":"ImageObject","inLanguage":"en-US","@id":"https:\/\/fullsolutions.info\/produto\/transmissores-de-pressao-absoluta-serie-st-3000-100\/#primaryimage","url":"https:\/\/mlhff0prgoxu.i.optimole.com\/cb:s0sM.767\/w:auto\/h:auto\/q:mauto\/f:best\/https:\/\/fullsolutions.info\/wp-content\/uploads\/2024\/02\/ST-3000-Series-100-Absolute-Pressure-Transmitters.jpeg","contentUrl":"https:\/\/mlhff0prgoxu.i.optimole.com\/cb:s0sM.767\/w:auto\/h:auto\/q:mauto\/f:best\/https:\/\/fullsolutions.info\/wp-content\/uploads\/2024\/02\/ST-3000-Series-100-Absolute-Pressure-Transmitters.jpeg","width":550,"height":550},{"@type":"BreadcrumbList","@id":"https:\/\/fullsolutions.info\/produto\/transmissores-de-pressao-absoluta-serie-st-3000-100\/#breadcrumb","itemListElement":[{"@type":"ListItem","position":1,"name":"In\u00edcio","item":"https:\/\/fullsolutions.info\/"},{"@type":"ListItem","position":2,"name":"Produtos","item":"https:\/\/fullsolutions.info\/shop\/"},{"@type":"ListItem","position":3,"name":"Transmissores de Press\u00e3o Absoluta S\u00e9rie ST 3000 100"}]},{"@type":"WebSite","@id":"https:\/\/fullsolutions.info\/#website","url":"https:\/\/fullsolutions.info\/","name":"Full Solutions","description":"Empresa na \u00c1rea de Procurement","publisher":{"@id":"https:\/\/fullsolutions.info\/#organization"},"potentialAction":[{"@type":"SearchAction","target":{"@type":"EntryPoint","urlTemplate":"https:\/\/fullsolutions.info\/?s={search_term_string}"},"query-input":{"@type":"PropertyValueSpecification","valueRequired":true,"valueName":"search_term_string"}}],"inLanguage":"en-US"},{"@type":"Organization","@id":"https:\/\/fullsolutions.info\/#organization","name":"Full Solutions","url":"https:\/\/fullsolutions.info\/","logo":{"@type":"ImageObject","inLanguage":"en-US","@id":"https:\/\/fullsolutions.info\/#\/schema\/logo\/image\/","url":"https:\/\/mlhff0prgoxu.i.optimole.com\/cb:s0sM.767\/w:auto\/h:auto\/q:mauto\/f:best\/https:\/\/fullsolutions.info\/wp-content\/uploads\/2021\/07\/cropped-Design-sem-nome-300x193-1-e1627062664782.png","contentUrl":"https:\/\/mlhff0prgoxu.i.optimole.com\/cb:s0sM.767\/w:auto\/h:auto\/q:mauto\/f:best\/https:\/\/fullsolutions.info\/wp-content\/uploads\/2021\/07\/cropped-Design-sem-nome-300x193-1-e1627062664782.png","width":202,"height":155,"caption":"Full Solutions"},"image":{"@id":"https:\/\/fullsolutions.info\/#\/schema\/logo\/image\/"},"sameAs":["https:\/\/www.linkedin.com\/company\/full-solutions-equipment"]}]}},"_links":{"self":[{"href":"https:\/\/fullsolutions.info\/en\/wp-json\/wp\/v2\/product\/4114","targetHints":{"allow":["GET"]}}],"collection":[{"href":"https:\/\/fullsolutions.info\/en\/wp-json\/wp\/v2\/product"}],"about":[{"href":"https:\/\/fullsolutions.info\/en\/wp-json\/wp\/v2\/types\/product"}],"replies":[{"embeddable":true,"href":"https:\/\/fullsolutions.info\/en\/wp-json\/wp\/v2\/comments?post=4114"}],"wp:featuredmedia":[{"embeddable":true,"href":"https:\/\/fullsolutions.info\/en\/wp-json\/wp\/v2\/media\/4115"}],"wp:attachment":[{"href":"https:\/\/fullsolutions.info\/en\/wp-json\/wp\/v2\/media?parent=4114"}],"wp:term":[{"taxonomy":"product_brand","embeddable":true,"href":"https:\/\/fullsolutions.info\/en\/wp-json\/wp\/v2\/product_brand?post=4114"},{"taxonomy":"product_cat","embeddable":true,"href":"https:\/\/fullsolutions.info\/en\/wp-json\/wp\/v2\/product_cat?post=4114"},{"taxonomy":"product_tag","embeddable":true,"href":"https:\/\/fullsolutions.info\/en\/wp-json\/wp\/v2\/product_tag?post=4114"},{"taxonomy":"marca","embeddable":true,"href":"https:\/\/fullsolutions.info\/en\/wp-json\/wp\/v2\/marca?post=4114"}],"curies":[{"name":"wp","href":"https:\/\/api.w.org\/{rel}","templated":true}]}}