{"id":4102,"date":"2024-02-01T14:08:24","date_gmt":"2024-02-01T14:08:24","guid":{"rendered":"https:\/\/fullsolutionsequip.com\/?post_type=product&#038;p=4102"},"modified":"2024-02-19T16:13:52","modified_gmt":"2024-02-19T16:13:52","slug":"transmissor-de-pressao-diferencial-selado-diafragma-ejx118a","status":"publish","type":"product","link":"https:\/\/fullsolutions.info\/en\/product\/transmissor-de-pressao-diferencial-selado-diafragma-ejx118a\/","title":{"rendered":"Transmissor de press\u00e3o diferencial selado diafragma EJX118A"},"content":{"rendered":"<p>Transmissor de press\u00e3o diferencial selado diafragma EJX118A<br \/>\nAs veda\u00e7\u00f5es de diafragma s\u00e3o usadas para evitar que o meio do processo entre diretamente no conjunto sensor de press\u00e3o do transmissor de press\u00e3o diferencial. Eles s\u00e3o conectados ao transmissor usando capilares preenchidos com fluido de enchimento.<br \/>\nOs transmissores de press\u00e3o diferencial selados com diafragma EJX118A podem ser usados \u200b\u200bpara medir fluxo de l\u00edquido, g\u00e1s ou vapor, bem como n\u00edvel, densidade e press\u00e3o de l\u00edquido.<br \/>\nA tecnologia multi-sensor fornece a fun\u00e7\u00e3o de diagn\u00f3stico avan\u00e7ada para detectar anormalidades como bloqueio de linha de impulso.<br \/>\nA s\u00e9rie EJX est\u00e1 dispon\u00edvel com protocolos de comunica\u00e7\u00e3o BRAIN, HART e FOUNDATION\u2122 fieldbus.<\/p>","protected":false},"excerpt":{"rendered":"<p>Transmissor de press\u00e3o diferencial selado diafragma EJX118A As veda\u00e7\u00f5es de diafragma s\u00e3o usadas para evitar que o meio do processo entre diretamente no conjunto sensor de press\u00e3o do transmissor de press\u00e3o diferencial. Eles s\u00e3o conectados ao transmissor usando capilares preenchidos com fluido de enchimento. Os transmissores de press\u00e3o diferencial selados com diafragma EJX118A podem ser usados \u200b\u200bpara medir fluxo de l\u00edquido, g\u00e1s ou vapor, bem como n\u00edvel, densidade e press\u00e3o de l\u00edquido. A tecnologia multi-sensor fornece a fun\u00e7\u00e3o de diagn\u00f3stico avan\u00e7ada para detectar anormalidades como bloqueio de linha de impulso. A s\u00e9rie EJX est\u00e1 dispon\u00edvel com protocolos de comunica\u00e7\u00e3o BRAIN, HART e FOUNDATION\u2122 fieldbus.<\/p>","protected":false},"featured_media":4103,"comment_status":"open","ping_status":"closed","template":"","meta":{"_joinchat":[]},"product_brand":[],"product_cat":[140],"product_tag":[],"marca":[143],"class_list":{"0":"post-4102","1":"product","2":"type-product","3":"status-publish","4":"has-post-thumbnail","6":"product_cat-transmissores","7":"marca-yokogawa","9":"first","10":"instock","11":"shipping-taxable","12":"purchasable","13":"product-type-simple"},"yoast_head":"<!-- This site is optimized with the Yoast SEO plugin v27.2 - https:\/\/yoast.com\/product\/yoast-seo-wordpress\/ -->\n<title>Transmissor de press\u00e3o diferencial selado diafragma EJX118A - Full Solutions<\/title>\n<meta name=\"robots\" content=\"index, follow, max-snippet:-1, max-image-preview:large, max-video-preview:-1\" \/>\n<link rel=\"canonical\" href=\"https:\/\/fullsolutions.info\/en\/product\/transmissor-de-pressao-diferencial-selado-diafragma-ejx118a\/\" \/>\n<meta property=\"og:locale\" content=\"en_US\" \/>\n<meta property=\"og:type\" content=\"article\" \/>\n<meta property=\"og:title\" content=\"Transmissor de press\u00e3o diferencial selado diafragma EJX118A - Full Solutions\" \/>\n<meta property=\"og:description\" content=\"Transmissor de press\u00e3o diferencial selado diafragma EJX118A As veda\u00e7\u00f5es de diafragma s\u00e3o usadas para evitar que o meio do processo entre diretamente no conjunto sensor de press\u00e3o do transmissor de press\u00e3o diferencial. Eles s\u00e3o conectados ao transmissor usando capilares preenchidos com fluido de enchimento. Os transmissores de press\u00e3o diferencial selados com diafragma EJX118A podem ser usados \u200b\u200bpara medir fluxo de l\u00edquido, g\u00e1s ou vapor, bem como n\u00edvel, densidade e press\u00e3o de l\u00edquido. A tecnologia multi-sensor fornece a fun\u00e7\u00e3o de diagn\u00f3stico avan\u00e7ada para detectar anormalidades como bloqueio de linha de impulso. A s\u00e9rie EJX est\u00e1 dispon\u00edvel com protocolos de comunica\u00e7\u00e3o BRAIN, HART e FOUNDATION\u2122 fieldbus.\" \/>\n<meta property=\"og:url\" content=\"https:\/\/fullsolutions.info\/en\/product\/transmissor-de-pressao-diferencial-selado-diafragma-ejx118a\/\" \/>\n<meta property=\"og:site_name\" content=\"Full Solutions\" \/>\n<meta property=\"article:modified_time\" content=\"2024-02-19T16:13:52+00:00\" \/>\n<meta property=\"og:image\" content=\"https:\/\/mlhff0prgoxu.i.optimole.com\/cb:s0sM.767\/w:auto\/h:auto\/q:mauto\/f:best\/https:\/\/fullsolutions.info\/wp-content\/uploads\/2024\/02\/EJX118A-Diaphragm.png\" \/>\n\t<meta property=\"og:image:width\" content=\"223\" \/>\n\t<meta property=\"og:image:height\" content=\"154\" \/>\n\t<meta property=\"og:image:type\" content=\"image\/png\" \/>\n<meta name=\"twitter:card\" content=\"summary_large_image\" \/>\n<meta name=\"twitter:label1\" content=\"Est. reading time\" \/>\n\t<meta name=\"twitter:data1\" content=\"1 minute\" \/>\n<script type=\"application\/ld+json\" class=\"yoast-schema-graph\">{\"@context\":\"https:\/\/schema.org\",\"@graph\":[{\"@type\":\"WebPage\",\"@id\":\"https:\/\/fullsolutions.info\/produto\/transmissor-de-pressao-diferencial-selado-diafragma-ejx118a\/\",\"url\":\"https:\/\/fullsolutions.info\/produto\/transmissor-de-pressao-diferencial-selado-diafragma-ejx118a\/\",\"name\":\"Transmissor de press\u00e3o diferencial selado diafragma EJX118A - Full Solutions\",\"isPartOf\":{\"@id\":\"https:\/\/fullsolutions.info\/#website\"},\"primaryImageOfPage\":{\"@id\":\"https:\/\/fullsolutions.info\/produto\/transmissor-de-pressao-diferencial-selado-diafragma-ejx118a\/#primaryimage\"},\"image\":{\"@id\":\"https:\/\/fullsolutions.info\/produto\/transmissor-de-pressao-diferencial-selado-diafragma-ejx118a\/#primaryimage\"},\"thumbnailUrl\":\"https:\/\/mlhff0prgoxu.i.optimole.com\/cb:s0sM.767\/w:auto\/h:auto\/q:mauto\/f:best\/https:\/\/fullsolutions.info\/wp-content\/uploads\/2024\/02\/EJX118A-Diaphragm.png\",\"datePublished\":\"2024-02-01T14:08:24+00:00\",\"dateModified\":\"2024-02-19T16:13:52+00:00\",\"breadcrumb\":{\"@id\":\"https:\/\/fullsolutions.info\/produto\/transmissor-de-pressao-diferencial-selado-diafragma-ejx118a\/#breadcrumb\"},\"inLanguage\":\"en-US\",\"potentialAction\":[{\"@type\":\"ReadAction\",\"target\":[\"https:\/\/fullsolutions.info\/produto\/transmissor-de-pressao-diferencial-selado-diafragma-ejx118a\/\"]}]},{\"@type\":\"ImageObject\",\"inLanguage\":\"en-US\",\"@id\":\"https:\/\/fullsolutions.info\/produto\/transmissor-de-pressao-diferencial-selado-diafragma-ejx118a\/#primaryimage\",\"url\":\"https:\/\/mlhff0prgoxu.i.optimole.com\/cb:s0sM.767\/w:auto\/h:auto\/q:mauto\/f:best\/https:\/\/fullsolutions.info\/wp-content\/uploads\/2024\/02\/EJX118A-Diaphragm.png\",\"contentUrl\":\"https:\/\/mlhff0prgoxu.i.optimole.com\/cb:s0sM.767\/w:auto\/h:auto\/q:mauto\/f:best\/https:\/\/fullsolutions.info\/wp-content\/uploads\/2024\/02\/EJX118A-Diaphragm.png\",\"width\":223,\"height\":154},{\"@type\":\"BreadcrumbList\",\"@id\":\"https:\/\/fullsolutions.info\/produto\/transmissor-de-pressao-diferencial-selado-diafragma-ejx118a\/#breadcrumb\",\"itemListElement\":[{\"@type\":\"ListItem\",\"position\":1,\"name\":\"In\u00edcio\",\"item\":\"https:\/\/fullsolutions.info\/\"},{\"@type\":\"ListItem\",\"position\":2,\"name\":\"Produtos\",\"item\":\"https:\/\/fullsolutions.info\/shop\/\"},{\"@type\":\"ListItem\",\"position\":3,\"name\":\"Transmissor de press\u00e3o diferencial selado diafragma EJX118A\"}]},{\"@type\":\"WebSite\",\"@id\":\"https:\/\/fullsolutions.info\/#website\",\"url\":\"https:\/\/fullsolutions.info\/\",\"name\":\"Full Solutions\",\"description\":\"Empresa na \u00c1rea de Procurement\",\"publisher\":{\"@id\":\"https:\/\/fullsolutions.info\/#organization\"},\"potentialAction\":[{\"@type\":\"SearchAction\",\"target\":{\"@type\":\"EntryPoint\",\"urlTemplate\":\"https:\/\/fullsolutions.info\/?s={search_term_string}\"},\"query-input\":{\"@type\":\"PropertyValueSpecification\",\"valueRequired\":true,\"valueName\":\"search_term_string\"}}],\"inLanguage\":\"en-US\"},{\"@type\":\"Organization\",\"@id\":\"https:\/\/fullsolutions.info\/#organization\",\"name\":\"Full Solutions\",\"url\":\"https:\/\/fullsolutions.info\/\",\"logo\":{\"@type\":\"ImageObject\",\"inLanguage\":\"en-US\",\"@id\":\"https:\/\/fullsolutions.info\/#\/schema\/logo\/image\/\",\"url\":\"https:\/\/mlhff0prgoxu.i.optimole.com\/cb:s0sM.767\/w:auto\/h:auto\/q:mauto\/f:best\/https:\/\/fullsolutions.info\/wp-content\/uploads\/2021\/07\/cropped-Design-sem-nome-300x193-1-e1627062664782.png\",\"contentUrl\":\"https:\/\/mlhff0prgoxu.i.optimole.com\/cb:s0sM.767\/w:auto\/h:auto\/q:mauto\/f:best\/https:\/\/fullsolutions.info\/wp-content\/uploads\/2021\/07\/cropped-Design-sem-nome-300x193-1-e1627062664782.png\",\"width\":202,\"height\":155,\"caption\":\"Full Solutions\"},\"image\":{\"@id\":\"https:\/\/fullsolutions.info\/#\/schema\/logo\/image\/\"},\"sameAs\":[\"https:\/\/www.linkedin.com\/company\/full-solutions-equipment\"]}]}<\/script>\n<!-- \/ Yoast SEO plugin. -->","yoast_head_json":{"title":"Transmissor de press\u00e3o diferencial selado diafragma EJX118A - Full Solutions","robots":{"index":"index","follow":"follow","max-snippet":"max-snippet:-1","max-image-preview":"max-image-preview:large","max-video-preview":"max-video-preview:-1"},"canonical":"https:\/\/fullsolutions.info\/en\/product\/transmissor-de-pressao-diferencial-selado-diafragma-ejx118a\/","og_locale":"en_US","og_type":"article","og_title":"Transmissor de press\u00e3o diferencial selado diafragma EJX118A - Full Solutions","og_description":"Transmissor de press\u00e3o diferencial selado diafragma EJX118A As veda\u00e7\u00f5es de diafragma s\u00e3o usadas para evitar que o meio do processo entre diretamente no conjunto sensor de press\u00e3o do transmissor de press\u00e3o diferencial. Eles s\u00e3o conectados ao transmissor usando capilares preenchidos com fluido de enchimento. Os transmissores de press\u00e3o diferencial selados com diafragma EJX118A podem ser usados \u200b\u200bpara medir fluxo de l\u00edquido, g\u00e1s ou vapor, bem como n\u00edvel, densidade e press\u00e3o de l\u00edquido. A tecnologia multi-sensor fornece a fun\u00e7\u00e3o de diagn\u00f3stico avan\u00e7ada para detectar anormalidades como bloqueio de linha de impulso. A s\u00e9rie EJX est\u00e1 dispon\u00edvel com protocolos de comunica\u00e7\u00e3o BRAIN, HART e FOUNDATION\u2122 fieldbus.","og_url":"https:\/\/fullsolutions.info\/en\/product\/transmissor-de-pressao-diferencial-selado-diafragma-ejx118a\/","og_site_name":"Full Solutions","article_modified_time":"2024-02-19T16:13:52+00:00","og_image":[{"width":223,"height":154,"url":"https:\/\/mlhff0prgoxu.i.optimole.com\/cb:s0sM.767\/w:auto\/h:auto\/q:mauto\/f:best\/https:\/\/fullsolutions.info\/wp-content\/uploads\/2024\/02\/EJX118A-Diaphragm.png","type":"image\/png"}],"twitter_card":"summary_large_image","twitter_misc":{"Est. reading time":"1 minute"},"schema":{"@context":"https:\/\/schema.org","@graph":[{"@type":"WebPage","@id":"https:\/\/fullsolutions.info\/produto\/transmissor-de-pressao-diferencial-selado-diafragma-ejx118a\/","url":"https:\/\/fullsolutions.info\/produto\/transmissor-de-pressao-diferencial-selado-diafragma-ejx118a\/","name":"Transmissor de press\u00e3o diferencial selado diafragma EJX118A - Full Solutions","isPartOf":{"@id":"https:\/\/fullsolutions.info\/#website"},"primaryImageOfPage":{"@id":"https:\/\/fullsolutions.info\/produto\/transmissor-de-pressao-diferencial-selado-diafragma-ejx118a\/#primaryimage"},"image":{"@id":"https:\/\/fullsolutions.info\/produto\/transmissor-de-pressao-diferencial-selado-diafragma-ejx118a\/#primaryimage"},"thumbnailUrl":"https:\/\/mlhff0prgoxu.i.optimole.com\/cb:s0sM.767\/w:auto\/h:auto\/q:mauto\/f:best\/https:\/\/fullsolutions.info\/wp-content\/uploads\/2024\/02\/EJX118A-Diaphragm.png","datePublished":"2024-02-01T14:08:24+00:00","dateModified":"2024-02-19T16:13:52+00:00","breadcrumb":{"@id":"https:\/\/fullsolutions.info\/produto\/transmissor-de-pressao-diferencial-selado-diafragma-ejx118a\/#breadcrumb"},"inLanguage":"en-US","potentialAction":[{"@type":"ReadAction","target":["https:\/\/fullsolutions.info\/produto\/transmissor-de-pressao-diferencial-selado-diafragma-ejx118a\/"]}]},{"@type":"ImageObject","inLanguage":"en-US","@id":"https:\/\/fullsolutions.info\/produto\/transmissor-de-pressao-diferencial-selado-diafragma-ejx118a\/#primaryimage","url":"https:\/\/mlhff0prgoxu.i.optimole.com\/cb:s0sM.767\/w:auto\/h:auto\/q:mauto\/f:best\/https:\/\/fullsolutions.info\/wp-content\/uploads\/2024\/02\/EJX118A-Diaphragm.png","contentUrl":"https:\/\/mlhff0prgoxu.i.optimole.com\/cb:s0sM.767\/w:auto\/h:auto\/q:mauto\/f:best\/https:\/\/fullsolutions.info\/wp-content\/uploads\/2024\/02\/EJX118A-Diaphragm.png","width":223,"height":154},{"@type":"BreadcrumbList","@id":"https:\/\/fullsolutions.info\/produto\/transmissor-de-pressao-diferencial-selado-diafragma-ejx118a\/#breadcrumb","itemListElement":[{"@type":"ListItem","position":1,"name":"In\u00edcio","item":"https:\/\/fullsolutions.info\/"},{"@type":"ListItem","position":2,"name":"Produtos","item":"https:\/\/fullsolutions.info\/shop\/"},{"@type":"ListItem","position":3,"name":"Transmissor de press\u00e3o diferencial selado diafragma EJX118A"}]},{"@type":"WebSite","@id":"https:\/\/fullsolutions.info\/#website","url":"https:\/\/fullsolutions.info\/","name":"Full Solutions","description":"Empresa na \u00c1rea de Procurement","publisher":{"@id":"https:\/\/fullsolutions.info\/#organization"},"potentialAction":[{"@type":"SearchAction","target":{"@type":"EntryPoint","urlTemplate":"https:\/\/fullsolutions.info\/?s={search_term_string}"},"query-input":{"@type":"PropertyValueSpecification","valueRequired":true,"valueName":"search_term_string"}}],"inLanguage":"en-US"},{"@type":"Organization","@id":"https:\/\/fullsolutions.info\/#organization","name":"Full Solutions","url":"https:\/\/fullsolutions.info\/","logo":{"@type":"ImageObject","inLanguage":"en-US","@id":"https:\/\/fullsolutions.info\/#\/schema\/logo\/image\/","url":"https:\/\/mlhff0prgoxu.i.optimole.com\/cb:s0sM.767\/w:auto\/h:auto\/q:mauto\/f:best\/https:\/\/fullsolutions.info\/wp-content\/uploads\/2021\/07\/cropped-Design-sem-nome-300x193-1-e1627062664782.png","contentUrl":"https:\/\/mlhff0prgoxu.i.optimole.com\/cb:s0sM.767\/w:auto\/h:auto\/q:mauto\/f:best\/https:\/\/fullsolutions.info\/wp-content\/uploads\/2021\/07\/cropped-Design-sem-nome-300x193-1-e1627062664782.png","width":202,"height":155,"caption":"Full Solutions"},"image":{"@id":"https:\/\/fullsolutions.info\/#\/schema\/logo\/image\/"},"sameAs":["https:\/\/www.linkedin.com\/company\/full-solutions-equipment"]}]}},"_links":{"self":[{"href":"https:\/\/fullsolutions.info\/en\/wp-json\/wp\/v2\/product\/4102","targetHints":{"allow":["GET"]}}],"collection":[{"href":"https:\/\/fullsolutions.info\/en\/wp-json\/wp\/v2\/product"}],"about":[{"href":"https:\/\/fullsolutions.info\/en\/wp-json\/wp\/v2\/types\/product"}],"replies":[{"embeddable":true,"href":"https:\/\/fullsolutions.info\/en\/wp-json\/wp\/v2\/comments?post=4102"}],"wp:featuredmedia":[{"embeddable":true,"href":"https:\/\/fullsolutions.info\/en\/wp-json\/wp\/v2\/media\/4103"}],"wp:attachment":[{"href":"https:\/\/fullsolutions.info\/en\/wp-json\/wp\/v2\/media?parent=4102"}],"wp:term":[{"taxonomy":"product_brand","embeddable":true,"href":"https:\/\/fullsolutions.info\/en\/wp-json\/wp\/v2\/product_brand?post=4102"},{"taxonomy":"product_cat","embeddable":true,"href":"https:\/\/fullsolutions.info\/en\/wp-json\/wp\/v2\/product_cat?post=4102"},{"taxonomy":"product_tag","embeddable":true,"href":"https:\/\/fullsolutions.info\/en\/wp-json\/wp\/v2\/product_tag?post=4102"},{"taxonomy":"marca","embeddable":true,"href":"https:\/\/fullsolutions.info\/en\/wp-json\/wp\/v2\/marca?post=4102"}],"curies":[{"name":"wp","href":"https:\/\/api.w.org\/{rel}","templated":true}]}}