{"id":4086,"date":"2024-02-01T13:49:23","date_gmt":"2024-02-01T13:49:23","guid":{"rendered":"https:\/\/fullsolutionsequip.com\/?post_type=product&#038;p=4086"},"modified":"2024-02-19T16:13:53","modified_gmt":"2024-02-19T16:13:53","slug":"transmissor-multivariavel-ejx930a","status":"publish","type":"product","link":"https:\/\/fullsolutions.info\/en\/product\/transmissor-multivariavel-ejx930a\/","title":{"rendered":"Transmissor Multivari\u00e1vel EJX930A"},"content":{"rendered":"<p>Apresentando o transmissor multivari\u00e1vel Yokogawa EJX930A, uma inova\u00e7\u00e3o not\u00e1vel em tecnologia multi-sensor que faz uso ideal das poderosas caracter\u00edsticas do sensor ressonante de sil\u00edcio de cristal \u00fanico.<br \/>\nExperimente o EJXMVTool\u2122(FSA120), software baseado em PC projetado exclusivamente para uso com o EJX930A. EJXMVTool\u2122 permite que os usu\u00e1rios configurem o fluxo de massa e obtenham medi\u00e7\u00f5es precisas com compensa\u00e7\u00e3o de densidade total em tempo real. Os principais recursos incluem:<br \/>\n\u2022 Precis\u00e3o de vaz\u00e3o m\u00e1ssica de 1,0%<br \/>\n\u2022 Fluxo de massa totalmente compensado: todos os fatores de fluxo podem ser calculados autom\u00e1tica e dinamicamente para um valor ideal<br \/>\n[Tipo de protocolo HART]<br \/>\n\u2022 Sa\u00edda dupla simult\u00e2nea de 4 a 20 mA e sinais de pulso para vaz\u00e3o total, vaz\u00e3o ou status de alarme<br \/>\n[Tipo de protocolo FOUNDATION\u2122 fieldbus]<br \/>\n\u2022 V\u00e1rios blocos funcionais dispon\u00edveis;<br \/>\n5 Als, AR, IT, SC e IS como padr\u00e3o<br \/>\nPID como um recurso opcional<br \/>\n\u2022 Exibe ciclicamente at\u00e9 10 vari\u00e1veis<br \/>\n\u2022 Fun\u00e7\u00e3o de download de software (opcional)<br \/>\n\u2022 Fun\u00e7\u00e3o de diagn\u00f3stico avan\u00e7ada (opcional)<\/p>","protected":false},"excerpt":{"rendered":"<p>Apresentando o transmissor multivari\u00e1vel Yokogawa EJX930A, uma inova\u00e7\u00e3o not\u00e1vel em tecnologia multi-sensor que faz uso ideal das poderosas caracter\u00edsticas do sensor ressonante de sil\u00edcio de cristal \u00fanico. Experimente o EJXMVTool\u2122(FSA120), software baseado em PC projetado exclusivamente para uso com o EJX930A. EJXMVTool\u2122 permite que os usu\u00e1rios configurem o fluxo de massa e obtenham medi\u00e7\u00f5es precisas com compensa\u00e7\u00e3o de densidade total em tempo real. Os principais recursos incluem: \u2022 Precis\u00e3o de vaz\u00e3o m\u00e1ssica de 1,0% \u2022 Fluxo de massa totalmente compensado: todos os fatores de fluxo podem ser calculados autom\u00e1tica e dinamicamente para um valor ideal [Tipo de protocolo HART] \u2022 Sa\u00edda dupla simult\u00e2nea de 4 a 20 mA e sinais de pulso para vaz\u00e3o total, vaz\u00e3o ou status de alarme [Tipo de protocolo FOUNDATION\u2122 fieldbus] \u2022 V\u00e1rios blocos funcionais dispon\u00edveis; 5 Als, AR, IT, SC e IS como padr\u00e3o PID como um recurso opcional \u2022 Exibe ciclicamente at\u00e9 10 vari\u00e1veis \u2022 Fun\u00e7\u00e3o de download de software (opcional) \u2022 Fun\u00e7\u00e3o de diagn\u00f3stico avan\u00e7ada (opcional)<\/p>","protected":false},"featured_media":4087,"comment_status":"open","ping_status":"closed","template":"","meta":{"_joinchat":[]},"product_brand":[],"product_cat":[140],"product_tag":[],"marca":[143],"class_list":{"0":"post-4086","1":"product","2":"type-product","3":"status-publish","4":"has-post-thumbnail","6":"product_cat-transmissores","7":"marca-yokogawa","9":"first","10":"instock","11":"shipping-taxable","12":"purchasable","13":"product-type-simple"},"yoast_head":"<!-- This site is optimized with the Yoast SEO plugin v27.2 - https:\/\/yoast.com\/product\/yoast-seo-wordpress\/ -->\n<title>Transmissor Multivari\u00e1vel EJX930A - Full Solutions<\/title>\n<meta name=\"robots\" content=\"index, follow, max-snippet:-1, max-image-preview:large, max-video-preview:-1\" \/>\n<link rel=\"canonical\" href=\"https:\/\/fullsolutions.info\/en\/product\/transmissor-multivariavel-ejx930a\/\" \/>\n<meta property=\"og:locale\" content=\"en_US\" \/>\n<meta property=\"og:type\" content=\"article\" \/>\n<meta property=\"og:title\" content=\"Transmissor Multivari\u00e1vel EJX930A - Full Solutions\" \/>\n<meta property=\"og:description\" content=\"Apresentando o transmissor multivari\u00e1vel Yokogawa EJX930A, uma inova\u00e7\u00e3o not\u00e1vel em tecnologia multi-sensor que faz uso ideal das poderosas caracter\u00edsticas do sensor ressonante de sil\u00edcio de cristal \u00fanico. Experimente o EJXMVTool\u2122(FSA120), software baseado em PC projetado exclusivamente para uso com o EJX930A. EJXMVTool\u2122 permite que os usu\u00e1rios configurem o fluxo de massa e obtenham medi\u00e7\u00f5es precisas com compensa\u00e7\u00e3o de densidade total em tempo real. Os principais recursos incluem: \u2022 Precis\u00e3o de vaz\u00e3o m\u00e1ssica de 1,0% \u2022 Fluxo de massa totalmente compensado: todos os fatores de fluxo podem ser calculados autom\u00e1tica e dinamicamente para um valor ideal [Tipo de protocolo HART] \u2022 Sa\u00edda dupla simult\u00e2nea de 4 a 20 mA e sinais de pulso para vaz\u00e3o total, vaz\u00e3o ou status de alarme [Tipo de protocolo FOUNDATION\u2122 fieldbus] \u2022 V\u00e1rios blocos funcionais dispon\u00edveis; 5 Als, AR, IT, SC e IS como padr\u00e3o PID como um recurso opcional \u2022 Exibe ciclicamente at\u00e9 10 vari\u00e1veis \u2022 Fun\u00e7\u00e3o de download de software (opcional) \u2022 Fun\u00e7\u00e3o de diagn\u00f3stico avan\u00e7ada (opcional)\" \/>\n<meta property=\"og:url\" content=\"https:\/\/fullsolutions.info\/en\/product\/transmissor-multivariavel-ejx930a\/\" \/>\n<meta property=\"og:site_name\" content=\"Full Solutions\" \/>\n<meta property=\"article:modified_time\" content=\"2024-02-19T16:13:53+00:00\" \/>\n<meta property=\"og:image\" content=\"https:\/\/mlhff0prgoxu.i.optimole.com\/cb:s0sM.767\/w:auto\/h:auto\/q:mauto\/f:best\/https:\/\/fullsolutions.info\/wp-content\/uploads\/2024\/02\/EJX930A-Multivariable.png\" \/>\n\t<meta property=\"og:image:width\" content=\"186\" \/>\n\t<meta property=\"og:image:height\" content=\"193\" \/>\n\t<meta property=\"og:image:type\" content=\"image\/png\" \/>\n<meta name=\"twitter:card\" content=\"summary_large_image\" \/>\n<meta name=\"twitter:label1\" content=\"Est. reading time\" \/>\n\t<meta name=\"twitter:data1\" content=\"1 minute\" \/>\n<script type=\"application\/ld+json\" class=\"yoast-schema-graph\">{\"@context\":\"https:\/\/schema.org\",\"@graph\":[{\"@type\":\"WebPage\",\"@id\":\"https:\/\/fullsolutions.info\/produto\/transmissor-multivariavel-ejx930a\/\",\"url\":\"https:\/\/fullsolutions.info\/produto\/transmissor-multivariavel-ejx930a\/\",\"name\":\"Transmissor Multivari\u00e1vel EJX930A - Full Solutions\",\"isPartOf\":{\"@id\":\"https:\/\/fullsolutions.info\/#website\"},\"primaryImageOfPage\":{\"@id\":\"https:\/\/fullsolutions.info\/produto\/transmissor-multivariavel-ejx930a\/#primaryimage\"},\"image\":{\"@id\":\"https:\/\/fullsolutions.info\/produto\/transmissor-multivariavel-ejx930a\/#primaryimage\"},\"thumbnailUrl\":\"https:\/\/mlhff0prgoxu.i.optimole.com\/cb:s0sM.767\/w:auto\/h:auto\/q:mauto\/f:best\/https:\/\/fullsolutions.info\/wp-content\/uploads\/2024\/02\/EJX930A-Multivariable.png\",\"datePublished\":\"2024-02-01T13:49:23+00:00\",\"dateModified\":\"2024-02-19T16:13:53+00:00\",\"breadcrumb\":{\"@id\":\"https:\/\/fullsolutions.info\/produto\/transmissor-multivariavel-ejx930a\/#breadcrumb\"},\"inLanguage\":\"en-US\",\"potentialAction\":[{\"@type\":\"ReadAction\",\"target\":[\"https:\/\/fullsolutions.info\/produto\/transmissor-multivariavel-ejx930a\/\"]}]},{\"@type\":\"ImageObject\",\"inLanguage\":\"en-US\",\"@id\":\"https:\/\/fullsolutions.info\/produto\/transmissor-multivariavel-ejx930a\/#primaryimage\",\"url\":\"https:\/\/mlhff0prgoxu.i.optimole.com\/cb:s0sM.767\/w:auto\/h:auto\/q:mauto\/f:best\/https:\/\/fullsolutions.info\/wp-content\/uploads\/2024\/02\/EJX930A-Multivariable.png\",\"contentUrl\":\"https:\/\/mlhff0prgoxu.i.optimole.com\/cb:s0sM.767\/w:auto\/h:auto\/q:mauto\/f:best\/https:\/\/fullsolutions.info\/wp-content\/uploads\/2024\/02\/EJX930A-Multivariable.png\",\"width\":186,\"height\":193},{\"@type\":\"BreadcrumbList\",\"@id\":\"https:\/\/fullsolutions.info\/produto\/transmissor-multivariavel-ejx930a\/#breadcrumb\",\"itemListElement\":[{\"@type\":\"ListItem\",\"position\":1,\"name\":\"In\u00edcio\",\"item\":\"https:\/\/fullsolutions.info\/\"},{\"@type\":\"ListItem\",\"position\":2,\"name\":\"Produtos\",\"item\":\"https:\/\/fullsolutions.info\/shop\/\"},{\"@type\":\"ListItem\",\"position\":3,\"name\":\"Transmissor Multivari\u00e1vel EJX930A\"}]},{\"@type\":\"WebSite\",\"@id\":\"https:\/\/fullsolutions.info\/#website\",\"url\":\"https:\/\/fullsolutions.info\/\",\"name\":\"Full Solutions\",\"description\":\"Empresa na \u00c1rea de Procurement\",\"publisher\":{\"@id\":\"https:\/\/fullsolutions.info\/#organization\"},\"potentialAction\":[{\"@type\":\"SearchAction\",\"target\":{\"@type\":\"EntryPoint\",\"urlTemplate\":\"https:\/\/fullsolutions.info\/?s={search_term_string}\"},\"query-input\":{\"@type\":\"PropertyValueSpecification\",\"valueRequired\":true,\"valueName\":\"search_term_string\"}}],\"inLanguage\":\"en-US\"},{\"@type\":\"Organization\",\"@id\":\"https:\/\/fullsolutions.info\/#organization\",\"name\":\"Full Solutions\",\"url\":\"https:\/\/fullsolutions.info\/\",\"logo\":{\"@type\":\"ImageObject\",\"inLanguage\":\"en-US\",\"@id\":\"https:\/\/fullsolutions.info\/#\/schema\/logo\/image\/\",\"url\":\"https:\/\/mlhff0prgoxu.i.optimole.com\/cb:s0sM.767\/w:auto\/h:auto\/q:mauto\/f:best\/https:\/\/fullsolutions.info\/wp-content\/uploads\/2021\/07\/cropped-Design-sem-nome-300x193-1-e1627062664782.png\",\"contentUrl\":\"https:\/\/mlhff0prgoxu.i.optimole.com\/cb:s0sM.767\/w:auto\/h:auto\/q:mauto\/f:best\/https:\/\/fullsolutions.info\/wp-content\/uploads\/2021\/07\/cropped-Design-sem-nome-300x193-1-e1627062664782.png\",\"width\":202,\"height\":155,\"caption\":\"Full Solutions\"},\"image\":{\"@id\":\"https:\/\/fullsolutions.info\/#\/schema\/logo\/image\/\"},\"sameAs\":[\"https:\/\/www.linkedin.com\/company\/full-solutions-equipment\"]}]}<\/script>\n<!-- \/ Yoast SEO plugin. -->","yoast_head_json":{"title":"Transmissor Multivari\u00e1vel EJX930A - Full Solutions","robots":{"index":"index","follow":"follow","max-snippet":"max-snippet:-1","max-image-preview":"max-image-preview:large","max-video-preview":"max-video-preview:-1"},"canonical":"https:\/\/fullsolutions.info\/en\/product\/transmissor-multivariavel-ejx930a\/","og_locale":"en_US","og_type":"article","og_title":"Transmissor Multivari\u00e1vel EJX930A - Full Solutions","og_description":"Apresentando o transmissor multivari\u00e1vel Yokogawa EJX930A, uma inova\u00e7\u00e3o not\u00e1vel em tecnologia multi-sensor que faz uso ideal das poderosas caracter\u00edsticas do sensor ressonante de sil\u00edcio de cristal \u00fanico. Experimente o EJXMVTool\u2122(FSA120), software baseado em PC projetado exclusivamente para uso com o EJX930A. EJXMVTool\u2122 permite que os usu\u00e1rios configurem o fluxo de massa e obtenham medi\u00e7\u00f5es precisas com compensa\u00e7\u00e3o de densidade total em tempo real. Os principais recursos incluem: \u2022 Precis\u00e3o de vaz\u00e3o m\u00e1ssica de 1,0% \u2022 Fluxo de massa totalmente compensado: todos os fatores de fluxo podem ser calculados autom\u00e1tica e dinamicamente para um valor ideal [Tipo de protocolo HART] \u2022 Sa\u00edda dupla simult\u00e2nea de 4 a 20 mA e sinais de pulso para vaz\u00e3o total, vaz\u00e3o ou status de alarme [Tipo de protocolo FOUNDATION\u2122 fieldbus] \u2022 V\u00e1rios blocos funcionais dispon\u00edveis; 5 Als, AR, IT, SC e IS como padr\u00e3o PID como um recurso opcional \u2022 Exibe ciclicamente at\u00e9 10 vari\u00e1veis \u2022 Fun\u00e7\u00e3o de download de software (opcional) \u2022 Fun\u00e7\u00e3o de diagn\u00f3stico avan\u00e7ada (opcional)","og_url":"https:\/\/fullsolutions.info\/en\/product\/transmissor-multivariavel-ejx930a\/","og_site_name":"Full Solutions","article_modified_time":"2024-02-19T16:13:53+00:00","og_image":[{"width":186,"height":193,"url":"https:\/\/mlhff0prgoxu.i.optimole.com\/cb:s0sM.767\/w:auto\/h:auto\/q:mauto\/f:best\/https:\/\/fullsolutions.info\/wp-content\/uploads\/2024\/02\/EJX930A-Multivariable.png","type":"image\/png"}],"twitter_card":"summary_large_image","twitter_misc":{"Est. reading time":"1 minute"},"schema":{"@context":"https:\/\/schema.org","@graph":[{"@type":"WebPage","@id":"https:\/\/fullsolutions.info\/produto\/transmissor-multivariavel-ejx930a\/","url":"https:\/\/fullsolutions.info\/produto\/transmissor-multivariavel-ejx930a\/","name":"Transmissor Multivari\u00e1vel EJX930A - Full Solutions","isPartOf":{"@id":"https:\/\/fullsolutions.info\/#website"},"primaryImageOfPage":{"@id":"https:\/\/fullsolutions.info\/produto\/transmissor-multivariavel-ejx930a\/#primaryimage"},"image":{"@id":"https:\/\/fullsolutions.info\/produto\/transmissor-multivariavel-ejx930a\/#primaryimage"},"thumbnailUrl":"https:\/\/mlhff0prgoxu.i.optimole.com\/cb:s0sM.767\/w:auto\/h:auto\/q:mauto\/f:best\/https:\/\/fullsolutions.info\/wp-content\/uploads\/2024\/02\/EJX930A-Multivariable.png","datePublished":"2024-02-01T13:49:23+00:00","dateModified":"2024-02-19T16:13:53+00:00","breadcrumb":{"@id":"https:\/\/fullsolutions.info\/produto\/transmissor-multivariavel-ejx930a\/#breadcrumb"},"inLanguage":"en-US","potentialAction":[{"@type":"ReadAction","target":["https:\/\/fullsolutions.info\/produto\/transmissor-multivariavel-ejx930a\/"]}]},{"@type":"ImageObject","inLanguage":"en-US","@id":"https:\/\/fullsolutions.info\/produto\/transmissor-multivariavel-ejx930a\/#primaryimage","url":"https:\/\/mlhff0prgoxu.i.optimole.com\/cb:s0sM.767\/w:auto\/h:auto\/q:mauto\/f:best\/https:\/\/fullsolutions.info\/wp-content\/uploads\/2024\/02\/EJX930A-Multivariable.png","contentUrl":"https:\/\/mlhff0prgoxu.i.optimole.com\/cb:s0sM.767\/w:auto\/h:auto\/q:mauto\/f:best\/https:\/\/fullsolutions.info\/wp-content\/uploads\/2024\/02\/EJX930A-Multivariable.png","width":186,"height":193},{"@type":"BreadcrumbList","@id":"https:\/\/fullsolutions.info\/produto\/transmissor-multivariavel-ejx930a\/#breadcrumb","itemListElement":[{"@type":"ListItem","position":1,"name":"In\u00edcio","item":"https:\/\/fullsolutions.info\/"},{"@type":"ListItem","position":2,"name":"Produtos","item":"https:\/\/fullsolutions.info\/shop\/"},{"@type":"ListItem","position":3,"name":"Transmissor Multivari\u00e1vel EJX930A"}]},{"@type":"WebSite","@id":"https:\/\/fullsolutions.info\/#website","url":"https:\/\/fullsolutions.info\/","name":"Full Solutions","description":"Empresa na \u00c1rea de Procurement","publisher":{"@id":"https:\/\/fullsolutions.info\/#organization"},"potentialAction":[{"@type":"SearchAction","target":{"@type":"EntryPoint","urlTemplate":"https:\/\/fullsolutions.info\/?s={search_term_string}"},"query-input":{"@type":"PropertyValueSpecification","valueRequired":true,"valueName":"search_term_string"}}],"inLanguage":"en-US"},{"@type":"Organization","@id":"https:\/\/fullsolutions.info\/#organization","name":"Full Solutions","url":"https:\/\/fullsolutions.info\/","logo":{"@type":"ImageObject","inLanguage":"en-US","@id":"https:\/\/fullsolutions.info\/#\/schema\/logo\/image\/","url":"https:\/\/mlhff0prgoxu.i.optimole.com\/cb:s0sM.767\/w:auto\/h:auto\/q:mauto\/f:best\/https:\/\/fullsolutions.info\/wp-content\/uploads\/2021\/07\/cropped-Design-sem-nome-300x193-1-e1627062664782.png","contentUrl":"https:\/\/mlhff0prgoxu.i.optimole.com\/cb:s0sM.767\/w:auto\/h:auto\/q:mauto\/f:best\/https:\/\/fullsolutions.info\/wp-content\/uploads\/2021\/07\/cropped-Design-sem-nome-300x193-1-e1627062664782.png","width":202,"height":155,"caption":"Full Solutions"},"image":{"@id":"https:\/\/fullsolutions.info\/#\/schema\/logo\/image\/"},"sameAs":["https:\/\/www.linkedin.com\/company\/full-solutions-equipment"]}]}},"_links":{"self":[{"href":"https:\/\/fullsolutions.info\/en\/wp-json\/wp\/v2\/product\/4086","targetHints":{"allow":["GET"]}}],"collection":[{"href":"https:\/\/fullsolutions.info\/en\/wp-json\/wp\/v2\/product"}],"about":[{"href":"https:\/\/fullsolutions.info\/en\/wp-json\/wp\/v2\/types\/product"}],"replies":[{"embeddable":true,"href":"https:\/\/fullsolutions.info\/en\/wp-json\/wp\/v2\/comments?post=4086"}],"wp:featuredmedia":[{"embeddable":true,"href":"https:\/\/fullsolutions.info\/en\/wp-json\/wp\/v2\/media\/4087"}],"wp:attachment":[{"href":"https:\/\/fullsolutions.info\/en\/wp-json\/wp\/v2\/media?parent=4086"}],"wp:term":[{"taxonomy":"product_brand","embeddable":true,"href":"https:\/\/fullsolutions.info\/en\/wp-json\/wp\/v2\/product_brand?post=4086"},{"taxonomy":"product_cat","embeddable":true,"href":"https:\/\/fullsolutions.info\/en\/wp-json\/wp\/v2\/product_cat?post=4086"},{"taxonomy":"product_tag","embeddable":true,"href":"https:\/\/fullsolutions.info\/en\/wp-json\/wp\/v2\/product_tag?post=4086"},{"taxonomy":"marca","embeddable":true,"href":"https:\/\/fullsolutions.info\/en\/wp-json\/wp\/v2\/marca?post=4086"}],"curies":[{"name":"wp","href":"https:\/\/api.w.org\/{rel}","templated":true}]}}