{"id":4082,"date":"2024-02-01T13:46:09","date_gmt":"2024-02-01T13:46:09","guid":{"rendered":"https:\/\/fullsolutionsequip.com\/?post_type=product&#038;p=4082"},"modified":"2024-02-19T16:13:53","modified_gmt":"2024-02-19T16:13:53","slug":"transmissor-de-pressao-manometrica-ejx430a","status":"publish","type":"product","link":"https:\/\/fullsolutions.info\/en\/product\/transmissor-de-pressao-manometrica-ejx430a\/","title":{"rendered":"Transmissor de press\u00e3o manom\u00e9trica EJX430A"},"content":{"rendered":"<p>Transmissor de press\u00e3o manom\u00e9trica Yokogawa EJX430A<br \/>\nO transmissor de press\u00e3o manom\u00e9trica de alto desempenho EJX430A possui sensor ressonante de sil\u00edcio de cristal \u00fanico e \u00e9 adequado para medir press\u00e3o de l\u00edquidos, gases ou vapor.<\/p>\n<p>A tecnologia multisensor fornece a fun\u00e7\u00e3o de diagn\u00f3stico avan\u00e7ada para detectar anormalidades como bloqueio da linha de impulso ou quebra do tra\u00e7o t\u00e9rmico.<br \/>\nA s\u00e9rie EJX est\u00e1 dispon\u00edvel com protocolos de comunica\u00e7\u00e3o BRAIN, HART e FOUNDATION\u2122 fieldbus.<\/p>","protected":false},"excerpt":{"rendered":"<p>Transmissor de press\u00e3o manom\u00e9trica Yokogawa EJX430A O transmissor de press\u00e3o manom\u00e9trica de alto desempenho EJX430A possui sensor ressonante de sil\u00edcio de cristal \u00fanico e \u00e9 adequado para medir press\u00e3o de l\u00edquidos, gases ou vapor. A tecnologia multisensor fornece a fun\u00e7\u00e3o de diagn\u00f3stico avan\u00e7ada para detectar anormalidades como bloqueio da linha de impulso ou quebra do tra\u00e7o t\u00e9rmico. A s\u00e9rie EJX est\u00e1 dispon\u00edvel com protocolos de comunica\u00e7\u00e3o BRAIN, HART e FOUNDATION\u2122 fieldbus.<\/p>","protected":false},"featured_media":4083,"comment_status":"open","ping_status":"closed","template":"","meta":{"_joinchat":[]},"product_brand":[],"product_cat":[140],"product_tag":[],"marca":[143],"class_list":{"0":"post-4082","1":"product","2":"type-product","3":"status-publish","4":"has-post-thumbnail","6":"product_cat-transmissores","7":"marca-yokogawa","9":"first","10":"instock","11":"shipping-taxable","12":"purchasable","13":"product-type-simple"},"yoast_head":"<!-- This site is optimized with the Yoast SEO plugin v27.2 - https:\/\/yoast.com\/product\/yoast-seo-wordpress\/ -->\n<title>Transmissor de press\u00e3o manom\u00e9trica EJX430A - Full Solutions<\/title>\n<meta name=\"robots\" content=\"index, follow, max-snippet:-1, max-image-preview:large, max-video-preview:-1\" \/>\n<link rel=\"canonical\" href=\"https:\/\/fullsolutions.info\/en\/product\/transmissor-de-pressao-manometrica-ejx430a\/\" \/>\n<meta property=\"og:locale\" content=\"en_US\" \/>\n<meta property=\"og:type\" content=\"article\" \/>\n<meta property=\"og:title\" content=\"Transmissor de press\u00e3o manom\u00e9trica EJX430A - Full Solutions\" \/>\n<meta property=\"og:description\" content=\"Transmissor de press\u00e3o manom\u00e9trica Yokogawa EJX430A O transmissor de press\u00e3o manom\u00e9trica de alto desempenho EJX430A possui sensor ressonante de sil\u00edcio de cristal \u00fanico e \u00e9 adequado para medir press\u00e3o de l\u00edquidos, gases ou vapor. A tecnologia multisensor fornece a fun\u00e7\u00e3o de diagn\u00f3stico avan\u00e7ada para detectar anormalidades como bloqueio da linha de impulso ou quebra do tra\u00e7o t\u00e9rmico. A s\u00e9rie EJX est\u00e1 dispon\u00edvel com protocolos de comunica\u00e7\u00e3o BRAIN, HART e FOUNDATION\u2122 fieldbus.\" \/>\n<meta property=\"og:url\" content=\"https:\/\/fullsolutions.info\/en\/product\/transmissor-de-pressao-manometrica-ejx430a\/\" \/>\n<meta property=\"og:site_name\" content=\"Full Solutions\" \/>\n<meta property=\"article:modified_time\" content=\"2024-02-19T16:13:53+00:00\" \/>\n<meta property=\"og:image\" content=\"https:\/\/mlhff0prgoxu.i.optimole.com\/cb:s0sM.767\/w:auto\/h:auto\/q:mauto\/f:best\/https:\/\/fullsolutions.info\/wp-content\/uploads\/2024\/02\/EJA430A-Gauge-Pressure-Transmitter-1.png\" \/>\n\t<meta property=\"og:image:width\" content=\"176\" \/>\n\t<meta property=\"og:image:height\" content=\"210\" \/>\n\t<meta property=\"og:image:type\" content=\"image\/png\" \/>\n<meta name=\"twitter:card\" content=\"summary_large_image\" \/>\n<script type=\"application\/ld+json\" class=\"yoast-schema-graph\">{\"@context\":\"https:\/\/schema.org\",\"@graph\":[{\"@type\":\"WebPage\",\"@id\":\"https:\/\/fullsolutions.info\/produto\/transmissor-de-pressao-manometrica-ejx430a\/\",\"url\":\"https:\/\/fullsolutions.info\/produto\/transmissor-de-pressao-manometrica-ejx430a\/\",\"name\":\"Transmissor de press\u00e3o manom\u00e9trica EJX430A - Full Solutions\",\"isPartOf\":{\"@id\":\"https:\/\/fullsolutions.info\/#website\"},\"primaryImageOfPage\":{\"@id\":\"https:\/\/fullsolutions.info\/produto\/transmissor-de-pressao-manometrica-ejx430a\/#primaryimage\"},\"image\":{\"@id\":\"https:\/\/fullsolutions.info\/produto\/transmissor-de-pressao-manometrica-ejx430a\/#primaryimage\"},\"thumbnailUrl\":\"https:\/\/mlhff0prgoxu.i.optimole.com\/cb:s0sM.767\/w:auto\/h:auto\/q:mauto\/f:best\/https:\/\/fullsolutions.info\/wp-content\/uploads\/2024\/02\/EJA430A-Gauge-Pressure-Transmitter-1.png\",\"datePublished\":\"2024-02-01T13:46:09+00:00\",\"dateModified\":\"2024-02-19T16:13:53+00:00\",\"breadcrumb\":{\"@id\":\"https:\/\/fullsolutions.info\/produto\/transmissor-de-pressao-manometrica-ejx430a\/#breadcrumb\"},\"inLanguage\":\"en-US\",\"potentialAction\":[{\"@type\":\"ReadAction\",\"target\":[\"https:\/\/fullsolutions.info\/produto\/transmissor-de-pressao-manometrica-ejx430a\/\"]}]},{\"@type\":\"ImageObject\",\"inLanguage\":\"en-US\",\"@id\":\"https:\/\/fullsolutions.info\/produto\/transmissor-de-pressao-manometrica-ejx430a\/#primaryimage\",\"url\":\"https:\/\/mlhff0prgoxu.i.optimole.com\/cb:s0sM.767\/w:auto\/h:auto\/q:mauto\/f:best\/https:\/\/fullsolutions.info\/wp-content\/uploads\/2024\/02\/EJA430A-Gauge-Pressure-Transmitter-1.png\",\"contentUrl\":\"https:\/\/mlhff0prgoxu.i.optimole.com\/cb:s0sM.767\/w:auto\/h:auto\/q:mauto\/f:best\/https:\/\/fullsolutions.info\/wp-content\/uploads\/2024\/02\/EJA430A-Gauge-Pressure-Transmitter-1.png\",\"width\":176,\"height\":210},{\"@type\":\"BreadcrumbList\",\"@id\":\"https:\/\/fullsolutions.info\/produto\/transmissor-de-pressao-manometrica-ejx430a\/#breadcrumb\",\"itemListElement\":[{\"@type\":\"ListItem\",\"position\":1,\"name\":\"In\u00edcio\",\"item\":\"https:\/\/fullsolutions.info\/\"},{\"@type\":\"ListItem\",\"position\":2,\"name\":\"Produtos\",\"item\":\"https:\/\/fullsolutions.info\/shop\/\"},{\"@type\":\"ListItem\",\"position\":3,\"name\":\"Transmissor de press\u00e3o manom\u00e9trica EJX430A\"}]},{\"@type\":\"WebSite\",\"@id\":\"https:\/\/fullsolutions.info\/#website\",\"url\":\"https:\/\/fullsolutions.info\/\",\"name\":\"Full Solutions\",\"description\":\"Empresa na \u00c1rea de Procurement\",\"publisher\":{\"@id\":\"https:\/\/fullsolutions.info\/#organization\"},\"potentialAction\":[{\"@type\":\"SearchAction\",\"target\":{\"@type\":\"EntryPoint\",\"urlTemplate\":\"https:\/\/fullsolutions.info\/?s={search_term_string}\"},\"query-input\":{\"@type\":\"PropertyValueSpecification\",\"valueRequired\":true,\"valueName\":\"search_term_string\"}}],\"inLanguage\":\"en-US\"},{\"@type\":\"Organization\",\"@id\":\"https:\/\/fullsolutions.info\/#organization\",\"name\":\"Full Solutions\",\"url\":\"https:\/\/fullsolutions.info\/\",\"logo\":{\"@type\":\"ImageObject\",\"inLanguage\":\"en-US\",\"@id\":\"https:\/\/fullsolutions.info\/#\/schema\/logo\/image\/\",\"url\":\"https:\/\/mlhff0prgoxu.i.optimole.com\/cb:s0sM.767\/w:auto\/h:auto\/q:mauto\/f:best\/https:\/\/fullsolutions.info\/wp-content\/uploads\/2021\/07\/cropped-Design-sem-nome-300x193-1-e1627062664782.png\",\"contentUrl\":\"https:\/\/mlhff0prgoxu.i.optimole.com\/cb:s0sM.767\/w:auto\/h:auto\/q:mauto\/f:best\/https:\/\/fullsolutions.info\/wp-content\/uploads\/2021\/07\/cropped-Design-sem-nome-300x193-1-e1627062664782.png\",\"width\":202,\"height\":155,\"caption\":\"Full Solutions\"},\"image\":{\"@id\":\"https:\/\/fullsolutions.info\/#\/schema\/logo\/image\/\"},\"sameAs\":[\"https:\/\/www.linkedin.com\/company\/full-solutions-equipment\"]}]}<\/script>\n<!-- \/ Yoast SEO plugin. -->","yoast_head_json":{"title":"Transmissor de press\u00e3o manom\u00e9trica EJX430A - Full Solutions","robots":{"index":"index","follow":"follow","max-snippet":"max-snippet:-1","max-image-preview":"max-image-preview:large","max-video-preview":"max-video-preview:-1"},"canonical":"https:\/\/fullsolutions.info\/en\/product\/transmissor-de-pressao-manometrica-ejx430a\/","og_locale":"en_US","og_type":"article","og_title":"Transmissor de press\u00e3o manom\u00e9trica EJX430A - Full Solutions","og_description":"Transmissor de press\u00e3o manom\u00e9trica Yokogawa EJX430A O transmissor de press\u00e3o manom\u00e9trica de alto desempenho EJX430A possui sensor ressonante de sil\u00edcio de cristal \u00fanico e \u00e9 adequado para medir press\u00e3o de l\u00edquidos, gases ou vapor. A tecnologia multisensor fornece a fun\u00e7\u00e3o de diagn\u00f3stico avan\u00e7ada para detectar anormalidades como bloqueio da linha de impulso ou quebra do tra\u00e7o t\u00e9rmico. A s\u00e9rie EJX est\u00e1 dispon\u00edvel com protocolos de comunica\u00e7\u00e3o BRAIN, HART e FOUNDATION\u2122 fieldbus.","og_url":"https:\/\/fullsolutions.info\/en\/product\/transmissor-de-pressao-manometrica-ejx430a\/","og_site_name":"Full Solutions","article_modified_time":"2024-02-19T16:13:53+00:00","og_image":[{"width":176,"height":210,"url":"https:\/\/mlhff0prgoxu.i.optimole.com\/cb:s0sM.767\/w:auto\/h:auto\/q:mauto\/f:best\/https:\/\/fullsolutions.info\/wp-content\/uploads\/2024\/02\/EJA430A-Gauge-Pressure-Transmitter-1.png","type":"image\/png"}],"twitter_card":"summary_large_image","schema":{"@context":"https:\/\/schema.org","@graph":[{"@type":"WebPage","@id":"https:\/\/fullsolutions.info\/produto\/transmissor-de-pressao-manometrica-ejx430a\/","url":"https:\/\/fullsolutions.info\/produto\/transmissor-de-pressao-manometrica-ejx430a\/","name":"Transmissor de press\u00e3o manom\u00e9trica EJX430A - Full Solutions","isPartOf":{"@id":"https:\/\/fullsolutions.info\/#website"},"primaryImageOfPage":{"@id":"https:\/\/fullsolutions.info\/produto\/transmissor-de-pressao-manometrica-ejx430a\/#primaryimage"},"image":{"@id":"https:\/\/fullsolutions.info\/produto\/transmissor-de-pressao-manometrica-ejx430a\/#primaryimage"},"thumbnailUrl":"https:\/\/mlhff0prgoxu.i.optimole.com\/cb:s0sM.767\/w:auto\/h:auto\/q:mauto\/f:best\/https:\/\/fullsolutions.info\/wp-content\/uploads\/2024\/02\/EJA430A-Gauge-Pressure-Transmitter-1.png","datePublished":"2024-02-01T13:46:09+00:00","dateModified":"2024-02-19T16:13:53+00:00","breadcrumb":{"@id":"https:\/\/fullsolutions.info\/produto\/transmissor-de-pressao-manometrica-ejx430a\/#breadcrumb"},"inLanguage":"en-US","potentialAction":[{"@type":"ReadAction","target":["https:\/\/fullsolutions.info\/produto\/transmissor-de-pressao-manometrica-ejx430a\/"]}]},{"@type":"ImageObject","inLanguage":"en-US","@id":"https:\/\/fullsolutions.info\/produto\/transmissor-de-pressao-manometrica-ejx430a\/#primaryimage","url":"https:\/\/mlhff0prgoxu.i.optimole.com\/cb:s0sM.767\/w:auto\/h:auto\/q:mauto\/f:best\/https:\/\/fullsolutions.info\/wp-content\/uploads\/2024\/02\/EJA430A-Gauge-Pressure-Transmitter-1.png","contentUrl":"https:\/\/mlhff0prgoxu.i.optimole.com\/cb:s0sM.767\/w:auto\/h:auto\/q:mauto\/f:best\/https:\/\/fullsolutions.info\/wp-content\/uploads\/2024\/02\/EJA430A-Gauge-Pressure-Transmitter-1.png","width":176,"height":210},{"@type":"BreadcrumbList","@id":"https:\/\/fullsolutions.info\/produto\/transmissor-de-pressao-manometrica-ejx430a\/#breadcrumb","itemListElement":[{"@type":"ListItem","position":1,"name":"In\u00edcio","item":"https:\/\/fullsolutions.info\/"},{"@type":"ListItem","position":2,"name":"Produtos","item":"https:\/\/fullsolutions.info\/shop\/"},{"@type":"ListItem","position":3,"name":"Transmissor de press\u00e3o manom\u00e9trica EJX430A"}]},{"@type":"WebSite","@id":"https:\/\/fullsolutions.info\/#website","url":"https:\/\/fullsolutions.info\/","name":"Full Solutions","description":"Empresa na \u00c1rea de Procurement","publisher":{"@id":"https:\/\/fullsolutions.info\/#organization"},"potentialAction":[{"@type":"SearchAction","target":{"@type":"EntryPoint","urlTemplate":"https:\/\/fullsolutions.info\/?s={search_term_string}"},"query-input":{"@type":"PropertyValueSpecification","valueRequired":true,"valueName":"search_term_string"}}],"inLanguage":"en-US"},{"@type":"Organization","@id":"https:\/\/fullsolutions.info\/#organization","name":"Full Solutions","url":"https:\/\/fullsolutions.info\/","logo":{"@type":"ImageObject","inLanguage":"en-US","@id":"https:\/\/fullsolutions.info\/#\/schema\/logo\/image\/","url":"https:\/\/mlhff0prgoxu.i.optimole.com\/cb:s0sM.767\/w:auto\/h:auto\/q:mauto\/f:best\/https:\/\/fullsolutions.info\/wp-content\/uploads\/2021\/07\/cropped-Design-sem-nome-300x193-1-e1627062664782.png","contentUrl":"https:\/\/mlhff0prgoxu.i.optimole.com\/cb:s0sM.767\/w:auto\/h:auto\/q:mauto\/f:best\/https:\/\/fullsolutions.info\/wp-content\/uploads\/2021\/07\/cropped-Design-sem-nome-300x193-1-e1627062664782.png","width":202,"height":155,"caption":"Full Solutions"},"image":{"@id":"https:\/\/fullsolutions.info\/#\/schema\/logo\/image\/"},"sameAs":["https:\/\/www.linkedin.com\/company\/full-solutions-equipment"]}]}},"_links":{"self":[{"href":"https:\/\/fullsolutions.info\/en\/wp-json\/wp\/v2\/product\/4082","targetHints":{"allow":["GET"]}}],"collection":[{"href":"https:\/\/fullsolutions.info\/en\/wp-json\/wp\/v2\/product"}],"about":[{"href":"https:\/\/fullsolutions.info\/en\/wp-json\/wp\/v2\/types\/product"}],"replies":[{"embeddable":true,"href":"https:\/\/fullsolutions.info\/en\/wp-json\/wp\/v2\/comments?post=4082"}],"wp:featuredmedia":[{"embeddable":true,"href":"https:\/\/fullsolutions.info\/en\/wp-json\/wp\/v2\/media\/4083"}],"wp:attachment":[{"href":"https:\/\/fullsolutions.info\/en\/wp-json\/wp\/v2\/media?parent=4082"}],"wp:term":[{"taxonomy":"product_brand","embeddable":true,"href":"https:\/\/fullsolutions.info\/en\/wp-json\/wp\/v2\/product_brand?post=4082"},{"taxonomy":"product_cat","embeddable":true,"href":"https:\/\/fullsolutions.info\/en\/wp-json\/wp\/v2\/product_cat?post=4082"},{"taxonomy":"product_tag","embeddable":true,"href":"https:\/\/fullsolutions.info\/en\/wp-json\/wp\/v2\/product_tag?post=4082"},{"taxonomy":"marca","embeddable":true,"href":"https:\/\/fullsolutions.info\/en\/wp-json\/wp\/v2\/marca?post=4082"}],"curies":[{"name":"wp","href":"https:\/\/api.w.org\/{rel}","templated":true}]}}