{"id":4061,"date":"2024-02-01T13:00:44","date_gmt":"2024-02-01T13:00:44","guid":{"rendered":"https:\/\/fullsolutionsequip.com\/?post_type=product&#038;p=4061"},"modified":"2024-02-19T16:13:54","modified_gmt":"2024-02-19T16:13:54","slug":"transmissor-de-pressao-diferencial-7mf4433-siemens","status":"publish","type":"product","link":"https:\/\/fullsolutions.info\/en\/product\/transmissor-de-pressao-diferencial-7mf4433-siemens\/","title":{"rendered":"Transmissor de press\u00e3o diferencial 7MF4433 Siemens"},"content":{"rendered":"<p>A s\u00e9rie SITRANS P DS III inclui transmissores de press\u00e3o digitais para medi\u00e7\u00e3o de press\u00e3o manom\u00e9trica, press\u00e3o absoluta, press\u00e3o diferencial, vaz\u00e3o e n\u00edvel. At\u00e9 mesmo os dispositivos padr\u00e3o oferecem fun\u00e7\u00f5es abrangentes de diagn\u00f3stico e simula\u00e7\u00e3o com alta confiabilidade. A adequa\u00e7\u00e3o para uso em circuitos SIL2 foi certificada por institutos de teste externos. Nos transmissores Profibus, a nova tecnologia PROFISAFE garante seguran\u00e7a uniforme desde o sistema de controle at\u00e9 o transmissor.<br \/>\nDetalhe<br \/>\nPrecis\u00e3o \u2264 0,075%<br \/>\nEstabilidade a longo prazo \u2264 0,25% \/ 60 meses<br \/>\nFaixa de medi\u00e7\u00e3o 0 &#8211; 10 mbar (0 &#8211; 0,4 polegadasH2O) a 0 &#8211; 400 bar (0 &#8211; 5800 psi)<br \/>\nEspecifica\u00e7\u00f5es principais<\/p>\n<p>Configura\u00e7\u00e3o simples por meio de tr\u00eas bot\u00f5es integrados: defina apenas 7 par\u00e2metros e pronto! Nenhuma longa lista de configura\u00e7\u00f5es<br \/>\nManuten\u00e7\u00e3o reduzida: n\u00e3o h\u00e1 necessidade de recalibra\u00e7\u00e3o e recertifica\u00e7\u00e3o constantes<br \/>\nPermanece dentro da calibra\u00e7\u00e3o das especifica\u00e7\u00f5es de f\u00e1brica por cinco anos: estabilidade de cinco anos no limite superior da faixa, sem mudan\u00e7a de zero<br \/>\nRegistros internos para diagn\u00f3stico protegem a c\u00e1psula da c\u00e9lula piezoel\u00e9trica contra exposi\u00e7\u00e3o a altas ou baixas temperaturas e faixa de sobrepress\u00e3o<\/p>\n<p>Benef\u00edcios<br \/>\nExtensas fun\u00e7\u00f5es de diagn\u00f3stico e simula\u00e7\u00e3o<br \/>\nAdequado para instala\u00e7\u00e3o em aplica\u00e7\u00f5es SIL 2 de acordo com IEC 61508 \/IEC 61511. Na vers\u00e3o PROFIsafe garante m\u00e1xima seguran\u00e7a de comunica\u00e7\u00e3o at\u00e9 o n\u00edvel do sistema de controle<br \/>\nAmpla gama de certifica\u00e7\u00e3o e aprova\u00e7\u00e3o, por ex. ATEX EEx ia, EEx ib, Prote\u00e7\u00e3o contra poeira, FM, CS<br \/>\nOp\u00e7\u00e3o de usar uma fun\u00e7\u00e3o de simula\u00e7\u00e3o para fun\u00e7\u00f5es de verifica\u00e7\u00e3o de loop<br \/>\nAbre uma s\u00e9rie de diferentes op\u00e7\u00f5es de comunica\u00e7\u00e3o de barramento para voc\u00ea: HART, PROFIBUS PA, PROFIsafe ou FF<\/p>","protected":false},"excerpt":{"rendered":"<p>A s\u00e9rie SITRANS P DS III inclui transmissores de press\u00e3o digitais para medi\u00e7\u00e3o de press\u00e3o manom\u00e9trica, press\u00e3o absoluta, press\u00e3o diferencial, vaz\u00e3o e n\u00edvel. At\u00e9 mesmo os dispositivos padr\u00e3o oferecem fun\u00e7\u00f5es abrangentes de diagn\u00f3stico e simula\u00e7\u00e3o com alta confiabilidade. A adequa\u00e7\u00e3o para uso em circuitos SIL2 foi certificada por institutos de teste externos. Nos transmissores Profibus, a nova tecnologia PROFISAFE garante seguran\u00e7a uniforme desde o sistema de controle at\u00e9 o transmissor. Detalhe Precis\u00e3o \u2264 0,075% Estabilidade a longo prazo \u2264 0,25% \/ 60 meses Faixa de medi\u00e7\u00e3o 0 &#8211; 10 mbar (0 &#8211; 0,4 polegadasH2O) a 0 &#8211; 400 bar (0 &#8211; 5800 psi) Especifica\u00e7\u00f5es principais Configura\u00e7\u00e3o simples por meio de tr\u00eas bot\u00f5es integrados: defina apenas 7 par\u00e2metros e pronto! Nenhuma longa lista de configura\u00e7\u00f5es Manuten\u00e7\u00e3o reduzida: n\u00e3o h\u00e1 necessidade de recalibra\u00e7\u00e3o e recertifica\u00e7\u00e3o constantes Permanece dentro da calibra\u00e7\u00e3o das especifica\u00e7\u00f5es de f\u00e1brica por cinco anos: estabilidade de cinco anos no limite superior da faixa, sem mudan\u00e7a de zero Registros internos para diagn\u00f3stico protegem a c\u00e1psula da c\u00e9lula piezoel\u00e9trica contra exposi\u00e7\u00e3o a altas ou baixas temperaturas e faixa de sobrepress\u00e3o Benef\u00edcios Extensas fun\u00e7\u00f5es de diagn\u00f3stico e simula\u00e7\u00e3o Adequado para instala\u00e7\u00e3o em aplica\u00e7\u00f5es SIL 2 de acordo com IEC 61508 \/IEC 61511. Na vers\u00e3o PROFIsafe garante m\u00e1xima seguran\u00e7a de comunica\u00e7\u00e3o at\u00e9 o n\u00edvel do sistema de controle Ampla gama de certifica\u00e7\u00e3o e aprova\u00e7\u00e3o, por ex. ATEX EEx ia, EEx ib, Prote\u00e7\u00e3o contra poeira, FM, CS Op\u00e7\u00e3o de usar uma fun\u00e7\u00e3o de simula\u00e7\u00e3o para fun\u00e7\u00f5es de verifica\u00e7\u00e3o de loop Abre uma s\u00e9rie de diferentes op\u00e7\u00f5es de comunica\u00e7\u00e3o de barramento para voc\u00ea: HART, PROFIBUS PA, PROFIsafe ou FF<\/p>","protected":false},"featured_media":4062,"comment_status":"open","ping_status":"closed","template":"","meta":{"_joinchat":[]},"product_brand":[],"product_cat":[140],"product_tag":[],"marca":[144],"class_list":{"0":"post-4061","1":"product","2":"type-product","3":"status-publish","4":"has-post-thumbnail","6":"product_cat-transmissores","7":"marca-siemens","9":"first","10":"instock","11":"shipping-taxable","12":"purchasable","13":"product-type-simple"},"yoast_head":"<!-- This site is optimized with the Yoast SEO plugin v27.2 - https:\/\/yoast.com\/product\/yoast-seo-wordpress\/ -->\n<title>Transmissor de press\u00e3o diferencial 7MF4433 Siemens - Full Solutions<\/title>\n<meta name=\"robots\" content=\"index, follow, max-snippet:-1, max-image-preview:large, max-video-preview:-1\" \/>\n<link rel=\"canonical\" href=\"https:\/\/fullsolutions.info\/en\/product\/transmissor-de-pressao-diferencial-7mf4433-siemens\/\" \/>\n<meta property=\"og:locale\" content=\"en_US\" \/>\n<meta property=\"og:type\" content=\"article\" \/>\n<meta property=\"og:title\" content=\"Transmissor de press\u00e3o diferencial 7MF4433 Siemens - Full Solutions\" \/>\n<meta property=\"og:description\" content=\"A s\u00e9rie SITRANS P DS III inclui transmissores de press\u00e3o digitais para medi\u00e7\u00e3o de press\u00e3o manom\u00e9trica, press\u00e3o absoluta, press\u00e3o diferencial, vaz\u00e3o e n\u00edvel. At\u00e9 mesmo os dispositivos padr\u00e3o oferecem fun\u00e7\u00f5es abrangentes de diagn\u00f3stico e simula\u00e7\u00e3o com alta confiabilidade. A adequa\u00e7\u00e3o para uso em circuitos SIL2 foi certificada por institutos de teste externos. Nos transmissores Profibus, a nova tecnologia PROFISAFE garante seguran\u00e7a uniforme desde o sistema de controle at\u00e9 o transmissor. Detalhe Precis\u00e3o \u2264 0,075% Estabilidade a longo prazo \u2264 0,25% \/ 60 meses Faixa de medi\u00e7\u00e3o 0 &#8211; 10 mbar (0 &#8211; 0,4 polegadasH2O) a 0 &#8211; 400 bar (0 &#8211; 5800 psi) Especifica\u00e7\u00f5es principais Configura\u00e7\u00e3o simples por meio de tr\u00eas bot\u00f5es integrados: defina apenas 7 par\u00e2metros e pronto! Nenhuma longa lista de configura\u00e7\u00f5es Manuten\u00e7\u00e3o reduzida: n\u00e3o h\u00e1 necessidade de recalibra\u00e7\u00e3o e recertifica\u00e7\u00e3o constantes Permanece dentro da calibra\u00e7\u00e3o das especifica\u00e7\u00f5es de f\u00e1brica por cinco anos: estabilidade de cinco anos no limite superior da faixa, sem mudan\u00e7a de zero Registros internos para diagn\u00f3stico protegem a c\u00e1psula da c\u00e9lula piezoel\u00e9trica contra exposi\u00e7\u00e3o a altas ou baixas temperaturas e faixa de sobrepress\u00e3o Benef\u00edcios Extensas fun\u00e7\u00f5es de diagn\u00f3stico e simula\u00e7\u00e3o Adequado para instala\u00e7\u00e3o em aplica\u00e7\u00f5es SIL 2 de acordo com IEC 61508 \/IEC 61511. Na vers\u00e3o PROFIsafe garante m\u00e1xima seguran\u00e7a de comunica\u00e7\u00e3o at\u00e9 o n\u00edvel do sistema de controle Ampla gama de certifica\u00e7\u00e3o e aprova\u00e7\u00e3o, por ex. ATEX EEx ia, EEx ib, Prote\u00e7\u00e3o contra poeira, FM, CS Op\u00e7\u00e3o de usar uma fun\u00e7\u00e3o de simula\u00e7\u00e3o para fun\u00e7\u00f5es de verifica\u00e7\u00e3o de loop Abre uma s\u00e9rie de diferentes op\u00e7\u00f5es de comunica\u00e7\u00e3o de barramento para voc\u00ea: HART, PROFIBUS PA, PROFIsafe ou FF\" \/>\n<meta property=\"og:url\" content=\"https:\/\/fullsolutions.info\/en\/product\/transmissor-de-pressao-diferencial-7mf4433-siemens\/\" \/>\n<meta property=\"og:site_name\" content=\"Full Solutions\" \/>\n<meta property=\"article:modified_time\" content=\"2024-02-19T16:13:54+00:00\" \/>\n<meta property=\"og:image\" content=\"https:\/\/mlhff0prgoxu.i.optimole.com\/cb:s0sM.767\/w:auto\/h:auto\/q:mauto\/f:best\/https:\/\/fullsolutions.info\/wp-content\/uploads\/2024\/02\/th.jpeg\" \/>\n\t<meta property=\"og:image:width\" content=\"300\" \/>\n\t<meta property=\"og:image:height\" content=\"225\" \/>\n\t<meta property=\"og:image:type\" content=\"image\/jpeg\" \/>\n<meta name=\"twitter:card\" content=\"summary_large_image\" \/>\n<meta name=\"twitter:label1\" content=\"Est. reading time\" \/>\n\t<meta name=\"twitter:data1\" content=\"2 minutes\" \/>\n<script type=\"application\/ld+json\" class=\"yoast-schema-graph\">{\"@context\":\"https:\/\/schema.org\",\"@graph\":[{\"@type\":\"WebPage\",\"@id\":\"https:\/\/fullsolutions.info\/produto\/transmissor-de-pressao-diferencial-7mf4433-siemens\/\",\"url\":\"https:\/\/fullsolutions.info\/produto\/transmissor-de-pressao-diferencial-7mf4433-siemens\/\",\"name\":\"Transmissor de press\u00e3o diferencial 7MF4433 Siemens - Full Solutions\",\"isPartOf\":{\"@id\":\"https:\/\/fullsolutions.info\/#website\"},\"primaryImageOfPage\":{\"@id\":\"https:\/\/fullsolutions.info\/produto\/transmissor-de-pressao-diferencial-7mf4433-siemens\/#primaryimage\"},\"image\":{\"@id\":\"https:\/\/fullsolutions.info\/produto\/transmissor-de-pressao-diferencial-7mf4433-siemens\/#primaryimage\"},\"thumbnailUrl\":\"https:\/\/mlhff0prgoxu.i.optimole.com\/cb:s0sM.767\/w:auto\/h:auto\/q:mauto\/f:best\/https:\/\/fullsolutions.info\/wp-content\/uploads\/2024\/02\/th.jpeg\",\"datePublished\":\"2024-02-01T13:00:44+00:00\",\"dateModified\":\"2024-02-19T16:13:54+00:00\",\"breadcrumb\":{\"@id\":\"https:\/\/fullsolutions.info\/produto\/transmissor-de-pressao-diferencial-7mf4433-siemens\/#breadcrumb\"},\"inLanguage\":\"en-US\",\"potentialAction\":[{\"@type\":\"ReadAction\",\"target\":[\"https:\/\/fullsolutions.info\/produto\/transmissor-de-pressao-diferencial-7mf4433-siemens\/\"]}]},{\"@type\":\"ImageObject\",\"inLanguage\":\"en-US\",\"@id\":\"https:\/\/fullsolutions.info\/produto\/transmissor-de-pressao-diferencial-7mf4433-siemens\/#primaryimage\",\"url\":\"https:\/\/mlhff0prgoxu.i.optimole.com\/cb:s0sM.767\/w:auto\/h:auto\/q:mauto\/f:best\/https:\/\/fullsolutions.info\/wp-content\/uploads\/2024\/02\/th.jpeg\",\"contentUrl\":\"https:\/\/mlhff0prgoxu.i.optimole.com\/cb:s0sM.767\/w:auto\/h:auto\/q:mauto\/f:best\/https:\/\/fullsolutions.info\/wp-content\/uploads\/2024\/02\/th.jpeg\",\"width\":300,\"height\":225},{\"@type\":\"BreadcrumbList\",\"@id\":\"https:\/\/fullsolutions.info\/produto\/transmissor-de-pressao-diferencial-7mf4433-siemens\/#breadcrumb\",\"itemListElement\":[{\"@type\":\"ListItem\",\"position\":1,\"name\":\"In\u00edcio\",\"item\":\"https:\/\/fullsolutions.info\/\"},{\"@type\":\"ListItem\",\"position\":2,\"name\":\"Produtos\",\"item\":\"https:\/\/fullsolutions.info\/shop\/\"},{\"@type\":\"ListItem\",\"position\":3,\"name\":\"Transmissor de press\u00e3o diferencial 7MF4433 Siemens\"}]},{\"@type\":\"WebSite\",\"@id\":\"https:\/\/fullsolutions.info\/#website\",\"url\":\"https:\/\/fullsolutions.info\/\",\"name\":\"Full Solutions\",\"description\":\"Empresa na \u00c1rea de Procurement\",\"publisher\":{\"@id\":\"https:\/\/fullsolutions.info\/#organization\"},\"potentialAction\":[{\"@type\":\"SearchAction\",\"target\":{\"@type\":\"EntryPoint\",\"urlTemplate\":\"https:\/\/fullsolutions.info\/?s={search_term_string}\"},\"query-input\":{\"@type\":\"PropertyValueSpecification\",\"valueRequired\":true,\"valueName\":\"search_term_string\"}}],\"inLanguage\":\"en-US\"},{\"@type\":\"Organization\",\"@id\":\"https:\/\/fullsolutions.info\/#organization\",\"name\":\"Full Solutions\",\"url\":\"https:\/\/fullsolutions.info\/\",\"logo\":{\"@type\":\"ImageObject\",\"inLanguage\":\"en-US\",\"@id\":\"https:\/\/fullsolutions.info\/#\/schema\/logo\/image\/\",\"url\":\"https:\/\/mlhff0prgoxu.i.optimole.com\/cb:s0sM.767\/w:auto\/h:auto\/q:mauto\/f:best\/https:\/\/fullsolutions.info\/wp-content\/uploads\/2021\/07\/cropped-Design-sem-nome-300x193-1-e1627062664782.png\",\"contentUrl\":\"https:\/\/mlhff0prgoxu.i.optimole.com\/cb:s0sM.767\/w:auto\/h:auto\/q:mauto\/f:best\/https:\/\/fullsolutions.info\/wp-content\/uploads\/2021\/07\/cropped-Design-sem-nome-300x193-1-e1627062664782.png\",\"width\":202,\"height\":155,\"caption\":\"Full Solutions\"},\"image\":{\"@id\":\"https:\/\/fullsolutions.info\/#\/schema\/logo\/image\/\"},\"sameAs\":[\"https:\/\/www.linkedin.com\/company\/full-solutions-equipment\"]}]}<\/script>\n<!-- \/ Yoast SEO plugin. -->","yoast_head_json":{"title":"Transmissor de press\u00e3o diferencial 7MF4433 Siemens - Full Solutions","robots":{"index":"index","follow":"follow","max-snippet":"max-snippet:-1","max-image-preview":"max-image-preview:large","max-video-preview":"max-video-preview:-1"},"canonical":"https:\/\/fullsolutions.info\/en\/product\/transmissor-de-pressao-diferencial-7mf4433-siemens\/","og_locale":"en_US","og_type":"article","og_title":"Transmissor de press\u00e3o diferencial 7MF4433 Siemens - Full Solutions","og_description":"A s\u00e9rie SITRANS P DS III inclui transmissores de press\u00e3o digitais para medi\u00e7\u00e3o de press\u00e3o manom\u00e9trica, press\u00e3o absoluta, press\u00e3o diferencial, vaz\u00e3o e n\u00edvel. At\u00e9 mesmo os dispositivos padr\u00e3o oferecem fun\u00e7\u00f5es abrangentes de diagn\u00f3stico e simula\u00e7\u00e3o com alta confiabilidade. A adequa\u00e7\u00e3o para uso em circuitos SIL2 foi certificada por institutos de teste externos. Nos transmissores Profibus, a nova tecnologia PROFISAFE garante seguran\u00e7a uniforme desde o sistema de controle at\u00e9 o transmissor. Detalhe Precis\u00e3o \u2264 0,075% Estabilidade a longo prazo \u2264 0,25% \/ 60 meses Faixa de medi\u00e7\u00e3o 0 &#8211; 10 mbar (0 &#8211; 0,4 polegadasH2O) a 0 &#8211; 400 bar (0 &#8211; 5800 psi) Especifica\u00e7\u00f5es principais Configura\u00e7\u00e3o simples por meio de tr\u00eas bot\u00f5es integrados: defina apenas 7 par\u00e2metros e pronto! Nenhuma longa lista de configura\u00e7\u00f5es Manuten\u00e7\u00e3o reduzida: n\u00e3o h\u00e1 necessidade de recalibra\u00e7\u00e3o e recertifica\u00e7\u00e3o constantes Permanece dentro da calibra\u00e7\u00e3o das especifica\u00e7\u00f5es de f\u00e1brica por cinco anos: estabilidade de cinco anos no limite superior da faixa, sem mudan\u00e7a de zero Registros internos para diagn\u00f3stico protegem a c\u00e1psula da c\u00e9lula piezoel\u00e9trica contra exposi\u00e7\u00e3o a altas ou baixas temperaturas e faixa de sobrepress\u00e3o Benef\u00edcios Extensas fun\u00e7\u00f5es de diagn\u00f3stico e simula\u00e7\u00e3o Adequado para instala\u00e7\u00e3o em aplica\u00e7\u00f5es SIL 2 de acordo com IEC 61508 \/IEC 61511. Na vers\u00e3o PROFIsafe garante m\u00e1xima seguran\u00e7a de comunica\u00e7\u00e3o at\u00e9 o n\u00edvel do sistema de controle Ampla gama de certifica\u00e7\u00e3o e aprova\u00e7\u00e3o, por ex. ATEX EEx ia, EEx ib, Prote\u00e7\u00e3o contra poeira, FM, CS Op\u00e7\u00e3o de usar uma fun\u00e7\u00e3o de simula\u00e7\u00e3o para fun\u00e7\u00f5es de verifica\u00e7\u00e3o de loop Abre uma s\u00e9rie de diferentes op\u00e7\u00f5es de comunica\u00e7\u00e3o de barramento para voc\u00ea: HART, PROFIBUS PA, PROFIsafe ou FF","og_url":"https:\/\/fullsolutions.info\/en\/product\/transmissor-de-pressao-diferencial-7mf4433-siemens\/","og_site_name":"Full Solutions","article_modified_time":"2024-02-19T16:13:54+00:00","og_image":[{"width":300,"height":225,"url":"https:\/\/mlhff0prgoxu.i.optimole.com\/cb:s0sM.767\/w:auto\/h:auto\/q:mauto\/f:best\/https:\/\/fullsolutions.info\/wp-content\/uploads\/2024\/02\/th.jpeg","type":"image\/jpeg"}],"twitter_card":"summary_large_image","twitter_misc":{"Est. reading time":"2 minutes"},"schema":{"@context":"https:\/\/schema.org","@graph":[{"@type":"WebPage","@id":"https:\/\/fullsolutions.info\/produto\/transmissor-de-pressao-diferencial-7mf4433-siemens\/","url":"https:\/\/fullsolutions.info\/produto\/transmissor-de-pressao-diferencial-7mf4433-siemens\/","name":"Transmissor de press\u00e3o diferencial 7MF4433 Siemens - Full Solutions","isPartOf":{"@id":"https:\/\/fullsolutions.info\/#website"},"primaryImageOfPage":{"@id":"https:\/\/fullsolutions.info\/produto\/transmissor-de-pressao-diferencial-7mf4433-siemens\/#primaryimage"},"image":{"@id":"https:\/\/fullsolutions.info\/produto\/transmissor-de-pressao-diferencial-7mf4433-siemens\/#primaryimage"},"thumbnailUrl":"https:\/\/mlhff0prgoxu.i.optimole.com\/cb:s0sM.767\/w:auto\/h:auto\/q:mauto\/f:best\/https:\/\/fullsolutions.info\/wp-content\/uploads\/2024\/02\/th.jpeg","datePublished":"2024-02-01T13:00:44+00:00","dateModified":"2024-02-19T16:13:54+00:00","breadcrumb":{"@id":"https:\/\/fullsolutions.info\/produto\/transmissor-de-pressao-diferencial-7mf4433-siemens\/#breadcrumb"},"inLanguage":"en-US","potentialAction":[{"@type":"ReadAction","target":["https:\/\/fullsolutions.info\/produto\/transmissor-de-pressao-diferencial-7mf4433-siemens\/"]}]},{"@type":"ImageObject","inLanguage":"en-US","@id":"https:\/\/fullsolutions.info\/produto\/transmissor-de-pressao-diferencial-7mf4433-siemens\/#primaryimage","url":"https:\/\/mlhff0prgoxu.i.optimole.com\/cb:s0sM.767\/w:auto\/h:auto\/q:mauto\/f:best\/https:\/\/fullsolutions.info\/wp-content\/uploads\/2024\/02\/th.jpeg","contentUrl":"https:\/\/mlhff0prgoxu.i.optimole.com\/cb:s0sM.767\/w:auto\/h:auto\/q:mauto\/f:best\/https:\/\/fullsolutions.info\/wp-content\/uploads\/2024\/02\/th.jpeg","width":300,"height":225},{"@type":"BreadcrumbList","@id":"https:\/\/fullsolutions.info\/produto\/transmissor-de-pressao-diferencial-7mf4433-siemens\/#breadcrumb","itemListElement":[{"@type":"ListItem","position":1,"name":"In\u00edcio","item":"https:\/\/fullsolutions.info\/"},{"@type":"ListItem","position":2,"name":"Produtos","item":"https:\/\/fullsolutions.info\/shop\/"},{"@type":"ListItem","position":3,"name":"Transmissor de press\u00e3o diferencial 7MF4433 Siemens"}]},{"@type":"WebSite","@id":"https:\/\/fullsolutions.info\/#website","url":"https:\/\/fullsolutions.info\/","name":"Full Solutions","description":"Empresa na \u00c1rea de Procurement","publisher":{"@id":"https:\/\/fullsolutions.info\/#organization"},"potentialAction":[{"@type":"SearchAction","target":{"@type":"EntryPoint","urlTemplate":"https:\/\/fullsolutions.info\/?s={search_term_string}"},"query-input":{"@type":"PropertyValueSpecification","valueRequired":true,"valueName":"search_term_string"}}],"inLanguage":"en-US"},{"@type":"Organization","@id":"https:\/\/fullsolutions.info\/#organization","name":"Full Solutions","url":"https:\/\/fullsolutions.info\/","logo":{"@type":"ImageObject","inLanguage":"en-US","@id":"https:\/\/fullsolutions.info\/#\/schema\/logo\/image\/","url":"https:\/\/mlhff0prgoxu.i.optimole.com\/cb:s0sM.767\/w:auto\/h:auto\/q:mauto\/f:best\/https:\/\/fullsolutions.info\/wp-content\/uploads\/2021\/07\/cropped-Design-sem-nome-300x193-1-e1627062664782.png","contentUrl":"https:\/\/mlhff0prgoxu.i.optimole.com\/cb:s0sM.767\/w:auto\/h:auto\/q:mauto\/f:best\/https:\/\/fullsolutions.info\/wp-content\/uploads\/2021\/07\/cropped-Design-sem-nome-300x193-1-e1627062664782.png","width":202,"height":155,"caption":"Full Solutions"},"image":{"@id":"https:\/\/fullsolutions.info\/#\/schema\/logo\/image\/"},"sameAs":["https:\/\/www.linkedin.com\/company\/full-solutions-equipment"]}]}},"_links":{"self":[{"href":"https:\/\/fullsolutions.info\/en\/wp-json\/wp\/v2\/product\/4061","targetHints":{"allow":["GET"]}}],"collection":[{"href":"https:\/\/fullsolutions.info\/en\/wp-json\/wp\/v2\/product"}],"about":[{"href":"https:\/\/fullsolutions.info\/en\/wp-json\/wp\/v2\/types\/product"}],"replies":[{"embeddable":true,"href":"https:\/\/fullsolutions.info\/en\/wp-json\/wp\/v2\/comments?post=4061"}],"wp:featuredmedia":[{"embeddable":true,"href":"https:\/\/fullsolutions.info\/en\/wp-json\/wp\/v2\/media\/4062"}],"wp:attachment":[{"href":"https:\/\/fullsolutions.info\/en\/wp-json\/wp\/v2\/media?parent=4061"}],"wp:term":[{"taxonomy":"product_brand","embeddable":true,"href":"https:\/\/fullsolutions.info\/en\/wp-json\/wp\/v2\/product_brand?post=4061"},{"taxonomy":"product_cat","embeddable":true,"href":"https:\/\/fullsolutions.info\/en\/wp-json\/wp\/v2\/product_cat?post=4061"},{"taxonomy":"product_tag","embeddable":true,"href":"https:\/\/fullsolutions.info\/en\/wp-json\/wp\/v2\/product_tag?post=4061"},{"taxonomy":"marca","embeddable":true,"href":"https:\/\/fullsolutions.info\/en\/wp-json\/wp\/v2\/marca?post=4061"}],"curies":[{"name":"wp","href":"https:\/\/api.w.org\/{rel}","templated":true}]}}