{"id":4057,"date":"2024-02-01T12:53:14","date_gmt":"2024-02-01T12:53:14","guid":{"rendered":"https:\/\/fullsolutionsequip.com\/?post_type=product&#038;p=4057"},"modified":"2024-02-19T16:14:36","modified_gmt":"2024-02-19T16:14:36","slug":"transmissor-de-pressao-manometrica-selada-com-diafragma-eja438w-n","status":"publish","type":"product","link":"https:\/\/fullsolutions.info\/en\/product\/transmissor-de-pressao-manometrica-selada-com-diafragma-eja438w-n\/","title":{"rendered":"Transmissor de press\u00e3o manom\u00e9trica selada com diafragma EJA438W\/N"},"content":{"rendered":"<p>A veda\u00e7\u00e3o do diafragma \u00e9 usada para evitar que o meio do processo entre diretamente no conjunto sensor de press\u00e3o do transmissor de press\u00e3o. Ele \u00e9 conectado ao transmissor por meio de um capilar preenchido com fluido de enchimento. Os Transmissores de Press\u00e3o Manom\u00e9trica Selados com Diafragma Modelos EJA438W e EJA438N podem ser usados \u200b\u200bpara medir press\u00e3o de l\u00edquidos, gases ou vapor. Eles emitem um sinal DC de 4 a 20 mA correspondente \u00e0 press\u00e3o medida.<\/p>\n<p>A S\u00e9rie EJA est\u00e1 dispon\u00edvel com protocolos de comunica\u00e7\u00e3o BRAIN, HART, FOUNDATION\u2122 fieldbus ou PROFIBUS PA.<\/p>\n<p>Caracter\u00edsticas<\/p>\n<p>Excelente desempenho e estabilidade<\/p>\n<p>A s\u00e9rie EJA utiliza um sensor ressonante de sil\u00edcio formado a partir de sil\u00edcio monocristalino, um material perfeito que n\u00e3o apresenta histerese em mudan\u00e7as de press\u00e3o ou temperatura. O sensor minimiza a sobrepress\u00e3o, a mudan\u00e7a de temperatura e os efeitos da press\u00e3o est\u00e1tica e, portanto, oferece estabilidade incompar\u00e1vel a longo prazo.<\/p>\n<p>Design compacto e leve<\/p>\n<p>Metade do peso dos modelos convencionais gra\u00e7as \u00e0 miniaturiza\u00e7\u00e3o da caixa com amplificador ASIC, estrutura da c\u00e9lula de press\u00e3o e flange. O ASIC utiliza o n\u00famero m\u00ednimo de pe\u00e7as e melhora a confiabilidade do amplificador.<\/p>\n<p>Capacidade de comunica\u00e7\u00e3o Fieldbus<\/p>\n<p>Fieldbus \u00e9 um sistema de comunica\u00e7\u00e3o digital bidirecional. \u00c9 uma tecnologia revolucion\u00e1ria para configura\u00e7\u00e3o de sistemas de controle de instrumenta\u00e7\u00e3o e um sucessor promissor da comunica\u00e7\u00e3o anal\u00f3gica padr\u00e3o de 4 a 20 mA usada atualmente na maioria dos instrumentos de campo.<\/p>\n<p>A s\u00e9rie EJA oferece dois tipos de modelos de fieldbus, FOUNDATION\u2122 fieldbus Low Voltage Mode e dispositivos PROFIBUS PA, que garantem a interoperabilidade entre a Yokogawa e outros fabricantes. Quanto ao software, a s\u00e9rie EJA incorpora dois blocos de fun\u00e7\u00f5es AI que calculam press\u00f5es diferenciais e est\u00e1ticas para permitir configura\u00e7\u00e3o flex\u00edvel da instrumenta\u00e7\u00e3o.<\/p>","protected":false},"excerpt":{"rendered":"<p>A veda\u00e7\u00e3o do diafragma \u00e9 usada para evitar que o meio do processo entre diretamente no conjunto sensor de press\u00e3o do transmissor de press\u00e3o. Ele \u00e9 conectado ao transmissor por meio de um capilar preenchido com fluido de enchimento. Os Transmissores de Press\u00e3o Manom\u00e9trica Selados com Diafragma Modelos EJA438W e EJA438N podem ser usados \u200b\u200bpara medir press\u00e3o de l\u00edquidos, gases ou vapor. Eles emitem um sinal DC de 4 a 20 mA correspondente \u00e0 press\u00e3o medida. A S\u00e9rie EJA est\u00e1 dispon\u00edvel com protocolos de comunica\u00e7\u00e3o BRAIN, HART, FOUNDATION\u2122 fieldbus ou PROFIBUS PA. Caracter\u00edsticas Excelente desempenho e estabilidade A s\u00e9rie EJA utiliza um sensor ressonante de sil\u00edcio formado a partir de sil\u00edcio monocristalino, um material perfeito que n\u00e3o apresenta histerese em mudan\u00e7as de press\u00e3o ou temperatura. O sensor minimiza a sobrepress\u00e3o, a mudan\u00e7a de temperatura e os efeitos da press\u00e3o est\u00e1tica e, portanto, oferece estabilidade incompar\u00e1vel a longo prazo. Design compacto e leve Metade do peso dos modelos convencionais gra\u00e7as \u00e0 miniaturiza\u00e7\u00e3o da caixa com amplificador ASIC, estrutura da c\u00e9lula de press\u00e3o e flange. O ASIC utiliza o n\u00famero m\u00ednimo de pe\u00e7as e melhora a confiabilidade do amplificador. Capacidade de comunica\u00e7\u00e3o Fieldbus Fieldbus \u00e9 um sistema de comunica\u00e7\u00e3o digital bidirecional. \u00c9 uma tecnologia revolucion\u00e1ria para configura\u00e7\u00e3o de sistemas de controle de instrumenta\u00e7\u00e3o e um sucessor promissor da comunica\u00e7\u00e3o anal\u00f3gica padr\u00e3o de 4 a 20 mA usada atualmente na maioria dos instrumentos de campo. A s\u00e9rie EJA oferece dois tipos de modelos de fieldbus, FOUNDATION\u2122 fieldbus Low Voltage Mode e dispositivos PROFIBUS PA, que garantem a interoperabilidade entre a Yokogawa e outros fabricantes. Quanto ao software, a s\u00e9rie EJA incorpora dois blocos de fun\u00e7\u00f5es AI que calculam press\u00f5es diferenciais e est\u00e1ticas para permitir configura\u00e7\u00e3o flex\u00edvel da instrumenta\u00e7\u00e3o.<\/p>","protected":false},"featured_media":4058,"comment_status":"open","ping_status":"closed","template":"","meta":{"_joinchat":[]},"product_brand":[],"product_cat":[140],"product_tag":[],"marca":[143],"class_list":{"0":"post-4057","1":"product","2":"type-product","3":"status-publish","4":"has-post-thumbnail","6":"product_cat-transmissores","7":"marca-yokogawa","9":"first","10":"instock","11":"shipping-taxable","12":"purchasable","13":"product-type-simple"},"yoast_head":"<!-- This site is optimized with the Yoast SEO plugin v27.2 - https:\/\/yoast.com\/product\/yoast-seo-wordpress\/ -->\n<title>Transmissor de press\u00e3o manom\u00e9trica selada com diafragma EJA438W\/N - Full Solutions<\/title>\n<meta name=\"robots\" content=\"index, follow, max-snippet:-1, max-image-preview:large, max-video-preview:-1\" \/>\n<link rel=\"canonical\" href=\"https:\/\/fullsolutions.info\/en\/product\/transmissor-de-pressao-manometrica-selada-com-diafragma-eja438w-n\/\" \/>\n<meta property=\"og:locale\" content=\"en_US\" \/>\n<meta property=\"og:type\" content=\"article\" \/>\n<meta property=\"og:title\" content=\"Transmissor de press\u00e3o manom\u00e9trica selada com diafragma EJA438W\/N - Full Solutions\" \/>\n<meta property=\"og:description\" content=\"A veda\u00e7\u00e3o do diafragma \u00e9 usada para evitar que o meio do processo entre diretamente no conjunto sensor de press\u00e3o do transmissor de press\u00e3o. Ele \u00e9 conectado ao transmissor por meio de um capilar preenchido com fluido de enchimento. Os Transmissores de Press\u00e3o Manom\u00e9trica Selados com Diafragma Modelos EJA438W e EJA438N podem ser usados \u200b\u200bpara medir press\u00e3o de l\u00edquidos, gases ou vapor. Eles emitem um sinal DC de 4 a 20 mA correspondente \u00e0 press\u00e3o medida. A S\u00e9rie EJA est\u00e1 dispon\u00edvel com protocolos de comunica\u00e7\u00e3o BRAIN, HART, FOUNDATION\u2122 fieldbus ou PROFIBUS PA. Caracter\u00edsticas Excelente desempenho e estabilidade A s\u00e9rie EJA utiliza um sensor ressonante de sil\u00edcio formado a partir de sil\u00edcio monocristalino, um material perfeito que n\u00e3o apresenta histerese em mudan\u00e7as de press\u00e3o ou temperatura. O sensor minimiza a sobrepress\u00e3o, a mudan\u00e7a de temperatura e os efeitos da press\u00e3o est\u00e1tica e, portanto, oferece estabilidade incompar\u00e1vel a longo prazo. Design compacto e leve Metade do peso dos modelos convencionais gra\u00e7as \u00e0 miniaturiza\u00e7\u00e3o da caixa com amplificador ASIC, estrutura da c\u00e9lula de press\u00e3o e flange. O ASIC utiliza o n\u00famero m\u00ednimo de pe\u00e7as e melhora a confiabilidade do amplificador. Capacidade de comunica\u00e7\u00e3o Fieldbus Fieldbus \u00e9 um sistema de comunica\u00e7\u00e3o digital bidirecional. \u00c9 uma tecnologia revolucion\u00e1ria para configura\u00e7\u00e3o de sistemas de controle de instrumenta\u00e7\u00e3o e um sucessor promissor da comunica\u00e7\u00e3o anal\u00f3gica padr\u00e3o de 4 a 20 mA usada atualmente na maioria dos instrumentos de campo. A s\u00e9rie EJA oferece dois tipos de modelos de fieldbus, FOUNDATION\u2122 fieldbus Low Voltage Mode e dispositivos PROFIBUS PA, que garantem a interoperabilidade entre a Yokogawa e outros fabricantes. Quanto ao software, a s\u00e9rie EJA incorpora dois blocos de fun\u00e7\u00f5es AI que calculam press\u00f5es diferenciais e est\u00e1ticas para permitir configura\u00e7\u00e3o flex\u00edvel da instrumenta\u00e7\u00e3o.\" \/>\n<meta property=\"og:url\" content=\"https:\/\/fullsolutions.info\/en\/product\/transmissor-de-pressao-manometrica-selada-com-diafragma-eja438w-n\/\" \/>\n<meta property=\"og:site_name\" content=\"Full Solutions\" \/>\n<meta property=\"article:modified_time\" content=\"2024-02-19T16:14:36+00:00\" \/>\n<meta property=\"og:image\" content=\"https:\/\/mlhff0prgoxu.i.optimole.com\/cb:s0sM.767\/w:auto\/h:auto\/q:mauto\/f:best\/https:\/\/fullsolutions.info\/wp-content\/uploads\/2024\/02\/EJA438.jpeg\" \/>\n\t<meta property=\"og:image:width\" content=\"547\" \/>\n\t<meta property=\"og:image:height\" content=\"401\" \/>\n\t<meta property=\"og:image:type\" content=\"image\/jpeg\" \/>\n<meta name=\"twitter:card\" content=\"summary_large_image\" \/>\n<meta name=\"twitter:label1\" content=\"Est. reading time\" \/>\n\t<meta name=\"twitter:data1\" content=\"2 minutes\" \/>\n<script type=\"application\/ld+json\" class=\"yoast-schema-graph\">{\"@context\":\"https:\/\/schema.org\",\"@graph\":[{\"@type\":\"WebPage\",\"@id\":\"https:\/\/fullsolutions.info\/produto\/transmissor-de-pressao-manometrica-selada-com-diafragma-eja438w-n\/\",\"url\":\"https:\/\/fullsolutions.info\/produto\/transmissor-de-pressao-manometrica-selada-com-diafragma-eja438w-n\/\",\"name\":\"Transmissor de press\u00e3o manom\u00e9trica selada com diafragma EJA438W\/N - Full Solutions\",\"isPartOf\":{\"@id\":\"https:\/\/fullsolutions.info\/#website\"},\"primaryImageOfPage\":{\"@id\":\"https:\/\/fullsolutions.info\/produto\/transmissor-de-pressao-manometrica-selada-com-diafragma-eja438w-n\/#primaryimage\"},\"image\":{\"@id\":\"https:\/\/fullsolutions.info\/produto\/transmissor-de-pressao-manometrica-selada-com-diafragma-eja438w-n\/#primaryimage\"},\"thumbnailUrl\":\"https:\/\/mlhff0prgoxu.i.optimole.com\/cb:s0sM.767\/w:auto\/h:auto\/q:mauto\/f:best\/https:\/\/fullsolutions.info\/wp-content\/uploads\/2024\/02\/EJA438.jpeg\",\"datePublished\":\"2024-02-01T12:53:14+00:00\",\"dateModified\":\"2024-02-19T16:14:36+00:00\",\"breadcrumb\":{\"@id\":\"https:\/\/fullsolutions.info\/produto\/transmissor-de-pressao-manometrica-selada-com-diafragma-eja438w-n\/#breadcrumb\"},\"inLanguage\":\"en-US\",\"potentialAction\":[{\"@type\":\"ReadAction\",\"target\":[\"https:\/\/fullsolutions.info\/produto\/transmissor-de-pressao-manometrica-selada-com-diafragma-eja438w-n\/\"]}]},{\"@type\":\"ImageObject\",\"inLanguage\":\"en-US\",\"@id\":\"https:\/\/fullsolutions.info\/produto\/transmissor-de-pressao-manometrica-selada-com-diafragma-eja438w-n\/#primaryimage\",\"url\":\"https:\/\/mlhff0prgoxu.i.optimole.com\/cb:s0sM.767\/w:auto\/h:auto\/q:mauto\/f:best\/https:\/\/fullsolutions.info\/wp-content\/uploads\/2024\/02\/EJA438.jpeg\",\"contentUrl\":\"https:\/\/mlhff0prgoxu.i.optimole.com\/cb:s0sM.767\/w:auto\/h:auto\/q:mauto\/f:best\/https:\/\/fullsolutions.info\/wp-content\/uploads\/2024\/02\/EJA438.jpeg\",\"width\":547,\"height\":401},{\"@type\":\"BreadcrumbList\",\"@id\":\"https:\/\/fullsolutions.info\/produto\/transmissor-de-pressao-manometrica-selada-com-diafragma-eja438w-n\/#breadcrumb\",\"itemListElement\":[{\"@type\":\"ListItem\",\"position\":1,\"name\":\"In\u00edcio\",\"item\":\"https:\/\/fullsolutions.info\/\"},{\"@type\":\"ListItem\",\"position\":2,\"name\":\"Produtos\",\"item\":\"https:\/\/fullsolutions.info\/shop\/\"},{\"@type\":\"ListItem\",\"position\":3,\"name\":\"Transmissor de press\u00e3o manom\u00e9trica selada com diafragma EJA438W\/N\"}]},{\"@type\":\"WebSite\",\"@id\":\"https:\/\/fullsolutions.info\/#website\",\"url\":\"https:\/\/fullsolutions.info\/\",\"name\":\"Full Solutions\",\"description\":\"Empresa na \u00c1rea de Procurement\",\"publisher\":{\"@id\":\"https:\/\/fullsolutions.info\/#organization\"},\"potentialAction\":[{\"@type\":\"SearchAction\",\"target\":{\"@type\":\"EntryPoint\",\"urlTemplate\":\"https:\/\/fullsolutions.info\/?s={search_term_string}\"},\"query-input\":{\"@type\":\"PropertyValueSpecification\",\"valueRequired\":true,\"valueName\":\"search_term_string\"}}],\"inLanguage\":\"en-US\"},{\"@type\":\"Organization\",\"@id\":\"https:\/\/fullsolutions.info\/#organization\",\"name\":\"Full Solutions\",\"url\":\"https:\/\/fullsolutions.info\/\",\"logo\":{\"@type\":\"ImageObject\",\"inLanguage\":\"en-US\",\"@id\":\"https:\/\/fullsolutions.info\/#\/schema\/logo\/image\/\",\"url\":\"https:\/\/mlhff0prgoxu.i.optimole.com\/cb:s0sM.767\/w:auto\/h:auto\/q:mauto\/f:best\/https:\/\/fullsolutions.info\/wp-content\/uploads\/2021\/07\/cropped-Design-sem-nome-300x193-1-e1627062664782.png\",\"contentUrl\":\"https:\/\/mlhff0prgoxu.i.optimole.com\/cb:s0sM.767\/w:auto\/h:auto\/q:mauto\/f:best\/https:\/\/fullsolutions.info\/wp-content\/uploads\/2021\/07\/cropped-Design-sem-nome-300x193-1-e1627062664782.png\",\"width\":202,\"height\":155,\"caption\":\"Full Solutions\"},\"image\":{\"@id\":\"https:\/\/fullsolutions.info\/#\/schema\/logo\/image\/\"},\"sameAs\":[\"https:\/\/www.linkedin.com\/company\/full-solutions-equipment\"]}]}<\/script>\n<!-- \/ Yoast SEO plugin. -->","yoast_head_json":{"title":"Transmissor de press\u00e3o manom\u00e9trica selada com diafragma EJA438W\/N - Full Solutions","robots":{"index":"index","follow":"follow","max-snippet":"max-snippet:-1","max-image-preview":"max-image-preview:large","max-video-preview":"max-video-preview:-1"},"canonical":"https:\/\/fullsolutions.info\/en\/product\/transmissor-de-pressao-manometrica-selada-com-diafragma-eja438w-n\/","og_locale":"en_US","og_type":"article","og_title":"Transmissor de press\u00e3o manom\u00e9trica selada com diafragma EJA438W\/N - Full Solutions","og_description":"A veda\u00e7\u00e3o do diafragma \u00e9 usada para evitar que o meio do processo entre diretamente no conjunto sensor de press\u00e3o do transmissor de press\u00e3o. Ele \u00e9 conectado ao transmissor por meio de um capilar preenchido com fluido de enchimento. Os Transmissores de Press\u00e3o Manom\u00e9trica Selados com Diafragma Modelos EJA438W e EJA438N podem ser usados \u200b\u200bpara medir press\u00e3o de l\u00edquidos, gases ou vapor. Eles emitem um sinal DC de 4 a 20 mA correspondente \u00e0 press\u00e3o medida. A S\u00e9rie EJA est\u00e1 dispon\u00edvel com protocolos de comunica\u00e7\u00e3o BRAIN, HART, FOUNDATION\u2122 fieldbus ou PROFIBUS PA. Caracter\u00edsticas Excelente desempenho e estabilidade A s\u00e9rie EJA utiliza um sensor ressonante de sil\u00edcio formado a partir de sil\u00edcio monocristalino, um material perfeito que n\u00e3o apresenta histerese em mudan\u00e7as de press\u00e3o ou temperatura. O sensor minimiza a sobrepress\u00e3o, a mudan\u00e7a de temperatura e os efeitos da press\u00e3o est\u00e1tica e, portanto, oferece estabilidade incompar\u00e1vel a longo prazo. Design compacto e leve Metade do peso dos modelos convencionais gra\u00e7as \u00e0 miniaturiza\u00e7\u00e3o da caixa com amplificador ASIC, estrutura da c\u00e9lula de press\u00e3o e flange. O ASIC utiliza o n\u00famero m\u00ednimo de pe\u00e7as e melhora a confiabilidade do amplificador. Capacidade de comunica\u00e7\u00e3o Fieldbus Fieldbus \u00e9 um sistema de comunica\u00e7\u00e3o digital bidirecional. \u00c9 uma tecnologia revolucion\u00e1ria para configura\u00e7\u00e3o de sistemas de controle de instrumenta\u00e7\u00e3o e um sucessor promissor da comunica\u00e7\u00e3o anal\u00f3gica padr\u00e3o de 4 a 20 mA usada atualmente na maioria dos instrumentos de campo. A s\u00e9rie EJA oferece dois tipos de modelos de fieldbus, FOUNDATION\u2122 fieldbus Low Voltage Mode e dispositivos PROFIBUS PA, que garantem a interoperabilidade entre a Yokogawa e outros fabricantes. Quanto ao software, a s\u00e9rie EJA incorpora dois blocos de fun\u00e7\u00f5es AI que calculam press\u00f5es diferenciais e est\u00e1ticas para permitir configura\u00e7\u00e3o flex\u00edvel da instrumenta\u00e7\u00e3o.","og_url":"https:\/\/fullsolutions.info\/en\/product\/transmissor-de-pressao-manometrica-selada-com-diafragma-eja438w-n\/","og_site_name":"Full Solutions","article_modified_time":"2024-02-19T16:14:36+00:00","og_image":[{"width":547,"height":401,"url":"https:\/\/mlhff0prgoxu.i.optimole.com\/cb:s0sM.767\/w:auto\/h:auto\/q:mauto\/f:best\/https:\/\/fullsolutions.info\/wp-content\/uploads\/2024\/02\/EJA438.jpeg","type":"image\/jpeg"}],"twitter_card":"summary_large_image","twitter_misc":{"Est. reading time":"2 minutes"},"schema":{"@context":"https:\/\/schema.org","@graph":[{"@type":"WebPage","@id":"https:\/\/fullsolutions.info\/produto\/transmissor-de-pressao-manometrica-selada-com-diafragma-eja438w-n\/","url":"https:\/\/fullsolutions.info\/produto\/transmissor-de-pressao-manometrica-selada-com-diafragma-eja438w-n\/","name":"Transmissor de press\u00e3o manom\u00e9trica selada com diafragma EJA438W\/N - Full Solutions","isPartOf":{"@id":"https:\/\/fullsolutions.info\/#website"},"primaryImageOfPage":{"@id":"https:\/\/fullsolutions.info\/produto\/transmissor-de-pressao-manometrica-selada-com-diafragma-eja438w-n\/#primaryimage"},"image":{"@id":"https:\/\/fullsolutions.info\/produto\/transmissor-de-pressao-manometrica-selada-com-diafragma-eja438w-n\/#primaryimage"},"thumbnailUrl":"https:\/\/mlhff0prgoxu.i.optimole.com\/cb:s0sM.767\/w:auto\/h:auto\/q:mauto\/f:best\/https:\/\/fullsolutions.info\/wp-content\/uploads\/2024\/02\/EJA438.jpeg","datePublished":"2024-02-01T12:53:14+00:00","dateModified":"2024-02-19T16:14:36+00:00","breadcrumb":{"@id":"https:\/\/fullsolutions.info\/produto\/transmissor-de-pressao-manometrica-selada-com-diafragma-eja438w-n\/#breadcrumb"},"inLanguage":"en-US","potentialAction":[{"@type":"ReadAction","target":["https:\/\/fullsolutions.info\/produto\/transmissor-de-pressao-manometrica-selada-com-diafragma-eja438w-n\/"]}]},{"@type":"ImageObject","inLanguage":"en-US","@id":"https:\/\/fullsolutions.info\/produto\/transmissor-de-pressao-manometrica-selada-com-diafragma-eja438w-n\/#primaryimage","url":"https:\/\/mlhff0prgoxu.i.optimole.com\/cb:s0sM.767\/w:auto\/h:auto\/q:mauto\/f:best\/https:\/\/fullsolutions.info\/wp-content\/uploads\/2024\/02\/EJA438.jpeg","contentUrl":"https:\/\/mlhff0prgoxu.i.optimole.com\/cb:s0sM.767\/w:auto\/h:auto\/q:mauto\/f:best\/https:\/\/fullsolutions.info\/wp-content\/uploads\/2024\/02\/EJA438.jpeg","width":547,"height":401},{"@type":"BreadcrumbList","@id":"https:\/\/fullsolutions.info\/produto\/transmissor-de-pressao-manometrica-selada-com-diafragma-eja438w-n\/#breadcrumb","itemListElement":[{"@type":"ListItem","position":1,"name":"In\u00edcio","item":"https:\/\/fullsolutions.info\/"},{"@type":"ListItem","position":2,"name":"Produtos","item":"https:\/\/fullsolutions.info\/shop\/"},{"@type":"ListItem","position":3,"name":"Transmissor de press\u00e3o manom\u00e9trica selada com diafragma EJA438W\/N"}]},{"@type":"WebSite","@id":"https:\/\/fullsolutions.info\/#website","url":"https:\/\/fullsolutions.info\/","name":"Full Solutions","description":"Empresa na \u00c1rea de Procurement","publisher":{"@id":"https:\/\/fullsolutions.info\/#organization"},"potentialAction":[{"@type":"SearchAction","target":{"@type":"EntryPoint","urlTemplate":"https:\/\/fullsolutions.info\/?s={search_term_string}"},"query-input":{"@type":"PropertyValueSpecification","valueRequired":true,"valueName":"search_term_string"}}],"inLanguage":"en-US"},{"@type":"Organization","@id":"https:\/\/fullsolutions.info\/#organization","name":"Full Solutions","url":"https:\/\/fullsolutions.info\/","logo":{"@type":"ImageObject","inLanguage":"en-US","@id":"https:\/\/fullsolutions.info\/#\/schema\/logo\/image\/","url":"https:\/\/mlhff0prgoxu.i.optimole.com\/cb:s0sM.767\/w:auto\/h:auto\/q:mauto\/f:best\/https:\/\/fullsolutions.info\/wp-content\/uploads\/2021\/07\/cropped-Design-sem-nome-300x193-1-e1627062664782.png","contentUrl":"https:\/\/mlhff0prgoxu.i.optimole.com\/cb:s0sM.767\/w:auto\/h:auto\/q:mauto\/f:best\/https:\/\/fullsolutions.info\/wp-content\/uploads\/2021\/07\/cropped-Design-sem-nome-300x193-1-e1627062664782.png","width":202,"height":155,"caption":"Full Solutions"},"image":{"@id":"https:\/\/fullsolutions.info\/#\/schema\/logo\/image\/"},"sameAs":["https:\/\/www.linkedin.com\/company\/full-solutions-equipment"]}]}},"_links":{"self":[{"href":"https:\/\/fullsolutions.info\/en\/wp-json\/wp\/v2\/product\/4057","targetHints":{"allow":["GET"]}}],"collection":[{"href":"https:\/\/fullsolutions.info\/en\/wp-json\/wp\/v2\/product"}],"about":[{"href":"https:\/\/fullsolutions.info\/en\/wp-json\/wp\/v2\/types\/product"}],"replies":[{"embeddable":true,"href":"https:\/\/fullsolutions.info\/en\/wp-json\/wp\/v2\/comments?post=4057"}],"wp:featuredmedia":[{"embeddable":true,"href":"https:\/\/fullsolutions.info\/en\/wp-json\/wp\/v2\/media\/4058"}],"wp:attachment":[{"href":"https:\/\/fullsolutions.info\/en\/wp-json\/wp\/v2\/media?parent=4057"}],"wp:term":[{"taxonomy":"product_brand","embeddable":true,"href":"https:\/\/fullsolutions.info\/en\/wp-json\/wp\/v2\/product_brand?post=4057"},{"taxonomy":"product_cat","embeddable":true,"href":"https:\/\/fullsolutions.info\/en\/wp-json\/wp\/v2\/product_cat?post=4057"},{"taxonomy":"product_tag","embeddable":true,"href":"https:\/\/fullsolutions.info\/en\/wp-json\/wp\/v2\/product_tag?post=4057"},{"taxonomy":"marca","embeddable":true,"href":"https:\/\/fullsolutions.info\/en\/wp-json\/wp\/v2\/marca?post=4057"}],"curies":[{"name":"wp","href":"https:\/\/api.w.org\/{rel}","templated":true}]}}