{"id":4050,"date":"2024-01-31T18:22:00","date_gmt":"2024-01-31T18:22:00","guid":{"rendered":"https:\/\/fullsolutionsequip.com\/?post_type=product&#038;p=4050"},"modified":"2024-02-19T16:14:36","modified_gmt":"2024-02-19T16:14:36","slug":"transmissor-de-pressao-eja115","status":"publish","type":"product","link":"https:\/\/fullsolutions.info\/en\/product\/transmissor-de-pressao-eja115\/","title":{"rendered":"Transmissor de press\u00e3o EJA115"},"content":{"rendered":"<p>Especifica\u00e7\u00f5es<br \/>\n1.Excelente desempenho e estabilidade<br \/>\n2.Design compacto e leve<br \/>\n3. Comunica\u00e7\u00e3o Fieldbus<\/p>\n<p>Transmissor de press\u00e3o de baixo fluxo EJA 115 YOKOGAWA<\/p>\n<p>1. A S\u00e9rie EJA est\u00e1 dispon\u00edvel com protocolos de comunica\u00e7\u00e3o BRAIN, HART, FOUNDATION\u2122 fieldbus ou PROFIBUS PA.<\/p>\n<p>O transmissor de press\u00e3o manom\u00e9trica de alto desempenho modelo EJA430A pode ser usado para medir press\u00e3o de l\u00edquidos, gases ou vapor. Ele emite um sinal DC de 4 a 20 mA correspondente \u00e0 press\u00e3o manom\u00e9trica medida.<\/p>\n<p>2.Recursos<\/p>\n<p>Excelente desempenho e estabilidade<\/p>\n<p>A s\u00e9rie EJA utiliza um sensor ressonante de sil\u00edcio formado a partir de sil\u00edcio monocristalino, um material perfeito que n\u00e3o apresenta histerese em mudan\u00e7as de press\u00e3o ou temperatura. O sensor minimiza a sobrepress\u00e3o, a mudan\u00e7a de temperatura e os efeitos da press\u00e3o est\u00e1tica e, portanto, oferece estabilidade incompar\u00e1vel a longo prazo.<\/p>\n<p>Design compacto e leve<\/p>\n<p>Metade do peso dos modelos convencionais gra\u00e7as \u00e0 miniaturiza\u00e7\u00e3o da caixa com amplificador ASIC, estrutura da c\u00e9lula de press\u00e3o e flange. O ASIC utiliza o n\u00famero m\u00ednimo de pe\u00e7as e melhora a confiabilidade do amplificador.<\/p>\n<p>Capacidade de comunica\u00e7\u00e3o Fieldbus<\/p>\n<p>Fieldbus \u00e9 um sistema de comunica\u00e7\u00e3o digital bidirecional. \u00c9 uma tecnologia revolucion\u00e1ria para configura\u00e7\u00e3o de sistemas de controle de instrumenta\u00e7\u00e3o e um sucessor promissor da comunica\u00e7\u00e3o anal\u00f3gica padr\u00e3o de 4 a 20 mA usada atualmente na maioria dos instrumentos de campo.<br \/>\nA s\u00e9rie 3.EJA oferece dois tipos de modelos de fieldbus, FOUNDATION\u2122 fieldbus Low Voltage Mode e dispositivos PROFIBUS PA, que garantem a interoperabilidade entre a Yokogawa e outros fabricantes. Quanto ao software, a s\u00e9rie EJA incorpora dois blocos de fun\u00e7\u00f5es AI que calculam press\u00f5es diferenciais e est\u00e1ticas para permitir configura\u00e7\u00e3o flex\u00edvel da instrumenta\u00e7\u00e3o.<\/p>","protected":false},"excerpt":{"rendered":"<p>Especifica\u00e7\u00f5es 1.Excelente desempenho e estabilidade 2.Design compacto e leve 3. Comunica\u00e7\u00e3o Fieldbus Transmissor de press\u00e3o de baixo fluxo EJA 115 YOKOGAWA 1. A S\u00e9rie EJA est\u00e1 dispon\u00edvel com protocolos de comunica\u00e7\u00e3o BRAIN, HART, FOUNDATION\u2122 fieldbus ou PROFIBUS PA. O transmissor de press\u00e3o manom\u00e9trica de alto desempenho modelo EJA430A pode ser usado para medir press\u00e3o de l\u00edquidos, gases ou vapor. Ele emite um sinal DC de 4 a 20 mA correspondente \u00e0 press\u00e3o manom\u00e9trica medida. 2.Recursos Excelente desempenho e estabilidade A s\u00e9rie EJA utiliza um sensor ressonante de sil\u00edcio formado a partir de sil\u00edcio monocristalino, um material perfeito que n\u00e3o apresenta histerese em mudan\u00e7as de press\u00e3o ou temperatura. O sensor minimiza a sobrepress\u00e3o, a mudan\u00e7a de temperatura e os efeitos da press\u00e3o est\u00e1tica e, portanto, oferece estabilidade incompar\u00e1vel a longo prazo. Design compacto e leve Metade do peso dos modelos convencionais gra\u00e7as \u00e0 miniaturiza\u00e7\u00e3o da caixa com amplificador ASIC, estrutura da c\u00e9lula de press\u00e3o e flange. O ASIC utiliza o n\u00famero m\u00ednimo de pe\u00e7as e melhora a confiabilidade do amplificador. Capacidade de comunica\u00e7\u00e3o Fieldbus Fieldbus \u00e9 um sistema de comunica\u00e7\u00e3o digital bidirecional. \u00c9 uma tecnologia revolucion\u00e1ria para configura\u00e7\u00e3o de sistemas de controle de instrumenta\u00e7\u00e3o e um sucessor promissor da comunica\u00e7\u00e3o anal\u00f3gica padr\u00e3o de 4 a 20 mA usada atualmente na maioria dos instrumentos de campo. A s\u00e9rie 3.EJA oferece dois tipos de modelos de fieldbus, FOUNDATION\u2122 fieldbus Low Voltage Mode e dispositivos PROFIBUS PA, que garantem a interoperabilidade entre a Yokogawa e outros fabricantes. Quanto ao software, a s\u00e9rie EJA incorpora dois blocos de fun\u00e7\u00f5es AI que calculam press\u00f5es diferenciais e est\u00e1ticas para permitir configura\u00e7\u00e3o flex\u00edvel da instrumenta\u00e7\u00e3o.<\/p>","protected":false},"featured_media":4051,"comment_status":"open","ping_status":"closed","template":"","meta":{"_joinchat":[]},"product_brand":[],"product_cat":[140],"product_tag":[],"marca":[143],"class_list":{"0":"post-4050","1":"product","2":"type-product","3":"status-publish","4":"has-post-thumbnail","6":"product_cat-transmissores","7":"marca-yokogawa","9":"first","10":"instock","11":"shipping-taxable","12":"purchasable","13":"product-type-simple"},"yoast_head":"<!-- This site is optimized with the Yoast SEO plugin v27.2 - https:\/\/yoast.com\/product\/yoast-seo-wordpress\/ -->\n<title>Transmissor de press\u00e3o EJA115 - Full Solutions<\/title>\n<meta name=\"robots\" content=\"index, follow, max-snippet:-1, max-image-preview:large, max-video-preview:-1\" \/>\n<link rel=\"canonical\" href=\"https:\/\/fullsolutions.info\/en\/product\/transmissor-de-pressao-eja115\/\" \/>\n<meta property=\"og:locale\" content=\"en_US\" \/>\n<meta property=\"og:type\" content=\"article\" \/>\n<meta property=\"og:title\" content=\"Transmissor de press\u00e3o EJA115 - Full Solutions\" \/>\n<meta property=\"og:description\" content=\"Especifica\u00e7\u00f5es 1.Excelente desempenho e estabilidade 2.Design compacto e leve 3. Comunica\u00e7\u00e3o Fieldbus Transmissor de press\u00e3o de baixo fluxo EJA 115 YOKOGAWA 1. A S\u00e9rie EJA est\u00e1 dispon\u00edvel com protocolos de comunica\u00e7\u00e3o BRAIN, HART, FOUNDATION\u2122 fieldbus ou PROFIBUS PA. O transmissor de press\u00e3o manom\u00e9trica de alto desempenho modelo EJA430A pode ser usado para medir press\u00e3o de l\u00edquidos, gases ou vapor. Ele emite um sinal DC de 4 a 20 mA correspondente \u00e0 press\u00e3o manom\u00e9trica medida. 2.Recursos Excelente desempenho e estabilidade A s\u00e9rie EJA utiliza um sensor ressonante de sil\u00edcio formado a partir de sil\u00edcio monocristalino, um material perfeito que n\u00e3o apresenta histerese em mudan\u00e7as de press\u00e3o ou temperatura. O sensor minimiza a sobrepress\u00e3o, a mudan\u00e7a de temperatura e os efeitos da press\u00e3o est\u00e1tica e, portanto, oferece estabilidade incompar\u00e1vel a longo prazo. Design compacto e leve Metade do peso dos modelos convencionais gra\u00e7as \u00e0 miniaturiza\u00e7\u00e3o da caixa com amplificador ASIC, estrutura da c\u00e9lula de press\u00e3o e flange. O ASIC utiliza o n\u00famero m\u00ednimo de pe\u00e7as e melhora a confiabilidade do amplificador. Capacidade de comunica\u00e7\u00e3o Fieldbus Fieldbus \u00e9 um sistema de comunica\u00e7\u00e3o digital bidirecional. \u00c9 uma tecnologia revolucion\u00e1ria para configura\u00e7\u00e3o de sistemas de controle de instrumenta\u00e7\u00e3o e um sucessor promissor da comunica\u00e7\u00e3o anal\u00f3gica padr\u00e3o de 4 a 20 mA usada atualmente na maioria dos instrumentos de campo. A s\u00e9rie 3.EJA oferece dois tipos de modelos de fieldbus, FOUNDATION\u2122 fieldbus Low Voltage Mode e dispositivos PROFIBUS PA, que garantem a interoperabilidade entre a Yokogawa e outros fabricantes. Quanto ao software, a s\u00e9rie EJA incorpora dois blocos de fun\u00e7\u00f5es AI que calculam press\u00f5es diferenciais e est\u00e1ticas para permitir configura\u00e7\u00e3o flex\u00edvel da instrumenta\u00e7\u00e3o.\" \/>\n<meta property=\"og:url\" content=\"https:\/\/fullsolutions.info\/en\/product\/transmissor-de-pressao-eja115\/\" \/>\n<meta property=\"og:site_name\" content=\"Full Solutions\" \/>\n<meta property=\"article:modified_time\" content=\"2024-02-19T16:14:36+00:00\" \/>\n<meta property=\"og:image\" content=\"https:\/\/mlhff0prgoxu.i.optimole.com\/cb:s0sM.767\/w:auto\/h:auto\/q:mauto\/f:best\/https:\/\/fullsolutions.info\/wp-content\/uploads\/2024\/01\/EJA115-1.png\" \/>\n\t<meta property=\"og:image:width\" content=\"369\" \/>\n\t<meta property=\"og:image:height\" content=\"413\" \/>\n\t<meta property=\"og:image:type\" content=\"image\/png\" \/>\n<meta name=\"twitter:card\" content=\"summary_large_image\" \/>\n<meta name=\"twitter:label1\" content=\"Est. reading time\" \/>\n\t<meta name=\"twitter:data1\" content=\"2 minutes\" \/>\n<script type=\"application\/ld+json\" class=\"yoast-schema-graph\">{\"@context\":\"https:\/\/schema.org\",\"@graph\":[{\"@type\":\"WebPage\",\"@id\":\"https:\/\/fullsolutions.info\/produto\/transmissor-de-pressao-eja115\/\",\"url\":\"https:\/\/fullsolutions.info\/produto\/transmissor-de-pressao-eja115\/\",\"name\":\"Transmissor de press\u00e3o EJA115 - Full Solutions\",\"isPartOf\":{\"@id\":\"https:\/\/fullsolutions.info\/#website\"},\"primaryImageOfPage\":{\"@id\":\"https:\/\/fullsolutions.info\/produto\/transmissor-de-pressao-eja115\/#primaryimage\"},\"image\":{\"@id\":\"https:\/\/fullsolutions.info\/produto\/transmissor-de-pressao-eja115\/#primaryimage\"},\"thumbnailUrl\":\"https:\/\/mlhff0prgoxu.i.optimole.com\/cb:s0sM.767\/w:auto\/h:auto\/q:mauto\/f:best\/https:\/\/fullsolutions.info\/wp-content\/uploads\/2024\/01\/EJA115-1.png\",\"datePublished\":\"2024-01-31T18:22:00+00:00\",\"dateModified\":\"2024-02-19T16:14:36+00:00\",\"breadcrumb\":{\"@id\":\"https:\/\/fullsolutions.info\/produto\/transmissor-de-pressao-eja115\/#breadcrumb\"},\"inLanguage\":\"en-US\",\"potentialAction\":[{\"@type\":\"ReadAction\",\"target\":[\"https:\/\/fullsolutions.info\/produto\/transmissor-de-pressao-eja115\/\"]}]},{\"@type\":\"ImageObject\",\"inLanguage\":\"en-US\",\"@id\":\"https:\/\/fullsolutions.info\/produto\/transmissor-de-pressao-eja115\/#primaryimage\",\"url\":\"https:\/\/mlhff0prgoxu.i.optimole.com\/cb:s0sM.767\/w:auto\/h:auto\/q:mauto\/f:best\/https:\/\/fullsolutions.info\/wp-content\/uploads\/2024\/01\/EJA115-1.png\",\"contentUrl\":\"https:\/\/mlhff0prgoxu.i.optimole.com\/cb:s0sM.767\/w:auto\/h:auto\/q:mauto\/f:best\/https:\/\/fullsolutions.info\/wp-content\/uploads\/2024\/01\/EJA115-1.png\",\"width\":369,\"height\":413},{\"@type\":\"BreadcrumbList\",\"@id\":\"https:\/\/fullsolutions.info\/produto\/transmissor-de-pressao-eja115\/#breadcrumb\",\"itemListElement\":[{\"@type\":\"ListItem\",\"position\":1,\"name\":\"In\u00edcio\",\"item\":\"https:\/\/fullsolutions.info\/\"},{\"@type\":\"ListItem\",\"position\":2,\"name\":\"Produtos\",\"item\":\"https:\/\/fullsolutions.info\/shop\/\"},{\"@type\":\"ListItem\",\"position\":3,\"name\":\"Transmissor de press\u00e3o EJA115\"}]},{\"@type\":\"WebSite\",\"@id\":\"https:\/\/fullsolutions.info\/#website\",\"url\":\"https:\/\/fullsolutions.info\/\",\"name\":\"Full Solutions\",\"description\":\"Empresa na \u00c1rea de Procurement\",\"publisher\":{\"@id\":\"https:\/\/fullsolutions.info\/#organization\"},\"potentialAction\":[{\"@type\":\"SearchAction\",\"target\":{\"@type\":\"EntryPoint\",\"urlTemplate\":\"https:\/\/fullsolutions.info\/?s={search_term_string}\"},\"query-input\":{\"@type\":\"PropertyValueSpecification\",\"valueRequired\":true,\"valueName\":\"search_term_string\"}}],\"inLanguage\":\"en-US\"},{\"@type\":\"Organization\",\"@id\":\"https:\/\/fullsolutions.info\/#organization\",\"name\":\"Full Solutions\",\"url\":\"https:\/\/fullsolutions.info\/\",\"logo\":{\"@type\":\"ImageObject\",\"inLanguage\":\"en-US\",\"@id\":\"https:\/\/fullsolutions.info\/#\/schema\/logo\/image\/\",\"url\":\"https:\/\/mlhff0prgoxu.i.optimole.com\/cb:s0sM.767\/w:auto\/h:auto\/q:mauto\/f:best\/https:\/\/fullsolutions.info\/wp-content\/uploads\/2021\/07\/cropped-Design-sem-nome-300x193-1-e1627062664782.png\",\"contentUrl\":\"https:\/\/mlhff0prgoxu.i.optimole.com\/cb:s0sM.767\/w:auto\/h:auto\/q:mauto\/f:best\/https:\/\/fullsolutions.info\/wp-content\/uploads\/2021\/07\/cropped-Design-sem-nome-300x193-1-e1627062664782.png\",\"width\":202,\"height\":155,\"caption\":\"Full Solutions\"},\"image\":{\"@id\":\"https:\/\/fullsolutions.info\/#\/schema\/logo\/image\/\"},\"sameAs\":[\"https:\/\/www.linkedin.com\/company\/full-solutions-equipment\"]}]}<\/script>\n<!-- \/ Yoast SEO plugin. -->","yoast_head_json":{"title":"Transmissor de press\u00e3o EJA115 - Full Solutions","robots":{"index":"index","follow":"follow","max-snippet":"max-snippet:-1","max-image-preview":"max-image-preview:large","max-video-preview":"max-video-preview:-1"},"canonical":"https:\/\/fullsolutions.info\/en\/product\/transmissor-de-pressao-eja115\/","og_locale":"en_US","og_type":"article","og_title":"Transmissor de press\u00e3o EJA115 - Full Solutions","og_description":"Especifica\u00e7\u00f5es 1.Excelente desempenho e estabilidade 2.Design compacto e leve 3. Comunica\u00e7\u00e3o Fieldbus Transmissor de press\u00e3o de baixo fluxo EJA 115 YOKOGAWA 1. A S\u00e9rie EJA est\u00e1 dispon\u00edvel com protocolos de comunica\u00e7\u00e3o BRAIN, HART, FOUNDATION\u2122 fieldbus ou PROFIBUS PA. O transmissor de press\u00e3o manom\u00e9trica de alto desempenho modelo EJA430A pode ser usado para medir press\u00e3o de l\u00edquidos, gases ou vapor. Ele emite um sinal DC de 4 a 20 mA correspondente \u00e0 press\u00e3o manom\u00e9trica medida. 2.Recursos Excelente desempenho e estabilidade A s\u00e9rie EJA utiliza um sensor ressonante de sil\u00edcio formado a partir de sil\u00edcio monocristalino, um material perfeito que n\u00e3o apresenta histerese em mudan\u00e7as de press\u00e3o ou temperatura. O sensor minimiza a sobrepress\u00e3o, a mudan\u00e7a de temperatura e os efeitos da press\u00e3o est\u00e1tica e, portanto, oferece estabilidade incompar\u00e1vel a longo prazo. Design compacto e leve Metade do peso dos modelos convencionais gra\u00e7as \u00e0 miniaturiza\u00e7\u00e3o da caixa com amplificador ASIC, estrutura da c\u00e9lula de press\u00e3o e flange. O ASIC utiliza o n\u00famero m\u00ednimo de pe\u00e7as e melhora a confiabilidade do amplificador. Capacidade de comunica\u00e7\u00e3o Fieldbus Fieldbus \u00e9 um sistema de comunica\u00e7\u00e3o digital bidirecional. \u00c9 uma tecnologia revolucion\u00e1ria para configura\u00e7\u00e3o de sistemas de controle de instrumenta\u00e7\u00e3o e um sucessor promissor da comunica\u00e7\u00e3o anal\u00f3gica padr\u00e3o de 4 a 20 mA usada atualmente na maioria dos instrumentos de campo. A s\u00e9rie 3.EJA oferece dois tipos de modelos de fieldbus, FOUNDATION\u2122 fieldbus Low Voltage Mode e dispositivos PROFIBUS PA, que garantem a interoperabilidade entre a Yokogawa e outros fabricantes. Quanto ao software, a s\u00e9rie EJA incorpora dois blocos de fun\u00e7\u00f5es AI que calculam press\u00f5es diferenciais e est\u00e1ticas para permitir configura\u00e7\u00e3o flex\u00edvel da instrumenta\u00e7\u00e3o.","og_url":"https:\/\/fullsolutions.info\/en\/product\/transmissor-de-pressao-eja115\/","og_site_name":"Full Solutions","article_modified_time":"2024-02-19T16:14:36+00:00","og_image":[{"width":369,"height":413,"url":"https:\/\/mlhff0prgoxu.i.optimole.com\/cb:s0sM.767\/w:auto\/h:auto\/q:mauto\/f:best\/https:\/\/fullsolutions.info\/wp-content\/uploads\/2024\/01\/EJA115-1.png","type":"image\/png"}],"twitter_card":"summary_large_image","twitter_misc":{"Est. reading time":"2 minutes"},"schema":{"@context":"https:\/\/schema.org","@graph":[{"@type":"WebPage","@id":"https:\/\/fullsolutions.info\/produto\/transmissor-de-pressao-eja115\/","url":"https:\/\/fullsolutions.info\/produto\/transmissor-de-pressao-eja115\/","name":"Transmissor de press\u00e3o EJA115 - Full Solutions","isPartOf":{"@id":"https:\/\/fullsolutions.info\/#website"},"primaryImageOfPage":{"@id":"https:\/\/fullsolutions.info\/produto\/transmissor-de-pressao-eja115\/#primaryimage"},"image":{"@id":"https:\/\/fullsolutions.info\/produto\/transmissor-de-pressao-eja115\/#primaryimage"},"thumbnailUrl":"https:\/\/mlhff0prgoxu.i.optimole.com\/cb:s0sM.767\/w:auto\/h:auto\/q:mauto\/f:best\/https:\/\/fullsolutions.info\/wp-content\/uploads\/2024\/01\/EJA115-1.png","datePublished":"2024-01-31T18:22:00+00:00","dateModified":"2024-02-19T16:14:36+00:00","breadcrumb":{"@id":"https:\/\/fullsolutions.info\/produto\/transmissor-de-pressao-eja115\/#breadcrumb"},"inLanguage":"en-US","potentialAction":[{"@type":"ReadAction","target":["https:\/\/fullsolutions.info\/produto\/transmissor-de-pressao-eja115\/"]}]},{"@type":"ImageObject","inLanguage":"en-US","@id":"https:\/\/fullsolutions.info\/produto\/transmissor-de-pressao-eja115\/#primaryimage","url":"https:\/\/mlhff0prgoxu.i.optimole.com\/cb:s0sM.767\/w:auto\/h:auto\/q:mauto\/f:best\/https:\/\/fullsolutions.info\/wp-content\/uploads\/2024\/01\/EJA115-1.png","contentUrl":"https:\/\/mlhff0prgoxu.i.optimole.com\/cb:s0sM.767\/w:auto\/h:auto\/q:mauto\/f:best\/https:\/\/fullsolutions.info\/wp-content\/uploads\/2024\/01\/EJA115-1.png","width":369,"height":413},{"@type":"BreadcrumbList","@id":"https:\/\/fullsolutions.info\/produto\/transmissor-de-pressao-eja115\/#breadcrumb","itemListElement":[{"@type":"ListItem","position":1,"name":"In\u00edcio","item":"https:\/\/fullsolutions.info\/"},{"@type":"ListItem","position":2,"name":"Produtos","item":"https:\/\/fullsolutions.info\/shop\/"},{"@type":"ListItem","position":3,"name":"Transmissor de press\u00e3o EJA115"}]},{"@type":"WebSite","@id":"https:\/\/fullsolutions.info\/#website","url":"https:\/\/fullsolutions.info\/","name":"Full Solutions","description":"Empresa na \u00c1rea de Procurement","publisher":{"@id":"https:\/\/fullsolutions.info\/#organization"},"potentialAction":[{"@type":"SearchAction","target":{"@type":"EntryPoint","urlTemplate":"https:\/\/fullsolutions.info\/?s={search_term_string}"},"query-input":{"@type":"PropertyValueSpecification","valueRequired":true,"valueName":"search_term_string"}}],"inLanguage":"en-US"},{"@type":"Organization","@id":"https:\/\/fullsolutions.info\/#organization","name":"Full Solutions","url":"https:\/\/fullsolutions.info\/","logo":{"@type":"ImageObject","inLanguage":"en-US","@id":"https:\/\/fullsolutions.info\/#\/schema\/logo\/image\/","url":"https:\/\/mlhff0prgoxu.i.optimole.com\/cb:s0sM.767\/w:auto\/h:auto\/q:mauto\/f:best\/https:\/\/fullsolutions.info\/wp-content\/uploads\/2021\/07\/cropped-Design-sem-nome-300x193-1-e1627062664782.png","contentUrl":"https:\/\/mlhff0prgoxu.i.optimole.com\/cb:s0sM.767\/w:auto\/h:auto\/q:mauto\/f:best\/https:\/\/fullsolutions.info\/wp-content\/uploads\/2021\/07\/cropped-Design-sem-nome-300x193-1-e1627062664782.png","width":202,"height":155,"caption":"Full Solutions"},"image":{"@id":"https:\/\/fullsolutions.info\/#\/schema\/logo\/image\/"},"sameAs":["https:\/\/www.linkedin.com\/company\/full-solutions-equipment"]}]}},"_links":{"self":[{"href":"https:\/\/fullsolutions.info\/en\/wp-json\/wp\/v2\/product\/4050","targetHints":{"allow":["GET"]}}],"collection":[{"href":"https:\/\/fullsolutions.info\/en\/wp-json\/wp\/v2\/product"}],"about":[{"href":"https:\/\/fullsolutions.info\/en\/wp-json\/wp\/v2\/types\/product"}],"replies":[{"embeddable":true,"href":"https:\/\/fullsolutions.info\/en\/wp-json\/wp\/v2\/comments?post=4050"}],"wp:featuredmedia":[{"embeddable":true,"href":"https:\/\/fullsolutions.info\/en\/wp-json\/wp\/v2\/media\/4051"}],"wp:attachment":[{"href":"https:\/\/fullsolutions.info\/en\/wp-json\/wp\/v2\/media?parent=4050"}],"wp:term":[{"taxonomy":"product_brand","embeddable":true,"href":"https:\/\/fullsolutions.info\/en\/wp-json\/wp\/v2\/product_brand?post=4050"},{"taxonomy":"product_cat","embeddable":true,"href":"https:\/\/fullsolutions.info\/en\/wp-json\/wp\/v2\/product_cat?post=4050"},{"taxonomy":"product_tag","embeddable":true,"href":"https:\/\/fullsolutions.info\/en\/wp-json\/wp\/v2\/product_tag?post=4050"},{"taxonomy":"marca","embeddable":true,"href":"https:\/\/fullsolutions.info\/en\/wp-json\/wp\/v2\/marca?post=4050"}],"curies":[{"name":"wp","href":"https:\/\/api.w.org\/{rel}","templated":true}]}}