{"id":4044,"date":"2024-01-31T18:11:00","date_gmt":"2024-01-31T18:11:00","guid":{"rendered":"https:\/\/fullsolutionsequip.com\/?post_type=product&#038;p=4044"},"modified":"2024-02-19T16:14:36","modified_gmt":"2024-02-19T16:14:36","slug":"transmissor-stg-3000","status":"publish","type":"product","link":"https:\/\/fullsolutions.info\/en\/product\/transmissor-stg-3000\/","title":{"rendered":"Transmissor STG 3000"},"content":{"rendered":"<p>Os transmissores de press\u00e3o inteligentes da s\u00e9rie ST3000 medem press\u00e3o diferencial, manom\u00e9trica ou absoluta e transmitem um sinal el\u00e9trico proporcional.<\/p>\n<p>Especifica\u00e7\u00f5es:<br \/>\nSa\u00edda<\/p>\n<p>4-20 mA<br \/>\nmodo de comunica\u00e7\u00e3o digital<br \/>\nFaixa<\/p>\n<p>0-5 a 0-6000 psig<br \/>\nPrecis\u00e3o<\/p>\n<p>4-20 mA: +\/-0,075% do intervalo calibrado ou valor da faixa superior, o que for maior<br \/>\nDigital: +\/-0,0625% de amplitude ou +\/-0,125% de leitura, o que for menor<br \/>\nPoder<\/p>\n<p>Resist\u00eancia de carga de 16,28-42,4 Vcc: 250-1440 ohms<br \/>\nMateriais<\/p>\n<p>Diafragmas de barreira de processo: 316L SST, Hastelloy C, Monel<br \/>\nCabe\u00e7a de processo de t\u00e2ntalo: a\u00e7o carbono, a\u00e7o inoxid\u00e1vel 316, Hastelloy C, Monel<br \/>\nFluido<\/p>\n<p>\u00d3leo de silicone<br \/>\nCTFE<\/p>","protected":false},"excerpt":{"rendered":"<p>Os transmissores de press\u00e3o inteligentes da s\u00e9rie ST3000 medem press\u00e3o diferencial, manom\u00e9trica ou absoluta e transmitem um sinal el\u00e9trico proporcional. Especifica\u00e7\u00f5es: Sa\u00edda 4-20 mA modo de comunica\u00e7\u00e3o digital Faixa 0-5 a 0-6000 psig Precis\u00e3o 4-20 mA: +\/-0,075% do intervalo calibrado ou valor da faixa superior, o que for maior Digital: +\/-0,0625% de amplitude ou +\/-0,125% de leitura, o que for menor Poder Resist\u00eancia de carga de 16,28-42,4 Vcc: 250-1440 ohms Materiais Diafragmas de barreira de processo: 316L SST, Hastelloy C, Monel Cabe\u00e7a de processo de t\u00e2ntalo: a\u00e7o carbono, a\u00e7o inoxid\u00e1vel 316, Hastelloy C, Monel Fluido \u00d3leo de silicone CTFE<\/p>","protected":false},"featured_media":4045,"comment_status":"open","ping_status":"closed","template":"","meta":{"_joinchat":[]},"product_brand":[],"product_cat":[140],"product_tag":[],"marca":[142],"class_list":{"0":"post-4044","1":"product","2":"type-product","3":"status-publish","4":"has-post-thumbnail","6":"product_cat-transmissores","7":"marca-honeywell","9":"first","10":"instock","11":"shipping-taxable","12":"purchasable","13":"product-type-simple"},"yoast_head":"<!-- This site is optimized with the Yoast SEO plugin v27.2 - https:\/\/yoast.com\/product\/yoast-seo-wordpress\/ -->\n<title>Transmissor STG 3000 - Full Solutions<\/title>\n<meta name=\"robots\" content=\"index, follow, max-snippet:-1, max-image-preview:large, max-video-preview:-1\" \/>\n<link rel=\"canonical\" href=\"https:\/\/fullsolutions.info\/en\/product\/transmissor-stg-3000\/\" \/>\n<meta property=\"og:locale\" content=\"en_US\" \/>\n<meta property=\"og:type\" content=\"article\" \/>\n<meta property=\"og:title\" content=\"Transmissor STG 3000 - Full Solutions\" \/>\n<meta property=\"og:description\" content=\"Os transmissores de press\u00e3o inteligentes da s\u00e9rie ST3000 medem press\u00e3o diferencial, manom\u00e9trica ou absoluta e transmitem um sinal el\u00e9trico proporcional. Especifica\u00e7\u00f5es: Sa\u00edda 4-20 mA modo de comunica\u00e7\u00e3o digital Faixa 0-5 a 0-6000 psig Precis\u00e3o 4-20 mA: +\/-0,075% do intervalo calibrado ou valor da faixa superior, o que for maior Digital: +\/-0,0625% de amplitude ou +\/-0,125% de leitura, o que for menor Poder Resist\u00eancia de carga de 16,28-42,4 Vcc: 250-1440 ohms Materiais Diafragmas de barreira de processo: 316L SST, Hastelloy C, Monel Cabe\u00e7a de processo de t\u00e2ntalo: a\u00e7o carbono, a\u00e7o inoxid\u00e1vel 316, Hastelloy C, Monel Fluido \u00d3leo de silicone CTFE\" \/>\n<meta property=\"og:url\" content=\"https:\/\/fullsolutions.info\/en\/product\/transmissor-stg-3000\/\" \/>\n<meta property=\"og:site_name\" content=\"Full Solutions\" \/>\n<meta property=\"article:modified_time\" content=\"2024-02-19T16:14:36+00:00\" \/>\n<meta property=\"og:image\" content=\"https:\/\/mlhff0prgoxu.i.optimole.com\/cb:s0sM.767\/w:auto\/h:auto\/q:mauto\/f:best\/https:\/\/fullsolutions.info\/wp-content\/uploads\/2024\/01\/Honeywell-STG_STA-Transmitter-1.jpeg\" \/>\n\t<meta property=\"og:image:width\" content=\"600\" \/>\n\t<meta property=\"og:image:height\" content=\"600\" \/>\n\t<meta property=\"og:image:type\" content=\"image\/jpeg\" \/>\n<meta name=\"twitter:card\" content=\"summary_large_image\" \/>\n<meta name=\"twitter:label1\" content=\"Est. reading time\" \/>\n\t<meta name=\"twitter:data1\" content=\"1 minute\" \/>\n<script type=\"application\/ld+json\" class=\"yoast-schema-graph\">{\"@context\":\"https:\/\/schema.org\",\"@graph\":[{\"@type\":\"WebPage\",\"@id\":\"https:\/\/fullsolutions.info\/produto\/transmissor-stg-3000\/\",\"url\":\"https:\/\/fullsolutions.info\/produto\/transmissor-stg-3000\/\",\"name\":\"Transmissor STG 3000 - Full Solutions\",\"isPartOf\":{\"@id\":\"https:\/\/fullsolutions.info\/#website\"},\"primaryImageOfPage\":{\"@id\":\"https:\/\/fullsolutions.info\/produto\/transmissor-stg-3000\/#primaryimage\"},\"image\":{\"@id\":\"https:\/\/fullsolutions.info\/produto\/transmissor-stg-3000\/#primaryimage\"},\"thumbnailUrl\":\"https:\/\/mlhff0prgoxu.i.optimole.com\/cb:s0sM.767\/w:auto\/h:auto\/q:mauto\/f:best\/https:\/\/fullsolutions.info\/wp-content\/uploads\/2024\/01\/Honeywell-STG_STA-Transmitter-1.jpeg\",\"datePublished\":\"2024-01-31T18:11:00+00:00\",\"dateModified\":\"2024-02-19T16:14:36+00:00\",\"breadcrumb\":{\"@id\":\"https:\/\/fullsolutions.info\/produto\/transmissor-stg-3000\/#breadcrumb\"},\"inLanguage\":\"en-US\",\"potentialAction\":[{\"@type\":\"ReadAction\",\"target\":[\"https:\/\/fullsolutions.info\/produto\/transmissor-stg-3000\/\"]}]},{\"@type\":\"ImageObject\",\"inLanguage\":\"en-US\",\"@id\":\"https:\/\/fullsolutions.info\/produto\/transmissor-stg-3000\/#primaryimage\",\"url\":\"https:\/\/mlhff0prgoxu.i.optimole.com\/cb:s0sM.767\/w:auto\/h:auto\/q:mauto\/f:best\/https:\/\/fullsolutions.info\/wp-content\/uploads\/2024\/01\/Honeywell-STG_STA-Transmitter-1.jpeg\",\"contentUrl\":\"https:\/\/mlhff0prgoxu.i.optimole.com\/cb:s0sM.767\/w:auto\/h:auto\/q:mauto\/f:best\/https:\/\/fullsolutions.info\/wp-content\/uploads\/2024\/01\/Honeywell-STG_STA-Transmitter-1.jpeg\",\"width\":600,\"height\":600},{\"@type\":\"BreadcrumbList\",\"@id\":\"https:\/\/fullsolutions.info\/produto\/transmissor-stg-3000\/#breadcrumb\",\"itemListElement\":[{\"@type\":\"ListItem\",\"position\":1,\"name\":\"In\u00edcio\",\"item\":\"https:\/\/fullsolutions.info\/\"},{\"@type\":\"ListItem\",\"position\":2,\"name\":\"Produtos\",\"item\":\"https:\/\/fullsolutions.info\/shop\/\"},{\"@type\":\"ListItem\",\"position\":3,\"name\":\"Transmissor STG 3000\"}]},{\"@type\":\"WebSite\",\"@id\":\"https:\/\/fullsolutions.info\/#website\",\"url\":\"https:\/\/fullsolutions.info\/\",\"name\":\"Full Solutions\",\"description\":\"Empresa na \u00c1rea de Procurement\",\"publisher\":{\"@id\":\"https:\/\/fullsolutions.info\/#organization\"},\"potentialAction\":[{\"@type\":\"SearchAction\",\"target\":{\"@type\":\"EntryPoint\",\"urlTemplate\":\"https:\/\/fullsolutions.info\/?s={search_term_string}\"},\"query-input\":{\"@type\":\"PropertyValueSpecification\",\"valueRequired\":true,\"valueName\":\"search_term_string\"}}],\"inLanguage\":\"en-US\"},{\"@type\":\"Organization\",\"@id\":\"https:\/\/fullsolutions.info\/#organization\",\"name\":\"Full Solutions\",\"url\":\"https:\/\/fullsolutions.info\/\",\"logo\":{\"@type\":\"ImageObject\",\"inLanguage\":\"en-US\",\"@id\":\"https:\/\/fullsolutions.info\/#\/schema\/logo\/image\/\",\"url\":\"https:\/\/mlhff0prgoxu.i.optimole.com\/cb:s0sM.767\/w:auto\/h:auto\/q:mauto\/f:best\/https:\/\/fullsolutions.info\/wp-content\/uploads\/2021\/07\/cropped-Design-sem-nome-300x193-1-e1627062664782.png\",\"contentUrl\":\"https:\/\/mlhff0prgoxu.i.optimole.com\/cb:s0sM.767\/w:auto\/h:auto\/q:mauto\/f:best\/https:\/\/fullsolutions.info\/wp-content\/uploads\/2021\/07\/cropped-Design-sem-nome-300x193-1-e1627062664782.png\",\"width\":202,\"height\":155,\"caption\":\"Full Solutions\"},\"image\":{\"@id\":\"https:\/\/fullsolutions.info\/#\/schema\/logo\/image\/\"},\"sameAs\":[\"https:\/\/www.linkedin.com\/company\/full-solutions-equipment\"]}]}<\/script>\n<!-- \/ Yoast SEO plugin. -->","yoast_head_json":{"title":"Transmissor STG 3000 - Full Solutions","robots":{"index":"index","follow":"follow","max-snippet":"max-snippet:-1","max-image-preview":"max-image-preview:large","max-video-preview":"max-video-preview:-1"},"canonical":"https:\/\/fullsolutions.info\/en\/product\/transmissor-stg-3000\/","og_locale":"en_US","og_type":"article","og_title":"Transmissor STG 3000 - Full Solutions","og_description":"Os transmissores de press\u00e3o inteligentes da s\u00e9rie ST3000 medem press\u00e3o diferencial, manom\u00e9trica ou absoluta e transmitem um sinal el\u00e9trico proporcional. Especifica\u00e7\u00f5es: Sa\u00edda 4-20 mA modo de comunica\u00e7\u00e3o digital Faixa 0-5 a 0-6000 psig Precis\u00e3o 4-20 mA: +\/-0,075% do intervalo calibrado ou valor da faixa superior, o que for maior Digital: +\/-0,0625% de amplitude ou +\/-0,125% de leitura, o que for menor Poder Resist\u00eancia de carga de 16,28-42,4 Vcc: 250-1440 ohms Materiais Diafragmas de barreira de processo: 316L SST, Hastelloy C, Monel Cabe\u00e7a de processo de t\u00e2ntalo: a\u00e7o carbono, a\u00e7o inoxid\u00e1vel 316, Hastelloy C, Monel Fluido \u00d3leo de silicone CTFE","og_url":"https:\/\/fullsolutions.info\/en\/product\/transmissor-stg-3000\/","og_site_name":"Full Solutions","article_modified_time":"2024-02-19T16:14:36+00:00","og_image":[{"width":600,"height":600,"url":"https:\/\/mlhff0prgoxu.i.optimole.com\/cb:s0sM.767\/w:auto\/h:auto\/q:mauto\/f:best\/https:\/\/fullsolutions.info\/wp-content\/uploads\/2024\/01\/Honeywell-STG_STA-Transmitter-1.jpeg","type":"image\/jpeg"}],"twitter_card":"summary_large_image","twitter_misc":{"Est. reading time":"1 minute"},"schema":{"@context":"https:\/\/schema.org","@graph":[{"@type":"WebPage","@id":"https:\/\/fullsolutions.info\/produto\/transmissor-stg-3000\/","url":"https:\/\/fullsolutions.info\/produto\/transmissor-stg-3000\/","name":"Transmissor STG 3000 - Full Solutions","isPartOf":{"@id":"https:\/\/fullsolutions.info\/#website"},"primaryImageOfPage":{"@id":"https:\/\/fullsolutions.info\/produto\/transmissor-stg-3000\/#primaryimage"},"image":{"@id":"https:\/\/fullsolutions.info\/produto\/transmissor-stg-3000\/#primaryimage"},"thumbnailUrl":"https:\/\/mlhff0prgoxu.i.optimole.com\/cb:s0sM.767\/w:auto\/h:auto\/q:mauto\/f:best\/https:\/\/fullsolutions.info\/wp-content\/uploads\/2024\/01\/Honeywell-STG_STA-Transmitter-1.jpeg","datePublished":"2024-01-31T18:11:00+00:00","dateModified":"2024-02-19T16:14:36+00:00","breadcrumb":{"@id":"https:\/\/fullsolutions.info\/produto\/transmissor-stg-3000\/#breadcrumb"},"inLanguage":"en-US","potentialAction":[{"@type":"ReadAction","target":["https:\/\/fullsolutions.info\/produto\/transmissor-stg-3000\/"]}]},{"@type":"ImageObject","inLanguage":"en-US","@id":"https:\/\/fullsolutions.info\/produto\/transmissor-stg-3000\/#primaryimage","url":"https:\/\/mlhff0prgoxu.i.optimole.com\/cb:s0sM.767\/w:auto\/h:auto\/q:mauto\/f:best\/https:\/\/fullsolutions.info\/wp-content\/uploads\/2024\/01\/Honeywell-STG_STA-Transmitter-1.jpeg","contentUrl":"https:\/\/mlhff0prgoxu.i.optimole.com\/cb:s0sM.767\/w:auto\/h:auto\/q:mauto\/f:best\/https:\/\/fullsolutions.info\/wp-content\/uploads\/2024\/01\/Honeywell-STG_STA-Transmitter-1.jpeg","width":600,"height":600},{"@type":"BreadcrumbList","@id":"https:\/\/fullsolutions.info\/produto\/transmissor-stg-3000\/#breadcrumb","itemListElement":[{"@type":"ListItem","position":1,"name":"In\u00edcio","item":"https:\/\/fullsolutions.info\/"},{"@type":"ListItem","position":2,"name":"Produtos","item":"https:\/\/fullsolutions.info\/shop\/"},{"@type":"ListItem","position":3,"name":"Transmissor STG 3000"}]},{"@type":"WebSite","@id":"https:\/\/fullsolutions.info\/#website","url":"https:\/\/fullsolutions.info\/","name":"Full Solutions","description":"Empresa na \u00c1rea de Procurement","publisher":{"@id":"https:\/\/fullsolutions.info\/#organization"},"potentialAction":[{"@type":"SearchAction","target":{"@type":"EntryPoint","urlTemplate":"https:\/\/fullsolutions.info\/?s={search_term_string}"},"query-input":{"@type":"PropertyValueSpecification","valueRequired":true,"valueName":"search_term_string"}}],"inLanguage":"en-US"},{"@type":"Organization","@id":"https:\/\/fullsolutions.info\/#organization","name":"Full Solutions","url":"https:\/\/fullsolutions.info\/","logo":{"@type":"ImageObject","inLanguage":"en-US","@id":"https:\/\/fullsolutions.info\/#\/schema\/logo\/image\/","url":"https:\/\/mlhff0prgoxu.i.optimole.com\/cb:s0sM.767\/w:auto\/h:auto\/q:mauto\/f:best\/https:\/\/fullsolutions.info\/wp-content\/uploads\/2021\/07\/cropped-Design-sem-nome-300x193-1-e1627062664782.png","contentUrl":"https:\/\/mlhff0prgoxu.i.optimole.com\/cb:s0sM.767\/w:auto\/h:auto\/q:mauto\/f:best\/https:\/\/fullsolutions.info\/wp-content\/uploads\/2021\/07\/cropped-Design-sem-nome-300x193-1-e1627062664782.png","width":202,"height":155,"caption":"Full Solutions"},"image":{"@id":"https:\/\/fullsolutions.info\/#\/schema\/logo\/image\/"},"sameAs":["https:\/\/www.linkedin.com\/company\/full-solutions-equipment"]}]}},"_links":{"self":[{"href":"https:\/\/fullsolutions.info\/en\/wp-json\/wp\/v2\/product\/4044","targetHints":{"allow":["GET"]}}],"collection":[{"href":"https:\/\/fullsolutions.info\/en\/wp-json\/wp\/v2\/product"}],"about":[{"href":"https:\/\/fullsolutions.info\/en\/wp-json\/wp\/v2\/types\/product"}],"replies":[{"embeddable":true,"href":"https:\/\/fullsolutions.info\/en\/wp-json\/wp\/v2\/comments?post=4044"}],"wp:featuredmedia":[{"embeddable":true,"href":"https:\/\/fullsolutions.info\/en\/wp-json\/wp\/v2\/media\/4045"}],"wp:attachment":[{"href":"https:\/\/fullsolutions.info\/en\/wp-json\/wp\/v2\/media?parent=4044"}],"wp:term":[{"taxonomy":"product_brand","embeddable":true,"href":"https:\/\/fullsolutions.info\/en\/wp-json\/wp\/v2\/product_brand?post=4044"},{"taxonomy":"product_cat","embeddable":true,"href":"https:\/\/fullsolutions.info\/en\/wp-json\/wp\/v2\/product_cat?post=4044"},{"taxonomy":"product_tag","embeddable":true,"href":"https:\/\/fullsolutions.info\/en\/wp-json\/wp\/v2\/product_tag?post=4044"},{"taxonomy":"marca","embeddable":true,"href":"https:\/\/fullsolutions.info\/en\/wp-json\/wp\/v2\/marca?post=4044"}],"curies":[{"name":"wp","href":"https:\/\/api.w.org\/{rel}","templated":true}]}}