{"id":4013,"date":"2024-01-31T16:24:50","date_gmt":"2024-01-31T16:24:50","guid":{"rendered":"https:\/\/fullsolutionsequip.com\/?post_type=product&#038;p=4013"},"modified":"2024-02-19T16:14:38","modified_gmt":"2024-02-19T16:14:38","slug":"transmissor-1151gp","status":"publish","type":"product","link":"https:\/\/fullsolutions.info\/en\/product\/transmissor-1151gp\/","title":{"rendered":"Transmissor 1151GP"},"content":{"rendered":"<p>Os transmissores de press\u00e3o 1151 Alphaline\u00ae s\u00e3o oferecidos em uma variedade de configura\u00e7\u00f5es para aplica\u00e7\u00f5es de medi\u00e7\u00e3o diferencial, manom\u00e9trica, absoluta, de n\u00edvel de l\u00edquido, de vaz\u00e3o e de gravidade espec\u00edfica.<\/p>\n<p>Especifica\u00e7\u00f5es:<br \/>\nSa\u00edda<\/p>\n<p>4-20 mA CC; 10-50 mA CC<br \/>\nInteligente 4-20 mA CC, 4-20 mA CC raiz quadrada de entrada com amortecimento ajust\u00e1vel (Fluxo)<br \/>\nFaixa<\/p>\n<p>0-5\u2033 H2O a 0-1000 psid<br \/>\nPrecis\u00e3o<\/p>\n<p>SMART: +\/-0,1% da amplitude calibrada<br \/>\nAnal\u00f3gico: +\/-0,2 a +\/-0,25% do intervalo calibrado<br \/>\nMateriais<\/p>\n<p>Diafragmas de isolamento: SST 316L, Hastelloy C, Monel, flanges de processo de t\u00e2ntalo<br \/>\nAdaptadores: CS banhado a c\u00e1dmio e n\u00edquel, a\u00e7o inoxid\u00e1vel 316, Hastelloy C, t\u00e2ntalo<\/p>","protected":false},"excerpt":{"rendered":"<p>Os transmissores de press\u00e3o 1151 Alphaline\u00ae s\u00e3o oferecidos em uma variedade de configura\u00e7\u00f5es para aplica\u00e7\u00f5es de medi\u00e7\u00e3o diferencial, manom\u00e9trica, absoluta, de n\u00edvel de l\u00edquido, de vaz\u00e3o e de gravidade espec\u00edfica. Especifica\u00e7\u00f5es: Sa\u00edda 4-20 mA CC; 10-50 mA CC Inteligente 4-20 mA CC, 4-20 mA CC raiz quadrada de entrada com amortecimento ajust\u00e1vel (Fluxo) Faixa 0-5\u2033 H2O a 0-1000 psid Precis\u00e3o SMART: +\/-0,1% da amplitude calibrada Anal\u00f3gico: +\/-0,2 a +\/-0,25% do intervalo calibrado Materiais Diafragmas de isolamento: SST 316L, Hastelloy C, Monel, flanges de processo de t\u00e2ntalo Adaptadores: CS banhado a c\u00e1dmio e n\u00edquel, a\u00e7o inoxid\u00e1vel 316, Hastelloy C, t\u00e2ntalo<\/p>","protected":false},"featured_media":4014,"comment_status":"open","ping_status":"closed","template":"","meta":{"_joinchat":[]},"product_brand":[],"product_cat":[140],"product_tag":[],"marca":[141],"class_list":{"0":"post-4013","1":"product","2":"type-product","3":"status-publish","4":"has-post-thumbnail","6":"product_cat-transmissores","7":"marca-rosemount","9":"first","10":"instock","11":"shipping-taxable","12":"purchasable","13":"product-type-simple"},"yoast_head":"<!-- This site is optimized with the Yoast SEO plugin v27.2 - https:\/\/yoast.com\/product\/yoast-seo-wordpress\/ -->\n<title>Transmissor 1151GP - Full Solutions<\/title>\n<meta name=\"robots\" content=\"index, follow, max-snippet:-1, max-image-preview:large, max-video-preview:-1\" \/>\n<link rel=\"canonical\" href=\"https:\/\/fullsolutions.info\/en\/product\/transmissor-1151gp\/\" \/>\n<meta property=\"og:locale\" content=\"en_US\" \/>\n<meta property=\"og:type\" content=\"article\" \/>\n<meta property=\"og:title\" content=\"Transmissor 1151GP - Full Solutions\" \/>\n<meta property=\"og:description\" content=\"Os transmissores de press\u00e3o 1151 Alphaline\u00ae s\u00e3o oferecidos em uma variedade de configura\u00e7\u00f5es para aplica\u00e7\u00f5es de medi\u00e7\u00e3o diferencial, manom\u00e9trica, absoluta, de n\u00edvel de l\u00edquido, de vaz\u00e3o e de gravidade espec\u00edfica. Especifica\u00e7\u00f5es: Sa\u00edda 4-20 mA CC; 10-50 mA CC Inteligente 4-20 mA CC, 4-20 mA CC raiz quadrada de entrada com amortecimento ajust\u00e1vel (Fluxo) Faixa 0-5\u2033 H2O a 0-1000 psid Precis\u00e3o SMART: +\/-0,1% da amplitude calibrada Anal\u00f3gico: +\/-0,2 a +\/-0,25% do intervalo calibrado Materiais Diafragmas de isolamento: SST 316L, Hastelloy C, Monel, flanges de processo de t\u00e2ntalo Adaptadores: CS banhado a c\u00e1dmio e n\u00edquel, a\u00e7o inoxid\u00e1vel 316, Hastelloy C, t\u00e2ntalo\" \/>\n<meta property=\"og:url\" content=\"https:\/\/fullsolutions.info\/en\/product\/transmissor-1151gp\/\" \/>\n<meta property=\"og:site_name\" content=\"Full Solutions\" \/>\n<meta property=\"article:modified_time\" content=\"2024-02-19T16:14:38+00:00\" \/>\n<meta property=\"og:image\" content=\"https:\/\/mlhff0prgoxu.i.optimole.com\/cb:s0sM.767\/w:auto\/h:auto\/q:mauto\/f:best\/https:\/\/fullsolutions.info\/wp-content\/uploads\/2024\/01\/rosemount-1151gp-transmitter.jpeg\" \/>\n\t<meta property=\"og:image:width\" content=\"600\" \/>\n\t<meta property=\"og:image:height\" content=\"600\" \/>\n\t<meta property=\"og:image:type\" content=\"image\/jpeg\" \/>\n<meta name=\"twitter:card\" content=\"summary_large_image\" \/>\n<meta name=\"twitter:label1\" content=\"Est. reading time\" \/>\n\t<meta name=\"twitter:data1\" content=\"1 minute\" \/>\n<script type=\"application\/ld+json\" class=\"yoast-schema-graph\">{\"@context\":\"https:\/\/schema.org\",\"@graph\":[{\"@type\":\"WebPage\",\"@id\":\"https:\/\/fullsolutions.info\/produto\/transmissor-1151gp\/\",\"url\":\"https:\/\/fullsolutions.info\/produto\/transmissor-1151gp\/\",\"name\":\"Transmissor 1151GP - Full Solutions\",\"isPartOf\":{\"@id\":\"https:\/\/fullsolutions.info\/#website\"},\"primaryImageOfPage\":{\"@id\":\"https:\/\/fullsolutions.info\/produto\/transmissor-1151gp\/#primaryimage\"},\"image\":{\"@id\":\"https:\/\/fullsolutions.info\/produto\/transmissor-1151gp\/#primaryimage\"},\"thumbnailUrl\":\"https:\/\/mlhff0prgoxu.i.optimole.com\/cb:s0sM.767\/w:auto\/h:auto\/q:mauto\/f:best\/https:\/\/fullsolutions.info\/wp-content\/uploads\/2024\/01\/rosemount-1151gp-transmitter.jpeg\",\"datePublished\":\"2024-01-31T16:24:50+00:00\",\"dateModified\":\"2024-02-19T16:14:38+00:00\",\"breadcrumb\":{\"@id\":\"https:\/\/fullsolutions.info\/produto\/transmissor-1151gp\/#breadcrumb\"},\"inLanguage\":\"en-US\",\"potentialAction\":[{\"@type\":\"ReadAction\",\"target\":[\"https:\/\/fullsolutions.info\/produto\/transmissor-1151gp\/\"]}]},{\"@type\":\"ImageObject\",\"inLanguage\":\"en-US\",\"@id\":\"https:\/\/fullsolutions.info\/produto\/transmissor-1151gp\/#primaryimage\",\"url\":\"https:\/\/mlhff0prgoxu.i.optimole.com\/cb:s0sM.767\/w:auto\/h:auto\/q:mauto\/f:best\/https:\/\/fullsolutions.info\/wp-content\/uploads\/2024\/01\/rosemount-1151gp-transmitter.jpeg\",\"contentUrl\":\"https:\/\/mlhff0prgoxu.i.optimole.com\/cb:s0sM.767\/w:auto\/h:auto\/q:mauto\/f:best\/https:\/\/fullsolutions.info\/wp-content\/uploads\/2024\/01\/rosemount-1151gp-transmitter.jpeg\",\"width\":600,\"height\":600},{\"@type\":\"BreadcrumbList\",\"@id\":\"https:\/\/fullsolutions.info\/produto\/transmissor-1151gp\/#breadcrumb\",\"itemListElement\":[{\"@type\":\"ListItem\",\"position\":1,\"name\":\"In\u00edcio\",\"item\":\"https:\/\/fullsolutions.info\/\"},{\"@type\":\"ListItem\",\"position\":2,\"name\":\"Produtos\",\"item\":\"https:\/\/fullsolutions.info\/shop\/\"},{\"@type\":\"ListItem\",\"position\":3,\"name\":\"Transmissor 1151GP\"}]},{\"@type\":\"WebSite\",\"@id\":\"https:\/\/fullsolutions.info\/#website\",\"url\":\"https:\/\/fullsolutions.info\/\",\"name\":\"Full Solutions\",\"description\":\"Empresa na \u00c1rea de Procurement\",\"publisher\":{\"@id\":\"https:\/\/fullsolutions.info\/#organization\"},\"potentialAction\":[{\"@type\":\"SearchAction\",\"target\":{\"@type\":\"EntryPoint\",\"urlTemplate\":\"https:\/\/fullsolutions.info\/?s={search_term_string}\"},\"query-input\":{\"@type\":\"PropertyValueSpecification\",\"valueRequired\":true,\"valueName\":\"search_term_string\"}}],\"inLanguage\":\"en-US\"},{\"@type\":\"Organization\",\"@id\":\"https:\/\/fullsolutions.info\/#organization\",\"name\":\"Full Solutions\",\"url\":\"https:\/\/fullsolutions.info\/\",\"logo\":{\"@type\":\"ImageObject\",\"inLanguage\":\"en-US\",\"@id\":\"https:\/\/fullsolutions.info\/#\/schema\/logo\/image\/\",\"url\":\"https:\/\/mlhff0prgoxu.i.optimole.com\/cb:s0sM.767\/w:auto\/h:auto\/q:mauto\/f:best\/https:\/\/fullsolutions.info\/wp-content\/uploads\/2021\/07\/cropped-Design-sem-nome-300x193-1-e1627062664782.png\",\"contentUrl\":\"https:\/\/mlhff0prgoxu.i.optimole.com\/cb:s0sM.767\/w:auto\/h:auto\/q:mauto\/f:best\/https:\/\/fullsolutions.info\/wp-content\/uploads\/2021\/07\/cropped-Design-sem-nome-300x193-1-e1627062664782.png\",\"width\":202,\"height\":155,\"caption\":\"Full Solutions\"},\"image\":{\"@id\":\"https:\/\/fullsolutions.info\/#\/schema\/logo\/image\/\"},\"sameAs\":[\"https:\/\/www.linkedin.com\/company\/full-solutions-equipment\"]}]}<\/script>\n<!-- \/ Yoast SEO plugin. -->","yoast_head_json":{"title":"Transmissor 1151GP - Full Solutions","robots":{"index":"index","follow":"follow","max-snippet":"max-snippet:-1","max-image-preview":"max-image-preview:large","max-video-preview":"max-video-preview:-1"},"canonical":"https:\/\/fullsolutions.info\/en\/product\/transmissor-1151gp\/","og_locale":"en_US","og_type":"article","og_title":"Transmissor 1151GP - Full Solutions","og_description":"Os transmissores de press\u00e3o 1151 Alphaline\u00ae s\u00e3o oferecidos em uma variedade de configura\u00e7\u00f5es para aplica\u00e7\u00f5es de medi\u00e7\u00e3o diferencial, manom\u00e9trica, absoluta, de n\u00edvel de l\u00edquido, de vaz\u00e3o e de gravidade espec\u00edfica. Especifica\u00e7\u00f5es: Sa\u00edda 4-20 mA CC; 10-50 mA CC Inteligente 4-20 mA CC, 4-20 mA CC raiz quadrada de entrada com amortecimento ajust\u00e1vel (Fluxo) Faixa 0-5\u2033 H2O a 0-1000 psid Precis\u00e3o SMART: +\/-0,1% da amplitude calibrada Anal\u00f3gico: +\/-0,2 a +\/-0,25% do intervalo calibrado Materiais Diafragmas de isolamento: SST 316L, Hastelloy C, Monel, flanges de processo de t\u00e2ntalo Adaptadores: CS banhado a c\u00e1dmio e n\u00edquel, a\u00e7o inoxid\u00e1vel 316, Hastelloy C, t\u00e2ntalo","og_url":"https:\/\/fullsolutions.info\/en\/product\/transmissor-1151gp\/","og_site_name":"Full Solutions","article_modified_time":"2024-02-19T16:14:38+00:00","og_image":[{"width":600,"height":600,"url":"https:\/\/mlhff0prgoxu.i.optimole.com\/cb:s0sM.767\/w:auto\/h:auto\/q:mauto\/f:best\/https:\/\/fullsolutions.info\/wp-content\/uploads\/2024\/01\/rosemount-1151gp-transmitter.jpeg","type":"image\/jpeg"}],"twitter_card":"summary_large_image","twitter_misc":{"Est. reading time":"1 minute"},"schema":{"@context":"https:\/\/schema.org","@graph":[{"@type":"WebPage","@id":"https:\/\/fullsolutions.info\/produto\/transmissor-1151gp\/","url":"https:\/\/fullsolutions.info\/produto\/transmissor-1151gp\/","name":"Transmissor 1151GP - Full Solutions","isPartOf":{"@id":"https:\/\/fullsolutions.info\/#website"},"primaryImageOfPage":{"@id":"https:\/\/fullsolutions.info\/produto\/transmissor-1151gp\/#primaryimage"},"image":{"@id":"https:\/\/fullsolutions.info\/produto\/transmissor-1151gp\/#primaryimage"},"thumbnailUrl":"https:\/\/mlhff0prgoxu.i.optimole.com\/cb:s0sM.767\/w:auto\/h:auto\/q:mauto\/f:best\/https:\/\/fullsolutions.info\/wp-content\/uploads\/2024\/01\/rosemount-1151gp-transmitter.jpeg","datePublished":"2024-01-31T16:24:50+00:00","dateModified":"2024-02-19T16:14:38+00:00","breadcrumb":{"@id":"https:\/\/fullsolutions.info\/produto\/transmissor-1151gp\/#breadcrumb"},"inLanguage":"en-US","potentialAction":[{"@type":"ReadAction","target":["https:\/\/fullsolutions.info\/produto\/transmissor-1151gp\/"]}]},{"@type":"ImageObject","inLanguage":"en-US","@id":"https:\/\/fullsolutions.info\/produto\/transmissor-1151gp\/#primaryimage","url":"https:\/\/mlhff0prgoxu.i.optimole.com\/cb:s0sM.767\/w:auto\/h:auto\/q:mauto\/f:best\/https:\/\/fullsolutions.info\/wp-content\/uploads\/2024\/01\/rosemount-1151gp-transmitter.jpeg","contentUrl":"https:\/\/mlhff0prgoxu.i.optimole.com\/cb:s0sM.767\/w:auto\/h:auto\/q:mauto\/f:best\/https:\/\/fullsolutions.info\/wp-content\/uploads\/2024\/01\/rosemount-1151gp-transmitter.jpeg","width":600,"height":600},{"@type":"BreadcrumbList","@id":"https:\/\/fullsolutions.info\/produto\/transmissor-1151gp\/#breadcrumb","itemListElement":[{"@type":"ListItem","position":1,"name":"In\u00edcio","item":"https:\/\/fullsolutions.info\/"},{"@type":"ListItem","position":2,"name":"Produtos","item":"https:\/\/fullsolutions.info\/shop\/"},{"@type":"ListItem","position":3,"name":"Transmissor 1151GP"}]},{"@type":"WebSite","@id":"https:\/\/fullsolutions.info\/#website","url":"https:\/\/fullsolutions.info\/","name":"Full Solutions","description":"Empresa na \u00c1rea de Procurement","publisher":{"@id":"https:\/\/fullsolutions.info\/#organization"},"potentialAction":[{"@type":"SearchAction","target":{"@type":"EntryPoint","urlTemplate":"https:\/\/fullsolutions.info\/?s={search_term_string}"},"query-input":{"@type":"PropertyValueSpecification","valueRequired":true,"valueName":"search_term_string"}}],"inLanguage":"en-US"},{"@type":"Organization","@id":"https:\/\/fullsolutions.info\/#organization","name":"Full Solutions","url":"https:\/\/fullsolutions.info\/","logo":{"@type":"ImageObject","inLanguage":"en-US","@id":"https:\/\/fullsolutions.info\/#\/schema\/logo\/image\/","url":"https:\/\/mlhff0prgoxu.i.optimole.com\/cb:s0sM.767\/w:auto\/h:auto\/q:mauto\/f:best\/https:\/\/fullsolutions.info\/wp-content\/uploads\/2021\/07\/cropped-Design-sem-nome-300x193-1-e1627062664782.png","contentUrl":"https:\/\/mlhff0prgoxu.i.optimole.com\/cb:s0sM.767\/w:auto\/h:auto\/q:mauto\/f:best\/https:\/\/fullsolutions.info\/wp-content\/uploads\/2021\/07\/cropped-Design-sem-nome-300x193-1-e1627062664782.png","width":202,"height":155,"caption":"Full Solutions"},"image":{"@id":"https:\/\/fullsolutions.info\/#\/schema\/logo\/image\/"},"sameAs":["https:\/\/www.linkedin.com\/company\/full-solutions-equipment"]}]}},"_links":{"self":[{"href":"https:\/\/fullsolutions.info\/en\/wp-json\/wp\/v2\/product\/4013","targetHints":{"allow":["GET"]}}],"collection":[{"href":"https:\/\/fullsolutions.info\/en\/wp-json\/wp\/v2\/product"}],"about":[{"href":"https:\/\/fullsolutions.info\/en\/wp-json\/wp\/v2\/types\/product"}],"replies":[{"embeddable":true,"href":"https:\/\/fullsolutions.info\/en\/wp-json\/wp\/v2\/comments?post=4013"}],"wp:featuredmedia":[{"embeddable":true,"href":"https:\/\/fullsolutions.info\/en\/wp-json\/wp\/v2\/media\/4014"}],"wp:attachment":[{"href":"https:\/\/fullsolutions.info\/en\/wp-json\/wp\/v2\/media?parent=4013"}],"wp:term":[{"taxonomy":"product_brand","embeddable":true,"href":"https:\/\/fullsolutions.info\/en\/wp-json\/wp\/v2\/product_brand?post=4013"},{"taxonomy":"product_cat","embeddable":true,"href":"https:\/\/fullsolutions.info\/en\/wp-json\/wp\/v2\/product_cat?post=4013"},{"taxonomy":"product_tag","embeddable":true,"href":"https:\/\/fullsolutions.info\/en\/wp-json\/wp\/v2\/product_tag?post=4013"},{"taxonomy":"marca","embeddable":true,"href":"https:\/\/fullsolutions.info\/en\/wp-json\/wp\/v2\/marca?post=4013"}],"curies":[{"name":"wp","href":"https:\/\/api.w.org\/{rel}","templated":true}]}}