{"id":3928,"date":"2023-11-01T18:34:39","date_gmt":"2023-11-01T18:34:39","guid":{"rendered":"https:\/\/fullsolutionsequip.com\/?post_type=product&#038;p=3928"},"modified":"2024-02-19T16:14:38","modified_gmt":"2024-02-19T16:14:38","slug":"telefone-eaton-fhf-ex-ip2","status":"publish","type":"product","link":"https:\/\/fullsolutions.info\/en\/product\/telefone-eaton-fhf-ex-ip2\/","title":{"rendered":"Telefone Eaton FHF Ex IP2"},"content":{"rendered":"<div class=\"elementor-element elementor-element-b17befe elementor-widget elementor-widget-heading\" data-id=\"b17befe\" data-element_type=\"widget\" data-widget_type=\"heading.default\">\n<div class=\"elementor-widget-container\">\n<p class=\"elementor-heading-title elementor-size-default\"><strong>Descri\u00e7\u00e3o<\/strong><\/p>\n<\/div>\n<\/div>\n<div class=\"elementor-element elementor-element-2dbd9d0 elementor-widget elementor-widget-text-editor\" data-id=\"2dbd9d0\" data-element_type=\"widget\" data-widget_type=\"text-editor.default\">\n<div class=\"elementor-widget-container\">\n<div class=\"elementor-text-editor elementor-clearfix\">\n<p>Para uso interno e externo na zona 1.<\/p>\n<h4>Telefone VoIP \u00e0 prova de explos\u00e3o ExResistTel IP2<\/h4>\n<h4>Telefone IP para uso interno e externo nas zonas 1, 2, 21 e 22<\/h4>\n<p>Com tecnologia aprovada pela FHF, o ExResistTel IP2 \u00e9 adequado para todas as instala\u00e7\u00f5es internas e externas.<\/p>\n<p>O novo ExResistTel IP2 \u00e9 o dispositivo ideal para cada clima e uma s\u00e9rie de locais de opera\u00e7\u00e3o diferentes, incluindo exposi\u00e7\u00e3o \u00e0 \u00e1gua do mar, alta umidade ou grande tens\u00e3o mec\u00e2nica.<\/p>\n<p>A caixa \u00e9 feita de pl\u00e1stico resistente a impactos e choques e at\u00e9 mesmo resistente a \u00e1cidos, \u00e1lcalis ou lubrificantes.<\/p>\n<p>Seu design robusto representa uma embalagem perfeita para os requisitos mais recentes para telefones IP em ambientes perigosos, combinada com confiabilidade comprovada para comunica\u00e7\u00f5es de miss\u00e3o cr\u00edtica e aplica\u00e7\u00f5es de alta seguran\u00e7a.<\/p>\n<p>O ResistTel IP2 foi projetado para fornecer o m\u00e1ximo em conforto ao usu\u00e1rio com base em padr\u00f5es industriais e d\u00e9cadas de experi\u00eancia e know-how l\u00edderes de mercado.\u00a0Possui um display com aquecimento integrado para ambientes de temperatura ultrabaixa.<\/p>\n<p><strong>Recursos<\/strong><\/p>\n<ul>\n<li>Classe de prote\u00e7\u00e3o IP 66 de acordo com IEC60529<\/li>\n<li>Temperatura ambiente\n<ul>\n<li>-40 \u00b0 C a +60 \u00b0 C com cabo blindado<\/li>\n<li>-30 \u00b0 C a +60 \u00b0 C com cord\u00e3o espiral<\/li>\n<\/ul>\n<\/li>\n<li>Tom de toque \u2265 95 dB (A) em 1 m de dist\u00e2ncia<\/li>\n<li>\u00a0Tela LCD iluminada baseada em pixels<\/li>\n<li>Teclado alfanum\u00e9rico V4A<\/li>\n<li>Monitoramento baseado na web (operacional, fone, viva-voz, toque)<\/li>\n<li>Estrutura de menu amig\u00e1vel<\/li>\n<li>Protocolos padr\u00e3o H.323, SIP, TSIP, SIPS e H.450<\/li>\n<li>Fonte de alimenta\u00e7\u00e3o: PoE ou externa<\/li>\n<li>Conex\u00e3o com Ethernet 10\/100-BASE-T<\/li>\n<li>Opera\u00e7\u00e3o m\u00e3os-livres<\/li>\n<li>Rel\u00e9 integrado<\/li>\n<\/ul>\n<\/div>\n<\/div>\n<\/div>","protected":false},"excerpt":{"rendered":"<p>Descri\u00e7\u00e3o Para uso interno e externo na zona 1. Telefone VoIP \u00e0 prova de explos\u00e3o ExResistTel IP2 Telefone IP para uso interno e externo nas zonas 1, 2, 21 e 22 Com tecnologia aprovada pela FHF, o ExResistTel IP2 \u00e9 adequado para todas as instala\u00e7\u00f5es internas e externas. O novo ExResistTel IP2 \u00e9 o dispositivo ideal para cada clima e uma s\u00e9rie de locais de opera\u00e7\u00e3o diferentes, incluindo exposi\u00e7\u00e3o \u00e0 \u00e1gua do mar, alta umidade ou grande tens\u00e3o mec\u00e2nica. A caixa \u00e9 feita de pl\u00e1stico resistente a impactos e choques e at\u00e9 mesmo resistente a \u00e1cidos, \u00e1lcalis ou lubrificantes. Seu design robusto representa uma embalagem perfeita para os requisitos mais recentes para telefones IP em ambientes perigosos, combinada com confiabilidade comprovada para comunica\u00e7\u00f5es de miss\u00e3o cr\u00edtica e aplica\u00e7\u00f5es de alta seguran\u00e7a. O ResistTel IP2 foi projetado para fornecer o m\u00e1ximo em conforto ao usu\u00e1rio com base em padr\u00f5es industriais e d\u00e9cadas de experi\u00eancia e know-how l\u00edderes de mercado.\u00a0Possui um display com aquecimento integrado para ambientes de temperatura ultrabaixa. Recursos Classe de prote\u00e7\u00e3o IP 66 de acordo com IEC60529 Temperatura ambiente -40 \u00b0 C a +60 \u00b0 C com cabo blindado -30 \u00b0 C a +60 \u00b0 C com cord\u00e3o espiral Tom de toque \u2265 95 dB (A) em 1 m de dist\u00e2ncia \u00a0Tela LCD iluminada baseada em pixels Teclado alfanum\u00e9rico V4A Monitoramento baseado na web (operacional, fone, viva-voz, toque) Estrutura de menu amig\u00e1vel Protocolos padr\u00e3o H.323, SIP, TSIP, SIPS e H.450 Fonte de alimenta\u00e7\u00e3o: PoE ou externa Conex\u00e3o com Ethernet 10\/100-BASE-T Opera\u00e7\u00e3o m\u00e3os-livres Rel\u00e9 integrado<\/p>","protected":false},"featured_media":3929,"comment_status":"open","ping_status":"closed","template":"","meta":{"_joinchat":[]},"product_brand":[],"product_cat":[139],"product_tag":[],"marca":[81],"class_list":{"0":"post-3928","1":"product","2":"type-product","3":"status-publish","4":"has-post-thumbnail","6":"product_cat-telefones","7":"marca-fhf","9":"first","10":"instock","11":"shipping-taxable","12":"purchasable","13":"product-type-simple"},"yoast_head":"<!-- This site is optimized with the Yoast SEO plugin v27.2 - https:\/\/yoast.com\/product\/yoast-seo-wordpress\/ -->\n<title>Telefone Eaton FHF Ex IP2 - Full Solutions<\/title>\n<meta name=\"robots\" content=\"index, follow, max-snippet:-1, max-image-preview:large, max-video-preview:-1\" \/>\n<link rel=\"canonical\" href=\"https:\/\/fullsolutions.info\/en\/product\/telefone-eaton-fhf-ex-ip2\/\" \/>\n<meta property=\"og:locale\" content=\"en_US\" \/>\n<meta property=\"og:type\" content=\"article\" \/>\n<meta property=\"og:title\" content=\"Telefone Eaton FHF Ex IP2 - Full Solutions\" \/>\n<meta property=\"og:description\" content=\"Descri\u00e7\u00e3o Para uso interno e externo na zona 1. Telefone VoIP \u00e0 prova de explos\u00e3o ExResistTel IP2 Telefone IP para uso interno e externo nas zonas 1, 2, 21 e 22 Com tecnologia aprovada pela FHF, o ExResistTel IP2 \u00e9 adequado para todas as instala\u00e7\u00f5es internas e externas. O novo ExResistTel IP2 \u00e9 o dispositivo ideal para cada clima e uma s\u00e9rie de locais de opera\u00e7\u00e3o diferentes, incluindo exposi\u00e7\u00e3o \u00e0 \u00e1gua do mar, alta umidade ou grande tens\u00e3o mec\u00e2nica. A caixa \u00e9 feita de pl\u00e1stico resistente a impactos e choques e at\u00e9 mesmo resistente a \u00e1cidos, \u00e1lcalis ou lubrificantes. Seu design robusto representa uma embalagem perfeita para os requisitos mais recentes para telefones IP em ambientes perigosos, combinada com confiabilidade comprovada para comunica\u00e7\u00f5es de miss\u00e3o cr\u00edtica e aplica\u00e7\u00f5es de alta seguran\u00e7a. O ResistTel IP2 foi projetado para fornecer o m\u00e1ximo em conforto ao usu\u00e1rio com base em padr\u00f5es industriais e d\u00e9cadas de experi\u00eancia e know-how l\u00edderes de mercado.\u00a0Possui um display com aquecimento integrado para ambientes de temperatura ultrabaixa. Recursos Classe de prote\u00e7\u00e3o IP 66 de acordo com IEC60529 Temperatura ambiente -40 \u00b0 C a +60 \u00b0 C com cabo blindado -30 \u00b0 C a +60 \u00b0 C com cord\u00e3o espiral Tom de toque \u2265 95 dB (A) em 1 m de dist\u00e2ncia \u00a0Tela LCD iluminada baseada em pixels Teclado alfanum\u00e9rico V4A Monitoramento baseado na web (operacional, fone, viva-voz, toque) Estrutura de menu amig\u00e1vel Protocolos padr\u00e3o H.323, SIP, TSIP, SIPS e H.450 Fonte de alimenta\u00e7\u00e3o: PoE ou externa Conex\u00e3o com Ethernet 10\/100-BASE-T Opera\u00e7\u00e3o m\u00e3os-livres Rel\u00e9 integrado\" \/>\n<meta property=\"og:url\" content=\"https:\/\/fullsolutions.info\/en\/product\/telefone-eaton-fhf-ex-ip2\/\" \/>\n<meta property=\"og:site_name\" content=\"Full Solutions\" \/>\n<meta property=\"article:modified_time\" content=\"2024-02-19T16:14:38+00:00\" \/>\n<meta property=\"og:image\" content=\"https:\/\/mlhff0prgoxu.i.optimole.com\/cb:s0sM.767\/w:auto\/h:auto\/q:mauto\/f:best\/https:\/\/fullsolutions.info\/wp-content\/uploads\/2023\/11\/52-min.png\" \/>\n\t<meta property=\"og:image:width\" content=\"560\" \/>\n\t<meta property=\"og:image:height\" content=\"315\" \/>\n\t<meta property=\"og:image:type\" content=\"image\/png\" \/>\n<meta name=\"twitter:card\" content=\"summary_large_image\" \/>\n<meta name=\"twitter:label1\" content=\"Est. reading time\" \/>\n\t<meta name=\"twitter:data1\" content=\"1 minute\" \/>\n<script type=\"application\/ld+json\" class=\"yoast-schema-graph\">{\"@context\":\"https:\/\/schema.org\",\"@graph\":[{\"@type\":\"WebPage\",\"@id\":\"https:\/\/fullsolutions.info\/produto\/telefone-eaton-fhf-ex-ip2\/\",\"url\":\"https:\/\/fullsolutions.info\/produto\/telefone-eaton-fhf-ex-ip2\/\",\"name\":\"Telefone Eaton FHF Ex IP2 - Full Solutions\",\"isPartOf\":{\"@id\":\"https:\/\/fullsolutions.info\/#website\"},\"primaryImageOfPage\":{\"@id\":\"https:\/\/fullsolutions.info\/produto\/telefone-eaton-fhf-ex-ip2\/#primaryimage\"},\"image\":{\"@id\":\"https:\/\/fullsolutions.info\/produto\/telefone-eaton-fhf-ex-ip2\/#primaryimage\"},\"thumbnailUrl\":\"https:\/\/mlhff0prgoxu.i.optimole.com\/cb:s0sM.767\/w:auto\/h:auto\/q:mauto\/f:best\/https:\/\/fullsolutions.info\/wp-content\/uploads\/2023\/11\/52-min.png\",\"datePublished\":\"2023-11-01T18:34:39+00:00\",\"dateModified\":\"2024-02-19T16:14:38+00:00\",\"breadcrumb\":{\"@id\":\"https:\/\/fullsolutions.info\/produto\/telefone-eaton-fhf-ex-ip2\/#breadcrumb\"},\"inLanguage\":\"en-US\",\"potentialAction\":[{\"@type\":\"ReadAction\",\"target\":[\"https:\/\/fullsolutions.info\/produto\/telefone-eaton-fhf-ex-ip2\/\"]}]},{\"@type\":\"ImageObject\",\"inLanguage\":\"en-US\",\"@id\":\"https:\/\/fullsolutions.info\/produto\/telefone-eaton-fhf-ex-ip2\/#primaryimage\",\"url\":\"https:\/\/mlhff0prgoxu.i.optimole.com\/cb:s0sM.767\/w:auto\/h:auto\/q:mauto\/f:best\/https:\/\/fullsolutions.info\/wp-content\/uploads\/2023\/11\/52-min.png\",\"contentUrl\":\"https:\/\/mlhff0prgoxu.i.optimole.com\/cb:s0sM.767\/w:auto\/h:auto\/q:mauto\/f:best\/https:\/\/fullsolutions.info\/wp-content\/uploads\/2023\/11\/52-min.png\",\"width\":560,\"height\":315},{\"@type\":\"BreadcrumbList\",\"@id\":\"https:\/\/fullsolutions.info\/produto\/telefone-eaton-fhf-ex-ip2\/#breadcrumb\",\"itemListElement\":[{\"@type\":\"ListItem\",\"position\":1,\"name\":\"In\u00edcio\",\"item\":\"https:\/\/fullsolutions.info\/\"},{\"@type\":\"ListItem\",\"position\":2,\"name\":\"Produtos\",\"item\":\"https:\/\/fullsolutions.info\/shop\/\"},{\"@type\":\"ListItem\",\"position\":3,\"name\":\"Telefone Eaton FHF Ex IP2\"}]},{\"@type\":\"WebSite\",\"@id\":\"https:\/\/fullsolutions.info\/#website\",\"url\":\"https:\/\/fullsolutions.info\/\",\"name\":\"Full Solutions\",\"description\":\"Empresa na \u00c1rea de Procurement\",\"publisher\":{\"@id\":\"https:\/\/fullsolutions.info\/#organization\"},\"potentialAction\":[{\"@type\":\"SearchAction\",\"target\":{\"@type\":\"EntryPoint\",\"urlTemplate\":\"https:\/\/fullsolutions.info\/?s={search_term_string}\"},\"query-input\":{\"@type\":\"PropertyValueSpecification\",\"valueRequired\":true,\"valueName\":\"search_term_string\"}}],\"inLanguage\":\"en-US\"},{\"@type\":\"Organization\",\"@id\":\"https:\/\/fullsolutions.info\/#organization\",\"name\":\"Full Solutions\",\"url\":\"https:\/\/fullsolutions.info\/\",\"logo\":{\"@type\":\"ImageObject\",\"inLanguage\":\"en-US\",\"@id\":\"https:\/\/fullsolutions.info\/#\/schema\/logo\/image\/\",\"url\":\"https:\/\/mlhff0prgoxu.i.optimole.com\/cb:s0sM.767\/w:auto\/h:auto\/q:mauto\/f:best\/https:\/\/fullsolutions.info\/wp-content\/uploads\/2021\/07\/cropped-Design-sem-nome-300x193-1-e1627062664782.png\",\"contentUrl\":\"https:\/\/mlhff0prgoxu.i.optimole.com\/cb:s0sM.767\/w:auto\/h:auto\/q:mauto\/f:best\/https:\/\/fullsolutions.info\/wp-content\/uploads\/2021\/07\/cropped-Design-sem-nome-300x193-1-e1627062664782.png\",\"width\":202,\"height\":155,\"caption\":\"Full Solutions\"},\"image\":{\"@id\":\"https:\/\/fullsolutions.info\/#\/schema\/logo\/image\/\"},\"sameAs\":[\"https:\/\/www.linkedin.com\/company\/full-solutions-equipment\"]}]}<\/script>\n<!-- \/ Yoast SEO plugin. -->","yoast_head_json":{"title":"Telefone Eaton FHF Ex IP2 - Full Solutions","robots":{"index":"index","follow":"follow","max-snippet":"max-snippet:-1","max-image-preview":"max-image-preview:large","max-video-preview":"max-video-preview:-1"},"canonical":"https:\/\/fullsolutions.info\/en\/product\/telefone-eaton-fhf-ex-ip2\/","og_locale":"en_US","og_type":"article","og_title":"Telefone Eaton FHF Ex IP2 - Full Solutions","og_description":"Descri\u00e7\u00e3o Para uso interno e externo na zona 1. Telefone VoIP \u00e0 prova de explos\u00e3o ExResistTel IP2 Telefone IP para uso interno e externo nas zonas 1, 2, 21 e 22 Com tecnologia aprovada pela FHF, o ExResistTel IP2 \u00e9 adequado para todas as instala\u00e7\u00f5es internas e externas. O novo ExResistTel IP2 \u00e9 o dispositivo ideal para cada clima e uma s\u00e9rie de locais de opera\u00e7\u00e3o diferentes, incluindo exposi\u00e7\u00e3o \u00e0 \u00e1gua do mar, alta umidade ou grande tens\u00e3o mec\u00e2nica. A caixa \u00e9 feita de pl\u00e1stico resistente a impactos e choques e at\u00e9 mesmo resistente a \u00e1cidos, \u00e1lcalis ou lubrificantes. Seu design robusto representa uma embalagem perfeita para os requisitos mais recentes para telefones IP em ambientes perigosos, combinada com confiabilidade comprovada para comunica\u00e7\u00f5es de miss\u00e3o cr\u00edtica e aplica\u00e7\u00f5es de alta seguran\u00e7a. O ResistTel IP2 foi projetado para fornecer o m\u00e1ximo em conforto ao usu\u00e1rio com base em padr\u00f5es industriais e d\u00e9cadas de experi\u00eancia e know-how l\u00edderes de mercado.\u00a0Possui um display com aquecimento integrado para ambientes de temperatura ultrabaixa. Recursos Classe de prote\u00e7\u00e3o IP 66 de acordo com IEC60529 Temperatura ambiente -40 \u00b0 C a +60 \u00b0 C com cabo blindado -30 \u00b0 C a +60 \u00b0 C com cord\u00e3o espiral Tom de toque \u2265 95 dB (A) em 1 m de dist\u00e2ncia \u00a0Tela LCD iluminada baseada em pixels Teclado alfanum\u00e9rico V4A Monitoramento baseado na web (operacional, fone, viva-voz, toque) Estrutura de menu amig\u00e1vel Protocolos padr\u00e3o H.323, SIP, TSIP, SIPS e H.450 Fonte de alimenta\u00e7\u00e3o: PoE ou externa Conex\u00e3o com Ethernet 10\/100-BASE-T Opera\u00e7\u00e3o m\u00e3os-livres Rel\u00e9 integrado","og_url":"https:\/\/fullsolutions.info\/en\/product\/telefone-eaton-fhf-ex-ip2\/","og_site_name":"Full Solutions","article_modified_time":"2024-02-19T16:14:38+00:00","og_image":[{"width":560,"height":315,"url":"https:\/\/mlhff0prgoxu.i.optimole.com\/cb:s0sM.767\/w:auto\/h:auto\/q:mauto\/f:best\/https:\/\/fullsolutions.info\/wp-content\/uploads\/2023\/11\/52-min.png","type":"image\/png"}],"twitter_card":"summary_large_image","twitter_misc":{"Est. reading time":"1 minute"},"schema":{"@context":"https:\/\/schema.org","@graph":[{"@type":"WebPage","@id":"https:\/\/fullsolutions.info\/produto\/telefone-eaton-fhf-ex-ip2\/","url":"https:\/\/fullsolutions.info\/produto\/telefone-eaton-fhf-ex-ip2\/","name":"Telefone Eaton FHF Ex IP2 - Full Solutions","isPartOf":{"@id":"https:\/\/fullsolutions.info\/#website"},"primaryImageOfPage":{"@id":"https:\/\/fullsolutions.info\/produto\/telefone-eaton-fhf-ex-ip2\/#primaryimage"},"image":{"@id":"https:\/\/fullsolutions.info\/produto\/telefone-eaton-fhf-ex-ip2\/#primaryimage"},"thumbnailUrl":"https:\/\/mlhff0prgoxu.i.optimole.com\/cb:s0sM.767\/w:auto\/h:auto\/q:mauto\/f:best\/https:\/\/fullsolutions.info\/wp-content\/uploads\/2023\/11\/52-min.png","datePublished":"2023-11-01T18:34:39+00:00","dateModified":"2024-02-19T16:14:38+00:00","breadcrumb":{"@id":"https:\/\/fullsolutions.info\/produto\/telefone-eaton-fhf-ex-ip2\/#breadcrumb"},"inLanguage":"en-US","potentialAction":[{"@type":"ReadAction","target":["https:\/\/fullsolutions.info\/produto\/telefone-eaton-fhf-ex-ip2\/"]}]},{"@type":"ImageObject","inLanguage":"en-US","@id":"https:\/\/fullsolutions.info\/produto\/telefone-eaton-fhf-ex-ip2\/#primaryimage","url":"https:\/\/mlhff0prgoxu.i.optimole.com\/cb:s0sM.767\/w:auto\/h:auto\/q:mauto\/f:best\/https:\/\/fullsolutions.info\/wp-content\/uploads\/2023\/11\/52-min.png","contentUrl":"https:\/\/mlhff0prgoxu.i.optimole.com\/cb:s0sM.767\/w:auto\/h:auto\/q:mauto\/f:best\/https:\/\/fullsolutions.info\/wp-content\/uploads\/2023\/11\/52-min.png","width":560,"height":315},{"@type":"BreadcrumbList","@id":"https:\/\/fullsolutions.info\/produto\/telefone-eaton-fhf-ex-ip2\/#breadcrumb","itemListElement":[{"@type":"ListItem","position":1,"name":"In\u00edcio","item":"https:\/\/fullsolutions.info\/"},{"@type":"ListItem","position":2,"name":"Produtos","item":"https:\/\/fullsolutions.info\/shop\/"},{"@type":"ListItem","position":3,"name":"Telefone Eaton FHF Ex IP2"}]},{"@type":"WebSite","@id":"https:\/\/fullsolutions.info\/#website","url":"https:\/\/fullsolutions.info\/","name":"Full Solutions","description":"Empresa na \u00c1rea de Procurement","publisher":{"@id":"https:\/\/fullsolutions.info\/#organization"},"potentialAction":[{"@type":"SearchAction","target":{"@type":"EntryPoint","urlTemplate":"https:\/\/fullsolutions.info\/?s={search_term_string}"},"query-input":{"@type":"PropertyValueSpecification","valueRequired":true,"valueName":"search_term_string"}}],"inLanguage":"en-US"},{"@type":"Organization","@id":"https:\/\/fullsolutions.info\/#organization","name":"Full Solutions","url":"https:\/\/fullsolutions.info\/","logo":{"@type":"ImageObject","inLanguage":"en-US","@id":"https:\/\/fullsolutions.info\/#\/schema\/logo\/image\/","url":"https:\/\/mlhff0prgoxu.i.optimole.com\/cb:s0sM.767\/w:auto\/h:auto\/q:mauto\/f:best\/https:\/\/fullsolutions.info\/wp-content\/uploads\/2021\/07\/cropped-Design-sem-nome-300x193-1-e1627062664782.png","contentUrl":"https:\/\/mlhff0prgoxu.i.optimole.com\/cb:s0sM.767\/w:auto\/h:auto\/q:mauto\/f:best\/https:\/\/fullsolutions.info\/wp-content\/uploads\/2021\/07\/cropped-Design-sem-nome-300x193-1-e1627062664782.png","width":202,"height":155,"caption":"Full Solutions"},"image":{"@id":"https:\/\/fullsolutions.info\/#\/schema\/logo\/image\/"},"sameAs":["https:\/\/www.linkedin.com\/company\/full-solutions-equipment"]}]}},"_links":{"self":[{"href":"https:\/\/fullsolutions.info\/en\/wp-json\/wp\/v2\/product\/3928","targetHints":{"allow":["GET"]}}],"collection":[{"href":"https:\/\/fullsolutions.info\/en\/wp-json\/wp\/v2\/product"}],"about":[{"href":"https:\/\/fullsolutions.info\/en\/wp-json\/wp\/v2\/types\/product"}],"replies":[{"embeddable":true,"href":"https:\/\/fullsolutions.info\/en\/wp-json\/wp\/v2\/comments?post=3928"}],"wp:featuredmedia":[{"embeddable":true,"href":"https:\/\/fullsolutions.info\/en\/wp-json\/wp\/v2\/media\/3929"}],"wp:attachment":[{"href":"https:\/\/fullsolutions.info\/en\/wp-json\/wp\/v2\/media?parent=3928"}],"wp:term":[{"taxonomy":"product_brand","embeddable":true,"href":"https:\/\/fullsolutions.info\/en\/wp-json\/wp\/v2\/product_brand?post=3928"},{"taxonomy":"product_cat","embeddable":true,"href":"https:\/\/fullsolutions.info\/en\/wp-json\/wp\/v2\/product_cat?post=3928"},{"taxonomy":"product_tag","embeddable":true,"href":"https:\/\/fullsolutions.info\/en\/wp-json\/wp\/v2\/product_tag?post=3928"},{"taxonomy":"marca","embeddable":true,"href":"https:\/\/fullsolutions.info\/en\/wp-json\/wp\/v2\/marca?post=3928"}],"curies":[{"name":"wp","href":"https:\/\/api.w.org\/{rel}","templated":true}]}}