{"id":3924,"date":"2023-11-01T18:28:40","date_gmt":"2023-11-01T18:28:40","guid":{"rendered":"https:\/\/fullsolutionsequip.com\/?post_type=product&#038;p=3924"},"modified":"2024-02-19T16:14:38","modified_gmt":"2024-02-19T16:14:38","slug":"telefone-eaton-ip-fhf-ex-ferntel","status":"publish","type":"product","link":"https:\/\/fullsolutions.info\/en\/product\/telefone-eaton-ip-fhf-ex-ferntel\/","title":{"rendered":"Telefone Eaton IP FHF Ex FernTel"},"content":{"rendered":"<div class=\"elementor-element elementor-element-b17befe elementor-widget elementor-widget-heading\" data-id=\"b17befe\" data-element_type=\"widget\" data-widget_type=\"heading.default\">\n<div class=\"elementor-widget-container\">\n<p class=\"elementor-heading-title elementor-size-default\"><strong>Descri\u00e7\u00e3o<\/strong><\/p>\n<\/div>\n<\/div>\n<div class=\"elementor-element elementor-element-2dbd9d0 elementor-widget elementor-widget-text-editor\" data-id=\"2dbd9d0\" data-element_type=\"widget\" data-widget_type=\"text-editor.default\">\n<div class=\"elementor-widget-container\">\n<div class=\"elementor-text-editor elementor-clearfix\">\n<p>Para \u00e1reas com atmosferas explosivas Zona 2 e 22.<\/p>\n<p>Este telefone de policarbonato resistente a impactos e choques foi aprovado para a zona 2\/22<\/p>\n<p>Devido \u00e0 sua cor de sinal marcante, o FernTel IP n\u00e3o pode ser esquecido;\u00a0\u00fatil para quando um telefone \u00e9 urgentemente necess\u00e1rio.<\/p>\n<p>A caixa termopl\u00e1stica \u00e0 prova de impacto do FernTel IP e os parafusos de a\u00e7o inoxid\u00e1vel oferecem outras vantagens ao instalar o telefone em ambientes explosivos ou \u00famidos.<\/p>\n<p>O dispositivo \u00e9 facilmente convertido de um telefone de parede em um telefone de mesa.<\/p>\n<p>O FernTel IP \/ zona 2\/22 permite um trabalho eficiente com alto conforto complementado pelo teclado e display iluminados.<\/p>\n<p>O FernTel IP \/ zona 2\/22 oferece recursos de alta qualidade baseados em padr\u00f5es industriais ao inv\u00e9s de solu\u00e7\u00f5es propriet\u00e1rias.<\/p>\n<p><strong>Recursos<\/strong><\/p>\n<ul>\n<li>Grau de prote\u00e7\u00e3o IP 65 EN 60529<\/li>\n<li>Temperatura ambiente -20\u00baC a + 55\u00baC<\/li>\n<li>Tom de chamada \u2265 95 dB (A), 1 m<\/li>\n<li>Classe de prote\u00e7\u00e3o contra explos\u00e3o II 3G Ex nA nL IIC T5 II 3D Ex tD A22 IP66 T80\u00baC<\/li>\n<li>Tela LCD iluminada baseada em pixels<\/li>\n<li>Teclado iluminado<\/li>\n<li>Estrutura de menu inteligente e amig\u00e1vel<\/li>\n<li>Protocolos padr\u00e3o H.323, SIP, TSIP, SIPS<\/li>\n<li>Fonte de alimenta\u00e7\u00e3o Power over Ethernet<\/li>\n<li>1x Ethernet: RJ-45, 10\/100-BASE-TX<\/li>\n<\/ul>\n<\/div>\n<\/div>\n<\/div>","protected":false},"excerpt":{"rendered":"<p>Descri\u00e7\u00e3o Para \u00e1reas com atmosferas explosivas Zona 2 e 22. Este telefone de policarbonato resistente a impactos e choques foi aprovado para a zona 2\/22 Devido \u00e0 sua cor de sinal marcante, o FernTel IP n\u00e3o pode ser esquecido;\u00a0\u00fatil para quando um telefone \u00e9 urgentemente necess\u00e1rio. A caixa termopl\u00e1stica \u00e0 prova de impacto do FernTel IP e os parafusos de a\u00e7o inoxid\u00e1vel oferecem outras vantagens ao instalar o telefone em ambientes explosivos ou \u00famidos. O dispositivo \u00e9 facilmente convertido de um telefone de parede em um telefone de mesa. O FernTel IP \/ zona 2\/22 permite um trabalho eficiente com alto conforto complementado pelo teclado e display iluminados. O FernTel IP \/ zona 2\/22 oferece recursos de alta qualidade baseados em padr\u00f5es industriais ao inv\u00e9s de solu\u00e7\u00f5es propriet\u00e1rias. Recursos Grau de prote\u00e7\u00e3o IP 65 EN 60529 Temperatura ambiente -20\u00baC a + 55\u00baC Tom de chamada \u2265 95 dB (A), 1 m Classe de prote\u00e7\u00e3o contra explos\u00e3o II 3G Ex nA nL IIC T5 II 3D Ex tD A22 IP66 T80\u00baC Tela LCD iluminada baseada em pixels Teclado iluminado Estrutura de menu inteligente e amig\u00e1vel Protocolos padr\u00e3o H.323, SIP, TSIP, SIPS Fonte de alimenta\u00e7\u00e3o Power over Ethernet 1x Ethernet: RJ-45, 10\/100-BASE-TX<\/p>","protected":false},"featured_media":3925,"comment_status":"open","ping_status":"closed","template":"","meta":{"_joinchat":[]},"product_brand":[],"product_cat":[139],"product_tag":[],"marca":[81],"class_list":{"0":"post-3924","1":"product","2":"type-product","3":"status-publish","4":"has-post-thumbnail","6":"product_cat-telefones","7":"marca-fhf","9":"first","10":"instock","11":"shipping-taxable","12":"purchasable","13":"product-type-simple"},"yoast_head":"<!-- This site is optimized with the Yoast SEO plugin v27.2 - https:\/\/yoast.com\/product\/yoast-seo-wordpress\/ -->\n<title>Telefone Eaton IP FHF Ex FernTel - Full Solutions<\/title>\n<meta name=\"robots\" content=\"index, follow, max-snippet:-1, max-image-preview:large, max-video-preview:-1\" \/>\n<link rel=\"canonical\" href=\"https:\/\/fullsolutions.info\/en\/product\/telefone-eaton-ip-fhf-ex-ferntel\/\" \/>\n<meta property=\"og:locale\" content=\"en_US\" \/>\n<meta property=\"og:type\" content=\"article\" \/>\n<meta property=\"og:title\" content=\"Telefone Eaton IP FHF Ex FernTel - Full Solutions\" \/>\n<meta property=\"og:description\" content=\"Descri\u00e7\u00e3o Para \u00e1reas com atmosferas explosivas Zona 2 e 22. Este telefone de policarbonato resistente a impactos e choques foi aprovado para a zona 2\/22 Devido \u00e0 sua cor de sinal marcante, o FernTel IP n\u00e3o pode ser esquecido;\u00a0\u00fatil para quando um telefone \u00e9 urgentemente necess\u00e1rio. A caixa termopl\u00e1stica \u00e0 prova de impacto do FernTel IP e os parafusos de a\u00e7o inoxid\u00e1vel oferecem outras vantagens ao instalar o telefone em ambientes explosivos ou \u00famidos. O dispositivo \u00e9 facilmente convertido de um telefone de parede em um telefone de mesa. O FernTel IP \/ zona 2\/22 permite um trabalho eficiente com alto conforto complementado pelo teclado e display iluminados. O FernTel IP \/ zona 2\/22 oferece recursos de alta qualidade baseados em padr\u00f5es industriais ao inv\u00e9s de solu\u00e7\u00f5es propriet\u00e1rias. Recursos Grau de prote\u00e7\u00e3o IP 65 EN 60529 Temperatura ambiente -20\u00baC a + 55\u00baC Tom de chamada \u2265 95 dB (A), 1 m Classe de prote\u00e7\u00e3o contra explos\u00e3o II 3G Ex nA nL IIC T5 II 3D Ex tD A22 IP66 T80\u00baC Tela LCD iluminada baseada em pixels Teclado iluminado Estrutura de menu inteligente e amig\u00e1vel Protocolos padr\u00e3o H.323, SIP, TSIP, SIPS Fonte de alimenta\u00e7\u00e3o Power over Ethernet 1x Ethernet: RJ-45, 10\/100-BASE-TX\" \/>\n<meta property=\"og:url\" content=\"https:\/\/fullsolutions.info\/en\/product\/telefone-eaton-ip-fhf-ex-ferntel\/\" \/>\n<meta property=\"og:site_name\" content=\"Full Solutions\" \/>\n<meta property=\"article:modified_time\" content=\"2024-02-19T16:14:38+00:00\" \/>\n<meta property=\"og:image\" content=\"https:\/\/mlhff0prgoxu.i.optimole.com\/cb:s0sM.767\/w:auto\/h:auto\/q:mauto\/f:best\/https:\/\/fullsolutions.info\/wp-content\/uploads\/2023\/11\/50-min.png\" \/>\n\t<meta property=\"og:image:width\" content=\"560\" \/>\n\t<meta property=\"og:image:height\" content=\"315\" \/>\n\t<meta property=\"og:image:type\" content=\"image\/png\" \/>\n<meta name=\"twitter:card\" content=\"summary_large_image\" \/>\n<meta name=\"twitter:label1\" content=\"Est. reading time\" \/>\n\t<meta name=\"twitter:data1\" content=\"1 minute\" \/>\n<script type=\"application\/ld+json\" class=\"yoast-schema-graph\">{\"@context\":\"https:\/\/schema.org\",\"@graph\":[{\"@type\":\"WebPage\",\"@id\":\"https:\/\/fullsolutions.info\/produto\/telefone-eaton-ip-fhf-ex-ferntel\/\",\"url\":\"https:\/\/fullsolutions.info\/produto\/telefone-eaton-ip-fhf-ex-ferntel\/\",\"name\":\"Telefone Eaton IP FHF Ex FernTel - Full Solutions\",\"isPartOf\":{\"@id\":\"https:\/\/fullsolutions.info\/#website\"},\"primaryImageOfPage\":{\"@id\":\"https:\/\/fullsolutions.info\/produto\/telefone-eaton-ip-fhf-ex-ferntel\/#primaryimage\"},\"image\":{\"@id\":\"https:\/\/fullsolutions.info\/produto\/telefone-eaton-ip-fhf-ex-ferntel\/#primaryimage\"},\"thumbnailUrl\":\"https:\/\/mlhff0prgoxu.i.optimole.com\/cb:s0sM.767\/w:auto\/h:auto\/q:mauto\/f:best\/https:\/\/fullsolutions.info\/wp-content\/uploads\/2023\/11\/50-min.png\",\"datePublished\":\"2023-11-01T18:28:40+00:00\",\"dateModified\":\"2024-02-19T16:14:38+00:00\",\"breadcrumb\":{\"@id\":\"https:\/\/fullsolutions.info\/produto\/telefone-eaton-ip-fhf-ex-ferntel\/#breadcrumb\"},\"inLanguage\":\"en-US\",\"potentialAction\":[{\"@type\":\"ReadAction\",\"target\":[\"https:\/\/fullsolutions.info\/produto\/telefone-eaton-ip-fhf-ex-ferntel\/\"]}]},{\"@type\":\"ImageObject\",\"inLanguage\":\"en-US\",\"@id\":\"https:\/\/fullsolutions.info\/produto\/telefone-eaton-ip-fhf-ex-ferntel\/#primaryimage\",\"url\":\"https:\/\/mlhff0prgoxu.i.optimole.com\/cb:s0sM.767\/w:auto\/h:auto\/q:mauto\/f:best\/https:\/\/fullsolutions.info\/wp-content\/uploads\/2023\/11\/50-min.png\",\"contentUrl\":\"https:\/\/mlhff0prgoxu.i.optimole.com\/cb:s0sM.767\/w:auto\/h:auto\/q:mauto\/f:best\/https:\/\/fullsolutions.info\/wp-content\/uploads\/2023\/11\/50-min.png\",\"width\":560,\"height\":315},{\"@type\":\"BreadcrumbList\",\"@id\":\"https:\/\/fullsolutions.info\/produto\/telefone-eaton-ip-fhf-ex-ferntel\/#breadcrumb\",\"itemListElement\":[{\"@type\":\"ListItem\",\"position\":1,\"name\":\"In\u00edcio\",\"item\":\"https:\/\/fullsolutions.info\/\"},{\"@type\":\"ListItem\",\"position\":2,\"name\":\"Produtos\",\"item\":\"https:\/\/fullsolutions.info\/shop\/\"},{\"@type\":\"ListItem\",\"position\":3,\"name\":\"Telefone Eaton IP FHF Ex FernTel\"}]},{\"@type\":\"WebSite\",\"@id\":\"https:\/\/fullsolutions.info\/#website\",\"url\":\"https:\/\/fullsolutions.info\/\",\"name\":\"Full Solutions\",\"description\":\"Empresa na \u00c1rea de Procurement\",\"publisher\":{\"@id\":\"https:\/\/fullsolutions.info\/#organization\"},\"potentialAction\":[{\"@type\":\"SearchAction\",\"target\":{\"@type\":\"EntryPoint\",\"urlTemplate\":\"https:\/\/fullsolutions.info\/?s={search_term_string}\"},\"query-input\":{\"@type\":\"PropertyValueSpecification\",\"valueRequired\":true,\"valueName\":\"search_term_string\"}}],\"inLanguage\":\"en-US\"},{\"@type\":\"Organization\",\"@id\":\"https:\/\/fullsolutions.info\/#organization\",\"name\":\"Full Solutions\",\"url\":\"https:\/\/fullsolutions.info\/\",\"logo\":{\"@type\":\"ImageObject\",\"inLanguage\":\"en-US\",\"@id\":\"https:\/\/fullsolutions.info\/#\/schema\/logo\/image\/\",\"url\":\"https:\/\/mlhff0prgoxu.i.optimole.com\/cb:s0sM.767\/w:auto\/h:auto\/q:mauto\/f:best\/https:\/\/fullsolutions.info\/wp-content\/uploads\/2021\/07\/cropped-Design-sem-nome-300x193-1-e1627062664782.png\",\"contentUrl\":\"https:\/\/mlhff0prgoxu.i.optimole.com\/cb:s0sM.767\/w:auto\/h:auto\/q:mauto\/f:best\/https:\/\/fullsolutions.info\/wp-content\/uploads\/2021\/07\/cropped-Design-sem-nome-300x193-1-e1627062664782.png\",\"width\":202,\"height\":155,\"caption\":\"Full Solutions\"},\"image\":{\"@id\":\"https:\/\/fullsolutions.info\/#\/schema\/logo\/image\/\"},\"sameAs\":[\"https:\/\/www.linkedin.com\/company\/full-solutions-equipment\"]}]}<\/script>\n<!-- \/ Yoast SEO plugin. -->","yoast_head_json":{"title":"Telefone Eaton IP FHF Ex FernTel - Full Solutions","robots":{"index":"index","follow":"follow","max-snippet":"max-snippet:-1","max-image-preview":"max-image-preview:large","max-video-preview":"max-video-preview:-1"},"canonical":"https:\/\/fullsolutions.info\/en\/product\/telefone-eaton-ip-fhf-ex-ferntel\/","og_locale":"en_US","og_type":"article","og_title":"Telefone Eaton IP FHF Ex FernTel - Full Solutions","og_description":"Descri\u00e7\u00e3o Para \u00e1reas com atmosferas explosivas Zona 2 e 22. Este telefone de policarbonato resistente a impactos e choques foi aprovado para a zona 2\/22 Devido \u00e0 sua cor de sinal marcante, o FernTel IP n\u00e3o pode ser esquecido;\u00a0\u00fatil para quando um telefone \u00e9 urgentemente necess\u00e1rio. A caixa termopl\u00e1stica \u00e0 prova de impacto do FernTel IP e os parafusos de a\u00e7o inoxid\u00e1vel oferecem outras vantagens ao instalar o telefone em ambientes explosivos ou \u00famidos. O dispositivo \u00e9 facilmente convertido de um telefone de parede em um telefone de mesa. O FernTel IP \/ zona 2\/22 permite um trabalho eficiente com alto conforto complementado pelo teclado e display iluminados. O FernTel IP \/ zona 2\/22 oferece recursos de alta qualidade baseados em padr\u00f5es industriais ao inv\u00e9s de solu\u00e7\u00f5es propriet\u00e1rias. Recursos Grau de prote\u00e7\u00e3o IP 65 EN 60529 Temperatura ambiente -20\u00baC a + 55\u00baC Tom de chamada \u2265 95 dB (A), 1 m Classe de prote\u00e7\u00e3o contra explos\u00e3o II 3G Ex nA nL IIC T5 II 3D Ex tD A22 IP66 T80\u00baC Tela LCD iluminada baseada em pixels Teclado iluminado Estrutura de menu inteligente e amig\u00e1vel Protocolos padr\u00e3o H.323, SIP, TSIP, SIPS Fonte de alimenta\u00e7\u00e3o Power over Ethernet 1x Ethernet: RJ-45, 10\/100-BASE-TX","og_url":"https:\/\/fullsolutions.info\/en\/product\/telefone-eaton-ip-fhf-ex-ferntel\/","og_site_name":"Full Solutions","article_modified_time":"2024-02-19T16:14:38+00:00","og_image":[{"width":560,"height":315,"url":"https:\/\/mlhff0prgoxu.i.optimole.com\/cb:s0sM.767\/w:auto\/h:auto\/q:mauto\/f:best\/https:\/\/fullsolutions.info\/wp-content\/uploads\/2023\/11\/50-min.png","type":"image\/png"}],"twitter_card":"summary_large_image","twitter_misc":{"Est. reading time":"1 minute"},"schema":{"@context":"https:\/\/schema.org","@graph":[{"@type":"WebPage","@id":"https:\/\/fullsolutions.info\/produto\/telefone-eaton-ip-fhf-ex-ferntel\/","url":"https:\/\/fullsolutions.info\/produto\/telefone-eaton-ip-fhf-ex-ferntel\/","name":"Telefone Eaton IP FHF Ex FernTel - Full Solutions","isPartOf":{"@id":"https:\/\/fullsolutions.info\/#website"},"primaryImageOfPage":{"@id":"https:\/\/fullsolutions.info\/produto\/telefone-eaton-ip-fhf-ex-ferntel\/#primaryimage"},"image":{"@id":"https:\/\/fullsolutions.info\/produto\/telefone-eaton-ip-fhf-ex-ferntel\/#primaryimage"},"thumbnailUrl":"https:\/\/mlhff0prgoxu.i.optimole.com\/cb:s0sM.767\/w:auto\/h:auto\/q:mauto\/f:best\/https:\/\/fullsolutions.info\/wp-content\/uploads\/2023\/11\/50-min.png","datePublished":"2023-11-01T18:28:40+00:00","dateModified":"2024-02-19T16:14:38+00:00","breadcrumb":{"@id":"https:\/\/fullsolutions.info\/produto\/telefone-eaton-ip-fhf-ex-ferntel\/#breadcrumb"},"inLanguage":"en-US","potentialAction":[{"@type":"ReadAction","target":["https:\/\/fullsolutions.info\/produto\/telefone-eaton-ip-fhf-ex-ferntel\/"]}]},{"@type":"ImageObject","inLanguage":"en-US","@id":"https:\/\/fullsolutions.info\/produto\/telefone-eaton-ip-fhf-ex-ferntel\/#primaryimage","url":"https:\/\/mlhff0prgoxu.i.optimole.com\/cb:s0sM.767\/w:auto\/h:auto\/q:mauto\/f:best\/https:\/\/fullsolutions.info\/wp-content\/uploads\/2023\/11\/50-min.png","contentUrl":"https:\/\/mlhff0prgoxu.i.optimole.com\/cb:s0sM.767\/w:auto\/h:auto\/q:mauto\/f:best\/https:\/\/fullsolutions.info\/wp-content\/uploads\/2023\/11\/50-min.png","width":560,"height":315},{"@type":"BreadcrumbList","@id":"https:\/\/fullsolutions.info\/produto\/telefone-eaton-ip-fhf-ex-ferntel\/#breadcrumb","itemListElement":[{"@type":"ListItem","position":1,"name":"In\u00edcio","item":"https:\/\/fullsolutions.info\/"},{"@type":"ListItem","position":2,"name":"Produtos","item":"https:\/\/fullsolutions.info\/shop\/"},{"@type":"ListItem","position":3,"name":"Telefone Eaton IP FHF Ex FernTel"}]},{"@type":"WebSite","@id":"https:\/\/fullsolutions.info\/#website","url":"https:\/\/fullsolutions.info\/","name":"Full Solutions","description":"Empresa na \u00c1rea de Procurement","publisher":{"@id":"https:\/\/fullsolutions.info\/#organization"},"potentialAction":[{"@type":"SearchAction","target":{"@type":"EntryPoint","urlTemplate":"https:\/\/fullsolutions.info\/?s={search_term_string}"},"query-input":{"@type":"PropertyValueSpecification","valueRequired":true,"valueName":"search_term_string"}}],"inLanguage":"en-US"},{"@type":"Organization","@id":"https:\/\/fullsolutions.info\/#organization","name":"Full Solutions","url":"https:\/\/fullsolutions.info\/","logo":{"@type":"ImageObject","inLanguage":"en-US","@id":"https:\/\/fullsolutions.info\/#\/schema\/logo\/image\/","url":"https:\/\/mlhff0prgoxu.i.optimole.com\/cb:s0sM.767\/w:auto\/h:auto\/q:mauto\/f:best\/https:\/\/fullsolutions.info\/wp-content\/uploads\/2021\/07\/cropped-Design-sem-nome-300x193-1-e1627062664782.png","contentUrl":"https:\/\/mlhff0prgoxu.i.optimole.com\/cb:s0sM.767\/w:auto\/h:auto\/q:mauto\/f:best\/https:\/\/fullsolutions.info\/wp-content\/uploads\/2021\/07\/cropped-Design-sem-nome-300x193-1-e1627062664782.png","width":202,"height":155,"caption":"Full Solutions"},"image":{"@id":"https:\/\/fullsolutions.info\/#\/schema\/logo\/image\/"},"sameAs":["https:\/\/www.linkedin.com\/company\/full-solutions-equipment"]}]}},"_links":{"self":[{"href":"https:\/\/fullsolutions.info\/en\/wp-json\/wp\/v2\/product\/3924","targetHints":{"allow":["GET"]}}],"collection":[{"href":"https:\/\/fullsolutions.info\/en\/wp-json\/wp\/v2\/product"}],"about":[{"href":"https:\/\/fullsolutions.info\/en\/wp-json\/wp\/v2\/types\/product"}],"replies":[{"embeddable":true,"href":"https:\/\/fullsolutions.info\/en\/wp-json\/wp\/v2\/comments?post=3924"}],"wp:featuredmedia":[{"embeddable":true,"href":"https:\/\/fullsolutions.info\/en\/wp-json\/wp\/v2\/media\/3925"}],"wp:attachment":[{"href":"https:\/\/fullsolutions.info\/en\/wp-json\/wp\/v2\/media?parent=3924"}],"wp:term":[{"taxonomy":"product_brand","embeddable":true,"href":"https:\/\/fullsolutions.info\/en\/wp-json\/wp\/v2\/product_brand?post=3924"},{"taxonomy":"product_cat","embeddable":true,"href":"https:\/\/fullsolutions.info\/en\/wp-json\/wp\/v2\/product_cat?post=3924"},{"taxonomy":"product_tag","embeddable":true,"href":"https:\/\/fullsolutions.info\/en\/wp-json\/wp\/v2\/product_tag?post=3924"},{"taxonomy":"marca","embeddable":true,"href":"https:\/\/fullsolutions.info\/en\/wp-json\/wp\/v2\/marca?post=3924"}],"curies":[{"name":"wp","href":"https:\/\/api.w.org\/{rel}","templated":true}]}}