{"id":3916,"date":"2023-11-01T18:23:18","date_gmt":"2023-11-01T18:23:18","guid":{"rendered":"https:\/\/fullsolutionsequip.com\/?post_type=product&#038;p=3916"},"modified":"2024-02-19T16:14:39","modified_gmt":"2024-02-19T16:14:39","slug":"detector-de-fumaca-a-prova-de-explosao-smokewatch-montado-em-duto-q5016","status":"publish","type":"product","link":"https:\/\/fullsolutions.info\/en\/product\/detector-de-fumaca-a-prova-de-explosao-smokewatch-montado-em-duto-q5016\/","title":{"rendered":"Detector de fuma\u00e7a \u00e0 prova de explos\u00e3o SmokeWatch \u2122 \u2013 montado em duto (Q5016)"},"content":{"rendered":"<div class=\"elementor-element elementor-element-b17befe elementor-widget elementor-widget-heading\" data-id=\"b17befe\" data-element_type=\"widget\" data-widget_type=\"heading.default\">\n<div class=\"elementor-widget-container\">\n<p class=\"elementor-heading-title elementor-size-default\"><strong>Descri\u00e7\u00e3o<\/strong><\/p>\n<\/div>\n<\/div>\n<div class=\"elementor-element elementor-element-2dbd9d0 elementor-widget elementor-widget-text-editor\" data-id=\"2dbd9d0\" data-element_type=\"widget\" data-widget_type=\"text-editor.default\">\n<div class=\"elementor-widget-container\">\n<div class=\"elementor-text-editor elementor-clearfix\">\n<p>O\u00a0<sup>\u00a0<\/sup>acess\u00f3rio de montagem em duto Q5016 foi projetado para uso com o detector de fuma\u00e7a \u00e0 prova de explos\u00e3o Det-Tronics.\u00a0Usados \u200b\u200bjuntos, voc\u00ea pode monitorar a fuma\u00e7a nos dutos, uma boa solu\u00e7\u00e3o para proteger \u00e1reas servidas por um sistema de ar for\u00e7ado.<\/p>\n<p>O kit de montagem em duto Q5016 e as pe\u00e7as sobressalentes s\u00e3o vendidos separadamente do detector de fuma\u00e7a SmokeWatch \u2122 U5015.\u00a0V\u00e1rios modelos diferentes de detector de fuma\u00e7a \u00e0 prova de explos\u00e3o SmokeWatch \u2122 U5015 est\u00e3o dispon\u00edveis para atender aos requisitos de sua aplica\u00e7\u00e3o.<\/p>\n<\/div>\n<\/div>\n<\/div>","protected":false},"excerpt":{"rendered":"<p>Descri\u00e7\u00e3o O\u00a0\u00a0acess\u00f3rio de montagem em duto Q5016 foi projetado para uso com o detector de fuma\u00e7a \u00e0 prova de explos\u00e3o Det-Tronics.\u00a0Usados \u200b\u200bjuntos, voc\u00ea pode monitorar a fuma\u00e7a nos dutos, uma boa solu\u00e7\u00e3o para proteger \u00e1reas servidas por um sistema de ar for\u00e7ado. O kit de montagem em duto Q5016 e as pe\u00e7as sobressalentes s\u00e3o vendidos separadamente do detector de fuma\u00e7a SmokeWatch \u2122 U5015.\u00a0V\u00e1rios modelos diferentes de detector de fuma\u00e7a \u00e0 prova de explos\u00e3o SmokeWatch \u2122 U5015 est\u00e3o dispon\u00edveis para atender aos requisitos de sua aplica\u00e7\u00e3o.<\/p>","protected":false},"featured_media":3917,"comment_status":"open","ping_status":"closed","template":"","meta":{"_joinchat":[]},"product_brand":[],"product_cat":[138],"product_tag":[],"marca":[93],"class_list":{"0":"post-3916","1":"product","2":"type-product","3":"status-publish","4":"has-post-thumbnail","6":"product_cat-sistemas-de-deteccao-de-incendio-e-gas","7":"marca-det-tronics","9":"first","10":"instock","11":"shipping-taxable","12":"purchasable","13":"product-type-simple"},"yoast_head":"<!-- This site is optimized with the Yoast SEO plugin v27.2 - https:\/\/yoast.com\/product\/yoast-seo-wordpress\/ -->\n<title>Detector de fuma\u00e7a \u00e0 prova de explos\u00e3o SmokeWatch \u2122 \u2013 montado em duto (Q5016) - Full Solutions<\/title>\n<meta name=\"robots\" content=\"index, follow, max-snippet:-1, max-image-preview:large, max-video-preview:-1\" \/>\n<link rel=\"canonical\" href=\"https:\/\/fullsolutions.info\/en\/product\/detector-de-fumaca-a-prova-de-explosao-smokewatch-montado-em-duto-q5016\/\" \/>\n<meta property=\"og:locale\" content=\"en_US\" \/>\n<meta property=\"og:type\" content=\"article\" \/>\n<meta property=\"og:title\" content=\"Detector de fuma\u00e7a \u00e0 prova de explos\u00e3o SmokeWatch \u2122 \u2013 montado em duto (Q5016) - Full Solutions\" \/>\n<meta property=\"og:description\" content=\"Descri\u00e7\u00e3o O\u00a0\u00a0acess\u00f3rio de montagem em duto Q5016 foi projetado para uso com o detector de fuma\u00e7a \u00e0 prova de explos\u00e3o Det-Tronics.\u00a0Usados \u200b\u200bjuntos, voc\u00ea pode monitorar a fuma\u00e7a nos dutos, uma boa solu\u00e7\u00e3o para proteger \u00e1reas servidas por um sistema de ar for\u00e7ado. O kit de montagem em duto Q5016 e as pe\u00e7as sobressalentes s\u00e3o vendidos separadamente do detector de fuma\u00e7a SmokeWatch \u2122 U5015.\u00a0V\u00e1rios modelos diferentes de detector de fuma\u00e7a \u00e0 prova de explos\u00e3o SmokeWatch \u2122 U5015 est\u00e3o dispon\u00edveis para atender aos requisitos de sua aplica\u00e7\u00e3o.\" \/>\n<meta property=\"og:url\" content=\"https:\/\/fullsolutions.info\/en\/product\/detector-de-fumaca-a-prova-de-explosao-smokewatch-montado-em-duto-q5016\/\" \/>\n<meta property=\"og:site_name\" content=\"Full Solutions\" \/>\n<meta property=\"article:modified_time\" content=\"2024-02-19T16:14:39+00:00\" \/>\n<meta property=\"og:image\" content=\"https:\/\/mlhff0prgoxu.i.optimole.com\/cb:s0sM.767\/w:auto\/h:auto\/q:mauto\/f:best\/https:\/\/fullsolutions.info\/wp-content\/uploads\/2023\/11\/73-1.png\" \/>\n\t<meta property=\"og:image:width\" content=\"560\" \/>\n\t<meta property=\"og:image:height\" content=\"315\" \/>\n\t<meta property=\"og:image:type\" content=\"image\/png\" \/>\n<meta name=\"twitter:card\" content=\"summary_large_image\" \/>\n<meta name=\"twitter:label1\" content=\"Est. reading time\" \/>\n\t<meta name=\"twitter:data1\" content=\"1 minute\" \/>\n<script type=\"application\/ld+json\" class=\"yoast-schema-graph\">{\"@context\":\"https:\/\/schema.org\",\"@graph\":[{\"@type\":\"WebPage\",\"@id\":\"https:\/\/fullsolutions.info\/produto\/detector-de-fumaca-a-prova-de-explosao-smokewatch-montado-em-duto-q5016\/\",\"url\":\"https:\/\/fullsolutions.info\/produto\/detector-de-fumaca-a-prova-de-explosao-smokewatch-montado-em-duto-q5016\/\",\"name\":\"Detector de fuma\u00e7a \u00e0 prova de explos\u00e3o SmokeWatch \u2122 \u2013 montado em duto (Q5016) - Full Solutions\",\"isPartOf\":{\"@id\":\"https:\/\/fullsolutions.info\/#website\"},\"primaryImageOfPage\":{\"@id\":\"https:\/\/fullsolutions.info\/produto\/detector-de-fumaca-a-prova-de-explosao-smokewatch-montado-em-duto-q5016\/#primaryimage\"},\"image\":{\"@id\":\"https:\/\/fullsolutions.info\/produto\/detector-de-fumaca-a-prova-de-explosao-smokewatch-montado-em-duto-q5016\/#primaryimage\"},\"thumbnailUrl\":\"https:\/\/mlhff0prgoxu.i.optimole.com\/cb:s0sM.767\/w:auto\/h:auto\/q:mauto\/f:best\/https:\/\/fullsolutions.info\/wp-content\/uploads\/2023\/11\/73-1.png\",\"datePublished\":\"2023-11-01T18:23:18+00:00\",\"dateModified\":\"2024-02-19T16:14:39+00:00\",\"breadcrumb\":{\"@id\":\"https:\/\/fullsolutions.info\/produto\/detector-de-fumaca-a-prova-de-explosao-smokewatch-montado-em-duto-q5016\/#breadcrumb\"},\"inLanguage\":\"en-US\",\"potentialAction\":[{\"@type\":\"ReadAction\",\"target\":[\"https:\/\/fullsolutions.info\/produto\/detector-de-fumaca-a-prova-de-explosao-smokewatch-montado-em-duto-q5016\/\"]}]},{\"@type\":\"ImageObject\",\"inLanguage\":\"en-US\",\"@id\":\"https:\/\/fullsolutions.info\/produto\/detector-de-fumaca-a-prova-de-explosao-smokewatch-montado-em-duto-q5016\/#primaryimage\",\"url\":\"https:\/\/mlhff0prgoxu.i.optimole.com\/cb:s0sM.767\/w:auto\/h:auto\/q:mauto\/f:best\/https:\/\/fullsolutions.info\/wp-content\/uploads\/2023\/11\/73-1.png\",\"contentUrl\":\"https:\/\/mlhff0prgoxu.i.optimole.com\/cb:s0sM.767\/w:auto\/h:auto\/q:mauto\/f:best\/https:\/\/fullsolutions.info\/wp-content\/uploads\/2023\/11\/73-1.png\",\"width\":560,\"height\":315},{\"@type\":\"BreadcrumbList\",\"@id\":\"https:\/\/fullsolutions.info\/produto\/detector-de-fumaca-a-prova-de-explosao-smokewatch-montado-em-duto-q5016\/#breadcrumb\",\"itemListElement\":[{\"@type\":\"ListItem\",\"position\":1,\"name\":\"In\u00edcio\",\"item\":\"https:\/\/fullsolutions.info\/\"},{\"@type\":\"ListItem\",\"position\":2,\"name\":\"Produtos\",\"item\":\"https:\/\/fullsolutions.info\/shop\/\"},{\"@type\":\"ListItem\",\"position\":3,\"name\":\"Detector de fuma\u00e7a \u00e0 prova de explos\u00e3o SmokeWatch \u2122 \u2013 montado em duto (Q5016)\"}]},{\"@type\":\"WebSite\",\"@id\":\"https:\/\/fullsolutions.info\/#website\",\"url\":\"https:\/\/fullsolutions.info\/\",\"name\":\"Full Solutions\",\"description\":\"Empresa na \u00c1rea de Procurement\",\"publisher\":{\"@id\":\"https:\/\/fullsolutions.info\/#organization\"},\"potentialAction\":[{\"@type\":\"SearchAction\",\"target\":{\"@type\":\"EntryPoint\",\"urlTemplate\":\"https:\/\/fullsolutions.info\/?s={search_term_string}\"},\"query-input\":{\"@type\":\"PropertyValueSpecification\",\"valueRequired\":true,\"valueName\":\"search_term_string\"}}],\"inLanguage\":\"en-US\"},{\"@type\":\"Organization\",\"@id\":\"https:\/\/fullsolutions.info\/#organization\",\"name\":\"Full Solutions\",\"url\":\"https:\/\/fullsolutions.info\/\",\"logo\":{\"@type\":\"ImageObject\",\"inLanguage\":\"en-US\",\"@id\":\"https:\/\/fullsolutions.info\/#\/schema\/logo\/image\/\",\"url\":\"https:\/\/mlhff0prgoxu.i.optimole.com\/cb:s0sM.767\/w:auto\/h:auto\/q:mauto\/f:best\/https:\/\/fullsolutions.info\/wp-content\/uploads\/2021\/07\/cropped-Design-sem-nome-300x193-1-e1627062664782.png\",\"contentUrl\":\"https:\/\/mlhff0prgoxu.i.optimole.com\/cb:s0sM.767\/w:auto\/h:auto\/q:mauto\/f:best\/https:\/\/fullsolutions.info\/wp-content\/uploads\/2021\/07\/cropped-Design-sem-nome-300x193-1-e1627062664782.png\",\"width\":202,\"height\":155,\"caption\":\"Full Solutions\"},\"image\":{\"@id\":\"https:\/\/fullsolutions.info\/#\/schema\/logo\/image\/\"},\"sameAs\":[\"https:\/\/www.linkedin.com\/company\/full-solutions-equipment\"]}]}<\/script>\n<!-- \/ Yoast SEO plugin. -->","yoast_head_json":{"title":"Detector de fuma\u00e7a \u00e0 prova de explos\u00e3o SmokeWatch \u2122 \u2013 montado em duto (Q5016) - Full Solutions","robots":{"index":"index","follow":"follow","max-snippet":"max-snippet:-1","max-image-preview":"max-image-preview:large","max-video-preview":"max-video-preview:-1"},"canonical":"https:\/\/fullsolutions.info\/en\/product\/detector-de-fumaca-a-prova-de-explosao-smokewatch-montado-em-duto-q5016\/","og_locale":"en_US","og_type":"article","og_title":"Detector de fuma\u00e7a \u00e0 prova de explos\u00e3o SmokeWatch \u2122 \u2013 montado em duto (Q5016) - Full Solutions","og_description":"Descri\u00e7\u00e3o O\u00a0\u00a0acess\u00f3rio de montagem em duto Q5016 foi projetado para uso com o detector de fuma\u00e7a \u00e0 prova de explos\u00e3o Det-Tronics.\u00a0Usados \u200b\u200bjuntos, voc\u00ea pode monitorar a fuma\u00e7a nos dutos, uma boa solu\u00e7\u00e3o para proteger \u00e1reas servidas por um sistema de ar for\u00e7ado. O kit de montagem em duto Q5016 e as pe\u00e7as sobressalentes s\u00e3o vendidos separadamente do detector de fuma\u00e7a SmokeWatch \u2122 U5015.\u00a0V\u00e1rios modelos diferentes de detector de fuma\u00e7a \u00e0 prova de explos\u00e3o SmokeWatch \u2122 U5015 est\u00e3o dispon\u00edveis para atender aos requisitos de sua aplica\u00e7\u00e3o.","og_url":"https:\/\/fullsolutions.info\/en\/product\/detector-de-fumaca-a-prova-de-explosao-smokewatch-montado-em-duto-q5016\/","og_site_name":"Full Solutions","article_modified_time":"2024-02-19T16:14:39+00:00","og_image":[{"width":560,"height":315,"url":"https:\/\/mlhff0prgoxu.i.optimole.com\/cb:s0sM.767\/w:auto\/h:auto\/q:mauto\/f:best\/https:\/\/fullsolutions.info\/wp-content\/uploads\/2023\/11\/73-1.png","type":"image\/png"}],"twitter_card":"summary_large_image","twitter_misc":{"Est. reading time":"1 minute"},"schema":{"@context":"https:\/\/schema.org","@graph":[{"@type":"WebPage","@id":"https:\/\/fullsolutions.info\/produto\/detector-de-fumaca-a-prova-de-explosao-smokewatch-montado-em-duto-q5016\/","url":"https:\/\/fullsolutions.info\/produto\/detector-de-fumaca-a-prova-de-explosao-smokewatch-montado-em-duto-q5016\/","name":"Detector de fuma\u00e7a \u00e0 prova de explos\u00e3o SmokeWatch \u2122 \u2013 montado em duto (Q5016) - Full Solutions","isPartOf":{"@id":"https:\/\/fullsolutions.info\/#website"},"primaryImageOfPage":{"@id":"https:\/\/fullsolutions.info\/produto\/detector-de-fumaca-a-prova-de-explosao-smokewatch-montado-em-duto-q5016\/#primaryimage"},"image":{"@id":"https:\/\/fullsolutions.info\/produto\/detector-de-fumaca-a-prova-de-explosao-smokewatch-montado-em-duto-q5016\/#primaryimage"},"thumbnailUrl":"https:\/\/mlhff0prgoxu.i.optimole.com\/cb:s0sM.767\/w:auto\/h:auto\/q:mauto\/f:best\/https:\/\/fullsolutions.info\/wp-content\/uploads\/2023\/11\/73-1.png","datePublished":"2023-11-01T18:23:18+00:00","dateModified":"2024-02-19T16:14:39+00:00","breadcrumb":{"@id":"https:\/\/fullsolutions.info\/produto\/detector-de-fumaca-a-prova-de-explosao-smokewatch-montado-em-duto-q5016\/#breadcrumb"},"inLanguage":"en-US","potentialAction":[{"@type":"ReadAction","target":["https:\/\/fullsolutions.info\/produto\/detector-de-fumaca-a-prova-de-explosao-smokewatch-montado-em-duto-q5016\/"]}]},{"@type":"ImageObject","inLanguage":"en-US","@id":"https:\/\/fullsolutions.info\/produto\/detector-de-fumaca-a-prova-de-explosao-smokewatch-montado-em-duto-q5016\/#primaryimage","url":"https:\/\/mlhff0prgoxu.i.optimole.com\/cb:s0sM.767\/w:auto\/h:auto\/q:mauto\/f:best\/https:\/\/fullsolutions.info\/wp-content\/uploads\/2023\/11\/73-1.png","contentUrl":"https:\/\/mlhff0prgoxu.i.optimole.com\/cb:s0sM.767\/w:auto\/h:auto\/q:mauto\/f:best\/https:\/\/fullsolutions.info\/wp-content\/uploads\/2023\/11\/73-1.png","width":560,"height":315},{"@type":"BreadcrumbList","@id":"https:\/\/fullsolutions.info\/produto\/detector-de-fumaca-a-prova-de-explosao-smokewatch-montado-em-duto-q5016\/#breadcrumb","itemListElement":[{"@type":"ListItem","position":1,"name":"In\u00edcio","item":"https:\/\/fullsolutions.info\/"},{"@type":"ListItem","position":2,"name":"Produtos","item":"https:\/\/fullsolutions.info\/shop\/"},{"@type":"ListItem","position":3,"name":"Detector de fuma\u00e7a \u00e0 prova de explos\u00e3o SmokeWatch \u2122 \u2013 montado em duto (Q5016)"}]},{"@type":"WebSite","@id":"https:\/\/fullsolutions.info\/#website","url":"https:\/\/fullsolutions.info\/","name":"Full Solutions","description":"Empresa na \u00c1rea de Procurement","publisher":{"@id":"https:\/\/fullsolutions.info\/#organization"},"potentialAction":[{"@type":"SearchAction","target":{"@type":"EntryPoint","urlTemplate":"https:\/\/fullsolutions.info\/?s={search_term_string}"},"query-input":{"@type":"PropertyValueSpecification","valueRequired":true,"valueName":"search_term_string"}}],"inLanguage":"en-US"},{"@type":"Organization","@id":"https:\/\/fullsolutions.info\/#organization","name":"Full Solutions","url":"https:\/\/fullsolutions.info\/","logo":{"@type":"ImageObject","inLanguage":"en-US","@id":"https:\/\/fullsolutions.info\/#\/schema\/logo\/image\/","url":"https:\/\/mlhff0prgoxu.i.optimole.com\/cb:s0sM.767\/w:auto\/h:auto\/q:mauto\/f:best\/https:\/\/fullsolutions.info\/wp-content\/uploads\/2021\/07\/cropped-Design-sem-nome-300x193-1-e1627062664782.png","contentUrl":"https:\/\/mlhff0prgoxu.i.optimole.com\/cb:s0sM.767\/w:auto\/h:auto\/q:mauto\/f:best\/https:\/\/fullsolutions.info\/wp-content\/uploads\/2021\/07\/cropped-Design-sem-nome-300x193-1-e1627062664782.png","width":202,"height":155,"caption":"Full Solutions"},"image":{"@id":"https:\/\/fullsolutions.info\/#\/schema\/logo\/image\/"},"sameAs":["https:\/\/www.linkedin.com\/company\/full-solutions-equipment"]}]}},"_links":{"self":[{"href":"https:\/\/fullsolutions.info\/en\/wp-json\/wp\/v2\/product\/3916","targetHints":{"allow":["GET"]}}],"collection":[{"href":"https:\/\/fullsolutions.info\/en\/wp-json\/wp\/v2\/product"}],"about":[{"href":"https:\/\/fullsolutions.info\/en\/wp-json\/wp\/v2\/types\/product"}],"replies":[{"embeddable":true,"href":"https:\/\/fullsolutions.info\/en\/wp-json\/wp\/v2\/comments?post=3916"}],"wp:featuredmedia":[{"embeddable":true,"href":"https:\/\/fullsolutions.info\/en\/wp-json\/wp\/v2\/media\/3917"}],"wp:attachment":[{"href":"https:\/\/fullsolutions.info\/en\/wp-json\/wp\/v2\/media?parent=3916"}],"wp:term":[{"taxonomy":"product_brand","embeddable":true,"href":"https:\/\/fullsolutions.info\/en\/wp-json\/wp\/v2\/product_brand?post=3916"},{"taxonomy":"product_cat","embeddable":true,"href":"https:\/\/fullsolutions.info\/en\/wp-json\/wp\/v2\/product_cat?post=3916"},{"taxonomy":"product_tag","embeddable":true,"href":"https:\/\/fullsolutions.info\/en\/wp-json\/wp\/v2\/product_tag?post=3916"},{"taxonomy":"marca","embeddable":true,"href":"https:\/\/fullsolutions.info\/en\/wp-json\/wp\/v2\/marca?post=3916"}],"curies":[{"name":"wp","href":"https:\/\/api.w.org\/{rel}","templated":true}]}}