{"id":3887,"date":"2023-11-01T17:48:21","date_gmt":"2023-11-01T17:48:21","guid":{"rendered":"https:\/\/fullsolutionsequip.com\/?post_type=product&#038;p=3887"},"modified":"2024-02-19T16:14:40","modified_gmt":"2024-02-19T16:14:40","slug":"detector-uvir-para-ambientes-de-deteccao-complexos-det-tronics","status":"publish","type":"product","link":"https:\/\/fullsolutions.info\/en\/product\/detector-uvir-para-ambientes-de-deteccao-complexos-det-tronics\/","title":{"rendered":"Detector UVIR para ambientes de detec\u00e7\u00e3o complexos DET-TRONICS"},"content":{"rendered":"<div class=\"elementor-element elementor-element-b17befe elementor-widget elementor-widget-heading\" data-id=\"b17befe\" data-element_type=\"widget\" data-widget_type=\"heading.default\">\n<div class=\"elementor-widget-container\">\n<p class=\"elementor-heading-title elementor-size-default\"><strong>Descri\u00e7\u00e3o<\/strong><\/p>\n<\/div>\n<\/div>\n<div class=\"elementor-element elementor-element-2dbd9d0 elementor-widget elementor-widget-text-editor\" data-id=\"2dbd9d0\" data-element_type=\"widget\" data-widget_type=\"text-editor.default\">\n<div class=\"elementor-widget-container\">\n<div class=\"elementor-text-editor elementor-clearfix\">\n<p>O detector de chama de hidrocarboneto X5200 UVIR pode ser configurado para satisfazer os requisitos de terceiros para detec\u00e7\u00e3o r\u00e1pida ou para aplica\u00e7\u00f5es onde fontes de radia\u00e7\u00e3o IV estranhas podem fazer com que outros detectores gerem alarmes falsos.<\/p>\n<h3><strong>Recursos<\/strong><\/h3>\n<ul>\n<li>M\u00faltiplos modos de sensibilidade<\/li>\n<li>A integridade \u00f3ptica (\u00a0<strong>o\u00a0<sub>i<\/sub><\/strong>\u00a0\u00ae) realiza verifica\u00e7\u00f5es autom\u00e1ticas de seguran\u00e7a a cada 60 segundos<\/li>\n<li>\u00d3ptica aquecida para ambientes e clima adversos<\/li>\n<li>Registrador de dados com hora do evento e carimbo de data (1500 eventos)<\/li>\n<li>Pode ser configurado para alarmar para fontes individuais de UV ou IR<\/li>\n<li>Pode atender aos requisitos de velocidade ultra-alta NFPA 15 (quando configurado corretamente e usado em um\u00a0sistema de seguran\u00e7a\u00a0<a href=\"https:\/\/www.det-tronics.com\/products\/eqp-high-speed-deluge-module\" target=\"_blank\" rel=\"noopener\">EQP \/ HSDM<\/a>\u00a0)<\/li>\n<\/ul>\n<h3><strong>Especifica\u00e7\u00f5es t\u00e9cnicas<\/strong><\/h3>\n<ul>\n<li>V\u00e1rios protocolos de comunica\u00e7\u00e3o, incluindo 0-20 mA, rel\u00e9, Modbus, HART, FDT\u00ae \/ DTM e sistema de seguran\u00e7a Eagle Quantum Premier\u00ae (EQP)<\/li>\n<li>LED de diagn\u00f3stico para alarme local e identifica\u00e7\u00e3o de falha simples<\/li>\n<li>Armazenamento de log de eventos de grande capacidade (1.500 eventos)<\/li>\n<li>HART capaz<\/li>\n<li>Caixa de alum\u00ednio sem cobre ou a\u00e7o inoxid\u00e1vel 316<\/li>\n<\/ul>\n<\/div>\n<\/div>\n<\/div>","protected":false},"excerpt":{"rendered":"<p>Descri\u00e7\u00e3o O detector de chama de hidrocarboneto X5200 UVIR pode ser configurado para satisfazer os requisitos de terceiros para detec\u00e7\u00e3o r\u00e1pida ou para aplica\u00e7\u00f5es onde fontes de radia\u00e7\u00e3o IV estranhas podem fazer com que outros detectores gerem alarmes falsos. Recursos M\u00faltiplos modos de sensibilidade A integridade \u00f3ptica (\u00a0o\u00a0i\u00a0\u00ae) realiza verifica\u00e7\u00f5es autom\u00e1ticas de seguran\u00e7a a cada 60 segundos \u00d3ptica aquecida para ambientes e clima adversos Registrador de dados com hora do evento e carimbo de data (1500 eventos) Pode ser configurado para alarmar para fontes individuais de UV ou IR Pode atender aos requisitos de velocidade ultra-alta NFPA 15 (quando configurado corretamente e usado em um\u00a0sistema de seguran\u00e7a\u00a0EQP \/ HSDM\u00a0) Especifica\u00e7\u00f5es t\u00e9cnicas V\u00e1rios protocolos de comunica\u00e7\u00e3o, incluindo 0-20 mA, rel\u00e9, Modbus, HART, FDT\u00ae \/ DTM e sistema de seguran\u00e7a Eagle Quantum Premier\u00ae (EQP) LED de diagn\u00f3stico para alarme local e identifica\u00e7\u00e3o de falha simples Armazenamento de log de eventos de grande capacidade (1.500 eventos) HART capaz Caixa de alum\u00ednio sem cobre ou a\u00e7o inoxid\u00e1vel 316<\/p>","protected":false},"featured_media":3888,"comment_status":"open","ping_status":"closed","template":"","meta":{"_joinchat":[]},"product_brand":[],"product_cat":[138],"product_tag":[],"marca":[93],"class_list":{"0":"post-3887","1":"product","2":"type-product","3":"status-publish","4":"has-post-thumbnail","6":"product_cat-sistemas-de-deteccao-de-incendio-e-gas","7":"marca-det-tronics","9":"first","10":"instock","11":"shipping-taxable","12":"purchasable","13":"product-type-simple"},"yoast_head":"<!-- This site is optimized with the Yoast SEO plugin v27.2 - https:\/\/yoast.com\/product\/yoast-seo-wordpress\/ -->\n<title>Detector UVIR para ambientes de detec\u00e7\u00e3o complexos DET-TRONICS - Full Solutions<\/title>\n<meta name=\"robots\" content=\"index, follow, max-snippet:-1, max-image-preview:large, max-video-preview:-1\" \/>\n<link rel=\"canonical\" href=\"https:\/\/fullsolutions.info\/en\/product\/detector-uvir-para-ambientes-de-deteccao-complexos-det-tronics\/\" \/>\n<meta property=\"og:locale\" content=\"en_US\" \/>\n<meta property=\"og:type\" content=\"article\" \/>\n<meta property=\"og:title\" content=\"Detector UVIR para ambientes de detec\u00e7\u00e3o complexos DET-TRONICS - Full Solutions\" \/>\n<meta property=\"og:description\" content=\"Descri\u00e7\u00e3o O detector de chama de hidrocarboneto X5200 UVIR pode ser configurado para satisfazer os requisitos de terceiros para detec\u00e7\u00e3o r\u00e1pida ou para aplica\u00e7\u00f5es onde fontes de radia\u00e7\u00e3o IV estranhas podem fazer com que outros detectores gerem alarmes falsos. Recursos M\u00faltiplos modos de sensibilidade A integridade \u00f3ptica (\u00a0o\u00a0i\u00a0\u00ae) realiza verifica\u00e7\u00f5es autom\u00e1ticas de seguran\u00e7a a cada 60 segundos \u00d3ptica aquecida para ambientes e clima adversos Registrador de dados com hora do evento e carimbo de data (1500 eventos) Pode ser configurado para alarmar para fontes individuais de UV ou IR Pode atender aos requisitos de velocidade ultra-alta NFPA 15 (quando configurado corretamente e usado em um\u00a0sistema de seguran\u00e7a\u00a0EQP \/ HSDM\u00a0) Especifica\u00e7\u00f5es t\u00e9cnicas V\u00e1rios protocolos de comunica\u00e7\u00e3o, incluindo 0-20 mA, rel\u00e9, Modbus, HART, FDT\u00ae \/ DTM e sistema de seguran\u00e7a Eagle Quantum Premier\u00ae (EQP) LED de diagn\u00f3stico para alarme local e identifica\u00e7\u00e3o de falha simples Armazenamento de log de eventos de grande capacidade (1.500 eventos) HART capaz Caixa de alum\u00ednio sem cobre ou a\u00e7o inoxid\u00e1vel 316\" \/>\n<meta property=\"og:url\" content=\"https:\/\/fullsolutions.info\/en\/product\/detector-uvir-para-ambientes-de-deteccao-complexos-det-tronics\/\" \/>\n<meta property=\"og:site_name\" content=\"Full Solutions\" \/>\n<meta property=\"article:modified_time\" content=\"2024-02-19T16:14:40+00:00\" \/>\n<meta property=\"og:image\" content=\"https:\/\/mlhff0prgoxu.i.optimole.com\/cb:s0sM.767\/w:auto\/h:auto\/q:mauto\/f:best\/https:\/\/fullsolutions.info\/wp-content\/uploads\/2023\/11\/59-1.png\" \/>\n\t<meta property=\"og:image:width\" content=\"560\" \/>\n\t<meta property=\"og:image:height\" content=\"315\" \/>\n\t<meta property=\"og:image:type\" content=\"image\/png\" \/>\n<meta name=\"twitter:card\" content=\"summary_large_image\" \/>\n<meta name=\"twitter:label1\" content=\"Est. reading time\" \/>\n\t<meta name=\"twitter:data1\" content=\"1 minute\" \/>\n<script type=\"application\/ld+json\" class=\"yoast-schema-graph\">{\"@context\":\"https:\/\/schema.org\",\"@graph\":[{\"@type\":\"WebPage\",\"@id\":\"https:\/\/fullsolutions.info\/produto\/detector-uvir-para-ambientes-de-deteccao-complexos-det-tronics\/\",\"url\":\"https:\/\/fullsolutions.info\/produto\/detector-uvir-para-ambientes-de-deteccao-complexos-det-tronics\/\",\"name\":\"Detector UVIR para ambientes de detec\u00e7\u00e3o complexos DET-TRONICS - Full Solutions\",\"isPartOf\":{\"@id\":\"https:\/\/fullsolutions.info\/#website\"},\"primaryImageOfPage\":{\"@id\":\"https:\/\/fullsolutions.info\/produto\/detector-uvir-para-ambientes-de-deteccao-complexos-det-tronics\/#primaryimage\"},\"image\":{\"@id\":\"https:\/\/fullsolutions.info\/produto\/detector-uvir-para-ambientes-de-deteccao-complexos-det-tronics\/#primaryimage\"},\"thumbnailUrl\":\"https:\/\/mlhff0prgoxu.i.optimole.com\/cb:s0sM.767\/w:auto\/h:auto\/q:mauto\/f:best\/https:\/\/fullsolutions.info\/wp-content\/uploads\/2023\/11\/59-1.png\",\"datePublished\":\"2023-11-01T17:48:21+00:00\",\"dateModified\":\"2024-02-19T16:14:40+00:00\",\"breadcrumb\":{\"@id\":\"https:\/\/fullsolutions.info\/produto\/detector-uvir-para-ambientes-de-deteccao-complexos-det-tronics\/#breadcrumb\"},\"inLanguage\":\"en-US\",\"potentialAction\":[{\"@type\":\"ReadAction\",\"target\":[\"https:\/\/fullsolutions.info\/produto\/detector-uvir-para-ambientes-de-deteccao-complexos-det-tronics\/\"]}]},{\"@type\":\"ImageObject\",\"inLanguage\":\"en-US\",\"@id\":\"https:\/\/fullsolutions.info\/produto\/detector-uvir-para-ambientes-de-deteccao-complexos-det-tronics\/#primaryimage\",\"url\":\"https:\/\/mlhff0prgoxu.i.optimole.com\/cb:s0sM.767\/w:auto\/h:auto\/q:mauto\/f:best\/https:\/\/fullsolutions.info\/wp-content\/uploads\/2023\/11\/59-1.png\",\"contentUrl\":\"https:\/\/mlhff0prgoxu.i.optimole.com\/cb:s0sM.767\/w:auto\/h:auto\/q:mauto\/f:best\/https:\/\/fullsolutions.info\/wp-content\/uploads\/2023\/11\/59-1.png\",\"width\":560,\"height\":315},{\"@type\":\"BreadcrumbList\",\"@id\":\"https:\/\/fullsolutions.info\/produto\/detector-uvir-para-ambientes-de-deteccao-complexos-det-tronics\/#breadcrumb\",\"itemListElement\":[{\"@type\":\"ListItem\",\"position\":1,\"name\":\"In\u00edcio\",\"item\":\"https:\/\/fullsolutions.info\/\"},{\"@type\":\"ListItem\",\"position\":2,\"name\":\"Produtos\",\"item\":\"https:\/\/fullsolutions.info\/shop\/\"},{\"@type\":\"ListItem\",\"position\":3,\"name\":\"Detector UVIR para ambientes de detec\u00e7\u00e3o complexos DET-TRONICS\"}]},{\"@type\":\"WebSite\",\"@id\":\"https:\/\/fullsolutions.info\/#website\",\"url\":\"https:\/\/fullsolutions.info\/\",\"name\":\"Full Solutions\",\"description\":\"Empresa na \u00c1rea de Procurement\",\"publisher\":{\"@id\":\"https:\/\/fullsolutions.info\/#organization\"},\"potentialAction\":[{\"@type\":\"SearchAction\",\"target\":{\"@type\":\"EntryPoint\",\"urlTemplate\":\"https:\/\/fullsolutions.info\/?s={search_term_string}\"},\"query-input\":{\"@type\":\"PropertyValueSpecification\",\"valueRequired\":true,\"valueName\":\"search_term_string\"}}],\"inLanguage\":\"en-US\"},{\"@type\":\"Organization\",\"@id\":\"https:\/\/fullsolutions.info\/#organization\",\"name\":\"Full Solutions\",\"url\":\"https:\/\/fullsolutions.info\/\",\"logo\":{\"@type\":\"ImageObject\",\"inLanguage\":\"en-US\",\"@id\":\"https:\/\/fullsolutions.info\/#\/schema\/logo\/image\/\",\"url\":\"https:\/\/mlhff0prgoxu.i.optimole.com\/cb:s0sM.767\/w:auto\/h:auto\/q:mauto\/f:best\/https:\/\/fullsolutions.info\/wp-content\/uploads\/2021\/07\/cropped-Design-sem-nome-300x193-1-e1627062664782.png\",\"contentUrl\":\"https:\/\/mlhff0prgoxu.i.optimole.com\/cb:s0sM.767\/w:auto\/h:auto\/q:mauto\/f:best\/https:\/\/fullsolutions.info\/wp-content\/uploads\/2021\/07\/cropped-Design-sem-nome-300x193-1-e1627062664782.png\",\"width\":202,\"height\":155,\"caption\":\"Full Solutions\"},\"image\":{\"@id\":\"https:\/\/fullsolutions.info\/#\/schema\/logo\/image\/\"},\"sameAs\":[\"https:\/\/www.linkedin.com\/company\/full-solutions-equipment\"]}]}<\/script>\n<!-- \/ Yoast SEO plugin. -->","yoast_head_json":{"title":"Detector UVIR para ambientes de detec\u00e7\u00e3o complexos DET-TRONICS - Full Solutions","robots":{"index":"index","follow":"follow","max-snippet":"max-snippet:-1","max-image-preview":"max-image-preview:large","max-video-preview":"max-video-preview:-1"},"canonical":"https:\/\/fullsolutions.info\/en\/product\/detector-uvir-para-ambientes-de-deteccao-complexos-det-tronics\/","og_locale":"en_US","og_type":"article","og_title":"Detector UVIR para ambientes de detec\u00e7\u00e3o complexos DET-TRONICS - Full Solutions","og_description":"Descri\u00e7\u00e3o O detector de chama de hidrocarboneto X5200 UVIR pode ser configurado para satisfazer os requisitos de terceiros para detec\u00e7\u00e3o r\u00e1pida ou para aplica\u00e7\u00f5es onde fontes de radia\u00e7\u00e3o IV estranhas podem fazer com que outros detectores gerem alarmes falsos. Recursos M\u00faltiplos modos de sensibilidade A integridade \u00f3ptica (\u00a0o\u00a0i\u00a0\u00ae) realiza verifica\u00e7\u00f5es autom\u00e1ticas de seguran\u00e7a a cada 60 segundos \u00d3ptica aquecida para ambientes e clima adversos Registrador de dados com hora do evento e carimbo de data (1500 eventos) Pode ser configurado para alarmar para fontes individuais de UV ou IR Pode atender aos requisitos de velocidade ultra-alta NFPA 15 (quando configurado corretamente e usado em um\u00a0sistema de seguran\u00e7a\u00a0EQP \/ HSDM\u00a0) Especifica\u00e7\u00f5es t\u00e9cnicas V\u00e1rios protocolos de comunica\u00e7\u00e3o, incluindo 0-20 mA, rel\u00e9, Modbus, HART, FDT\u00ae \/ DTM e sistema de seguran\u00e7a Eagle Quantum Premier\u00ae (EQP) LED de diagn\u00f3stico para alarme local e identifica\u00e7\u00e3o de falha simples Armazenamento de log de eventos de grande capacidade (1.500 eventos) HART capaz Caixa de alum\u00ednio sem cobre ou a\u00e7o inoxid\u00e1vel 316","og_url":"https:\/\/fullsolutions.info\/en\/product\/detector-uvir-para-ambientes-de-deteccao-complexos-det-tronics\/","og_site_name":"Full Solutions","article_modified_time":"2024-02-19T16:14:40+00:00","og_image":[{"width":560,"height":315,"url":"https:\/\/mlhff0prgoxu.i.optimole.com\/cb:s0sM.767\/w:auto\/h:auto\/q:mauto\/f:best\/https:\/\/fullsolutions.info\/wp-content\/uploads\/2023\/11\/59-1.png","type":"image\/png"}],"twitter_card":"summary_large_image","twitter_misc":{"Est. reading time":"1 minute"},"schema":{"@context":"https:\/\/schema.org","@graph":[{"@type":"WebPage","@id":"https:\/\/fullsolutions.info\/produto\/detector-uvir-para-ambientes-de-deteccao-complexos-det-tronics\/","url":"https:\/\/fullsolutions.info\/produto\/detector-uvir-para-ambientes-de-deteccao-complexos-det-tronics\/","name":"Detector UVIR para ambientes de detec\u00e7\u00e3o complexos DET-TRONICS - Full Solutions","isPartOf":{"@id":"https:\/\/fullsolutions.info\/#website"},"primaryImageOfPage":{"@id":"https:\/\/fullsolutions.info\/produto\/detector-uvir-para-ambientes-de-deteccao-complexos-det-tronics\/#primaryimage"},"image":{"@id":"https:\/\/fullsolutions.info\/produto\/detector-uvir-para-ambientes-de-deteccao-complexos-det-tronics\/#primaryimage"},"thumbnailUrl":"https:\/\/mlhff0prgoxu.i.optimole.com\/cb:s0sM.767\/w:auto\/h:auto\/q:mauto\/f:best\/https:\/\/fullsolutions.info\/wp-content\/uploads\/2023\/11\/59-1.png","datePublished":"2023-11-01T17:48:21+00:00","dateModified":"2024-02-19T16:14:40+00:00","breadcrumb":{"@id":"https:\/\/fullsolutions.info\/produto\/detector-uvir-para-ambientes-de-deteccao-complexos-det-tronics\/#breadcrumb"},"inLanguage":"en-US","potentialAction":[{"@type":"ReadAction","target":["https:\/\/fullsolutions.info\/produto\/detector-uvir-para-ambientes-de-deteccao-complexos-det-tronics\/"]}]},{"@type":"ImageObject","inLanguage":"en-US","@id":"https:\/\/fullsolutions.info\/produto\/detector-uvir-para-ambientes-de-deteccao-complexos-det-tronics\/#primaryimage","url":"https:\/\/mlhff0prgoxu.i.optimole.com\/cb:s0sM.767\/w:auto\/h:auto\/q:mauto\/f:best\/https:\/\/fullsolutions.info\/wp-content\/uploads\/2023\/11\/59-1.png","contentUrl":"https:\/\/mlhff0prgoxu.i.optimole.com\/cb:s0sM.767\/w:auto\/h:auto\/q:mauto\/f:best\/https:\/\/fullsolutions.info\/wp-content\/uploads\/2023\/11\/59-1.png","width":560,"height":315},{"@type":"BreadcrumbList","@id":"https:\/\/fullsolutions.info\/produto\/detector-uvir-para-ambientes-de-deteccao-complexos-det-tronics\/#breadcrumb","itemListElement":[{"@type":"ListItem","position":1,"name":"In\u00edcio","item":"https:\/\/fullsolutions.info\/"},{"@type":"ListItem","position":2,"name":"Produtos","item":"https:\/\/fullsolutions.info\/shop\/"},{"@type":"ListItem","position":3,"name":"Detector UVIR para ambientes de detec\u00e7\u00e3o complexos DET-TRONICS"}]},{"@type":"WebSite","@id":"https:\/\/fullsolutions.info\/#website","url":"https:\/\/fullsolutions.info\/","name":"Full Solutions","description":"Empresa na \u00c1rea de Procurement","publisher":{"@id":"https:\/\/fullsolutions.info\/#organization"},"potentialAction":[{"@type":"SearchAction","target":{"@type":"EntryPoint","urlTemplate":"https:\/\/fullsolutions.info\/?s={search_term_string}"},"query-input":{"@type":"PropertyValueSpecification","valueRequired":true,"valueName":"search_term_string"}}],"inLanguage":"en-US"},{"@type":"Organization","@id":"https:\/\/fullsolutions.info\/#organization","name":"Full Solutions","url":"https:\/\/fullsolutions.info\/","logo":{"@type":"ImageObject","inLanguage":"en-US","@id":"https:\/\/fullsolutions.info\/#\/schema\/logo\/image\/","url":"https:\/\/mlhff0prgoxu.i.optimole.com\/cb:s0sM.767\/w:auto\/h:auto\/q:mauto\/f:best\/https:\/\/fullsolutions.info\/wp-content\/uploads\/2021\/07\/cropped-Design-sem-nome-300x193-1-e1627062664782.png","contentUrl":"https:\/\/mlhff0prgoxu.i.optimole.com\/cb:s0sM.767\/w:auto\/h:auto\/q:mauto\/f:best\/https:\/\/fullsolutions.info\/wp-content\/uploads\/2021\/07\/cropped-Design-sem-nome-300x193-1-e1627062664782.png","width":202,"height":155,"caption":"Full Solutions"},"image":{"@id":"https:\/\/fullsolutions.info\/#\/schema\/logo\/image\/"},"sameAs":["https:\/\/www.linkedin.com\/company\/full-solutions-equipment"]}]}},"_links":{"self":[{"href":"https:\/\/fullsolutions.info\/en\/wp-json\/wp\/v2\/product\/3887","targetHints":{"allow":["GET"]}}],"collection":[{"href":"https:\/\/fullsolutions.info\/en\/wp-json\/wp\/v2\/product"}],"about":[{"href":"https:\/\/fullsolutions.info\/en\/wp-json\/wp\/v2\/types\/product"}],"replies":[{"embeddable":true,"href":"https:\/\/fullsolutions.info\/en\/wp-json\/wp\/v2\/comments?post=3887"}],"wp:featuredmedia":[{"embeddable":true,"href":"https:\/\/fullsolutions.info\/en\/wp-json\/wp\/v2\/media\/3888"}],"wp:attachment":[{"href":"https:\/\/fullsolutions.info\/en\/wp-json\/wp\/v2\/media?parent=3887"}],"wp:term":[{"taxonomy":"product_brand","embeddable":true,"href":"https:\/\/fullsolutions.info\/en\/wp-json\/wp\/v2\/product_brand?post=3887"},{"taxonomy":"product_cat","embeddable":true,"href":"https:\/\/fullsolutions.info\/en\/wp-json\/wp\/v2\/product_cat?post=3887"},{"taxonomy":"product_tag","embeddable":true,"href":"https:\/\/fullsolutions.info\/en\/wp-json\/wp\/v2\/product_tag?post=3887"},{"taxonomy":"marca","embeddable":true,"href":"https:\/\/fullsolutions.info\/en\/wp-json\/wp\/v2\/marca?post=3887"}],"curies":[{"name":"wp","href":"https:\/\/api.w.org\/{rel}","templated":true}]}}