{"id":3885,"date":"2023-11-01T17:47:10","date_gmt":"2023-11-01T17:47:10","guid":{"rendered":"https:\/\/fullsolutionsequip.com\/?post_type=product&#038;p=3885"},"modified":"2024-02-19T16:14:40","modified_gmt":"2024-02-19T16:14:40","slug":"controlador-det-tronics-eagle-quantum-premier-eqp","status":"publish","type":"product","link":"https:\/\/fullsolutions.info\/en\/product\/controlador-det-tronics-eagle-quantum-premier-eqp\/","title":{"rendered":"Controlador DET-TRONICS Eagle Quantum Premier (EQP)"},"content":{"rendered":"<div class=\"elementor-element elementor-element-b17befe elementor-widget elementor-widget-heading\" data-id=\"b17befe\" data-element_type=\"widget\" data-widget_type=\"heading.default\">\n<div class=\"elementor-widget-container\">\n<p class=\"elementor-heading-title elementor-size-default\"><strong>Descri\u00e7\u00e3o<\/strong><\/p>\n<\/div>\n<\/div>\n<div class=\"elementor-element elementor-element-2dbd9d0 elementor-widget elementor-widget-text-editor\" data-id=\"2dbd9d0\" data-element_type=\"widget\" data-widget_type=\"text-editor.default\">\n<div class=\"elementor-widget-container\">\n<div class=\"elementor-text-editor elementor-clearfix\">\n<p>Os controladores EQP e seus m\u00f3dulos auxiliares s\u00e3o projetados para fornecer prote\u00e7\u00e3o confi\u00e1vel em opera\u00e7\u00f5es de processo severas e exigentes e condi\u00e7\u00f5es ambientais em todo o mundo.<\/p>\n<p>Projetado para se adaptar a uma ampla gama de casos de uso, o controlador EQP monitora, supervisiona, inicia e controla:<\/p>\n<ul>\n<li>Dispositivos de detec\u00e7\u00e3o de\u00a0<a href=\"https:\/\/www.det-tronics.com\/producttypes\/flame-detection\" target=\"_blank\" rel=\"noopener\">chama<\/a>\u00a0e\u00a0<a href=\"https:\/\/www.det-tronics.com\/producttypes\/gas-detection\" target=\"_blank\" rel=\"noopener\">g\u00e1s<\/a><\/li>\n<li>Relat\u00f3rio e an\u00fancio de alarme<\/li>\n<li>Notifica\u00e7\u00e3o \u2013 local e remota<\/li>\n<li>Libera\u00e7\u00e3o de agente extintor<\/li>\n<li>Inicia\u00e7\u00e3o da opera\u00e7\u00e3o de dil\u00favio<\/li>\n<\/ul>\n<h3>Comunica\u00e7\u00e3o tolerante a falhas<\/h3>\n<p>Todos os componentes do sistema de seguran\u00e7a EQP s\u00e3o integrados em uma rede de comunica\u00e7\u00e3o digital tolerante a falhas.\u00a0O sistema \u00e9 adequado para aplica\u00e7\u00f5es industriais severas que requerem um sistema de prote\u00e7\u00e3o classificado para locais perigosos.<\/p>\n<\/div>\n<\/div>\n<\/div>","protected":false},"excerpt":{"rendered":"<p>Descri\u00e7\u00e3o Os controladores EQP e seus m\u00f3dulos auxiliares s\u00e3o projetados para fornecer prote\u00e7\u00e3o confi\u00e1vel em opera\u00e7\u00f5es de processo severas e exigentes e condi\u00e7\u00f5es ambientais em todo o mundo. Projetado para se adaptar a uma ampla gama de casos de uso, o controlador EQP monitora, supervisiona, inicia e controla: Dispositivos de detec\u00e7\u00e3o de\u00a0chama\u00a0e\u00a0g\u00e1s Relat\u00f3rio e an\u00fancio de alarme Notifica\u00e7\u00e3o \u2013 local e remota Libera\u00e7\u00e3o de agente extintor Inicia\u00e7\u00e3o da opera\u00e7\u00e3o de dil\u00favio Comunica\u00e7\u00e3o tolerante a falhas Todos os componentes do sistema de seguran\u00e7a EQP s\u00e3o integrados em uma rede de comunica\u00e7\u00e3o digital tolerante a falhas.\u00a0O sistema \u00e9 adequado para aplica\u00e7\u00f5es industriais severas que requerem um sistema de prote\u00e7\u00e3o classificado para locais perigosos.<\/p>","protected":false},"featured_media":3886,"comment_status":"open","ping_status":"closed","template":"","meta":{"_joinchat":[]},"product_brand":[],"product_cat":[138],"product_tag":[],"marca":[93],"class_list":{"0":"post-3885","1":"product","2":"type-product","3":"status-publish","4":"has-post-thumbnail","6":"product_cat-sistemas-de-deteccao-de-incendio-e-gas","7":"marca-det-tronics","9":"first","10":"instock","11":"shipping-taxable","12":"purchasable","13":"product-type-simple"},"yoast_head":"<!-- This site is optimized with the Yoast SEO plugin v27.2 - https:\/\/yoast.com\/product\/yoast-seo-wordpress\/ -->\n<title>Controlador DET-TRONICS Eagle Quantum Premier (EQP) - Full Solutions<\/title>\n<meta name=\"robots\" content=\"index, follow, max-snippet:-1, max-image-preview:large, max-video-preview:-1\" \/>\n<link rel=\"canonical\" href=\"https:\/\/fullsolutions.info\/en\/product\/controlador-det-tronics-eagle-quantum-premier-eqp\/\" \/>\n<meta property=\"og:locale\" content=\"en_US\" \/>\n<meta property=\"og:type\" content=\"article\" \/>\n<meta property=\"og:title\" content=\"Controlador DET-TRONICS Eagle Quantum Premier (EQP) - Full Solutions\" \/>\n<meta property=\"og:description\" content=\"Descri\u00e7\u00e3o Os controladores EQP e seus m\u00f3dulos auxiliares s\u00e3o projetados para fornecer prote\u00e7\u00e3o confi\u00e1vel em opera\u00e7\u00f5es de processo severas e exigentes e condi\u00e7\u00f5es ambientais em todo o mundo. Projetado para se adaptar a uma ampla gama de casos de uso, o controlador EQP monitora, supervisiona, inicia e controla: Dispositivos de detec\u00e7\u00e3o de\u00a0chama\u00a0e\u00a0g\u00e1s Relat\u00f3rio e an\u00fancio de alarme Notifica\u00e7\u00e3o \u2013 local e remota Libera\u00e7\u00e3o de agente extintor Inicia\u00e7\u00e3o da opera\u00e7\u00e3o de dil\u00favio Comunica\u00e7\u00e3o tolerante a falhas Todos os componentes do sistema de seguran\u00e7a EQP s\u00e3o integrados em uma rede de comunica\u00e7\u00e3o digital tolerante a falhas.\u00a0O sistema \u00e9 adequado para aplica\u00e7\u00f5es industriais severas que requerem um sistema de prote\u00e7\u00e3o classificado para locais perigosos.\" \/>\n<meta property=\"og:url\" content=\"https:\/\/fullsolutions.info\/en\/product\/controlador-det-tronics-eagle-quantum-premier-eqp\/\" \/>\n<meta property=\"og:site_name\" content=\"Full Solutions\" \/>\n<meta property=\"article:modified_time\" content=\"2024-02-19T16:14:40+00:00\" \/>\n<meta property=\"og:image\" content=\"https:\/\/mlhff0prgoxu.i.optimole.com\/cb:s0sM.767\/w:auto\/h:auto\/q:mauto\/f:best\/https:\/\/fullsolutions.info\/wp-content\/uploads\/2023\/11\/58-1.png\" \/>\n\t<meta property=\"og:image:width\" content=\"560\" \/>\n\t<meta property=\"og:image:height\" content=\"315\" \/>\n\t<meta property=\"og:image:type\" content=\"image\/png\" \/>\n<meta name=\"twitter:card\" content=\"summary_large_image\" \/>\n<meta name=\"twitter:label1\" content=\"Est. reading time\" \/>\n\t<meta name=\"twitter:data1\" content=\"1 minute\" \/>\n<script type=\"application\/ld+json\" class=\"yoast-schema-graph\">{\"@context\":\"https:\/\/schema.org\",\"@graph\":[{\"@type\":\"WebPage\",\"@id\":\"https:\/\/fullsolutions.info\/produto\/controlador-det-tronics-eagle-quantum-premier-eqp\/\",\"url\":\"https:\/\/fullsolutions.info\/produto\/controlador-det-tronics-eagle-quantum-premier-eqp\/\",\"name\":\"Controlador DET-TRONICS Eagle Quantum Premier (EQP) - Full Solutions\",\"isPartOf\":{\"@id\":\"https:\/\/fullsolutions.info\/#website\"},\"primaryImageOfPage\":{\"@id\":\"https:\/\/fullsolutions.info\/produto\/controlador-det-tronics-eagle-quantum-premier-eqp\/#primaryimage\"},\"image\":{\"@id\":\"https:\/\/fullsolutions.info\/produto\/controlador-det-tronics-eagle-quantum-premier-eqp\/#primaryimage\"},\"thumbnailUrl\":\"https:\/\/mlhff0prgoxu.i.optimole.com\/cb:s0sM.767\/w:auto\/h:auto\/q:mauto\/f:best\/https:\/\/fullsolutions.info\/wp-content\/uploads\/2023\/11\/58-1.png\",\"datePublished\":\"2023-11-01T17:47:10+00:00\",\"dateModified\":\"2024-02-19T16:14:40+00:00\",\"breadcrumb\":{\"@id\":\"https:\/\/fullsolutions.info\/produto\/controlador-det-tronics-eagle-quantum-premier-eqp\/#breadcrumb\"},\"inLanguage\":\"en-US\",\"potentialAction\":[{\"@type\":\"ReadAction\",\"target\":[\"https:\/\/fullsolutions.info\/produto\/controlador-det-tronics-eagle-quantum-premier-eqp\/\"]}]},{\"@type\":\"ImageObject\",\"inLanguage\":\"en-US\",\"@id\":\"https:\/\/fullsolutions.info\/produto\/controlador-det-tronics-eagle-quantum-premier-eqp\/#primaryimage\",\"url\":\"https:\/\/mlhff0prgoxu.i.optimole.com\/cb:s0sM.767\/w:auto\/h:auto\/q:mauto\/f:best\/https:\/\/fullsolutions.info\/wp-content\/uploads\/2023\/11\/58-1.png\",\"contentUrl\":\"https:\/\/mlhff0prgoxu.i.optimole.com\/cb:s0sM.767\/w:auto\/h:auto\/q:mauto\/f:best\/https:\/\/fullsolutions.info\/wp-content\/uploads\/2023\/11\/58-1.png\",\"width\":560,\"height\":315},{\"@type\":\"BreadcrumbList\",\"@id\":\"https:\/\/fullsolutions.info\/produto\/controlador-det-tronics-eagle-quantum-premier-eqp\/#breadcrumb\",\"itemListElement\":[{\"@type\":\"ListItem\",\"position\":1,\"name\":\"In\u00edcio\",\"item\":\"https:\/\/fullsolutions.info\/\"},{\"@type\":\"ListItem\",\"position\":2,\"name\":\"Produtos\",\"item\":\"https:\/\/fullsolutions.info\/shop\/\"},{\"@type\":\"ListItem\",\"position\":3,\"name\":\"Controlador DET-TRONICS Eagle Quantum Premier (EQP)\"}]},{\"@type\":\"WebSite\",\"@id\":\"https:\/\/fullsolutions.info\/#website\",\"url\":\"https:\/\/fullsolutions.info\/\",\"name\":\"Full Solutions\",\"description\":\"Empresa na \u00c1rea de Procurement\",\"publisher\":{\"@id\":\"https:\/\/fullsolutions.info\/#organization\"},\"potentialAction\":[{\"@type\":\"SearchAction\",\"target\":{\"@type\":\"EntryPoint\",\"urlTemplate\":\"https:\/\/fullsolutions.info\/?s={search_term_string}\"},\"query-input\":{\"@type\":\"PropertyValueSpecification\",\"valueRequired\":true,\"valueName\":\"search_term_string\"}}],\"inLanguage\":\"en-US\"},{\"@type\":\"Organization\",\"@id\":\"https:\/\/fullsolutions.info\/#organization\",\"name\":\"Full Solutions\",\"url\":\"https:\/\/fullsolutions.info\/\",\"logo\":{\"@type\":\"ImageObject\",\"inLanguage\":\"en-US\",\"@id\":\"https:\/\/fullsolutions.info\/#\/schema\/logo\/image\/\",\"url\":\"https:\/\/mlhff0prgoxu.i.optimole.com\/cb:s0sM.767\/w:auto\/h:auto\/q:mauto\/f:best\/https:\/\/fullsolutions.info\/wp-content\/uploads\/2021\/07\/cropped-Design-sem-nome-300x193-1-e1627062664782.png\",\"contentUrl\":\"https:\/\/mlhff0prgoxu.i.optimole.com\/cb:s0sM.767\/w:auto\/h:auto\/q:mauto\/f:best\/https:\/\/fullsolutions.info\/wp-content\/uploads\/2021\/07\/cropped-Design-sem-nome-300x193-1-e1627062664782.png\",\"width\":202,\"height\":155,\"caption\":\"Full Solutions\"},\"image\":{\"@id\":\"https:\/\/fullsolutions.info\/#\/schema\/logo\/image\/\"},\"sameAs\":[\"https:\/\/www.linkedin.com\/company\/full-solutions-equipment\"]}]}<\/script>\n<!-- \/ Yoast SEO plugin. -->","yoast_head_json":{"title":"Controlador DET-TRONICS Eagle Quantum Premier (EQP) - Full Solutions","robots":{"index":"index","follow":"follow","max-snippet":"max-snippet:-1","max-image-preview":"max-image-preview:large","max-video-preview":"max-video-preview:-1"},"canonical":"https:\/\/fullsolutions.info\/en\/product\/controlador-det-tronics-eagle-quantum-premier-eqp\/","og_locale":"en_US","og_type":"article","og_title":"Controlador DET-TRONICS Eagle Quantum Premier (EQP) - Full Solutions","og_description":"Descri\u00e7\u00e3o Os controladores EQP e seus m\u00f3dulos auxiliares s\u00e3o projetados para fornecer prote\u00e7\u00e3o confi\u00e1vel em opera\u00e7\u00f5es de processo severas e exigentes e condi\u00e7\u00f5es ambientais em todo o mundo. Projetado para se adaptar a uma ampla gama de casos de uso, o controlador EQP monitora, supervisiona, inicia e controla: Dispositivos de detec\u00e7\u00e3o de\u00a0chama\u00a0e\u00a0g\u00e1s Relat\u00f3rio e an\u00fancio de alarme Notifica\u00e7\u00e3o \u2013 local e remota Libera\u00e7\u00e3o de agente extintor Inicia\u00e7\u00e3o da opera\u00e7\u00e3o de dil\u00favio Comunica\u00e7\u00e3o tolerante a falhas Todos os componentes do sistema de seguran\u00e7a EQP s\u00e3o integrados em uma rede de comunica\u00e7\u00e3o digital tolerante a falhas.\u00a0O sistema \u00e9 adequado para aplica\u00e7\u00f5es industriais severas que requerem um sistema de prote\u00e7\u00e3o classificado para locais perigosos.","og_url":"https:\/\/fullsolutions.info\/en\/product\/controlador-det-tronics-eagle-quantum-premier-eqp\/","og_site_name":"Full Solutions","article_modified_time":"2024-02-19T16:14:40+00:00","og_image":[{"width":560,"height":315,"url":"https:\/\/mlhff0prgoxu.i.optimole.com\/cb:s0sM.767\/w:auto\/h:auto\/q:mauto\/f:best\/https:\/\/fullsolutions.info\/wp-content\/uploads\/2023\/11\/58-1.png","type":"image\/png"}],"twitter_card":"summary_large_image","twitter_misc":{"Est. reading time":"1 minute"},"schema":{"@context":"https:\/\/schema.org","@graph":[{"@type":"WebPage","@id":"https:\/\/fullsolutions.info\/produto\/controlador-det-tronics-eagle-quantum-premier-eqp\/","url":"https:\/\/fullsolutions.info\/produto\/controlador-det-tronics-eagle-quantum-premier-eqp\/","name":"Controlador DET-TRONICS Eagle Quantum Premier (EQP) - Full Solutions","isPartOf":{"@id":"https:\/\/fullsolutions.info\/#website"},"primaryImageOfPage":{"@id":"https:\/\/fullsolutions.info\/produto\/controlador-det-tronics-eagle-quantum-premier-eqp\/#primaryimage"},"image":{"@id":"https:\/\/fullsolutions.info\/produto\/controlador-det-tronics-eagle-quantum-premier-eqp\/#primaryimage"},"thumbnailUrl":"https:\/\/mlhff0prgoxu.i.optimole.com\/cb:s0sM.767\/w:auto\/h:auto\/q:mauto\/f:best\/https:\/\/fullsolutions.info\/wp-content\/uploads\/2023\/11\/58-1.png","datePublished":"2023-11-01T17:47:10+00:00","dateModified":"2024-02-19T16:14:40+00:00","breadcrumb":{"@id":"https:\/\/fullsolutions.info\/produto\/controlador-det-tronics-eagle-quantum-premier-eqp\/#breadcrumb"},"inLanguage":"en-US","potentialAction":[{"@type":"ReadAction","target":["https:\/\/fullsolutions.info\/produto\/controlador-det-tronics-eagle-quantum-premier-eqp\/"]}]},{"@type":"ImageObject","inLanguage":"en-US","@id":"https:\/\/fullsolutions.info\/produto\/controlador-det-tronics-eagle-quantum-premier-eqp\/#primaryimage","url":"https:\/\/mlhff0prgoxu.i.optimole.com\/cb:s0sM.767\/w:auto\/h:auto\/q:mauto\/f:best\/https:\/\/fullsolutions.info\/wp-content\/uploads\/2023\/11\/58-1.png","contentUrl":"https:\/\/mlhff0prgoxu.i.optimole.com\/cb:s0sM.767\/w:auto\/h:auto\/q:mauto\/f:best\/https:\/\/fullsolutions.info\/wp-content\/uploads\/2023\/11\/58-1.png","width":560,"height":315},{"@type":"BreadcrumbList","@id":"https:\/\/fullsolutions.info\/produto\/controlador-det-tronics-eagle-quantum-premier-eqp\/#breadcrumb","itemListElement":[{"@type":"ListItem","position":1,"name":"In\u00edcio","item":"https:\/\/fullsolutions.info\/"},{"@type":"ListItem","position":2,"name":"Produtos","item":"https:\/\/fullsolutions.info\/shop\/"},{"@type":"ListItem","position":3,"name":"Controlador DET-TRONICS Eagle Quantum Premier (EQP)"}]},{"@type":"WebSite","@id":"https:\/\/fullsolutions.info\/#website","url":"https:\/\/fullsolutions.info\/","name":"Full Solutions","description":"Empresa na \u00c1rea de Procurement","publisher":{"@id":"https:\/\/fullsolutions.info\/#organization"},"potentialAction":[{"@type":"SearchAction","target":{"@type":"EntryPoint","urlTemplate":"https:\/\/fullsolutions.info\/?s={search_term_string}"},"query-input":{"@type":"PropertyValueSpecification","valueRequired":true,"valueName":"search_term_string"}}],"inLanguage":"en-US"},{"@type":"Organization","@id":"https:\/\/fullsolutions.info\/#organization","name":"Full Solutions","url":"https:\/\/fullsolutions.info\/","logo":{"@type":"ImageObject","inLanguage":"en-US","@id":"https:\/\/fullsolutions.info\/#\/schema\/logo\/image\/","url":"https:\/\/mlhff0prgoxu.i.optimole.com\/cb:s0sM.767\/w:auto\/h:auto\/q:mauto\/f:best\/https:\/\/fullsolutions.info\/wp-content\/uploads\/2021\/07\/cropped-Design-sem-nome-300x193-1-e1627062664782.png","contentUrl":"https:\/\/mlhff0prgoxu.i.optimole.com\/cb:s0sM.767\/w:auto\/h:auto\/q:mauto\/f:best\/https:\/\/fullsolutions.info\/wp-content\/uploads\/2021\/07\/cropped-Design-sem-nome-300x193-1-e1627062664782.png","width":202,"height":155,"caption":"Full Solutions"},"image":{"@id":"https:\/\/fullsolutions.info\/#\/schema\/logo\/image\/"},"sameAs":["https:\/\/www.linkedin.com\/company\/full-solutions-equipment"]}]}},"_links":{"self":[{"href":"https:\/\/fullsolutions.info\/en\/wp-json\/wp\/v2\/product\/3885","targetHints":{"allow":["GET"]}}],"collection":[{"href":"https:\/\/fullsolutions.info\/en\/wp-json\/wp\/v2\/product"}],"about":[{"href":"https:\/\/fullsolutions.info\/en\/wp-json\/wp\/v2\/types\/product"}],"replies":[{"embeddable":true,"href":"https:\/\/fullsolutions.info\/en\/wp-json\/wp\/v2\/comments?post=3885"}],"wp:featuredmedia":[{"embeddable":true,"href":"https:\/\/fullsolutions.info\/en\/wp-json\/wp\/v2\/media\/3886"}],"wp:attachment":[{"href":"https:\/\/fullsolutions.info\/en\/wp-json\/wp\/v2\/media?parent=3885"}],"wp:term":[{"taxonomy":"product_brand","embeddable":true,"href":"https:\/\/fullsolutions.info\/en\/wp-json\/wp\/v2\/product_brand?post=3885"},{"taxonomy":"product_cat","embeddable":true,"href":"https:\/\/fullsolutions.info\/en\/wp-json\/wp\/v2\/product_cat?post=3885"},{"taxonomy":"product_tag","embeddable":true,"href":"https:\/\/fullsolutions.info\/en\/wp-json\/wp\/v2\/product_tag?post=3885"},{"taxonomy":"marca","embeddable":true,"href":"https:\/\/fullsolutions.info\/en\/wp-json\/wp\/v2\/marca?post=3885"}],"curies":[{"name":"wp","href":"https:\/\/api.w.org\/{rel}","templated":true}]}}