{"id":3883,"date":"2023-11-01T17:46:23","date_gmt":"2023-11-01T17:46:23","guid":{"rendered":"https:\/\/fullsolutionsequip.com\/?post_type=product&#038;p=3883"},"modified":"2024-02-19T16:14:40","modified_gmt":"2024-02-19T16:14:40","slug":"gabinetes-de-sistema-configuraveis-eq3900-det-tronics","status":"publish","type":"product","link":"https:\/\/fullsolutions.info\/en\/product\/gabinetes-de-sistema-configuraveis-eq3900-det-tronics\/","title":{"rendered":"Gabinetes de sistema configur\u00e1veis EQ3900 DET-TRONICS"},"content":{"rendered":"<div class=\"elementor-element elementor-element-b17befe elementor-widget elementor-widget-heading\" data-id=\"b17befe\" data-element_type=\"widget\" data-widget_type=\"heading.default\">\n<div class=\"elementor-widget-container\">\n<p class=\"elementor-heading-title elementor-size-default\"><strong>Descri\u00e7\u00e3o<\/strong><\/p>\n<\/div>\n<\/div>\n<div class=\"elementor-element elementor-element-2dbd9d0 elementor-widget elementor-widget-text-editor\" data-id=\"2dbd9d0\" data-element_type=\"widget\" data-widget_type=\"text-editor.default\">\n<div class=\"elementor-widget-container\">\n<div class=\"elementor-text-editor elementor-clearfix\">\n<ul>\n<li>Os gabinetes e componentes pr\u00e9-certificados simplificam a configura\u00e7\u00e3o do sistema, reduzem o tempo total do projeto e agilizam a conformidade com as autoridades locais com jurisdi\u00e7\u00e3o (AHJs)<\/li>\n<li>Eletr\u00f4nica e fia\u00e7\u00e3o testados na f\u00e1brica<\/li>\n<li>Pacote completo de documenta\u00e7\u00e3o do sistema<\/li>\n<li>Est\u00e3o dispon\u00edveis arm\u00e1rios montados na parede e no ch\u00e3o<\/li>\n<li>Os gabinetes podem ser equipados com uma janela, tela, indicadores, buzinas de painel, chaves seletoras e atuadores<\/li>\n<li>O controlador EQP se comunica com dispositivos de campo, Det-Tronics e terceiros, por meio de loop tolerante a falhas e topologias ponto a ponto<\/li>\n<li>O controlador EQP se comunica com outros sistemas de controle de processo (PCS) e desligamento de emerg\u00eancia da planta (PSD) por meio de v\u00e1rios protocolos padr\u00e3o da ind\u00fastria<\/li>\n<\/ul>\n<h3><strong>Especifica\u00e7\u00f5es t\u00e9cnicas<\/strong><\/h3>\n<p>Os gabinetes s\u00e3o certificados para ambientes e requisitos de instala\u00e7\u00e3o espec\u00edficos.\u00a0Dependendo do modelo e de suas necessidades, cada um \u00e9 configur\u00e1vel para abrigar e proteger v\u00e1rias combina\u00e7\u00f5es de:<\/p>\n<ul>\n<li>Controlador de sistema de seguran\u00e7a Eagle Quantum Premier\u00ae (EQP) dispon\u00edvel em configura\u00e7\u00f5es aut\u00f4nomas e redundantes<\/li>\n<li>M\u00f3dulos de entrada \/ sa\u00edda de 8 canais \u2013 anal\u00f3gico e digital<\/li>\n<li>Rel\u00e9s de ativa\u00e7\u00e3o (Tyco e Phoenix Contact, dependendo dos requisitos)<\/li>\n<li>Operadores de bot\u00e3o de press\u00e3o aprovados<\/li>\n<li>M\u00f3dulo de distribui\u00e7\u00e3o de energia<\/li>\n<\/ul>\n<\/div>\n<\/div>\n<\/div>","protected":false},"excerpt":{"rendered":"<p>Descri\u00e7\u00e3o Os gabinetes e componentes pr\u00e9-certificados simplificam a configura\u00e7\u00e3o do sistema, reduzem o tempo total do projeto e agilizam a conformidade com as autoridades locais com jurisdi\u00e7\u00e3o (AHJs) Eletr\u00f4nica e fia\u00e7\u00e3o testados na f\u00e1brica Pacote completo de documenta\u00e7\u00e3o do sistema Est\u00e3o dispon\u00edveis arm\u00e1rios montados na parede e no ch\u00e3o Os gabinetes podem ser equipados com uma janela, tela, indicadores, buzinas de painel, chaves seletoras e atuadores O controlador EQP se comunica com dispositivos de campo, Det-Tronics e terceiros, por meio de loop tolerante a falhas e topologias ponto a ponto O controlador EQP se comunica com outros sistemas de controle de processo (PCS) e desligamento de emerg\u00eancia da planta (PSD) por meio de v\u00e1rios protocolos padr\u00e3o da ind\u00fastria Especifica\u00e7\u00f5es t\u00e9cnicas Os gabinetes s\u00e3o certificados para ambientes e requisitos de instala\u00e7\u00e3o espec\u00edficos.\u00a0Dependendo do modelo e de suas necessidades, cada um \u00e9 configur\u00e1vel para abrigar e proteger v\u00e1rias combina\u00e7\u00f5es de: Controlador de sistema de seguran\u00e7a Eagle Quantum Premier\u00ae (EQP) dispon\u00edvel em configura\u00e7\u00f5es aut\u00f4nomas e redundantes M\u00f3dulos de entrada \/ sa\u00edda de 8 canais \u2013 anal\u00f3gico e digital Rel\u00e9s de ativa\u00e7\u00e3o (Tyco e Phoenix Contact, dependendo dos requisitos) Operadores de bot\u00e3o de press\u00e3o aprovados M\u00f3dulo de distribui\u00e7\u00e3o de energia<\/p>","protected":false},"featured_media":3884,"comment_status":"open","ping_status":"closed","template":"","meta":{"_joinchat":[]},"product_brand":[],"product_cat":[138],"product_tag":[],"marca":[93],"class_list":{"0":"post-3883","1":"product","2":"type-product","3":"status-publish","4":"has-post-thumbnail","6":"product_cat-sistemas-de-deteccao-de-incendio-e-gas","7":"marca-det-tronics","9":"first","10":"instock","11":"shipping-taxable","12":"purchasable","13":"product-type-simple"},"yoast_head":"<!-- This site is optimized with the Yoast SEO plugin v27.2 - https:\/\/yoast.com\/product\/yoast-seo-wordpress\/ -->\n<title>Gabinetes de sistema configur\u00e1veis EQ3900 DET-TRONICS - Full Solutions<\/title>\n<meta name=\"robots\" content=\"index, follow, max-snippet:-1, max-image-preview:large, max-video-preview:-1\" \/>\n<link rel=\"canonical\" href=\"https:\/\/fullsolutions.info\/en\/product\/gabinetes-de-sistema-configuraveis-eq3900-det-tronics\/\" \/>\n<meta property=\"og:locale\" content=\"en_US\" \/>\n<meta property=\"og:type\" content=\"article\" \/>\n<meta property=\"og:title\" content=\"Gabinetes de sistema configur\u00e1veis EQ3900 DET-TRONICS - Full Solutions\" \/>\n<meta property=\"og:description\" content=\"Descri\u00e7\u00e3o Os gabinetes e componentes pr\u00e9-certificados simplificam a configura\u00e7\u00e3o do sistema, reduzem o tempo total do projeto e agilizam a conformidade com as autoridades locais com jurisdi\u00e7\u00e3o (AHJs) Eletr\u00f4nica e fia\u00e7\u00e3o testados na f\u00e1brica Pacote completo de documenta\u00e7\u00e3o do sistema Est\u00e3o dispon\u00edveis arm\u00e1rios montados na parede e no ch\u00e3o Os gabinetes podem ser equipados com uma janela, tela, indicadores, buzinas de painel, chaves seletoras e atuadores O controlador EQP se comunica com dispositivos de campo, Det-Tronics e terceiros, por meio de loop tolerante a falhas e topologias ponto a ponto O controlador EQP se comunica com outros sistemas de controle de processo (PCS) e desligamento de emerg\u00eancia da planta (PSD) por meio de v\u00e1rios protocolos padr\u00e3o da ind\u00fastria Especifica\u00e7\u00f5es t\u00e9cnicas Os gabinetes s\u00e3o certificados para ambientes e requisitos de instala\u00e7\u00e3o espec\u00edficos.\u00a0Dependendo do modelo e de suas necessidades, cada um \u00e9 configur\u00e1vel para abrigar e proteger v\u00e1rias combina\u00e7\u00f5es de: Controlador de sistema de seguran\u00e7a Eagle Quantum Premier\u00ae (EQP) dispon\u00edvel em configura\u00e7\u00f5es aut\u00f4nomas e redundantes M\u00f3dulos de entrada \/ sa\u00edda de 8 canais \u2013 anal\u00f3gico e digital Rel\u00e9s de ativa\u00e7\u00e3o (Tyco e Phoenix Contact, dependendo dos requisitos) Operadores de bot\u00e3o de press\u00e3o aprovados M\u00f3dulo de distribui\u00e7\u00e3o de energia\" \/>\n<meta property=\"og:url\" content=\"https:\/\/fullsolutions.info\/en\/product\/gabinetes-de-sistema-configuraveis-eq3900-det-tronics\/\" \/>\n<meta property=\"og:site_name\" content=\"Full Solutions\" \/>\n<meta property=\"article:modified_time\" content=\"2024-02-19T16:14:40+00:00\" \/>\n<meta property=\"og:image\" content=\"https:\/\/mlhff0prgoxu.i.optimole.com\/cb:s0sM.767\/w:auto\/h:auto\/q:mauto\/f:best\/https:\/\/fullsolutions.info\/wp-content\/uploads\/2023\/11\/57-1.png\" \/>\n\t<meta property=\"og:image:width\" content=\"560\" \/>\n\t<meta property=\"og:image:height\" content=\"315\" \/>\n\t<meta property=\"og:image:type\" content=\"image\/png\" \/>\n<meta name=\"twitter:card\" content=\"summary_large_image\" \/>\n<meta name=\"twitter:label1\" content=\"Est. reading time\" \/>\n\t<meta name=\"twitter:data1\" content=\"1 minute\" \/>\n<script type=\"application\/ld+json\" class=\"yoast-schema-graph\">{\"@context\":\"https:\/\/schema.org\",\"@graph\":[{\"@type\":\"WebPage\",\"@id\":\"https:\/\/fullsolutions.info\/produto\/gabinetes-de-sistema-configuraveis-eq3900-det-tronics\/\",\"url\":\"https:\/\/fullsolutions.info\/produto\/gabinetes-de-sistema-configuraveis-eq3900-det-tronics\/\",\"name\":\"Gabinetes de sistema configur\u00e1veis EQ3900 DET-TRONICS - Full Solutions\",\"isPartOf\":{\"@id\":\"https:\/\/fullsolutions.info\/#website\"},\"primaryImageOfPage\":{\"@id\":\"https:\/\/fullsolutions.info\/produto\/gabinetes-de-sistema-configuraveis-eq3900-det-tronics\/#primaryimage\"},\"image\":{\"@id\":\"https:\/\/fullsolutions.info\/produto\/gabinetes-de-sistema-configuraveis-eq3900-det-tronics\/#primaryimage\"},\"thumbnailUrl\":\"https:\/\/mlhff0prgoxu.i.optimole.com\/cb:s0sM.767\/w:auto\/h:auto\/q:mauto\/f:best\/https:\/\/fullsolutions.info\/wp-content\/uploads\/2023\/11\/57-1.png\",\"datePublished\":\"2023-11-01T17:46:23+00:00\",\"dateModified\":\"2024-02-19T16:14:40+00:00\",\"breadcrumb\":{\"@id\":\"https:\/\/fullsolutions.info\/produto\/gabinetes-de-sistema-configuraveis-eq3900-det-tronics\/#breadcrumb\"},\"inLanguage\":\"en-US\",\"potentialAction\":[{\"@type\":\"ReadAction\",\"target\":[\"https:\/\/fullsolutions.info\/produto\/gabinetes-de-sistema-configuraveis-eq3900-det-tronics\/\"]}]},{\"@type\":\"ImageObject\",\"inLanguage\":\"en-US\",\"@id\":\"https:\/\/fullsolutions.info\/produto\/gabinetes-de-sistema-configuraveis-eq3900-det-tronics\/#primaryimage\",\"url\":\"https:\/\/mlhff0prgoxu.i.optimole.com\/cb:s0sM.767\/w:auto\/h:auto\/q:mauto\/f:best\/https:\/\/fullsolutions.info\/wp-content\/uploads\/2023\/11\/57-1.png\",\"contentUrl\":\"https:\/\/mlhff0prgoxu.i.optimole.com\/cb:s0sM.767\/w:auto\/h:auto\/q:mauto\/f:best\/https:\/\/fullsolutions.info\/wp-content\/uploads\/2023\/11\/57-1.png\",\"width\":560,\"height\":315},{\"@type\":\"BreadcrumbList\",\"@id\":\"https:\/\/fullsolutions.info\/produto\/gabinetes-de-sistema-configuraveis-eq3900-det-tronics\/#breadcrumb\",\"itemListElement\":[{\"@type\":\"ListItem\",\"position\":1,\"name\":\"In\u00edcio\",\"item\":\"https:\/\/fullsolutions.info\/\"},{\"@type\":\"ListItem\",\"position\":2,\"name\":\"Produtos\",\"item\":\"https:\/\/fullsolutions.info\/shop\/\"},{\"@type\":\"ListItem\",\"position\":3,\"name\":\"Gabinetes de sistema configur\u00e1veis EQ3900 DET-TRONICS\"}]},{\"@type\":\"WebSite\",\"@id\":\"https:\/\/fullsolutions.info\/#website\",\"url\":\"https:\/\/fullsolutions.info\/\",\"name\":\"Full Solutions\",\"description\":\"Empresa na \u00c1rea de Procurement\",\"publisher\":{\"@id\":\"https:\/\/fullsolutions.info\/#organization\"},\"potentialAction\":[{\"@type\":\"SearchAction\",\"target\":{\"@type\":\"EntryPoint\",\"urlTemplate\":\"https:\/\/fullsolutions.info\/?s={search_term_string}\"},\"query-input\":{\"@type\":\"PropertyValueSpecification\",\"valueRequired\":true,\"valueName\":\"search_term_string\"}}],\"inLanguage\":\"en-US\"},{\"@type\":\"Organization\",\"@id\":\"https:\/\/fullsolutions.info\/#organization\",\"name\":\"Full Solutions\",\"url\":\"https:\/\/fullsolutions.info\/\",\"logo\":{\"@type\":\"ImageObject\",\"inLanguage\":\"en-US\",\"@id\":\"https:\/\/fullsolutions.info\/#\/schema\/logo\/image\/\",\"url\":\"https:\/\/mlhff0prgoxu.i.optimole.com\/cb:s0sM.767\/w:auto\/h:auto\/q:mauto\/f:best\/https:\/\/fullsolutions.info\/wp-content\/uploads\/2021\/07\/cropped-Design-sem-nome-300x193-1-e1627062664782.png\",\"contentUrl\":\"https:\/\/mlhff0prgoxu.i.optimole.com\/cb:s0sM.767\/w:auto\/h:auto\/q:mauto\/f:best\/https:\/\/fullsolutions.info\/wp-content\/uploads\/2021\/07\/cropped-Design-sem-nome-300x193-1-e1627062664782.png\",\"width\":202,\"height\":155,\"caption\":\"Full Solutions\"},\"image\":{\"@id\":\"https:\/\/fullsolutions.info\/#\/schema\/logo\/image\/\"},\"sameAs\":[\"https:\/\/www.linkedin.com\/company\/full-solutions-equipment\"]}]}<\/script>\n<!-- \/ Yoast SEO plugin. -->","yoast_head_json":{"title":"Gabinetes de sistema configur\u00e1veis EQ3900 DET-TRONICS - Full Solutions","robots":{"index":"index","follow":"follow","max-snippet":"max-snippet:-1","max-image-preview":"max-image-preview:large","max-video-preview":"max-video-preview:-1"},"canonical":"https:\/\/fullsolutions.info\/en\/product\/gabinetes-de-sistema-configuraveis-eq3900-det-tronics\/","og_locale":"en_US","og_type":"article","og_title":"Gabinetes de sistema configur\u00e1veis EQ3900 DET-TRONICS - Full Solutions","og_description":"Descri\u00e7\u00e3o Os gabinetes e componentes pr\u00e9-certificados simplificam a configura\u00e7\u00e3o do sistema, reduzem o tempo total do projeto e agilizam a conformidade com as autoridades locais com jurisdi\u00e7\u00e3o (AHJs) Eletr\u00f4nica e fia\u00e7\u00e3o testados na f\u00e1brica Pacote completo de documenta\u00e7\u00e3o do sistema Est\u00e3o dispon\u00edveis arm\u00e1rios montados na parede e no ch\u00e3o Os gabinetes podem ser equipados com uma janela, tela, indicadores, buzinas de painel, chaves seletoras e atuadores O controlador EQP se comunica com dispositivos de campo, Det-Tronics e terceiros, por meio de loop tolerante a falhas e topologias ponto a ponto O controlador EQP se comunica com outros sistemas de controle de processo (PCS) e desligamento de emerg\u00eancia da planta (PSD) por meio de v\u00e1rios protocolos padr\u00e3o da ind\u00fastria Especifica\u00e7\u00f5es t\u00e9cnicas Os gabinetes s\u00e3o certificados para ambientes e requisitos de instala\u00e7\u00e3o espec\u00edficos.\u00a0Dependendo do modelo e de suas necessidades, cada um \u00e9 configur\u00e1vel para abrigar e proteger v\u00e1rias combina\u00e7\u00f5es de: Controlador de sistema de seguran\u00e7a Eagle Quantum Premier\u00ae (EQP) dispon\u00edvel em configura\u00e7\u00f5es aut\u00f4nomas e redundantes M\u00f3dulos de entrada \/ sa\u00edda de 8 canais \u2013 anal\u00f3gico e digital Rel\u00e9s de ativa\u00e7\u00e3o (Tyco e Phoenix Contact, dependendo dos requisitos) Operadores de bot\u00e3o de press\u00e3o aprovados M\u00f3dulo de distribui\u00e7\u00e3o de energia","og_url":"https:\/\/fullsolutions.info\/en\/product\/gabinetes-de-sistema-configuraveis-eq3900-det-tronics\/","og_site_name":"Full Solutions","article_modified_time":"2024-02-19T16:14:40+00:00","og_image":[{"width":560,"height":315,"url":"https:\/\/mlhff0prgoxu.i.optimole.com\/cb:s0sM.767\/w:auto\/h:auto\/q:mauto\/f:best\/https:\/\/fullsolutions.info\/wp-content\/uploads\/2023\/11\/57-1.png","type":"image\/png"}],"twitter_card":"summary_large_image","twitter_misc":{"Est. reading time":"1 minute"},"schema":{"@context":"https:\/\/schema.org","@graph":[{"@type":"WebPage","@id":"https:\/\/fullsolutions.info\/produto\/gabinetes-de-sistema-configuraveis-eq3900-det-tronics\/","url":"https:\/\/fullsolutions.info\/produto\/gabinetes-de-sistema-configuraveis-eq3900-det-tronics\/","name":"Gabinetes de sistema configur\u00e1veis EQ3900 DET-TRONICS - Full Solutions","isPartOf":{"@id":"https:\/\/fullsolutions.info\/#website"},"primaryImageOfPage":{"@id":"https:\/\/fullsolutions.info\/produto\/gabinetes-de-sistema-configuraveis-eq3900-det-tronics\/#primaryimage"},"image":{"@id":"https:\/\/fullsolutions.info\/produto\/gabinetes-de-sistema-configuraveis-eq3900-det-tronics\/#primaryimage"},"thumbnailUrl":"https:\/\/mlhff0prgoxu.i.optimole.com\/cb:s0sM.767\/w:auto\/h:auto\/q:mauto\/f:best\/https:\/\/fullsolutions.info\/wp-content\/uploads\/2023\/11\/57-1.png","datePublished":"2023-11-01T17:46:23+00:00","dateModified":"2024-02-19T16:14:40+00:00","breadcrumb":{"@id":"https:\/\/fullsolutions.info\/produto\/gabinetes-de-sistema-configuraveis-eq3900-det-tronics\/#breadcrumb"},"inLanguage":"en-US","potentialAction":[{"@type":"ReadAction","target":["https:\/\/fullsolutions.info\/produto\/gabinetes-de-sistema-configuraveis-eq3900-det-tronics\/"]}]},{"@type":"ImageObject","inLanguage":"en-US","@id":"https:\/\/fullsolutions.info\/produto\/gabinetes-de-sistema-configuraveis-eq3900-det-tronics\/#primaryimage","url":"https:\/\/mlhff0prgoxu.i.optimole.com\/cb:s0sM.767\/w:auto\/h:auto\/q:mauto\/f:best\/https:\/\/fullsolutions.info\/wp-content\/uploads\/2023\/11\/57-1.png","contentUrl":"https:\/\/mlhff0prgoxu.i.optimole.com\/cb:s0sM.767\/w:auto\/h:auto\/q:mauto\/f:best\/https:\/\/fullsolutions.info\/wp-content\/uploads\/2023\/11\/57-1.png","width":560,"height":315},{"@type":"BreadcrumbList","@id":"https:\/\/fullsolutions.info\/produto\/gabinetes-de-sistema-configuraveis-eq3900-det-tronics\/#breadcrumb","itemListElement":[{"@type":"ListItem","position":1,"name":"In\u00edcio","item":"https:\/\/fullsolutions.info\/"},{"@type":"ListItem","position":2,"name":"Produtos","item":"https:\/\/fullsolutions.info\/shop\/"},{"@type":"ListItem","position":3,"name":"Gabinetes de sistema configur\u00e1veis EQ3900 DET-TRONICS"}]},{"@type":"WebSite","@id":"https:\/\/fullsolutions.info\/#website","url":"https:\/\/fullsolutions.info\/","name":"Full Solutions","description":"Empresa na \u00c1rea de Procurement","publisher":{"@id":"https:\/\/fullsolutions.info\/#organization"},"potentialAction":[{"@type":"SearchAction","target":{"@type":"EntryPoint","urlTemplate":"https:\/\/fullsolutions.info\/?s={search_term_string}"},"query-input":{"@type":"PropertyValueSpecification","valueRequired":true,"valueName":"search_term_string"}}],"inLanguage":"en-US"},{"@type":"Organization","@id":"https:\/\/fullsolutions.info\/#organization","name":"Full Solutions","url":"https:\/\/fullsolutions.info\/","logo":{"@type":"ImageObject","inLanguage":"en-US","@id":"https:\/\/fullsolutions.info\/#\/schema\/logo\/image\/","url":"https:\/\/mlhff0prgoxu.i.optimole.com\/cb:s0sM.767\/w:auto\/h:auto\/q:mauto\/f:best\/https:\/\/fullsolutions.info\/wp-content\/uploads\/2021\/07\/cropped-Design-sem-nome-300x193-1-e1627062664782.png","contentUrl":"https:\/\/mlhff0prgoxu.i.optimole.com\/cb:s0sM.767\/w:auto\/h:auto\/q:mauto\/f:best\/https:\/\/fullsolutions.info\/wp-content\/uploads\/2021\/07\/cropped-Design-sem-nome-300x193-1-e1627062664782.png","width":202,"height":155,"caption":"Full Solutions"},"image":{"@id":"https:\/\/fullsolutions.info\/#\/schema\/logo\/image\/"},"sameAs":["https:\/\/www.linkedin.com\/company\/full-solutions-equipment"]}]}},"_links":{"self":[{"href":"https:\/\/fullsolutions.info\/en\/wp-json\/wp\/v2\/product\/3883","targetHints":{"allow":["GET"]}}],"collection":[{"href":"https:\/\/fullsolutions.info\/en\/wp-json\/wp\/v2\/product"}],"about":[{"href":"https:\/\/fullsolutions.info\/en\/wp-json\/wp\/v2\/types\/product"}],"replies":[{"embeddable":true,"href":"https:\/\/fullsolutions.info\/en\/wp-json\/wp\/v2\/comments?post=3883"}],"wp:featuredmedia":[{"embeddable":true,"href":"https:\/\/fullsolutions.info\/en\/wp-json\/wp\/v2\/media\/3884"}],"wp:attachment":[{"href":"https:\/\/fullsolutions.info\/en\/wp-json\/wp\/v2\/media?parent=3883"}],"wp:term":[{"taxonomy":"product_brand","embeddable":true,"href":"https:\/\/fullsolutions.info\/en\/wp-json\/wp\/v2\/product_brand?post=3883"},{"taxonomy":"product_cat","embeddable":true,"href":"https:\/\/fullsolutions.info\/en\/wp-json\/wp\/v2\/product_cat?post=3883"},{"taxonomy":"product_tag","embeddable":true,"href":"https:\/\/fullsolutions.info\/en\/wp-json\/wp\/v2\/product_tag?post=3883"},{"taxonomy":"marca","embeddable":true,"href":"https:\/\/fullsolutions.info\/en\/wp-json\/wp\/v2\/marca?post=3883"}],"curies":[{"name":"wp","href":"https:\/\/api.w.org\/{rel}","templated":true}]}}