{"id":3839,"date":"2023-11-01T13:38:41","date_gmt":"2023-11-01T13:38:41","guid":{"rendered":"https:\/\/fullsolutionsequip.com\/?post_type=product&#038;p=3839"},"modified":"2024-02-19T16:15:21","modified_gmt":"2024-02-19T16:15:21","slug":"sirene-medc-db3b","status":"publish","type":"product","link":"https:\/\/fullsolutions.info\/en\/product\/sirene-medc-db3b\/","title":{"rendered":"Sirene MEDC DB3B"},"content":{"rendered":"<div class=\"elementor-element elementor-element-b17befe elementor-widget elementor-widget-heading\" data-id=\"b17befe\" data-element_type=\"widget\" data-widget_type=\"heading.default\">\n<div class=\"elementor-widget-container\">\n<p class=\"elementor-heading-title elementor-size-default\"><strong>Descri\u00e7\u00e3o<\/strong><\/p>\n<\/div>\n<\/div>\n<div class=\"elementor-element elementor-element-2dbd9d0 elementor-widget elementor-widget-text-editor\" data-id=\"2dbd9d0\" data-element_type=\"widget\" data-widget_type=\"text-editor.default\">\n<div class=\"elementor-widget-container\">\n<div class=\"elementor-text-editor elementor-clearfix\">\n<p>De at\u00e9 122dB, Ex \u00e0 \u200b\u200bprova de intemp\u00e9ries.<\/p>\n<p>O DB3B \u00e9 uma sirene \u00e0 prova de explos\u00e3o de alta pot\u00eancia, introduzida como um substituto para o DB3 atual com\u00a0funcionalidade e desempenho\u00a0aprimorados\u00a0.\u00a0Certificado para uso em uma ampla faixa de temperaturas de -55 \u00b0 C a + 70 \u00b0 C, o gabinete Ex \u00e9 fabricado em GRP com um flare termopl\u00e1stico resistente que fornece um produto livre de corros\u00e3o e esteticamente agrad\u00e1vel.<\/p>\n<p>Capaz de produzir 122dB @ 1m e com uma gama de tons pr\u00e9-gravados, o DB3B inclui um controle de volume integral<br \/>\nque \u00e9 ideal quando uma sa\u00edda mais baixa \u00e9 necess\u00e1ria.<\/p>\n<p>A unidade \u00e9 fornecida com op\u00e7\u00f5es de controle vers\u00e1teis, permitindo compatibilidade com uma ampla gama de m\u00e9todos de controle e CLPs.<\/p>\n<p><strong>Recursos<\/strong><\/p>\n<ul>\n<li>Ex d \/ Ex de IIC \/ IIIC T4 \/ T5 \/ T6<\/li>\n<li>Certificado ATEX<\/li>\n<li>Certificado IECEx<\/li>\n<li>Certifica\u00e7\u00e3o UL para EUA e Canad\u00e1\n<ul>\n<li>Cass I, Div 2, Grupos AD<\/li>\n<li>Classe I, Zona 1, Ex d IIC \/ AEx d<\/li>\n<li>IIC Gb<\/li>\n<li>Classe II, Div 2, Grupos F e G<\/li>\n<li>Zona 21, AEx tb IIIC<\/li>\n<li>Classe III, Div.\u00a01<\/li>\n<li>Alarme de inc\u00eandio e uso geral<\/li>\n<\/ul>\n<\/li>\n<li>TR CU certificado<\/li>\n<li>Certificado CQST<\/li>\n<li>Certificado CCOE<\/li>\n<li>Certifica\u00e7\u00e3o chinesa obrigat\u00f3ria para sistemas de inc\u00eandio (CCCF) certificada<\/li>\n<li>Certificado pelo INMETRO<\/li>\n<li>Certificado SIL 1<\/li>\n<li>Certificado CSFM<\/li>\n<li>Temperatura certificada: \u201355 \u00b0 C a + 70 \u00b0 C (dependente do modelo)<\/li>\n<li>IP66 e IP67 \/ NEMA 4X e 6<\/li>\n<li>C\u00e2mara de terminal Ex e opcional<\/li>\n<li>Sa\u00edda de at\u00e9 122dB @ 1m<\/li>\n<li>Controle de volume integral<\/li>\n<li>28 tons, selecion\u00e1veis \u200b\u200bpelo usu\u00e1rio<\/li>\n<li>Unidade de 3 est\u00e1gios comut\u00e1vel remotamente<\/li>\n<li>Os tons podem ser programados de acordo com as especifica\u00e7\u00f5es do cliente<\/li>\n<li>Tens\u00e3o de alimenta\u00e7\u00e3o DC entre 12V e 48V<\/li>\n<li>Op\u00e7\u00e3o de resistor de fim de linha<\/li>\n<li>Unidades combinadas de sirene e beacon dispon\u00edveis<\/li>\n<li>Inv\u00f3lucro Ex \u2013 poli\u00e9ster refor\u00e7ado com vidro<\/li>\n<li>Flare \u2013 poli\u00e9ster termopl\u00e1stico de alto impacto<\/li>\n<li>Suporte de montagem de a\u00e7o inoxid\u00e1vel e parafusos de cobertura<\/li>\n<li>O suporte de montagem tem uma catraca como padr\u00e3o<\/li>\n<li>Suporte girat\u00f3rio opcional dispon\u00edvel<\/li>\n<\/ul>\n<\/div>\n<\/div>\n<\/div>","protected":false},"excerpt":{"rendered":"<p>Descri\u00e7\u00e3o De at\u00e9 122dB, Ex \u00e0 \u200b\u200bprova de intemp\u00e9ries. O DB3B \u00e9 uma sirene \u00e0 prova de explos\u00e3o de alta pot\u00eancia, introduzida como um substituto para o DB3 atual com\u00a0funcionalidade e desempenho\u00a0aprimorados\u00a0.\u00a0Certificado para uso em uma ampla faixa de temperaturas de -55 \u00b0 C a + 70 \u00b0 C, o gabinete Ex \u00e9 fabricado em GRP com um flare termopl\u00e1stico resistente que fornece um produto livre de corros\u00e3o e esteticamente agrad\u00e1vel. Capaz de produzir 122dB @ 1m e com uma gama de tons pr\u00e9-gravados, o DB3B inclui um controle de volume integral que \u00e9 ideal quando uma sa\u00edda mais baixa \u00e9 necess\u00e1ria. A unidade \u00e9 fornecida com op\u00e7\u00f5es de controle vers\u00e1teis, permitindo compatibilidade com uma ampla gama de m\u00e9todos de controle e CLPs. Recursos Ex d \/ Ex de IIC \/ IIIC T4 \/ T5 \/ T6 Certificado ATEX Certificado IECEx Certifica\u00e7\u00e3o UL para EUA e Canad\u00e1 Cass I, Div 2, Grupos AD Classe I, Zona 1, Ex d IIC \/ AEx d IIC Gb Classe II, Div 2, Grupos F e G Zona 21, AEx tb IIIC Classe III, Div.\u00a01 Alarme de inc\u00eandio e uso geral TR CU certificado Certificado CQST Certificado CCOE Certifica\u00e7\u00e3o chinesa obrigat\u00f3ria para sistemas de inc\u00eandio (CCCF) certificada Certificado pelo INMETRO Certificado SIL 1 Certificado CSFM Temperatura certificada: \u201355 \u00b0 C a + 70 \u00b0 C (dependente do modelo) IP66 e IP67 \/ NEMA 4X e 6 C\u00e2mara de terminal Ex e opcional Sa\u00edda de at\u00e9 122dB @ 1m Controle de volume integral 28 tons, selecion\u00e1veis \u200b\u200bpelo usu\u00e1rio Unidade de 3 est\u00e1gios comut\u00e1vel remotamente Os tons podem ser programados de acordo com as especifica\u00e7\u00f5es do cliente Tens\u00e3o de alimenta\u00e7\u00e3o DC entre 12V e 48V Op\u00e7\u00e3o de resistor de fim de linha Unidades combinadas de sirene e beacon dispon\u00edveis Inv\u00f3lucro Ex \u2013 poli\u00e9ster refor\u00e7ado com vidro Flare \u2013 poli\u00e9ster termopl\u00e1stico de alto impacto Suporte de montagem de a\u00e7o inoxid\u00e1vel e parafusos de cobertura O suporte de montagem tem uma catraca como padr\u00e3o Suporte girat\u00f3rio opcional dispon\u00edvel<\/p>","protected":false},"featured_media":3840,"comment_status":"open","ping_status":"closed","template":"","meta":{"_joinchat":[]},"product_brand":[],"product_cat":[137],"product_tag":[],"marca":[74],"class_list":{"0":"post-3839","1":"product","2":"type-product","3":"status-publish","4":"has-post-thumbnail","6":"product_cat-sirenes-buzinas","7":"marca-medc","9":"first","10":"instock","11":"shipping-taxable","12":"purchasable","13":"product-type-simple"},"yoast_head":"<!-- This site is optimized with the Yoast SEO plugin v27.2 - https:\/\/yoast.com\/product\/yoast-seo-wordpress\/ -->\n<title>Sirene MEDC DB3B - Full Solutions<\/title>\n<meta name=\"robots\" content=\"index, follow, max-snippet:-1, max-image-preview:large, max-video-preview:-1\" \/>\n<link rel=\"canonical\" href=\"https:\/\/fullsolutions.info\/en\/product\/sirene-medc-db3b\/\" \/>\n<meta property=\"og:locale\" content=\"en_US\" \/>\n<meta property=\"og:type\" content=\"article\" \/>\n<meta property=\"og:title\" content=\"Sirene MEDC DB3B - Full Solutions\" \/>\n<meta property=\"og:description\" content=\"Descri\u00e7\u00e3o De at\u00e9 122dB, Ex \u00e0 \u200b\u200bprova de intemp\u00e9ries. O DB3B \u00e9 uma sirene \u00e0 prova de explos\u00e3o de alta pot\u00eancia, introduzida como um substituto para o DB3 atual com\u00a0funcionalidade e desempenho\u00a0aprimorados\u00a0.\u00a0Certificado para uso em uma ampla faixa de temperaturas de -55 \u00b0 C a + 70 \u00b0 C, o gabinete Ex \u00e9 fabricado em GRP com um flare termopl\u00e1stico resistente que fornece um produto livre de corros\u00e3o e esteticamente agrad\u00e1vel. Capaz de produzir 122dB @ 1m e com uma gama de tons pr\u00e9-gravados, o DB3B inclui um controle de volume integral que \u00e9 ideal quando uma sa\u00edda mais baixa \u00e9 necess\u00e1ria. A unidade \u00e9 fornecida com op\u00e7\u00f5es de controle vers\u00e1teis, permitindo compatibilidade com uma ampla gama de m\u00e9todos de controle e CLPs. Recursos Ex d \/ Ex de IIC \/ IIIC T4 \/ T5 \/ T6 Certificado ATEX Certificado IECEx Certifica\u00e7\u00e3o UL para EUA e Canad\u00e1 Cass I, Div 2, Grupos AD Classe I, Zona 1, Ex d IIC \/ AEx d IIC Gb Classe II, Div 2, Grupos F e G Zona 21, AEx tb IIIC Classe III, Div.\u00a01 Alarme de inc\u00eandio e uso geral TR CU certificado Certificado CQST Certificado CCOE Certifica\u00e7\u00e3o chinesa obrigat\u00f3ria para sistemas de inc\u00eandio (CCCF) certificada Certificado pelo INMETRO Certificado SIL 1 Certificado CSFM Temperatura certificada: \u201355 \u00b0 C a + 70 \u00b0 C (dependente do modelo) IP66 e IP67 \/ NEMA 4X e 6 C\u00e2mara de terminal Ex e opcional Sa\u00edda de at\u00e9 122dB @ 1m Controle de volume integral 28 tons, selecion\u00e1veis \u200b\u200bpelo usu\u00e1rio Unidade de 3 est\u00e1gios comut\u00e1vel remotamente Os tons podem ser programados de acordo com as especifica\u00e7\u00f5es do cliente Tens\u00e3o de alimenta\u00e7\u00e3o DC entre 12V e 48V Op\u00e7\u00e3o de resistor de fim de linha Unidades combinadas de sirene e beacon dispon\u00edveis Inv\u00f3lucro Ex \u2013 poli\u00e9ster refor\u00e7ado com vidro Flare \u2013 poli\u00e9ster termopl\u00e1stico de alto impacto Suporte de montagem de a\u00e7o inoxid\u00e1vel e parafusos de cobertura O suporte de montagem tem uma catraca como padr\u00e3o Suporte girat\u00f3rio opcional dispon\u00edvel\" \/>\n<meta property=\"og:url\" content=\"https:\/\/fullsolutions.info\/en\/product\/sirene-medc-db3b\/\" \/>\n<meta property=\"og:site_name\" content=\"Full Solutions\" \/>\n<meta property=\"article:modified_time\" content=\"2024-02-19T16:15:21+00:00\" \/>\n<meta property=\"og:image\" content=\"https:\/\/mlhff0prgoxu.i.optimole.com\/cb:s0sM.767\/w:auto\/h:auto\/q:mauto\/f:best\/https:\/\/fullsolutions.info\/wp-content\/uploads\/2023\/11\/45-min.png\" \/>\n\t<meta property=\"og:image:width\" content=\"560\" \/>\n\t<meta property=\"og:image:height\" content=\"315\" \/>\n\t<meta property=\"og:image:type\" content=\"image\/png\" \/>\n<meta name=\"twitter:card\" content=\"summary_large_image\" \/>\n<meta name=\"twitter:label1\" content=\"Est. reading time\" \/>\n\t<meta name=\"twitter:data1\" content=\"2 minutes\" \/>\n<script type=\"application\/ld+json\" class=\"yoast-schema-graph\">{\"@context\":\"https:\/\/schema.org\",\"@graph\":[{\"@type\":\"WebPage\",\"@id\":\"https:\/\/fullsolutions.info\/produto\/sirene-medc-db3b\/\",\"url\":\"https:\/\/fullsolutions.info\/produto\/sirene-medc-db3b\/\",\"name\":\"Sirene MEDC DB3B - Full Solutions\",\"isPartOf\":{\"@id\":\"https:\/\/fullsolutions.info\/#website\"},\"primaryImageOfPage\":{\"@id\":\"https:\/\/fullsolutions.info\/produto\/sirene-medc-db3b\/#primaryimage\"},\"image\":{\"@id\":\"https:\/\/fullsolutions.info\/produto\/sirene-medc-db3b\/#primaryimage\"},\"thumbnailUrl\":\"https:\/\/mlhff0prgoxu.i.optimole.com\/cb:s0sM.767\/w:auto\/h:auto\/q:mauto\/f:best\/https:\/\/fullsolutions.info\/wp-content\/uploads\/2023\/11\/45-min.png\",\"datePublished\":\"2023-11-01T13:38:41+00:00\",\"dateModified\":\"2024-02-19T16:15:21+00:00\",\"breadcrumb\":{\"@id\":\"https:\/\/fullsolutions.info\/produto\/sirene-medc-db3b\/#breadcrumb\"},\"inLanguage\":\"en-US\",\"potentialAction\":[{\"@type\":\"ReadAction\",\"target\":[\"https:\/\/fullsolutions.info\/produto\/sirene-medc-db3b\/\"]}]},{\"@type\":\"ImageObject\",\"inLanguage\":\"en-US\",\"@id\":\"https:\/\/fullsolutions.info\/produto\/sirene-medc-db3b\/#primaryimage\",\"url\":\"https:\/\/mlhff0prgoxu.i.optimole.com\/cb:s0sM.767\/w:auto\/h:auto\/q:mauto\/f:best\/https:\/\/fullsolutions.info\/wp-content\/uploads\/2023\/11\/45-min.png\",\"contentUrl\":\"https:\/\/mlhff0prgoxu.i.optimole.com\/cb:s0sM.767\/w:auto\/h:auto\/q:mauto\/f:best\/https:\/\/fullsolutions.info\/wp-content\/uploads\/2023\/11\/45-min.png\",\"width\":560,\"height\":315},{\"@type\":\"BreadcrumbList\",\"@id\":\"https:\/\/fullsolutions.info\/produto\/sirene-medc-db3b\/#breadcrumb\",\"itemListElement\":[{\"@type\":\"ListItem\",\"position\":1,\"name\":\"In\u00edcio\",\"item\":\"https:\/\/fullsolutions.info\/\"},{\"@type\":\"ListItem\",\"position\":2,\"name\":\"Produtos\",\"item\":\"https:\/\/fullsolutions.info\/shop\/\"},{\"@type\":\"ListItem\",\"position\":3,\"name\":\"Sirene MEDC DB3B\"}]},{\"@type\":\"WebSite\",\"@id\":\"https:\/\/fullsolutions.info\/#website\",\"url\":\"https:\/\/fullsolutions.info\/\",\"name\":\"Full Solutions\",\"description\":\"Empresa na \u00c1rea de Procurement\",\"publisher\":{\"@id\":\"https:\/\/fullsolutions.info\/#organization\"},\"potentialAction\":[{\"@type\":\"SearchAction\",\"target\":{\"@type\":\"EntryPoint\",\"urlTemplate\":\"https:\/\/fullsolutions.info\/?s={search_term_string}\"},\"query-input\":{\"@type\":\"PropertyValueSpecification\",\"valueRequired\":true,\"valueName\":\"search_term_string\"}}],\"inLanguage\":\"en-US\"},{\"@type\":\"Organization\",\"@id\":\"https:\/\/fullsolutions.info\/#organization\",\"name\":\"Full Solutions\",\"url\":\"https:\/\/fullsolutions.info\/\",\"logo\":{\"@type\":\"ImageObject\",\"inLanguage\":\"en-US\",\"@id\":\"https:\/\/fullsolutions.info\/#\/schema\/logo\/image\/\",\"url\":\"https:\/\/mlhff0prgoxu.i.optimole.com\/cb:s0sM.767\/w:auto\/h:auto\/q:mauto\/f:best\/https:\/\/fullsolutions.info\/wp-content\/uploads\/2021\/07\/cropped-Design-sem-nome-300x193-1-e1627062664782.png\",\"contentUrl\":\"https:\/\/mlhff0prgoxu.i.optimole.com\/cb:s0sM.767\/w:auto\/h:auto\/q:mauto\/f:best\/https:\/\/fullsolutions.info\/wp-content\/uploads\/2021\/07\/cropped-Design-sem-nome-300x193-1-e1627062664782.png\",\"width\":202,\"height\":155,\"caption\":\"Full Solutions\"},\"image\":{\"@id\":\"https:\/\/fullsolutions.info\/#\/schema\/logo\/image\/\"},\"sameAs\":[\"https:\/\/www.linkedin.com\/company\/full-solutions-equipment\"]}]}<\/script>\n<!-- \/ Yoast SEO plugin. -->","yoast_head_json":{"title":"Sirene MEDC DB3B - Full Solutions","robots":{"index":"index","follow":"follow","max-snippet":"max-snippet:-1","max-image-preview":"max-image-preview:large","max-video-preview":"max-video-preview:-1"},"canonical":"https:\/\/fullsolutions.info\/en\/product\/sirene-medc-db3b\/","og_locale":"en_US","og_type":"article","og_title":"Sirene MEDC DB3B - Full Solutions","og_description":"Descri\u00e7\u00e3o De at\u00e9 122dB, Ex \u00e0 \u200b\u200bprova de intemp\u00e9ries. O DB3B \u00e9 uma sirene \u00e0 prova de explos\u00e3o de alta pot\u00eancia, introduzida como um substituto para o DB3 atual com\u00a0funcionalidade e desempenho\u00a0aprimorados\u00a0.\u00a0Certificado para uso em uma ampla faixa de temperaturas de -55 \u00b0 C a + 70 \u00b0 C, o gabinete Ex \u00e9 fabricado em GRP com um flare termopl\u00e1stico resistente que fornece um produto livre de corros\u00e3o e esteticamente agrad\u00e1vel. Capaz de produzir 122dB @ 1m e com uma gama de tons pr\u00e9-gravados, o DB3B inclui um controle de volume integral que \u00e9 ideal quando uma sa\u00edda mais baixa \u00e9 necess\u00e1ria. A unidade \u00e9 fornecida com op\u00e7\u00f5es de controle vers\u00e1teis, permitindo compatibilidade com uma ampla gama de m\u00e9todos de controle e CLPs. Recursos Ex d \/ Ex de IIC \/ IIIC T4 \/ T5 \/ T6 Certificado ATEX Certificado IECEx Certifica\u00e7\u00e3o UL para EUA e Canad\u00e1 Cass I, Div 2, Grupos AD Classe I, Zona 1, Ex d IIC \/ AEx d IIC Gb Classe II, Div 2, Grupos F e G Zona 21, AEx tb IIIC Classe III, Div.\u00a01 Alarme de inc\u00eandio e uso geral TR CU certificado Certificado CQST Certificado CCOE Certifica\u00e7\u00e3o chinesa obrigat\u00f3ria para sistemas de inc\u00eandio (CCCF) certificada Certificado pelo INMETRO Certificado SIL 1 Certificado CSFM Temperatura certificada: \u201355 \u00b0 C a + 70 \u00b0 C (dependente do modelo) IP66 e IP67 \/ NEMA 4X e 6 C\u00e2mara de terminal Ex e opcional Sa\u00edda de at\u00e9 122dB @ 1m Controle de volume integral 28 tons, selecion\u00e1veis \u200b\u200bpelo usu\u00e1rio Unidade de 3 est\u00e1gios comut\u00e1vel remotamente Os tons podem ser programados de acordo com as especifica\u00e7\u00f5es do cliente Tens\u00e3o de alimenta\u00e7\u00e3o DC entre 12V e 48V Op\u00e7\u00e3o de resistor de fim de linha Unidades combinadas de sirene e beacon dispon\u00edveis Inv\u00f3lucro Ex \u2013 poli\u00e9ster refor\u00e7ado com vidro Flare \u2013 poli\u00e9ster termopl\u00e1stico de alto impacto Suporte de montagem de a\u00e7o inoxid\u00e1vel e parafusos de cobertura O suporte de montagem tem uma catraca como padr\u00e3o Suporte girat\u00f3rio opcional dispon\u00edvel","og_url":"https:\/\/fullsolutions.info\/en\/product\/sirene-medc-db3b\/","og_site_name":"Full Solutions","article_modified_time":"2024-02-19T16:15:21+00:00","og_image":[{"width":560,"height":315,"url":"https:\/\/mlhff0prgoxu.i.optimole.com\/cb:s0sM.767\/w:auto\/h:auto\/q:mauto\/f:best\/https:\/\/fullsolutions.info\/wp-content\/uploads\/2023\/11\/45-min.png","type":"image\/png"}],"twitter_card":"summary_large_image","twitter_misc":{"Est. reading time":"2 minutes"},"schema":{"@context":"https:\/\/schema.org","@graph":[{"@type":"WebPage","@id":"https:\/\/fullsolutions.info\/produto\/sirene-medc-db3b\/","url":"https:\/\/fullsolutions.info\/produto\/sirene-medc-db3b\/","name":"Sirene MEDC DB3B - Full Solutions","isPartOf":{"@id":"https:\/\/fullsolutions.info\/#website"},"primaryImageOfPage":{"@id":"https:\/\/fullsolutions.info\/produto\/sirene-medc-db3b\/#primaryimage"},"image":{"@id":"https:\/\/fullsolutions.info\/produto\/sirene-medc-db3b\/#primaryimage"},"thumbnailUrl":"https:\/\/mlhff0prgoxu.i.optimole.com\/cb:s0sM.767\/w:auto\/h:auto\/q:mauto\/f:best\/https:\/\/fullsolutions.info\/wp-content\/uploads\/2023\/11\/45-min.png","datePublished":"2023-11-01T13:38:41+00:00","dateModified":"2024-02-19T16:15:21+00:00","breadcrumb":{"@id":"https:\/\/fullsolutions.info\/produto\/sirene-medc-db3b\/#breadcrumb"},"inLanguage":"en-US","potentialAction":[{"@type":"ReadAction","target":["https:\/\/fullsolutions.info\/produto\/sirene-medc-db3b\/"]}]},{"@type":"ImageObject","inLanguage":"en-US","@id":"https:\/\/fullsolutions.info\/produto\/sirene-medc-db3b\/#primaryimage","url":"https:\/\/mlhff0prgoxu.i.optimole.com\/cb:s0sM.767\/w:auto\/h:auto\/q:mauto\/f:best\/https:\/\/fullsolutions.info\/wp-content\/uploads\/2023\/11\/45-min.png","contentUrl":"https:\/\/mlhff0prgoxu.i.optimole.com\/cb:s0sM.767\/w:auto\/h:auto\/q:mauto\/f:best\/https:\/\/fullsolutions.info\/wp-content\/uploads\/2023\/11\/45-min.png","width":560,"height":315},{"@type":"BreadcrumbList","@id":"https:\/\/fullsolutions.info\/produto\/sirene-medc-db3b\/#breadcrumb","itemListElement":[{"@type":"ListItem","position":1,"name":"In\u00edcio","item":"https:\/\/fullsolutions.info\/"},{"@type":"ListItem","position":2,"name":"Produtos","item":"https:\/\/fullsolutions.info\/shop\/"},{"@type":"ListItem","position":3,"name":"Sirene MEDC DB3B"}]},{"@type":"WebSite","@id":"https:\/\/fullsolutions.info\/#website","url":"https:\/\/fullsolutions.info\/","name":"Full Solutions","description":"Empresa na \u00c1rea de Procurement","publisher":{"@id":"https:\/\/fullsolutions.info\/#organization"},"potentialAction":[{"@type":"SearchAction","target":{"@type":"EntryPoint","urlTemplate":"https:\/\/fullsolutions.info\/?s={search_term_string}"},"query-input":{"@type":"PropertyValueSpecification","valueRequired":true,"valueName":"search_term_string"}}],"inLanguage":"en-US"},{"@type":"Organization","@id":"https:\/\/fullsolutions.info\/#organization","name":"Full Solutions","url":"https:\/\/fullsolutions.info\/","logo":{"@type":"ImageObject","inLanguage":"en-US","@id":"https:\/\/fullsolutions.info\/#\/schema\/logo\/image\/","url":"https:\/\/mlhff0prgoxu.i.optimole.com\/cb:s0sM.767\/w:auto\/h:auto\/q:mauto\/f:best\/https:\/\/fullsolutions.info\/wp-content\/uploads\/2021\/07\/cropped-Design-sem-nome-300x193-1-e1627062664782.png","contentUrl":"https:\/\/mlhff0prgoxu.i.optimole.com\/cb:s0sM.767\/w:auto\/h:auto\/q:mauto\/f:best\/https:\/\/fullsolutions.info\/wp-content\/uploads\/2021\/07\/cropped-Design-sem-nome-300x193-1-e1627062664782.png","width":202,"height":155,"caption":"Full Solutions"},"image":{"@id":"https:\/\/fullsolutions.info\/#\/schema\/logo\/image\/"},"sameAs":["https:\/\/www.linkedin.com\/company\/full-solutions-equipment"]}]}},"_links":{"self":[{"href":"https:\/\/fullsolutions.info\/en\/wp-json\/wp\/v2\/product\/3839","targetHints":{"allow":["GET"]}}],"collection":[{"href":"https:\/\/fullsolutions.info\/en\/wp-json\/wp\/v2\/product"}],"about":[{"href":"https:\/\/fullsolutions.info\/en\/wp-json\/wp\/v2\/types\/product"}],"replies":[{"embeddable":true,"href":"https:\/\/fullsolutions.info\/en\/wp-json\/wp\/v2\/comments?post=3839"}],"wp:featuredmedia":[{"embeddable":true,"href":"https:\/\/fullsolutions.info\/en\/wp-json\/wp\/v2\/media\/3840"}],"wp:attachment":[{"href":"https:\/\/fullsolutions.info\/en\/wp-json\/wp\/v2\/media?parent=3839"}],"wp:term":[{"taxonomy":"product_brand","embeddable":true,"href":"https:\/\/fullsolutions.info\/en\/wp-json\/wp\/v2\/product_brand?post=3839"},{"taxonomy":"product_cat","embeddable":true,"href":"https:\/\/fullsolutions.info\/en\/wp-json\/wp\/v2\/product_cat?post=3839"},{"taxonomy":"product_tag","embeddable":true,"href":"https:\/\/fullsolutions.info\/en\/wp-json\/wp\/v2\/product_tag?post=3839"},{"taxonomy":"marca","embeddable":true,"href":"https:\/\/fullsolutions.info\/en\/wp-json\/wp\/v2\/marca?post=3839"}],"curies":[{"name":"wp","href":"https:\/\/api.w.org\/{rel}","templated":true}]}}