{"id":3835,"date":"2023-11-01T13:36:54","date_gmt":"2023-11-01T13:36:54","guid":{"rendered":"https:\/\/fullsolutionsequip.com\/?post_type=product&#038;p=3835"},"modified":"2024-02-19T16:15:21","modified_gmt":"2024-02-19T16:15:21","slug":"sirene-medc-db5","status":"publish","type":"product","link":"https:\/\/fullsolutions.info\/en\/product\/sirene-medc-db5\/","title":{"rendered":"Sirene MEDC DB5"},"content":{"rendered":"<div class=\"elementor elementor-1492 elementor-location-single post-1461 produtos type-produtos status-publish has-post-thumbnail hentry marca-medc categoria-sirenes-buzinas\" data-elementor-type=\"single-post\" data-elementor-id=\"1492\">\n<div class=\"elementor-section-wrap\">\n<section class=\"elementor-section elementor-top-section elementor-element elementor-element-800bbc5 elementor-section-boxed elementor-section-height-default elementor-section-height-default\" data-id=\"800bbc5\" data-element_type=\"section\" data-settings=\"{&quot;background_background&quot;:&quot;classic&quot;}\">\n<div class=\"elementor-container elementor-column-gap-default\">\n<div class=\"elementor-row\">\n<div class=\"elementor-column elementor-col-100 elementor-top-column elementor-element elementor-element-b0958af\" data-id=\"b0958af\" data-element_type=\"column\" data-settings=\"{&quot;background_background&quot;:&quot;classic&quot;}\">\n<div class=\"elementor-column-wrap elementor-element-populated\">\n<div class=\"elementor-widget-wrap\">\n<section class=\"elementor-section elementor-inner-section elementor-element elementor-element-b9f521d elementor-section-boxed elementor-section-height-default elementor-section-height-default\" data-id=\"b9f521d\" data-element_type=\"section\">\n<div class=\"elementor-container elementor-column-gap-default\">\n<div class=\"elementor-row\">\n<div class=\"elementor-column elementor-col-50 elementor-inner-column elementor-element elementor-element-36d85a1\" data-id=\"36d85a1\" data-element_type=\"column\">\n<div class=\"elementor-column-wrap elementor-element-populated\">\n<div class=\"elementor-widget-wrap\">\n<div class=\"elementor-element elementor-element-b17befe elementor-widget elementor-widget-heading\" data-id=\"b17befe\" data-element_type=\"widget\" data-widget_type=\"heading.default\">\n<div class=\"elementor-widget-container\">\n<p class=\"elementor-heading-title elementor-size-default\"><strong>Descri\u00e7\u00e3o<\/strong><\/p>\n<\/div>\n<\/div>\n<div class=\"elementor-element elementor-element-2dbd9d0 elementor-widget elementor-widget-text-editor\" data-id=\"2dbd9d0\" data-element_type=\"widget\" data-widget_type=\"text-editor.default\">\n<div class=\"elementor-widget-container\">\n<div class=\"elementor-text-editor elementor-clearfix\">\n<p>De at\u00e9 103 dB \u2013 Intrinsecamente seguro (Exia), \u00e0 prova de intemp\u00e9ries.<\/p>\n<p>Esta linha de sirenes leves e intrinsecamente seguras foi projetada com uma alta classifica\u00e7\u00e3o \u00e0 prova de intemp\u00e9ries para lidar com as severas condi\u00e7\u00f5es ambientais encontradas offshore e onshore nas ind\u00fastrias de petr\u00f3leo, g\u00e1s e petroqu\u00edmica.<\/p>\n<p>O DB5 tamb\u00e9m pode ser usado na ind\u00fastria de minera\u00e7\u00e3o.<\/p>\n<p>A unidade est\u00e1 dispon\u00edvel em 2 modelos: 12Vdc e 24Vdc.<\/p>\n<p><strong>Recursos<\/strong><\/p>\n<ul>\n<li>Uso da zona 0, zona 1 e zona 2<\/li>\n<li>Ex ia IIC T4<\/li>\n<li>Certificado ATEX \/ IECEx (Superf\u00edcie Grupo II)<\/li>\n<li>Certificado ATEX \/ IECEx (Grupo I Minera\u00e7\u00e3o)<\/li>\n<li>Certificado IECEx, Ga<\/li>\n<li>Aprovado por FM \u2013 Classe I, Div.\u00a01, Grupos AD<\/li>\n<li>Certificado CCOE<\/li>\n<li>IP65<\/li>\n<li>Temperatura certificada \u201320\u00baC a + 55\u00baC<\/li>\n<li>Controle de volume como padr\u00e3o<\/li>\n<li>At\u00e9 103 dB (A)<\/li>\n<li>26 sa\u00eddas de som diferentes, selecion\u00e1veis \u200b\u200bpelo usu\u00e1rio por interruptores internos<\/li>\n<li>Eletr\u00f4nica encapsulada<\/li>\n<li>Segundo tom selecion\u00e1vel usando o terceiro fio<\/li>\n<\/ul>\n<\/div>\n<\/div>\n<\/div>\n<\/div>\n<\/div>\n<\/div>\n<\/div>\n<\/div>\n<\/section>\n<\/div>\n<\/div>\n<\/div>\n<\/div>\n<\/div>\n<\/section>\n<\/div>\n<\/div>\n<div class=\"elementor elementor-1217 elementor-location-footer\" data-elementor-type=\"footer\" data-elementor-id=\"1217\">\n<div class=\"elementor-section-wrap\">\n<section class=\"elementor-section elementor-top-section elementor-element elementor-element-42d7eb9 elementor-section-content-middle elementor-section-boxed elementor-section-height-default elementor-section-height-default\" data-id=\"42d7eb9\" data-element_type=\"section\" data-settings=\"{&quot;background_background&quot;:&quot;classic&quot;}\">\n<div class=\"elementor-container elementor-column-gap-default\">\n<div class=\"elementor-row\">\n<div class=\"elementor-column elementor-col-50 elementor-top-column elementor-element elementor-element-d1b6968\" data-id=\"d1b6968\" data-element_type=\"column\">\n<div class=\"elementor-column-wrap elementor-element-populated\">\n<div class=\"elementor-widget-wrap\">\n<div class=\"elementor-element elementor-element-649653e elementor-widget elementor-widget-theme-site-logo elementor-widget-image\" data-id=\"649653e\" data-element_type=\"widget\" data-widget_type=\"theme-site-logo.default\">\n<div class=\"elementor-widget-container\">\n<div class=\"elementor-image\"><\/div>\n<\/div>\n<\/div>\n<\/div>\n<\/div>\n<\/div>\n<div class=\"elementor-column elementor-col-50 elementor-top-column elementor-element elementor-element-d4571e3\" data-id=\"d4571e3\" data-element_type=\"column\">\n<div class=\"elementor-column-wrap elementor-element-populated\">\n<div class=\"elementor-widget-wrap\">\n<div class=\"elementor-element elementor-element-a28deae elementor-nav-menu__align-right elementor-nav-menu--dropdown-none elementor-hidden-phone elementor-widget elementor-widget-nav-menu\" style=\"box-sizing: border-box; --flex-direction: initial; --flex-wrap: initial; --justify-content: initial; --align-items: initial; --align-content: initial; --gap: initial; --flex-basis: initial; --flex-grow: initial; --flex-shrink: initial; --order: initial; --align-self: initial; -webkit-box-orient: vertical; -webkit-box-direction: normal; flex-direction: var(--flex-direction); flex-wrap: var(--flex-wrap); -webkit-box-pack: var(--justify-content); justify-content: var(--justify-content); -webkit-box-align: var(--align-items); align-items: var(--align-items); align-content: var(--align-content); gap: var(--gap); flex-basis: var(--flex-basis); -webkit-box-flex: var(--flex-grow); flex-grow: var(--flex-grow); flex-shrink: var(--flex-shrink); -webkit-box-ordinal-group: var(--order); order: var(--order); align-self: var(--align-self); position: relative; --widgets-spacing: 20px; width: 970.156px;\" data-id=\"a28deae\" data-element_type=\"widget\" data-settings=\"{&quot;layout&quot;:&quot;horizontal&quot;,&quot;submenu_icon&quot;:{&quot;value&quot;:&quot;&lt;i class=\\&quot;fas fa-caret-down\\&quot;&gt;&lt;\\\/i&gt;&quot;,&quot;library&quot;:&quot;fa-solid&quot;}}\" data-widget_type=\"nav-menu.default\">\n<div class=\"elementor-widget-container\"><\/div>\n<\/div>\n<\/div>\n<\/div>\n<\/div>\n<\/div>\n<\/div>\n<\/section>\n<\/div>\n<\/div>","protected":false},"excerpt":{"rendered":"<p>Descri\u00e7\u00e3o De at\u00e9 103 dB \u2013 Intrinsecamente seguro (Exia), \u00e0 prova de intemp\u00e9ries. Esta linha de sirenes leves e intrinsecamente seguras foi projetada com uma alta classifica\u00e7\u00e3o \u00e0 prova de intemp\u00e9ries para lidar com as severas condi\u00e7\u00f5es ambientais encontradas offshore e onshore nas ind\u00fastrias de petr\u00f3leo, g\u00e1s e petroqu\u00edmica. O DB5 tamb\u00e9m pode ser usado na ind\u00fastria de minera\u00e7\u00e3o. A unidade est\u00e1 dispon\u00edvel em 2 modelos: 12Vdc e 24Vdc. Recursos Uso da zona 0, zona 1 e zona 2 Ex ia IIC T4 Certificado ATEX \/ IECEx (Superf\u00edcie Grupo II) Certificado ATEX \/ IECEx (Grupo I Minera\u00e7\u00e3o) Certificado IECEx, Ga Aprovado por FM \u2013 Classe I, Div.\u00a01, Grupos AD Certificado CCOE IP65 Temperatura certificada \u201320\u00baC a + 55\u00baC Controle de volume como padr\u00e3o At\u00e9 103 dB (A) 26 sa\u00eddas de som diferentes, selecion\u00e1veis \u200b\u200bpelo usu\u00e1rio por interruptores internos Eletr\u00f4nica encapsulada Segundo tom selecion\u00e1vel usando o terceiro fio<\/p>","protected":false},"featured_media":3836,"comment_status":"open","ping_status":"closed","template":"","meta":{"_joinchat":[]},"product_brand":[],"product_cat":[137],"product_tag":[],"marca":[74],"class_list":{"0":"post-3835","1":"product","2":"type-product","3":"status-publish","4":"has-post-thumbnail","6":"product_cat-sirenes-buzinas","7":"marca-medc","9":"first","10":"instock","11":"shipping-taxable","12":"purchasable","13":"product-type-simple"},"yoast_head":"<!-- This site is optimized with the Yoast SEO plugin v27.2 - https:\/\/yoast.com\/product\/yoast-seo-wordpress\/ -->\n<title>Sirene MEDC DB5 - Full Solutions<\/title>\n<meta name=\"robots\" content=\"index, follow, max-snippet:-1, max-image-preview:large, max-video-preview:-1\" \/>\n<link rel=\"canonical\" href=\"https:\/\/fullsolutions.info\/en\/product\/sirene-medc-db5\/\" \/>\n<meta property=\"og:locale\" content=\"en_US\" \/>\n<meta property=\"og:type\" content=\"article\" \/>\n<meta property=\"og:title\" content=\"Sirene MEDC DB5 - Full Solutions\" \/>\n<meta property=\"og:description\" content=\"Descri\u00e7\u00e3o De at\u00e9 103 dB \u2013 Intrinsecamente seguro (Exia), \u00e0 prova de intemp\u00e9ries. Esta linha de sirenes leves e intrinsecamente seguras foi projetada com uma alta classifica\u00e7\u00e3o \u00e0 prova de intemp\u00e9ries para lidar com as severas condi\u00e7\u00f5es ambientais encontradas offshore e onshore nas ind\u00fastrias de petr\u00f3leo, g\u00e1s e petroqu\u00edmica. O DB5 tamb\u00e9m pode ser usado na ind\u00fastria de minera\u00e7\u00e3o. A unidade est\u00e1 dispon\u00edvel em 2 modelos: 12Vdc e 24Vdc. Recursos Uso da zona 0, zona 1 e zona 2 Ex ia IIC T4 Certificado ATEX \/ IECEx (Superf\u00edcie Grupo II) Certificado ATEX \/ IECEx (Grupo I Minera\u00e7\u00e3o) Certificado IECEx, Ga Aprovado por FM \u2013 Classe I, Div.\u00a01, Grupos AD Certificado CCOE IP65 Temperatura certificada \u201320\u00baC a + 55\u00baC Controle de volume como padr\u00e3o At\u00e9 103 dB (A) 26 sa\u00eddas de som diferentes, selecion\u00e1veis \u200b\u200bpelo usu\u00e1rio por interruptores internos Eletr\u00f4nica encapsulada Segundo tom selecion\u00e1vel usando o terceiro fio\" \/>\n<meta property=\"og:url\" content=\"https:\/\/fullsolutions.info\/en\/product\/sirene-medc-db5\/\" \/>\n<meta property=\"og:site_name\" content=\"Full Solutions\" \/>\n<meta property=\"article:modified_time\" content=\"2024-02-19T16:15:21+00:00\" \/>\n<meta property=\"og:image\" content=\"https:\/\/mlhff0prgoxu.i.optimole.com\/cb:s0sM.767\/w:auto\/h:auto\/q:mauto\/f:best\/https:\/\/fullsolutions.info\/wp-content\/uploads\/2023\/11\/43-min-1.png\" \/>\n\t<meta property=\"og:image:width\" content=\"560\" \/>\n\t<meta property=\"og:image:height\" content=\"315\" \/>\n\t<meta property=\"og:image:type\" content=\"image\/png\" \/>\n<meta name=\"twitter:card\" content=\"summary_large_image\" \/>\n<meta name=\"twitter:label1\" content=\"Est. reading time\" \/>\n\t<meta name=\"twitter:data1\" content=\"1 minute\" \/>\n<script type=\"application\/ld+json\" class=\"yoast-schema-graph\">{\"@context\":\"https:\/\/schema.org\",\"@graph\":[{\"@type\":\"WebPage\",\"@id\":\"https:\/\/fullsolutions.info\/produto\/sirene-medc-db5\/\",\"url\":\"https:\/\/fullsolutions.info\/produto\/sirene-medc-db5\/\",\"name\":\"Sirene MEDC DB5 - Full Solutions\",\"isPartOf\":{\"@id\":\"https:\/\/fullsolutions.info\/#website\"},\"primaryImageOfPage\":{\"@id\":\"https:\/\/fullsolutions.info\/produto\/sirene-medc-db5\/#primaryimage\"},\"image\":{\"@id\":\"https:\/\/fullsolutions.info\/produto\/sirene-medc-db5\/#primaryimage\"},\"thumbnailUrl\":\"https:\/\/mlhff0prgoxu.i.optimole.com\/cb:s0sM.767\/w:auto\/h:auto\/q:mauto\/f:best\/https:\/\/fullsolutions.info\/wp-content\/uploads\/2023\/11\/43-min-1.png\",\"datePublished\":\"2023-11-01T13:36:54+00:00\",\"dateModified\":\"2024-02-19T16:15:21+00:00\",\"breadcrumb\":{\"@id\":\"https:\/\/fullsolutions.info\/produto\/sirene-medc-db5\/#breadcrumb\"},\"inLanguage\":\"en-US\",\"potentialAction\":[{\"@type\":\"ReadAction\",\"target\":[\"https:\/\/fullsolutions.info\/produto\/sirene-medc-db5\/\"]}]},{\"@type\":\"ImageObject\",\"inLanguage\":\"en-US\",\"@id\":\"https:\/\/fullsolutions.info\/produto\/sirene-medc-db5\/#primaryimage\",\"url\":\"https:\/\/mlhff0prgoxu.i.optimole.com\/cb:s0sM.767\/w:auto\/h:auto\/q:mauto\/f:best\/https:\/\/fullsolutions.info\/wp-content\/uploads\/2023\/11\/43-min-1.png\",\"contentUrl\":\"https:\/\/mlhff0prgoxu.i.optimole.com\/cb:s0sM.767\/w:auto\/h:auto\/q:mauto\/f:best\/https:\/\/fullsolutions.info\/wp-content\/uploads\/2023\/11\/43-min-1.png\",\"width\":560,\"height\":315},{\"@type\":\"BreadcrumbList\",\"@id\":\"https:\/\/fullsolutions.info\/produto\/sirene-medc-db5\/#breadcrumb\",\"itemListElement\":[{\"@type\":\"ListItem\",\"position\":1,\"name\":\"In\u00edcio\",\"item\":\"https:\/\/fullsolutions.info\/\"},{\"@type\":\"ListItem\",\"position\":2,\"name\":\"Produtos\",\"item\":\"https:\/\/fullsolutions.info\/shop\/\"},{\"@type\":\"ListItem\",\"position\":3,\"name\":\"Sirene MEDC DB5\"}]},{\"@type\":\"WebSite\",\"@id\":\"https:\/\/fullsolutions.info\/#website\",\"url\":\"https:\/\/fullsolutions.info\/\",\"name\":\"Full Solutions\",\"description\":\"Empresa na \u00c1rea de Procurement\",\"publisher\":{\"@id\":\"https:\/\/fullsolutions.info\/#organization\"},\"potentialAction\":[{\"@type\":\"SearchAction\",\"target\":{\"@type\":\"EntryPoint\",\"urlTemplate\":\"https:\/\/fullsolutions.info\/?s={search_term_string}\"},\"query-input\":{\"@type\":\"PropertyValueSpecification\",\"valueRequired\":true,\"valueName\":\"search_term_string\"}}],\"inLanguage\":\"en-US\"},{\"@type\":\"Organization\",\"@id\":\"https:\/\/fullsolutions.info\/#organization\",\"name\":\"Full Solutions\",\"url\":\"https:\/\/fullsolutions.info\/\",\"logo\":{\"@type\":\"ImageObject\",\"inLanguage\":\"en-US\",\"@id\":\"https:\/\/fullsolutions.info\/#\/schema\/logo\/image\/\",\"url\":\"https:\/\/mlhff0prgoxu.i.optimole.com\/cb:s0sM.767\/w:auto\/h:auto\/q:mauto\/f:best\/https:\/\/fullsolutions.info\/wp-content\/uploads\/2021\/07\/cropped-Design-sem-nome-300x193-1-e1627062664782.png\",\"contentUrl\":\"https:\/\/mlhff0prgoxu.i.optimole.com\/cb:s0sM.767\/w:auto\/h:auto\/q:mauto\/f:best\/https:\/\/fullsolutions.info\/wp-content\/uploads\/2021\/07\/cropped-Design-sem-nome-300x193-1-e1627062664782.png\",\"width\":202,\"height\":155,\"caption\":\"Full Solutions\"},\"image\":{\"@id\":\"https:\/\/fullsolutions.info\/#\/schema\/logo\/image\/\"},\"sameAs\":[\"https:\/\/www.linkedin.com\/company\/full-solutions-equipment\"]}]}<\/script>\n<!-- \/ Yoast SEO plugin. -->","yoast_head_json":{"title":"Sirene MEDC DB5 - Full Solutions","robots":{"index":"index","follow":"follow","max-snippet":"max-snippet:-1","max-image-preview":"max-image-preview:large","max-video-preview":"max-video-preview:-1"},"canonical":"https:\/\/fullsolutions.info\/en\/product\/sirene-medc-db5\/","og_locale":"en_US","og_type":"article","og_title":"Sirene MEDC DB5 - Full Solutions","og_description":"Descri\u00e7\u00e3o De at\u00e9 103 dB \u2013 Intrinsecamente seguro (Exia), \u00e0 prova de intemp\u00e9ries. Esta linha de sirenes leves e intrinsecamente seguras foi projetada com uma alta classifica\u00e7\u00e3o \u00e0 prova de intemp\u00e9ries para lidar com as severas condi\u00e7\u00f5es ambientais encontradas offshore e onshore nas ind\u00fastrias de petr\u00f3leo, g\u00e1s e petroqu\u00edmica. O DB5 tamb\u00e9m pode ser usado na ind\u00fastria de minera\u00e7\u00e3o. A unidade est\u00e1 dispon\u00edvel em 2 modelos: 12Vdc e 24Vdc. Recursos Uso da zona 0, zona 1 e zona 2 Ex ia IIC T4 Certificado ATEX \/ IECEx (Superf\u00edcie Grupo II) Certificado ATEX \/ IECEx (Grupo I Minera\u00e7\u00e3o) Certificado IECEx, Ga Aprovado por FM \u2013 Classe I, Div.\u00a01, Grupos AD Certificado CCOE IP65 Temperatura certificada \u201320\u00baC a + 55\u00baC Controle de volume como padr\u00e3o At\u00e9 103 dB (A) 26 sa\u00eddas de som diferentes, selecion\u00e1veis \u200b\u200bpelo usu\u00e1rio por interruptores internos Eletr\u00f4nica encapsulada Segundo tom selecion\u00e1vel usando o terceiro fio","og_url":"https:\/\/fullsolutions.info\/en\/product\/sirene-medc-db5\/","og_site_name":"Full Solutions","article_modified_time":"2024-02-19T16:15:21+00:00","og_image":[{"width":560,"height":315,"url":"https:\/\/mlhff0prgoxu.i.optimole.com\/cb:s0sM.767\/w:auto\/h:auto\/q:mauto\/f:best\/https:\/\/fullsolutions.info\/wp-content\/uploads\/2023\/11\/43-min-1.png","type":"image\/png"}],"twitter_card":"summary_large_image","twitter_misc":{"Est. reading time":"1 minute"},"schema":{"@context":"https:\/\/schema.org","@graph":[{"@type":"WebPage","@id":"https:\/\/fullsolutions.info\/produto\/sirene-medc-db5\/","url":"https:\/\/fullsolutions.info\/produto\/sirene-medc-db5\/","name":"Sirene MEDC DB5 - Full Solutions","isPartOf":{"@id":"https:\/\/fullsolutions.info\/#website"},"primaryImageOfPage":{"@id":"https:\/\/fullsolutions.info\/produto\/sirene-medc-db5\/#primaryimage"},"image":{"@id":"https:\/\/fullsolutions.info\/produto\/sirene-medc-db5\/#primaryimage"},"thumbnailUrl":"https:\/\/mlhff0prgoxu.i.optimole.com\/cb:s0sM.767\/w:auto\/h:auto\/q:mauto\/f:best\/https:\/\/fullsolutions.info\/wp-content\/uploads\/2023\/11\/43-min-1.png","datePublished":"2023-11-01T13:36:54+00:00","dateModified":"2024-02-19T16:15:21+00:00","breadcrumb":{"@id":"https:\/\/fullsolutions.info\/produto\/sirene-medc-db5\/#breadcrumb"},"inLanguage":"en-US","potentialAction":[{"@type":"ReadAction","target":["https:\/\/fullsolutions.info\/produto\/sirene-medc-db5\/"]}]},{"@type":"ImageObject","inLanguage":"en-US","@id":"https:\/\/fullsolutions.info\/produto\/sirene-medc-db5\/#primaryimage","url":"https:\/\/mlhff0prgoxu.i.optimole.com\/cb:s0sM.767\/w:auto\/h:auto\/q:mauto\/f:best\/https:\/\/fullsolutions.info\/wp-content\/uploads\/2023\/11\/43-min-1.png","contentUrl":"https:\/\/mlhff0prgoxu.i.optimole.com\/cb:s0sM.767\/w:auto\/h:auto\/q:mauto\/f:best\/https:\/\/fullsolutions.info\/wp-content\/uploads\/2023\/11\/43-min-1.png","width":560,"height":315},{"@type":"BreadcrumbList","@id":"https:\/\/fullsolutions.info\/produto\/sirene-medc-db5\/#breadcrumb","itemListElement":[{"@type":"ListItem","position":1,"name":"In\u00edcio","item":"https:\/\/fullsolutions.info\/"},{"@type":"ListItem","position":2,"name":"Produtos","item":"https:\/\/fullsolutions.info\/shop\/"},{"@type":"ListItem","position":3,"name":"Sirene MEDC DB5"}]},{"@type":"WebSite","@id":"https:\/\/fullsolutions.info\/#website","url":"https:\/\/fullsolutions.info\/","name":"Full Solutions","description":"Empresa na \u00c1rea de Procurement","publisher":{"@id":"https:\/\/fullsolutions.info\/#organization"},"potentialAction":[{"@type":"SearchAction","target":{"@type":"EntryPoint","urlTemplate":"https:\/\/fullsolutions.info\/?s={search_term_string}"},"query-input":{"@type":"PropertyValueSpecification","valueRequired":true,"valueName":"search_term_string"}}],"inLanguage":"en-US"},{"@type":"Organization","@id":"https:\/\/fullsolutions.info\/#organization","name":"Full Solutions","url":"https:\/\/fullsolutions.info\/","logo":{"@type":"ImageObject","inLanguage":"en-US","@id":"https:\/\/fullsolutions.info\/#\/schema\/logo\/image\/","url":"https:\/\/mlhff0prgoxu.i.optimole.com\/cb:s0sM.767\/w:auto\/h:auto\/q:mauto\/f:best\/https:\/\/fullsolutions.info\/wp-content\/uploads\/2021\/07\/cropped-Design-sem-nome-300x193-1-e1627062664782.png","contentUrl":"https:\/\/mlhff0prgoxu.i.optimole.com\/cb:s0sM.767\/w:auto\/h:auto\/q:mauto\/f:best\/https:\/\/fullsolutions.info\/wp-content\/uploads\/2021\/07\/cropped-Design-sem-nome-300x193-1-e1627062664782.png","width":202,"height":155,"caption":"Full Solutions"},"image":{"@id":"https:\/\/fullsolutions.info\/#\/schema\/logo\/image\/"},"sameAs":["https:\/\/www.linkedin.com\/company\/full-solutions-equipment"]}]}},"_links":{"self":[{"href":"https:\/\/fullsolutions.info\/en\/wp-json\/wp\/v2\/product\/3835","targetHints":{"allow":["GET"]}}],"collection":[{"href":"https:\/\/fullsolutions.info\/en\/wp-json\/wp\/v2\/product"}],"about":[{"href":"https:\/\/fullsolutions.info\/en\/wp-json\/wp\/v2\/types\/product"}],"replies":[{"embeddable":true,"href":"https:\/\/fullsolutions.info\/en\/wp-json\/wp\/v2\/comments?post=3835"}],"wp:featuredmedia":[{"embeddable":true,"href":"https:\/\/fullsolutions.info\/en\/wp-json\/wp\/v2\/media\/3836"}],"wp:attachment":[{"href":"https:\/\/fullsolutions.info\/en\/wp-json\/wp\/v2\/media?parent=3835"}],"wp:term":[{"taxonomy":"product_brand","embeddable":true,"href":"https:\/\/fullsolutions.info\/en\/wp-json\/wp\/v2\/product_brand?post=3835"},{"taxonomy":"product_cat","embeddable":true,"href":"https:\/\/fullsolutions.info\/en\/wp-json\/wp\/v2\/product_cat?post=3835"},{"taxonomy":"product_tag","embeddable":true,"href":"https:\/\/fullsolutions.info\/en\/wp-json\/wp\/v2\/product_tag?post=3835"},{"taxonomy":"marca","embeddable":true,"href":"https:\/\/fullsolutions.info\/en\/wp-json\/wp\/v2\/marca?post=3835"}],"curies":[{"name":"wp","href":"https:\/\/api.w.org\/{rel}","templated":true}]}}