{"id":3833,"date":"2023-11-01T13:34:47","date_gmt":"2023-11-01T13:34:47","guid":{"rendered":"https:\/\/fullsolutionsequip.com\/?post_type=product&#038;p=3833"},"modified":"2024-02-19T16:15:21","modified_gmt":"2024-02-19T16:15:21","slug":"medc-db1-sounder","status":"publish","type":"product","link":"https:\/\/fullsolutions.info\/en\/product\/medc-db1-sounder\/","title":{"rendered":"MEDC DB1 Sounder"},"content":{"rendered":"<div class=\"elementor-element elementor-element-b17befe elementor-widget elementor-widget-heading\" data-id=\"b17befe\" data-element_type=\"widget\" data-widget_type=\"heading.default\">\n<div class=\"elementor-widget-container\">\n<p class=\"elementor-heading-title elementor-size-default\"><strong>Descri\u00e7\u00e3o<\/strong><\/p>\n<\/div>\n<\/div>\n<div class=\"elementor-element elementor-element-2dbd9d0 elementor-widget elementor-widget-text-editor\" data-id=\"2dbd9d0\" data-element_type=\"widget\" data-widget_type=\"text-editor.default\">\n<div class=\"elementor-widget-container\">\n<div class=\"elementor-text-editor elementor-clearfix\">\n<p>Exd, \u00e0 prova de intemp\u00e9ries \u2013 at\u00e9 113 dB.<\/p>\n<p>Esta linha de sonorizadores leves e \u00e0 prova de chamas foi projetada com uma alta classifica\u00e7\u00e3o \u00e0 prova de intemp\u00e9ries para lidar com as severas condi\u00e7\u00f5es ambientais encontradas offshore e onshore nas ind\u00fastrias de petr\u00f3leo, g\u00e1s e petroqu\u00edmica.<\/p>\n<p>O circuito eletr\u00f4nico permite que o DB1P e o DB1HP sejam alternados entre dois tons selecion\u00e1veis, seja invertendo a polaridade da alimenta\u00e7\u00e3o ou conectando uma segunda alimenta\u00e7\u00e3o de tens\u00e3o.<\/p>\n<p>As sa\u00eddas DB1H e DB1HP mais altas s\u00e3o particularmente adequadas para ambientes ruidosos.<\/p>\n<p>O a\u00e7o inoxid\u00e1vel, um dos materiais mais dur\u00e1veis \u200b\u200bdispon\u00edveis no mercado, \u00e9 resistente ao desgaste e \u00e0 corros\u00e3o, aumentando a vida \u00fatil dos produtos em ambientes agressivos e, portanto, reduzindo os custos de manuten\u00e7\u00e3o.<\/p>\n<p><strong>Recursos<\/strong><\/p>\n<ul>\n<li>Uso da Zona 1 e Zona 2<\/li>\n<li>Ex d, IIB T5 \/ T6 *<\/li>\n<li>Aprovado pela ATEX, Ex II 2G Gb<\/li>\n<li>Listado pela UL \u2013 Classe I, Div 1. Grupos C e D<\/li>\n<li>Certificado IECEx, Gb<\/li>\n<li>TR CU certificado<\/li>\n<li>Certificado CCOE<\/li>\n<li>IP66<\/li>\n<li>Temperatura certificada: \u201320\u00baC a + 70\u00baC *<\/li>\n<li>Certificado SIL 1 *<\/li>\n<li>Sa\u00edda de at\u00e9 113 dB (A)<\/li>\n<li>Dispon\u00edvel em liga de grau mar\u00edtimo ou a\u00e7o inoxid\u00e1vel<\/li>\n<li>27 tons de sa\u00edda, selecion\u00e1veis \u200b\u200bpelo usu\u00e1rio<\/li>\n<li>Op\u00e7\u00e3o de inicializa\u00e7\u00e3o por telefone<\/li>\n<li>Os tons podem ser selecionados remotamente<\/li>\n<li>Os tons est\u00e3o em conformidade com as diretrizes UKOOA \/ PFEER<\/li>\n<li>Quaisquer dois tons podem ser comutados atrav\u00e9s da fonte de tens\u00e3o externa<\/li>\n<li>Op\u00e7\u00e3o de resistor de fim de linha<br \/>\n* Dependente do modelo<\/li>\n<\/ul>\n<\/div>\n<\/div>\n<\/div>","protected":false},"excerpt":{"rendered":"<p>Descri\u00e7\u00e3o Exd, \u00e0 prova de intemp\u00e9ries \u2013 at\u00e9 113 dB. Esta linha de sonorizadores leves e \u00e0 prova de chamas foi projetada com uma alta classifica\u00e7\u00e3o \u00e0 prova de intemp\u00e9ries para lidar com as severas condi\u00e7\u00f5es ambientais encontradas offshore e onshore nas ind\u00fastrias de petr\u00f3leo, g\u00e1s e petroqu\u00edmica. O circuito eletr\u00f4nico permite que o DB1P e o DB1HP sejam alternados entre dois tons selecion\u00e1veis, seja invertendo a polaridade da alimenta\u00e7\u00e3o ou conectando uma segunda alimenta\u00e7\u00e3o de tens\u00e3o. As sa\u00eddas DB1H e DB1HP mais altas s\u00e3o particularmente adequadas para ambientes ruidosos. O a\u00e7o inoxid\u00e1vel, um dos materiais mais dur\u00e1veis \u200b\u200bdispon\u00edveis no mercado, \u00e9 resistente ao desgaste e \u00e0 corros\u00e3o, aumentando a vida \u00fatil dos produtos em ambientes agressivos e, portanto, reduzindo os custos de manuten\u00e7\u00e3o. Recursos Uso da Zona 1 e Zona 2 Ex d, IIB T5 \/ T6 * Aprovado pela ATEX, Ex II 2G Gb Listado pela UL \u2013 Classe I, Div 1. Grupos C e D Certificado IECEx, Gb TR CU certificado Certificado CCOE IP66 Temperatura certificada: \u201320\u00baC a + 70\u00baC * Certificado SIL 1 * Sa\u00edda de at\u00e9 113 dB (A) Dispon\u00edvel em liga de grau mar\u00edtimo ou a\u00e7o inoxid\u00e1vel 27 tons de sa\u00edda, selecion\u00e1veis \u200b\u200bpelo usu\u00e1rio Op\u00e7\u00e3o de inicializa\u00e7\u00e3o por telefone Os tons podem ser selecionados remotamente Os tons est\u00e3o em conformidade com as diretrizes UKOOA \/ PFEER Quaisquer dois tons podem ser comutados atrav\u00e9s da fonte de tens\u00e3o externa Op\u00e7\u00e3o de resistor de fim de linha * Dependente do modelo<\/p>","protected":false},"featured_media":3834,"comment_status":"open","ping_status":"closed","template":"","meta":{"_joinchat":[]},"product_brand":[],"product_cat":[137],"product_tag":[],"marca":[74],"class_list":{"0":"post-3833","1":"product","2":"type-product","3":"status-publish","4":"has-post-thumbnail","6":"product_cat-sirenes-buzinas","7":"marca-medc","9":"first","10":"instock","11":"shipping-taxable","12":"purchasable","13":"product-type-simple"},"yoast_head":"<!-- This site is optimized with the Yoast SEO plugin v27.2 - https:\/\/yoast.com\/product\/yoast-seo-wordpress\/ -->\n<title>MEDC DB1 Sounder - Full Solutions<\/title>\n<meta name=\"robots\" content=\"index, follow, max-snippet:-1, max-image-preview:large, max-video-preview:-1\" \/>\n<link rel=\"canonical\" href=\"https:\/\/fullsolutions.info\/en\/product\/medc-db1-sounder\/\" \/>\n<meta property=\"og:locale\" content=\"en_US\" \/>\n<meta property=\"og:type\" content=\"article\" \/>\n<meta property=\"og:title\" content=\"MEDC DB1 Sounder - Full Solutions\" \/>\n<meta property=\"og:description\" content=\"Descri\u00e7\u00e3o Exd, \u00e0 prova de intemp\u00e9ries \u2013 at\u00e9 113 dB. Esta linha de sonorizadores leves e \u00e0 prova de chamas foi projetada com uma alta classifica\u00e7\u00e3o \u00e0 prova de intemp\u00e9ries para lidar com as severas condi\u00e7\u00f5es ambientais encontradas offshore e onshore nas ind\u00fastrias de petr\u00f3leo, g\u00e1s e petroqu\u00edmica. O circuito eletr\u00f4nico permite que o DB1P e o DB1HP sejam alternados entre dois tons selecion\u00e1veis, seja invertendo a polaridade da alimenta\u00e7\u00e3o ou conectando uma segunda alimenta\u00e7\u00e3o de tens\u00e3o. As sa\u00eddas DB1H e DB1HP mais altas s\u00e3o particularmente adequadas para ambientes ruidosos. O a\u00e7o inoxid\u00e1vel, um dos materiais mais dur\u00e1veis \u200b\u200bdispon\u00edveis no mercado, \u00e9 resistente ao desgaste e \u00e0 corros\u00e3o, aumentando a vida \u00fatil dos produtos em ambientes agressivos e, portanto, reduzindo os custos de manuten\u00e7\u00e3o. Recursos Uso da Zona 1 e Zona 2 Ex d, IIB T5 \/ T6 * Aprovado pela ATEX, Ex II 2G Gb Listado pela UL \u2013 Classe I, Div 1. Grupos C e D Certificado IECEx, Gb TR CU certificado Certificado CCOE IP66 Temperatura certificada: \u201320\u00baC a + 70\u00baC * Certificado SIL 1 * Sa\u00edda de at\u00e9 113 dB (A) Dispon\u00edvel em liga de grau mar\u00edtimo ou a\u00e7o inoxid\u00e1vel 27 tons de sa\u00edda, selecion\u00e1veis \u200b\u200bpelo usu\u00e1rio Op\u00e7\u00e3o de inicializa\u00e7\u00e3o por telefone Os tons podem ser selecionados remotamente Os tons est\u00e3o em conformidade com as diretrizes UKOOA \/ PFEER Quaisquer dois tons podem ser comutados atrav\u00e9s da fonte de tens\u00e3o externa Op\u00e7\u00e3o de resistor de fim de linha * Dependente do modelo\" \/>\n<meta property=\"og:url\" content=\"https:\/\/fullsolutions.info\/en\/product\/medc-db1-sounder\/\" \/>\n<meta property=\"og:site_name\" content=\"Full Solutions\" \/>\n<meta property=\"article:modified_time\" content=\"2024-02-19T16:15:21+00:00\" \/>\n<meta property=\"og:image\" content=\"https:\/\/mlhff0prgoxu.i.optimole.com\/cb:s0sM.767\/w:auto\/h:auto\/q:mauto\/f:best\/https:\/\/fullsolutions.info\/wp-content\/uploads\/2023\/11\/42-min.png\" \/>\n\t<meta property=\"og:image:width\" content=\"560\" \/>\n\t<meta property=\"og:image:height\" content=\"315\" \/>\n\t<meta property=\"og:image:type\" content=\"image\/png\" \/>\n<meta name=\"twitter:card\" content=\"summary_large_image\" \/>\n<meta name=\"twitter:label1\" content=\"Est. reading time\" \/>\n\t<meta name=\"twitter:data1\" content=\"1 minute\" \/>\n<script type=\"application\/ld+json\" class=\"yoast-schema-graph\">{\"@context\":\"https:\/\/schema.org\",\"@graph\":[{\"@type\":\"WebPage\",\"@id\":\"https:\/\/fullsolutions.info\/produto\/medc-db1-sounder\/\",\"url\":\"https:\/\/fullsolutions.info\/produto\/medc-db1-sounder\/\",\"name\":\"MEDC DB1 Sounder - Full Solutions\",\"isPartOf\":{\"@id\":\"https:\/\/fullsolutions.info\/#website\"},\"primaryImageOfPage\":{\"@id\":\"https:\/\/fullsolutions.info\/produto\/medc-db1-sounder\/#primaryimage\"},\"image\":{\"@id\":\"https:\/\/fullsolutions.info\/produto\/medc-db1-sounder\/#primaryimage\"},\"thumbnailUrl\":\"https:\/\/mlhff0prgoxu.i.optimole.com\/cb:s0sM.767\/w:auto\/h:auto\/q:mauto\/f:best\/https:\/\/fullsolutions.info\/wp-content\/uploads\/2023\/11\/42-min.png\",\"datePublished\":\"2023-11-01T13:34:47+00:00\",\"dateModified\":\"2024-02-19T16:15:21+00:00\",\"breadcrumb\":{\"@id\":\"https:\/\/fullsolutions.info\/produto\/medc-db1-sounder\/#breadcrumb\"},\"inLanguage\":\"en-US\",\"potentialAction\":[{\"@type\":\"ReadAction\",\"target\":[\"https:\/\/fullsolutions.info\/produto\/medc-db1-sounder\/\"]}]},{\"@type\":\"ImageObject\",\"inLanguage\":\"en-US\",\"@id\":\"https:\/\/fullsolutions.info\/produto\/medc-db1-sounder\/#primaryimage\",\"url\":\"https:\/\/mlhff0prgoxu.i.optimole.com\/cb:s0sM.767\/w:auto\/h:auto\/q:mauto\/f:best\/https:\/\/fullsolutions.info\/wp-content\/uploads\/2023\/11\/42-min.png\",\"contentUrl\":\"https:\/\/mlhff0prgoxu.i.optimole.com\/cb:s0sM.767\/w:auto\/h:auto\/q:mauto\/f:best\/https:\/\/fullsolutions.info\/wp-content\/uploads\/2023\/11\/42-min.png\",\"width\":560,\"height\":315},{\"@type\":\"BreadcrumbList\",\"@id\":\"https:\/\/fullsolutions.info\/produto\/medc-db1-sounder\/#breadcrumb\",\"itemListElement\":[{\"@type\":\"ListItem\",\"position\":1,\"name\":\"In\u00edcio\",\"item\":\"https:\/\/fullsolutions.info\/\"},{\"@type\":\"ListItem\",\"position\":2,\"name\":\"Produtos\",\"item\":\"https:\/\/fullsolutions.info\/shop\/\"},{\"@type\":\"ListItem\",\"position\":3,\"name\":\"MEDC DB1 Sounder\"}]},{\"@type\":\"WebSite\",\"@id\":\"https:\/\/fullsolutions.info\/#website\",\"url\":\"https:\/\/fullsolutions.info\/\",\"name\":\"Full Solutions\",\"description\":\"Empresa na \u00c1rea de Procurement\",\"publisher\":{\"@id\":\"https:\/\/fullsolutions.info\/#organization\"},\"potentialAction\":[{\"@type\":\"SearchAction\",\"target\":{\"@type\":\"EntryPoint\",\"urlTemplate\":\"https:\/\/fullsolutions.info\/?s={search_term_string}\"},\"query-input\":{\"@type\":\"PropertyValueSpecification\",\"valueRequired\":true,\"valueName\":\"search_term_string\"}}],\"inLanguage\":\"en-US\"},{\"@type\":\"Organization\",\"@id\":\"https:\/\/fullsolutions.info\/#organization\",\"name\":\"Full Solutions\",\"url\":\"https:\/\/fullsolutions.info\/\",\"logo\":{\"@type\":\"ImageObject\",\"inLanguage\":\"en-US\",\"@id\":\"https:\/\/fullsolutions.info\/#\/schema\/logo\/image\/\",\"url\":\"https:\/\/mlhff0prgoxu.i.optimole.com\/cb:s0sM.767\/w:auto\/h:auto\/q:mauto\/f:best\/https:\/\/fullsolutions.info\/wp-content\/uploads\/2021\/07\/cropped-Design-sem-nome-300x193-1-e1627062664782.png\",\"contentUrl\":\"https:\/\/mlhff0prgoxu.i.optimole.com\/cb:s0sM.767\/w:auto\/h:auto\/q:mauto\/f:best\/https:\/\/fullsolutions.info\/wp-content\/uploads\/2021\/07\/cropped-Design-sem-nome-300x193-1-e1627062664782.png\",\"width\":202,\"height\":155,\"caption\":\"Full Solutions\"},\"image\":{\"@id\":\"https:\/\/fullsolutions.info\/#\/schema\/logo\/image\/\"},\"sameAs\":[\"https:\/\/www.linkedin.com\/company\/full-solutions-equipment\"]}]}<\/script>\n<!-- \/ Yoast SEO plugin. -->","yoast_head_json":{"title":"MEDC DB1 Sounder - Full Solutions","robots":{"index":"index","follow":"follow","max-snippet":"max-snippet:-1","max-image-preview":"max-image-preview:large","max-video-preview":"max-video-preview:-1"},"canonical":"https:\/\/fullsolutions.info\/en\/product\/medc-db1-sounder\/","og_locale":"en_US","og_type":"article","og_title":"MEDC DB1 Sounder - Full Solutions","og_description":"Descri\u00e7\u00e3o Exd, \u00e0 prova de intemp\u00e9ries \u2013 at\u00e9 113 dB. Esta linha de sonorizadores leves e \u00e0 prova de chamas foi projetada com uma alta classifica\u00e7\u00e3o \u00e0 prova de intemp\u00e9ries para lidar com as severas condi\u00e7\u00f5es ambientais encontradas offshore e onshore nas ind\u00fastrias de petr\u00f3leo, g\u00e1s e petroqu\u00edmica. O circuito eletr\u00f4nico permite que o DB1P e o DB1HP sejam alternados entre dois tons selecion\u00e1veis, seja invertendo a polaridade da alimenta\u00e7\u00e3o ou conectando uma segunda alimenta\u00e7\u00e3o de tens\u00e3o. As sa\u00eddas DB1H e DB1HP mais altas s\u00e3o particularmente adequadas para ambientes ruidosos. O a\u00e7o inoxid\u00e1vel, um dos materiais mais dur\u00e1veis \u200b\u200bdispon\u00edveis no mercado, \u00e9 resistente ao desgaste e \u00e0 corros\u00e3o, aumentando a vida \u00fatil dos produtos em ambientes agressivos e, portanto, reduzindo os custos de manuten\u00e7\u00e3o. Recursos Uso da Zona 1 e Zona 2 Ex d, IIB T5 \/ T6 * Aprovado pela ATEX, Ex II 2G Gb Listado pela UL \u2013 Classe I, Div 1. Grupos C e D Certificado IECEx, Gb TR CU certificado Certificado CCOE IP66 Temperatura certificada: \u201320\u00baC a + 70\u00baC * Certificado SIL 1 * Sa\u00edda de at\u00e9 113 dB (A) Dispon\u00edvel em liga de grau mar\u00edtimo ou a\u00e7o inoxid\u00e1vel 27 tons de sa\u00edda, selecion\u00e1veis \u200b\u200bpelo usu\u00e1rio Op\u00e7\u00e3o de inicializa\u00e7\u00e3o por telefone Os tons podem ser selecionados remotamente Os tons est\u00e3o em conformidade com as diretrizes UKOOA \/ PFEER Quaisquer dois tons podem ser comutados atrav\u00e9s da fonte de tens\u00e3o externa Op\u00e7\u00e3o de resistor de fim de linha * Dependente do modelo","og_url":"https:\/\/fullsolutions.info\/en\/product\/medc-db1-sounder\/","og_site_name":"Full Solutions","article_modified_time":"2024-02-19T16:15:21+00:00","og_image":[{"width":560,"height":315,"url":"https:\/\/mlhff0prgoxu.i.optimole.com\/cb:s0sM.767\/w:auto\/h:auto\/q:mauto\/f:best\/https:\/\/fullsolutions.info\/wp-content\/uploads\/2023\/11\/42-min.png","type":"image\/png"}],"twitter_card":"summary_large_image","twitter_misc":{"Est. reading time":"1 minute"},"schema":{"@context":"https:\/\/schema.org","@graph":[{"@type":"WebPage","@id":"https:\/\/fullsolutions.info\/produto\/medc-db1-sounder\/","url":"https:\/\/fullsolutions.info\/produto\/medc-db1-sounder\/","name":"MEDC DB1 Sounder - Full Solutions","isPartOf":{"@id":"https:\/\/fullsolutions.info\/#website"},"primaryImageOfPage":{"@id":"https:\/\/fullsolutions.info\/produto\/medc-db1-sounder\/#primaryimage"},"image":{"@id":"https:\/\/fullsolutions.info\/produto\/medc-db1-sounder\/#primaryimage"},"thumbnailUrl":"https:\/\/mlhff0prgoxu.i.optimole.com\/cb:s0sM.767\/w:auto\/h:auto\/q:mauto\/f:best\/https:\/\/fullsolutions.info\/wp-content\/uploads\/2023\/11\/42-min.png","datePublished":"2023-11-01T13:34:47+00:00","dateModified":"2024-02-19T16:15:21+00:00","breadcrumb":{"@id":"https:\/\/fullsolutions.info\/produto\/medc-db1-sounder\/#breadcrumb"},"inLanguage":"en-US","potentialAction":[{"@type":"ReadAction","target":["https:\/\/fullsolutions.info\/produto\/medc-db1-sounder\/"]}]},{"@type":"ImageObject","inLanguage":"en-US","@id":"https:\/\/fullsolutions.info\/produto\/medc-db1-sounder\/#primaryimage","url":"https:\/\/mlhff0prgoxu.i.optimole.com\/cb:s0sM.767\/w:auto\/h:auto\/q:mauto\/f:best\/https:\/\/fullsolutions.info\/wp-content\/uploads\/2023\/11\/42-min.png","contentUrl":"https:\/\/mlhff0prgoxu.i.optimole.com\/cb:s0sM.767\/w:auto\/h:auto\/q:mauto\/f:best\/https:\/\/fullsolutions.info\/wp-content\/uploads\/2023\/11\/42-min.png","width":560,"height":315},{"@type":"BreadcrumbList","@id":"https:\/\/fullsolutions.info\/produto\/medc-db1-sounder\/#breadcrumb","itemListElement":[{"@type":"ListItem","position":1,"name":"In\u00edcio","item":"https:\/\/fullsolutions.info\/"},{"@type":"ListItem","position":2,"name":"Produtos","item":"https:\/\/fullsolutions.info\/shop\/"},{"@type":"ListItem","position":3,"name":"MEDC DB1 Sounder"}]},{"@type":"WebSite","@id":"https:\/\/fullsolutions.info\/#website","url":"https:\/\/fullsolutions.info\/","name":"Full Solutions","description":"Empresa na \u00c1rea de Procurement","publisher":{"@id":"https:\/\/fullsolutions.info\/#organization"},"potentialAction":[{"@type":"SearchAction","target":{"@type":"EntryPoint","urlTemplate":"https:\/\/fullsolutions.info\/?s={search_term_string}"},"query-input":{"@type":"PropertyValueSpecification","valueRequired":true,"valueName":"search_term_string"}}],"inLanguage":"en-US"},{"@type":"Organization","@id":"https:\/\/fullsolutions.info\/#organization","name":"Full Solutions","url":"https:\/\/fullsolutions.info\/","logo":{"@type":"ImageObject","inLanguage":"en-US","@id":"https:\/\/fullsolutions.info\/#\/schema\/logo\/image\/","url":"https:\/\/mlhff0prgoxu.i.optimole.com\/cb:s0sM.767\/w:auto\/h:auto\/q:mauto\/f:best\/https:\/\/fullsolutions.info\/wp-content\/uploads\/2021\/07\/cropped-Design-sem-nome-300x193-1-e1627062664782.png","contentUrl":"https:\/\/mlhff0prgoxu.i.optimole.com\/cb:s0sM.767\/w:auto\/h:auto\/q:mauto\/f:best\/https:\/\/fullsolutions.info\/wp-content\/uploads\/2021\/07\/cropped-Design-sem-nome-300x193-1-e1627062664782.png","width":202,"height":155,"caption":"Full Solutions"},"image":{"@id":"https:\/\/fullsolutions.info\/#\/schema\/logo\/image\/"},"sameAs":["https:\/\/www.linkedin.com\/company\/full-solutions-equipment"]}]}},"_links":{"self":[{"href":"https:\/\/fullsolutions.info\/en\/wp-json\/wp\/v2\/product\/3833","targetHints":{"allow":["GET"]}}],"collection":[{"href":"https:\/\/fullsolutions.info\/en\/wp-json\/wp\/v2\/product"}],"about":[{"href":"https:\/\/fullsolutions.info\/en\/wp-json\/wp\/v2\/types\/product"}],"replies":[{"embeddable":true,"href":"https:\/\/fullsolutions.info\/en\/wp-json\/wp\/v2\/comments?post=3833"}],"wp:featuredmedia":[{"embeddable":true,"href":"https:\/\/fullsolutions.info\/en\/wp-json\/wp\/v2\/media\/3834"}],"wp:attachment":[{"href":"https:\/\/fullsolutions.info\/en\/wp-json\/wp\/v2\/media?parent=3833"}],"wp:term":[{"taxonomy":"product_brand","embeddable":true,"href":"https:\/\/fullsolutions.info\/en\/wp-json\/wp\/v2\/product_brand?post=3833"},{"taxonomy":"product_cat","embeddable":true,"href":"https:\/\/fullsolutions.info\/en\/wp-json\/wp\/v2\/product_cat?post=3833"},{"taxonomy":"product_tag","embeddable":true,"href":"https:\/\/fullsolutions.info\/en\/wp-json\/wp\/v2\/product_tag?post=3833"},{"taxonomy":"marca","embeddable":true,"href":"https:\/\/fullsolutions.info\/en\/wp-json\/wp\/v2\/marca?post=3833"}],"curies":[{"name":"wp","href":"https:\/\/api.w.org\/{rel}","templated":true}]}}