{"id":3831,"date":"2023-11-01T13:33:50","date_gmt":"2023-11-01T13:33:50","guid":{"rendered":"https:\/\/fullsolutionsequip.com\/?post_type=product&#038;p=3831"},"modified":"2024-02-19T16:15:21","modified_gmt":"2024-02-19T16:15:21","slug":"medc-dgw-21-signalling-bell","status":"publish","type":"product","link":"https:\/\/fullsolutions.info\/en\/product\/medc-dgw-21-signalling-bell\/","title":{"rendered":"MEDC dGW 21 Signalling Bell"},"content":{"rendered":"<div class=\"elementor-element elementor-element-b17befe elementor-widget elementor-widget-heading\" data-id=\"b17befe\" data-element_type=\"widget\" data-widget_type=\"heading.default\">\n<div class=\"elementor-widget-container\">\n<p class=\"elementor-heading-title elementor-size-default\"><strong>Descri\u00e7\u00e3o<\/strong><\/p>\n<\/div>\n<\/div>\n<div class=\"elementor-element elementor-element-2dbd9d0 elementor-widget elementor-widget-text-editor\" data-id=\"2dbd9d0\" data-element_type=\"widget\" data-widget_type=\"text-editor.default\">\n<div class=\"elementor-widget-container\">\n<div class=\"elementor-text-editor elementor-clearfix\">\n<p>Ex de sinaliza\u00e7\u00e3o campainha \u2013 at\u00e9 105dB.<\/p>\n<p>O sino de sinaliza\u00e7\u00e3o dGW21 foi projetado para alertar, chamar e sinalizar em atmosferas explosivas do grupo II e condi\u00e7\u00f5es ambientais adversas em \u00e1reas perigosas.<\/p>\n<p>A campainha de sinaliza\u00e7\u00e3o produz um volume de som de aprox.\u00a0105dB (A) a 1 metro de dist\u00e2ncia.<\/p>\n<p>A frequ\u00eancia do som da campainha \u00e9 de aproximadamente 1 kHz, o que significa que o sinal pode ser ouvido claramente contra ru\u00eddo de fundo de baixa frequ\u00eancia.\u00a0A campainha tamb\u00e9m pode ser ativada com a presen\u00e7a de um sinal de toque do telefone na vers\u00e3o dRGW 21.<\/p>\n<p>A prote\u00e7\u00e3o deste produto \u00e9 uma mistura de Exd \u201c\u00e0 prova de chamas\u201d para o sistema de acionamento e Exe \u201cmaior seguran\u00e7a\u201d para a c\u00e2mara de termina\u00e7\u00e3o.\u00a0O dRGW 21 oferece inicia\u00e7\u00e3o por um rel\u00e9 de uma tens\u00e3o de toque de telefone.\u00a0A c\u00e2mara \u00e0 prova de explos\u00e3o cont\u00e9m o sistema de acionamento eletromagn\u00e9tico e o inv\u00f3lucro \u00e9 feito de GRP (poli\u00e9ster refor\u00e7ado com fibra de vidro), garantindo prote\u00e7\u00e3o contra corros\u00e3o.\u00a0Como o dGW 21 \u00e9 classe de seguran\u00e7a II, n\u00e3o \u00e9 necess\u00e1ria nenhuma liga\u00e7\u00e3o equipotencial.<br \/>\nTodas as vers\u00f5es DC tamb\u00e9m s\u00e3o equipadas com disjuntor de contato eletr\u00f4nico, aumentando a vida \u00fatil do produto.<\/p>\n<p><strong>Recursos<\/strong><\/p>\n<ul>\n<li>ATEX II 2 G Ex de IIC T6<\/li>\n<li>Carca\u00e7a feita de poli\u00e9ster refor\u00e7ado com fibra de vidro (GRP)<\/li>\n<li>Volume: aprox: 105 dB (A)<\/li>\n<li>Prote\u00e7\u00e3o: IP 66<\/li>\n<li>Classe de seguran\u00e7a II (sem liga\u00e7\u00e3o equipotencial necess\u00e1ria)<\/li>\n<li>Vers\u00e3o dRGW 21 com rel\u00e9 de chamada telef\u00f4nica integrado<\/li>\n<li>A caixa de terminais integrada realizada no modo de prote\u00e7\u00e3o Ex aumenta a seguran\u00e7a<\/li>\n<\/ul>\n<\/div>\n<\/div>\n<\/div>","protected":false},"excerpt":{"rendered":"<p>Descri\u00e7\u00e3o Ex de sinaliza\u00e7\u00e3o campainha \u2013 at\u00e9 105dB. O sino de sinaliza\u00e7\u00e3o dGW21 foi projetado para alertar, chamar e sinalizar em atmosferas explosivas do grupo II e condi\u00e7\u00f5es ambientais adversas em \u00e1reas perigosas. A campainha de sinaliza\u00e7\u00e3o produz um volume de som de aprox.\u00a0105dB (A) a 1 metro de dist\u00e2ncia. A frequ\u00eancia do som da campainha \u00e9 de aproximadamente 1 kHz, o que significa que o sinal pode ser ouvido claramente contra ru\u00eddo de fundo de baixa frequ\u00eancia.\u00a0A campainha tamb\u00e9m pode ser ativada com a presen\u00e7a de um sinal de toque do telefone na vers\u00e3o dRGW 21. A prote\u00e7\u00e3o deste produto \u00e9 uma mistura de Exd \u201c\u00e0 prova de chamas\u201d para o sistema de acionamento e Exe \u201cmaior seguran\u00e7a\u201d para a c\u00e2mara de termina\u00e7\u00e3o.\u00a0O dRGW 21 oferece inicia\u00e7\u00e3o por um rel\u00e9 de uma tens\u00e3o de toque de telefone.\u00a0A c\u00e2mara \u00e0 prova de explos\u00e3o cont\u00e9m o sistema de acionamento eletromagn\u00e9tico e o inv\u00f3lucro \u00e9 feito de GRP (poli\u00e9ster refor\u00e7ado com fibra de vidro), garantindo prote\u00e7\u00e3o contra corros\u00e3o.\u00a0Como o dGW 21 \u00e9 classe de seguran\u00e7a II, n\u00e3o \u00e9 necess\u00e1ria nenhuma liga\u00e7\u00e3o equipotencial. Todas as vers\u00f5es DC tamb\u00e9m s\u00e3o equipadas com disjuntor de contato eletr\u00f4nico, aumentando a vida \u00fatil do produto. Recursos ATEX II 2 G Ex de IIC T6 Carca\u00e7a feita de poli\u00e9ster refor\u00e7ado com fibra de vidro (GRP) Volume: aprox: 105 dB (A) Prote\u00e7\u00e3o: IP 66 Classe de seguran\u00e7a II (sem liga\u00e7\u00e3o equipotencial necess\u00e1ria) Vers\u00e3o dRGW 21 com rel\u00e9 de chamada telef\u00f4nica integrado A caixa de terminais integrada realizada no modo de prote\u00e7\u00e3o Ex aumenta a seguran\u00e7a<\/p>","protected":false},"featured_media":3832,"comment_status":"open","ping_status":"closed","template":"","meta":{"_joinchat":[]},"product_brand":[],"product_cat":[137],"product_tag":[],"marca":[74],"class_list":{"0":"post-3831","1":"product","2":"type-product","3":"status-publish","4":"has-post-thumbnail","6":"product_cat-sirenes-buzinas","7":"marca-medc","9":"first","10":"instock","11":"shipping-taxable","12":"purchasable","13":"product-type-simple"},"yoast_head":"<!-- This site is optimized with the Yoast SEO plugin v27.2 - https:\/\/yoast.com\/product\/yoast-seo-wordpress\/ -->\n<title>MEDC dGW 21 Signalling Bell - Full Solutions<\/title>\n<meta name=\"robots\" content=\"index, follow, max-snippet:-1, max-image-preview:large, max-video-preview:-1\" \/>\n<link rel=\"canonical\" href=\"https:\/\/fullsolutions.info\/en\/product\/medc-dgw-21-signalling-bell\/\" \/>\n<meta property=\"og:locale\" content=\"en_US\" \/>\n<meta property=\"og:type\" content=\"article\" \/>\n<meta property=\"og:title\" content=\"MEDC dGW 21 Signalling Bell - Full Solutions\" \/>\n<meta property=\"og:description\" content=\"Descri\u00e7\u00e3o Ex de sinaliza\u00e7\u00e3o campainha \u2013 at\u00e9 105dB. O sino de sinaliza\u00e7\u00e3o dGW21 foi projetado para alertar, chamar e sinalizar em atmosferas explosivas do grupo II e condi\u00e7\u00f5es ambientais adversas em \u00e1reas perigosas. A campainha de sinaliza\u00e7\u00e3o produz um volume de som de aprox.\u00a0105dB (A) a 1 metro de dist\u00e2ncia. A frequ\u00eancia do som da campainha \u00e9 de aproximadamente 1 kHz, o que significa que o sinal pode ser ouvido claramente contra ru\u00eddo de fundo de baixa frequ\u00eancia.\u00a0A campainha tamb\u00e9m pode ser ativada com a presen\u00e7a de um sinal de toque do telefone na vers\u00e3o dRGW 21. A prote\u00e7\u00e3o deste produto \u00e9 uma mistura de Exd \u201c\u00e0 prova de chamas\u201d para o sistema de acionamento e Exe \u201cmaior seguran\u00e7a\u201d para a c\u00e2mara de termina\u00e7\u00e3o.\u00a0O dRGW 21 oferece inicia\u00e7\u00e3o por um rel\u00e9 de uma tens\u00e3o de toque de telefone.\u00a0A c\u00e2mara \u00e0 prova de explos\u00e3o cont\u00e9m o sistema de acionamento eletromagn\u00e9tico e o inv\u00f3lucro \u00e9 feito de GRP (poli\u00e9ster refor\u00e7ado com fibra de vidro), garantindo prote\u00e7\u00e3o contra corros\u00e3o.\u00a0Como o dGW 21 \u00e9 classe de seguran\u00e7a II, n\u00e3o \u00e9 necess\u00e1ria nenhuma liga\u00e7\u00e3o equipotencial. Todas as vers\u00f5es DC tamb\u00e9m s\u00e3o equipadas com disjuntor de contato eletr\u00f4nico, aumentando a vida \u00fatil do produto. Recursos ATEX II 2 G Ex de IIC T6 Carca\u00e7a feita de poli\u00e9ster refor\u00e7ado com fibra de vidro (GRP) Volume: aprox: 105 dB (A) Prote\u00e7\u00e3o: IP 66 Classe de seguran\u00e7a II (sem liga\u00e7\u00e3o equipotencial necess\u00e1ria) Vers\u00e3o dRGW 21 com rel\u00e9 de chamada telef\u00f4nica integrado A caixa de terminais integrada realizada no modo de prote\u00e7\u00e3o Ex aumenta a seguran\u00e7a\" \/>\n<meta property=\"og:url\" content=\"https:\/\/fullsolutions.info\/en\/product\/medc-dgw-21-signalling-bell\/\" \/>\n<meta property=\"og:site_name\" content=\"Full Solutions\" \/>\n<meta property=\"article:modified_time\" content=\"2024-02-19T16:15:21+00:00\" \/>\n<meta property=\"og:image\" content=\"https:\/\/mlhff0prgoxu.i.optimole.com\/cb:s0sM.767\/w:auto\/h:auto\/q:mauto\/f:best\/https:\/\/fullsolutions.info\/wp-content\/uploads\/2023\/11\/41.png\" \/>\n\t<meta property=\"og:image:width\" content=\"560\" \/>\n\t<meta property=\"og:image:height\" content=\"315\" \/>\n\t<meta property=\"og:image:type\" content=\"image\/png\" \/>\n<meta name=\"twitter:card\" content=\"summary_large_image\" \/>\n<meta name=\"twitter:label1\" content=\"Est. reading time\" \/>\n\t<meta name=\"twitter:data1\" content=\"1 minute\" \/>\n<script type=\"application\/ld+json\" class=\"yoast-schema-graph\">{\"@context\":\"https:\/\/schema.org\",\"@graph\":[{\"@type\":\"WebPage\",\"@id\":\"https:\/\/fullsolutions.info\/produto\/medc-dgw-21-signalling-bell\/\",\"url\":\"https:\/\/fullsolutions.info\/produto\/medc-dgw-21-signalling-bell\/\",\"name\":\"MEDC dGW 21 Signalling Bell - Full Solutions\",\"isPartOf\":{\"@id\":\"https:\/\/fullsolutions.info\/#website\"},\"primaryImageOfPage\":{\"@id\":\"https:\/\/fullsolutions.info\/produto\/medc-dgw-21-signalling-bell\/#primaryimage\"},\"image\":{\"@id\":\"https:\/\/fullsolutions.info\/produto\/medc-dgw-21-signalling-bell\/#primaryimage\"},\"thumbnailUrl\":\"https:\/\/mlhff0prgoxu.i.optimole.com\/cb:s0sM.767\/w:auto\/h:auto\/q:mauto\/f:best\/https:\/\/fullsolutions.info\/wp-content\/uploads\/2023\/11\/41.png\",\"datePublished\":\"2023-11-01T13:33:50+00:00\",\"dateModified\":\"2024-02-19T16:15:21+00:00\",\"breadcrumb\":{\"@id\":\"https:\/\/fullsolutions.info\/produto\/medc-dgw-21-signalling-bell\/#breadcrumb\"},\"inLanguage\":\"en-US\",\"potentialAction\":[{\"@type\":\"ReadAction\",\"target\":[\"https:\/\/fullsolutions.info\/produto\/medc-dgw-21-signalling-bell\/\"]}]},{\"@type\":\"ImageObject\",\"inLanguage\":\"en-US\",\"@id\":\"https:\/\/fullsolutions.info\/produto\/medc-dgw-21-signalling-bell\/#primaryimage\",\"url\":\"https:\/\/mlhff0prgoxu.i.optimole.com\/cb:s0sM.767\/w:auto\/h:auto\/q:mauto\/f:best\/https:\/\/fullsolutions.info\/wp-content\/uploads\/2023\/11\/41.png\",\"contentUrl\":\"https:\/\/mlhff0prgoxu.i.optimole.com\/cb:s0sM.767\/w:auto\/h:auto\/q:mauto\/f:best\/https:\/\/fullsolutions.info\/wp-content\/uploads\/2023\/11\/41.png\",\"width\":560,\"height\":315},{\"@type\":\"BreadcrumbList\",\"@id\":\"https:\/\/fullsolutions.info\/produto\/medc-dgw-21-signalling-bell\/#breadcrumb\",\"itemListElement\":[{\"@type\":\"ListItem\",\"position\":1,\"name\":\"In\u00edcio\",\"item\":\"https:\/\/fullsolutions.info\/\"},{\"@type\":\"ListItem\",\"position\":2,\"name\":\"Produtos\",\"item\":\"https:\/\/fullsolutions.info\/shop\/\"},{\"@type\":\"ListItem\",\"position\":3,\"name\":\"MEDC dGW 21 Signalling Bell\"}]},{\"@type\":\"WebSite\",\"@id\":\"https:\/\/fullsolutions.info\/#website\",\"url\":\"https:\/\/fullsolutions.info\/\",\"name\":\"Full Solutions\",\"description\":\"Empresa na \u00c1rea de Procurement\",\"publisher\":{\"@id\":\"https:\/\/fullsolutions.info\/#organization\"},\"potentialAction\":[{\"@type\":\"SearchAction\",\"target\":{\"@type\":\"EntryPoint\",\"urlTemplate\":\"https:\/\/fullsolutions.info\/?s={search_term_string}\"},\"query-input\":{\"@type\":\"PropertyValueSpecification\",\"valueRequired\":true,\"valueName\":\"search_term_string\"}}],\"inLanguage\":\"en-US\"},{\"@type\":\"Organization\",\"@id\":\"https:\/\/fullsolutions.info\/#organization\",\"name\":\"Full Solutions\",\"url\":\"https:\/\/fullsolutions.info\/\",\"logo\":{\"@type\":\"ImageObject\",\"inLanguage\":\"en-US\",\"@id\":\"https:\/\/fullsolutions.info\/#\/schema\/logo\/image\/\",\"url\":\"https:\/\/mlhff0prgoxu.i.optimole.com\/cb:s0sM.767\/w:auto\/h:auto\/q:mauto\/f:best\/https:\/\/fullsolutions.info\/wp-content\/uploads\/2021\/07\/cropped-Design-sem-nome-300x193-1-e1627062664782.png\",\"contentUrl\":\"https:\/\/mlhff0prgoxu.i.optimole.com\/cb:s0sM.767\/w:auto\/h:auto\/q:mauto\/f:best\/https:\/\/fullsolutions.info\/wp-content\/uploads\/2021\/07\/cropped-Design-sem-nome-300x193-1-e1627062664782.png\",\"width\":202,\"height\":155,\"caption\":\"Full Solutions\"},\"image\":{\"@id\":\"https:\/\/fullsolutions.info\/#\/schema\/logo\/image\/\"},\"sameAs\":[\"https:\/\/www.linkedin.com\/company\/full-solutions-equipment\"]}]}<\/script>\n<!-- \/ Yoast SEO plugin. -->","yoast_head_json":{"title":"MEDC dGW 21 Signalling Bell - Full Solutions","robots":{"index":"index","follow":"follow","max-snippet":"max-snippet:-1","max-image-preview":"max-image-preview:large","max-video-preview":"max-video-preview:-1"},"canonical":"https:\/\/fullsolutions.info\/en\/product\/medc-dgw-21-signalling-bell\/","og_locale":"en_US","og_type":"article","og_title":"MEDC dGW 21 Signalling Bell - Full Solutions","og_description":"Descri\u00e7\u00e3o Ex de sinaliza\u00e7\u00e3o campainha \u2013 at\u00e9 105dB. O sino de sinaliza\u00e7\u00e3o dGW21 foi projetado para alertar, chamar e sinalizar em atmosferas explosivas do grupo II e condi\u00e7\u00f5es ambientais adversas em \u00e1reas perigosas. A campainha de sinaliza\u00e7\u00e3o produz um volume de som de aprox.\u00a0105dB (A) a 1 metro de dist\u00e2ncia. A frequ\u00eancia do som da campainha \u00e9 de aproximadamente 1 kHz, o que significa que o sinal pode ser ouvido claramente contra ru\u00eddo de fundo de baixa frequ\u00eancia.\u00a0A campainha tamb\u00e9m pode ser ativada com a presen\u00e7a de um sinal de toque do telefone na vers\u00e3o dRGW 21. A prote\u00e7\u00e3o deste produto \u00e9 uma mistura de Exd \u201c\u00e0 prova de chamas\u201d para o sistema de acionamento e Exe \u201cmaior seguran\u00e7a\u201d para a c\u00e2mara de termina\u00e7\u00e3o.\u00a0O dRGW 21 oferece inicia\u00e7\u00e3o por um rel\u00e9 de uma tens\u00e3o de toque de telefone.\u00a0A c\u00e2mara \u00e0 prova de explos\u00e3o cont\u00e9m o sistema de acionamento eletromagn\u00e9tico e o inv\u00f3lucro \u00e9 feito de GRP (poli\u00e9ster refor\u00e7ado com fibra de vidro), garantindo prote\u00e7\u00e3o contra corros\u00e3o.\u00a0Como o dGW 21 \u00e9 classe de seguran\u00e7a II, n\u00e3o \u00e9 necess\u00e1ria nenhuma liga\u00e7\u00e3o equipotencial. Todas as vers\u00f5es DC tamb\u00e9m s\u00e3o equipadas com disjuntor de contato eletr\u00f4nico, aumentando a vida \u00fatil do produto. Recursos ATEX II 2 G Ex de IIC T6 Carca\u00e7a feita de poli\u00e9ster refor\u00e7ado com fibra de vidro (GRP) Volume: aprox: 105 dB (A) Prote\u00e7\u00e3o: IP 66 Classe de seguran\u00e7a II (sem liga\u00e7\u00e3o equipotencial necess\u00e1ria) Vers\u00e3o dRGW 21 com rel\u00e9 de chamada telef\u00f4nica integrado A caixa de terminais integrada realizada no modo de prote\u00e7\u00e3o Ex aumenta a seguran\u00e7a","og_url":"https:\/\/fullsolutions.info\/en\/product\/medc-dgw-21-signalling-bell\/","og_site_name":"Full Solutions","article_modified_time":"2024-02-19T16:15:21+00:00","og_image":[{"width":560,"height":315,"url":"https:\/\/mlhff0prgoxu.i.optimole.com\/cb:s0sM.767\/w:auto\/h:auto\/q:mauto\/f:best\/https:\/\/fullsolutions.info\/wp-content\/uploads\/2023\/11\/41.png","type":"image\/png"}],"twitter_card":"summary_large_image","twitter_misc":{"Est. reading time":"1 minute"},"schema":{"@context":"https:\/\/schema.org","@graph":[{"@type":"WebPage","@id":"https:\/\/fullsolutions.info\/produto\/medc-dgw-21-signalling-bell\/","url":"https:\/\/fullsolutions.info\/produto\/medc-dgw-21-signalling-bell\/","name":"MEDC dGW 21 Signalling Bell - Full Solutions","isPartOf":{"@id":"https:\/\/fullsolutions.info\/#website"},"primaryImageOfPage":{"@id":"https:\/\/fullsolutions.info\/produto\/medc-dgw-21-signalling-bell\/#primaryimage"},"image":{"@id":"https:\/\/fullsolutions.info\/produto\/medc-dgw-21-signalling-bell\/#primaryimage"},"thumbnailUrl":"https:\/\/mlhff0prgoxu.i.optimole.com\/cb:s0sM.767\/w:auto\/h:auto\/q:mauto\/f:best\/https:\/\/fullsolutions.info\/wp-content\/uploads\/2023\/11\/41.png","datePublished":"2023-11-01T13:33:50+00:00","dateModified":"2024-02-19T16:15:21+00:00","breadcrumb":{"@id":"https:\/\/fullsolutions.info\/produto\/medc-dgw-21-signalling-bell\/#breadcrumb"},"inLanguage":"en-US","potentialAction":[{"@type":"ReadAction","target":["https:\/\/fullsolutions.info\/produto\/medc-dgw-21-signalling-bell\/"]}]},{"@type":"ImageObject","inLanguage":"en-US","@id":"https:\/\/fullsolutions.info\/produto\/medc-dgw-21-signalling-bell\/#primaryimage","url":"https:\/\/mlhff0prgoxu.i.optimole.com\/cb:s0sM.767\/w:auto\/h:auto\/q:mauto\/f:best\/https:\/\/fullsolutions.info\/wp-content\/uploads\/2023\/11\/41.png","contentUrl":"https:\/\/mlhff0prgoxu.i.optimole.com\/cb:s0sM.767\/w:auto\/h:auto\/q:mauto\/f:best\/https:\/\/fullsolutions.info\/wp-content\/uploads\/2023\/11\/41.png","width":560,"height":315},{"@type":"BreadcrumbList","@id":"https:\/\/fullsolutions.info\/produto\/medc-dgw-21-signalling-bell\/#breadcrumb","itemListElement":[{"@type":"ListItem","position":1,"name":"In\u00edcio","item":"https:\/\/fullsolutions.info\/"},{"@type":"ListItem","position":2,"name":"Produtos","item":"https:\/\/fullsolutions.info\/shop\/"},{"@type":"ListItem","position":3,"name":"MEDC dGW 21 Signalling Bell"}]},{"@type":"WebSite","@id":"https:\/\/fullsolutions.info\/#website","url":"https:\/\/fullsolutions.info\/","name":"Full Solutions","description":"Empresa na \u00c1rea de Procurement","publisher":{"@id":"https:\/\/fullsolutions.info\/#organization"},"potentialAction":[{"@type":"SearchAction","target":{"@type":"EntryPoint","urlTemplate":"https:\/\/fullsolutions.info\/?s={search_term_string}"},"query-input":{"@type":"PropertyValueSpecification","valueRequired":true,"valueName":"search_term_string"}}],"inLanguage":"en-US"},{"@type":"Organization","@id":"https:\/\/fullsolutions.info\/#organization","name":"Full Solutions","url":"https:\/\/fullsolutions.info\/","logo":{"@type":"ImageObject","inLanguage":"en-US","@id":"https:\/\/fullsolutions.info\/#\/schema\/logo\/image\/","url":"https:\/\/mlhff0prgoxu.i.optimole.com\/cb:s0sM.767\/w:auto\/h:auto\/q:mauto\/f:best\/https:\/\/fullsolutions.info\/wp-content\/uploads\/2021\/07\/cropped-Design-sem-nome-300x193-1-e1627062664782.png","contentUrl":"https:\/\/mlhff0prgoxu.i.optimole.com\/cb:s0sM.767\/w:auto\/h:auto\/q:mauto\/f:best\/https:\/\/fullsolutions.info\/wp-content\/uploads\/2021\/07\/cropped-Design-sem-nome-300x193-1-e1627062664782.png","width":202,"height":155,"caption":"Full Solutions"},"image":{"@id":"https:\/\/fullsolutions.info\/#\/schema\/logo\/image\/"},"sameAs":["https:\/\/www.linkedin.com\/company\/full-solutions-equipment"]}]}},"_links":{"self":[{"href":"https:\/\/fullsolutions.info\/en\/wp-json\/wp\/v2\/product\/3831","targetHints":{"allow":["GET"]}}],"collection":[{"href":"https:\/\/fullsolutions.info\/en\/wp-json\/wp\/v2\/product"}],"about":[{"href":"https:\/\/fullsolutions.info\/en\/wp-json\/wp\/v2\/types\/product"}],"replies":[{"embeddable":true,"href":"https:\/\/fullsolutions.info\/en\/wp-json\/wp\/v2\/comments?post=3831"}],"wp:featuredmedia":[{"embeddable":true,"href":"https:\/\/fullsolutions.info\/en\/wp-json\/wp\/v2\/media\/3832"}],"wp:attachment":[{"href":"https:\/\/fullsolutions.info\/en\/wp-json\/wp\/v2\/media?parent=3831"}],"wp:term":[{"taxonomy":"product_brand","embeddable":true,"href":"https:\/\/fullsolutions.info\/en\/wp-json\/wp\/v2\/product_brand?post=3831"},{"taxonomy":"product_cat","embeddable":true,"href":"https:\/\/fullsolutions.info\/en\/wp-json\/wp\/v2\/product_cat?post=3831"},{"taxonomy":"product_tag","embeddable":true,"href":"https:\/\/fullsolutions.info\/en\/wp-json\/wp\/v2\/product_tag?post=3831"},{"taxonomy":"marca","embeddable":true,"href":"https:\/\/fullsolutions.info\/en\/wp-json\/wp\/v2\/marca?post=3831"}],"curies":[{"name":"wp","href":"https:\/\/api.w.org\/{rel}","templated":true}]}}