{"id":3829,"date":"2023-11-01T13:32:43","date_gmt":"2023-11-01T13:32:43","guid":{"rendered":"https:\/\/fullsolutionsequip.com\/?post_type=product&#038;p=3829"},"modified":"2024-02-19T16:15:21","modified_gmt":"2024-02-19T16:15:21","slug":"sirene-medc-dev-20","status":"publish","type":"product","link":"https:\/\/fullsolutions.info\/en\/product\/sirene-medc-dev-20\/","title":{"rendered":"Sirene MEDC dEV 20"},"content":{"rendered":"<div class=\"elementor-element elementor-element-b17befe elementor-widget elementor-widget-heading\" data-id=\"b17befe\" data-element_type=\"widget\" data-widget_type=\"heading.default\">\n<div class=\"elementor-widget-container\">\n<p class=\"elementor-heading-title elementor-size-default\"><strong>Descri\u00e7\u00e3o<\/strong><\/p>\n<\/div>\n<\/div>\n<div class=\"elementor-element elementor-element-2dbd9d0 elementor-widget elementor-widget-text-editor\" data-id=\"2dbd9d0\" data-element_type=\"widget\" data-widget_type=\"text-editor.default\">\n<div class=\"elementor-widget-container\">\n<div class=\"elementor-text-editor elementor-clearfix\">\n<p>Ex de sirene \u2013 at\u00e9 115 dB.<\/p>\n<p>As \u00e1reas perigosas geralmente requerem o uso de sinais ac\u00fasticos para fins de aviso ou informa\u00e7\u00e3o.\u00a0O ExII-sounder dEV20 oferece esses dois recursos de sinaliza\u00e7\u00e3o e foi projetado para opera\u00e7\u00e3o cont\u00ednua.<\/p>\n<p>O ExII-sounder dEV20 tem uma classifica\u00e7\u00e3o de prote\u00e7\u00e3o de entrada de IP66, o que significa que \u00e9 adequado para instala\u00e7\u00e3o interna e externa.<\/p>\n<p>O ExII-Sounder consiste em um inv\u00f3lucro \u00e0 prova de chamas fabricado em liga de alum\u00ednio leve e um canal de som feito de poli\u00e9ster resistente a impactos.<\/p>\n<p>A sirene dEV20 inclui dois n\u00edveis de sinal.\u00a0O tom do sinal para o primeiro n\u00edvel \u00e9 ajustado com os interruptores deslizantes 1-5 (S0) de acordo com a lista de escolha do sinal.\u00a0O tom do sinal para o segundo n\u00edvel de sinal \u00e9 ajustado com os interruptores 6-10 (S1).<\/p>\n<p>Condi\u00e7\u00e3o de entrega: S0 = Tom 24, S1 = Tom 4<\/p>\n<p><strong>Recursos<\/strong><\/p>\n<ul>\n<li>N\u00edvel de press\u00e3o sonora: at\u00e9 115 dB (A)<\/li>\n<li>32 tons de sinal, alarme de 2 est\u00e1gios<\/li>\n<li>Volume ajust\u00e1vel (3 etapas de 10 dB)<\/li>\n<li>Carca\u00e7a de alum\u00ednio, poliamida<\/li>\n<li>Aprova\u00e7\u00e3o ATEX<\/li>\n<li>IP66<\/li>\n<li>II 2 G Ex de IIB + H2 T6 Gb<\/li>\n<li>II 2 D Ex tb IIIC T85\u00baC Db<\/li>\n<\/ul>\n<\/div>\n<\/div>\n<\/div>","protected":false},"excerpt":{"rendered":"<p>Descri\u00e7\u00e3o Ex de sirene \u2013 at\u00e9 115 dB. As \u00e1reas perigosas geralmente requerem o uso de sinais ac\u00fasticos para fins de aviso ou informa\u00e7\u00e3o.\u00a0O ExII-sounder dEV20 oferece esses dois recursos de sinaliza\u00e7\u00e3o e foi projetado para opera\u00e7\u00e3o cont\u00ednua. O ExII-sounder dEV20 tem uma classifica\u00e7\u00e3o de prote\u00e7\u00e3o de entrada de IP66, o que significa que \u00e9 adequado para instala\u00e7\u00e3o interna e externa. O ExII-Sounder consiste em um inv\u00f3lucro \u00e0 prova de chamas fabricado em liga de alum\u00ednio leve e um canal de som feito de poli\u00e9ster resistente a impactos. A sirene dEV20 inclui dois n\u00edveis de sinal.\u00a0O tom do sinal para o primeiro n\u00edvel \u00e9 ajustado com os interruptores deslizantes 1-5 (S0) de acordo com a lista de escolha do sinal.\u00a0O tom do sinal para o segundo n\u00edvel de sinal \u00e9 ajustado com os interruptores 6-10 (S1). Condi\u00e7\u00e3o de entrega: S0 = Tom 24, S1 = Tom 4 Recursos N\u00edvel de press\u00e3o sonora: at\u00e9 115 dB (A) 32 tons de sinal, alarme de 2 est\u00e1gios Volume ajust\u00e1vel (3 etapas de 10 dB) Carca\u00e7a de alum\u00ednio, poliamida Aprova\u00e7\u00e3o ATEX IP66 II 2 G Ex de IIB + H2 T6 Gb II 2 D Ex tb IIIC T85\u00baC Db<\/p>","protected":false},"featured_media":3830,"comment_status":"open","ping_status":"closed","template":"","meta":{"_joinchat":[]},"product_brand":[],"product_cat":[137],"product_tag":[],"marca":[74],"class_list":{"0":"post-3829","1":"product","2":"type-product","3":"status-publish","4":"has-post-thumbnail","6":"product_cat-sirenes-buzinas","7":"marca-medc","9":"first","10":"instock","11":"shipping-taxable","12":"purchasable","13":"product-type-simple"},"yoast_head":"<!-- This site is optimized with the Yoast SEO plugin v27.2 - https:\/\/yoast.com\/product\/yoast-seo-wordpress\/ -->\n<title>Sirene MEDC dEV 20 - Full Solutions<\/title>\n<meta name=\"robots\" content=\"index, follow, max-snippet:-1, max-image-preview:large, max-video-preview:-1\" \/>\n<link rel=\"canonical\" href=\"https:\/\/fullsolutions.info\/en\/product\/sirene-medc-dev-20\/\" \/>\n<meta property=\"og:locale\" content=\"en_US\" \/>\n<meta property=\"og:type\" content=\"article\" \/>\n<meta property=\"og:title\" content=\"Sirene MEDC dEV 20 - Full Solutions\" \/>\n<meta property=\"og:description\" content=\"Descri\u00e7\u00e3o Ex de sirene \u2013 at\u00e9 115 dB. As \u00e1reas perigosas geralmente requerem o uso de sinais ac\u00fasticos para fins de aviso ou informa\u00e7\u00e3o.\u00a0O ExII-sounder dEV20 oferece esses dois recursos de sinaliza\u00e7\u00e3o e foi projetado para opera\u00e7\u00e3o cont\u00ednua. O ExII-sounder dEV20 tem uma classifica\u00e7\u00e3o de prote\u00e7\u00e3o de entrada de IP66, o que significa que \u00e9 adequado para instala\u00e7\u00e3o interna e externa. O ExII-Sounder consiste em um inv\u00f3lucro \u00e0 prova de chamas fabricado em liga de alum\u00ednio leve e um canal de som feito de poli\u00e9ster resistente a impactos. A sirene dEV20 inclui dois n\u00edveis de sinal.\u00a0O tom do sinal para o primeiro n\u00edvel \u00e9 ajustado com os interruptores deslizantes 1-5 (S0) de acordo com a lista de escolha do sinal.\u00a0O tom do sinal para o segundo n\u00edvel de sinal \u00e9 ajustado com os interruptores 6-10 (S1). Condi\u00e7\u00e3o de entrega: S0 = Tom 24, S1 = Tom 4 Recursos N\u00edvel de press\u00e3o sonora: at\u00e9 115 dB (A) 32 tons de sinal, alarme de 2 est\u00e1gios Volume ajust\u00e1vel (3 etapas de 10 dB) Carca\u00e7a de alum\u00ednio, poliamida Aprova\u00e7\u00e3o ATEX IP66 II 2 G Ex de IIB + H2 T6 Gb II 2 D Ex tb IIIC T85\u00baC Db\" \/>\n<meta property=\"og:url\" content=\"https:\/\/fullsolutions.info\/en\/product\/sirene-medc-dev-20\/\" \/>\n<meta property=\"og:site_name\" content=\"Full Solutions\" \/>\n<meta property=\"article:modified_time\" content=\"2024-02-19T16:15:21+00:00\" \/>\n<meta property=\"og:image\" content=\"https:\/\/mlhff0prgoxu.i.optimole.com\/cb:s0sM.767\/w:auto\/h:auto\/q:mauto\/f:best\/https:\/\/fullsolutions.info\/wp-content\/uploads\/2023\/11\/40.png\" \/>\n\t<meta property=\"og:image:width\" content=\"560\" \/>\n\t<meta property=\"og:image:height\" content=\"315\" \/>\n\t<meta property=\"og:image:type\" content=\"image\/png\" \/>\n<meta name=\"twitter:card\" content=\"summary_large_image\" \/>\n<meta name=\"twitter:label1\" content=\"Est. reading time\" \/>\n\t<meta name=\"twitter:data1\" content=\"1 minute\" \/>\n<script type=\"application\/ld+json\" class=\"yoast-schema-graph\">{\"@context\":\"https:\/\/schema.org\",\"@graph\":[{\"@type\":\"WebPage\",\"@id\":\"https:\/\/fullsolutions.info\/produto\/sirene-medc-dev-20\/\",\"url\":\"https:\/\/fullsolutions.info\/produto\/sirene-medc-dev-20\/\",\"name\":\"Sirene MEDC dEV 20 - Full Solutions\",\"isPartOf\":{\"@id\":\"https:\/\/fullsolutions.info\/#website\"},\"primaryImageOfPage\":{\"@id\":\"https:\/\/fullsolutions.info\/produto\/sirene-medc-dev-20\/#primaryimage\"},\"image\":{\"@id\":\"https:\/\/fullsolutions.info\/produto\/sirene-medc-dev-20\/#primaryimage\"},\"thumbnailUrl\":\"https:\/\/mlhff0prgoxu.i.optimole.com\/cb:s0sM.767\/w:auto\/h:auto\/q:mauto\/f:best\/https:\/\/fullsolutions.info\/wp-content\/uploads\/2023\/11\/40.png\",\"datePublished\":\"2023-11-01T13:32:43+00:00\",\"dateModified\":\"2024-02-19T16:15:21+00:00\",\"breadcrumb\":{\"@id\":\"https:\/\/fullsolutions.info\/produto\/sirene-medc-dev-20\/#breadcrumb\"},\"inLanguage\":\"en-US\",\"potentialAction\":[{\"@type\":\"ReadAction\",\"target\":[\"https:\/\/fullsolutions.info\/produto\/sirene-medc-dev-20\/\"]}]},{\"@type\":\"ImageObject\",\"inLanguage\":\"en-US\",\"@id\":\"https:\/\/fullsolutions.info\/produto\/sirene-medc-dev-20\/#primaryimage\",\"url\":\"https:\/\/mlhff0prgoxu.i.optimole.com\/cb:s0sM.767\/w:auto\/h:auto\/q:mauto\/f:best\/https:\/\/fullsolutions.info\/wp-content\/uploads\/2023\/11\/40.png\",\"contentUrl\":\"https:\/\/mlhff0prgoxu.i.optimole.com\/cb:s0sM.767\/w:auto\/h:auto\/q:mauto\/f:best\/https:\/\/fullsolutions.info\/wp-content\/uploads\/2023\/11\/40.png\",\"width\":560,\"height\":315},{\"@type\":\"BreadcrumbList\",\"@id\":\"https:\/\/fullsolutions.info\/produto\/sirene-medc-dev-20\/#breadcrumb\",\"itemListElement\":[{\"@type\":\"ListItem\",\"position\":1,\"name\":\"In\u00edcio\",\"item\":\"https:\/\/fullsolutions.info\/\"},{\"@type\":\"ListItem\",\"position\":2,\"name\":\"Produtos\",\"item\":\"https:\/\/fullsolutions.info\/shop\/\"},{\"@type\":\"ListItem\",\"position\":3,\"name\":\"Sirene MEDC dEV 20\"}]},{\"@type\":\"WebSite\",\"@id\":\"https:\/\/fullsolutions.info\/#website\",\"url\":\"https:\/\/fullsolutions.info\/\",\"name\":\"Full Solutions\",\"description\":\"Empresa na \u00c1rea de Procurement\",\"publisher\":{\"@id\":\"https:\/\/fullsolutions.info\/#organization\"},\"potentialAction\":[{\"@type\":\"SearchAction\",\"target\":{\"@type\":\"EntryPoint\",\"urlTemplate\":\"https:\/\/fullsolutions.info\/?s={search_term_string}\"},\"query-input\":{\"@type\":\"PropertyValueSpecification\",\"valueRequired\":true,\"valueName\":\"search_term_string\"}}],\"inLanguage\":\"en-US\"},{\"@type\":\"Organization\",\"@id\":\"https:\/\/fullsolutions.info\/#organization\",\"name\":\"Full Solutions\",\"url\":\"https:\/\/fullsolutions.info\/\",\"logo\":{\"@type\":\"ImageObject\",\"inLanguage\":\"en-US\",\"@id\":\"https:\/\/fullsolutions.info\/#\/schema\/logo\/image\/\",\"url\":\"https:\/\/mlhff0prgoxu.i.optimole.com\/cb:s0sM.767\/w:auto\/h:auto\/q:mauto\/f:best\/https:\/\/fullsolutions.info\/wp-content\/uploads\/2021\/07\/cropped-Design-sem-nome-300x193-1-e1627062664782.png\",\"contentUrl\":\"https:\/\/mlhff0prgoxu.i.optimole.com\/cb:s0sM.767\/w:auto\/h:auto\/q:mauto\/f:best\/https:\/\/fullsolutions.info\/wp-content\/uploads\/2021\/07\/cropped-Design-sem-nome-300x193-1-e1627062664782.png\",\"width\":202,\"height\":155,\"caption\":\"Full Solutions\"},\"image\":{\"@id\":\"https:\/\/fullsolutions.info\/#\/schema\/logo\/image\/\"},\"sameAs\":[\"https:\/\/www.linkedin.com\/company\/full-solutions-equipment\"]}]}<\/script>\n<!-- \/ Yoast SEO plugin. -->","yoast_head_json":{"title":"Sirene MEDC dEV 20 - Full Solutions","robots":{"index":"index","follow":"follow","max-snippet":"max-snippet:-1","max-image-preview":"max-image-preview:large","max-video-preview":"max-video-preview:-1"},"canonical":"https:\/\/fullsolutions.info\/en\/product\/sirene-medc-dev-20\/","og_locale":"en_US","og_type":"article","og_title":"Sirene MEDC dEV 20 - Full Solutions","og_description":"Descri\u00e7\u00e3o Ex de sirene \u2013 at\u00e9 115 dB. As \u00e1reas perigosas geralmente requerem o uso de sinais ac\u00fasticos para fins de aviso ou informa\u00e7\u00e3o.\u00a0O ExII-sounder dEV20 oferece esses dois recursos de sinaliza\u00e7\u00e3o e foi projetado para opera\u00e7\u00e3o cont\u00ednua. O ExII-sounder dEV20 tem uma classifica\u00e7\u00e3o de prote\u00e7\u00e3o de entrada de IP66, o que significa que \u00e9 adequado para instala\u00e7\u00e3o interna e externa. O ExII-Sounder consiste em um inv\u00f3lucro \u00e0 prova de chamas fabricado em liga de alum\u00ednio leve e um canal de som feito de poli\u00e9ster resistente a impactos. A sirene dEV20 inclui dois n\u00edveis de sinal.\u00a0O tom do sinal para o primeiro n\u00edvel \u00e9 ajustado com os interruptores deslizantes 1-5 (S0) de acordo com a lista de escolha do sinal.\u00a0O tom do sinal para o segundo n\u00edvel de sinal \u00e9 ajustado com os interruptores 6-10 (S1). Condi\u00e7\u00e3o de entrega: S0 = Tom 24, S1 = Tom 4 Recursos N\u00edvel de press\u00e3o sonora: at\u00e9 115 dB (A) 32 tons de sinal, alarme de 2 est\u00e1gios Volume ajust\u00e1vel (3 etapas de 10 dB) Carca\u00e7a de alum\u00ednio, poliamida Aprova\u00e7\u00e3o ATEX IP66 II 2 G Ex de IIB + H2 T6 Gb II 2 D Ex tb IIIC T85\u00baC Db","og_url":"https:\/\/fullsolutions.info\/en\/product\/sirene-medc-dev-20\/","og_site_name":"Full Solutions","article_modified_time":"2024-02-19T16:15:21+00:00","og_image":[{"width":560,"height":315,"url":"https:\/\/mlhff0prgoxu.i.optimole.com\/cb:s0sM.767\/w:auto\/h:auto\/q:mauto\/f:best\/https:\/\/fullsolutions.info\/wp-content\/uploads\/2023\/11\/40.png","type":"image\/png"}],"twitter_card":"summary_large_image","twitter_misc":{"Est. reading time":"1 minute"},"schema":{"@context":"https:\/\/schema.org","@graph":[{"@type":"WebPage","@id":"https:\/\/fullsolutions.info\/produto\/sirene-medc-dev-20\/","url":"https:\/\/fullsolutions.info\/produto\/sirene-medc-dev-20\/","name":"Sirene MEDC dEV 20 - Full Solutions","isPartOf":{"@id":"https:\/\/fullsolutions.info\/#website"},"primaryImageOfPage":{"@id":"https:\/\/fullsolutions.info\/produto\/sirene-medc-dev-20\/#primaryimage"},"image":{"@id":"https:\/\/fullsolutions.info\/produto\/sirene-medc-dev-20\/#primaryimage"},"thumbnailUrl":"https:\/\/mlhff0prgoxu.i.optimole.com\/cb:s0sM.767\/w:auto\/h:auto\/q:mauto\/f:best\/https:\/\/fullsolutions.info\/wp-content\/uploads\/2023\/11\/40.png","datePublished":"2023-11-01T13:32:43+00:00","dateModified":"2024-02-19T16:15:21+00:00","breadcrumb":{"@id":"https:\/\/fullsolutions.info\/produto\/sirene-medc-dev-20\/#breadcrumb"},"inLanguage":"en-US","potentialAction":[{"@type":"ReadAction","target":["https:\/\/fullsolutions.info\/produto\/sirene-medc-dev-20\/"]}]},{"@type":"ImageObject","inLanguage":"en-US","@id":"https:\/\/fullsolutions.info\/produto\/sirene-medc-dev-20\/#primaryimage","url":"https:\/\/mlhff0prgoxu.i.optimole.com\/cb:s0sM.767\/w:auto\/h:auto\/q:mauto\/f:best\/https:\/\/fullsolutions.info\/wp-content\/uploads\/2023\/11\/40.png","contentUrl":"https:\/\/mlhff0prgoxu.i.optimole.com\/cb:s0sM.767\/w:auto\/h:auto\/q:mauto\/f:best\/https:\/\/fullsolutions.info\/wp-content\/uploads\/2023\/11\/40.png","width":560,"height":315},{"@type":"BreadcrumbList","@id":"https:\/\/fullsolutions.info\/produto\/sirene-medc-dev-20\/#breadcrumb","itemListElement":[{"@type":"ListItem","position":1,"name":"In\u00edcio","item":"https:\/\/fullsolutions.info\/"},{"@type":"ListItem","position":2,"name":"Produtos","item":"https:\/\/fullsolutions.info\/shop\/"},{"@type":"ListItem","position":3,"name":"Sirene MEDC dEV 20"}]},{"@type":"WebSite","@id":"https:\/\/fullsolutions.info\/#website","url":"https:\/\/fullsolutions.info\/","name":"Full Solutions","description":"Empresa na \u00c1rea de Procurement","publisher":{"@id":"https:\/\/fullsolutions.info\/#organization"},"potentialAction":[{"@type":"SearchAction","target":{"@type":"EntryPoint","urlTemplate":"https:\/\/fullsolutions.info\/?s={search_term_string}"},"query-input":{"@type":"PropertyValueSpecification","valueRequired":true,"valueName":"search_term_string"}}],"inLanguage":"en-US"},{"@type":"Organization","@id":"https:\/\/fullsolutions.info\/#organization","name":"Full Solutions","url":"https:\/\/fullsolutions.info\/","logo":{"@type":"ImageObject","inLanguage":"en-US","@id":"https:\/\/fullsolutions.info\/#\/schema\/logo\/image\/","url":"https:\/\/mlhff0prgoxu.i.optimole.com\/cb:s0sM.767\/w:auto\/h:auto\/q:mauto\/f:best\/https:\/\/fullsolutions.info\/wp-content\/uploads\/2021\/07\/cropped-Design-sem-nome-300x193-1-e1627062664782.png","contentUrl":"https:\/\/mlhff0prgoxu.i.optimole.com\/cb:s0sM.767\/w:auto\/h:auto\/q:mauto\/f:best\/https:\/\/fullsolutions.info\/wp-content\/uploads\/2021\/07\/cropped-Design-sem-nome-300x193-1-e1627062664782.png","width":202,"height":155,"caption":"Full Solutions"},"image":{"@id":"https:\/\/fullsolutions.info\/#\/schema\/logo\/image\/"},"sameAs":["https:\/\/www.linkedin.com\/company\/full-solutions-equipment"]}]}},"_links":{"self":[{"href":"https:\/\/fullsolutions.info\/en\/wp-json\/wp\/v2\/product\/3829","targetHints":{"allow":["GET"]}}],"collection":[{"href":"https:\/\/fullsolutions.info\/en\/wp-json\/wp\/v2\/product"}],"about":[{"href":"https:\/\/fullsolutions.info\/en\/wp-json\/wp\/v2\/types\/product"}],"replies":[{"embeddable":true,"href":"https:\/\/fullsolutions.info\/en\/wp-json\/wp\/v2\/comments?post=3829"}],"wp:featuredmedia":[{"embeddable":true,"href":"https:\/\/fullsolutions.info\/en\/wp-json\/wp\/v2\/media\/3830"}],"wp:attachment":[{"href":"https:\/\/fullsolutions.info\/en\/wp-json\/wp\/v2\/media?parent=3829"}],"wp:term":[{"taxonomy":"product_brand","embeddable":true,"href":"https:\/\/fullsolutions.info\/en\/wp-json\/wp\/v2\/product_brand?post=3829"},{"taxonomy":"product_cat","embeddable":true,"href":"https:\/\/fullsolutions.info\/en\/wp-json\/wp\/v2\/product_cat?post=3829"},{"taxonomy":"product_tag","embeddable":true,"href":"https:\/\/fullsolutions.info\/en\/wp-json\/wp\/v2\/product_tag?post=3829"},{"taxonomy":"marca","embeddable":true,"href":"https:\/\/fullsolutions.info\/en\/wp-json\/wp\/v2\/marca?post=3829"}],"curies":[{"name":"wp","href":"https:\/\/api.w.org\/{rel}","templated":true}]}}