{"id":3827,"date":"2023-11-01T13:31:54","date_gmt":"2023-11-01T13:31:54","guid":{"rendered":"https:\/\/fullsolutionsequip.com\/?post_type=product&#038;p=3827"},"modified":"2024-02-19T16:15:21","modified_gmt":"2024-02-19T16:15:21","slug":"sirene-medc-db7","status":"publish","type":"product","link":"https:\/\/fullsolutions.info\/en\/product\/sirene-medc-db7\/","title":{"rendered":"Sirene MEDC DB7"},"content":{"rendered":"<div class=\"elementor-element elementor-element-b17befe elementor-widget elementor-widget-heading\" data-id=\"b17befe\" data-element_type=\"widget\" data-widget_type=\"heading.default\">\n<div class=\"elementor-widget-container\">\n<p class=\"elementor-heading-title elementor-size-default\"><strong>Descri\u00e7\u00e3o<\/strong><\/p>\n<\/div>\n<\/div>\n<div class=\"elementor-element elementor-element-2dbd9d0 elementor-widget elementor-widget-text-editor\" data-id=\"2dbd9d0\" data-element_type=\"widget\" data-widget_type=\"text-editor.default\">\n<div class=\"elementor-widget-container\">\n<div class=\"elementor-text-editor elementor-clearfix\">\n<p>De at\u00e9 110 dB \u2013 Intrinsecamente seguro (Exia), \u00e0 prova de intemp\u00e9ries.<\/p>\n<p>Esta linha de sirenes robustas, intrinsecamente seguras e \u00e0 prova de intemp\u00e9ries, destinada ao uso em atmosferas potencialmente explosivas, foi projetada com alta prote\u00e7\u00e3o contra ingresso para lidar com as severas condi\u00e7\u00f5es ambientais encontradas offshore e onshore nas ind\u00fastrias de petr\u00f3leo, g\u00e1s e petroqu\u00edmica.<\/p>\n<p>A unidade est\u00e1 dispon\u00edvel em vers\u00f5es de 12 V e 24 V e para grupos de g\u00e1s IIB ou IIC.<\/p>\n<p>Uma vers\u00e3o n\u00e3o certificada de custo mais baixo est\u00e1 dispon\u00edvel para uso em atmosferas n\u00e3o explosivas.<\/p>\n<p><strong>Recursos<\/strong><\/p>\n<ul>\n<li>Zonas 0, 1, 2 e uso de \u00e1rea segura.<\/li>\n<li>Ex ia IIB \/ IIC T4.<\/li>\n<li>ATEX aprovado Ex II 1G.<\/li>\n<li>Vers\u00e3o n\u00e3o certificada \u00e0 prova de intemp\u00e9ries.<\/li>\n<li>Certificado BASEEFA.<\/li>\n<li>Certifica\u00e7\u00e3o CUTR.<\/li>\n<li>IP66 e IP67.<\/li>\n<li>Temperatura certificada: \u201355\u00baC a + 70\u00baC.<\/li>\n<li>GRP pintado de vermelho resistente \u00e0 corros\u00e3o.<\/li>\n<li>Sa\u00edda de at\u00e9 110 dB (A).<\/li>\n<li>27 tons, selecion\u00e1veis \u200b\u200bpelo usu\u00e1rio.<\/li>\n<li>Os tons est\u00e3o em conformidade com as diretrizes UKOOA \/ PFEER.<\/li>\n<li>Quaisquer dois tons podem ser comutados pela fonte de tens\u00e3o externa.<\/li>\n<li>Parafusos da tampa de a\u00e7o inoxid\u00e1vel retidos.<\/li>\n<\/ul>\n<\/div>\n<\/div>\n<\/div>","protected":false},"excerpt":{"rendered":"<p>Descri\u00e7\u00e3o De at\u00e9 110 dB \u2013 Intrinsecamente seguro (Exia), \u00e0 prova de intemp\u00e9ries. Esta linha de sirenes robustas, intrinsecamente seguras e \u00e0 prova de intemp\u00e9ries, destinada ao uso em atmosferas potencialmente explosivas, foi projetada com alta prote\u00e7\u00e3o contra ingresso para lidar com as severas condi\u00e7\u00f5es ambientais encontradas offshore e onshore nas ind\u00fastrias de petr\u00f3leo, g\u00e1s e petroqu\u00edmica. A unidade est\u00e1 dispon\u00edvel em vers\u00f5es de 12 V e 24 V e para grupos de g\u00e1s IIB ou IIC. Uma vers\u00e3o n\u00e3o certificada de custo mais baixo est\u00e1 dispon\u00edvel para uso em atmosferas n\u00e3o explosivas. Recursos Zonas 0, 1, 2 e uso de \u00e1rea segura. Ex ia IIB \/ IIC T4. ATEX aprovado Ex II 1G. Vers\u00e3o n\u00e3o certificada \u00e0 prova de intemp\u00e9ries. Certificado BASEEFA. Certifica\u00e7\u00e3o CUTR. IP66 e IP67. Temperatura certificada: \u201355\u00baC a + 70\u00baC. GRP pintado de vermelho resistente \u00e0 corros\u00e3o. Sa\u00edda de at\u00e9 110 dB (A). 27 tons, selecion\u00e1veis \u200b\u200bpelo usu\u00e1rio. Os tons est\u00e3o em conformidade com as diretrizes UKOOA \/ PFEER. Quaisquer dois tons podem ser comutados pela fonte de tens\u00e3o externa. Parafusos da tampa de a\u00e7o inoxid\u00e1vel retidos.<\/p>","protected":false},"featured_media":3828,"comment_status":"open","ping_status":"closed","template":"","meta":{"_joinchat":[]},"product_brand":[],"product_cat":[137],"product_tag":[],"marca":[74],"class_list":{"0":"post-3827","1":"product","2":"type-product","3":"status-publish","4":"has-post-thumbnail","6":"product_cat-sirenes-buzinas","7":"marca-medc","9":"first","10":"instock","11":"shipping-taxable","12":"purchasable","13":"product-type-simple"},"yoast_head":"<!-- This site is optimized with the Yoast SEO plugin v27.2 - https:\/\/yoast.com\/product\/yoast-seo-wordpress\/ -->\n<title>Sirene MEDC DB7 - Full Solutions<\/title>\n<meta name=\"robots\" content=\"index, follow, max-snippet:-1, max-image-preview:large, max-video-preview:-1\" \/>\n<link rel=\"canonical\" href=\"https:\/\/fullsolutions.info\/en\/product\/sirene-medc-db7\/\" \/>\n<meta property=\"og:locale\" content=\"en_US\" \/>\n<meta property=\"og:type\" content=\"article\" \/>\n<meta property=\"og:title\" content=\"Sirene MEDC DB7 - Full Solutions\" \/>\n<meta property=\"og:description\" content=\"Descri\u00e7\u00e3o De at\u00e9 110 dB \u2013 Intrinsecamente seguro (Exia), \u00e0 prova de intemp\u00e9ries. Esta linha de sirenes robustas, intrinsecamente seguras e \u00e0 prova de intemp\u00e9ries, destinada ao uso em atmosferas potencialmente explosivas, foi projetada com alta prote\u00e7\u00e3o contra ingresso para lidar com as severas condi\u00e7\u00f5es ambientais encontradas offshore e onshore nas ind\u00fastrias de petr\u00f3leo, g\u00e1s e petroqu\u00edmica. A unidade est\u00e1 dispon\u00edvel em vers\u00f5es de 12 V e 24 V e para grupos de g\u00e1s IIB ou IIC. Uma vers\u00e3o n\u00e3o certificada de custo mais baixo est\u00e1 dispon\u00edvel para uso em atmosferas n\u00e3o explosivas. Recursos Zonas 0, 1, 2 e uso de \u00e1rea segura. Ex ia IIB \/ IIC T4. ATEX aprovado Ex II 1G. Vers\u00e3o n\u00e3o certificada \u00e0 prova de intemp\u00e9ries. Certificado BASEEFA. Certifica\u00e7\u00e3o CUTR. IP66 e IP67. Temperatura certificada: \u201355\u00baC a + 70\u00baC. GRP pintado de vermelho resistente \u00e0 corros\u00e3o. Sa\u00edda de at\u00e9 110 dB (A). 27 tons, selecion\u00e1veis \u200b\u200bpelo usu\u00e1rio. Os tons est\u00e3o em conformidade com as diretrizes UKOOA \/ PFEER. Quaisquer dois tons podem ser comutados pela fonte de tens\u00e3o externa. Parafusos da tampa de a\u00e7o inoxid\u00e1vel retidos.\" \/>\n<meta property=\"og:url\" content=\"https:\/\/fullsolutions.info\/en\/product\/sirene-medc-db7\/\" \/>\n<meta property=\"og:site_name\" content=\"Full Solutions\" \/>\n<meta property=\"article:modified_time\" content=\"2024-02-19T16:15:21+00:00\" \/>\n<meta property=\"og:image\" content=\"https:\/\/mlhff0prgoxu.i.optimole.com\/cb:s0sM.767\/w:auto\/h:auto\/q:mauto\/f:best\/https:\/\/fullsolutions.info\/wp-content\/uploads\/2023\/11\/39.png\" \/>\n\t<meta property=\"og:image:width\" content=\"560\" \/>\n\t<meta property=\"og:image:height\" content=\"315\" \/>\n\t<meta property=\"og:image:type\" content=\"image\/png\" \/>\n<meta name=\"twitter:card\" content=\"summary_large_image\" \/>\n<meta name=\"twitter:label1\" content=\"Est. reading time\" \/>\n\t<meta name=\"twitter:data1\" content=\"1 minute\" \/>\n<script type=\"application\/ld+json\" class=\"yoast-schema-graph\">{\"@context\":\"https:\/\/schema.org\",\"@graph\":[{\"@type\":\"WebPage\",\"@id\":\"https:\/\/fullsolutions.info\/produto\/sirene-medc-db7\/\",\"url\":\"https:\/\/fullsolutions.info\/produto\/sirene-medc-db7\/\",\"name\":\"Sirene MEDC DB7 - Full Solutions\",\"isPartOf\":{\"@id\":\"https:\/\/fullsolutions.info\/#website\"},\"primaryImageOfPage\":{\"@id\":\"https:\/\/fullsolutions.info\/produto\/sirene-medc-db7\/#primaryimage\"},\"image\":{\"@id\":\"https:\/\/fullsolutions.info\/produto\/sirene-medc-db7\/#primaryimage\"},\"thumbnailUrl\":\"https:\/\/mlhff0prgoxu.i.optimole.com\/cb:s0sM.767\/w:auto\/h:auto\/q:mauto\/f:best\/https:\/\/fullsolutions.info\/wp-content\/uploads\/2023\/11\/39.png\",\"datePublished\":\"2023-11-01T13:31:54+00:00\",\"dateModified\":\"2024-02-19T16:15:21+00:00\",\"breadcrumb\":{\"@id\":\"https:\/\/fullsolutions.info\/produto\/sirene-medc-db7\/#breadcrumb\"},\"inLanguage\":\"en-US\",\"potentialAction\":[{\"@type\":\"ReadAction\",\"target\":[\"https:\/\/fullsolutions.info\/produto\/sirene-medc-db7\/\"]}]},{\"@type\":\"ImageObject\",\"inLanguage\":\"en-US\",\"@id\":\"https:\/\/fullsolutions.info\/produto\/sirene-medc-db7\/#primaryimage\",\"url\":\"https:\/\/mlhff0prgoxu.i.optimole.com\/cb:s0sM.767\/w:auto\/h:auto\/q:mauto\/f:best\/https:\/\/fullsolutions.info\/wp-content\/uploads\/2023\/11\/39.png\",\"contentUrl\":\"https:\/\/mlhff0prgoxu.i.optimole.com\/cb:s0sM.767\/w:auto\/h:auto\/q:mauto\/f:best\/https:\/\/fullsolutions.info\/wp-content\/uploads\/2023\/11\/39.png\",\"width\":560,\"height\":315},{\"@type\":\"BreadcrumbList\",\"@id\":\"https:\/\/fullsolutions.info\/produto\/sirene-medc-db7\/#breadcrumb\",\"itemListElement\":[{\"@type\":\"ListItem\",\"position\":1,\"name\":\"In\u00edcio\",\"item\":\"https:\/\/fullsolutions.info\/\"},{\"@type\":\"ListItem\",\"position\":2,\"name\":\"Produtos\",\"item\":\"https:\/\/fullsolutions.info\/shop\/\"},{\"@type\":\"ListItem\",\"position\":3,\"name\":\"Sirene MEDC DB7\"}]},{\"@type\":\"WebSite\",\"@id\":\"https:\/\/fullsolutions.info\/#website\",\"url\":\"https:\/\/fullsolutions.info\/\",\"name\":\"Full Solutions\",\"description\":\"Empresa na \u00c1rea de Procurement\",\"publisher\":{\"@id\":\"https:\/\/fullsolutions.info\/#organization\"},\"potentialAction\":[{\"@type\":\"SearchAction\",\"target\":{\"@type\":\"EntryPoint\",\"urlTemplate\":\"https:\/\/fullsolutions.info\/?s={search_term_string}\"},\"query-input\":{\"@type\":\"PropertyValueSpecification\",\"valueRequired\":true,\"valueName\":\"search_term_string\"}}],\"inLanguage\":\"en-US\"},{\"@type\":\"Organization\",\"@id\":\"https:\/\/fullsolutions.info\/#organization\",\"name\":\"Full Solutions\",\"url\":\"https:\/\/fullsolutions.info\/\",\"logo\":{\"@type\":\"ImageObject\",\"inLanguage\":\"en-US\",\"@id\":\"https:\/\/fullsolutions.info\/#\/schema\/logo\/image\/\",\"url\":\"https:\/\/mlhff0prgoxu.i.optimole.com\/cb:s0sM.767\/w:auto\/h:auto\/q:mauto\/f:best\/https:\/\/fullsolutions.info\/wp-content\/uploads\/2021\/07\/cropped-Design-sem-nome-300x193-1-e1627062664782.png\",\"contentUrl\":\"https:\/\/mlhff0prgoxu.i.optimole.com\/cb:s0sM.767\/w:auto\/h:auto\/q:mauto\/f:best\/https:\/\/fullsolutions.info\/wp-content\/uploads\/2021\/07\/cropped-Design-sem-nome-300x193-1-e1627062664782.png\",\"width\":202,\"height\":155,\"caption\":\"Full Solutions\"},\"image\":{\"@id\":\"https:\/\/fullsolutions.info\/#\/schema\/logo\/image\/\"},\"sameAs\":[\"https:\/\/www.linkedin.com\/company\/full-solutions-equipment\"]}]}<\/script>\n<!-- \/ Yoast SEO plugin. -->","yoast_head_json":{"title":"Sirene MEDC DB7 - Full Solutions","robots":{"index":"index","follow":"follow","max-snippet":"max-snippet:-1","max-image-preview":"max-image-preview:large","max-video-preview":"max-video-preview:-1"},"canonical":"https:\/\/fullsolutions.info\/en\/product\/sirene-medc-db7\/","og_locale":"en_US","og_type":"article","og_title":"Sirene MEDC DB7 - Full Solutions","og_description":"Descri\u00e7\u00e3o De at\u00e9 110 dB \u2013 Intrinsecamente seguro (Exia), \u00e0 prova de intemp\u00e9ries. Esta linha de sirenes robustas, intrinsecamente seguras e \u00e0 prova de intemp\u00e9ries, destinada ao uso em atmosferas potencialmente explosivas, foi projetada com alta prote\u00e7\u00e3o contra ingresso para lidar com as severas condi\u00e7\u00f5es ambientais encontradas offshore e onshore nas ind\u00fastrias de petr\u00f3leo, g\u00e1s e petroqu\u00edmica. A unidade est\u00e1 dispon\u00edvel em vers\u00f5es de 12 V e 24 V e para grupos de g\u00e1s IIB ou IIC. Uma vers\u00e3o n\u00e3o certificada de custo mais baixo est\u00e1 dispon\u00edvel para uso em atmosferas n\u00e3o explosivas. Recursos Zonas 0, 1, 2 e uso de \u00e1rea segura. Ex ia IIB \/ IIC T4. ATEX aprovado Ex II 1G. Vers\u00e3o n\u00e3o certificada \u00e0 prova de intemp\u00e9ries. Certificado BASEEFA. Certifica\u00e7\u00e3o CUTR. IP66 e IP67. Temperatura certificada: \u201355\u00baC a + 70\u00baC. GRP pintado de vermelho resistente \u00e0 corros\u00e3o. Sa\u00edda de at\u00e9 110 dB (A). 27 tons, selecion\u00e1veis \u200b\u200bpelo usu\u00e1rio. Os tons est\u00e3o em conformidade com as diretrizes UKOOA \/ PFEER. Quaisquer dois tons podem ser comutados pela fonte de tens\u00e3o externa. Parafusos da tampa de a\u00e7o inoxid\u00e1vel retidos.","og_url":"https:\/\/fullsolutions.info\/en\/product\/sirene-medc-db7\/","og_site_name":"Full Solutions","article_modified_time":"2024-02-19T16:15:21+00:00","og_image":[{"width":560,"height":315,"url":"https:\/\/mlhff0prgoxu.i.optimole.com\/cb:s0sM.767\/w:auto\/h:auto\/q:mauto\/f:best\/https:\/\/fullsolutions.info\/wp-content\/uploads\/2023\/11\/39.png","type":"image\/png"}],"twitter_card":"summary_large_image","twitter_misc":{"Est. reading time":"1 minute"},"schema":{"@context":"https:\/\/schema.org","@graph":[{"@type":"WebPage","@id":"https:\/\/fullsolutions.info\/produto\/sirene-medc-db7\/","url":"https:\/\/fullsolutions.info\/produto\/sirene-medc-db7\/","name":"Sirene MEDC DB7 - Full Solutions","isPartOf":{"@id":"https:\/\/fullsolutions.info\/#website"},"primaryImageOfPage":{"@id":"https:\/\/fullsolutions.info\/produto\/sirene-medc-db7\/#primaryimage"},"image":{"@id":"https:\/\/fullsolutions.info\/produto\/sirene-medc-db7\/#primaryimage"},"thumbnailUrl":"https:\/\/mlhff0prgoxu.i.optimole.com\/cb:s0sM.767\/w:auto\/h:auto\/q:mauto\/f:best\/https:\/\/fullsolutions.info\/wp-content\/uploads\/2023\/11\/39.png","datePublished":"2023-11-01T13:31:54+00:00","dateModified":"2024-02-19T16:15:21+00:00","breadcrumb":{"@id":"https:\/\/fullsolutions.info\/produto\/sirene-medc-db7\/#breadcrumb"},"inLanguage":"en-US","potentialAction":[{"@type":"ReadAction","target":["https:\/\/fullsolutions.info\/produto\/sirene-medc-db7\/"]}]},{"@type":"ImageObject","inLanguage":"en-US","@id":"https:\/\/fullsolutions.info\/produto\/sirene-medc-db7\/#primaryimage","url":"https:\/\/mlhff0prgoxu.i.optimole.com\/cb:s0sM.767\/w:auto\/h:auto\/q:mauto\/f:best\/https:\/\/fullsolutions.info\/wp-content\/uploads\/2023\/11\/39.png","contentUrl":"https:\/\/mlhff0prgoxu.i.optimole.com\/cb:s0sM.767\/w:auto\/h:auto\/q:mauto\/f:best\/https:\/\/fullsolutions.info\/wp-content\/uploads\/2023\/11\/39.png","width":560,"height":315},{"@type":"BreadcrumbList","@id":"https:\/\/fullsolutions.info\/produto\/sirene-medc-db7\/#breadcrumb","itemListElement":[{"@type":"ListItem","position":1,"name":"In\u00edcio","item":"https:\/\/fullsolutions.info\/"},{"@type":"ListItem","position":2,"name":"Produtos","item":"https:\/\/fullsolutions.info\/shop\/"},{"@type":"ListItem","position":3,"name":"Sirene MEDC DB7"}]},{"@type":"WebSite","@id":"https:\/\/fullsolutions.info\/#website","url":"https:\/\/fullsolutions.info\/","name":"Full Solutions","description":"Empresa na \u00c1rea de Procurement","publisher":{"@id":"https:\/\/fullsolutions.info\/#organization"},"potentialAction":[{"@type":"SearchAction","target":{"@type":"EntryPoint","urlTemplate":"https:\/\/fullsolutions.info\/?s={search_term_string}"},"query-input":{"@type":"PropertyValueSpecification","valueRequired":true,"valueName":"search_term_string"}}],"inLanguage":"en-US"},{"@type":"Organization","@id":"https:\/\/fullsolutions.info\/#organization","name":"Full Solutions","url":"https:\/\/fullsolutions.info\/","logo":{"@type":"ImageObject","inLanguage":"en-US","@id":"https:\/\/fullsolutions.info\/#\/schema\/logo\/image\/","url":"https:\/\/mlhff0prgoxu.i.optimole.com\/cb:s0sM.767\/w:auto\/h:auto\/q:mauto\/f:best\/https:\/\/fullsolutions.info\/wp-content\/uploads\/2021\/07\/cropped-Design-sem-nome-300x193-1-e1627062664782.png","contentUrl":"https:\/\/mlhff0prgoxu.i.optimole.com\/cb:s0sM.767\/w:auto\/h:auto\/q:mauto\/f:best\/https:\/\/fullsolutions.info\/wp-content\/uploads\/2021\/07\/cropped-Design-sem-nome-300x193-1-e1627062664782.png","width":202,"height":155,"caption":"Full Solutions"},"image":{"@id":"https:\/\/fullsolutions.info\/#\/schema\/logo\/image\/"},"sameAs":["https:\/\/www.linkedin.com\/company\/full-solutions-equipment"]}]}},"_links":{"self":[{"href":"https:\/\/fullsolutions.info\/en\/wp-json\/wp\/v2\/product\/3827","targetHints":{"allow":["GET"]}}],"collection":[{"href":"https:\/\/fullsolutions.info\/en\/wp-json\/wp\/v2\/product"}],"about":[{"href":"https:\/\/fullsolutions.info\/en\/wp-json\/wp\/v2\/types\/product"}],"replies":[{"embeddable":true,"href":"https:\/\/fullsolutions.info\/en\/wp-json\/wp\/v2\/comments?post=3827"}],"wp:featuredmedia":[{"embeddable":true,"href":"https:\/\/fullsolutions.info\/en\/wp-json\/wp\/v2\/media\/3828"}],"wp:attachment":[{"href":"https:\/\/fullsolutions.info\/en\/wp-json\/wp\/v2\/media?parent=3827"}],"wp:term":[{"taxonomy":"product_brand","embeddable":true,"href":"https:\/\/fullsolutions.info\/en\/wp-json\/wp\/v2\/product_brand?post=3827"},{"taxonomy":"product_cat","embeddable":true,"href":"https:\/\/fullsolutions.info\/en\/wp-json\/wp\/v2\/product_cat?post=3827"},{"taxonomy":"product_tag","embeddable":true,"href":"https:\/\/fullsolutions.info\/en\/wp-json\/wp\/v2\/product_tag?post=3827"},{"taxonomy":"marca","embeddable":true,"href":"https:\/\/fullsolutions.info\/en\/wp-json\/wp\/v2\/marca?post=3827"}],"curies":[{"name":"wp","href":"https:\/\/api.w.org\/{rel}","templated":true}]}}