{"id":3825,"date":"2023-11-01T13:31:13","date_gmt":"2023-11-01T13:31:13","guid":{"rendered":"https:\/\/fullsolutionsequip.com\/?post_type=product&#038;p=3825"},"modified":"2024-02-19T16:15:21","modified_gmt":"2024-02-19T16:15:21","slug":"medc-db3-xb11-sounder-beacon-combination-unit","status":"publish","type":"product","link":"https:\/\/fullsolutions.info\/en\/product\/medc-db3-xb11-sounder-beacon-combination-unit\/","title":{"rendered":"MEDC DB3 \/ XB11 Sounder Beacon Combination Unit"},"content":{"rendered":"<div class=\"elementor-element elementor-element-b17befe elementor-widget elementor-widget-heading\" data-id=\"b17befe\" data-element_type=\"widget\" data-widget_type=\"heading.default\">\n<div class=\"elementor-widget-container\">\n<p class=\"elementor-heading-title elementor-size-default\"><strong>Descri\u00e7\u00e3o<\/strong><\/p>\n<\/div>\n<\/div>\n<div class=\"elementor-element elementor-element-2dbd9d0 elementor-widget elementor-widget-text-editor\" data-id=\"2dbd9d0\" data-element_type=\"widget\" data-widget_type=\"text-editor.default\">\n<div class=\"elementor-widget-container\">\n<div class=\"elementor-text-editor elementor-clearfix\">\n<p>Esta gama de unidades de combina\u00e7\u00e3o de \u00e1udio \/ visual pode ser montada a partir da gama de far\u00f3is e sirenes da MEDC.\u00a0Montadas em uma placa de a\u00e7o inoxid\u00e1vel resistente, perfurada e pintada, as unidades s\u00e3o pr\u00e9-cabeadas como padr\u00e3o de forma que uma \u00fanica entrada opera a sirene e o farol simultaneamente.<\/p>\n<p>As unidades est\u00e3o dispon\u00edveis para uso em atmosferas potencialmente explosivas e unidades dedicadas agora est\u00e3o dispon\u00edveis para uso em ambientes industriais e mar\u00edtimos.<\/p>\n<p><strong>Recursos<\/strong><\/p>\n<ul>\n<li>* Zonas 1, 2 e uso de \u00e1rea segura.<\/li>\n<li>* ATEX aprovado Ex II 2GD.<\/li>\n<li>* Certificado IECEx Gb, Db.<\/li>\n<li>* UL listado Classe I, Div.\u00a01 e 2, Grupos C e D.<\/li>\n<li>IP66 e 67.<\/li>\n<li>* Temperatura certificada: \u201355\u00baC a + 70\u00baC.<\/li>\n<li>Sinalizador \/ sonda GRP livre de corros\u00e3o.<\/li>\n<li>Beacon dispon\u00edvel como xen\u00f4nio, filamento, fluorescente ou LED.<\/li>\n<li>Xenon: at\u00e9 21J.<\/li>\n<li>Filamento: at\u00e9 100W.<\/li>\n<li>Fluorescente: at\u00e9 39W.<\/li>\n<li>LED: at\u00e9 192cd.<\/li>\n<li>Sonda: at\u00e9 115dBA de sa\u00edda a 1 metro.<\/li>\n<li>Todo em a\u00e7o inoxid\u00e1vel (316), placa traseira pintada com ep\u00f3xi.<br \/>\n* Depende do modelo.<\/li>\n<\/ul>\n<\/div>\n<\/div>\n<\/div>","protected":false},"excerpt":{"rendered":"<p>Descri\u00e7\u00e3o Esta gama de unidades de combina\u00e7\u00e3o de \u00e1udio \/ visual pode ser montada a partir da gama de far\u00f3is e sirenes da MEDC.\u00a0Montadas em uma placa de a\u00e7o inoxid\u00e1vel resistente, perfurada e pintada, as unidades s\u00e3o pr\u00e9-cabeadas como padr\u00e3o de forma que uma \u00fanica entrada opera a sirene e o farol simultaneamente. As unidades est\u00e3o dispon\u00edveis para uso em atmosferas potencialmente explosivas e unidades dedicadas agora est\u00e3o dispon\u00edveis para uso em ambientes industriais e mar\u00edtimos. Recursos * Zonas 1, 2 e uso de \u00e1rea segura. * ATEX aprovado Ex II 2GD. * Certificado IECEx Gb, Db. * UL listado Classe I, Div.\u00a01 e 2, Grupos C e D. IP66 e 67. * Temperatura certificada: \u201355\u00baC a + 70\u00baC. Sinalizador \/ sonda GRP livre de corros\u00e3o. Beacon dispon\u00edvel como xen\u00f4nio, filamento, fluorescente ou LED. Xenon: at\u00e9 21J. Filamento: at\u00e9 100W. Fluorescente: at\u00e9 39W. LED: at\u00e9 192cd. Sonda: at\u00e9 115dBA de sa\u00edda a 1 metro. Todo em a\u00e7o inoxid\u00e1vel (316), placa traseira pintada com ep\u00f3xi. * Depende do modelo.<\/p>","protected":false},"featured_media":3826,"comment_status":"open","ping_status":"closed","template":"","meta":{"_joinchat":[]},"product_brand":[],"product_cat":[137],"product_tag":[],"marca":[74],"class_list":{"0":"post-3825","1":"product","2":"type-product","3":"status-publish","4":"has-post-thumbnail","6":"product_cat-sirenes-buzinas","7":"marca-medc","9":"first","10":"instock","11":"shipping-taxable","12":"purchasable","13":"product-type-simple"},"yoast_head":"<!-- This site is optimized with the Yoast SEO plugin v27.2 - https:\/\/yoast.com\/product\/yoast-seo-wordpress\/ -->\n<title>MEDC DB3 \/ XB11 Sounder Beacon Combination Unit - Full Solutions<\/title>\n<meta name=\"robots\" content=\"index, follow, max-snippet:-1, max-image-preview:large, max-video-preview:-1\" \/>\n<link rel=\"canonical\" href=\"https:\/\/fullsolutions.info\/en\/product\/medc-db3-xb11-sounder-beacon-combination-unit\/\" \/>\n<meta property=\"og:locale\" content=\"en_US\" \/>\n<meta property=\"og:type\" content=\"article\" \/>\n<meta property=\"og:title\" content=\"MEDC DB3 \/ XB11 Sounder Beacon Combination Unit - Full Solutions\" \/>\n<meta property=\"og:description\" content=\"Descri\u00e7\u00e3o Esta gama de unidades de combina\u00e7\u00e3o de \u00e1udio \/ visual pode ser montada a partir da gama de far\u00f3is e sirenes da MEDC.\u00a0Montadas em uma placa de a\u00e7o inoxid\u00e1vel resistente, perfurada e pintada, as unidades s\u00e3o pr\u00e9-cabeadas como padr\u00e3o de forma que uma \u00fanica entrada opera a sirene e o farol simultaneamente. As unidades est\u00e3o dispon\u00edveis para uso em atmosferas potencialmente explosivas e unidades dedicadas agora est\u00e3o dispon\u00edveis para uso em ambientes industriais e mar\u00edtimos. Recursos * Zonas 1, 2 e uso de \u00e1rea segura. * ATEX aprovado Ex II 2GD. * Certificado IECEx Gb, Db. * UL listado Classe I, Div.\u00a01 e 2, Grupos C e D. IP66 e 67. * Temperatura certificada: \u201355\u00baC a + 70\u00baC. Sinalizador \/ sonda GRP livre de corros\u00e3o. Beacon dispon\u00edvel como xen\u00f4nio, filamento, fluorescente ou LED. Xenon: at\u00e9 21J. Filamento: at\u00e9 100W. Fluorescente: at\u00e9 39W. LED: at\u00e9 192cd. Sonda: at\u00e9 115dBA de sa\u00edda a 1 metro. Todo em a\u00e7o inoxid\u00e1vel (316), placa traseira pintada com ep\u00f3xi. * Depende do modelo.\" \/>\n<meta property=\"og:url\" content=\"https:\/\/fullsolutions.info\/en\/product\/medc-db3-xb11-sounder-beacon-combination-unit\/\" \/>\n<meta property=\"og:site_name\" content=\"Full Solutions\" \/>\n<meta property=\"article:modified_time\" content=\"2024-02-19T16:15:21+00:00\" \/>\n<meta property=\"og:image\" content=\"https:\/\/mlhff0prgoxu.i.optimole.com\/cb:s0sM.767\/w:auto\/h:auto\/q:mauto\/f:best\/https:\/\/fullsolutions.info\/wp-content\/uploads\/2023\/11\/37.png\" \/>\n\t<meta property=\"og:image:width\" content=\"560\" \/>\n\t<meta property=\"og:image:height\" content=\"315\" \/>\n\t<meta property=\"og:image:type\" content=\"image\/png\" \/>\n<meta name=\"twitter:card\" content=\"summary_large_image\" \/>\n<meta name=\"twitter:label1\" content=\"Est. reading time\" \/>\n\t<meta name=\"twitter:data1\" content=\"1 minute\" \/>\n<script type=\"application\/ld+json\" class=\"yoast-schema-graph\">{\"@context\":\"https:\/\/schema.org\",\"@graph\":[{\"@type\":\"WebPage\",\"@id\":\"https:\/\/fullsolutions.info\/produto\/medc-db3-xb11-sounder-beacon-combination-unit\/\",\"url\":\"https:\/\/fullsolutions.info\/produto\/medc-db3-xb11-sounder-beacon-combination-unit\/\",\"name\":\"MEDC DB3 \/ XB11 Sounder Beacon Combination Unit - Full Solutions\",\"isPartOf\":{\"@id\":\"https:\/\/fullsolutions.info\/#website\"},\"primaryImageOfPage\":{\"@id\":\"https:\/\/fullsolutions.info\/produto\/medc-db3-xb11-sounder-beacon-combination-unit\/#primaryimage\"},\"image\":{\"@id\":\"https:\/\/fullsolutions.info\/produto\/medc-db3-xb11-sounder-beacon-combination-unit\/#primaryimage\"},\"thumbnailUrl\":\"https:\/\/mlhff0prgoxu.i.optimole.com\/cb:s0sM.767\/w:auto\/h:auto\/q:mauto\/f:best\/https:\/\/fullsolutions.info\/wp-content\/uploads\/2023\/11\/37.png\",\"datePublished\":\"2023-11-01T13:31:13+00:00\",\"dateModified\":\"2024-02-19T16:15:21+00:00\",\"breadcrumb\":{\"@id\":\"https:\/\/fullsolutions.info\/produto\/medc-db3-xb11-sounder-beacon-combination-unit\/#breadcrumb\"},\"inLanguage\":\"en-US\",\"potentialAction\":[{\"@type\":\"ReadAction\",\"target\":[\"https:\/\/fullsolutions.info\/produto\/medc-db3-xb11-sounder-beacon-combination-unit\/\"]}]},{\"@type\":\"ImageObject\",\"inLanguage\":\"en-US\",\"@id\":\"https:\/\/fullsolutions.info\/produto\/medc-db3-xb11-sounder-beacon-combination-unit\/#primaryimage\",\"url\":\"https:\/\/mlhff0prgoxu.i.optimole.com\/cb:s0sM.767\/w:auto\/h:auto\/q:mauto\/f:best\/https:\/\/fullsolutions.info\/wp-content\/uploads\/2023\/11\/37.png\",\"contentUrl\":\"https:\/\/mlhff0prgoxu.i.optimole.com\/cb:s0sM.767\/w:auto\/h:auto\/q:mauto\/f:best\/https:\/\/fullsolutions.info\/wp-content\/uploads\/2023\/11\/37.png\",\"width\":560,\"height\":315},{\"@type\":\"BreadcrumbList\",\"@id\":\"https:\/\/fullsolutions.info\/produto\/medc-db3-xb11-sounder-beacon-combination-unit\/#breadcrumb\",\"itemListElement\":[{\"@type\":\"ListItem\",\"position\":1,\"name\":\"In\u00edcio\",\"item\":\"https:\/\/fullsolutions.info\/\"},{\"@type\":\"ListItem\",\"position\":2,\"name\":\"Produtos\",\"item\":\"https:\/\/fullsolutions.info\/shop\/\"},{\"@type\":\"ListItem\",\"position\":3,\"name\":\"MEDC DB3 \/ XB11 Sounder Beacon Combination Unit\"}]},{\"@type\":\"WebSite\",\"@id\":\"https:\/\/fullsolutions.info\/#website\",\"url\":\"https:\/\/fullsolutions.info\/\",\"name\":\"Full Solutions\",\"description\":\"Empresa na \u00c1rea de Procurement\",\"publisher\":{\"@id\":\"https:\/\/fullsolutions.info\/#organization\"},\"potentialAction\":[{\"@type\":\"SearchAction\",\"target\":{\"@type\":\"EntryPoint\",\"urlTemplate\":\"https:\/\/fullsolutions.info\/?s={search_term_string}\"},\"query-input\":{\"@type\":\"PropertyValueSpecification\",\"valueRequired\":true,\"valueName\":\"search_term_string\"}}],\"inLanguage\":\"en-US\"},{\"@type\":\"Organization\",\"@id\":\"https:\/\/fullsolutions.info\/#organization\",\"name\":\"Full Solutions\",\"url\":\"https:\/\/fullsolutions.info\/\",\"logo\":{\"@type\":\"ImageObject\",\"inLanguage\":\"en-US\",\"@id\":\"https:\/\/fullsolutions.info\/#\/schema\/logo\/image\/\",\"url\":\"https:\/\/mlhff0prgoxu.i.optimole.com\/cb:s0sM.767\/w:auto\/h:auto\/q:mauto\/f:best\/https:\/\/fullsolutions.info\/wp-content\/uploads\/2021\/07\/cropped-Design-sem-nome-300x193-1-e1627062664782.png\",\"contentUrl\":\"https:\/\/mlhff0prgoxu.i.optimole.com\/cb:s0sM.767\/w:auto\/h:auto\/q:mauto\/f:best\/https:\/\/fullsolutions.info\/wp-content\/uploads\/2021\/07\/cropped-Design-sem-nome-300x193-1-e1627062664782.png\",\"width\":202,\"height\":155,\"caption\":\"Full Solutions\"},\"image\":{\"@id\":\"https:\/\/fullsolutions.info\/#\/schema\/logo\/image\/\"},\"sameAs\":[\"https:\/\/www.linkedin.com\/company\/full-solutions-equipment\"]}]}<\/script>\n<!-- \/ Yoast SEO plugin. -->","yoast_head_json":{"title":"MEDC DB3 \/ XB11 Sounder Beacon Combination Unit - Full Solutions","robots":{"index":"index","follow":"follow","max-snippet":"max-snippet:-1","max-image-preview":"max-image-preview:large","max-video-preview":"max-video-preview:-1"},"canonical":"https:\/\/fullsolutions.info\/en\/product\/medc-db3-xb11-sounder-beacon-combination-unit\/","og_locale":"en_US","og_type":"article","og_title":"MEDC DB3 \/ XB11 Sounder Beacon Combination Unit - Full Solutions","og_description":"Descri\u00e7\u00e3o Esta gama de unidades de combina\u00e7\u00e3o de \u00e1udio \/ visual pode ser montada a partir da gama de far\u00f3is e sirenes da MEDC.\u00a0Montadas em uma placa de a\u00e7o inoxid\u00e1vel resistente, perfurada e pintada, as unidades s\u00e3o pr\u00e9-cabeadas como padr\u00e3o de forma que uma \u00fanica entrada opera a sirene e o farol simultaneamente. As unidades est\u00e3o dispon\u00edveis para uso em atmosferas potencialmente explosivas e unidades dedicadas agora est\u00e3o dispon\u00edveis para uso em ambientes industriais e mar\u00edtimos. Recursos * Zonas 1, 2 e uso de \u00e1rea segura. * ATEX aprovado Ex II 2GD. * Certificado IECEx Gb, Db. * UL listado Classe I, Div.\u00a01 e 2, Grupos C e D. IP66 e 67. * Temperatura certificada: \u201355\u00baC a + 70\u00baC. Sinalizador \/ sonda GRP livre de corros\u00e3o. Beacon dispon\u00edvel como xen\u00f4nio, filamento, fluorescente ou LED. Xenon: at\u00e9 21J. Filamento: at\u00e9 100W. Fluorescente: at\u00e9 39W. LED: at\u00e9 192cd. Sonda: at\u00e9 115dBA de sa\u00edda a 1 metro. Todo em a\u00e7o inoxid\u00e1vel (316), placa traseira pintada com ep\u00f3xi. * Depende do modelo.","og_url":"https:\/\/fullsolutions.info\/en\/product\/medc-db3-xb11-sounder-beacon-combination-unit\/","og_site_name":"Full Solutions","article_modified_time":"2024-02-19T16:15:21+00:00","og_image":[{"width":560,"height":315,"url":"https:\/\/mlhff0prgoxu.i.optimole.com\/cb:s0sM.767\/w:auto\/h:auto\/q:mauto\/f:best\/https:\/\/fullsolutions.info\/wp-content\/uploads\/2023\/11\/37.png","type":"image\/png"}],"twitter_card":"summary_large_image","twitter_misc":{"Est. reading time":"1 minute"},"schema":{"@context":"https:\/\/schema.org","@graph":[{"@type":"WebPage","@id":"https:\/\/fullsolutions.info\/produto\/medc-db3-xb11-sounder-beacon-combination-unit\/","url":"https:\/\/fullsolutions.info\/produto\/medc-db3-xb11-sounder-beacon-combination-unit\/","name":"MEDC DB3 \/ XB11 Sounder Beacon Combination Unit - Full Solutions","isPartOf":{"@id":"https:\/\/fullsolutions.info\/#website"},"primaryImageOfPage":{"@id":"https:\/\/fullsolutions.info\/produto\/medc-db3-xb11-sounder-beacon-combination-unit\/#primaryimage"},"image":{"@id":"https:\/\/fullsolutions.info\/produto\/medc-db3-xb11-sounder-beacon-combination-unit\/#primaryimage"},"thumbnailUrl":"https:\/\/mlhff0prgoxu.i.optimole.com\/cb:s0sM.767\/w:auto\/h:auto\/q:mauto\/f:best\/https:\/\/fullsolutions.info\/wp-content\/uploads\/2023\/11\/37.png","datePublished":"2023-11-01T13:31:13+00:00","dateModified":"2024-02-19T16:15:21+00:00","breadcrumb":{"@id":"https:\/\/fullsolutions.info\/produto\/medc-db3-xb11-sounder-beacon-combination-unit\/#breadcrumb"},"inLanguage":"en-US","potentialAction":[{"@type":"ReadAction","target":["https:\/\/fullsolutions.info\/produto\/medc-db3-xb11-sounder-beacon-combination-unit\/"]}]},{"@type":"ImageObject","inLanguage":"en-US","@id":"https:\/\/fullsolutions.info\/produto\/medc-db3-xb11-sounder-beacon-combination-unit\/#primaryimage","url":"https:\/\/mlhff0prgoxu.i.optimole.com\/cb:s0sM.767\/w:auto\/h:auto\/q:mauto\/f:best\/https:\/\/fullsolutions.info\/wp-content\/uploads\/2023\/11\/37.png","contentUrl":"https:\/\/mlhff0prgoxu.i.optimole.com\/cb:s0sM.767\/w:auto\/h:auto\/q:mauto\/f:best\/https:\/\/fullsolutions.info\/wp-content\/uploads\/2023\/11\/37.png","width":560,"height":315},{"@type":"BreadcrumbList","@id":"https:\/\/fullsolutions.info\/produto\/medc-db3-xb11-sounder-beacon-combination-unit\/#breadcrumb","itemListElement":[{"@type":"ListItem","position":1,"name":"In\u00edcio","item":"https:\/\/fullsolutions.info\/"},{"@type":"ListItem","position":2,"name":"Produtos","item":"https:\/\/fullsolutions.info\/shop\/"},{"@type":"ListItem","position":3,"name":"MEDC DB3 \/ XB11 Sounder Beacon Combination Unit"}]},{"@type":"WebSite","@id":"https:\/\/fullsolutions.info\/#website","url":"https:\/\/fullsolutions.info\/","name":"Full Solutions","description":"Empresa na \u00c1rea de Procurement","publisher":{"@id":"https:\/\/fullsolutions.info\/#organization"},"potentialAction":[{"@type":"SearchAction","target":{"@type":"EntryPoint","urlTemplate":"https:\/\/fullsolutions.info\/?s={search_term_string}"},"query-input":{"@type":"PropertyValueSpecification","valueRequired":true,"valueName":"search_term_string"}}],"inLanguage":"en-US"},{"@type":"Organization","@id":"https:\/\/fullsolutions.info\/#organization","name":"Full Solutions","url":"https:\/\/fullsolutions.info\/","logo":{"@type":"ImageObject","inLanguage":"en-US","@id":"https:\/\/fullsolutions.info\/#\/schema\/logo\/image\/","url":"https:\/\/mlhff0prgoxu.i.optimole.com\/cb:s0sM.767\/w:auto\/h:auto\/q:mauto\/f:best\/https:\/\/fullsolutions.info\/wp-content\/uploads\/2021\/07\/cropped-Design-sem-nome-300x193-1-e1627062664782.png","contentUrl":"https:\/\/mlhff0prgoxu.i.optimole.com\/cb:s0sM.767\/w:auto\/h:auto\/q:mauto\/f:best\/https:\/\/fullsolutions.info\/wp-content\/uploads\/2021\/07\/cropped-Design-sem-nome-300x193-1-e1627062664782.png","width":202,"height":155,"caption":"Full Solutions"},"image":{"@id":"https:\/\/fullsolutions.info\/#\/schema\/logo\/image\/"},"sameAs":["https:\/\/www.linkedin.com\/company\/full-solutions-equipment"]}]}},"_links":{"self":[{"href":"https:\/\/fullsolutions.info\/en\/wp-json\/wp\/v2\/product\/3825","targetHints":{"allow":["GET"]}}],"collection":[{"href":"https:\/\/fullsolutions.info\/en\/wp-json\/wp\/v2\/product"}],"about":[{"href":"https:\/\/fullsolutions.info\/en\/wp-json\/wp\/v2\/types\/product"}],"replies":[{"embeddable":true,"href":"https:\/\/fullsolutions.info\/en\/wp-json\/wp\/v2\/comments?post=3825"}],"wp:featuredmedia":[{"embeddable":true,"href":"https:\/\/fullsolutions.info\/en\/wp-json\/wp\/v2\/media\/3826"}],"wp:attachment":[{"href":"https:\/\/fullsolutions.info\/en\/wp-json\/wp\/v2\/media?parent=3825"}],"wp:term":[{"taxonomy":"product_brand","embeddable":true,"href":"https:\/\/fullsolutions.info\/en\/wp-json\/wp\/v2\/product_brand?post=3825"},{"taxonomy":"product_cat","embeddable":true,"href":"https:\/\/fullsolutions.info\/en\/wp-json\/wp\/v2\/product_cat?post=3825"},{"taxonomy":"product_tag","embeddable":true,"href":"https:\/\/fullsolutions.info\/en\/wp-json\/wp\/v2\/product_tag?post=3825"},{"taxonomy":"marca","embeddable":true,"href":"https:\/\/fullsolutions.info\/en\/wp-json\/wp\/v2\/marca?post=3825"}],"curies":[{"name":"wp","href":"https:\/\/api.w.org\/{rel}","templated":true}]}}