{"id":3819,"date":"2023-11-01T13:28:17","date_gmt":"2023-11-01T13:28:17","guid":{"rendered":"https:\/\/fullsolutionsequip.com\/?post_type=product&#038;p=3819"},"modified":"2024-02-19T16:15:21","modified_gmt":"2024-02-19T16:15:21","slug":"medc-cu1-sounder-beacon-combination-unit","status":"publish","type":"product","link":"https:\/\/fullsolutions.info\/en\/product\/medc-cu1-sounder-beacon-combination-unit\/","title":{"rendered":"MEDC CU1 Sounder Beacon Combination Unit"},"content":{"rendered":"<div class=\"elementor-element elementor-element-b17befe elementor-widget elementor-widget-heading\" data-id=\"b17befe\" data-element_type=\"widget\" data-widget_type=\"heading.default\">\n<div class=\"elementor-widget-container\">\n<p class=\"elementor-heading-title elementor-size-default\"><strong>Descri\u00e7\u00e3o<\/strong><\/p>\n<\/div>\n<\/div>\n<div class=\"elementor-element elementor-element-2dbd9d0 elementor-widget elementor-widget-text-editor\" data-id=\"2dbd9d0\" data-element_type=\"widget\" data-widget_type=\"text-editor.default\">\n<div class=\"elementor-widget-container\">\n<div class=\"elementor-text-editor elementor-clearfix\">\n<p>Esta gama de unidades de farol \/ sirene, destinadas ao uso em atmosferas de g\u00e1s potencialmente explosivas, tem uma sa\u00edda de som de at\u00e9 116 dB (A) e energia de tubo de at\u00e9 10 joules (farol).\u00a0\u00c9 adequado para uso em condi\u00e7\u00f5es ambientais adversas encontradas offshore e onshore nas ind\u00fastrias de petr\u00f3leo, g\u00e1s e petroqu\u00edmica.<\/p>\n<p>O caminho da chama, o alargamento e o corpo s\u00e3o fabricados em poli\u00e9ster refor\u00e7ado com vidro est\u00e1vel aos raios ultravioleta.\u00a0Parafusos de a\u00e7o inoxid\u00e1vel e estribo de montagem s\u00e3o incorporados para garantir um produto livre de corros\u00e3o.\u00a0Um caminho de chamas c\u00f4nico \u00e9 usado para superar os problemas de montagem de caminhos de chamas de torneiras paralelas.<\/p>\n<p><strong>Recursos<\/strong><\/p>\n<ul>\n<li>Zona 1, Zona 2 e uso n\u00e3o Ex.<\/li>\n<li>Ex de IIB T4.<\/li>\n<li>Aprovado pela ATEX, Ex II 2 G.<\/li>\n<li>IECEx aprovado, Gb.<\/li>\n<li>Certifica\u00e7\u00e3o CUTR.<\/li>\n<li>Certificado BASEEFA.<\/li>\n<li>Certificado brasileiro (Inmetro).<\/li>\n<li>IP66 e 67.<\/li>\n<li>Temperatura certificada: \u201350\u00baC a + 70\u00baC *.<\/li>\n<li>At\u00e9 116 dB (A) *.<\/li>\n<li>Vers\u00e3o com opera\u00e7\u00e3o independente de farol \/ sirene agora dispon\u00edvel.<\/li>\n<li>27 tons, selecion\u00e1veis \u200b\u200bpelo usu\u00e1rio (op\u00e7\u00e3o de tom duplo \u2013 tens\u00e3o CC).<\/li>\n<li>Os tons est\u00e3o em conformidade com as diretrizes UKOOA \/ PFEER.<\/li>\n<li>Controle de volume integral.<\/li>\n<li>Caminho da chama livre de corros\u00e3o GRP.<\/li>\n<li>Estribo de montagem girat\u00f3rio com catraca.<\/li>\n<li>Acess\u00f3rios de a\u00e7o inoxid\u00e1vel.<\/li>\n<li>Caminho de chamas c\u00f4nico.<br \/>\n* Depende do modelo.<\/li>\n<\/ul>\n<\/div>\n<\/div>\n<\/div>","protected":false},"excerpt":{"rendered":"<p>Descri\u00e7\u00e3o Esta gama de unidades de farol \/ sirene, destinadas ao uso em atmosferas de g\u00e1s potencialmente explosivas, tem uma sa\u00edda de som de at\u00e9 116 dB (A) e energia de tubo de at\u00e9 10 joules (farol).\u00a0\u00c9 adequado para uso em condi\u00e7\u00f5es ambientais adversas encontradas offshore e onshore nas ind\u00fastrias de petr\u00f3leo, g\u00e1s e petroqu\u00edmica. O caminho da chama, o alargamento e o corpo s\u00e3o fabricados em poli\u00e9ster refor\u00e7ado com vidro est\u00e1vel aos raios ultravioleta.\u00a0Parafusos de a\u00e7o inoxid\u00e1vel e estribo de montagem s\u00e3o incorporados para garantir um produto livre de corros\u00e3o.\u00a0Um caminho de chamas c\u00f4nico \u00e9 usado para superar os problemas de montagem de caminhos de chamas de torneiras paralelas. Recursos Zona 1, Zona 2 e uso n\u00e3o Ex. Ex de IIB T4. Aprovado pela ATEX, Ex II 2 G. IECEx aprovado, Gb. Certifica\u00e7\u00e3o CUTR. Certificado BASEEFA. Certificado brasileiro (Inmetro). IP66 e 67. Temperatura certificada: \u201350\u00baC a + 70\u00baC *. At\u00e9 116 dB (A) *. Vers\u00e3o com opera\u00e7\u00e3o independente de farol \/ sirene agora dispon\u00edvel. 27 tons, selecion\u00e1veis \u200b\u200bpelo usu\u00e1rio (op\u00e7\u00e3o de tom duplo \u2013 tens\u00e3o CC). Os tons est\u00e3o em conformidade com as diretrizes UKOOA \/ PFEER. Controle de volume integral. Caminho da chama livre de corros\u00e3o GRP. Estribo de montagem girat\u00f3rio com catraca. Acess\u00f3rios de a\u00e7o inoxid\u00e1vel. Caminho de chamas c\u00f4nico. * Depende do modelo.<\/p>","protected":false},"featured_media":3820,"comment_status":"open","ping_status":"closed","template":"","meta":{"_joinchat":[]},"product_brand":[],"product_cat":[137],"product_tag":[],"marca":[74],"class_list":{"0":"post-3819","1":"product","2":"type-product","3":"status-publish","4":"has-post-thumbnail","6":"product_cat-sirenes-buzinas","7":"marca-medc","9":"first","10":"instock","11":"shipping-taxable","12":"purchasable","13":"product-type-simple"},"yoast_head":"<!-- This site is optimized with the Yoast SEO plugin v27.2 - https:\/\/yoast.com\/product\/yoast-seo-wordpress\/ -->\n<title>MEDC CU1 Sounder Beacon Combination Unit - Full Solutions<\/title>\n<meta name=\"robots\" content=\"index, follow, max-snippet:-1, max-image-preview:large, max-video-preview:-1\" \/>\n<link rel=\"canonical\" href=\"https:\/\/fullsolutions.info\/en\/product\/medc-cu1-sounder-beacon-combination-unit\/\" \/>\n<meta property=\"og:locale\" content=\"en_US\" \/>\n<meta property=\"og:type\" content=\"article\" \/>\n<meta property=\"og:title\" content=\"MEDC CU1 Sounder Beacon Combination Unit - Full Solutions\" \/>\n<meta property=\"og:description\" content=\"Descri\u00e7\u00e3o Esta gama de unidades de farol \/ sirene, destinadas ao uso em atmosferas de g\u00e1s potencialmente explosivas, tem uma sa\u00edda de som de at\u00e9 116 dB (A) e energia de tubo de at\u00e9 10 joules (farol).\u00a0\u00c9 adequado para uso em condi\u00e7\u00f5es ambientais adversas encontradas offshore e onshore nas ind\u00fastrias de petr\u00f3leo, g\u00e1s e petroqu\u00edmica. O caminho da chama, o alargamento e o corpo s\u00e3o fabricados em poli\u00e9ster refor\u00e7ado com vidro est\u00e1vel aos raios ultravioleta.\u00a0Parafusos de a\u00e7o inoxid\u00e1vel e estribo de montagem s\u00e3o incorporados para garantir um produto livre de corros\u00e3o.\u00a0Um caminho de chamas c\u00f4nico \u00e9 usado para superar os problemas de montagem de caminhos de chamas de torneiras paralelas. Recursos Zona 1, Zona 2 e uso n\u00e3o Ex. Ex de IIB T4. Aprovado pela ATEX, Ex II 2 G. IECEx aprovado, Gb. Certifica\u00e7\u00e3o CUTR. Certificado BASEEFA. Certificado brasileiro (Inmetro). IP66 e 67. Temperatura certificada: \u201350\u00baC a + 70\u00baC *. At\u00e9 116 dB (A) *. Vers\u00e3o com opera\u00e7\u00e3o independente de farol \/ sirene agora dispon\u00edvel. 27 tons, selecion\u00e1veis \u200b\u200bpelo usu\u00e1rio (op\u00e7\u00e3o de tom duplo \u2013 tens\u00e3o CC). Os tons est\u00e3o em conformidade com as diretrizes UKOOA \/ PFEER. Controle de volume integral. Caminho da chama livre de corros\u00e3o GRP. Estribo de montagem girat\u00f3rio com catraca. Acess\u00f3rios de a\u00e7o inoxid\u00e1vel. Caminho de chamas c\u00f4nico. * Depende do modelo.\" \/>\n<meta property=\"og:url\" content=\"https:\/\/fullsolutions.info\/en\/product\/medc-cu1-sounder-beacon-combination-unit\/\" \/>\n<meta property=\"og:site_name\" content=\"Full Solutions\" \/>\n<meta property=\"article:modified_time\" content=\"2024-02-19T16:15:21+00:00\" \/>\n<meta property=\"og:image\" content=\"https:\/\/mlhff0prgoxu.i.optimole.com\/cb:s0sM.767\/w:auto\/h:auto\/q:mauto\/f:best\/https:\/\/fullsolutions.info\/wp-content\/uploads\/2023\/11\/34.png\" \/>\n\t<meta property=\"og:image:width\" content=\"560\" \/>\n\t<meta property=\"og:image:height\" content=\"315\" \/>\n\t<meta property=\"og:image:type\" content=\"image\/png\" \/>\n<meta name=\"twitter:card\" content=\"summary_large_image\" \/>\n<meta name=\"twitter:label1\" content=\"Est. reading time\" \/>\n\t<meta name=\"twitter:data1\" content=\"1 minute\" \/>\n<script type=\"application\/ld+json\" class=\"yoast-schema-graph\">{\"@context\":\"https:\/\/schema.org\",\"@graph\":[{\"@type\":\"WebPage\",\"@id\":\"https:\/\/fullsolutions.info\/produto\/medc-cu1-sounder-beacon-combination-unit\/\",\"url\":\"https:\/\/fullsolutions.info\/produto\/medc-cu1-sounder-beacon-combination-unit\/\",\"name\":\"MEDC CU1 Sounder Beacon Combination Unit - Full Solutions\",\"isPartOf\":{\"@id\":\"https:\/\/fullsolutions.info\/#website\"},\"primaryImageOfPage\":{\"@id\":\"https:\/\/fullsolutions.info\/produto\/medc-cu1-sounder-beacon-combination-unit\/#primaryimage\"},\"image\":{\"@id\":\"https:\/\/fullsolutions.info\/produto\/medc-cu1-sounder-beacon-combination-unit\/#primaryimage\"},\"thumbnailUrl\":\"https:\/\/mlhff0prgoxu.i.optimole.com\/cb:s0sM.767\/w:auto\/h:auto\/q:mauto\/f:best\/https:\/\/fullsolutions.info\/wp-content\/uploads\/2023\/11\/34.png\",\"datePublished\":\"2023-11-01T13:28:17+00:00\",\"dateModified\":\"2024-02-19T16:15:21+00:00\",\"breadcrumb\":{\"@id\":\"https:\/\/fullsolutions.info\/produto\/medc-cu1-sounder-beacon-combination-unit\/#breadcrumb\"},\"inLanguage\":\"en-US\",\"potentialAction\":[{\"@type\":\"ReadAction\",\"target\":[\"https:\/\/fullsolutions.info\/produto\/medc-cu1-sounder-beacon-combination-unit\/\"]}]},{\"@type\":\"ImageObject\",\"inLanguage\":\"en-US\",\"@id\":\"https:\/\/fullsolutions.info\/produto\/medc-cu1-sounder-beacon-combination-unit\/#primaryimage\",\"url\":\"https:\/\/mlhff0prgoxu.i.optimole.com\/cb:s0sM.767\/w:auto\/h:auto\/q:mauto\/f:best\/https:\/\/fullsolutions.info\/wp-content\/uploads\/2023\/11\/34.png\",\"contentUrl\":\"https:\/\/mlhff0prgoxu.i.optimole.com\/cb:s0sM.767\/w:auto\/h:auto\/q:mauto\/f:best\/https:\/\/fullsolutions.info\/wp-content\/uploads\/2023\/11\/34.png\",\"width\":560,\"height\":315},{\"@type\":\"BreadcrumbList\",\"@id\":\"https:\/\/fullsolutions.info\/produto\/medc-cu1-sounder-beacon-combination-unit\/#breadcrumb\",\"itemListElement\":[{\"@type\":\"ListItem\",\"position\":1,\"name\":\"In\u00edcio\",\"item\":\"https:\/\/fullsolutions.info\/\"},{\"@type\":\"ListItem\",\"position\":2,\"name\":\"Produtos\",\"item\":\"https:\/\/fullsolutions.info\/shop\/\"},{\"@type\":\"ListItem\",\"position\":3,\"name\":\"MEDC CU1 Sounder Beacon Combination Unit\"}]},{\"@type\":\"WebSite\",\"@id\":\"https:\/\/fullsolutions.info\/#website\",\"url\":\"https:\/\/fullsolutions.info\/\",\"name\":\"Full Solutions\",\"description\":\"Empresa na \u00c1rea de Procurement\",\"publisher\":{\"@id\":\"https:\/\/fullsolutions.info\/#organization\"},\"potentialAction\":[{\"@type\":\"SearchAction\",\"target\":{\"@type\":\"EntryPoint\",\"urlTemplate\":\"https:\/\/fullsolutions.info\/?s={search_term_string}\"},\"query-input\":{\"@type\":\"PropertyValueSpecification\",\"valueRequired\":true,\"valueName\":\"search_term_string\"}}],\"inLanguage\":\"en-US\"},{\"@type\":\"Organization\",\"@id\":\"https:\/\/fullsolutions.info\/#organization\",\"name\":\"Full Solutions\",\"url\":\"https:\/\/fullsolutions.info\/\",\"logo\":{\"@type\":\"ImageObject\",\"inLanguage\":\"en-US\",\"@id\":\"https:\/\/fullsolutions.info\/#\/schema\/logo\/image\/\",\"url\":\"https:\/\/mlhff0prgoxu.i.optimole.com\/cb:s0sM.767\/w:auto\/h:auto\/q:mauto\/f:best\/https:\/\/fullsolutions.info\/wp-content\/uploads\/2021\/07\/cropped-Design-sem-nome-300x193-1-e1627062664782.png\",\"contentUrl\":\"https:\/\/mlhff0prgoxu.i.optimole.com\/cb:s0sM.767\/w:auto\/h:auto\/q:mauto\/f:best\/https:\/\/fullsolutions.info\/wp-content\/uploads\/2021\/07\/cropped-Design-sem-nome-300x193-1-e1627062664782.png\",\"width\":202,\"height\":155,\"caption\":\"Full Solutions\"},\"image\":{\"@id\":\"https:\/\/fullsolutions.info\/#\/schema\/logo\/image\/\"},\"sameAs\":[\"https:\/\/www.linkedin.com\/company\/full-solutions-equipment\"]}]}<\/script>\n<!-- \/ Yoast SEO plugin. -->","yoast_head_json":{"title":"MEDC CU1 Sounder Beacon Combination Unit - Full Solutions","robots":{"index":"index","follow":"follow","max-snippet":"max-snippet:-1","max-image-preview":"max-image-preview:large","max-video-preview":"max-video-preview:-1"},"canonical":"https:\/\/fullsolutions.info\/en\/product\/medc-cu1-sounder-beacon-combination-unit\/","og_locale":"en_US","og_type":"article","og_title":"MEDC CU1 Sounder Beacon Combination Unit - Full Solutions","og_description":"Descri\u00e7\u00e3o Esta gama de unidades de farol \/ sirene, destinadas ao uso em atmosferas de g\u00e1s potencialmente explosivas, tem uma sa\u00edda de som de at\u00e9 116 dB (A) e energia de tubo de at\u00e9 10 joules (farol).\u00a0\u00c9 adequado para uso em condi\u00e7\u00f5es ambientais adversas encontradas offshore e onshore nas ind\u00fastrias de petr\u00f3leo, g\u00e1s e petroqu\u00edmica. O caminho da chama, o alargamento e o corpo s\u00e3o fabricados em poli\u00e9ster refor\u00e7ado com vidro est\u00e1vel aos raios ultravioleta.\u00a0Parafusos de a\u00e7o inoxid\u00e1vel e estribo de montagem s\u00e3o incorporados para garantir um produto livre de corros\u00e3o.\u00a0Um caminho de chamas c\u00f4nico \u00e9 usado para superar os problemas de montagem de caminhos de chamas de torneiras paralelas. Recursos Zona 1, Zona 2 e uso n\u00e3o Ex. Ex de IIB T4. Aprovado pela ATEX, Ex II 2 G. IECEx aprovado, Gb. Certifica\u00e7\u00e3o CUTR. Certificado BASEEFA. Certificado brasileiro (Inmetro). IP66 e 67. Temperatura certificada: \u201350\u00baC a + 70\u00baC *. At\u00e9 116 dB (A) *. Vers\u00e3o com opera\u00e7\u00e3o independente de farol \/ sirene agora dispon\u00edvel. 27 tons, selecion\u00e1veis \u200b\u200bpelo usu\u00e1rio (op\u00e7\u00e3o de tom duplo \u2013 tens\u00e3o CC). Os tons est\u00e3o em conformidade com as diretrizes UKOOA \/ PFEER. Controle de volume integral. Caminho da chama livre de corros\u00e3o GRP. Estribo de montagem girat\u00f3rio com catraca. Acess\u00f3rios de a\u00e7o inoxid\u00e1vel. Caminho de chamas c\u00f4nico. * Depende do modelo.","og_url":"https:\/\/fullsolutions.info\/en\/product\/medc-cu1-sounder-beacon-combination-unit\/","og_site_name":"Full Solutions","article_modified_time":"2024-02-19T16:15:21+00:00","og_image":[{"width":560,"height":315,"url":"https:\/\/mlhff0prgoxu.i.optimole.com\/cb:s0sM.767\/w:auto\/h:auto\/q:mauto\/f:best\/https:\/\/fullsolutions.info\/wp-content\/uploads\/2023\/11\/34.png","type":"image\/png"}],"twitter_card":"summary_large_image","twitter_misc":{"Est. reading time":"1 minute"},"schema":{"@context":"https:\/\/schema.org","@graph":[{"@type":"WebPage","@id":"https:\/\/fullsolutions.info\/produto\/medc-cu1-sounder-beacon-combination-unit\/","url":"https:\/\/fullsolutions.info\/produto\/medc-cu1-sounder-beacon-combination-unit\/","name":"MEDC CU1 Sounder Beacon Combination Unit - Full Solutions","isPartOf":{"@id":"https:\/\/fullsolutions.info\/#website"},"primaryImageOfPage":{"@id":"https:\/\/fullsolutions.info\/produto\/medc-cu1-sounder-beacon-combination-unit\/#primaryimage"},"image":{"@id":"https:\/\/fullsolutions.info\/produto\/medc-cu1-sounder-beacon-combination-unit\/#primaryimage"},"thumbnailUrl":"https:\/\/mlhff0prgoxu.i.optimole.com\/cb:s0sM.767\/w:auto\/h:auto\/q:mauto\/f:best\/https:\/\/fullsolutions.info\/wp-content\/uploads\/2023\/11\/34.png","datePublished":"2023-11-01T13:28:17+00:00","dateModified":"2024-02-19T16:15:21+00:00","breadcrumb":{"@id":"https:\/\/fullsolutions.info\/produto\/medc-cu1-sounder-beacon-combination-unit\/#breadcrumb"},"inLanguage":"en-US","potentialAction":[{"@type":"ReadAction","target":["https:\/\/fullsolutions.info\/produto\/medc-cu1-sounder-beacon-combination-unit\/"]}]},{"@type":"ImageObject","inLanguage":"en-US","@id":"https:\/\/fullsolutions.info\/produto\/medc-cu1-sounder-beacon-combination-unit\/#primaryimage","url":"https:\/\/mlhff0prgoxu.i.optimole.com\/cb:s0sM.767\/w:auto\/h:auto\/q:mauto\/f:best\/https:\/\/fullsolutions.info\/wp-content\/uploads\/2023\/11\/34.png","contentUrl":"https:\/\/mlhff0prgoxu.i.optimole.com\/cb:s0sM.767\/w:auto\/h:auto\/q:mauto\/f:best\/https:\/\/fullsolutions.info\/wp-content\/uploads\/2023\/11\/34.png","width":560,"height":315},{"@type":"BreadcrumbList","@id":"https:\/\/fullsolutions.info\/produto\/medc-cu1-sounder-beacon-combination-unit\/#breadcrumb","itemListElement":[{"@type":"ListItem","position":1,"name":"In\u00edcio","item":"https:\/\/fullsolutions.info\/"},{"@type":"ListItem","position":2,"name":"Produtos","item":"https:\/\/fullsolutions.info\/shop\/"},{"@type":"ListItem","position":3,"name":"MEDC CU1 Sounder Beacon Combination Unit"}]},{"@type":"WebSite","@id":"https:\/\/fullsolutions.info\/#website","url":"https:\/\/fullsolutions.info\/","name":"Full Solutions","description":"Empresa na \u00c1rea de Procurement","publisher":{"@id":"https:\/\/fullsolutions.info\/#organization"},"potentialAction":[{"@type":"SearchAction","target":{"@type":"EntryPoint","urlTemplate":"https:\/\/fullsolutions.info\/?s={search_term_string}"},"query-input":{"@type":"PropertyValueSpecification","valueRequired":true,"valueName":"search_term_string"}}],"inLanguage":"en-US"},{"@type":"Organization","@id":"https:\/\/fullsolutions.info\/#organization","name":"Full Solutions","url":"https:\/\/fullsolutions.info\/","logo":{"@type":"ImageObject","inLanguage":"en-US","@id":"https:\/\/fullsolutions.info\/#\/schema\/logo\/image\/","url":"https:\/\/mlhff0prgoxu.i.optimole.com\/cb:s0sM.767\/w:auto\/h:auto\/q:mauto\/f:best\/https:\/\/fullsolutions.info\/wp-content\/uploads\/2021\/07\/cropped-Design-sem-nome-300x193-1-e1627062664782.png","contentUrl":"https:\/\/mlhff0prgoxu.i.optimole.com\/cb:s0sM.767\/w:auto\/h:auto\/q:mauto\/f:best\/https:\/\/fullsolutions.info\/wp-content\/uploads\/2021\/07\/cropped-Design-sem-nome-300x193-1-e1627062664782.png","width":202,"height":155,"caption":"Full Solutions"},"image":{"@id":"https:\/\/fullsolutions.info\/#\/schema\/logo\/image\/"},"sameAs":["https:\/\/www.linkedin.com\/company\/full-solutions-equipment"]}]}},"_links":{"self":[{"href":"https:\/\/fullsolutions.info\/en\/wp-json\/wp\/v2\/product\/3819","targetHints":{"allow":["GET"]}}],"collection":[{"href":"https:\/\/fullsolutions.info\/en\/wp-json\/wp\/v2\/product"}],"about":[{"href":"https:\/\/fullsolutions.info\/en\/wp-json\/wp\/v2\/types\/product"}],"replies":[{"embeddable":true,"href":"https:\/\/fullsolutions.info\/en\/wp-json\/wp\/v2\/comments?post=3819"}],"wp:featuredmedia":[{"embeddable":true,"href":"https:\/\/fullsolutions.info\/en\/wp-json\/wp\/v2\/media\/3820"}],"wp:attachment":[{"href":"https:\/\/fullsolutions.info\/en\/wp-json\/wp\/v2\/media?parent=3819"}],"wp:term":[{"taxonomy":"product_brand","embeddable":true,"href":"https:\/\/fullsolutions.info\/en\/wp-json\/wp\/v2\/product_brand?post=3819"},{"taxonomy":"product_cat","embeddable":true,"href":"https:\/\/fullsolutions.info\/en\/wp-json\/wp\/v2\/product_cat?post=3819"},{"taxonomy":"product_tag","embeddable":true,"href":"https:\/\/fullsolutions.info\/en\/wp-json\/wp\/v2\/product_tag?post=3819"},{"taxonomy":"marca","embeddable":true,"href":"https:\/\/fullsolutions.info\/en\/wp-json\/wp\/v2\/marca?post=3819"}],"curies":[{"name":"wp","href":"https:\/\/api.w.org\/{rel}","templated":true}]}}