{"id":3775,"date":"2023-11-01T13:07:31","date_gmt":"2023-11-01T13:07:31","guid":{"rendered":"https:\/\/fullsolutionsequip.com\/?post_type=product&#038;p=3775"},"modified":"2024-02-19T16:15:57","modified_gmt":"2024-02-19T16:15:57","slug":"chalmit-nexxus-ii-led-ex-n-bulkhead-para-zona-2","status":"publish","type":"product","link":"https:\/\/fullsolutions.info\/en\/product\/chalmit-nexxus-ii-led-ex-n-bulkhead-para-zona-2\/","title":{"rendered":"Chalmit Nexxus II LED Ex n Bulkhead para Zona 2"},"content":{"rendered":"<div class=\"elementor-element elementor-element-b17befe elementor-widget elementor-widget-heading\" data-id=\"b17befe\" data-element_type=\"widget\" data-widget_type=\"heading.default\">\n<div class=\"elementor-widget-container\">\n<p class=\"elementor-heading-title elementor-size-default\"><strong>Descri\u00e7\u00e3o<\/strong><\/p>\n<\/div>\n<\/div>\n<div class=\"elementor-element elementor-element-2dbd9d0 elementor-widget elementor-widget-text-editor\" data-id=\"2dbd9d0\" data-element_type=\"widget\" data-widget_type=\"text-editor.default\">\n<div class=\"elementor-widget-container\">\n<div class=\"elementor-text-editor elementor-clearfix\">\n<p>A lumin\u00e1ria Nexxus II de anteparo LED de baixa pot\u00eancia \u00e9 adequada para uma ampla gama de aplica\u00e7\u00f5es e temperaturas ambientes.\u00a0Com consumo de energia reduzido em compara\u00e7\u00e3o com as fontes de luz tradicionais, esta lumin\u00e1ria vers\u00e1til \u00e9 adequada para montagem no teto, parede e anteparo.<\/p>\n<ul>\n<li>Pontos de fixa\u00e7\u00e3o fora do inv\u00f3lucro de respira\u00e7\u00e3o restrita.<\/li>\n<li>Alta resist\u00eancia \u00e0 corros\u00e3o.<\/li>\n<li>Atrav\u00e9s de fio ou loop como padr\u00e3o.<\/li>\n<li>Lente prism\u00e1tica.<\/li>\n<li>Adequado para aplica\u00e7\u00f5es de baixa temperatura.<\/li>\n<li>Consumo de energia muito baixo.<\/li>\n<li>Altamente eficiente em termos de energia.<\/li>\n<li>Adequado para ambientes com poeira combust\u00edvel da Zona 21.<\/li>\n<li>Desempenho equivalente a um 26W CFL.<\/li>\n<\/ul>\n<\/div>\n<\/div>\n<\/div>","protected":false},"excerpt":{"rendered":"<p>Descri\u00e7\u00e3o A lumin\u00e1ria Nexxus II de anteparo LED de baixa pot\u00eancia \u00e9 adequada para uma ampla gama de aplica\u00e7\u00f5es e temperaturas ambientes.\u00a0Com consumo de energia reduzido em compara\u00e7\u00e3o com as fontes de luz tradicionais, esta lumin\u00e1ria vers\u00e1til \u00e9 adequada para montagem no teto, parede e anteparo. Pontos de fixa\u00e7\u00e3o fora do inv\u00f3lucro de respira\u00e7\u00e3o restrita. Alta resist\u00eancia \u00e0 corros\u00e3o. Atrav\u00e9s de fio ou loop como padr\u00e3o. Lente prism\u00e1tica. Adequado para aplica\u00e7\u00f5es de baixa temperatura. Consumo de energia muito baixo. Altamente eficiente em termos de energia. Adequado para ambientes com poeira combust\u00edvel da Zona 21. Desempenho equivalente a um 26W CFL.<\/p>","protected":false},"featured_media":3776,"comment_status":"open","ping_status":"closed","template":"","meta":{"_joinchat":[]},"product_brand":[],"product_cat":[135],"product_tag":[],"marca":[83],"class_list":{"0":"post-3775","1":"product","2":"type-product","3":"status-publish","4":"has-post-thumbnail","6":"product_cat-iluminacao","7":"marca-chalmit","9":"first","10":"instock","11":"shipping-taxable","12":"purchasable","13":"product-type-simple"},"yoast_head":"<!-- This site is optimized with the Yoast SEO plugin v27.2 - https:\/\/yoast.com\/product\/yoast-seo-wordpress\/ -->\n<title>Chalmit Nexxus II LED Ex n Bulkhead para Zona 2 - Full Solutions<\/title>\n<meta name=\"robots\" content=\"index, follow, max-snippet:-1, max-image-preview:large, max-video-preview:-1\" \/>\n<link rel=\"canonical\" href=\"https:\/\/fullsolutions.info\/en\/product\/chalmit-nexxus-ii-led-ex-n-bulkhead-para-zona-2\/\" \/>\n<meta property=\"og:locale\" content=\"en_US\" \/>\n<meta property=\"og:type\" content=\"article\" \/>\n<meta property=\"og:title\" content=\"Chalmit Nexxus II LED Ex n Bulkhead para Zona 2 - Full Solutions\" \/>\n<meta property=\"og:description\" content=\"Descri\u00e7\u00e3o A lumin\u00e1ria Nexxus II de anteparo LED de baixa pot\u00eancia \u00e9 adequada para uma ampla gama de aplica\u00e7\u00f5es e temperaturas ambientes.\u00a0Com consumo de energia reduzido em compara\u00e7\u00e3o com as fontes de luz tradicionais, esta lumin\u00e1ria vers\u00e1til \u00e9 adequada para montagem no teto, parede e anteparo. Pontos de fixa\u00e7\u00e3o fora do inv\u00f3lucro de respira\u00e7\u00e3o restrita. Alta resist\u00eancia \u00e0 corros\u00e3o. Atrav\u00e9s de fio ou loop como padr\u00e3o. Lente prism\u00e1tica. Adequado para aplica\u00e7\u00f5es de baixa temperatura. Consumo de energia muito baixo. Altamente eficiente em termos de energia. Adequado para ambientes com poeira combust\u00edvel da Zona 21. Desempenho equivalente a um 26W CFL.\" \/>\n<meta property=\"og:url\" content=\"https:\/\/fullsolutions.info\/en\/product\/chalmit-nexxus-ii-led-ex-n-bulkhead-para-zona-2\/\" \/>\n<meta property=\"og:site_name\" content=\"Full Solutions\" \/>\n<meta property=\"article:modified_time\" content=\"2024-02-19T16:15:57+00:00\" \/>\n<meta property=\"og:image\" content=\"https:\/\/mlhff0prgoxu.i.optimole.com\/cb:s0sM.767\/w:auto\/h:auto\/q:mauto\/f:best\/https:\/\/fullsolutions.info\/wp-content\/uploads\/2023\/11\/15-2.png\" \/>\n\t<meta property=\"og:image:width\" content=\"560\" \/>\n\t<meta property=\"og:image:height\" content=\"315\" \/>\n\t<meta property=\"og:image:type\" content=\"image\/png\" \/>\n<meta name=\"twitter:card\" content=\"summary_large_image\" \/>\n<meta name=\"twitter:label1\" content=\"Est. reading time\" \/>\n\t<meta name=\"twitter:data1\" content=\"1 minute\" \/>\n<script type=\"application\/ld+json\" class=\"yoast-schema-graph\">{\"@context\":\"https:\/\/schema.org\",\"@graph\":[{\"@type\":\"WebPage\",\"@id\":\"https:\/\/fullsolutions.info\/produto\/chalmit-nexxus-ii-led-ex-n-bulkhead-para-zona-2\/\",\"url\":\"https:\/\/fullsolutions.info\/produto\/chalmit-nexxus-ii-led-ex-n-bulkhead-para-zona-2\/\",\"name\":\"Chalmit Nexxus II LED Ex n Bulkhead para Zona 2 - Full Solutions\",\"isPartOf\":{\"@id\":\"https:\/\/fullsolutions.info\/#website\"},\"primaryImageOfPage\":{\"@id\":\"https:\/\/fullsolutions.info\/produto\/chalmit-nexxus-ii-led-ex-n-bulkhead-para-zona-2\/#primaryimage\"},\"image\":{\"@id\":\"https:\/\/fullsolutions.info\/produto\/chalmit-nexxus-ii-led-ex-n-bulkhead-para-zona-2\/#primaryimage\"},\"thumbnailUrl\":\"https:\/\/mlhff0prgoxu.i.optimole.com\/cb:s0sM.767\/w:auto\/h:auto\/q:mauto\/f:best\/https:\/\/fullsolutions.info\/wp-content\/uploads\/2023\/11\/15-2.png\",\"datePublished\":\"2023-11-01T13:07:31+00:00\",\"dateModified\":\"2024-02-19T16:15:57+00:00\",\"breadcrumb\":{\"@id\":\"https:\/\/fullsolutions.info\/produto\/chalmit-nexxus-ii-led-ex-n-bulkhead-para-zona-2\/#breadcrumb\"},\"inLanguage\":\"en-US\",\"potentialAction\":[{\"@type\":\"ReadAction\",\"target\":[\"https:\/\/fullsolutions.info\/produto\/chalmit-nexxus-ii-led-ex-n-bulkhead-para-zona-2\/\"]}]},{\"@type\":\"ImageObject\",\"inLanguage\":\"en-US\",\"@id\":\"https:\/\/fullsolutions.info\/produto\/chalmit-nexxus-ii-led-ex-n-bulkhead-para-zona-2\/#primaryimage\",\"url\":\"https:\/\/mlhff0prgoxu.i.optimole.com\/cb:s0sM.767\/w:auto\/h:auto\/q:mauto\/f:best\/https:\/\/fullsolutions.info\/wp-content\/uploads\/2023\/11\/15-2.png\",\"contentUrl\":\"https:\/\/mlhff0prgoxu.i.optimole.com\/cb:s0sM.767\/w:auto\/h:auto\/q:mauto\/f:best\/https:\/\/fullsolutions.info\/wp-content\/uploads\/2023\/11\/15-2.png\",\"width\":560,\"height\":315},{\"@type\":\"BreadcrumbList\",\"@id\":\"https:\/\/fullsolutions.info\/produto\/chalmit-nexxus-ii-led-ex-n-bulkhead-para-zona-2\/#breadcrumb\",\"itemListElement\":[{\"@type\":\"ListItem\",\"position\":1,\"name\":\"In\u00edcio\",\"item\":\"https:\/\/fullsolutions.info\/\"},{\"@type\":\"ListItem\",\"position\":2,\"name\":\"Produtos\",\"item\":\"https:\/\/fullsolutions.info\/shop\/\"},{\"@type\":\"ListItem\",\"position\":3,\"name\":\"Chalmit Nexxus II LED Ex n Bulkhead para Zona 2\"}]},{\"@type\":\"WebSite\",\"@id\":\"https:\/\/fullsolutions.info\/#website\",\"url\":\"https:\/\/fullsolutions.info\/\",\"name\":\"Full Solutions\",\"description\":\"Empresa na \u00c1rea de Procurement\",\"publisher\":{\"@id\":\"https:\/\/fullsolutions.info\/#organization\"},\"potentialAction\":[{\"@type\":\"SearchAction\",\"target\":{\"@type\":\"EntryPoint\",\"urlTemplate\":\"https:\/\/fullsolutions.info\/?s={search_term_string}\"},\"query-input\":{\"@type\":\"PropertyValueSpecification\",\"valueRequired\":true,\"valueName\":\"search_term_string\"}}],\"inLanguage\":\"en-US\"},{\"@type\":\"Organization\",\"@id\":\"https:\/\/fullsolutions.info\/#organization\",\"name\":\"Full Solutions\",\"url\":\"https:\/\/fullsolutions.info\/\",\"logo\":{\"@type\":\"ImageObject\",\"inLanguage\":\"en-US\",\"@id\":\"https:\/\/fullsolutions.info\/#\/schema\/logo\/image\/\",\"url\":\"https:\/\/mlhff0prgoxu.i.optimole.com\/cb:s0sM.767\/w:auto\/h:auto\/q:mauto\/f:best\/https:\/\/fullsolutions.info\/wp-content\/uploads\/2021\/07\/cropped-Design-sem-nome-300x193-1-e1627062664782.png\",\"contentUrl\":\"https:\/\/mlhff0prgoxu.i.optimole.com\/cb:s0sM.767\/w:auto\/h:auto\/q:mauto\/f:best\/https:\/\/fullsolutions.info\/wp-content\/uploads\/2021\/07\/cropped-Design-sem-nome-300x193-1-e1627062664782.png\",\"width\":202,\"height\":155,\"caption\":\"Full Solutions\"},\"image\":{\"@id\":\"https:\/\/fullsolutions.info\/#\/schema\/logo\/image\/\"},\"sameAs\":[\"https:\/\/www.linkedin.com\/company\/full-solutions-equipment\"]}]}<\/script>\n<!-- \/ Yoast SEO plugin. -->","yoast_head_json":{"title":"Chalmit Nexxus II LED Ex n Bulkhead para Zona 2 - Full Solutions","robots":{"index":"index","follow":"follow","max-snippet":"max-snippet:-1","max-image-preview":"max-image-preview:large","max-video-preview":"max-video-preview:-1"},"canonical":"https:\/\/fullsolutions.info\/en\/product\/chalmit-nexxus-ii-led-ex-n-bulkhead-para-zona-2\/","og_locale":"en_US","og_type":"article","og_title":"Chalmit Nexxus II LED Ex n Bulkhead para Zona 2 - Full Solutions","og_description":"Descri\u00e7\u00e3o A lumin\u00e1ria Nexxus II de anteparo LED de baixa pot\u00eancia \u00e9 adequada para uma ampla gama de aplica\u00e7\u00f5es e temperaturas ambientes.\u00a0Com consumo de energia reduzido em compara\u00e7\u00e3o com as fontes de luz tradicionais, esta lumin\u00e1ria vers\u00e1til \u00e9 adequada para montagem no teto, parede e anteparo. Pontos de fixa\u00e7\u00e3o fora do inv\u00f3lucro de respira\u00e7\u00e3o restrita. Alta resist\u00eancia \u00e0 corros\u00e3o. Atrav\u00e9s de fio ou loop como padr\u00e3o. Lente prism\u00e1tica. Adequado para aplica\u00e7\u00f5es de baixa temperatura. Consumo de energia muito baixo. Altamente eficiente em termos de energia. Adequado para ambientes com poeira combust\u00edvel da Zona 21. Desempenho equivalente a um 26W CFL.","og_url":"https:\/\/fullsolutions.info\/en\/product\/chalmit-nexxus-ii-led-ex-n-bulkhead-para-zona-2\/","og_site_name":"Full Solutions","article_modified_time":"2024-02-19T16:15:57+00:00","og_image":[{"width":560,"height":315,"url":"https:\/\/mlhff0prgoxu.i.optimole.com\/cb:s0sM.767\/w:auto\/h:auto\/q:mauto\/f:best\/https:\/\/fullsolutions.info\/wp-content\/uploads\/2023\/11\/15-2.png","type":"image\/png"}],"twitter_card":"summary_large_image","twitter_misc":{"Est. reading time":"1 minute"},"schema":{"@context":"https:\/\/schema.org","@graph":[{"@type":"WebPage","@id":"https:\/\/fullsolutions.info\/produto\/chalmit-nexxus-ii-led-ex-n-bulkhead-para-zona-2\/","url":"https:\/\/fullsolutions.info\/produto\/chalmit-nexxus-ii-led-ex-n-bulkhead-para-zona-2\/","name":"Chalmit Nexxus II LED Ex n Bulkhead para Zona 2 - Full Solutions","isPartOf":{"@id":"https:\/\/fullsolutions.info\/#website"},"primaryImageOfPage":{"@id":"https:\/\/fullsolutions.info\/produto\/chalmit-nexxus-ii-led-ex-n-bulkhead-para-zona-2\/#primaryimage"},"image":{"@id":"https:\/\/fullsolutions.info\/produto\/chalmit-nexxus-ii-led-ex-n-bulkhead-para-zona-2\/#primaryimage"},"thumbnailUrl":"https:\/\/mlhff0prgoxu.i.optimole.com\/cb:s0sM.767\/w:auto\/h:auto\/q:mauto\/f:best\/https:\/\/fullsolutions.info\/wp-content\/uploads\/2023\/11\/15-2.png","datePublished":"2023-11-01T13:07:31+00:00","dateModified":"2024-02-19T16:15:57+00:00","breadcrumb":{"@id":"https:\/\/fullsolutions.info\/produto\/chalmit-nexxus-ii-led-ex-n-bulkhead-para-zona-2\/#breadcrumb"},"inLanguage":"en-US","potentialAction":[{"@type":"ReadAction","target":["https:\/\/fullsolutions.info\/produto\/chalmit-nexxus-ii-led-ex-n-bulkhead-para-zona-2\/"]}]},{"@type":"ImageObject","inLanguage":"en-US","@id":"https:\/\/fullsolutions.info\/produto\/chalmit-nexxus-ii-led-ex-n-bulkhead-para-zona-2\/#primaryimage","url":"https:\/\/mlhff0prgoxu.i.optimole.com\/cb:s0sM.767\/w:auto\/h:auto\/q:mauto\/f:best\/https:\/\/fullsolutions.info\/wp-content\/uploads\/2023\/11\/15-2.png","contentUrl":"https:\/\/mlhff0prgoxu.i.optimole.com\/cb:s0sM.767\/w:auto\/h:auto\/q:mauto\/f:best\/https:\/\/fullsolutions.info\/wp-content\/uploads\/2023\/11\/15-2.png","width":560,"height":315},{"@type":"BreadcrumbList","@id":"https:\/\/fullsolutions.info\/produto\/chalmit-nexxus-ii-led-ex-n-bulkhead-para-zona-2\/#breadcrumb","itemListElement":[{"@type":"ListItem","position":1,"name":"In\u00edcio","item":"https:\/\/fullsolutions.info\/"},{"@type":"ListItem","position":2,"name":"Produtos","item":"https:\/\/fullsolutions.info\/shop\/"},{"@type":"ListItem","position":3,"name":"Chalmit Nexxus II LED Ex n Bulkhead para Zona 2"}]},{"@type":"WebSite","@id":"https:\/\/fullsolutions.info\/#website","url":"https:\/\/fullsolutions.info\/","name":"Full Solutions","description":"Empresa na \u00c1rea de Procurement","publisher":{"@id":"https:\/\/fullsolutions.info\/#organization"},"potentialAction":[{"@type":"SearchAction","target":{"@type":"EntryPoint","urlTemplate":"https:\/\/fullsolutions.info\/?s={search_term_string}"},"query-input":{"@type":"PropertyValueSpecification","valueRequired":true,"valueName":"search_term_string"}}],"inLanguage":"en-US"},{"@type":"Organization","@id":"https:\/\/fullsolutions.info\/#organization","name":"Full Solutions","url":"https:\/\/fullsolutions.info\/","logo":{"@type":"ImageObject","inLanguage":"en-US","@id":"https:\/\/fullsolutions.info\/#\/schema\/logo\/image\/","url":"https:\/\/mlhff0prgoxu.i.optimole.com\/cb:s0sM.767\/w:auto\/h:auto\/q:mauto\/f:best\/https:\/\/fullsolutions.info\/wp-content\/uploads\/2021\/07\/cropped-Design-sem-nome-300x193-1-e1627062664782.png","contentUrl":"https:\/\/mlhff0prgoxu.i.optimole.com\/cb:s0sM.767\/w:auto\/h:auto\/q:mauto\/f:best\/https:\/\/fullsolutions.info\/wp-content\/uploads\/2021\/07\/cropped-Design-sem-nome-300x193-1-e1627062664782.png","width":202,"height":155,"caption":"Full Solutions"},"image":{"@id":"https:\/\/fullsolutions.info\/#\/schema\/logo\/image\/"},"sameAs":["https:\/\/www.linkedin.com\/company\/full-solutions-equipment"]}]}},"_links":{"self":[{"href":"https:\/\/fullsolutions.info\/en\/wp-json\/wp\/v2\/product\/3775","targetHints":{"allow":["GET"]}}],"collection":[{"href":"https:\/\/fullsolutions.info\/en\/wp-json\/wp\/v2\/product"}],"about":[{"href":"https:\/\/fullsolutions.info\/en\/wp-json\/wp\/v2\/types\/product"}],"replies":[{"embeddable":true,"href":"https:\/\/fullsolutions.info\/en\/wp-json\/wp\/v2\/comments?post=3775"}],"wp:featuredmedia":[{"embeddable":true,"href":"https:\/\/fullsolutions.info\/en\/wp-json\/wp\/v2\/media\/3776"}],"wp:attachment":[{"href":"https:\/\/fullsolutions.info\/en\/wp-json\/wp\/v2\/media?parent=3775"}],"wp:term":[{"taxonomy":"product_brand","embeddable":true,"href":"https:\/\/fullsolutions.info\/en\/wp-json\/wp\/v2\/product_brand?post=3775"},{"taxonomy":"product_cat","embeddable":true,"href":"https:\/\/fullsolutions.info\/en\/wp-json\/wp\/v2\/product_cat?post=3775"},{"taxonomy":"product_tag","embeddable":true,"href":"https:\/\/fullsolutions.info\/en\/wp-json\/wp\/v2\/product_tag?post=3775"},{"taxonomy":"marca","embeddable":true,"href":"https:\/\/fullsolutions.info\/en\/wp-json\/wp\/v2\/marca?post=3775"}],"curies":[{"name":"wp","href":"https:\/\/api.w.org\/{rel}","templated":true}]}}